{"id":16466,"date":"2025-02-01T18:48:29","date_gmt":"2025-02-01T16:48:29","guid":{"rendered":"https:\/\/skaitytaknyga.lt\/?post_type=product&#038;p=16466"},"modified":"2025-08-01T14:31:23","modified_gmt":"2025-08-01T11:31:23","slug":"vykdymas-ka-daryti-kad-uzduotys-butu-ivykdytos","status":"publish","type":"product","link":"https:\/\/skaitytaknyga.lt\/en\/produktas\/vykdymas-ka-daryti-kad-uzduotys-butu-ivykdytos\/","title":{"rendered":"Vykdymas: k\u0105 daryti, kad u\u017eduotys b\u016bt\u0173 \u012fvykdytos"},"content":{"rendered":"<p>Kas i\u0161tikr\u0173j\u0173 skiria verslo konkurentus? Spraga tarp to, k\u0105 kompanijos vadovai nori pasiekti ir j\u0173 organizacij\u0173 sugeb\u0117jimo t\u0105 padaryti. Konkurencin\u012f prana\u0161um\u0105 suteikia sugeb\u0117jimas susieti tris pagrindinius bet kurios kompanijos procesus \u2013 \u017emones, strategij\u0105 ir darbo plan\u0105, ir sugeb\u0117jimas u\u017etikrinti, kad darbai b\u016bt\u0173 atlikti laiku.<\/p>\n<ul class=\"about-product d-none d-xl-block mt-4\">\n<li><strong>Autorius:<\/strong>\u00a0Larry Bossidy,\u00a0Ram Charan<\/li>\n<li><strong>Leid\u0117jas:<\/strong>\u00a0Rgrup\u0117<\/li>\n<li><strong>Metai:<\/strong>\u00a02004<\/li>\n<li><strong>Puslapiai:<\/strong>\u00a0269<\/li>\n<li class=\"toggleable type-new-formats \"><strong>ISBN:<\/strong>\u00a09789955968238<\/li>\n<li class=\"toggleable type-new-formats \"><strong>Formatas:<\/strong>\u00a014,5 x 21 x 2 cm, kieti vir\u0161eliai<\/li>\n<li><strong>Vert\u0117jas:<\/strong>\u00a0Leonas Tamas<\/li>\n<\/ul>\n","protected":false},"excerpt":{"rendered":"<p>Kas i\u0161tikr\u0173j\u0173 skiria verslo konkurentus? Spraga tarp to, k\u0105 kompanijos vadovai nori pasiekti ir j\u0173 organizacij\u0173 sugeb\u0117jimo t\u0105 padaryti. Konkurencin\u012f prana\u0161um\u0105 suteikia sugeb\u0117jimas susieti tris pagrindinius bet kurios kompanijos procesus \u2013 \u017emones, strategij\u0105 ir darbo plan\u0105, ir sugeb\u0117jimas u\u017etikrinti, kad darbai b\u016bt\u0173 atlikti laiku. Autorius:\u00a0Larry Bossidy,\u00a0Ram Charan Leid\u0117jas:\u00a0Rgrup\u0117 Metai:\u00a02004 Puslapiai:\u00a0269 ISBN:\u00a09789955968238 Formatas:\u00a014,5 x 21 x 2 cm, kieti vir\u0161eliai Vert\u0117jas:\u00a0Leonas Tamas<\/p>\n","protected":false},"featured_media":16493,"comment_status":"open","ping_status":"closed","template":"","meta":{"_acf_changed":false,"site-sidebar-layout":"default","site-content-layout":"","ast-site-content-layout":"default","site-content-style":"default","site-sidebar-style":"default","ast-global-header-display":"","ast-banner-title-visibility":"","ast-main-header-display":"","ast-hfb-above-header-display":"","ast-hfb-below-header-display":"","ast-hfb-mobile-header-display":"","site-post-title":"","ast-breadcrumbs-content":"","ast-featured-img":"","footer-sml-layout":"","ast-disable-related-posts":"","theme-transparent-header-meta":"default","adv-header-id-meta":"","stick-header-meta":"","header-above-stick-meta":"","header-main-stick-meta":"","header-below-stick-meta":"","astra-migrate-meta-layouts":"set","ast-page-background-enabled":"default","ast-page-background-meta":{"desktop":{"background-color":"","background-image":"","background-repeat":"repeat","background-position":"center center","background-size":"auto","background-attachment":"scroll","background-type":"","background-media":"","overlay-type":"","overlay-color":"","overlay-opacity":"","overlay-gradient":""},"tablet":{"background-color":"","background-image":"","background-repeat":"repeat","background-position":"center center","background-size":"auto","background-attachment":"scroll","background-type":"","background-media":"","overlay-type":"","overlay-color":"","overlay-opacity":"","overlay-gradient":""},"mobile":{"background-color":"","background-image":"","background-repeat":"repeat","background-position":"center center","background-size":"auto","background-attachment":"scroll","background-type":"","background-media":"","overlay-type":"","overlay-color":"","overlay-opacity":"","overlay-gradient":""}},"ast-content-background-meta":{"desktop":{"background-color":"var(--ast-global-color-4)","background-image":"","background-repeat":"repeat","background-position":"center center","background-size":"auto","background-attachment":"scroll","background-type":"","background-media":"","overlay-type":"","overlay-color":"","overlay-opacity":"","overlay-gradient":""},"tablet":{"background-color":"var(--ast-global-color-4)","background-image":"","background-repeat":"repeat","background-position":"center center","background-size":"auto","background-attachment":"scroll","background-type":"","background-media":"","overlay-type":"","overlay-color":"","overlay-opacity":"","overlay-gradient":""},"mobile":{"background-color":"var(--ast-global-color-4)","background-image":"","background-repeat":"repeat","background-position":"center center","background-size":"auto","background-attachment":"scroll","background-type":"","background-media":"","overlay-type":"","overlay-color":"","overlay-opacity":"","overlay-gradient":""}}},"product_brand":[],"product_cat":[15,26],"product_tag":[4316,1408,4318,4317,1541,2310,2356],"class_list":{"0":"post-16466","1":"product","2":"type-product","3":"status-publish","4":"has-post-thumbnail","6":"product_cat-uncategorized","7":"product_cat-verslas-vadyba-ir-finansai","8":"product_tag-larry-bossidy","9":"product_tag-lyderyste","10":"product_tag-organizacija","11":"product_tag-ram-charan","12":"product_tag-strategija","13":"product_tag-vadyba","14":"product_tag-verslas","15":"desktop-align-left","16":"tablet-align-left","17":"mobile-align-left","19":"first","20":"instock","21":"shipping-taxable","22":"purchasable","23":"product-type-simple"},"acf":[],"yoast_head":"<!-- This site is optimized with the Yoast SEO plugin v27.0 - https:\/\/yoast.com\/product\/yoast-seo-wordpress\/ -->\n<title>Vykdymas: k\u0105 daryti, kad u\u017eduotys b\u016bt\u0173 \u012fvykdytos<\/title>\n<meta name=\"description\" content=\"Kas i\u0161tikr\u0173j\u0173 skiria verslo konkurentus? Spraga tarp to, k\u0105 kompanijos vadovai nori pasiekti ir j\u0173 organizacij\u0173 sugeb\u0117jimo t\u0105 padaryti. Konkurencin\u012f\" \/>\n<meta name=\"robots\" content=\"index, follow, max-snippet:-1, max-image-preview:large, max-video-preview:-1\" \/>\n<link rel=\"canonical\" href=\"https:\/\/skaitytaknyga.lt\/en\/produktas\/vykdymas-ka-daryti-kad-uzduotys-butu-ivykdytos\/\" \/>\n<meta property=\"og:locale\" content=\"en_GB\" \/>\n<meta property=\"og:locale:alternate\" content=\"lt_LT\" \/>\n<meta property=\"og:type\" content=\"article\" \/>\n<meta property=\"og:title\" content=\"Vykdymas: k\u0105 daryti, kad u\u017eduotys b\u016bt\u0173 \u012fvykdytos\" \/>\n<meta property=\"og:description\" content=\"Kas i\u0161tikr\u0173j\u0173 skiria verslo konkurentus? Spraga tarp to, k\u0105 kompanijos vadovai nori pasiekti ir j\u0173 organizacij\u0173 sugeb\u0117jimo t\u0105 padaryti. Konkurencin\u012f\" \/>\n<meta property=\"og:url\" content=\"https:\/\/skaitytaknyga.lt\/en\/produktas\/vykdymas-ka-daryti-kad-uzduotys-butu-ivykdytos\/\" \/>\n<meta property=\"og:site_name\" content=\"Skaitytaknyga\" \/>\n<meta property=\"article:publisher\" content=\"https:\/\/www.facebook.com\/skaitytaknyga\/\" \/>\n<meta property=\"article:modified_time\" content=\"2025-08-01T11:31:23+00:00\" \/>\n<meta property=\"og:image\" content=\"https:\/\/skaitytaknyga.lt\/wp-content\/uploads\/2025\/02\/Vykdymas-ka-daryti-kad-uzduotys-butu-ivykdytos.webp\" \/>\n\t<meta property=\"og:image:width\" content=\"571\" \/>\n\t<meta property=\"og:image:height\" content=\"800\" \/>\n\t<meta property=\"og:image:type\" content=\"image\/webp\" \/>\n<meta name=\"twitter:card\" content=\"summary_large_image\" \/>\n<meta name=\"twitter:label1\" content=\"Estimated reading time\" \/>\n\t<meta name=\"twitter:data1\" content=\"1 minute\" \/>\n<script type=\"application\/ld+json\" class=\"yoast-schema-graph\">{\"@context\":\"https:\/\/schema.org\",\"@graph\":[{\"@type\":\"WebPage\",\"@id\":\"https:\/\/skaitytaknyga.lt\/produktas\/vykdymas-ka-daryti-kad-uzduotys-butu-ivykdytos\/\",\"url\":\"https:\/\/skaitytaknyga.lt\/produktas\/vykdymas-ka-daryti-kad-uzduotys-butu-ivykdytos\/\",\"name\":\"Vykdymas: k\u0105 daryti, kad u\u017eduotys b\u016bt\u0173 \u012fvykdytos\",\"isPartOf\":{\"@id\":\"https:\/\/skaitytaknyga.lt\/#website\"},\"primaryImageOfPage\":{\"@id\":\"https:\/\/skaitytaknyga.lt\/produktas\/vykdymas-ka-daryti-kad-uzduotys-butu-ivykdytos\/#primaryimage\"},\"image\":{\"@id\":\"https:\/\/skaitytaknyga.lt\/produktas\/vykdymas-ka-daryti-kad-uzduotys-butu-ivykdytos\/#primaryimage\"},\"thumbnailUrl\":\"https:\/\/skaitytaknyga.lt\/wp-content\/uploads\/2025\/02\/Vykdymas-ka-daryti-kad-uzduotys-butu-ivykdytos.webp\",\"datePublished\":\"2025-02-01T16:48:29+00:00\",\"dateModified\":\"2025-08-01T11:31:23+00:00\",\"description\":\"Kas i\u0161tikr\u0173j\u0173 skiria verslo konkurentus? Spraga tarp to, k\u0105 kompanijos vadovai nori pasiekti ir j\u0173 organizacij\u0173 sugeb\u0117jimo t\u0105 padaryti. Konkurencin\u012f\",\"breadcrumb\":{\"@id\":\"https:\/\/skaitytaknyga.lt\/produktas\/vykdymas-ka-daryti-kad-uzduotys-butu-ivykdytos\/#breadcrumb\"},\"inLanguage\":\"en-GB\",\"potentialAction\":[{\"@type\":\"ReadAction\",\"target\":[\"https:\/\/skaitytaknyga.lt\/produktas\/vykdymas-ka-daryti-kad-uzduotys-butu-ivykdytos\/\"]}]},{\"@type\":\"ImageObject\",\"inLanguage\":\"en-GB\",\"@id\":\"https:\/\/skaitytaknyga.lt\/produktas\/vykdymas-ka-daryti-kad-uzduotys-butu-ivykdytos\/#primaryimage\",\"url\":\"https:\/\/skaitytaknyga.lt\/wp-content\/uploads\/2025\/02\/Vykdymas-ka-daryti-kad-uzduotys-butu-ivykdytos.webp\",\"contentUrl\":\"https:\/\/skaitytaknyga.lt\/wp-content\/uploads\/2025\/02\/Vykdymas-ka-daryti-kad-uzduotys-butu-ivykdytos.webp\",\"width\":571,\"height\":800,\"caption\":\"Vykdymas: k\u0105 daryti, kad u\u017eduotys b\u016bt\u0173 \u012fvykdytos\"},{\"@type\":\"BreadcrumbList\",\"@id\":\"https:\/\/skaitytaknyga.lt\/produktas\/vykdymas-ka-daryti-kad-uzduotys-butu-ivykdytos\/#breadcrumb\",\"itemListElement\":[{\"@type\":\"ListItem\",\"position\":1,\"name\":\"Home\",\"item\":\"https:\/\/skaitytaknyga.lt\/\"},{\"@type\":\"ListItem\",\"position\":2,\"name\":\"Parduotuv\u0117\",\"item\":\"https:\/\/skaitytaknyga.lt\/knygu-parduotuve\/\"},{\"@type\":\"ListItem\",\"position\":3,\"name\":\"Vykdymas: k\u0105 daryti, kad u\u017eduotys b\u016bt\u0173 \u012fvykdytos\"}]},{\"@type\":\"WebSite\",\"@id\":\"https:\/\/skaitytaknyga.lt\/#website\",\"url\":\"https:\/\/skaitytaknyga.lt\/\",\"name\":\"skaitytaknyga.lt\",\"description\":\"Skaitytaknyga.lt \u2013 tai ma\u017eas \u0161eimos verslas, kuris prasid\u0117jo nuo meil\u0117s knygoms ir siekio i\u0161gelb\u0117ti knygas nuo likimo prie konteinerio. Kas vienam nereikalingas daiktas \u2013 kitam lobis, o mes esame tarpininkai, kurie padeda abiems tapti laimingesniems ???? \u017dinome kaip nelengva i\u0161gyventi ma\u017eiems verslams, tad nuo \u0161iol, \u010dia rasite ir kit\u0173, ma\u017e\u0173 \u0161eim\u0173 versl\u0173, rank\u0173 darbo, dovan\u0173 sau ir artimiesiems.\",\"publisher\":{\"@id\":\"https:\/\/skaitytaknyga.lt\/#organization\"},\"potentialAction\":[{\"@type\":\"SearchAction\",\"target\":{\"@type\":\"EntryPoint\",\"urlTemplate\":\"https:\/\/skaitytaknyga.lt\/?s={search_term_string}\"},\"query-input\":{\"@type\":\"PropertyValueSpecification\",\"valueRequired\":true,\"valueName\":\"search_term_string\"}}],\"inLanguage\":\"en-GB\"},{\"@type\":\"Organization\",\"@id\":\"https:\/\/skaitytaknyga.lt\/#organization\",\"name\":\"skaitytaknyga.lt\",\"url\":\"https:\/\/skaitytaknyga.lt\/\",\"logo\":{\"@type\":\"ImageObject\",\"inLanguage\":\"en-GB\",\"@id\":\"https:\/\/skaitytaknyga.lt\/#\/schema\/logo\/image\/\",\"url\":\"https:\/\/skaitytaknyga.lt\/wp-content\/uploads\/2024\/05\/cropped-cropped-cropped-02_00843_jt3bggkj1j3HLc7SyY6rEUpg.jpeg\",\"contentUrl\":\"https:\/\/skaitytaknyga.lt\/wp-content\/uploads\/2024\/05\/cropped-cropped-cropped-02_00843_jt3bggkj1j3HLc7SyY6rEUpg.jpeg\",\"width\":1600,\"height\":1600,\"caption\":\"skaitytaknyga.lt\"},\"image\":{\"@id\":\"https:\/\/skaitytaknyga.lt\/#\/schema\/logo\/image\/\"},\"sameAs\":[\"https:\/\/www.facebook.com\/skaitytaknyga\/\"]}]}<\/script>\n<!-- \/ Yoast SEO plugin. -->","yoast_head_json":{"title":"Vykdymas: k\u0105 daryti, kad u\u017eduotys b\u016bt\u0173 \u012fvykdytos","description":"Kas i\u0161tikr\u0173j\u0173 skiria verslo konkurentus? Spraga tarp to, k\u0105 kompanijos vadovai nori pasiekti ir j\u0173 organizacij\u0173 sugeb\u0117jimo t\u0105 padaryti. Konkurencin\u012f","robots":{"index":"index","follow":"follow","max-snippet":"max-snippet:-1","max-image-preview":"max-image-preview:large","max-video-preview":"max-video-preview:-1"},"canonical":"https:\/\/skaitytaknyga.lt\/en\/produktas\/vykdymas-ka-daryti-kad-uzduotys-butu-ivykdytos\/","og_locale":"en_GB","og_type":"article","og_title":"[:lt]Vykdymas: k\u0105 daryti, kad u\u017eduotys b\u016bt\u0173 \u012fvykdytos[:] - Skaitytaknyga","og_description":"Kas i\u0161tikr\u0173j\u0173 skiria verslo konkurentus? Spraga tarp to, k\u0105 kompanijos vadovai nori pasiekti ir j\u0173 organizacij\u0173 sugeb\u0117jimo t\u0105 padaryti. Konkurencin\u012f","og_url":"https:\/\/skaitytaknyga.lt\/en\/produktas\/vykdymas-ka-daryti-kad-uzduotys-butu-ivykdytos\/","og_site_name":"Skaitytaknyga","article_publisher":"https:\/\/www.facebook.com\/skaitytaknyga\/","article_modified_time":"2025-08-01T11:31:23+00:00","og_image":[{"width":571,"height":800,"url":"https:\/\/skaitytaknyga.lt\/wp-content\/uploads\/2025\/02\/Vykdymas-ka-daryti-kad-uzduotys-butu-ivykdytos.webp","type":"image\/webp"}],"twitter_card":"summary_large_image","twitter_misc":{"Estimated reading time":"1 minute"},"schema":{"@context":"https:\/\/schema.org","@graph":[{"@type":"WebPage","@id":"https:\/\/skaitytaknyga.lt\/produktas\/vykdymas-ka-daryti-kad-uzduotys-butu-ivykdytos\/","url":"https:\/\/skaitytaknyga.lt\/produktas\/vykdymas-ka-daryti-kad-uzduotys-butu-ivykdytos\/","name":"Vykdymas: k\u0105 daryti, kad u\u017eduotys b\u016bt\u0173 \u012fvykdytos","isPartOf":{"@id":"https:\/\/skaitytaknyga.lt\/#website"},"primaryImageOfPage":{"@id":"https:\/\/skaitytaknyga.lt\/produktas\/vykdymas-ka-daryti-kad-uzduotys-butu-ivykdytos\/#primaryimage"},"image":{"@id":"https:\/\/skaitytaknyga.lt\/produktas\/vykdymas-ka-daryti-kad-uzduotys-butu-ivykdytos\/#primaryimage"},"thumbnailUrl":"https:\/\/skaitytaknyga.lt\/wp-content\/uploads\/2025\/02\/Vykdymas-ka-daryti-kad-uzduotys-butu-ivykdytos.webp","datePublished":"2025-02-01T16:48:29+00:00","dateModified":"2025-08-01T11:31:23+00:00","description":"Kas i\u0161tikr\u0173j\u0173 skiria verslo konkurentus? Spraga tarp to, k\u0105 kompanijos vadovai nori pasiekti ir j\u0173 organizacij\u0173 sugeb\u0117jimo t\u0105 padaryti. Konkurencin\u012f","breadcrumb":{"@id":"https:\/\/skaitytaknyga.lt\/produktas\/vykdymas-ka-daryti-kad-uzduotys-butu-ivykdytos\/#breadcrumb"},"inLanguage":"en-GB","potentialAction":[{"@type":"ReadAction","target":["https:\/\/skaitytaknyga.lt\/produktas\/vykdymas-ka-daryti-kad-uzduotys-butu-ivykdytos\/"]}]},{"@type":"ImageObject","inLanguage":"en-GB","@id":"https:\/\/skaitytaknyga.lt\/produktas\/vykdymas-ka-daryti-kad-uzduotys-butu-ivykdytos\/#primaryimage","url":"https:\/\/skaitytaknyga.lt\/wp-content\/uploads\/2025\/02\/Vykdymas-ka-daryti-kad-uzduotys-butu-ivykdytos.webp","contentUrl":"https:\/\/skaitytaknyga.lt\/wp-content\/uploads\/2025\/02\/Vykdymas-ka-daryti-kad-uzduotys-butu-ivykdytos.webp","width":571,"height":800,"caption":"Vykdymas: k\u0105 daryti, kad u\u017eduotys b\u016bt\u0173 \u012fvykdytos"},{"@type":"BreadcrumbList","@id":"https:\/\/skaitytaknyga.lt\/produktas\/vykdymas-ka-daryti-kad-uzduotys-butu-ivykdytos\/#breadcrumb","itemListElement":[{"@type":"ListItem","position":1,"name":"Home","item":"https:\/\/skaitytaknyga.lt\/"},{"@type":"ListItem","position":2,"name":"Parduotuv\u0117","item":"https:\/\/skaitytaknyga.lt\/knygu-parduotuve\/"},{"@type":"ListItem","position":3,"name":"Vykdymas: k\u0105 daryti, kad u\u017eduotys b\u016bt\u0173 \u012fvykdytos"}]},{"@type":"WebSite","@id":"https:\/\/skaitytaknyga.lt\/#website","url":"https:\/\/skaitytaknyga.lt\/","name":"skaitytaknyga.lt","description":"Skaitytaknyga.lt \u2013 tai ma\u017eas \u0161eimos verslas, kuris prasid\u0117jo nuo meil\u0117s knygoms ir siekio i\u0161gelb\u0117ti knygas nuo likimo prie konteinerio. Kas vienam nereikalingas daiktas \u2013 kitam lobis, o mes esame tarpininkai, kurie padeda abiems tapti laimingesniems ???? \u017dinome kaip nelengva i\u0161gyventi ma\u017eiems verslams, tad nuo \u0161iol, \u010dia rasite ir kit\u0173, ma\u017e\u0173 \u0161eim\u0173 versl\u0173, rank\u0173 darbo, dovan\u0173 sau ir artimiesiems.","publisher":{"@id":"https:\/\/skaitytaknyga.lt\/#organization"},"potentialAction":[{"@type":"SearchAction","target":{"@type":"EntryPoint","urlTemplate":"https:\/\/skaitytaknyga.lt\/?s={search_term_string}"},"query-input":{"@type":"PropertyValueSpecification","valueRequired":true,"valueName":"search_term_string"}}],"inLanguage":"en-GB"},{"@type":"Organization","@id":"https:\/\/skaitytaknyga.lt\/#organization","name":"skaitytaknyga.lt","url":"https:\/\/skaitytaknyga.lt\/","logo":{"@type":"ImageObject","inLanguage":"en-GB","@id":"https:\/\/skaitytaknyga.lt\/#\/schema\/logo\/image\/","url":"https:\/\/skaitytaknyga.lt\/wp-content\/uploads\/2024\/05\/cropped-cropped-cropped-02_00843_jt3bggkj1j3HLc7SyY6rEUpg.jpeg","contentUrl":"https:\/\/skaitytaknyga.lt\/wp-content\/uploads\/2024\/05\/cropped-cropped-cropped-02_00843_jt3bggkj1j3HLc7SyY6rEUpg.jpeg","width":1600,"height":1600,"caption":"skaitytaknyga.lt"},"image":{"@id":"https:\/\/skaitytaknyga.lt\/#\/schema\/logo\/image\/"},"sameAs":["https:\/\/www.facebook.com\/skaitytaknyga\/"]}]}},"_links":{"self":[{"href":"https:\/\/skaitytaknyga.lt\/en\/wp-json\/wp\/v2\/product\/16466","targetHints":{"allow":["GET"]}}],"collection":[{"href":"https:\/\/skaitytaknyga.lt\/en\/wp-json\/wp\/v2\/product"}],"about":[{"href":"https:\/\/skaitytaknyga.lt\/en\/wp-json\/wp\/v2\/types\/product"}],"replies":[{"embeddable":true,"href":"https:\/\/skaitytaknyga.lt\/en\/wp-json\/wp\/v2\/comments?post=16466"}],"wp:featuredmedia":[{"embeddable":true,"href":"https:\/\/skaitytaknyga.lt\/en\/wp-json\/wp\/v2\/media\/16493"}],"wp:attachment":[{"href":"https:\/\/skaitytaknyga.lt\/en\/wp-json\/wp\/v2\/media?parent=16466"}],"wp:term":[{"taxonomy":"product_brand","embeddable":true,"href":"https:\/\/skaitytaknyga.lt\/en\/wp-json\/wp\/v2\/product_brand?post=16466"},{"taxonomy":"product_cat","embeddable":true,"href":"https:\/\/skaitytaknyga.lt\/en\/wp-json\/wp\/v2\/product_cat?post=16466"},{"taxonomy":"product_tag","embeddable":true,"href":"https:\/\/skaitytaknyga.lt\/en\/wp-json\/wp\/v2\/product_tag?post=16466"}],"curies":[{"name":"wp","href":"https:\/\/api.w.org\/{rel}","templated":true}]}}