{"id":16464,"date":"2025-02-01T18:48:29","date_gmt":"2025-02-01T16:48:29","guid":{"rendered":"https:\/\/skaitytaknyga.lt\/?post_type=product&#038;p=16464"},"modified":"2025-02-02T12:07:40","modified_gmt":"2025-02-02T10:07:40","slug":"desimt-vidines-ramybes-ir-sekmes-paslapciu","status":"publish","type":"product","link":"https:\/\/skaitytaknyga.lt\/en\/produktas\/desimt-vidines-ramybes-ir-sekmes-paslapciu\/","title":{"rendered":"De\u0161imt vidin\u0117s ramyb\u0117s ir s\u0117km\u0117s paslap\u010di\u0173"},"content":{"rendered":"<p>Kiekvienam nusprendusiam s\u0105moningai eiti gyvenimo taku, ie\u0161kan\u010diam vidin\u0117s ramyb\u0117s, pad\u0117s Dyer&#8217;io\u00a0<strong>\u201eDe\u0161imt vidin\u0117s ramyb\u0117s ir s\u0117km\u0117s paslap\u010di\u0173&#8221;<\/strong>.<\/p>\n<p>Autorius pataria kaip savyje sukurti g\u0117rio, laim\u0117s bei ramyb\u0117s pasaul\u012f ir kaip \u0161iais dvasios turtais dalytis su kitais.<\/p>\n<ul class=\"about-product d-none d-xl-block mt-4\">\n<li><strong>Originalus pavadinimas:<\/strong>\u00a010 Secrets For Success and Inner Peace<\/li>\n<li><strong>Autorius:<\/strong>\u00a0Wayne W. Dyer<\/li>\n<li><strong>Leid\u0117jas:<\/strong>\u00a0Gardenija<\/li>\n<li><strong>Metai:<\/strong>\u00a02002<\/li>\n<li><strong>Puslapiai:<\/strong>\u00a0143<\/li>\n<li class=\"toggleable type-new-formats \"><strong>ISBN:<\/strong>\u00a09789986855767<\/li>\n<li class=\"toggleable type-new-formats \"><strong>Formatas:<\/strong>\u00a013 x 19 x 1 cm, mink\u0161ti vir\u0161eliai<\/li>\n<li><strong>Kalba:<\/strong>\u00a0Lietuvi\u0173<\/li>\n<li><strong>Vert\u0117jas:<\/strong>\u00a0Gitana Megvinien\u0117<\/li>\n<\/ul>\n","protected":false},"excerpt":{"rendered":"<p>Kiekvienam nusprendusiam s\u0105moningai eiti gyvenimo taku, ie\u0161kan\u010diam vidin\u0117s ramyb\u0117s, pad\u0117s Dyer&#8217;io\u00a0\u201eDe\u0161imt vidin\u0117s ramyb\u0117s ir s\u0117km\u0117s paslap\u010di\u0173&#8221;. Autorius pataria kaip savyje sukurti g\u0117rio, laim\u0117s bei ramyb\u0117s pasaul\u012f ir kaip \u0161iais dvasios turtais dalytis su kitais. Originalus pavadinimas:\u00a010 Secrets For Success and Inner Peace Autorius:\u00a0Wayne W. Dyer Leid\u0117jas:\u00a0Gardenija Metai:\u00a02002 Puslapiai:\u00a0143 ISBN:\u00a09789986855767 Formatas:\u00a013 x 19 x 1 cm, mink\u0161ti vir\u0161eliai Kalba:\u00a0Lietuvi\u0173 Vert\u0117jas:\u00a0Gitana Megvinien\u0117<\/p>\n","protected":false},"featured_media":16528,"comment_status":"open","ping_status":"closed","template":"","meta":{"_acf_changed":false,"site-sidebar-layout":"default","site-content-layout":"","ast-site-content-layout":"default","site-content-style":"default","site-sidebar-style":"default","ast-global-header-display":"","ast-banner-title-visibility":"","ast-main-header-display":"","ast-hfb-above-header-display":"","ast-hfb-below-header-display":"","ast-hfb-mobile-header-display":"","site-post-title":"","ast-breadcrumbs-content":"","ast-featured-img":"","footer-sml-layout":"","ast-disable-related-posts":"","theme-transparent-header-meta":"default","adv-header-id-meta":"","stick-header-meta":"","header-above-stick-meta":"","header-main-stick-meta":"","header-below-stick-meta":"","astra-migrate-meta-layouts":"set","ast-page-background-enabled":"default","ast-page-background-meta":{"desktop":{"background-color":"","background-image":"","background-repeat":"repeat","background-position":"center center","background-size":"auto","background-attachment":"scroll","background-type":"","background-media":"","overlay-type":"","overlay-color":"","overlay-opacity":"","overlay-gradient":""},"tablet":{"background-color":"","background-image":"","background-repeat":"repeat","background-position":"center center","background-size":"auto","background-attachment":"scroll","background-type":"","background-media":"","overlay-type":"","overlay-color":"","overlay-opacity":"","overlay-gradient":""},"mobile":{"background-color":"","background-image":"","background-repeat":"repeat","background-position":"center center","background-size":"auto","background-attachment":"scroll","background-type":"","background-media":"","overlay-type":"","overlay-color":"","overlay-opacity":"","overlay-gradient":""}},"ast-content-background-meta":{"desktop":{"background-color":"var(--ast-global-color-4)","background-image":"","background-repeat":"repeat","background-position":"center center","background-size":"auto","background-attachment":"scroll","background-type":"","background-media":"","overlay-type":"","overlay-color":"","overlay-opacity":"","overlay-gradient":""},"tablet":{"background-color":"var(--ast-global-color-4)","background-image":"","background-repeat":"repeat","background-position":"center center","background-size":"auto","background-attachment":"scroll","background-type":"","background-media":"","overlay-type":"","overlay-color":"","overlay-opacity":"","overlay-gradient":""},"mobile":{"background-color":"var(--ast-global-color-4)","background-image":"","background-repeat":"repeat","background-position":"center center","background-size":"auto","background-attachment":"scroll","background-type":"","background-media":"","overlay-type":"","overlay-color":"","overlay-opacity":"","overlay-gradient":""}}},"product_brand":[],"product_cat":[15,165],"product_tag":[],"class_list":{"0":"post-16464","1":"product","2":"type-product","3":"status-publish","4":"has-post-thumbnail","6":"product_cat-uncategorized","7":"product_cat-religija-filosofija-ir-ezoterika","8":"desktop-align-left","9":"tablet-align-left","10":"mobile-align-left","12":"first","13":"instock","14":"shipping-taxable","15":"purchasable","16":"product-type-simple"},"acf":[],"yoast_head":"<!-- This site is optimized with the Yoast SEO plugin v27.0 - https:\/\/yoast.com\/product\/yoast-seo-wordpress\/ -->\n<title>De\u0161imt vidin\u0117s ramyb\u0117s ir s\u0117km\u0117s paslap\u010di\u0173<\/title>\n<meta name=\"description\" content=\"Kiekvienam nusprendusiam s\u0105moningai eiti gyvenimo taku, ie\u0161kan\u010diam vidin\u0117s ramyb\u0117s, pad\u0117s Dyer&#039;io\u00a0\u201eDe\u0161imt vidin\u0117s ramyb\u0117s ir s\u0117km\u0117s paslap\u010di\u0173&quot;. Autorius\" \/>\n<meta name=\"robots\" content=\"index, follow, max-snippet:-1, max-image-preview:large, max-video-preview:-1\" \/>\n<link rel=\"canonical\" href=\"https:\/\/skaitytaknyga.lt\/en\/produktas\/desimt-vidines-ramybes-ir-sekmes-paslapciu\/\" \/>\n<meta property=\"og:locale\" content=\"en_GB\" \/>\n<meta property=\"og:locale:alternate\" content=\"lt_LT\" \/>\n<meta property=\"og:type\" content=\"article\" \/>\n<meta property=\"og:title\" content=\"De\u0161imt vidin\u0117s ramyb\u0117s ir s\u0117km\u0117s paslap\u010di\u0173\" \/>\n<meta property=\"og:description\" content=\"Kiekvienam nusprendusiam s\u0105moningai eiti gyvenimo taku, ie\u0161kan\u010diam vidin\u0117s ramyb\u0117s, pad\u0117s Dyer&#039;io\u00a0\u201eDe\u0161imt vidin\u0117s ramyb\u0117s ir s\u0117km\u0117s paslap\u010di\u0173&quot;. Autorius\" \/>\n<meta property=\"og:url\" content=\"https:\/\/skaitytaknyga.lt\/en\/produktas\/desimt-vidines-ramybes-ir-sekmes-paslapciu\/\" \/>\n<meta property=\"og:site_name\" content=\"Skaitytaknyga\" \/>\n<meta property=\"article:publisher\" content=\"https:\/\/www.facebook.com\/skaitytaknyga\/\" \/>\n<meta property=\"article:modified_time\" content=\"2025-02-02T10:07:40+00:00\" \/>\n<meta property=\"og:image\" content=\"https:\/\/skaitytaknyga.lt\/wp-content\/uploads\/2025\/02\/Desimt-vidines-ramybes-ir-sekmes-paslapciu.webp\" \/>\n\t<meta property=\"og:image:width\" content=\"535\" \/>\n\t<meta property=\"og:image:height\" content=\"799\" \/>\n\t<meta property=\"og:image:type\" content=\"image\/webp\" \/>\n<meta name=\"twitter:card\" content=\"summary_large_image\" \/>\n<meta name=\"twitter:label1\" content=\"Estimated reading time\" \/>\n\t<meta name=\"twitter:data1\" content=\"1 minute\" \/>\n<script type=\"application\/ld+json\" class=\"yoast-schema-graph\">{\"@context\":\"https:\/\/schema.org\",\"@graph\":[{\"@type\":\"WebPage\",\"@id\":\"https:\/\/skaitytaknyga.lt\/produktas\/desimt-vidines-ramybes-ir-sekmes-paslapciu\/\",\"url\":\"https:\/\/skaitytaknyga.lt\/produktas\/desimt-vidines-ramybes-ir-sekmes-paslapciu\/\",\"name\":\"De\u0161imt vidin\u0117s ramyb\u0117s ir s\u0117km\u0117s paslap\u010di\u0173\",\"isPartOf\":{\"@id\":\"https:\/\/skaitytaknyga.lt\/#website\"},\"primaryImageOfPage\":{\"@id\":\"https:\/\/skaitytaknyga.lt\/produktas\/desimt-vidines-ramybes-ir-sekmes-paslapciu\/#primaryimage\"},\"image\":{\"@id\":\"https:\/\/skaitytaknyga.lt\/produktas\/desimt-vidines-ramybes-ir-sekmes-paslapciu\/#primaryimage\"},\"thumbnailUrl\":\"https:\/\/skaitytaknyga.lt\/wp-content\/uploads\/2025\/02\/Desimt-vidines-ramybes-ir-sekmes-paslapciu.webp\",\"datePublished\":\"2025-02-01T16:48:29+00:00\",\"dateModified\":\"2025-02-02T10:07:40+00:00\",\"description\":\"Kiekvienam nusprendusiam s\u0105moningai eiti gyvenimo taku, ie\u0161kan\u010diam vidin\u0117s ramyb\u0117s, pad\u0117s Dyer'io\u00a0\u201eDe\u0161imt vidin\u0117s ramyb\u0117s ir s\u0117km\u0117s paslap\u010di\u0173\\\". Autorius\",\"breadcrumb\":{\"@id\":\"https:\/\/skaitytaknyga.lt\/produktas\/desimt-vidines-ramybes-ir-sekmes-paslapciu\/#breadcrumb\"},\"inLanguage\":\"en-GB\",\"potentialAction\":[{\"@type\":\"ReadAction\",\"target\":[\"https:\/\/skaitytaknyga.lt\/produktas\/desimt-vidines-ramybes-ir-sekmes-paslapciu\/\"]}]},{\"@type\":\"ImageObject\",\"inLanguage\":\"en-GB\",\"@id\":\"https:\/\/skaitytaknyga.lt\/produktas\/desimt-vidines-ramybes-ir-sekmes-paslapciu\/#primaryimage\",\"url\":\"https:\/\/skaitytaknyga.lt\/wp-content\/uploads\/2025\/02\/Desimt-vidines-ramybes-ir-sekmes-paslapciu.webp\",\"contentUrl\":\"https:\/\/skaitytaknyga.lt\/wp-content\/uploads\/2025\/02\/Desimt-vidines-ramybes-ir-sekmes-paslapciu.webp\",\"width\":535,\"height\":799,\"caption\":\"De\u0161imt vidin\u0117s ramyb\u0117s ir s\u0117km\u0117s paslap\u010di\u0173\"},{\"@type\":\"BreadcrumbList\",\"@id\":\"https:\/\/skaitytaknyga.lt\/produktas\/desimt-vidines-ramybes-ir-sekmes-paslapciu\/#breadcrumb\",\"itemListElement\":[{\"@type\":\"ListItem\",\"position\":1,\"name\":\"Home\",\"item\":\"https:\/\/skaitytaknyga.lt\/\"},{\"@type\":\"ListItem\",\"position\":2,\"name\":\"Parduotuv\u0117\",\"item\":\"https:\/\/skaitytaknyga.lt\/knygu-parduotuve\/\"},{\"@type\":\"ListItem\",\"position\":3,\"name\":\"De\u0161imt vidin\u0117s ramyb\u0117s ir s\u0117km\u0117s paslap\u010di\u0173\"}]},{\"@type\":\"WebSite\",\"@id\":\"https:\/\/skaitytaknyga.lt\/#website\",\"url\":\"https:\/\/skaitytaknyga.lt\/\",\"name\":\"skaitytaknyga.lt\",\"description\":\"Skaitytaknyga.lt \u2013 tai ma\u017eas \u0161eimos verslas, kuris prasid\u0117jo nuo meil\u0117s knygoms ir siekio i\u0161gelb\u0117ti knygas nuo likimo prie konteinerio. Kas vienam nereikalingas daiktas \u2013 kitam lobis, o mes esame tarpininkai, kurie padeda abiems tapti laimingesniems ???? \u017dinome kaip nelengva i\u0161gyventi ma\u017eiems verslams, tad nuo \u0161iol, \u010dia rasite ir kit\u0173, ma\u017e\u0173 \u0161eim\u0173 versl\u0173, rank\u0173 darbo, dovan\u0173 sau ir artimiesiems.\",\"publisher\":{\"@id\":\"https:\/\/skaitytaknyga.lt\/#organization\"},\"potentialAction\":[{\"@type\":\"SearchAction\",\"target\":{\"@type\":\"EntryPoint\",\"urlTemplate\":\"https:\/\/skaitytaknyga.lt\/?s={search_term_string}\"},\"query-input\":{\"@type\":\"PropertyValueSpecification\",\"valueRequired\":true,\"valueName\":\"search_term_string\"}}],\"inLanguage\":\"en-GB\"},{\"@type\":\"Organization\",\"@id\":\"https:\/\/skaitytaknyga.lt\/#organization\",\"name\":\"skaitytaknyga.lt\",\"url\":\"https:\/\/skaitytaknyga.lt\/\",\"logo\":{\"@type\":\"ImageObject\",\"inLanguage\":\"en-GB\",\"@id\":\"https:\/\/skaitytaknyga.lt\/#\/schema\/logo\/image\/\",\"url\":\"https:\/\/skaitytaknyga.lt\/wp-content\/uploads\/2024\/05\/cropped-cropped-cropped-02_00843_jt3bggkj1j3HLc7SyY6rEUpg.jpeg\",\"contentUrl\":\"https:\/\/skaitytaknyga.lt\/wp-content\/uploads\/2024\/05\/cropped-cropped-cropped-02_00843_jt3bggkj1j3HLc7SyY6rEUpg.jpeg\",\"width\":1600,\"height\":1600,\"caption\":\"skaitytaknyga.lt\"},\"image\":{\"@id\":\"https:\/\/skaitytaknyga.lt\/#\/schema\/logo\/image\/\"},\"sameAs\":[\"https:\/\/www.facebook.com\/skaitytaknyga\/\"]}]}<\/script>\n<!-- \/ Yoast SEO plugin. -->","yoast_head_json":{"title":"De\u0161imt vidin\u0117s ramyb\u0117s ir s\u0117km\u0117s paslap\u010di\u0173","description":"Kiekvienam nusprendusiam s\u0105moningai eiti gyvenimo taku, ie\u0161kan\u010diam vidin\u0117s ramyb\u0117s, pad\u0117s Dyer'io\u00a0\u201eDe\u0161imt vidin\u0117s ramyb\u0117s ir s\u0117km\u0117s paslap\u010di\u0173\". Autorius","robots":{"index":"index","follow":"follow","max-snippet":"max-snippet:-1","max-image-preview":"max-image-preview:large","max-video-preview":"max-video-preview:-1"},"canonical":"https:\/\/skaitytaknyga.lt\/en\/produktas\/desimt-vidines-ramybes-ir-sekmes-paslapciu\/","og_locale":"en_GB","og_type":"article","og_title":"[:lt]De\u0161imt vidin\u0117s ramyb\u0117s ir s\u0117km\u0117s paslap\u010di\u0173[:] - Skaitytaknyga","og_description":"Kiekvienam nusprendusiam s\u0105moningai eiti gyvenimo taku, ie\u0161kan\u010diam vidin\u0117s ramyb\u0117s, pad\u0117s Dyer'io\u00a0\u201eDe\u0161imt vidin\u0117s ramyb\u0117s ir s\u0117km\u0117s paslap\u010di\u0173\". Autorius","og_url":"https:\/\/skaitytaknyga.lt\/en\/produktas\/desimt-vidines-ramybes-ir-sekmes-paslapciu\/","og_site_name":"Skaitytaknyga","article_publisher":"https:\/\/www.facebook.com\/skaitytaknyga\/","article_modified_time":"2025-02-02T10:07:40+00:00","og_image":[{"width":535,"height":799,"url":"https:\/\/skaitytaknyga.lt\/wp-content\/uploads\/2025\/02\/Desimt-vidines-ramybes-ir-sekmes-paslapciu.webp","type":"image\/webp"}],"twitter_card":"summary_large_image","twitter_misc":{"Estimated reading time":"1 minute"},"schema":{"@context":"https:\/\/schema.org","@graph":[{"@type":"WebPage","@id":"https:\/\/skaitytaknyga.lt\/produktas\/desimt-vidines-ramybes-ir-sekmes-paslapciu\/","url":"https:\/\/skaitytaknyga.lt\/produktas\/desimt-vidines-ramybes-ir-sekmes-paslapciu\/","name":"De\u0161imt vidin\u0117s ramyb\u0117s ir s\u0117km\u0117s paslap\u010di\u0173","isPartOf":{"@id":"https:\/\/skaitytaknyga.lt\/#website"},"primaryImageOfPage":{"@id":"https:\/\/skaitytaknyga.lt\/produktas\/desimt-vidines-ramybes-ir-sekmes-paslapciu\/#primaryimage"},"image":{"@id":"https:\/\/skaitytaknyga.lt\/produktas\/desimt-vidines-ramybes-ir-sekmes-paslapciu\/#primaryimage"},"thumbnailUrl":"https:\/\/skaitytaknyga.lt\/wp-content\/uploads\/2025\/02\/Desimt-vidines-ramybes-ir-sekmes-paslapciu.webp","datePublished":"2025-02-01T16:48:29+00:00","dateModified":"2025-02-02T10:07:40+00:00","description":"Kiekvienam nusprendusiam s\u0105moningai eiti gyvenimo taku, ie\u0161kan\u010diam vidin\u0117s ramyb\u0117s, pad\u0117s Dyer'io\u00a0\u201eDe\u0161imt vidin\u0117s ramyb\u0117s ir s\u0117km\u0117s paslap\u010di\u0173\". Autorius","breadcrumb":{"@id":"https:\/\/skaitytaknyga.lt\/produktas\/desimt-vidines-ramybes-ir-sekmes-paslapciu\/#breadcrumb"},"inLanguage":"en-GB","potentialAction":[{"@type":"ReadAction","target":["https:\/\/skaitytaknyga.lt\/produktas\/desimt-vidines-ramybes-ir-sekmes-paslapciu\/"]}]},{"@type":"ImageObject","inLanguage":"en-GB","@id":"https:\/\/skaitytaknyga.lt\/produktas\/desimt-vidines-ramybes-ir-sekmes-paslapciu\/#primaryimage","url":"https:\/\/skaitytaknyga.lt\/wp-content\/uploads\/2025\/02\/Desimt-vidines-ramybes-ir-sekmes-paslapciu.webp","contentUrl":"https:\/\/skaitytaknyga.lt\/wp-content\/uploads\/2025\/02\/Desimt-vidines-ramybes-ir-sekmes-paslapciu.webp","width":535,"height":799,"caption":"De\u0161imt vidin\u0117s ramyb\u0117s ir s\u0117km\u0117s paslap\u010di\u0173"},{"@type":"BreadcrumbList","@id":"https:\/\/skaitytaknyga.lt\/produktas\/desimt-vidines-ramybes-ir-sekmes-paslapciu\/#breadcrumb","itemListElement":[{"@type":"ListItem","position":1,"name":"Home","item":"https:\/\/skaitytaknyga.lt\/"},{"@type":"ListItem","position":2,"name":"Parduotuv\u0117","item":"https:\/\/skaitytaknyga.lt\/knygu-parduotuve\/"},{"@type":"ListItem","position":3,"name":"De\u0161imt vidin\u0117s ramyb\u0117s ir s\u0117km\u0117s paslap\u010di\u0173"}]},{"@type":"WebSite","@id":"https:\/\/skaitytaknyga.lt\/#website","url":"https:\/\/skaitytaknyga.lt\/","name":"skaitytaknyga.lt","description":"Skaitytaknyga.lt \u2013 tai ma\u017eas \u0161eimos verslas, kuris prasid\u0117jo nuo meil\u0117s knygoms ir siekio i\u0161gelb\u0117ti knygas nuo likimo prie konteinerio. Kas vienam nereikalingas daiktas \u2013 kitam lobis, o mes esame tarpininkai, kurie padeda abiems tapti laimingesniems ???? \u017dinome kaip nelengva i\u0161gyventi ma\u017eiems verslams, tad nuo \u0161iol, \u010dia rasite ir kit\u0173, ma\u017e\u0173 \u0161eim\u0173 versl\u0173, rank\u0173 darbo, dovan\u0173 sau ir artimiesiems.","publisher":{"@id":"https:\/\/skaitytaknyga.lt\/#organization"},"potentialAction":[{"@type":"SearchAction","target":{"@type":"EntryPoint","urlTemplate":"https:\/\/skaitytaknyga.lt\/?s={search_term_string}"},"query-input":{"@type":"PropertyValueSpecification","valueRequired":true,"valueName":"search_term_string"}}],"inLanguage":"en-GB"},{"@type":"Organization","@id":"https:\/\/skaitytaknyga.lt\/#organization","name":"skaitytaknyga.lt","url":"https:\/\/skaitytaknyga.lt\/","logo":{"@type":"ImageObject","inLanguage":"en-GB","@id":"https:\/\/skaitytaknyga.lt\/#\/schema\/logo\/image\/","url":"https:\/\/skaitytaknyga.lt\/wp-content\/uploads\/2024\/05\/cropped-cropped-cropped-02_00843_jt3bggkj1j3HLc7SyY6rEUpg.jpeg","contentUrl":"https:\/\/skaitytaknyga.lt\/wp-content\/uploads\/2024\/05\/cropped-cropped-cropped-02_00843_jt3bggkj1j3HLc7SyY6rEUpg.jpeg","width":1600,"height":1600,"caption":"skaitytaknyga.lt"},"image":{"@id":"https:\/\/skaitytaknyga.lt\/#\/schema\/logo\/image\/"},"sameAs":["https:\/\/www.facebook.com\/skaitytaknyga\/"]}]}},"_links":{"self":[{"href":"https:\/\/skaitytaknyga.lt\/en\/wp-json\/wp\/v2\/product\/16464","targetHints":{"allow":["GET"]}}],"collection":[{"href":"https:\/\/skaitytaknyga.lt\/en\/wp-json\/wp\/v2\/product"}],"about":[{"href":"https:\/\/skaitytaknyga.lt\/en\/wp-json\/wp\/v2\/types\/product"}],"replies":[{"embeddable":true,"href":"https:\/\/skaitytaknyga.lt\/en\/wp-json\/wp\/v2\/comments?post=16464"}],"wp:featuredmedia":[{"embeddable":true,"href":"https:\/\/skaitytaknyga.lt\/en\/wp-json\/wp\/v2\/media\/16528"}],"wp:attachment":[{"href":"https:\/\/skaitytaknyga.lt\/en\/wp-json\/wp\/v2\/media?parent=16464"}],"wp:term":[{"taxonomy":"product_brand","embeddable":true,"href":"https:\/\/skaitytaknyga.lt\/en\/wp-json\/wp\/v2\/product_brand?post=16464"},{"taxonomy":"product_cat","embeddable":true,"href":"https:\/\/skaitytaknyga.lt\/en\/wp-json\/wp\/v2\/product_cat?post=16464"},{"taxonomy":"product_tag","embeddable":true,"href":"https:\/\/skaitytaknyga.lt\/en\/wp-json\/wp\/v2\/product_tag?post=16464"}],"curies":[{"name":"wp","href":"https:\/\/api.w.org\/{rel}","templated":true}]}}