{"id":16451,"date":"2025-02-01T18:26:41","date_gmt":"2025-02-01T16:26:41","guid":{"rendered":"https:\/\/skaitytaknyga.lt\/?post_type=product&#038;p=16451"},"modified":"2026-04-02T12:29:59","modified_gmt":"2026-04-02T09:29:59","slug":"dar-karta-zmogaus-sunus","status":"publish","type":"product","link":"https:\/\/skaitytaknyga.lt\/en\/produktas\/dar-karta-zmogaus-sunus\/","title":{"rendered":"Dar kart\u0105 \u2013 \u017dmogaus S\u016bnus"},"content":{"rendered":"<p>\u0160i J. Sasnausko knyga &#8211; pirmasis naujos serijos &#8220;Ma\u017eesni\u0173j\u0173 broli\u0173 knyga&#8221; leidinys. Pristatydamas \u0161i\u0105 serij\u0105 ir pirm\u0105j\u0105 jos knyg\u0105 bei autori\u0173, Sigitas Jur\u010dys knygos \u012f\u017eangoje ra\u0161o: &#8220;\u0160iuos sakymus ir postiles m\u016bs\u0173 brolis k\u016br\u0117 ne ant debes\u0173 ir j\u0173 nepamokslavo nuo stog\u0173. Jis nes\u0117d\u0117jo tik\u0117jimo prekyviet\u0117se ir nesider\u0117jo d\u0117l kainos. Tai yra jo gyvenimo es\u0117. Julius stovi ant \u017eem\u0117s, \u017ei\u016bri \u012f akis, nuo\u0161ird\u017eiai kalba ir dalijasi duona su artimu, pats tapdamas duona. Jis talentingai kei\u010dia vien\u0105 Evangelijos \u017eod\u012f, idant ji b\u016bt\u0173 suprantamesn\u0117, sakym\u0173 ir postili\u0173 \u017eod\u017eiai eit\u0173 i\u0161 \u0161irdies \u012f \u0161ird\u012f.<\/p>\n","protected":false},"excerpt":{"rendered":"<p>\u0160i J. Sasnausko knyga &#8211; pirmasis naujos serijos &#8220;Ma\u017eesni\u0173j\u0173 broli\u0173 knyga&#8221; leidinys. Pristatydamas \u0161i\u0105 serij\u0105 ir pirm\u0105j\u0105 jos knyg\u0105 bei autori\u0173, Sigitas Jur\u010dys knygos \u012f\u017eangoje ra\u0161o: &#8220;\u0160iuos sakymus ir postiles m\u016bs\u0173 brolis k\u016br\u0117 ne ant debes\u0173 ir j\u0173 nepamokslavo nuo stog\u0173. Jis nes\u0117d\u0117jo tik\u0117jimo prekyviet\u0117se ir nesider\u0117jo d\u0117l kainos. Tai yra jo gyvenimo es\u0117. Julius stovi ant \u017eem\u0117s, \u017ei\u016bri \u012f akis, nuo\u0161ird\u017eiai kalba ir dalijasi duona su artimu, pats tapdamas duona. Jis talentingai kei\u010dia vien\u0105 Evangelijos \u017eod\u012f, idant ji b\u016bt\u0173 suprantamesn\u0117, sakym\u0173 ir postili\u0173 \u017eod\u017eiai eit\u0173 i\u0161 \u0161irdies \u012f \u0161ird\u012f.<\/p>\n","protected":false},"featured_media":16452,"comment_status":"closed","ping_status":"closed","template":"","meta":{"_acf_changed":false,"site-sidebar-layout":"default","site-content-layout":"","ast-site-content-layout":"default","site-content-style":"default","site-sidebar-style":"default","ast-global-header-display":"","ast-banner-title-visibility":"","ast-main-header-display":"","ast-hfb-above-header-display":"","ast-hfb-below-header-display":"","ast-hfb-mobile-header-display":"","site-post-title":"","ast-breadcrumbs-content":"","ast-featured-img":"","footer-sml-layout":"","ast-disable-related-posts":"","theme-transparent-header-meta":"default","adv-header-id-meta":"","stick-header-meta":"","header-above-stick-meta":"","header-main-stick-meta":"","header-below-stick-meta":"","astra-migrate-meta-layouts":"set","ast-page-background-enabled":"default","ast-page-background-meta":{"desktop":{"background-color":"","background-image":"","background-repeat":"repeat","background-position":"center center","background-size":"auto","background-attachment":"scroll","background-type":"","background-media":"","overlay-type":"","overlay-color":"","overlay-opacity":"","overlay-gradient":""},"tablet":{"background-color":"","background-image":"","background-repeat":"repeat","background-position":"center center","background-size":"auto","background-attachment":"scroll","background-type":"","background-media":"","overlay-type":"","overlay-color":"","overlay-opacity":"","overlay-gradient":""},"mobile":{"background-color":"","background-image":"","background-repeat":"repeat","background-position":"center center","background-size":"auto","background-attachment":"scroll","background-type":"","background-media":"","overlay-type":"","overlay-color":"","overlay-opacity":"","overlay-gradient":""}},"ast-content-background-meta":{"desktop":{"background-color":"var(--ast-global-color-4)","background-image":"","background-repeat":"repeat","background-position":"center center","background-size":"auto","background-attachment":"scroll","background-type":"","background-media":"","overlay-type":"","overlay-color":"","overlay-opacity":"","overlay-gradient":""},"tablet":{"background-color":"var(--ast-global-color-4)","background-image":"","background-repeat":"repeat","background-position":"center center","background-size":"auto","background-attachment":"scroll","background-type":"","background-media":"","overlay-type":"","overlay-color":"","overlay-opacity":"","overlay-gradient":""},"mobile":{"background-color":"var(--ast-global-color-4)","background-image":"","background-repeat":"repeat","background-position":"center center","background-size":"auto","background-attachment":"scroll","background-type":"","background-media":"","overlay-type":"","overlay-color":"","overlay-opacity":"","overlay-gradient":""}}},"product_brand":[],"product_cat":[9753],"product_tag":[],"class_list":{"0":"post-16451","1":"product","2":"type-product","3":"status-publish","4":"has-post-thumbnail","6":"product_cat-religija","7":"desktop-align-left","8":"tablet-align-left","9":"mobile-align-left","11":"first","12":"instock","13":"shipping-taxable","14":"purchasable","15":"product-type-simple"},"acf":[],"yoast_head":"<!-- This site is optimized with the Yoast SEO plugin v27.0 - https:\/\/yoast.com\/product\/yoast-seo-wordpress\/ -->\n<title>Dar kart\u0105 \u2013 \u017dmogaus S\u016bnus<\/title>\n<meta name=\"description\" content=\"\u0160i J. Sasnausko knyga - pirmasis naujos serijos &quot;Ma\u017eesni\u0173j\u0173 broli\u0173 knyga&quot; leidinys. Pristatydamas \u0161i\u0105 serij\u0105 ir pirm\u0105j\u0105 jos knyg\u0105 bei autori\u0173, Sigitas\" \/>\n<meta name=\"robots\" content=\"index, follow, max-snippet:-1, max-image-preview:large, max-video-preview:-1\" \/>\n<link rel=\"canonical\" href=\"https:\/\/skaitytaknyga.lt\/en\/produktas\/dar-karta-zmogaus-sunus\/\" \/>\n<meta property=\"og:locale\" content=\"en_GB\" \/>\n<meta property=\"og:locale:alternate\" content=\"lt_LT\" \/>\n<meta property=\"og:type\" content=\"article\" \/>\n<meta property=\"og:title\" content=\"Dar kart\u0105 \u2013 \u017dmogaus S\u016bnus\" \/>\n<meta property=\"og:description\" content=\"\u0160i J. Sasnausko knyga - pirmasis naujos serijos &quot;Ma\u017eesni\u0173j\u0173 broli\u0173 knyga&quot; leidinys. Pristatydamas \u0161i\u0105 serij\u0105 ir pirm\u0105j\u0105 jos knyg\u0105 bei autori\u0173, Sigitas\" \/>\n<meta property=\"og:url\" content=\"https:\/\/skaitytaknyga.lt\/en\/produktas\/dar-karta-zmogaus-sunus\/\" \/>\n<meta property=\"og:site_name\" content=\"Skaitytaknyga\" \/>\n<meta property=\"article:publisher\" content=\"https:\/\/www.facebook.com\/skaitytaknyga\/\" \/>\n<meta property=\"article:modified_time\" content=\"2026-04-02T09:29:59+00:00\" \/>\n<meta property=\"og:image\" content=\"https:\/\/skaitytaknyga.lt\/wp-content\/uploads\/2025\/02\/Dar-karta-\u2013-Zmogaus-Sunus.webp\" \/>\n\t<meta property=\"og:image:width\" content=\"402\" \/>\n\t<meta property=\"og:image:height\" content=\"600\" \/>\n\t<meta property=\"og:image:type\" content=\"image\/webp\" \/>\n<meta name=\"twitter:card\" content=\"summary_large_image\" \/>\n<meta name=\"twitter:label1\" content=\"Estimated reading time\" \/>\n\t<meta name=\"twitter:data1\" content=\"1 minute\" \/>\n<script type=\"application\/ld+json\" class=\"yoast-schema-graph\">{\"@context\":\"https:\/\/schema.org\",\"@graph\":[{\"@type\":\"WebPage\",\"@id\":\"https:\/\/skaitytaknyga.lt\/produktas\/dar-karta-zmogaus-sunus\/\",\"url\":\"https:\/\/skaitytaknyga.lt\/produktas\/dar-karta-zmogaus-sunus\/\",\"name\":\"Dar kart\u0105 \u2013 \u017dmogaus S\u016bnus\",\"isPartOf\":{\"@id\":\"https:\/\/skaitytaknyga.lt\/#website\"},\"primaryImageOfPage\":{\"@id\":\"https:\/\/skaitytaknyga.lt\/produktas\/dar-karta-zmogaus-sunus\/#primaryimage\"},\"image\":{\"@id\":\"https:\/\/skaitytaknyga.lt\/produktas\/dar-karta-zmogaus-sunus\/#primaryimage\"},\"thumbnailUrl\":\"https:\/\/skaitytaknyga.lt\/wp-content\/uploads\/2025\/02\/Dar-karta-\u2013-Zmogaus-Sunus.webp\",\"datePublished\":\"2025-02-01T16:26:41+00:00\",\"dateModified\":\"2026-04-02T09:29:59+00:00\",\"description\":\"\u0160i J. Sasnausko knyga - pirmasis naujos serijos \\\"Ma\u017eesni\u0173j\u0173 broli\u0173 knyga\\\" leidinys. Pristatydamas \u0161i\u0105 serij\u0105 ir pirm\u0105j\u0105 jos knyg\u0105 bei autori\u0173, Sigitas\",\"breadcrumb\":{\"@id\":\"https:\/\/skaitytaknyga.lt\/produktas\/dar-karta-zmogaus-sunus\/#breadcrumb\"},\"inLanguage\":\"en-GB\",\"potentialAction\":[{\"@type\":\"ReadAction\",\"target\":[\"https:\/\/skaitytaknyga.lt\/produktas\/dar-karta-zmogaus-sunus\/\"]}]},{\"@type\":\"ImageObject\",\"inLanguage\":\"en-GB\",\"@id\":\"https:\/\/skaitytaknyga.lt\/produktas\/dar-karta-zmogaus-sunus\/#primaryimage\",\"url\":\"https:\/\/skaitytaknyga.lt\/wp-content\/uploads\/2025\/02\/Dar-karta-\u2013-Zmogaus-Sunus.webp\",\"contentUrl\":\"https:\/\/skaitytaknyga.lt\/wp-content\/uploads\/2025\/02\/Dar-karta-\u2013-Zmogaus-Sunus.webp\",\"width\":402,\"height\":600,\"caption\":\"Dar kart\u0105 \u2013 \u017dmogaus S\u016bnus\"},{\"@type\":\"BreadcrumbList\",\"@id\":\"https:\/\/skaitytaknyga.lt\/produktas\/dar-karta-zmogaus-sunus\/#breadcrumb\",\"itemListElement\":[{\"@type\":\"ListItem\",\"position\":1,\"name\":\"Home\",\"item\":\"https:\/\/skaitytaknyga.lt\/\"},{\"@type\":\"ListItem\",\"position\":2,\"name\":\"Parduotuv\u0117\",\"item\":\"https:\/\/skaitytaknyga.lt\/knygu-parduotuve\/\"},{\"@type\":\"ListItem\",\"position\":3,\"name\":\"Dar kart\u0105 \u2013 \u017dmogaus S\u016bnus\"}]},{\"@type\":\"WebSite\",\"@id\":\"https:\/\/skaitytaknyga.lt\/#website\",\"url\":\"https:\/\/skaitytaknyga.lt\/\",\"name\":\"skaitytaknyga.lt\",\"description\":\"Skaitytaknyga.lt \u2013 tai ma\u017eas \u0161eimos verslas, kuris prasid\u0117jo nuo meil\u0117s knygoms ir siekio i\u0161gelb\u0117ti knygas nuo likimo prie konteinerio. Kas vienam nereikalingas daiktas \u2013 kitam lobis, o mes esame tarpininkai, kurie padeda abiems tapti laimingesniems ???? \u017dinome kaip nelengva i\u0161gyventi ma\u017eiems verslams, tad nuo \u0161iol, \u010dia rasite ir kit\u0173, ma\u017e\u0173 \u0161eim\u0173 versl\u0173, rank\u0173 darbo, dovan\u0173 sau ir artimiesiems.\",\"publisher\":{\"@id\":\"https:\/\/skaitytaknyga.lt\/#organization\"},\"potentialAction\":[{\"@type\":\"SearchAction\",\"target\":{\"@type\":\"EntryPoint\",\"urlTemplate\":\"https:\/\/skaitytaknyga.lt\/?s={search_term_string}\"},\"query-input\":{\"@type\":\"PropertyValueSpecification\",\"valueRequired\":true,\"valueName\":\"search_term_string\"}}],\"inLanguage\":\"en-GB\"},{\"@type\":\"Organization\",\"@id\":\"https:\/\/skaitytaknyga.lt\/#organization\",\"name\":\"skaitytaknyga.lt\",\"url\":\"https:\/\/skaitytaknyga.lt\/\",\"logo\":{\"@type\":\"ImageObject\",\"inLanguage\":\"en-GB\",\"@id\":\"https:\/\/skaitytaknyga.lt\/#\/schema\/logo\/image\/\",\"url\":\"https:\/\/skaitytaknyga.lt\/wp-content\/uploads\/2024\/05\/cropped-cropped-cropped-02_00843_jt3bggkj1j3HLc7SyY6rEUpg.jpeg\",\"contentUrl\":\"https:\/\/skaitytaknyga.lt\/wp-content\/uploads\/2024\/05\/cropped-cropped-cropped-02_00843_jt3bggkj1j3HLc7SyY6rEUpg.jpeg\",\"width\":1600,\"height\":1600,\"caption\":\"skaitytaknyga.lt\"},\"image\":{\"@id\":\"https:\/\/skaitytaknyga.lt\/#\/schema\/logo\/image\/\"},\"sameAs\":[\"https:\/\/www.facebook.com\/skaitytaknyga\/\"]}]}<\/script>\n<!-- \/ Yoast SEO plugin. -->","yoast_head_json":{"title":"Dar kart\u0105 \u2013 \u017dmogaus S\u016bnus","description":"\u0160i J. Sasnausko knyga - pirmasis naujos serijos \"Ma\u017eesni\u0173j\u0173 broli\u0173 knyga\" leidinys. Pristatydamas \u0161i\u0105 serij\u0105 ir pirm\u0105j\u0105 jos knyg\u0105 bei autori\u0173, Sigitas","robots":{"index":"index","follow":"follow","max-snippet":"max-snippet:-1","max-image-preview":"max-image-preview:large","max-video-preview":"max-video-preview:-1"},"canonical":"https:\/\/skaitytaknyga.lt\/en\/produktas\/dar-karta-zmogaus-sunus\/","og_locale":"en_GB","og_type":"article","og_title":"[:lt]Dar kart\u0105 \u2013 \u017dmogaus S\u016bnus[:] - Skaitytaknyga","og_description":"\u0160i J. Sasnausko knyga - pirmasis naujos serijos \"Ma\u017eesni\u0173j\u0173 broli\u0173 knyga\" leidinys. Pristatydamas \u0161i\u0105 serij\u0105 ir pirm\u0105j\u0105 jos knyg\u0105 bei autori\u0173, Sigitas","og_url":"https:\/\/skaitytaknyga.lt\/en\/produktas\/dar-karta-zmogaus-sunus\/","og_site_name":"Skaitytaknyga","article_publisher":"https:\/\/www.facebook.com\/skaitytaknyga\/","article_modified_time":"2026-04-02T09:29:59+00:00","og_image":[{"width":402,"height":600,"url":"https:\/\/skaitytaknyga.lt\/wp-content\/uploads\/2025\/02\/Dar-karta-\u2013-Zmogaus-Sunus.webp","type":"image\/webp"}],"twitter_card":"summary_large_image","twitter_misc":{"Estimated reading time":"1 minute"},"schema":{"@context":"https:\/\/schema.org","@graph":[{"@type":"WebPage","@id":"https:\/\/skaitytaknyga.lt\/produktas\/dar-karta-zmogaus-sunus\/","url":"https:\/\/skaitytaknyga.lt\/produktas\/dar-karta-zmogaus-sunus\/","name":"Dar kart\u0105 \u2013 \u017dmogaus S\u016bnus","isPartOf":{"@id":"https:\/\/skaitytaknyga.lt\/#website"},"primaryImageOfPage":{"@id":"https:\/\/skaitytaknyga.lt\/produktas\/dar-karta-zmogaus-sunus\/#primaryimage"},"image":{"@id":"https:\/\/skaitytaknyga.lt\/produktas\/dar-karta-zmogaus-sunus\/#primaryimage"},"thumbnailUrl":"https:\/\/skaitytaknyga.lt\/wp-content\/uploads\/2025\/02\/Dar-karta-\u2013-Zmogaus-Sunus.webp","datePublished":"2025-02-01T16:26:41+00:00","dateModified":"2026-04-02T09:29:59+00:00","description":"\u0160i J. Sasnausko knyga - pirmasis naujos serijos \"Ma\u017eesni\u0173j\u0173 broli\u0173 knyga\" leidinys. Pristatydamas \u0161i\u0105 serij\u0105 ir pirm\u0105j\u0105 jos knyg\u0105 bei autori\u0173, Sigitas","breadcrumb":{"@id":"https:\/\/skaitytaknyga.lt\/produktas\/dar-karta-zmogaus-sunus\/#breadcrumb"},"inLanguage":"en-GB","potentialAction":[{"@type":"ReadAction","target":["https:\/\/skaitytaknyga.lt\/produktas\/dar-karta-zmogaus-sunus\/"]}]},{"@type":"ImageObject","inLanguage":"en-GB","@id":"https:\/\/skaitytaknyga.lt\/produktas\/dar-karta-zmogaus-sunus\/#primaryimage","url":"https:\/\/skaitytaknyga.lt\/wp-content\/uploads\/2025\/02\/Dar-karta-\u2013-Zmogaus-Sunus.webp","contentUrl":"https:\/\/skaitytaknyga.lt\/wp-content\/uploads\/2025\/02\/Dar-karta-\u2013-Zmogaus-Sunus.webp","width":402,"height":600,"caption":"Dar kart\u0105 \u2013 \u017dmogaus S\u016bnus"},{"@type":"BreadcrumbList","@id":"https:\/\/skaitytaknyga.lt\/produktas\/dar-karta-zmogaus-sunus\/#breadcrumb","itemListElement":[{"@type":"ListItem","position":1,"name":"Home","item":"https:\/\/skaitytaknyga.lt\/"},{"@type":"ListItem","position":2,"name":"Parduotuv\u0117","item":"https:\/\/skaitytaknyga.lt\/knygu-parduotuve\/"},{"@type":"ListItem","position":3,"name":"Dar kart\u0105 \u2013 \u017dmogaus S\u016bnus"}]},{"@type":"WebSite","@id":"https:\/\/skaitytaknyga.lt\/#website","url":"https:\/\/skaitytaknyga.lt\/","name":"skaitytaknyga.lt","description":"Skaitytaknyga.lt \u2013 tai ma\u017eas \u0161eimos verslas, kuris prasid\u0117jo nuo meil\u0117s knygoms ir siekio i\u0161gelb\u0117ti knygas nuo likimo prie konteinerio. Kas vienam nereikalingas daiktas \u2013 kitam lobis, o mes esame tarpininkai, kurie padeda abiems tapti laimingesniems ???? \u017dinome kaip nelengva i\u0161gyventi ma\u017eiems verslams, tad nuo \u0161iol, \u010dia rasite ir kit\u0173, ma\u017e\u0173 \u0161eim\u0173 versl\u0173, rank\u0173 darbo, dovan\u0173 sau ir artimiesiems.","publisher":{"@id":"https:\/\/skaitytaknyga.lt\/#organization"},"potentialAction":[{"@type":"SearchAction","target":{"@type":"EntryPoint","urlTemplate":"https:\/\/skaitytaknyga.lt\/?s={search_term_string}"},"query-input":{"@type":"PropertyValueSpecification","valueRequired":true,"valueName":"search_term_string"}}],"inLanguage":"en-GB"},{"@type":"Organization","@id":"https:\/\/skaitytaknyga.lt\/#organization","name":"skaitytaknyga.lt","url":"https:\/\/skaitytaknyga.lt\/","logo":{"@type":"ImageObject","inLanguage":"en-GB","@id":"https:\/\/skaitytaknyga.lt\/#\/schema\/logo\/image\/","url":"https:\/\/skaitytaknyga.lt\/wp-content\/uploads\/2024\/05\/cropped-cropped-cropped-02_00843_jt3bggkj1j3HLc7SyY6rEUpg.jpeg","contentUrl":"https:\/\/skaitytaknyga.lt\/wp-content\/uploads\/2024\/05\/cropped-cropped-cropped-02_00843_jt3bggkj1j3HLc7SyY6rEUpg.jpeg","width":1600,"height":1600,"caption":"skaitytaknyga.lt"},"image":{"@id":"https:\/\/skaitytaknyga.lt\/#\/schema\/logo\/image\/"},"sameAs":["https:\/\/www.facebook.com\/skaitytaknyga\/"]}]}},"_links":{"self":[{"href":"https:\/\/skaitytaknyga.lt\/en\/wp-json\/wp\/v2\/product\/16451","targetHints":{"allow":["GET"]}}],"collection":[{"href":"https:\/\/skaitytaknyga.lt\/en\/wp-json\/wp\/v2\/product"}],"about":[{"href":"https:\/\/skaitytaknyga.lt\/en\/wp-json\/wp\/v2\/types\/product"}],"replies":[{"embeddable":true,"href":"https:\/\/skaitytaknyga.lt\/en\/wp-json\/wp\/v2\/comments?post=16451"}],"wp:featuredmedia":[{"embeddable":true,"href":"https:\/\/skaitytaknyga.lt\/en\/wp-json\/wp\/v2\/media\/16452"}],"wp:attachment":[{"href":"https:\/\/skaitytaknyga.lt\/en\/wp-json\/wp\/v2\/media?parent=16451"}],"wp:term":[{"taxonomy":"product_brand","embeddable":true,"href":"https:\/\/skaitytaknyga.lt\/en\/wp-json\/wp\/v2\/product_brand?post=16451"},{"taxonomy":"product_cat","embeddable":true,"href":"https:\/\/skaitytaknyga.lt\/en\/wp-json\/wp\/v2\/product_cat?post=16451"},{"taxonomy":"product_tag","embeddable":true,"href":"https:\/\/skaitytaknyga.lt\/en\/wp-json\/wp\/v2\/product_tag?post=16451"}],"curies":[{"name":"wp","href":"https:\/\/api.w.org\/{rel}","templated":true}]}}