{"id":16439,"date":"2025-02-01T17:53:21","date_gmt":"2025-02-01T15:53:21","guid":{"rendered":"https:\/\/skaitytaknyga.lt\/?post_type=product&#038;p=16439"},"modified":"2025-03-08T16:21:18","modified_gmt":"2025-03-08T14:21:18","slug":"leningrado-skerdynes-baisi-tiesa-apie-blokada","status":"publish","type":"product","link":"https:\/\/skaitytaknyga.lt\/en\/produktas\/leningrado-skerdynes-baisi-tiesa-apie-blokada\/","title":{"rendered":"Leningrado skerdyn\u0117s. Baisi tiesa apie blokad\u0105"},"content":{"rendered":"<p>Apie Leningrado blokad\u0105 per Antr\u0105j\u012f pasaulin\u012f kar\u0105 para\u0161yta \u0161imtai knyg\u0173. Baisi tragedija, pasiglem\u017eusi daugiau kaip milijon\u0105 \u017emoni\u0173 gyvybi\u0173, giliai ir skaud\u017eiai \u012fsir\u0117\u017e\u0117 \u012f rus\u0173 tautos s\u0105mon\u0119.<\/p>\n<p>Bet galb\u016bt to buvo galima i\u0161vengti?<\/p>\n<p>\u201eLeningrado skerdyn\u0117s\u201c \u2013 \u201enepatogi\u201c ir skandalinga populiaraus baltarusi\u0173 publicisto bei istoriko Vladimiro Be\u0161anovo knyga apie Leningrado gynyb\u0105 ir blokad\u0105. Jis naujai pa\u017evelg\u0117 \u012f ne kart\u0105 gird\u0117t\u0105 ar skaityt\u0105 Leningrado blokados istorij\u0105, paneig\u0117 \u012fsigal\u0117jusius mitus ir atsak\u0117 \u012f daugel\u012f klausim\u0173:<\/p>\n<p>Kas i\u0161 tikr\u0173j\u0173 vyko prie Leningrado?<\/p>\n<p>Ko siek\u0117 vokie\u010di\u0173 kariuomen\u0117 Leningrado prieigose?<\/p>\n<p>Kam buvo lemta i\u0161gyventi per Leningrado blokad\u0105 ir kam teko mirti?<\/p>\n<p>K\u0105 veik\u0117 \u0161lovingoji soviet\u0173 kariuomen\u0117 prie Leningrado?<\/p>\n<p>Kuo pasi\u017eym\u0117jo soviet\u0173 sausumos paj\u0117g\u0173 ir Baltijos karinio j\u016br\u0173 laivyno veiksmai prie Leningrado?<\/p>\n<p>Kur vyko kovos prie Leningrado?<\/p>\n<p>Kiek dien\u0173 truko Leningrado blokada?<br \/>\nAutorius: Vladimir Be\u0161anov<br \/>\nLeid\u0117jas: Briedis<br \/>\nMetai: 2015<br \/>\nPuslapiai: 464<br \/>\nISBN: 9789955265115<br \/>\nVersijos kodas: PT.<br \/>\nFormatas: 17 x 24 cm, kieti vir\u0161eliai<br \/>\nKalba: Lietuvi\u0173<br \/>\nVert\u0117jas: Rimvydas U\u017eukukis<\/p>\n","protected":false},"excerpt":{"rendered":"<p>Apie Leningrado blokad\u0105 per Antr\u0105j\u012f pasaulin\u012f kar\u0105 para\u0161yta \u0161imtai knyg\u0173. Baisi tragedija, pasiglem\u017eusi daugiau kaip milijon\u0105 \u017emoni\u0173 gyvybi\u0173, giliai ir skaud\u017eiai \u012fsir\u0117\u017e\u0117 \u012f rus\u0173 tautos s\u0105mon\u0119. Bet galb\u016bt to buvo galima i\u0161vengti? \u201eLeningrado skerdyn\u0117s\u201c \u2013 \u201enepatogi\u201c ir skandalinga populiaraus baltarusi\u0173 publicisto bei istoriko Vladimiro Be\u0161anovo knyga apie Leningrado gynyb\u0105 ir blokad\u0105. Jis naujai pa\u017evelg\u0117 \u012f ne kart\u0105 gird\u0117t\u0105 ar skaityt\u0105 Leningrado blokados istorij\u0105, paneig\u0117 \u012fsigal\u0117jusius mitus ir atsak\u0117 \u012f daugel\u012f klausim\u0173: Kas i\u0161 tikr\u0173j\u0173 vyko prie Leningrado? Ko siek\u0117 vokie\u010di\u0173 kariuomen\u0117 Leningrado prieigose? Kam buvo lemta i\u0161gyventi per Leningrado blokad\u0105 ir kam teko mirti? K\u0105 veik\u0117 \u0161lovingoji soviet\u0173 kariuomen\u0117 prie Leningrado? Kuo pasi\u017eym\u0117jo soviet\u0173 sausumos paj\u0117g\u0173 ir Baltijos karinio j\u016br\u0173 laivyno veiksmai prie Leningrado? Kur vyko kovos prie Leningrado? Kiek dien\u0173 truko Leningrado blokada? Autorius: Vladimir Be\u0161anov Leid\u0117jas: Briedis Metai: 2015 Puslapiai: 464 ISBN: 9789955265115 Versijos kodas: PT. Formatas: 17 x 24 cm, kieti vir\u0161eliai Kalba: Lietuvi\u0173 Vert\u0117jas: Rimvydas U\u017eukukis<\/p>\n","protected":false},"featured_media":16459,"comment_status":"open","ping_status":"closed","template":"","meta":{"_acf_changed":false,"site-sidebar-layout":"default","site-content-layout":"","ast-site-content-layout":"default","site-content-style":"default","site-sidebar-style":"default","ast-global-header-display":"","ast-banner-title-visibility":"","ast-main-header-display":"","ast-hfb-above-header-display":"","ast-hfb-below-header-display":"","ast-hfb-mobile-header-display":"","site-post-title":"","ast-breadcrumbs-content":"","ast-featured-img":"","footer-sml-layout":"","ast-disable-related-posts":"","theme-transparent-header-meta":"default","adv-header-id-meta":"","stick-header-meta":"","header-above-stick-meta":"","header-main-stick-meta":"","header-below-stick-meta":"","astra-migrate-meta-layouts":"set","ast-page-background-enabled":"default","ast-page-background-meta":{"desktop":{"background-color":"","background-image":"","background-repeat":"repeat","background-position":"center center","background-size":"auto","background-attachment":"scroll","background-type":"","background-media":"","overlay-type":"","overlay-color":"","overlay-opacity":"","overlay-gradient":""},"tablet":{"background-color":"","background-image":"","background-repeat":"repeat","background-position":"center center","background-size":"auto","background-attachment":"scroll","background-type":"","background-media":"","overlay-type":"","overlay-color":"","overlay-opacity":"","overlay-gradient":""},"mobile":{"background-color":"","background-image":"","background-repeat":"repeat","background-position":"center center","background-size":"auto","background-attachment":"scroll","background-type":"","background-media":"","overlay-type":"","overlay-color":"","overlay-opacity":"","overlay-gradient":""}},"ast-content-background-meta":{"desktop":{"background-color":"var(--ast-global-color-4)","background-image":"","background-repeat":"repeat","background-position":"center center","background-size":"auto","background-attachment":"scroll","background-type":"","background-media":"","overlay-type":"","overlay-color":"","overlay-opacity":"","overlay-gradient":""},"tablet":{"background-color":"var(--ast-global-color-4)","background-image":"","background-repeat":"repeat","background-position":"center center","background-size":"auto","background-attachment":"scroll","background-type":"","background-media":"","overlay-type":"","overlay-color":"","overlay-opacity":"","overlay-gradient":""},"mobile":{"background-color":"var(--ast-global-color-4)","background-image":"","background-repeat":"repeat","background-position":"center center","background-size":"auto","background-attachment":"scroll","background-type":"","background-media":"","overlay-type":"","overlay-color":"","overlay-opacity":"","overlay-gradient":""}}},"product_brand":[],"product_cat":[174,15],"product_tag":[],"class_list":{"0":"post-16439","1":"product","2":"type-product","3":"status-publish","4":"has-post-thumbnail","6":"product_cat-istorija-ir-politologija","7":"product_cat-uncategorized","8":"desktop-align-left","9":"tablet-align-left","10":"mobile-align-left","12":"first","13":"outofstock","14":"shipping-taxable","15":"purchasable","16":"product-type-simple"},"acf":[],"yoast_head":"<!-- This site is optimized with the Yoast SEO plugin v27.0 - https:\/\/yoast.com\/product\/yoast-seo-wordpress\/ -->\n<title>Leningrado skerdyn\u0117s. Baisi tiesa apie blokad\u0105<\/title>\n<meta name=\"description\" content=\"Apie Leningrado blokad\u0105 per Antr\u0105j\u012f pasaulin\u012f kar\u0105 para\u0161yta \u0161imtai knyg\u0173. Baisi tragedija, pasiglem\u017eusi daugiau kaip milijon\u0105 \u017emoni\u0173 gyvybi\u0173, giliai ir\" \/>\n<meta name=\"robots\" content=\"index, follow, max-snippet:-1, max-image-preview:large, max-video-preview:-1\" \/>\n<link rel=\"canonical\" href=\"https:\/\/skaitytaknyga.lt\/en\/produktas\/leningrado-skerdynes-baisi-tiesa-apie-blokada\/\" \/>\n<meta property=\"og:locale\" content=\"en_GB\" \/>\n<meta property=\"og:locale:alternate\" content=\"lt_LT\" \/>\n<meta property=\"og:type\" content=\"article\" \/>\n<meta property=\"og:title\" content=\"Leningrado skerdyn\u0117s. Baisi tiesa apie blokad\u0105\" \/>\n<meta property=\"og:description\" content=\"Apie Leningrado blokad\u0105 per Antr\u0105j\u012f pasaulin\u012f kar\u0105 para\u0161yta \u0161imtai knyg\u0173. Baisi tragedija, pasiglem\u017eusi daugiau kaip milijon\u0105 \u017emoni\u0173 gyvybi\u0173, giliai ir\" \/>\n<meta property=\"og:url\" content=\"https:\/\/skaitytaknyga.lt\/en\/produktas\/leningrado-skerdynes-baisi-tiesa-apie-blokada\/\" \/>\n<meta property=\"og:site_name\" content=\"Skaitytaknyga\" \/>\n<meta property=\"article:publisher\" content=\"https:\/\/www.facebook.com\/skaitytaknyga\/\" \/>\n<meta property=\"article:modified_time\" content=\"2025-03-08T14:21:18+00:00\" \/>\n<meta property=\"og:image\" content=\"https:\/\/skaitytaknyga.lt\/wp-content\/uploads\/2025\/02\/Leningrado-skerdynes.-Baisi-tiesa-apie-blokada-1.webp\" \/>\n\t<meta property=\"og:image:width\" content=\"337\" \/>\n\t<meta property=\"og:image:height\" content=\"500\" \/>\n\t<meta property=\"og:image:type\" content=\"image\/webp\" \/>\n<meta name=\"twitter:card\" content=\"summary_large_image\" \/>\n<meta name=\"twitter:label1\" content=\"Estimated reading time\" \/>\n\t<meta name=\"twitter:data1\" content=\"2 minutes\" \/>\n<script type=\"application\/ld+json\" class=\"yoast-schema-graph\">{\"@context\":\"https:\/\/schema.org\",\"@graph\":[{\"@type\":\"WebPage\",\"@id\":\"https:\/\/skaitytaknyga.lt\/produktas\/leningrado-skerdynes-baisi-tiesa-apie-blokada\/\",\"url\":\"https:\/\/skaitytaknyga.lt\/produktas\/leningrado-skerdynes-baisi-tiesa-apie-blokada\/\",\"name\":\"Leningrado skerdyn\u0117s. Baisi tiesa apie blokad\u0105\",\"isPartOf\":{\"@id\":\"https:\/\/skaitytaknyga.lt\/#website\"},\"primaryImageOfPage\":{\"@id\":\"https:\/\/skaitytaknyga.lt\/produktas\/leningrado-skerdynes-baisi-tiesa-apie-blokada\/#primaryimage\"},\"image\":{\"@id\":\"https:\/\/skaitytaknyga.lt\/produktas\/leningrado-skerdynes-baisi-tiesa-apie-blokada\/#primaryimage\"},\"thumbnailUrl\":\"https:\/\/skaitytaknyga.lt\/wp-content\/uploads\/2025\/02\/Leningrado-skerdynes.-Baisi-tiesa-apie-blokada-1.webp\",\"datePublished\":\"2025-02-01T15:53:21+00:00\",\"dateModified\":\"2025-03-08T14:21:18+00:00\",\"description\":\"Apie Leningrado blokad\u0105 per Antr\u0105j\u012f pasaulin\u012f kar\u0105 para\u0161yta \u0161imtai knyg\u0173. Baisi tragedija, pasiglem\u017eusi daugiau kaip milijon\u0105 \u017emoni\u0173 gyvybi\u0173, giliai ir\",\"breadcrumb\":{\"@id\":\"https:\/\/skaitytaknyga.lt\/produktas\/leningrado-skerdynes-baisi-tiesa-apie-blokada\/#breadcrumb\"},\"inLanguage\":\"en-GB\",\"potentialAction\":[{\"@type\":\"ReadAction\",\"target\":[\"https:\/\/skaitytaknyga.lt\/produktas\/leningrado-skerdynes-baisi-tiesa-apie-blokada\/\"]}]},{\"@type\":\"ImageObject\",\"inLanguage\":\"en-GB\",\"@id\":\"https:\/\/skaitytaknyga.lt\/produktas\/leningrado-skerdynes-baisi-tiesa-apie-blokada\/#primaryimage\",\"url\":\"https:\/\/skaitytaknyga.lt\/wp-content\/uploads\/2025\/02\/Leningrado-skerdynes.-Baisi-tiesa-apie-blokada-1.webp\",\"contentUrl\":\"https:\/\/skaitytaknyga.lt\/wp-content\/uploads\/2025\/02\/Leningrado-skerdynes.-Baisi-tiesa-apie-blokada-1.webp\",\"width\":337,\"height\":500,\"caption\":\"Leningrado skerdyn\u0117s. Baisi tiesa apie blokad\u0105\"},{\"@type\":\"BreadcrumbList\",\"@id\":\"https:\/\/skaitytaknyga.lt\/produktas\/leningrado-skerdynes-baisi-tiesa-apie-blokada\/#breadcrumb\",\"itemListElement\":[{\"@type\":\"ListItem\",\"position\":1,\"name\":\"Home\",\"item\":\"https:\/\/skaitytaknyga.lt\/\"},{\"@type\":\"ListItem\",\"position\":2,\"name\":\"Parduotuv\u0117\",\"item\":\"https:\/\/skaitytaknyga.lt\/knygu-parduotuve\/\"},{\"@type\":\"ListItem\",\"position\":3,\"name\":\"Leningrado skerdyn\u0117s. Baisi tiesa apie blokad\u0105\"}]},{\"@type\":\"WebSite\",\"@id\":\"https:\/\/skaitytaknyga.lt\/#website\",\"url\":\"https:\/\/skaitytaknyga.lt\/\",\"name\":\"skaitytaknyga.lt\",\"description\":\"Skaitytaknyga.lt \u2013 tai ma\u017eas \u0161eimos verslas, kuris prasid\u0117jo nuo meil\u0117s knygoms ir siekio i\u0161gelb\u0117ti knygas nuo likimo prie konteinerio. Kas vienam nereikalingas daiktas \u2013 kitam lobis, o mes esame tarpininkai, kurie padeda abiems tapti laimingesniems ???? \u017dinome kaip nelengva i\u0161gyventi ma\u017eiems verslams, tad nuo \u0161iol, \u010dia rasite ir kit\u0173, ma\u017e\u0173 \u0161eim\u0173 versl\u0173, rank\u0173 darbo, dovan\u0173 sau ir artimiesiems.\",\"publisher\":{\"@id\":\"https:\/\/skaitytaknyga.lt\/#organization\"},\"potentialAction\":[{\"@type\":\"SearchAction\",\"target\":{\"@type\":\"EntryPoint\",\"urlTemplate\":\"https:\/\/skaitytaknyga.lt\/?s={search_term_string}\"},\"query-input\":{\"@type\":\"PropertyValueSpecification\",\"valueRequired\":true,\"valueName\":\"search_term_string\"}}],\"inLanguage\":\"en-GB\"},{\"@type\":\"Organization\",\"@id\":\"https:\/\/skaitytaknyga.lt\/#organization\",\"name\":\"skaitytaknyga.lt\",\"url\":\"https:\/\/skaitytaknyga.lt\/\",\"logo\":{\"@type\":\"ImageObject\",\"inLanguage\":\"en-GB\",\"@id\":\"https:\/\/skaitytaknyga.lt\/#\/schema\/logo\/image\/\",\"url\":\"https:\/\/skaitytaknyga.lt\/wp-content\/uploads\/2024\/05\/cropped-cropped-cropped-02_00843_jt3bggkj1j3HLc7SyY6rEUpg.jpeg\",\"contentUrl\":\"https:\/\/skaitytaknyga.lt\/wp-content\/uploads\/2024\/05\/cropped-cropped-cropped-02_00843_jt3bggkj1j3HLc7SyY6rEUpg.jpeg\",\"width\":1600,\"height\":1600,\"caption\":\"skaitytaknyga.lt\"},\"image\":{\"@id\":\"https:\/\/skaitytaknyga.lt\/#\/schema\/logo\/image\/\"},\"sameAs\":[\"https:\/\/www.facebook.com\/skaitytaknyga\/\"]}]}<\/script>\n<!-- \/ Yoast SEO plugin. -->","yoast_head_json":{"title":"Leningrado skerdyn\u0117s. Baisi tiesa apie blokad\u0105","description":"Apie Leningrado blokad\u0105 per Antr\u0105j\u012f pasaulin\u012f kar\u0105 para\u0161yta \u0161imtai knyg\u0173. Baisi tragedija, pasiglem\u017eusi daugiau kaip milijon\u0105 \u017emoni\u0173 gyvybi\u0173, giliai ir","robots":{"index":"index","follow":"follow","max-snippet":"max-snippet:-1","max-image-preview":"max-image-preview:large","max-video-preview":"max-video-preview:-1"},"canonical":"https:\/\/skaitytaknyga.lt\/en\/produktas\/leningrado-skerdynes-baisi-tiesa-apie-blokada\/","og_locale":"en_GB","og_type":"article","og_title":"[:lt]Leningrado skerdyn\u0117s. Baisi tiesa apie blokad\u0105[:] - Skaitytaknyga","og_description":"Apie Leningrado blokad\u0105 per Antr\u0105j\u012f pasaulin\u012f kar\u0105 para\u0161yta \u0161imtai knyg\u0173. Baisi tragedija, pasiglem\u017eusi daugiau kaip milijon\u0105 \u017emoni\u0173 gyvybi\u0173, giliai ir","og_url":"https:\/\/skaitytaknyga.lt\/en\/produktas\/leningrado-skerdynes-baisi-tiesa-apie-blokada\/","og_site_name":"Skaitytaknyga","article_publisher":"https:\/\/www.facebook.com\/skaitytaknyga\/","article_modified_time":"2025-03-08T14:21:18+00:00","og_image":[{"width":337,"height":500,"url":"https:\/\/skaitytaknyga.lt\/wp-content\/uploads\/2025\/02\/Leningrado-skerdynes.-Baisi-tiesa-apie-blokada-1.webp","type":"image\/webp"}],"twitter_card":"summary_large_image","twitter_misc":{"Estimated reading time":"2 minutes"},"schema":{"@context":"https:\/\/schema.org","@graph":[{"@type":"WebPage","@id":"https:\/\/skaitytaknyga.lt\/produktas\/leningrado-skerdynes-baisi-tiesa-apie-blokada\/","url":"https:\/\/skaitytaknyga.lt\/produktas\/leningrado-skerdynes-baisi-tiesa-apie-blokada\/","name":"Leningrado skerdyn\u0117s. Baisi tiesa apie blokad\u0105","isPartOf":{"@id":"https:\/\/skaitytaknyga.lt\/#website"},"primaryImageOfPage":{"@id":"https:\/\/skaitytaknyga.lt\/produktas\/leningrado-skerdynes-baisi-tiesa-apie-blokada\/#primaryimage"},"image":{"@id":"https:\/\/skaitytaknyga.lt\/produktas\/leningrado-skerdynes-baisi-tiesa-apie-blokada\/#primaryimage"},"thumbnailUrl":"https:\/\/skaitytaknyga.lt\/wp-content\/uploads\/2025\/02\/Leningrado-skerdynes.-Baisi-tiesa-apie-blokada-1.webp","datePublished":"2025-02-01T15:53:21+00:00","dateModified":"2025-03-08T14:21:18+00:00","description":"Apie Leningrado blokad\u0105 per Antr\u0105j\u012f pasaulin\u012f kar\u0105 para\u0161yta \u0161imtai knyg\u0173. Baisi tragedija, pasiglem\u017eusi daugiau kaip milijon\u0105 \u017emoni\u0173 gyvybi\u0173, giliai ir","breadcrumb":{"@id":"https:\/\/skaitytaknyga.lt\/produktas\/leningrado-skerdynes-baisi-tiesa-apie-blokada\/#breadcrumb"},"inLanguage":"en-GB","potentialAction":[{"@type":"ReadAction","target":["https:\/\/skaitytaknyga.lt\/produktas\/leningrado-skerdynes-baisi-tiesa-apie-blokada\/"]}]},{"@type":"ImageObject","inLanguage":"en-GB","@id":"https:\/\/skaitytaknyga.lt\/produktas\/leningrado-skerdynes-baisi-tiesa-apie-blokada\/#primaryimage","url":"https:\/\/skaitytaknyga.lt\/wp-content\/uploads\/2025\/02\/Leningrado-skerdynes.-Baisi-tiesa-apie-blokada-1.webp","contentUrl":"https:\/\/skaitytaknyga.lt\/wp-content\/uploads\/2025\/02\/Leningrado-skerdynes.-Baisi-tiesa-apie-blokada-1.webp","width":337,"height":500,"caption":"Leningrado skerdyn\u0117s. Baisi tiesa apie blokad\u0105"},{"@type":"BreadcrumbList","@id":"https:\/\/skaitytaknyga.lt\/produktas\/leningrado-skerdynes-baisi-tiesa-apie-blokada\/#breadcrumb","itemListElement":[{"@type":"ListItem","position":1,"name":"Home","item":"https:\/\/skaitytaknyga.lt\/"},{"@type":"ListItem","position":2,"name":"Parduotuv\u0117","item":"https:\/\/skaitytaknyga.lt\/knygu-parduotuve\/"},{"@type":"ListItem","position":3,"name":"Leningrado skerdyn\u0117s. Baisi tiesa apie blokad\u0105"}]},{"@type":"WebSite","@id":"https:\/\/skaitytaknyga.lt\/#website","url":"https:\/\/skaitytaknyga.lt\/","name":"skaitytaknyga.lt","description":"Skaitytaknyga.lt \u2013 tai ma\u017eas \u0161eimos verslas, kuris prasid\u0117jo nuo meil\u0117s knygoms ir siekio i\u0161gelb\u0117ti knygas nuo likimo prie konteinerio. Kas vienam nereikalingas daiktas \u2013 kitam lobis, o mes esame tarpininkai, kurie padeda abiems tapti laimingesniems ???? \u017dinome kaip nelengva i\u0161gyventi ma\u017eiems verslams, tad nuo \u0161iol, \u010dia rasite ir kit\u0173, ma\u017e\u0173 \u0161eim\u0173 versl\u0173, rank\u0173 darbo, dovan\u0173 sau ir artimiesiems.","publisher":{"@id":"https:\/\/skaitytaknyga.lt\/#organization"},"potentialAction":[{"@type":"SearchAction","target":{"@type":"EntryPoint","urlTemplate":"https:\/\/skaitytaknyga.lt\/?s={search_term_string}"},"query-input":{"@type":"PropertyValueSpecification","valueRequired":true,"valueName":"search_term_string"}}],"inLanguage":"en-GB"},{"@type":"Organization","@id":"https:\/\/skaitytaknyga.lt\/#organization","name":"skaitytaknyga.lt","url":"https:\/\/skaitytaknyga.lt\/","logo":{"@type":"ImageObject","inLanguage":"en-GB","@id":"https:\/\/skaitytaknyga.lt\/#\/schema\/logo\/image\/","url":"https:\/\/skaitytaknyga.lt\/wp-content\/uploads\/2024\/05\/cropped-cropped-cropped-02_00843_jt3bggkj1j3HLc7SyY6rEUpg.jpeg","contentUrl":"https:\/\/skaitytaknyga.lt\/wp-content\/uploads\/2024\/05\/cropped-cropped-cropped-02_00843_jt3bggkj1j3HLc7SyY6rEUpg.jpeg","width":1600,"height":1600,"caption":"skaitytaknyga.lt"},"image":{"@id":"https:\/\/skaitytaknyga.lt\/#\/schema\/logo\/image\/"},"sameAs":["https:\/\/www.facebook.com\/skaitytaknyga\/"]}]}},"_links":{"self":[{"href":"https:\/\/skaitytaknyga.lt\/en\/wp-json\/wp\/v2\/product\/16439","targetHints":{"allow":["GET"]}}],"collection":[{"href":"https:\/\/skaitytaknyga.lt\/en\/wp-json\/wp\/v2\/product"}],"about":[{"href":"https:\/\/skaitytaknyga.lt\/en\/wp-json\/wp\/v2\/types\/product"}],"replies":[{"embeddable":true,"href":"https:\/\/skaitytaknyga.lt\/en\/wp-json\/wp\/v2\/comments?post=16439"}],"wp:featuredmedia":[{"embeddable":true,"href":"https:\/\/skaitytaknyga.lt\/en\/wp-json\/wp\/v2\/media\/16459"}],"wp:attachment":[{"href":"https:\/\/skaitytaknyga.lt\/en\/wp-json\/wp\/v2\/media?parent=16439"}],"wp:term":[{"taxonomy":"product_brand","embeddable":true,"href":"https:\/\/skaitytaknyga.lt\/en\/wp-json\/wp\/v2\/product_brand?post=16439"},{"taxonomy":"product_cat","embeddable":true,"href":"https:\/\/skaitytaknyga.lt\/en\/wp-json\/wp\/v2\/product_cat?post=16439"},{"taxonomy":"product_tag","embeddable":true,"href":"https:\/\/skaitytaknyga.lt\/en\/wp-json\/wp\/v2\/product_tag?post=16439"}],"curies":[{"name":"wp","href":"https:\/\/api.w.org\/{rel}","templated":true}]}}