{"id":16438,"date":"2025-02-01T17:53:21","date_gmt":"2025-02-01T15:53:21","guid":{"rendered":"https:\/\/skaitytaknyga.lt\/?post_type=product&#038;p=16438"},"modified":"2025-06-11T09:12:36","modified_gmt":"2025-06-11T06:12:36","slug":"septyni-laiskai-is-paryziaus-atsiminimai","status":"publish","type":"product","link":"https:\/\/skaitytaknyga.lt\/en\/produktas\/septyni-laiskai-is-paryziaus-atsiminimai\/","title":{"rendered":"Septyni lai\u0161kai i\u0161 Pary\u017eiaus. Atsiminimai"},"content":{"rendered":"<p>Samanthos V\u00e9rant knyga \u201eSeptyni lai\u0161kai i\u0161 Pary\u017eiaus&#8221; \u2013 tai pirmiausia tikra istorija. Joje n\u0117ra i\u0161galvot\u0173 veik\u0117j\u0173 ar \u012fvyki\u0173. Viskas tikrai i\u0161gyventa, patirta pa\u010dios autor\u0117s. Antra, tai meil\u0117s istorija, kurios prad\u017eia \u2013 prie\u0161 du de\u0161imtme\u010dius \u012fvykusi amerikiet\u0117s ir pranc\u016bzo pa\u017eintis vienoje Pary\u017eiaus kavin\u0117je, staiga \u012fsiplieskusi aistra ir toks pat greitas i\u0161siskyrimas. Tai tikra gyvenimi\u0161ka istorija, apie kokias paprastai sakoma \u201ekaip i\u0161 knygos&#8221;. Ir b\u016btent \u0161iai istorijai buvo lemta virsti knyga apie vilt\u012f, tik\u0117jim\u0105, apie tikr\u0105 palaikym\u0105, tikr\u0105 meil\u0119 ir stipryb\u0119, kuri\u0105 ji suteikia. Tai knyga, kuri\u0105 tikrai skaitysite ne vien\u0105 kart\u0105, vis atrasdami nauj\u0173 gra\u017ei\u0173 dalyk\u0173 ir suprasdami, kad tikrai meilei jokios kli\u016btys nebaisios, jokie trukd\u017eiai negalimi, ir n\u0117ra tokio atstumo, kurio neb\u016bt\u0173 \u012fmanoma \u012fveikti, kad b\u016btum su tuo, kuris tau paties likimo si\u0173stas. Ir net dvide\u0161imt nesimatymo met\u0173 n\u0117ra per daug, nes tikri jausmai neg\u0119sta.<\/p>\n<p>Samantha Verant \u2013 jauna meninink\u0117, kelioni\u0173 aistruol\u0117, mylinti gyvenim\u0105 ir nebijanti i\u0161\u0161\u016bki\u0173. \u201eSeptyni lai\u0161kai i\u0161 Pary\u017eiaus&#8221; \u2013 puikus to \u012frodymas.<\/p>\n<p>\u201eA\u0161 sutikau \u017dan\u0105 1989-aisiais. Man buvo devynioka, jam dvide\u0161imt \u0161e\u0161eri. Jis \u2013 septyneriais metais vyresnis. Jis man para\u0161\u0117 septynis lai\u0161kus, o a\u0161 jam atsakiau tik po 20 met\u0173. Gyvenimas gali b\u016bti keistesnis ir romanti\u0161kesnis nei literat\u016bra.&#8221;<\/p>\n<p>\u201eSeptyni lai\u0161kai i\u0161 Pary\u017eiaus&#8221; \u2013 trumpa autobiografija, i\u0161 dalies kelioni\u0173 memuarai, i\u0161 dalies meil\u0117s nuotykis. Knyga i\u0161 karto patrauk\u0117 kritik\u0173 d\u0117mes\u012f ir pateko \u012f leidyklos \u201eRandom House&#8221; 2014-\u0173j\u0173 met\u0173 knyg\u0173 de\u0161imtuk\u0105. Specialistai teigia, kad \u0161iuos memuarus reikia skaityti l\u0117tai, nes reikia laiko pasim\u0117gauti kiekvienu \u017eod\u017eiu, atskleid\u017eian\u010diu kelion\u0119 per kult\u016bras ir de\u0161imtme\u010dius. \u010cia daug pasakojama apie Pranc\u016bzijos men\u0105, architekt\u016br\u0105.<\/p>\n<p>Originalus pavadinimas: Seven Letters From Paris. A Memoir<br \/>\nAutorius: Samantha V\u00e9rant<br \/>\nLeid\u0117jas: Gelm\u0117s<br \/>\nMetai: 2015<br \/>\nPuslapiai: 266<br \/>\nISBN: 9786098168334<br \/>\nVersijos kodas: PT.<br \/>\nFormatas: 14 x 21 cm, mink\u0161ti vir\u0161eliai<br \/>\nKalba: Lietuvi\u0173<br \/>\nVert\u0117jas: Vida B\u0117k\u0161tien\u0117<\/p>\n","protected":false},"excerpt":{"rendered":"<p>Samanthos V\u00e9rant knyga \u201eSeptyni lai\u0161kai i\u0161 Pary\u017eiaus&#8221; \u2013 tai pirmiausia tikra istorija. Joje n\u0117ra i\u0161galvot\u0173 veik\u0117j\u0173 ar \u012fvyki\u0173. Viskas tikrai i\u0161gyventa, patirta pa\u010dios autor\u0117s. Antra, tai meil\u0117s istorija, kurios prad\u017eia \u2013 prie\u0161 du de\u0161imtme\u010dius \u012fvykusi amerikiet\u0117s ir pranc\u016bzo pa\u017eintis vienoje Pary\u017eiaus kavin\u0117je, staiga \u012fsiplieskusi aistra ir toks pat greitas i\u0161siskyrimas. Tai tikra gyvenimi\u0161ka istorija, apie kokias paprastai sakoma \u201ekaip i\u0161 knygos&#8221;. Ir b\u016btent \u0161iai istorijai buvo lemta virsti knyga apie vilt\u012f, tik\u0117jim\u0105, apie tikr\u0105 palaikym\u0105, tikr\u0105 meil\u0119 ir stipryb\u0119, kuri\u0105 ji suteikia. Tai knyga, kuri\u0105 tikrai skaitysite ne vien\u0105 kart\u0105, vis atrasdami nauj\u0173 gra\u017ei\u0173 dalyk\u0173 ir suprasdami, kad tikrai meilei jokios kli\u016btys nebaisios, jokie trukd\u017eiai negalimi, ir n\u0117ra tokio atstumo, kurio neb\u016bt\u0173 \u012fmanoma \u012fveikti, kad b\u016btum su tuo, kuris tau paties likimo si\u0173stas. Ir net dvide\u0161imt nesimatymo met\u0173 n\u0117ra per daug, nes tikri jausmai neg\u0119sta. Samantha Verant \u2013 jauna meninink\u0117, kelioni\u0173 aistruol\u0117, mylinti gyvenim\u0105 ir nebijanti i\u0161\u0161\u016bki\u0173. \u201eSeptyni lai\u0161kai i\u0161 Pary\u017eiaus&#8221; \u2013 puikus to \u012frodymas. \u201eA\u0161 sutikau \u017dan\u0105 1989-aisiais. Man buvo devynioka, jam dvide\u0161imt \u0161e\u0161eri. Jis \u2013 septyneriais metais vyresnis. Jis man para\u0161\u0117 septynis lai\u0161kus, o a\u0161 jam atsakiau tik po 20 met\u0173. Gyvenimas gali b\u016bti keistesnis ir romanti\u0161kesnis nei literat\u016bra.&#8221; \u201eSeptyni lai\u0161kai i\u0161 Pary\u017eiaus&#8221; \u2013 trumpa autobiografija, i\u0161 dalies kelioni\u0173 memuarai, i\u0161 dalies meil\u0117s nuotykis. Knyga i\u0161 karto patrauk\u0117 kritik\u0173 d\u0117mes\u012f ir pateko \u012f leidyklos \u201eRandom House&#8221; 2014-\u0173j\u0173 met\u0173 knyg\u0173 de\u0161imtuk\u0105. Specialistai teigia, kad \u0161iuos memuarus reikia skaityti l\u0117tai, nes reikia laiko pasim\u0117gauti kiekvienu \u017eod\u017eiu, atskleid\u017eian\u010diu kelion\u0119 per kult\u016bras ir de\u0161imtme\u010dius. \u010cia daug pasakojama apie Pranc\u016bzijos men\u0105, architekt\u016br\u0105. Originalus pavadinimas: Seven Letters From Paris. A Memoir Autorius: Samantha V\u00e9rant Leid\u0117jas: Gelm\u0117s Metai: 2015 Puslapiai: 266 ISBN: 9786098168334 Versijos kodas: PT. Formatas: 14 x 21 cm, mink\u0161ti vir\u0161eliai Kalba: Lietuvi\u0173 Vert\u0117jas: Vida B\u0117k\u0161tien\u0117<\/p>\n","protected":false},"featured_media":16456,"comment_status":"open","ping_status":"closed","template":"","meta":{"_acf_changed":false,"site-sidebar-layout":"default","site-content-layout":"","ast-site-content-layout":"default","site-content-style":"default","site-sidebar-style":"default","ast-global-header-display":"","ast-banner-title-visibility":"","ast-main-header-display":"","ast-hfb-above-header-display":"","ast-hfb-below-header-display":"","ast-hfb-mobile-header-display":"","site-post-title":"","ast-breadcrumbs-content":"","ast-featured-img":"","footer-sml-layout":"","ast-disable-related-posts":"","theme-transparent-header-meta":"default","adv-header-id-meta":"","stick-header-meta":"","header-above-stick-meta":"","header-main-stick-meta":"","header-below-stick-meta":"","astra-migrate-meta-layouts":"set","ast-page-background-enabled":"default","ast-page-background-meta":{"desktop":{"background-color":"","background-image":"","background-repeat":"repeat","background-position":"center center","background-size":"auto","background-attachment":"scroll","background-type":"","background-media":"","overlay-type":"","overlay-color":"","overlay-opacity":"","overlay-gradient":""},"tablet":{"background-color":"","background-image":"","background-repeat":"repeat","background-position":"center center","background-size":"auto","background-attachment":"scroll","background-type":"","background-media":"","overlay-type":"","overlay-color":"","overlay-opacity":"","overlay-gradient":""},"mobile":{"background-color":"","background-image":"","background-repeat":"repeat","background-position":"center center","background-size":"auto","background-attachment":"scroll","background-type":"","background-media":"","overlay-type":"","overlay-color":"","overlay-opacity":"","overlay-gradient":""}},"ast-content-background-meta":{"desktop":{"background-color":"var(--ast-global-color-4)","background-image":"","background-repeat":"repeat","background-position":"center center","background-size":"auto","background-attachment":"scroll","background-type":"","background-media":"","overlay-type":"","overlay-color":"","overlay-opacity":"","overlay-gradient":""},"tablet":{"background-color":"var(--ast-global-color-4)","background-image":"","background-repeat":"repeat","background-position":"center center","background-size":"auto","background-attachment":"scroll","background-type":"","background-media":"","overlay-type":"","overlay-color":"","overlay-opacity":"","overlay-gradient":""},"mobile":{"background-color":"var(--ast-global-color-4)","background-image":"","background-repeat":"repeat","background-position":"center center","background-size":"auto","background-attachment":"scroll","background-type":"","background-media":"","overlay-type":"","overlay-color":"","overlay-opacity":"","overlay-gradient":""}}},"product_brand":[],"product_cat":[31,15],"product_tag":[4922,3109,1227,1764,4921],"class_list":{"0":"post-16438","1":"product","2":"type-product","3":"status-publish","4":"has-post-thumbnail","6":"product_cat-grozine-literatura","7":"product_cat-uncategorized","8":"product_tag-autobiografijos","9":"product_tag-meiles-istorijos","10":"product_tag-memuarai","11":"product_tag-paryzius","12":"product_tag-samantha-verant","13":"desktop-align-left","14":"tablet-align-left","15":"mobile-align-left","17":"first","18":"instock","19":"shipping-taxable","20":"purchasable","21":"product-type-simple"},"acf":[],"yoast_head":"<!-- This site is optimized with the Yoast SEO plugin v27.0 - https:\/\/yoast.com\/product\/yoast-seo-wordpress\/ -->\n<title>Septyni lai\u0161kai i\u0161 Pary\u017eiaus. Atsiminimai<\/title>\n<meta name=\"description\" content=\"Samanthos V\u00e9rant knyga \u201eSeptyni lai\u0161kai i\u0161 Pary\u017eiaus&quot; \u2013 tai pirmiausia tikra istorija. Joje n\u0117ra i\u0161galvot\u0173 veik\u0117j\u0173 ar \u012fvyki\u0173. Viskas tikrai i\u0161gyventa,\" \/>\n<meta name=\"robots\" content=\"index, follow, max-snippet:-1, max-image-preview:large, max-video-preview:-1\" \/>\n<link rel=\"canonical\" href=\"https:\/\/skaitytaknyga.lt\/en\/produktas\/septyni-laiskai-is-paryziaus-atsiminimai\/\" \/>\n<meta property=\"og:locale\" content=\"en_GB\" \/>\n<meta property=\"og:locale:alternate\" content=\"lt_LT\" \/>\n<meta property=\"og:type\" content=\"article\" \/>\n<meta property=\"og:title\" content=\"Septyni lai\u0161kai i\u0161 Pary\u017eiaus. Atsiminimai\" \/>\n<meta property=\"og:description\" content=\"Samanthos V\u00e9rant knyga \u201eSeptyni lai\u0161kai i\u0161 Pary\u017eiaus&quot; \u2013 tai pirmiausia tikra istorija. Joje n\u0117ra i\u0161galvot\u0173 veik\u0117j\u0173 ar \u012fvyki\u0173. Viskas tikrai i\u0161gyventa,\" \/>\n<meta property=\"og:url\" content=\"https:\/\/skaitytaknyga.lt\/en\/produktas\/septyni-laiskai-is-paryziaus-atsiminimai\/\" \/>\n<meta property=\"og:site_name\" content=\"Skaitytaknyga\" \/>\n<meta property=\"article:publisher\" content=\"https:\/\/www.facebook.com\/skaitytaknyga\/\" \/>\n<meta property=\"article:modified_time\" content=\"2025-06-11T06:12:36+00:00\" \/>\n<meta property=\"og:image\" content=\"https:\/\/skaitytaknyga.lt\/wp-content\/uploads\/2025\/02\/Septyni-laiskai-is-Paryziaus.-Atsiminimai.webp\" \/>\n\t<meta property=\"og:image:width\" content=\"345\" \/>\n\t<meta property=\"og:image:height\" content=\"519\" \/>\n\t<meta property=\"og:image:type\" content=\"image\/webp\" \/>\n<meta name=\"twitter:card\" content=\"summary_large_image\" \/>\n<meta name=\"twitter:label1\" content=\"Estimated reading time\" \/>\n\t<meta name=\"twitter:data1\" content=\"2 minutes\" \/>\n<script type=\"application\/ld+json\" class=\"yoast-schema-graph\">{\"@context\":\"https:\/\/schema.org\",\"@graph\":[{\"@type\":\"WebPage\",\"@id\":\"https:\/\/skaitytaknyga.lt\/produktas\/septyni-laiskai-is-paryziaus-atsiminimai\/\",\"url\":\"https:\/\/skaitytaknyga.lt\/produktas\/septyni-laiskai-is-paryziaus-atsiminimai\/\",\"name\":\"Septyni lai\u0161kai i\u0161 Pary\u017eiaus. Atsiminimai\",\"isPartOf\":{\"@id\":\"https:\/\/skaitytaknyga.lt\/#website\"},\"primaryImageOfPage\":{\"@id\":\"https:\/\/skaitytaknyga.lt\/produktas\/septyni-laiskai-is-paryziaus-atsiminimai\/#primaryimage\"},\"image\":{\"@id\":\"https:\/\/skaitytaknyga.lt\/produktas\/septyni-laiskai-is-paryziaus-atsiminimai\/#primaryimage\"},\"thumbnailUrl\":\"https:\/\/skaitytaknyga.lt\/wp-content\/uploads\/2025\/02\/Septyni-laiskai-is-Paryziaus.-Atsiminimai.webp\",\"datePublished\":\"2025-02-01T15:53:21+00:00\",\"dateModified\":\"2025-06-11T06:12:36+00:00\",\"description\":\"Samanthos V\u00e9rant knyga \u201eSeptyni lai\u0161kai i\u0161 Pary\u017eiaus\\\" \u2013 tai pirmiausia tikra istorija. Joje n\u0117ra i\u0161galvot\u0173 veik\u0117j\u0173 ar \u012fvyki\u0173. Viskas tikrai i\u0161gyventa,\",\"breadcrumb\":{\"@id\":\"https:\/\/skaitytaknyga.lt\/produktas\/septyni-laiskai-is-paryziaus-atsiminimai\/#breadcrumb\"},\"inLanguage\":\"en-GB\",\"potentialAction\":[{\"@type\":\"ReadAction\",\"target\":[\"https:\/\/skaitytaknyga.lt\/produktas\/septyni-laiskai-is-paryziaus-atsiminimai\/\"]}]},{\"@type\":\"ImageObject\",\"inLanguage\":\"en-GB\",\"@id\":\"https:\/\/skaitytaknyga.lt\/produktas\/septyni-laiskai-is-paryziaus-atsiminimai\/#primaryimage\",\"url\":\"https:\/\/skaitytaknyga.lt\/wp-content\/uploads\/2025\/02\/Septyni-laiskai-is-Paryziaus.-Atsiminimai.webp\",\"contentUrl\":\"https:\/\/skaitytaknyga.lt\/wp-content\/uploads\/2025\/02\/Septyni-laiskai-is-Paryziaus.-Atsiminimai.webp\",\"width\":345,\"height\":519,\"caption\":\"Septyni lai\u0161kai i\u0161 Pary\u017eiaus. Atsiminimai\"},{\"@type\":\"BreadcrumbList\",\"@id\":\"https:\/\/skaitytaknyga.lt\/produktas\/septyni-laiskai-is-paryziaus-atsiminimai\/#breadcrumb\",\"itemListElement\":[{\"@type\":\"ListItem\",\"position\":1,\"name\":\"Home\",\"item\":\"https:\/\/skaitytaknyga.lt\/\"},{\"@type\":\"ListItem\",\"position\":2,\"name\":\"Parduotuv\u0117\",\"item\":\"https:\/\/skaitytaknyga.lt\/knygu-parduotuve\/\"},{\"@type\":\"ListItem\",\"position\":3,\"name\":\"Septyni lai\u0161kai i\u0161 Pary\u017eiaus. Atsiminimai\"}]},{\"@type\":\"WebSite\",\"@id\":\"https:\/\/skaitytaknyga.lt\/#website\",\"url\":\"https:\/\/skaitytaknyga.lt\/\",\"name\":\"skaitytaknyga.lt\",\"description\":\"Skaitytaknyga.lt \u2013 tai ma\u017eas \u0161eimos verslas, kuris prasid\u0117jo nuo meil\u0117s knygoms ir siekio i\u0161gelb\u0117ti knygas nuo likimo prie konteinerio. Kas vienam nereikalingas daiktas \u2013 kitam lobis, o mes esame tarpininkai, kurie padeda abiems tapti laimingesniems ???? \u017dinome kaip nelengva i\u0161gyventi ma\u017eiems verslams, tad nuo \u0161iol, \u010dia rasite ir kit\u0173, ma\u017e\u0173 \u0161eim\u0173 versl\u0173, rank\u0173 darbo, dovan\u0173 sau ir artimiesiems.\",\"publisher\":{\"@id\":\"https:\/\/skaitytaknyga.lt\/#organization\"},\"potentialAction\":[{\"@type\":\"SearchAction\",\"target\":{\"@type\":\"EntryPoint\",\"urlTemplate\":\"https:\/\/skaitytaknyga.lt\/?s={search_term_string}\"},\"query-input\":{\"@type\":\"PropertyValueSpecification\",\"valueRequired\":true,\"valueName\":\"search_term_string\"}}],\"inLanguage\":\"en-GB\"},{\"@type\":\"Organization\",\"@id\":\"https:\/\/skaitytaknyga.lt\/#organization\",\"name\":\"skaitytaknyga.lt\",\"url\":\"https:\/\/skaitytaknyga.lt\/\",\"logo\":{\"@type\":\"ImageObject\",\"inLanguage\":\"en-GB\",\"@id\":\"https:\/\/skaitytaknyga.lt\/#\/schema\/logo\/image\/\",\"url\":\"https:\/\/skaitytaknyga.lt\/wp-content\/uploads\/2024\/05\/cropped-cropped-cropped-02_00843_jt3bggkj1j3HLc7SyY6rEUpg.jpeg\",\"contentUrl\":\"https:\/\/skaitytaknyga.lt\/wp-content\/uploads\/2024\/05\/cropped-cropped-cropped-02_00843_jt3bggkj1j3HLc7SyY6rEUpg.jpeg\",\"width\":1600,\"height\":1600,\"caption\":\"skaitytaknyga.lt\"},\"image\":{\"@id\":\"https:\/\/skaitytaknyga.lt\/#\/schema\/logo\/image\/\"},\"sameAs\":[\"https:\/\/www.facebook.com\/skaitytaknyga\/\"]}]}<\/script>\n<!-- \/ Yoast SEO plugin. -->","yoast_head_json":{"title":"Septyni lai\u0161kai i\u0161 Pary\u017eiaus. Atsiminimai","description":"Samanthos V\u00e9rant knyga \u201eSeptyni lai\u0161kai i\u0161 Pary\u017eiaus\" \u2013 tai pirmiausia tikra istorija. Joje n\u0117ra i\u0161galvot\u0173 veik\u0117j\u0173 ar \u012fvyki\u0173. Viskas tikrai i\u0161gyventa,","robots":{"index":"index","follow":"follow","max-snippet":"max-snippet:-1","max-image-preview":"max-image-preview:large","max-video-preview":"max-video-preview:-1"},"canonical":"https:\/\/skaitytaknyga.lt\/en\/produktas\/septyni-laiskai-is-paryziaus-atsiminimai\/","og_locale":"en_GB","og_type":"article","og_title":"[:lt]Septyni lai\u0161kai i\u0161 Pary\u017eiaus. Atsiminimai[:] - Skaitytaknyga","og_description":"Samanthos V\u00e9rant knyga \u201eSeptyni lai\u0161kai i\u0161 Pary\u017eiaus\" \u2013 tai pirmiausia tikra istorija. Joje n\u0117ra i\u0161galvot\u0173 veik\u0117j\u0173 ar \u012fvyki\u0173. Viskas tikrai i\u0161gyventa,","og_url":"https:\/\/skaitytaknyga.lt\/en\/produktas\/septyni-laiskai-is-paryziaus-atsiminimai\/","og_site_name":"Skaitytaknyga","article_publisher":"https:\/\/www.facebook.com\/skaitytaknyga\/","article_modified_time":"2025-06-11T06:12:36+00:00","og_image":[{"width":345,"height":519,"url":"https:\/\/skaitytaknyga.lt\/wp-content\/uploads\/2025\/02\/Septyni-laiskai-is-Paryziaus.-Atsiminimai.webp","type":"image\/webp"}],"twitter_card":"summary_large_image","twitter_misc":{"Estimated reading time":"2 minutes"},"schema":{"@context":"https:\/\/schema.org","@graph":[{"@type":"WebPage","@id":"https:\/\/skaitytaknyga.lt\/produktas\/septyni-laiskai-is-paryziaus-atsiminimai\/","url":"https:\/\/skaitytaknyga.lt\/produktas\/septyni-laiskai-is-paryziaus-atsiminimai\/","name":"Septyni lai\u0161kai i\u0161 Pary\u017eiaus. Atsiminimai","isPartOf":{"@id":"https:\/\/skaitytaknyga.lt\/#website"},"primaryImageOfPage":{"@id":"https:\/\/skaitytaknyga.lt\/produktas\/septyni-laiskai-is-paryziaus-atsiminimai\/#primaryimage"},"image":{"@id":"https:\/\/skaitytaknyga.lt\/produktas\/septyni-laiskai-is-paryziaus-atsiminimai\/#primaryimage"},"thumbnailUrl":"https:\/\/skaitytaknyga.lt\/wp-content\/uploads\/2025\/02\/Septyni-laiskai-is-Paryziaus.-Atsiminimai.webp","datePublished":"2025-02-01T15:53:21+00:00","dateModified":"2025-06-11T06:12:36+00:00","description":"Samanthos V\u00e9rant knyga \u201eSeptyni lai\u0161kai i\u0161 Pary\u017eiaus\" \u2013 tai pirmiausia tikra istorija. Joje n\u0117ra i\u0161galvot\u0173 veik\u0117j\u0173 ar \u012fvyki\u0173. Viskas tikrai i\u0161gyventa,","breadcrumb":{"@id":"https:\/\/skaitytaknyga.lt\/produktas\/septyni-laiskai-is-paryziaus-atsiminimai\/#breadcrumb"},"inLanguage":"en-GB","potentialAction":[{"@type":"ReadAction","target":["https:\/\/skaitytaknyga.lt\/produktas\/septyni-laiskai-is-paryziaus-atsiminimai\/"]}]},{"@type":"ImageObject","inLanguage":"en-GB","@id":"https:\/\/skaitytaknyga.lt\/produktas\/septyni-laiskai-is-paryziaus-atsiminimai\/#primaryimage","url":"https:\/\/skaitytaknyga.lt\/wp-content\/uploads\/2025\/02\/Septyni-laiskai-is-Paryziaus.-Atsiminimai.webp","contentUrl":"https:\/\/skaitytaknyga.lt\/wp-content\/uploads\/2025\/02\/Septyni-laiskai-is-Paryziaus.-Atsiminimai.webp","width":345,"height":519,"caption":"Septyni lai\u0161kai i\u0161 Pary\u017eiaus. Atsiminimai"},{"@type":"BreadcrumbList","@id":"https:\/\/skaitytaknyga.lt\/produktas\/septyni-laiskai-is-paryziaus-atsiminimai\/#breadcrumb","itemListElement":[{"@type":"ListItem","position":1,"name":"Home","item":"https:\/\/skaitytaknyga.lt\/"},{"@type":"ListItem","position":2,"name":"Parduotuv\u0117","item":"https:\/\/skaitytaknyga.lt\/knygu-parduotuve\/"},{"@type":"ListItem","position":3,"name":"Septyni lai\u0161kai i\u0161 Pary\u017eiaus. Atsiminimai"}]},{"@type":"WebSite","@id":"https:\/\/skaitytaknyga.lt\/#website","url":"https:\/\/skaitytaknyga.lt\/","name":"skaitytaknyga.lt","description":"Skaitytaknyga.lt \u2013 tai ma\u017eas \u0161eimos verslas, kuris prasid\u0117jo nuo meil\u0117s knygoms ir siekio i\u0161gelb\u0117ti knygas nuo likimo prie konteinerio. Kas vienam nereikalingas daiktas \u2013 kitam lobis, o mes esame tarpininkai, kurie padeda abiems tapti laimingesniems ???? \u017dinome kaip nelengva i\u0161gyventi ma\u017eiems verslams, tad nuo \u0161iol, \u010dia rasite ir kit\u0173, ma\u017e\u0173 \u0161eim\u0173 versl\u0173, rank\u0173 darbo, dovan\u0173 sau ir artimiesiems.","publisher":{"@id":"https:\/\/skaitytaknyga.lt\/#organization"},"potentialAction":[{"@type":"SearchAction","target":{"@type":"EntryPoint","urlTemplate":"https:\/\/skaitytaknyga.lt\/?s={search_term_string}"},"query-input":{"@type":"PropertyValueSpecification","valueRequired":true,"valueName":"search_term_string"}}],"inLanguage":"en-GB"},{"@type":"Organization","@id":"https:\/\/skaitytaknyga.lt\/#organization","name":"skaitytaknyga.lt","url":"https:\/\/skaitytaknyga.lt\/","logo":{"@type":"ImageObject","inLanguage":"en-GB","@id":"https:\/\/skaitytaknyga.lt\/#\/schema\/logo\/image\/","url":"https:\/\/skaitytaknyga.lt\/wp-content\/uploads\/2024\/05\/cropped-cropped-cropped-02_00843_jt3bggkj1j3HLc7SyY6rEUpg.jpeg","contentUrl":"https:\/\/skaitytaknyga.lt\/wp-content\/uploads\/2024\/05\/cropped-cropped-cropped-02_00843_jt3bggkj1j3HLc7SyY6rEUpg.jpeg","width":1600,"height":1600,"caption":"skaitytaknyga.lt"},"image":{"@id":"https:\/\/skaitytaknyga.lt\/#\/schema\/logo\/image\/"},"sameAs":["https:\/\/www.facebook.com\/skaitytaknyga\/"]}]}},"_links":{"self":[{"href":"https:\/\/skaitytaknyga.lt\/en\/wp-json\/wp\/v2\/product\/16438","targetHints":{"allow":["GET"]}}],"collection":[{"href":"https:\/\/skaitytaknyga.lt\/en\/wp-json\/wp\/v2\/product"}],"about":[{"href":"https:\/\/skaitytaknyga.lt\/en\/wp-json\/wp\/v2\/types\/product"}],"replies":[{"embeddable":true,"href":"https:\/\/skaitytaknyga.lt\/en\/wp-json\/wp\/v2\/comments?post=16438"}],"wp:featuredmedia":[{"embeddable":true,"href":"https:\/\/skaitytaknyga.lt\/en\/wp-json\/wp\/v2\/media\/16456"}],"wp:attachment":[{"href":"https:\/\/skaitytaknyga.lt\/en\/wp-json\/wp\/v2\/media?parent=16438"}],"wp:term":[{"taxonomy":"product_brand","embeddable":true,"href":"https:\/\/skaitytaknyga.lt\/en\/wp-json\/wp\/v2\/product_brand?post=16438"},{"taxonomy":"product_cat","embeddable":true,"href":"https:\/\/skaitytaknyga.lt\/en\/wp-json\/wp\/v2\/product_cat?post=16438"},{"taxonomy":"product_tag","embeddable":true,"href":"https:\/\/skaitytaknyga.lt\/en\/wp-json\/wp\/v2\/product_tag?post=16438"}],"curies":[{"name":"wp","href":"https:\/\/api.w.org\/{rel}","templated":true}]}}