{"id":16437,"date":"2025-02-01T17:53:21","date_gmt":"2025-02-01T15:53:21","guid":{"rendered":"https:\/\/skaitytaknyga.lt\/?post_type=product&#038;p=16437"},"modified":"2025-11-06T11:23:27","modified_gmt":"2025-11-06T09:23:27","slug":"kaip-tapti-dama-1-dalis","status":"publish","type":"product","link":"https:\/\/skaitytaknyga.lt\/en\/produktas\/kaip-tapti-dama-1-dalis\/","title":{"rendered":"Kaip tapti dama. 1 dalis"},"content":{"rendered":"<p>Egl\u0117 Zakarait\u0117 \u2013 harmoningo gyvenimo lektor\u0117, \u012fkv\u0117p\u0117ja tobul\u0117ti, asmenini\u0173 poky\u010di\u0173 konsultant\u0117. S\u0117kmingai pritaikiusi savo \u017einias, jau 5 metus valdo \u012fvairius verslo projektus. Teikia individualias ir grupines asmeninio tobul\u0117jimo konsultacijas. Ji tiki, kad viskas gyvenime priklauso nuo m\u016bs\u0173 pa\u010di\u0173: min\u010di\u0173, \u017eod\u017ei\u0173 ir veiksm\u0173. \u201eNiekas \u2013 neturi teis\u0117s smerkti kito \u017emogaus u\u017e jo klaidas, nes niekas ne\u017eino kas j\u012f privert\u0117 gyvenime suklysti. N\u0117ra ideali\u0173 \u017emoni\u0173. Tod\u0117l nevaidinkime visa\u017einiais ir nefantazuokime apie neb\u016btus dalykus, jei ne\u017einome tikrosios \u017emogaus gyvenimo praeities&#8221;.<\/p>\n<p>\u201eKaip tapti dama\u201c \u2013 tai knyga apie am\u017ein\u0105sias gyvenimo vertybes, kurios kovoja su am\u017einai egzistuojan\u010diu blogiu.<\/p>\n<p>Pagrindin\u0117 knygos heroj\u0117 Marina \u012fsimyli milijonieri\u0173 Mari\u0173. Ta\u010diau atsitinka taip, kad jis naktiniame klube j\u0105 apsvaigina, o kitos dienos ryt\u0105 pabudusi mergina nieko neprisimena. Netrukus Marina susipa\u017e\u012fsta su nauju vaikinu Anatolijumi, kuris pasi\u016blo u\u017esidirbti pinig\u0173 \u2013 internete ie\u0161koti mergin\u0173 modeli\u0173, norin\u010di\u0173 brangiai parduoti savo laik\u0105 turtingiems vyrams Italijoje. Viskas klost\u0117si gerai iki to momento, kol Marina su\u017eino, kad viena jos rast\u0173 mergin\u0173 \u017eiauriai nu\u017eudyta Italijoje.<\/p>\n<p>Pagrindin\u0117 knygos heroj\u0117 \u012fsimyli skol\u0173 turint\u012f ir moksl\u0173 nebaigus\u012f student\u0105 Edgar\u0105. Kai jie apsigyvena kartu, mergina supranta, kad gyvena ne taip, kaip svajojo. Vien\u0105 dien\u0105 Marina nusprend\u017eia keistis, tod\u0117l nuvyksta pas senol\u0119 Oli\u0105. Senol\u0117 pateikia merginai i\u0161minting\u0173 patarim\u0173, kaip pakeisti savo po\u017ei\u016br\u012f \u012f gyvenim\u0105. Kai Marina ima kitaip \u017evelgti \u012f gyvenim\u0105, viskas stebuklingai pradeda taisytis. Kol vien\u0105 dien\u0105&#8230; praeitis sugr\u012f\u017eta.                                                                                                                                 Autorius: Egl\u0117 Zakarait\u0117<br \/>\nLeid\u0117jas: Egl\u0117 Zakarait\u0117<br \/>\nMetai: 2019<br \/>\nPuslapiai: 222<br \/>\nISBN: 9786094087905<br \/>\nFormatas: 14 x 21 x 2 cm, mink\u0161ti vir\u0161eliai<br \/>\nKalba: Lietuvi\u0173<\/p>\n","protected":false},"excerpt":{"rendered":"<p>Egl\u0117 Zakarait\u0117 \u2013 harmoningo gyvenimo lektor\u0117, \u012fkv\u0117p\u0117ja tobul\u0117ti, asmenini\u0173 poky\u010di\u0173 konsultant\u0117. S\u0117kmingai pritaikiusi savo \u017einias, jau 5 metus valdo \u012fvairius verslo projektus. Teikia individualias ir grupines asmeninio tobul\u0117jimo konsultacijas. Ji tiki, kad viskas gyvenime priklauso nuo m\u016bs\u0173 pa\u010di\u0173: min\u010di\u0173, \u017eod\u017ei\u0173 ir veiksm\u0173. \u201eNiekas \u2013 neturi teis\u0117s smerkti kito \u017emogaus u\u017e jo klaidas, nes niekas ne\u017eino kas j\u012f privert\u0117 gyvenime suklysti. N\u0117ra ideali\u0173 \u017emoni\u0173. Tod\u0117l nevaidinkime visa\u017einiais ir nefantazuokime apie neb\u016btus dalykus, jei ne\u017einome tikrosios \u017emogaus gyvenimo praeities&#8221;. \u201eKaip tapti dama\u201c \u2013 tai knyga apie am\u017ein\u0105sias gyvenimo vertybes, kurios kovoja su am\u017einai egzistuojan\u010diu blogiu. Pagrindin\u0117 knygos heroj\u0117 Marina \u012fsimyli milijonieri\u0173 Mari\u0173. Ta\u010diau atsitinka taip, kad jis naktiniame klube j\u0105 apsvaigina, o kitos dienos ryt\u0105 pabudusi mergina nieko neprisimena. Netrukus Marina susipa\u017e\u012fsta su nauju vaikinu Anatolijumi, kuris pasi\u016blo u\u017esidirbti pinig\u0173 \u2013 internete ie\u0161koti mergin\u0173 modeli\u0173, norin\u010di\u0173 brangiai parduoti savo laik\u0105 turtingiems vyrams Italijoje. Viskas klost\u0117si gerai iki to momento, kol Marina su\u017eino, kad viena jos rast\u0173 mergin\u0173 \u017eiauriai nu\u017eudyta Italijoje. Pagrindin\u0117 knygos heroj\u0117 \u012fsimyli skol\u0173 turint\u012f ir moksl\u0173 nebaigus\u012f student\u0105 Edgar\u0105. Kai jie apsigyvena kartu, mergina supranta, kad gyvena ne taip, kaip svajojo. Vien\u0105 dien\u0105 Marina nusprend\u017eia keistis, tod\u0117l nuvyksta pas senol\u0119 Oli\u0105. Senol\u0117 pateikia merginai i\u0161minting\u0173 patarim\u0173, kaip pakeisti savo po\u017ei\u016br\u012f \u012f gyvenim\u0105. Kai Marina ima kitaip \u017evelgti \u012f gyvenim\u0105, viskas stebuklingai pradeda taisytis. Kol vien\u0105 dien\u0105&#8230; praeitis sugr\u012f\u017eta. Autorius: Egl\u0117 Zakarait\u0117 Leid\u0117jas: Egl\u0117 Zakarait\u0117 Metai: 2019 Puslapiai: 222 ISBN: 9786094087905 Formatas: 14 x 21 x 2 cm, mink\u0161ti vir\u0161eliai Kalba: Lietuvi\u0173<\/p>\n","protected":false},"featured_media":16448,"comment_status":"open","ping_status":"closed","template":"","meta":{"_acf_changed":false,"site-sidebar-layout":"default","site-content-layout":"","ast-site-content-layout":"default","site-content-style":"default","site-sidebar-style":"default","ast-global-header-display":"","ast-banner-title-visibility":"","ast-main-header-display":"","ast-hfb-above-header-display":"","ast-hfb-below-header-display":"","ast-hfb-mobile-header-display":"","site-post-title":"","ast-breadcrumbs-content":"","ast-featured-img":"","footer-sml-layout":"","ast-disable-related-posts":"","theme-transparent-header-meta":"default","adv-header-id-meta":"","stick-header-meta":"","header-above-stick-meta":"","header-main-stick-meta":"","header-below-stick-meta":"","astra-migrate-meta-layouts":"set","ast-page-background-enabled":"default","ast-page-background-meta":{"desktop":{"background-color":"","background-image":"","background-repeat":"repeat","background-position":"center center","background-size":"auto","background-attachment":"scroll","background-type":"","background-media":"","overlay-type":"","overlay-color":"","overlay-opacity":"","overlay-gradient":""},"tablet":{"background-color":"","background-image":"","background-repeat":"repeat","background-position":"center center","background-size":"auto","background-attachment":"scroll","background-type":"","background-media":"","overlay-type":"","overlay-color":"","overlay-opacity":"","overlay-gradient":""},"mobile":{"background-color":"","background-image":"","background-repeat":"repeat","background-position":"center center","background-size":"auto","background-attachment":"scroll","background-type":"","background-media":"","overlay-type":"","overlay-color":"","overlay-opacity":"","overlay-gradient":""}},"ast-content-background-meta":{"desktop":{"background-color":"var(--ast-global-color-4)","background-image":"","background-repeat":"repeat","background-position":"center center","background-size":"auto","background-attachment":"scroll","background-type":"","background-media":"","overlay-type":"","overlay-color":"","overlay-opacity":"","overlay-gradient":""},"tablet":{"background-color":"var(--ast-global-color-4)","background-image":"","background-repeat":"repeat","background-position":"center center","background-size":"auto","background-attachment":"scroll","background-type":"","background-media":"","overlay-type":"","overlay-color":"","overlay-opacity":"","overlay-gradient":""},"mobile":{"background-color":"var(--ast-global-color-4)","background-image":"","background-repeat":"repeat","background-position":"center center","background-size":"auto","background-attachment":"scroll","background-type":"","background-media":"","overlay-type":"","overlay-color":"","overlay-opacity":"","overlay-gradient":""}}},"product_brand":[],"product_cat":[31,15],"product_tag":[],"class_list":{"0":"post-16437","1":"product","2":"type-product","3":"status-publish","4":"has-post-thumbnail","6":"product_cat-grozine-literatura","7":"product_cat-uncategorized","8":"desktop-align-left","9":"tablet-align-left","10":"mobile-align-left","12":"first","13":"outofstock","14":"shipping-taxable","15":"purchasable","16":"product-type-simple"},"acf":[],"yoast_head":"<!-- This site is optimized with the Yoast SEO plugin v27.0 - https:\/\/yoast.com\/product\/yoast-seo-wordpress\/ -->\n<title>Kaip tapti dama. 1 dalis<\/title>\n<meta name=\"description\" content=\"Egl\u0117 Zakarait\u0117 \u2013 harmoningo gyvenimo lektor\u0117, \u012fkv\u0117p\u0117ja tobul\u0117ti, asmenini\u0173 poky\u010di\u0173 konsultant\u0117. S\u0117kmingai pritaikiusi savo \u017einias, jau 5 metus valdo\" \/>\n<meta name=\"robots\" content=\"index, follow, max-snippet:-1, max-image-preview:large, max-video-preview:-1\" \/>\n<link rel=\"canonical\" href=\"https:\/\/skaitytaknyga.lt\/en\/produktas\/kaip-tapti-dama-1-dalis\/\" \/>\n<meta property=\"og:locale\" content=\"en_GB\" \/>\n<meta property=\"og:locale:alternate\" content=\"lt_LT\" \/>\n<meta property=\"og:type\" content=\"article\" \/>\n<meta property=\"og:title\" content=\"Kaip tapti dama. 1 dalis\" \/>\n<meta property=\"og:description\" content=\"Egl\u0117 Zakarait\u0117 \u2013 harmoningo gyvenimo lektor\u0117, \u012fkv\u0117p\u0117ja tobul\u0117ti, asmenini\u0173 poky\u010di\u0173 konsultant\u0117. S\u0117kmingai pritaikiusi savo \u017einias, jau 5 metus valdo\" \/>\n<meta property=\"og:url\" content=\"https:\/\/skaitytaknyga.lt\/en\/produktas\/kaip-tapti-dama-1-dalis\/\" \/>\n<meta property=\"og:site_name\" content=\"Skaitytaknyga\" \/>\n<meta property=\"article:publisher\" content=\"https:\/\/www.facebook.com\/skaitytaknyga\/\" \/>\n<meta property=\"article:modified_time\" content=\"2025-11-06T09:23:27+00:00\" \/>\n<meta property=\"og:image\" content=\"https:\/\/skaitytaknyga.lt\/wp-content\/uploads\/2025\/02\/Kaip-tapti-dama.-1-dalis.jpg\" \/>\n\t<meta property=\"og:image:width\" content=\"800\" \/>\n\t<meta property=\"og:image:height\" content=\"800\" \/>\n\t<meta property=\"og:image:type\" content=\"image\/jpeg\" \/>\n<meta name=\"twitter:card\" content=\"summary_large_image\" \/>\n<meta name=\"twitter:label1\" content=\"Estimated reading time\" \/>\n\t<meta name=\"twitter:data1\" content=\"2 minutes\" \/>\n<script type=\"application\/ld+json\" class=\"yoast-schema-graph\">{\"@context\":\"https:\/\/schema.org\",\"@graph\":[{\"@type\":\"WebPage\",\"@id\":\"https:\/\/skaitytaknyga.lt\/produktas\/kaip-tapti-dama-1-dalis\/\",\"url\":\"https:\/\/skaitytaknyga.lt\/produktas\/kaip-tapti-dama-1-dalis\/\",\"name\":\"Kaip tapti dama. 1 dalis\",\"isPartOf\":{\"@id\":\"https:\/\/skaitytaknyga.lt\/#website\"},\"primaryImageOfPage\":{\"@id\":\"https:\/\/skaitytaknyga.lt\/produktas\/kaip-tapti-dama-1-dalis\/#primaryimage\"},\"image\":{\"@id\":\"https:\/\/skaitytaknyga.lt\/produktas\/kaip-tapti-dama-1-dalis\/#primaryimage\"},\"thumbnailUrl\":\"https:\/\/skaitytaknyga.lt\/wp-content\/uploads\/2025\/02\/Kaip-tapti-dama.-1-dalis.jpg\",\"datePublished\":\"2025-02-01T15:53:21+00:00\",\"dateModified\":\"2025-11-06T09:23:27+00:00\",\"description\":\"Egl\u0117 Zakarait\u0117 \u2013 harmoningo gyvenimo lektor\u0117, \u012fkv\u0117p\u0117ja tobul\u0117ti, asmenini\u0173 poky\u010di\u0173 konsultant\u0117. S\u0117kmingai pritaikiusi savo \u017einias, jau 5 metus valdo\",\"breadcrumb\":{\"@id\":\"https:\/\/skaitytaknyga.lt\/produktas\/kaip-tapti-dama-1-dalis\/#breadcrumb\"},\"inLanguage\":\"en-GB\",\"potentialAction\":[{\"@type\":\"ReadAction\",\"target\":[\"https:\/\/skaitytaknyga.lt\/produktas\/kaip-tapti-dama-1-dalis\/\"]}]},{\"@type\":\"ImageObject\",\"inLanguage\":\"en-GB\",\"@id\":\"https:\/\/skaitytaknyga.lt\/produktas\/kaip-tapti-dama-1-dalis\/#primaryimage\",\"url\":\"https:\/\/skaitytaknyga.lt\/wp-content\/uploads\/2025\/02\/Kaip-tapti-dama.-1-dalis.jpg\",\"contentUrl\":\"https:\/\/skaitytaknyga.lt\/wp-content\/uploads\/2025\/02\/Kaip-tapti-dama.-1-dalis.jpg\",\"width\":800,\"height\":800,\"caption\":\"Kaip tapti dama. 1 dalis\"},{\"@type\":\"BreadcrumbList\",\"@id\":\"https:\/\/skaitytaknyga.lt\/produktas\/kaip-tapti-dama-1-dalis\/#breadcrumb\",\"itemListElement\":[{\"@type\":\"ListItem\",\"position\":1,\"name\":\"Home\",\"item\":\"https:\/\/skaitytaknyga.lt\/\"},{\"@type\":\"ListItem\",\"position\":2,\"name\":\"Parduotuv\u0117\",\"item\":\"https:\/\/skaitytaknyga.lt\/knygu-parduotuve\/\"},{\"@type\":\"ListItem\",\"position\":3,\"name\":\"Kaip tapti dama. 1 dalis\"}]},{\"@type\":\"WebSite\",\"@id\":\"https:\/\/skaitytaknyga.lt\/#website\",\"url\":\"https:\/\/skaitytaknyga.lt\/\",\"name\":\"skaitytaknyga.lt\",\"description\":\"Skaitytaknyga.lt \u2013 tai ma\u017eas \u0161eimos verslas, kuris prasid\u0117jo nuo meil\u0117s knygoms ir siekio i\u0161gelb\u0117ti knygas nuo likimo prie konteinerio. Kas vienam nereikalingas daiktas \u2013 kitam lobis, o mes esame tarpininkai, kurie padeda abiems tapti laimingesniems ???? \u017dinome kaip nelengva i\u0161gyventi ma\u017eiems verslams, tad nuo \u0161iol, \u010dia rasite ir kit\u0173, ma\u017e\u0173 \u0161eim\u0173 versl\u0173, rank\u0173 darbo, dovan\u0173 sau ir artimiesiems.\",\"publisher\":{\"@id\":\"https:\/\/skaitytaknyga.lt\/#organization\"},\"potentialAction\":[{\"@type\":\"SearchAction\",\"target\":{\"@type\":\"EntryPoint\",\"urlTemplate\":\"https:\/\/skaitytaknyga.lt\/?s={search_term_string}\"},\"query-input\":{\"@type\":\"PropertyValueSpecification\",\"valueRequired\":true,\"valueName\":\"search_term_string\"}}],\"inLanguage\":\"en-GB\"},{\"@type\":\"Organization\",\"@id\":\"https:\/\/skaitytaknyga.lt\/#organization\",\"name\":\"skaitytaknyga.lt\",\"url\":\"https:\/\/skaitytaknyga.lt\/\",\"logo\":{\"@type\":\"ImageObject\",\"inLanguage\":\"en-GB\",\"@id\":\"https:\/\/skaitytaknyga.lt\/#\/schema\/logo\/image\/\",\"url\":\"https:\/\/skaitytaknyga.lt\/wp-content\/uploads\/2024\/05\/cropped-cropped-cropped-02_00843_jt3bggkj1j3HLc7SyY6rEUpg.jpeg\",\"contentUrl\":\"https:\/\/skaitytaknyga.lt\/wp-content\/uploads\/2024\/05\/cropped-cropped-cropped-02_00843_jt3bggkj1j3HLc7SyY6rEUpg.jpeg\",\"width\":1600,\"height\":1600,\"caption\":\"skaitytaknyga.lt\"},\"image\":{\"@id\":\"https:\/\/skaitytaknyga.lt\/#\/schema\/logo\/image\/\"},\"sameAs\":[\"https:\/\/www.facebook.com\/skaitytaknyga\/\"]}]}<\/script>\n<!-- \/ Yoast SEO plugin. -->","yoast_head_json":{"title":"Kaip tapti dama. 1 dalis","description":"Egl\u0117 Zakarait\u0117 \u2013 harmoningo gyvenimo lektor\u0117, \u012fkv\u0117p\u0117ja tobul\u0117ti, asmenini\u0173 poky\u010di\u0173 konsultant\u0117. S\u0117kmingai pritaikiusi savo \u017einias, jau 5 metus valdo","robots":{"index":"index","follow":"follow","max-snippet":"max-snippet:-1","max-image-preview":"max-image-preview:large","max-video-preview":"max-video-preview:-1"},"canonical":"https:\/\/skaitytaknyga.lt\/en\/produktas\/kaip-tapti-dama-1-dalis\/","og_locale":"en_GB","og_type":"article","og_title":"[:lt]Kaip tapti dama. 1 dalis[:] - Skaitytaknyga","og_description":"Egl\u0117 Zakarait\u0117 \u2013 harmoningo gyvenimo lektor\u0117, \u012fkv\u0117p\u0117ja tobul\u0117ti, asmenini\u0173 poky\u010di\u0173 konsultant\u0117. S\u0117kmingai pritaikiusi savo \u017einias, jau 5 metus valdo","og_url":"https:\/\/skaitytaknyga.lt\/en\/produktas\/kaip-tapti-dama-1-dalis\/","og_site_name":"Skaitytaknyga","article_publisher":"https:\/\/www.facebook.com\/skaitytaknyga\/","article_modified_time":"2025-11-06T09:23:27+00:00","og_image":[{"width":800,"height":800,"url":"https:\/\/skaitytaknyga.lt\/wp-content\/uploads\/2025\/02\/Kaip-tapti-dama.-1-dalis.jpg","type":"image\/jpeg"}],"twitter_card":"summary_large_image","twitter_misc":{"Estimated reading time":"2 minutes"},"schema":{"@context":"https:\/\/schema.org","@graph":[{"@type":"WebPage","@id":"https:\/\/skaitytaknyga.lt\/produktas\/kaip-tapti-dama-1-dalis\/","url":"https:\/\/skaitytaknyga.lt\/produktas\/kaip-tapti-dama-1-dalis\/","name":"Kaip tapti dama. 1 dalis","isPartOf":{"@id":"https:\/\/skaitytaknyga.lt\/#website"},"primaryImageOfPage":{"@id":"https:\/\/skaitytaknyga.lt\/produktas\/kaip-tapti-dama-1-dalis\/#primaryimage"},"image":{"@id":"https:\/\/skaitytaknyga.lt\/produktas\/kaip-tapti-dama-1-dalis\/#primaryimage"},"thumbnailUrl":"https:\/\/skaitytaknyga.lt\/wp-content\/uploads\/2025\/02\/Kaip-tapti-dama.-1-dalis.jpg","datePublished":"2025-02-01T15:53:21+00:00","dateModified":"2025-11-06T09:23:27+00:00","description":"Egl\u0117 Zakarait\u0117 \u2013 harmoningo gyvenimo lektor\u0117, \u012fkv\u0117p\u0117ja tobul\u0117ti, asmenini\u0173 poky\u010di\u0173 konsultant\u0117. S\u0117kmingai pritaikiusi savo \u017einias, jau 5 metus valdo","breadcrumb":{"@id":"https:\/\/skaitytaknyga.lt\/produktas\/kaip-tapti-dama-1-dalis\/#breadcrumb"},"inLanguage":"en-GB","potentialAction":[{"@type":"ReadAction","target":["https:\/\/skaitytaknyga.lt\/produktas\/kaip-tapti-dama-1-dalis\/"]}]},{"@type":"ImageObject","inLanguage":"en-GB","@id":"https:\/\/skaitytaknyga.lt\/produktas\/kaip-tapti-dama-1-dalis\/#primaryimage","url":"https:\/\/skaitytaknyga.lt\/wp-content\/uploads\/2025\/02\/Kaip-tapti-dama.-1-dalis.jpg","contentUrl":"https:\/\/skaitytaknyga.lt\/wp-content\/uploads\/2025\/02\/Kaip-tapti-dama.-1-dalis.jpg","width":800,"height":800,"caption":"Kaip tapti dama. 1 dalis"},{"@type":"BreadcrumbList","@id":"https:\/\/skaitytaknyga.lt\/produktas\/kaip-tapti-dama-1-dalis\/#breadcrumb","itemListElement":[{"@type":"ListItem","position":1,"name":"Home","item":"https:\/\/skaitytaknyga.lt\/"},{"@type":"ListItem","position":2,"name":"Parduotuv\u0117","item":"https:\/\/skaitytaknyga.lt\/knygu-parduotuve\/"},{"@type":"ListItem","position":3,"name":"Kaip tapti dama. 1 dalis"}]},{"@type":"WebSite","@id":"https:\/\/skaitytaknyga.lt\/#website","url":"https:\/\/skaitytaknyga.lt\/","name":"skaitytaknyga.lt","description":"Skaitytaknyga.lt \u2013 tai ma\u017eas \u0161eimos verslas, kuris prasid\u0117jo nuo meil\u0117s knygoms ir siekio i\u0161gelb\u0117ti knygas nuo likimo prie konteinerio. Kas vienam nereikalingas daiktas \u2013 kitam lobis, o mes esame tarpininkai, kurie padeda abiems tapti laimingesniems ???? \u017dinome kaip nelengva i\u0161gyventi ma\u017eiems verslams, tad nuo \u0161iol, \u010dia rasite ir kit\u0173, ma\u017e\u0173 \u0161eim\u0173 versl\u0173, rank\u0173 darbo, dovan\u0173 sau ir artimiesiems.","publisher":{"@id":"https:\/\/skaitytaknyga.lt\/#organization"},"potentialAction":[{"@type":"SearchAction","target":{"@type":"EntryPoint","urlTemplate":"https:\/\/skaitytaknyga.lt\/?s={search_term_string}"},"query-input":{"@type":"PropertyValueSpecification","valueRequired":true,"valueName":"search_term_string"}}],"inLanguage":"en-GB"},{"@type":"Organization","@id":"https:\/\/skaitytaknyga.lt\/#organization","name":"skaitytaknyga.lt","url":"https:\/\/skaitytaknyga.lt\/","logo":{"@type":"ImageObject","inLanguage":"en-GB","@id":"https:\/\/skaitytaknyga.lt\/#\/schema\/logo\/image\/","url":"https:\/\/skaitytaknyga.lt\/wp-content\/uploads\/2024\/05\/cropped-cropped-cropped-02_00843_jt3bggkj1j3HLc7SyY6rEUpg.jpeg","contentUrl":"https:\/\/skaitytaknyga.lt\/wp-content\/uploads\/2024\/05\/cropped-cropped-cropped-02_00843_jt3bggkj1j3HLc7SyY6rEUpg.jpeg","width":1600,"height":1600,"caption":"skaitytaknyga.lt"},"image":{"@id":"https:\/\/skaitytaknyga.lt\/#\/schema\/logo\/image\/"},"sameAs":["https:\/\/www.facebook.com\/skaitytaknyga\/"]}]}},"_links":{"self":[{"href":"https:\/\/skaitytaknyga.lt\/en\/wp-json\/wp\/v2\/product\/16437","targetHints":{"allow":["GET"]}}],"collection":[{"href":"https:\/\/skaitytaknyga.lt\/en\/wp-json\/wp\/v2\/product"}],"about":[{"href":"https:\/\/skaitytaknyga.lt\/en\/wp-json\/wp\/v2\/types\/product"}],"replies":[{"embeddable":true,"href":"https:\/\/skaitytaknyga.lt\/en\/wp-json\/wp\/v2\/comments?post=16437"}],"wp:featuredmedia":[{"embeddable":true,"href":"https:\/\/skaitytaknyga.lt\/en\/wp-json\/wp\/v2\/media\/16448"}],"wp:attachment":[{"href":"https:\/\/skaitytaknyga.lt\/en\/wp-json\/wp\/v2\/media?parent=16437"}],"wp:term":[{"taxonomy":"product_brand","embeddable":true,"href":"https:\/\/skaitytaknyga.lt\/en\/wp-json\/wp\/v2\/product_brand?post=16437"},{"taxonomy":"product_cat","embeddable":true,"href":"https:\/\/skaitytaknyga.lt\/en\/wp-json\/wp\/v2\/product_cat?post=16437"},{"taxonomy":"product_tag","embeddable":true,"href":"https:\/\/skaitytaknyga.lt\/en\/wp-json\/wp\/v2\/product_tag?post=16437"}],"curies":[{"name":"wp","href":"https:\/\/api.w.org\/{rel}","templated":true}]}}