{"id":16429,"date":"2025-02-01T17:41:57","date_gmt":"2025-02-01T15:41:57","guid":{"rendered":"https:\/\/skaitytaknyga.lt\/?post_type=product&#038;p=16429"},"modified":"2026-03-05T15:12:52","modified_gmt":"2026-03-05T13:12:52","slug":"x-failai-3-tigre-tigre","status":"publish","type":"product","link":"https:\/\/skaitytaknyga.lt\/en\/produktas\/x-failai-3-tigre-tigre\/","title":{"rendered":"X failai 3. Tigre, tigre"},"content":{"rendered":"<p>FTB mano, kad agentas Foksas Malderis yra pami\u0161\u0119s ar \u0161velniai tariant keistas. Jis u\u017esispyr\u0119s tvirtina, kad \u017eem\u0117je siaut\u0117ja kito pasaulio gyventojai. \u017davi ir \u0161altakrauji\u0161ka partner\u0117 Dein\u0117 Skali \u012fpareigota j\u012f pa\u017eaboti.<\/p>\n<p>Ta\u010diau tyrin\u0117jant Oregono vidurin\u0117s mokyklos klas\u0119, piln\u0105 lavon\u0173 ir vaik\u0161\u010diojan\u010di\u0173 numir\u0117li\u0173, u\u017eduot\u012f \u012fvykdyti nelengva. Malderio versijos apie 1989-\u0173j\u0173 met\u0173 klas\u0119 yra daugiau negu keistos &#8211; pasaulyje, kuriame protai i\u0161jungiami kaip \u0161viesos, k\u016bnai pa\u017eenklinami ne\u017eemi\u0161ko pasaulio randais, o naktis pratr\u016bksta akinan\u010diu blogiu.<\/p>\n<p>Foksas Malderis galb\u016bt visai ir ne keistas, gal jis kaip tik yra tas \u017emogus, \u017einantis atsakymus, kuri\u0173 niekas nenori klausytis&#8230;<\/p>\n<p>Autorius: Les Martin<br \/>\nLeid\u0117jas: Markas<br \/>\nMetai: 1997<br \/>\nPuslapiai: 106<br \/>\nISBN-10: 9986482496<br \/>\nISBN-13: 9789986482499<br \/>\nFormatas: 13 x 19 cm, mink\u0161ti vir\u0161eliai<br \/>\nKalba: Lietuvi\u0173<br \/>\nVert\u0117jas: Audra Uogintien\u0117<\/p>\n","protected":false},"excerpt":{"rendered":"<p>FTB mano, kad agentas Foksas Malderis yra pami\u0161\u0119s ar \u0161velniai tariant keistas. Jis u\u017esispyr\u0119s tvirtina, kad \u017eem\u0117je siaut\u0117ja kito pasaulio gyventojai. \u017davi ir \u0161altakrauji\u0161ka partner\u0117 Dein\u0117 Skali \u012fpareigota j\u012f pa\u017eaboti. Ta\u010diau tyrin\u0117jant Oregono vidurin\u0117s mokyklos klas\u0119, piln\u0105 lavon\u0173 ir vaik\u0161\u010diojan\u010di\u0173 numir\u0117li\u0173, u\u017eduot\u012f \u012fvykdyti nelengva. Malderio versijos apie 1989-\u0173j\u0173 met\u0173 klas\u0119 yra daugiau negu keistos &#8211; pasaulyje, kuriame protai i\u0161jungiami kaip \u0161viesos, k\u016bnai pa\u017eenklinami ne\u017eemi\u0161ko pasaulio randais, o naktis pratr\u016bksta akinan\u010diu blogiu. Foksas Malderis galb\u016bt visai ir ne keistas, gal jis kaip tik yra tas \u017emogus, \u017einantis atsakymus, kuri\u0173 niekas nenori klausytis&#8230; Autorius: Les Martin Leid\u0117jas: Markas Metai: 1997 Puslapiai: 106 ISBN-10: 9986482496 ISBN-13: 9789986482499 Formatas: 13 x 19 cm, mink\u0161ti vir\u0161eliai Kalba: Lietuvi\u0173 Vert\u0117jas: Audra Uogintien\u0117<\/p>\n","protected":false},"featured_media":16473,"comment_status":"open","ping_status":"closed","template":"","meta":{"_acf_changed":false,"site-sidebar-layout":"default","site-content-layout":"","ast-site-content-layout":"default","site-content-style":"default","site-sidebar-style":"default","ast-global-header-display":"","ast-banner-title-visibility":"","ast-main-header-display":"","ast-hfb-above-header-display":"","ast-hfb-below-header-display":"","ast-hfb-mobile-header-display":"","site-post-title":"","ast-breadcrumbs-content":"","ast-featured-img":"","footer-sml-layout":"","ast-disable-related-posts":"","theme-transparent-header-meta":"default","adv-header-id-meta":"","stick-header-meta":"","header-above-stick-meta":"","header-main-stick-meta":"","header-below-stick-meta":"","astra-migrate-meta-layouts":"set","ast-page-background-enabled":"default","ast-page-background-meta":{"desktop":{"background-color":"","background-image":"","background-repeat":"repeat","background-position":"center center","background-size":"auto","background-attachment":"scroll","background-type":"","background-media":"","overlay-type":"","overlay-color":"","overlay-opacity":"","overlay-gradient":""},"tablet":{"background-color":"","background-image":"","background-repeat":"repeat","background-position":"center center","background-size":"auto","background-attachment":"scroll","background-type":"","background-media":"","overlay-type":"","overlay-color":"","overlay-opacity":"","overlay-gradient":""},"mobile":{"background-color":"","background-image":"","background-repeat":"repeat","background-position":"center center","background-size":"auto","background-attachment":"scroll","background-type":"","background-media":"","overlay-type":"","overlay-color":"","overlay-opacity":"","overlay-gradient":""}},"ast-content-background-meta":{"desktop":{"background-color":"var(--ast-global-color-4)","background-image":"","background-repeat":"repeat","background-position":"center center","background-size":"auto","background-attachment":"scroll","background-type":"","background-media":"","overlay-type":"","overlay-color":"","overlay-opacity":"","overlay-gradient":""},"tablet":{"background-color":"var(--ast-global-color-4)","background-image":"","background-repeat":"repeat","background-position":"center center","background-size":"auto","background-attachment":"scroll","background-type":"","background-media":"","overlay-type":"","overlay-color":"","overlay-opacity":"","overlay-gradient":""},"mobile":{"background-color":"var(--ast-global-color-4)","background-image":"","background-repeat":"repeat","background-position":"center center","background-size":"auto","background-attachment":"scroll","background-type":"","background-media":"","overlay-type":"","overlay-color":"","overlay-opacity":"","overlay-gradient":""}}},"product_brand":[],"product_cat":[15],"product_tag":[],"class_list":{"0":"post-16429","1":"product","2":"type-product","3":"status-publish","4":"has-post-thumbnail","6":"product_cat-uncategorized","7":"desktop-align-left","8":"tablet-align-left","9":"mobile-align-left","11":"first","12":"instock","13":"shipping-taxable","14":"purchasable","15":"product-type-simple"},"acf":[],"yoast_head":"<!-- This site is optimized with the Yoast SEO plugin v27.0 - https:\/\/yoast.com\/product\/yoast-seo-wordpress\/ -->\n<title>X failai 3. Tigre, tigre<\/title>\n<meta name=\"description\" content=\"FTB mano, kad agentas Foksas Malderis yra pami\u0161\u0119s ar \u0161velniai tariant keistas. Jis u\u017esispyr\u0119s tvirtina, kad \u017eem\u0117je siaut\u0117ja kito pasaulio gyventojai. \u017davi\" \/>\n<meta name=\"robots\" content=\"index, follow, max-snippet:-1, max-image-preview:large, max-video-preview:-1\" \/>\n<link rel=\"canonical\" href=\"https:\/\/skaitytaknyga.lt\/en\/produktas\/x-failai-3-tigre-tigre\/\" \/>\n<meta property=\"og:locale\" content=\"en_GB\" \/>\n<meta property=\"og:locale:alternate\" content=\"lt_LT\" \/>\n<meta property=\"og:type\" content=\"article\" \/>\n<meta property=\"og:title\" content=\"X failai 3. Tigre, tigre\" \/>\n<meta property=\"og:description\" content=\"FTB mano, kad agentas Foksas Malderis yra pami\u0161\u0119s ar \u0161velniai tariant keistas. Jis u\u017esispyr\u0119s tvirtina, kad \u017eem\u0117je siaut\u0117ja kito pasaulio gyventojai. \u017davi\" \/>\n<meta property=\"og:url\" content=\"https:\/\/skaitytaknyga.lt\/en\/produktas\/x-failai-3-tigre-tigre\/\" \/>\n<meta property=\"og:site_name\" content=\"Skaitytaknyga\" \/>\n<meta property=\"article:publisher\" content=\"https:\/\/www.facebook.com\/skaitytaknyga\/\" \/>\n<meta property=\"article:modified_time\" content=\"2026-03-05T13:12:52+00:00\" \/>\n<meta property=\"og:image\" content=\"https:\/\/skaitytaknyga.lt\/wp-content\/uploads\/2025\/02\/X-failai-3.-Tigre-tigre.webp\" \/>\n\t<meta property=\"og:image:width\" content=\"530\" \/>\n\t<meta property=\"og:image:height\" content=\"800\" \/>\n\t<meta property=\"og:image:type\" content=\"image\/webp\" \/>\n<meta name=\"twitter:card\" content=\"summary_large_image\" \/>\n<meta name=\"twitter:label1\" content=\"Estimated reading time\" \/>\n\t<meta name=\"twitter:data1\" content=\"1 minute\" \/>\n<script type=\"application\/ld+json\" class=\"yoast-schema-graph\">{\"@context\":\"https:\/\/schema.org\",\"@graph\":[{\"@type\":\"WebPage\",\"@id\":\"https:\/\/skaitytaknyga.lt\/produktas\/x-failai-3-tigre-tigre\/\",\"url\":\"https:\/\/skaitytaknyga.lt\/produktas\/x-failai-3-tigre-tigre\/\",\"name\":\"X failai 3. Tigre, tigre\",\"isPartOf\":{\"@id\":\"https:\/\/skaitytaknyga.lt\/#website\"},\"primaryImageOfPage\":{\"@id\":\"https:\/\/skaitytaknyga.lt\/produktas\/x-failai-3-tigre-tigre\/#primaryimage\"},\"image\":{\"@id\":\"https:\/\/skaitytaknyga.lt\/produktas\/x-failai-3-tigre-tigre\/#primaryimage\"},\"thumbnailUrl\":\"https:\/\/skaitytaknyga.lt\/wp-content\/uploads\/2025\/02\/X-failai-3.-Tigre-tigre.webp\",\"datePublished\":\"2025-02-01T15:41:57+00:00\",\"dateModified\":\"2026-03-05T13:12:52+00:00\",\"description\":\"FTB mano, kad agentas Foksas Malderis yra pami\u0161\u0119s ar \u0161velniai tariant keistas. Jis u\u017esispyr\u0119s tvirtina, kad \u017eem\u0117je siaut\u0117ja kito pasaulio gyventojai. \u017davi\",\"breadcrumb\":{\"@id\":\"https:\/\/skaitytaknyga.lt\/produktas\/x-failai-3-tigre-tigre\/#breadcrumb\"},\"inLanguage\":\"en-GB\",\"potentialAction\":[{\"@type\":\"ReadAction\",\"target\":[\"https:\/\/skaitytaknyga.lt\/produktas\/x-failai-3-tigre-tigre\/\"]}]},{\"@type\":\"ImageObject\",\"inLanguage\":\"en-GB\",\"@id\":\"https:\/\/skaitytaknyga.lt\/produktas\/x-failai-3-tigre-tigre\/#primaryimage\",\"url\":\"https:\/\/skaitytaknyga.lt\/wp-content\/uploads\/2025\/02\/X-failai-3.-Tigre-tigre.webp\",\"contentUrl\":\"https:\/\/skaitytaknyga.lt\/wp-content\/uploads\/2025\/02\/X-failai-3.-Tigre-tigre.webp\",\"width\":530,\"height\":800,\"caption\":\"X failai 3. Tigre, tigre\"},{\"@type\":\"BreadcrumbList\",\"@id\":\"https:\/\/skaitytaknyga.lt\/produktas\/x-failai-3-tigre-tigre\/#breadcrumb\",\"itemListElement\":[{\"@type\":\"ListItem\",\"position\":1,\"name\":\"Home\",\"item\":\"https:\/\/skaitytaknyga.lt\/\"},{\"@type\":\"ListItem\",\"position\":2,\"name\":\"Parduotuv\u0117\",\"item\":\"https:\/\/skaitytaknyga.lt\/knygu-parduotuve\/\"},{\"@type\":\"ListItem\",\"position\":3,\"name\":\"X failai 3. Tigre, tigre\"}]},{\"@type\":\"WebSite\",\"@id\":\"https:\/\/skaitytaknyga.lt\/#website\",\"url\":\"https:\/\/skaitytaknyga.lt\/\",\"name\":\"skaitytaknyga.lt\",\"description\":\"Skaitytaknyga.lt \u2013 tai ma\u017eas \u0161eimos verslas, kuris prasid\u0117jo nuo meil\u0117s knygoms ir siekio i\u0161gelb\u0117ti knygas nuo likimo prie konteinerio. Kas vienam nereikalingas daiktas \u2013 kitam lobis, o mes esame tarpininkai, kurie padeda abiems tapti laimingesniems ???? \u017dinome kaip nelengva i\u0161gyventi ma\u017eiems verslams, tad nuo \u0161iol, \u010dia rasite ir kit\u0173, ma\u017e\u0173 \u0161eim\u0173 versl\u0173, rank\u0173 darbo, dovan\u0173 sau ir artimiesiems.\",\"publisher\":{\"@id\":\"https:\/\/skaitytaknyga.lt\/#organization\"},\"potentialAction\":[{\"@type\":\"SearchAction\",\"target\":{\"@type\":\"EntryPoint\",\"urlTemplate\":\"https:\/\/skaitytaknyga.lt\/?s={search_term_string}\"},\"query-input\":{\"@type\":\"PropertyValueSpecification\",\"valueRequired\":true,\"valueName\":\"search_term_string\"}}],\"inLanguage\":\"en-GB\"},{\"@type\":\"Organization\",\"@id\":\"https:\/\/skaitytaknyga.lt\/#organization\",\"name\":\"skaitytaknyga.lt\",\"url\":\"https:\/\/skaitytaknyga.lt\/\",\"logo\":{\"@type\":\"ImageObject\",\"inLanguage\":\"en-GB\",\"@id\":\"https:\/\/skaitytaknyga.lt\/#\/schema\/logo\/image\/\",\"url\":\"https:\/\/skaitytaknyga.lt\/wp-content\/uploads\/2024\/05\/cropped-cropped-cropped-02_00843_jt3bggkj1j3HLc7SyY6rEUpg.jpeg\",\"contentUrl\":\"https:\/\/skaitytaknyga.lt\/wp-content\/uploads\/2024\/05\/cropped-cropped-cropped-02_00843_jt3bggkj1j3HLc7SyY6rEUpg.jpeg\",\"width\":1600,\"height\":1600,\"caption\":\"skaitytaknyga.lt\"},\"image\":{\"@id\":\"https:\/\/skaitytaknyga.lt\/#\/schema\/logo\/image\/\"},\"sameAs\":[\"https:\/\/www.facebook.com\/skaitytaknyga\/\"]}]}<\/script>\n<!-- \/ Yoast SEO plugin. -->","yoast_head_json":{"title":"X failai 3. Tigre, tigre","description":"FTB mano, kad agentas Foksas Malderis yra pami\u0161\u0119s ar \u0161velniai tariant keistas. Jis u\u017esispyr\u0119s tvirtina, kad \u017eem\u0117je siaut\u0117ja kito pasaulio gyventojai. \u017davi","robots":{"index":"index","follow":"follow","max-snippet":"max-snippet:-1","max-image-preview":"max-image-preview:large","max-video-preview":"max-video-preview:-1"},"canonical":"https:\/\/skaitytaknyga.lt\/en\/produktas\/x-failai-3-tigre-tigre\/","og_locale":"en_GB","og_type":"article","og_title":"[:lt]X failai 3. Tigre, tigre[:] - Skaitytaknyga","og_description":"FTB mano, kad agentas Foksas Malderis yra pami\u0161\u0119s ar \u0161velniai tariant keistas. Jis u\u017esispyr\u0119s tvirtina, kad \u017eem\u0117je siaut\u0117ja kito pasaulio gyventojai. \u017davi","og_url":"https:\/\/skaitytaknyga.lt\/en\/produktas\/x-failai-3-tigre-tigre\/","og_site_name":"Skaitytaknyga","article_publisher":"https:\/\/www.facebook.com\/skaitytaknyga\/","article_modified_time":"2026-03-05T13:12:52+00:00","og_image":[{"width":530,"height":800,"url":"https:\/\/skaitytaknyga.lt\/wp-content\/uploads\/2025\/02\/X-failai-3.-Tigre-tigre.webp","type":"image\/webp"}],"twitter_card":"summary_large_image","twitter_misc":{"Estimated reading time":"1 minute"},"schema":{"@context":"https:\/\/schema.org","@graph":[{"@type":"WebPage","@id":"https:\/\/skaitytaknyga.lt\/produktas\/x-failai-3-tigre-tigre\/","url":"https:\/\/skaitytaknyga.lt\/produktas\/x-failai-3-tigre-tigre\/","name":"X failai 3. Tigre, tigre","isPartOf":{"@id":"https:\/\/skaitytaknyga.lt\/#website"},"primaryImageOfPage":{"@id":"https:\/\/skaitytaknyga.lt\/produktas\/x-failai-3-tigre-tigre\/#primaryimage"},"image":{"@id":"https:\/\/skaitytaknyga.lt\/produktas\/x-failai-3-tigre-tigre\/#primaryimage"},"thumbnailUrl":"https:\/\/skaitytaknyga.lt\/wp-content\/uploads\/2025\/02\/X-failai-3.-Tigre-tigre.webp","datePublished":"2025-02-01T15:41:57+00:00","dateModified":"2026-03-05T13:12:52+00:00","description":"FTB mano, kad agentas Foksas Malderis yra pami\u0161\u0119s ar \u0161velniai tariant keistas. Jis u\u017esispyr\u0119s tvirtina, kad \u017eem\u0117je siaut\u0117ja kito pasaulio gyventojai. \u017davi","breadcrumb":{"@id":"https:\/\/skaitytaknyga.lt\/produktas\/x-failai-3-tigre-tigre\/#breadcrumb"},"inLanguage":"en-GB","potentialAction":[{"@type":"ReadAction","target":["https:\/\/skaitytaknyga.lt\/produktas\/x-failai-3-tigre-tigre\/"]}]},{"@type":"ImageObject","inLanguage":"en-GB","@id":"https:\/\/skaitytaknyga.lt\/produktas\/x-failai-3-tigre-tigre\/#primaryimage","url":"https:\/\/skaitytaknyga.lt\/wp-content\/uploads\/2025\/02\/X-failai-3.-Tigre-tigre.webp","contentUrl":"https:\/\/skaitytaknyga.lt\/wp-content\/uploads\/2025\/02\/X-failai-3.-Tigre-tigre.webp","width":530,"height":800,"caption":"X failai 3. Tigre, tigre"},{"@type":"BreadcrumbList","@id":"https:\/\/skaitytaknyga.lt\/produktas\/x-failai-3-tigre-tigre\/#breadcrumb","itemListElement":[{"@type":"ListItem","position":1,"name":"Home","item":"https:\/\/skaitytaknyga.lt\/"},{"@type":"ListItem","position":2,"name":"Parduotuv\u0117","item":"https:\/\/skaitytaknyga.lt\/knygu-parduotuve\/"},{"@type":"ListItem","position":3,"name":"X failai 3. Tigre, tigre"}]},{"@type":"WebSite","@id":"https:\/\/skaitytaknyga.lt\/#website","url":"https:\/\/skaitytaknyga.lt\/","name":"skaitytaknyga.lt","description":"Skaitytaknyga.lt \u2013 tai ma\u017eas \u0161eimos verslas, kuris prasid\u0117jo nuo meil\u0117s knygoms ir siekio i\u0161gelb\u0117ti knygas nuo likimo prie konteinerio. Kas vienam nereikalingas daiktas \u2013 kitam lobis, o mes esame tarpininkai, kurie padeda abiems tapti laimingesniems ???? \u017dinome kaip nelengva i\u0161gyventi ma\u017eiems verslams, tad nuo \u0161iol, \u010dia rasite ir kit\u0173, ma\u017e\u0173 \u0161eim\u0173 versl\u0173, rank\u0173 darbo, dovan\u0173 sau ir artimiesiems.","publisher":{"@id":"https:\/\/skaitytaknyga.lt\/#organization"},"potentialAction":[{"@type":"SearchAction","target":{"@type":"EntryPoint","urlTemplate":"https:\/\/skaitytaknyga.lt\/?s={search_term_string}"},"query-input":{"@type":"PropertyValueSpecification","valueRequired":true,"valueName":"search_term_string"}}],"inLanguage":"en-GB"},{"@type":"Organization","@id":"https:\/\/skaitytaknyga.lt\/#organization","name":"skaitytaknyga.lt","url":"https:\/\/skaitytaknyga.lt\/","logo":{"@type":"ImageObject","inLanguage":"en-GB","@id":"https:\/\/skaitytaknyga.lt\/#\/schema\/logo\/image\/","url":"https:\/\/skaitytaknyga.lt\/wp-content\/uploads\/2024\/05\/cropped-cropped-cropped-02_00843_jt3bggkj1j3HLc7SyY6rEUpg.jpeg","contentUrl":"https:\/\/skaitytaknyga.lt\/wp-content\/uploads\/2024\/05\/cropped-cropped-cropped-02_00843_jt3bggkj1j3HLc7SyY6rEUpg.jpeg","width":1600,"height":1600,"caption":"skaitytaknyga.lt"},"image":{"@id":"https:\/\/skaitytaknyga.lt\/#\/schema\/logo\/image\/"},"sameAs":["https:\/\/www.facebook.com\/skaitytaknyga\/"]}]}},"_links":{"self":[{"href":"https:\/\/skaitytaknyga.lt\/en\/wp-json\/wp\/v2\/product\/16429","targetHints":{"allow":["GET"]}}],"collection":[{"href":"https:\/\/skaitytaknyga.lt\/en\/wp-json\/wp\/v2\/product"}],"about":[{"href":"https:\/\/skaitytaknyga.lt\/en\/wp-json\/wp\/v2\/types\/product"}],"replies":[{"embeddable":true,"href":"https:\/\/skaitytaknyga.lt\/en\/wp-json\/wp\/v2\/comments?post=16429"}],"wp:featuredmedia":[{"embeddable":true,"href":"https:\/\/skaitytaknyga.lt\/en\/wp-json\/wp\/v2\/media\/16473"}],"wp:attachment":[{"href":"https:\/\/skaitytaknyga.lt\/en\/wp-json\/wp\/v2\/media?parent=16429"}],"wp:term":[{"taxonomy":"product_brand","embeddable":true,"href":"https:\/\/skaitytaknyga.lt\/en\/wp-json\/wp\/v2\/product_brand?post=16429"},{"taxonomy":"product_cat","embeddable":true,"href":"https:\/\/skaitytaknyga.lt\/en\/wp-json\/wp\/v2\/product_cat?post=16429"},{"taxonomy":"product_tag","embeddable":true,"href":"https:\/\/skaitytaknyga.lt\/en\/wp-json\/wp\/v2\/product_tag?post=16429"}],"curies":[{"name":"wp","href":"https:\/\/api.w.org\/{rel}","templated":true}]}}