{"id":16427,"date":"2025-02-01T17:41:57","date_gmt":"2025-02-01T15:41:57","guid":{"rendered":"https:\/\/skaitytaknyga.lt\/?post_type=product&#038;p=16427"},"modified":"2026-03-18T12:59:40","modified_gmt":"2026-03-18T10:59:40","slug":"diferencialines-lygtys-ir-tikimybiu-teorija","status":"publish","type":"product","link":"https:\/\/skaitytaknyga.lt\/en\/produktas\/diferencialines-lygtys-ir-tikimybiu-teorija\/","title":{"rendered":"Diferencialin\u0117s lygtys ir tikimybi\u0173 teorija"},"content":{"rendered":"<p>Mokomoji knyga skirta KTU Ekonomikos ir vadybos fakulteto bei Socialini\u0173 moksl\u0173 fakultet\u0173 studentams ir yra parengta pagal studij\u0173 modulio 160B015 (Diferencialin\u0117s lygtys ir tikimybi\u0173 teorija) 4 kredit\u0173 program\u0105. Knyg\u0105 sudaro trys skyriai. Pirmajame i\u0161d\u0117styta pirmosios ir antrosios eili\u0173 diferencialin\u0117s lygtys, antrajame &#8211; atsitiktiniai \u012fvykiai ir vienma\u010diai atsitiktiniai dyd\u017eiai, tre\u010diajame -vienma\u010di\u0173 atsitiktini\u0173 dyd\u017ei\u0173 matematin\u0117 statistika ir dvima\u010diai atsitiktiniai dyd\u017eiai bei j\u0173 matematin\u0117 statistika.<\/p>\n<table>\n<tbody>\n<tr>\n<td class=\"title\">Autorius:<\/td>\n<td class=\"value\">Stas\u0117 Janu\u0161auskait\u0117, Aldona Mar\u010diukaitien\u0117, Danut\u0117 Pra\u0161mantien\u0117, Nijol\u0117 Ratkien\u0117<\/td>\n<\/tr>\n<tr>\n<td class=\"title\">Leid\u0117jas:<\/td>\n<td class=\"value\">KTU leidykla Technologija<\/td>\n<\/tr>\n<tr>\n<td class=\"title\">I\u0161leidimo metai:<\/td>\n<td class=\"value\">2015<\/td>\n<\/tr>\n<tr>\n<td class=\"title\">Knygos puslapi\u0173 skai\u010dius:<\/td>\n<td class=\"value\">264<\/td>\n<\/tr>\n<tr>\n<td class=\"title\">Formatas:<\/td>\n<td class=\"value\">15&#215;22, mink\u0161ti vir\u0161eliai<\/td>\n<\/tr>\n<tr>\n<td class=\"title\">ISBN ar kodas:<\/td>\n<td class=\"value\">9986-13-723-3<\/td>\n<\/tr>\n<\/tbody>\n<\/table>\n","protected":false},"excerpt":{"rendered":"<p>Mokomoji knyga skirta KTU Ekonomikos ir vadybos fakulteto bei Socialini\u0173 moksl\u0173 fakultet\u0173 studentams ir yra parengta pagal studij\u0173 modulio 160B015 (Diferencialin\u0117s lygtys ir tikimybi\u0173 teorija) 4 kredit\u0173 program\u0105. Knyg\u0105 sudaro trys skyriai. Pirmajame i\u0161d\u0117styta pirmosios ir antrosios eili\u0173 diferencialin\u0117s lygtys, antrajame &#8211; atsitiktiniai \u012fvykiai ir vienma\u010diai atsitiktiniai dyd\u017eiai, tre\u010diajame -vienma\u010di\u0173 atsitiktini\u0173 dyd\u017ei\u0173 matematin\u0117 statistika ir dvima\u010diai atsitiktiniai dyd\u017eiai bei j\u0173 matematin\u0117 statistika. Autorius: Stas\u0117 Janu\u0161auskait\u0117, Aldona Mar\u010diukaitien\u0117, Danut\u0117 Pra\u0161mantien\u0117, Nijol\u0117 Ratkien\u0117 Leid\u0117jas: KTU leidykla Technologija I\u0161leidimo metai: 2015 Knygos puslapi\u0173 skai\u010dius: 264 Formatas: 15&#215;22, mink\u0161ti vir\u0161eliai ISBN ar kodas: 9986-13-723-3<\/p>\n","protected":false},"featured_media":16547,"comment_status":"open","ping_status":"closed","template":"","meta":{"_acf_changed":false,"site-sidebar-layout":"default","site-content-layout":"","ast-site-content-layout":"default","site-content-style":"default","site-sidebar-style":"default","ast-global-header-display":"","ast-banner-title-visibility":"","ast-main-header-display":"","ast-hfb-above-header-display":"","ast-hfb-below-header-display":"","ast-hfb-mobile-header-display":"","site-post-title":"","ast-breadcrumbs-content":"","ast-featured-img":"","footer-sml-layout":"","ast-disable-related-posts":"","theme-transparent-header-meta":"default","adv-header-id-meta":"","stick-header-meta":"","header-above-stick-meta":"","header-main-stick-meta":"","header-below-stick-meta":"","astra-migrate-meta-layouts":"set","ast-page-background-enabled":"default","ast-page-background-meta":{"desktop":{"background-color":"","background-image":"","background-repeat":"repeat","background-position":"center center","background-size":"auto","background-attachment":"scroll","background-type":"","background-media":"","overlay-type":"","overlay-color":"","overlay-opacity":"","overlay-gradient":""},"tablet":{"background-color":"","background-image":"","background-repeat":"repeat","background-position":"center center","background-size":"auto","background-attachment":"scroll","background-type":"","background-media":"","overlay-type":"","overlay-color":"","overlay-opacity":"","overlay-gradient":""},"mobile":{"background-color":"","background-image":"","background-repeat":"repeat","background-position":"center center","background-size":"auto","background-attachment":"scroll","background-type":"","background-media":"","overlay-type":"","overlay-color":"","overlay-opacity":"","overlay-gradient":""}},"ast-content-background-meta":{"desktop":{"background-color":"var(--ast-global-color-4)","background-image":"","background-repeat":"repeat","background-position":"center center","background-size":"auto","background-attachment":"scroll","background-type":"","background-media":"","overlay-type":"","overlay-color":"","overlay-opacity":"","overlay-gradient":""},"tablet":{"background-color":"var(--ast-global-color-4)","background-image":"","background-repeat":"repeat","background-position":"center center","background-size":"auto","background-attachment":"scroll","background-type":"","background-media":"","overlay-type":"","overlay-color":"","overlay-opacity":"","overlay-gradient":""},"mobile":{"background-color":"var(--ast-global-color-4)","background-image":"","background-repeat":"repeat","background-position":"center center","background-size":"auto","background-attachment":"scroll","background-type":"","background-media":"","overlay-type":"","overlay-color":"","overlay-opacity":"","overlay-gradient":""}}},"product_brand":[],"product_cat":[9850,269],"product_tag":[],"class_list":{"0":"post-16427","1":"product","2":"type-product","3":"status-publish","4":"has-post-thumbnail","6":"product_cat-fizika-chemija-matematika","7":"product_cat-gamtos-mokslai","8":"desktop-align-left","9":"tablet-align-left","10":"mobile-align-left","12":"first","13":"instock","14":"shipping-taxable","15":"purchasable","16":"product-type-simple"},"acf":[],"yoast_head":"<!-- This site is optimized with the Yoast SEO plugin v27.0 - https:\/\/yoast.com\/product\/yoast-seo-wordpress\/ -->\n<title>Diferencialin\u0117s lygtys ir tikimybi\u0173 teorija<\/title>\n<meta name=\"description\" content=\"Mokomoji knyga skirta KTU Ekonomikos ir vadybos fakulteto bei Socialini\u0173 moksl\u0173 fakultet\u0173 studentams ir yra parengta pagal studij\u0173 modulio 160B015\" \/>\n<meta name=\"robots\" content=\"index, follow, max-snippet:-1, max-image-preview:large, max-video-preview:-1\" \/>\n<link rel=\"canonical\" href=\"https:\/\/skaitytaknyga.lt\/en\/produktas\/diferencialines-lygtys-ir-tikimybiu-teorija\/\" \/>\n<meta property=\"og:locale\" content=\"en_GB\" \/>\n<meta property=\"og:locale:alternate\" content=\"lt_LT\" \/>\n<meta property=\"og:type\" content=\"article\" \/>\n<meta property=\"og:title\" content=\"Diferencialin\u0117s lygtys ir tikimybi\u0173 teorija\" \/>\n<meta property=\"og:description\" content=\"Mokomoji knyga skirta KTU Ekonomikos ir vadybos fakulteto bei Socialini\u0173 moksl\u0173 fakultet\u0173 studentams ir yra parengta pagal studij\u0173 modulio 160B015\" \/>\n<meta property=\"og:url\" content=\"https:\/\/skaitytaknyga.lt\/en\/produktas\/diferencialines-lygtys-ir-tikimybiu-teorija\/\" \/>\n<meta property=\"og:site_name\" content=\"Skaitytaknyga\" \/>\n<meta property=\"article:publisher\" content=\"https:\/\/www.facebook.com\/skaitytaknyga\/\" \/>\n<meta property=\"article:modified_time\" content=\"2026-03-18T10:59:40+00:00\" \/>\n<meta property=\"og:image\" content=\"https:\/\/skaitytaknyga.lt\/wp-content\/uploads\/2025\/02\/Diferencialines-lygtys-ir-tikimybiu-teorija.jpg\" \/>\n\t<meta property=\"og:image:width\" content=\"200\" \/>\n\t<meta property=\"og:image:height\" content=\"283\" \/>\n\t<meta property=\"og:image:type\" content=\"image\/jpeg\" \/>\n<meta name=\"twitter:card\" content=\"summary_large_image\" \/>\n<meta name=\"twitter:label1\" content=\"Estimated reading time\" \/>\n\t<meta name=\"twitter:data1\" content=\"1 minute\" \/>\n<script type=\"application\/ld+json\" class=\"yoast-schema-graph\">{\"@context\":\"https:\/\/schema.org\",\"@graph\":[{\"@type\":\"WebPage\",\"@id\":\"https:\/\/skaitytaknyga.lt\/produktas\/diferencialines-lygtys-ir-tikimybiu-teorija\/\",\"url\":\"https:\/\/skaitytaknyga.lt\/produktas\/diferencialines-lygtys-ir-tikimybiu-teorija\/\",\"name\":\"Diferencialin\u0117s lygtys ir tikimybi\u0173 teorija\",\"isPartOf\":{\"@id\":\"https:\/\/skaitytaknyga.lt\/#website\"},\"primaryImageOfPage\":{\"@id\":\"https:\/\/skaitytaknyga.lt\/produktas\/diferencialines-lygtys-ir-tikimybiu-teorija\/#primaryimage\"},\"image\":{\"@id\":\"https:\/\/skaitytaknyga.lt\/produktas\/diferencialines-lygtys-ir-tikimybiu-teorija\/#primaryimage\"},\"thumbnailUrl\":\"https:\/\/skaitytaknyga.lt\/wp-content\/uploads\/2025\/02\/Diferencialines-lygtys-ir-tikimybiu-teorija.jpg\",\"datePublished\":\"2025-02-01T15:41:57+00:00\",\"dateModified\":\"2026-03-18T10:59:40+00:00\",\"description\":\"Mokomoji knyga skirta KTU Ekonomikos ir vadybos fakulteto bei Socialini\u0173 moksl\u0173 fakultet\u0173 studentams ir yra parengta pagal studij\u0173 modulio 160B015\",\"breadcrumb\":{\"@id\":\"https:\/\/skaitytaknyga.lt\/produktas\/diferencialines-lygtys-ir-tikimybiu-teorija\/#breadcrumb\"},\"inLanguage\":\"en-GB\",\"potentialAction\":[{\"@type\":\"ReadAction\",\"target\":[\"https:\/\/skaitytaknyga.lt\/produktas\/diferencialines-lygtys-ir-tikimybiu-teorija\/\"]}]},{\"@type\":\"ImageObject\",\"inLanguage\":\"en-GB\",\"@id\":\"https:\/\/skaitytaknyga.lt\/produktas\/diferencialines-lygtys-ir-tikimybiu-teorija\/#primaryimage\",\"url\":\"https:\/\/skaitytaknyga.lt\/wp-content\/uploads\/2025\/02\/Diferencialines-lygtys-ir-tikimybiu-teorija.jpg\",\"contentUrl\":\"https:\/\/skaitytaknyga.lt\/wp-content\/uploads\/2025\/02\/Diferencialines-lygtys-ir-tikimybiu-teorija.jpg\",\"width\":200,\"height\":283,\"caption\":\"Diferencialin\u0117s lygtys ir tikimybi\u0173 teorija\"},{\"@type\":\"BreadcrumbList\",\"@id\":\"https:\/\/skaitytaknyga.lt\/produktas\/diferencialines-lygtys-ir-tikimybiu-teorija\/#breadcrumb\",\"itemListElement\":[{\"@type\":\"ListItem\",\"position\":1,\"name\":\"Home\",\"item\":\"https:\/\/skaitytaknyga.lt\/\"},{\"@type\":\"ListItem\",\"position\":2,\"name\":\"Parduotuv\u0117\",\"item\":\"https:\/\/skaitytaknyga.lt\/knygu-parduotuve\/\"},{\"@type\":\"ListItem\",\"position\":3,\"name\":\"Diferencialin\u0117s lygtys ir tikimybi\u0173 teorija\"}]},{\"@type\":\"WebSite\",\"@id\":\"https:\/\/skaitytaknyga.lt\/#website\",\"url\":\"https:\/\/skaitytaknyga.lt\/\",\"name\":\"skaitytaknyga.lt\",\"description\":\"Skaitytaknyga.lt \u2013 tai ma\u017eas \u0161eimos verslas, kuris prasid\u0117jo nuo meil\u0117s knygoms ir siekio i\u0161gelb\u0117ti knygas nuo likimo prie konteinerio. Kas vienam nereikalingas daiktas \u2013 kitam lobis, o mes esame tarpininkai, kurie padeda abiems tapti laimingesniems ???? \u017dinome kaip nelengva i\u0161gyventi ma\u017eiems verslams, tad nuo \u0161iol, \u010dia rasite ir kit\u0173, ma\u017e\u0173 \u0161eim\u0173 versl\u0173, rank\u0173 darbo, dovan\u0173 sau ir artimiesiems.\",\"publisher\":{\"@id\":\"https:\/\/skaitytaknyga.lt\/#organization\"},\"potentialAction\":[{\"@type\":\"SearchAction\",\"target\":{\"@type\":\"EntryPoint\",\"urlTemplate\":\"https:\/\/skaitytaknyga.lt\/?s={search_term_string}\"},\"query-input\":{\"@type\":\"PropertyValueSpecification\",\"valueRequired\":true,\"valueName\":\"search_term_string\"}}],\"inLanguage\":\"en-GB\"},{\"@type\":\"Organization\",\"@id\":\"https:\/\/skaitytaknyga.lt\/#organization\",\"name\":\"skaitytaknyga.lt\",\"url\":\"https:\/\/skaitytaknyga.lt\/\",\"logo\":{\"@type\":\"ImageObject\",\"inLanguage\":\"en-GB\",\"@id\":\"https:\/\/skaitytaknyga.lt\/#\/schema\/logo\/image\/\",\"url\":\"https:\/\/skaitytaknyga.lt\/wp-content\/uploads\/2024\/05\/cropped-cropped-cropped-02_00843_jt3bggkj1j3HLc7SyY6rEUpg.jpeg\",\"contentUrl\":\"https:\/\/skaitytaknyga.lt\/wp-content\/uploads\/2024\/05\/cropped-cropped-cropped-02_00843_jt3bggkj1j3HLc7SyY6rEUpg.jpeg\",\"width\":1600,\"height\":1600,\"caption\":\"skaitytaknyga.lt\"},\"image\":{\"@id\":\"https:\/\/skaitytaknyga.lt\/#\/schema\/logo\/image\/\"},\"sameAs\":[\"https:\/\/www.facebook.com\/skaitytaknyga\/\"]}]}<\/script>\n<!-- \/ Yoast SEO plugin. -->","yoast_head_json":{"title":"Diferencialin\u0117s lygtys ir tikimybi\u0173 teorija","description":"Mokomoji knyga skirta KTU Ekonomikos ir vadybos fakulteto bei Socialini\u0173 moksl\u0173 fakultet\u0173 studentams ir yra parengta pagal studij\u0173 modulio 160B015","robots":{"index":"index","follow":"follow","max-snippet":"max-snippet:-1","max-image-preview":"max-image-preview:large","max-video-preview":"max-video-preview:-1"},"canonical":"https:\/\/skaitytaknyga.lt\/en\/produktas\/diferencialines-lygtys-ir-tikimybiu-teorija\/","og_locale":"en_GB","og_type":"article","og_title":"[:lt]Diferencialin\u0117s lygtys ir tikimybi\u0173 teorija[:] - Skaitytaknyga","og_description":"Mokomoji knyga skirta KTU Ekonomikos ir vadybos fakulteto bei Socialini\u0173 moksl\u0173 fakultet\u0173 studentams ir yra parengta pagal studij\u0173 modulio 160B015","og_url":"https:\/\/skaitytaknyga.lt\/en\/produktas\/diferencialines-lygtys-ir-tikimybiu-teorija\/","og_site_name":"Skaitytaknyga","article_publisher":"https:\/\/www.facebook.com\/skaitytaknyga\/","article_modified_time":"2026-03-18T10:59:40+00:00","og_image":[{"width":200,"height":283,"url":"https:\/\/skaitytaknyga.lt\/wp-content\/uploads\/2025\/02\/Diferencialines-lygtys-ir-tikimybiu-teorija.jpg","type":"image\/jpeg"}],"twitter_card":"summary_large_image","twitter_misc":{"Estimated reading time":"1 minute"},"schema":{"@context":"https:\/\/schema.org","@graph":[{"@type":"WebPage","@id":"https:\/\/skaitytaknyga.lt\/produktas\/diferencialines-lygtys-ir-tikimybiu-teorija\/","url":"https:\/\/skaitytaknyga.lt\/produktas\/diferencialines-lygtys-ir-tikimybiu-teorija\/","name":"Diferencialin\u0117s lygtys ir tikimybi\u0173 teorija","isPartOf":{"@id":"https:\/\/skaitytaknyga.lt\/#website"},"primaryImageOfPage":{"@id":"https:\/\/skaitytaknyga.lt\/produktas\/diferencialines-lygtys-ir-tikimybiu-teorija\/#primaryimage"},"image":{"@id":"https:\/\/skaitytaknyga.lt\/produktas\/diferencialines-lygtys-ir-tikimybiu-teorija\/#primaryimage"},"thumbnailUrl":"https:\/\/skaitytaknyga.lt\/wp-content\/uploads\/2025\/02\/Diferencialines-lygtys-ir-tikimybiu-teorija.jpg","datePublished":"2025-02-01T15:41:57+00:00","dateModified":"2026-03-18T10:59:40+00:00","description":"Mokomoji knyga skirta KTU Ekonomikos ir vadybos fakulteto bei Socialini\u0173 moksl\u0173 fakultet\u0173 studentams ir yra parengta pagal studij\u0173 modulio 160B015","breadcrumb":{"@id":"https:\/\/skaitytaknyga.lt\/produktas\/diferencialines-lygtys-ir-tikimybiu-teorija\/#breadcrumb"},"inLanguage":"en-GB","potentialAction":[{"@type":"ReadAction","target":["https:\/\/skaitytaknyga.lt\/produktas\/diferencialines-lygtys-ir-tikimybiu-teorija\/"]}]},{"@type":"ImageObject","inLanguage":"en-GB","@id":"https:\/\/skaitytaknyga.lt\/produktas\/diferencialines-lygtys-ir-tikimybiu-teorija\/#primaryimage","url":"https:\/\/skaitytaknyga.lt\/wp-content\/uploads\/2025\/02\/Diferencialines-lygtys-ir-tikimybiu-teorija.jpg","contentUrl":"https:\/\/skaitytaknyga.lt\/wp-content\/uploads\/2025\/02\/Diferencialines-lygtys-ir-tikimybiu-teorija.jpg","width":200,"height":283,"caption":"Diferencialin\u0117s lygtys ir tikimybi\u0173 teorija"},{"@type":"BreadcrumbList","@id":"https:\/\/skaitytaknyga.lt\/produktas\/diferencialines-lygtys-ir-tikimybiu-teorija\/#breadcrumb","itemListElement":[{"@type":"ListItem","position":1,"name":"Home","item":"https:\/\/skaitytaknyga.lt\/"},{"@type":"ListItem","position":2,"name":"Parduotuv\u0117","item":"https:\/\/skaitytaknyga.lt\/knygu-parduotuve\/"},{"@type":"ListItem","position":3,"name":"Diferencialin\u0117s lygtys ir tikimybi\u0173 teorija"}]},{"@type":"WebSite","@id":"https:\/\/skaitytaknyga.lt\/#website","url":"https:\/\/skaitytaknyga.lt\/","name":"skaitytaknyga.lt","description":"Skaitytaknyga.lt \u2013 tai ma\u017eas \u0161eimos verslas, kuris prasid\u0117jo nuo meil\u0117s knygoms ir siekio i\u0161gelb\u0117ti knygas nuo likimo prie konteinerio. Kas vienam nereikalingas daiktas \u2013 kitam lobis, o mes esame tarpininkai, kurie padeda abiems tapti laimingesniems ???? \u017dinome kaip nelengva i\u0161gyventi ma\u017eiems verslams, tad nuo \u0161iol, \u010dia rasite ir kit\u0173, ma\u017e\u0173 \u0161eim\u0173 versl\u0173, rank\u0173 darbo, dovan\u0173 sau ir artimiesiems.","publisher":{"@id":"https:\/\/skaitytaknyga.lt\/#organization"},"potentialAction":[{"@type":"SearchAction","target":{"@type":"EntryPoint","urlTemplate":"https:\/\/skaitytaknyga.lt\/?s={search_term_string}"},"query-input":{"@type":"PropertyValueSpecification","valueRequired":true,"valueName":"search_term_string"}}],"inLanguage":"en-GB"},{"@type":"Organization","@id":"https:\/\/skaitytaknyga.lt\/#organization","name":"skaitytaknyga.lt","url":"https:\/\/skaitytaknyga.lt\/","logo":{"@type":"ImageObject","inLanguage":"en-GB","@id":"https:\/\/skaitytaknyga.lt\/#\/schema\/logo\/image\/","url":"https:\/\/skaitytaknyga.lt\/wp-content\/uploads\/2024\/05\/cropped-cropped-cropped-02_00843_jt3bggkj1j3HLc7SyY6rEUpg.jpeg","contentUrl":"https:\/\/skaitytaknyga.lt\/wp-content\/uploads\/2024\/05\/cropped-cropped-cropped-02_00843_jt3bggkj1j3HLc7SyY6rEUpg.jpeg","width":1600,"height":1600,"caption":"skaitytaknyga.lt"},"image":{"@id":"https:\/\/skaitytaknyga.lt\/#\/schema\/logo\/image\/"},"sameAs":["https:\/\/www.facebook.com\/skaitytaknyga\/"]}]}},"_links":{"self":[{"href":"https:\/\/skaitytaknyga.lt\/en\/wp-json\/wp\/v2\/product\/16427","targetHints":{"allow":["GET"]}}],"collection":[{"href":"https:\/\/skaitytaknyga.lt\/en\/wp-json\/wp\/v2\/product"}],"about":[{"href":"https:\/\/skaitytaknyga.lt\/en\/wp-json\/wp\/v2\/types\/product"}],"replies":[{"embeddable":true,"href":"https:\/\/skaitytaknyga.lt\/en\/wp-json\/wp\/v2\/comments?post=16427"}],"wp:featuredmedia":[{"embeddable":true,"href":"https:\/\/skaitytaknyga.lt\/en\/wp-json\/wp\/v2\/media\/16547"}],"wp:attachment":[{"href":"https:\/\/skaitytaknyga.lt\/en\/wp-json\/wp\/v2\/media?parent=16427"}],"wp:term":[{"taxonomy":"product_brand","embeddable":true,"href":"https:\/\/skaitytaknyga.lt\/en\/wp-json\/wp\/v2\/product_brand?post=16427"},{"taxonomy":"product_cat","embeddable":true,"href":"https:\/\/skaitytaknyga.lt\/en\/wp-json\/wp\/v2\/product_cat?post=16427"},{"taxonomy":"product_tag","embeddable":true,"href":"https:\/\/skaitytaknyga.lt\/en\/wp-json\/wp\/v2\/product_tag?post=16427"}],"curies":[{"name":"wp","href":"https:\/\/api.w.org\/{rel}","templated":true}]}}