{"id":16420,"date":"2025-02-01T17:41:56","date_gmt":"2025-02-01T15:41:56","guid":{"rendered":"https:\/\/skaitytaknyga.lt\/?post_type=product&#038;p=16420"},"modified":"2026-03-18T13:11:53","modified_gmt":"2026-03-18T11:11:53","slug":"maratonas-pazengusiems","status":"publish","type":"product","link":"https:\/\/skaitytaknyga.lt\/en\/produktas\/maratonas-pazengusiems\/","title":{"rendered":"Maratonas pa\u017eengusiems."},"content":{"rendered":"<p>Knygoje \u201eMaratonas pa\u017eengusiems\u201c rasite vis\u0105 reikalingiausi\u0105 informacij\u0105, kuri pad\u0117s treniruotis racionaliau, su\u017einosite, kaip i\u0161vengti traum\u0173 ir prie starto linijos stoti pasirengus b\u0117gti geriausi\u0105 savo maraton\u0105. Tai naujausiais moksliniais sporto tyrimais gr\u012fsta knyga tobul\u0117ti pasiry\u017eusiems b\u0117gikams.<\/p>\n<p>Be b\u0117gimo planuojamu maratono tempu ir tempinio b\u0117gimo, knygoje \u201eMaratonas pa\u017eengusiems\u201c pateikiama ir kit\u0173 veiksmingiausi\u0173 treniravimosi b\u016bd\u0173. I\u0161moksite savo b\u0117gimo treniruotes papildyti pagrindiniais j\u0117gos, lankstumo irb\u0117gsen\u0105 gerinan\u010diais pratimais, \u012fgyvendinti pa\u017eangiausias mitybos bei hidratacijos strategijas ir atsigavimo technikas, tinkamai ma\u017einti kr\u016bvius siekiant geriausios formos maratone.<\/p>\n<p>Autorius: Pete Pfitzinger<br \/>\nLeid\u0117jas: Briedis<br \/>\nMetai: 2015<br \/>\nPuslapiai: 296<br \/>\nISBN: 9789955264996<br \/>\nVersijos kodas: 8<br \/>\nFormatas: 17 x 25,5 cm, mink\u0161ti vir\u0161eliai<br \/>\nKalba: Lietuvi\u0173<br \/>\nVert\u0117jas: Karolina Mickevi\u010di\u016bt\u0117-Juodi\u0161ien\u0117<\/p>\n<p>&nbsp;<\/p>\n","protected":false},"excerpt":{"rendered":"<p>Knygoje \u201eMaratonas pa\u017eengusiems\u201c rasite vis\u0105 reikalingiausi\u0105 informacij\u0105, kuri pad\u0117s treniruotis racionaliau, su\u017einosite, kaip i\u0161vengti traum\u0173 ir prie starto linijos stoti pasirengus b\u0117gti geriausi\u0105 savo maraton\u0105. Tai naujausiais moksliniais sporto tyrimais gr\u012fsta knyga tobul\u0117ti pasiry\u017eusiems b\u0117gikams. Be b\u0117gimo planuojamu maratono tempu ir tempinio b\u0117gimo, knygoje \u201eMaratonas pa\u017eengusiems\u201c pateikiama ir kit\u0173 veiksmingiausi\u0173 treniravimosi b\u016bd\u0173. I\u0161moksite savo b\u0117gimo treniruotes papildyti pagrindiniais j\u0117gos, lankstumo irb\u0117gsen\u0105 gerinan\u010diais pratimais, \u012fgyvendinti pa\u017eangiausias mitybos bei hidratacijos strategijas ir atsigavimo technikas, tinkamai ma\u017einti kr\u016bvius siekiant geriausios formos maratone. Autorius: Pete Pfitzinger Leid\u0117jas: Briedis Metai: 2015 Puslapiai: 296 ISBN: 9789955264996 Versijos kodas: 8 Formatas: 17 x 25,5 cm, mink\u0161ti vir\u0161eliai Kalba: Lietuvi\u0173 Vert\u0117jas: Karolina Mickevi\u010di\u016bt\u0117-Juodi\u0161ien\u0117 &nbsp;<\/p>\n","protected":false},"featured_media":16476,"comment_status":"open","ping_status":"closed","template":"","meta":{"_acf_changed":false,"site-sidebar-layout":"default","site-content-layout":"","ast-site-content-layout":"default","site-content-style":"default","site-sidebar-style":"default","ast-global-header-display":"","ast-banner-title-visibility":"","ast-main-header-display":"","ast-hfb-above-header-display":"","ast-hfb-below-header-display":"","ast-hfb-mobile-header-display":"","site-post-title":"","ast-breadcrumbs-content":"","ast-featured-img":"","footer-sml-layout":"","ast-disable-related-posts":"","theme-transparent-header-meta":"default","adv-header-id-meta":"","stick-header-meta":"","header-above-stick-meta":"","header-main-stick-meta":"","header-below-stick-meta":"","astra-migrate-meta-layouts":"set","ast-page-background-enabled":"default","ast-page-background-meta":{"desktop":{"background-color":"","background-image":"","background-repeat":"repeat","background-position":"center center","background-size":"auto","background-attachment":"scroll","background-type":"","background-media":"","overlay-type":"","overlay-color":"","overlay-opacity":"","overlay-gradient":""},"tablet":{"background-color":"","background-image":"","background-repeat":"repeat","background-position":"center center","background-size":"auto","background-attachment":"scroll","background-type":"","background-media":"","overlay-type":"","overlay-color":"","overlay-opacity":"","overlay-gradient":""},"mobile":{"background-color":"","background-image":"","background-repeat":"repeat","background-position":"center center","background-size":"auto","background-attachment":"scroll","background-type":"","background-media":"","overlay-type":"","overlay-color":"","overlay-opacity":"","overlay-gradient":""}},"ast-content-background-meta":{"desktop":{"background-color":"var(--ast-global-color-4)","background-image":"","background-repeat":"repeat","background-position":"center center","background-size":"auto","background-attachment":"scroll","background-type":"","background-media":"","overlay-type":"","overlay-color":"","overlay-opacity":"","overlay-gradient":""},"tablet":{"background-color":"var(--ast-global-color-4)","background-image":"","background-repeat":"repeat","background-position":"center center","background-size":"auto","background-attachment":"scroll","background-type":"","background-media":"","overlay-type":"","overlay-color":"","overlay-opacity":"","overlay-gradient":""},"mobile":{"background-color":"var(--ast-global-color-4)","background-image":"","background-repeat":"repeat","background-position":"center center","background-size":"auto","background-attachment":"scroll","background-type":"","background-media":"","overlay-type":"","overlay-color":"","overlay-opacity":"","overlay-gradient":""}}},"product_brand":[],"product_cat":[9856,15],"product_tag":[],"class_list":{"0":"post-16420","1":"product","2":"type-product","3":"status-publish","4":"has-post-thumbnail","6":"product_cat-fizine-sveikata-sportas","7":"product_cat-uncategorized","8":"desktop-align-left","9":"tablet-align-left","10":"mobile-align-left","12":"first","13":"instock","14":"shipping-taxable","15":"purchasable","16":"product-type-simple"},"acf":[],"yoast_head":"<!-- This site is optimized with the Yoast SEO plugin v27.0 - https:\/\/yoast.com\/product\/yoast-seo-wordpress\/ -->\n<title>Maratonas pa\u017eengusiems.<\/title>\n<meta name=\"description\" content=\"Knygoje \u201eMaratonas pa\u017eengusiems\u201c rasite vis\u0105 reikalingiausi\u0105 informacij\u0105, kuri pad\u0117s treniruotis racionaliau, su\u017einosite, kaip i\u0161vengti traum\u0173 ir prie\" \/>\n<meta name=\"robots\" content=\"index, follow, max-snippet:-1, max-image-preview:large, max-video-preview:-1\" \/>\n<link rel=\"canonical\" href=\"https:\/\/skaitytaknyga.lt\/en\/produktas\/maratonas-pazengusiems\/\" \/>\n<meta property=\"og:locale\" content=\"en_GB\" \/>\n<meta property=\"og:locale:alternate\" content=\"lt_LT\" \/>\n<meta property=\"og:type\" content=\"article\" \/>\n<meta property=\"og:title\" content=\"Maratonas pa\u017eengusiems.\" \/>\n<meta property=\"og:description\" content=\"Knygoje \u201eMaratonas pa\u017eengusiems\u201c rasite vis\u0105 reikalingiausi\u0105 informacij\u0105, kuri pad\u0117s treniruotis racionaliau, su\u017einosite, kaip i\u0161vengti traum\u0173 ir prie\" \/>\n<meta property=\"og:url\" content=\"https:\/\/skaitytaknyga.lt\/en\/produktas\/maratonas-pazengusiems\/\" \/>\n<meta property=\"og:site_name\" content=\"Skaitytaknyga\" \/>\n<meta property=\"article:publisher\" content=\"https:\/\/www.facebook.com\/skaitytaknyga\/\" \/>\n<meta property=\"article:modified_time\" content=\"2026-03-18T11:11:53+00:00\" \/>\n<meta property=\"og:image\" content=\"https:\/\/skaitytaknyga.lt\/wp-content\/uploads\/2025\/02\/Maratonas-pazengusiems-1.webp\" \/>\n\t<meta property=\"og:image:width\" content=\"333\" \/>\n\t<meta property=\"og:image:height\" content=\"500\" \/>\n\t<meta property=\"og:image:type\" content=\"image\/webp\" \/>\n<meta name=\"twitter:card\" content=\"summary_large_image\" \/>\n<meta name=\"twitter:label1\" content=\"Estimated reading time\" \/>\n\t<meta name=\"twitter:data1\" content=\"1 minute\" \/>\n<script type=\"application\/ld+json\" class=\"yoast-schema-graph\">{\"@context\":\"https:\/\/schema.org\",\"@graph\":[{\"@type\":\"WebPage\",\"@id\":\"https:\/\/skaitytaknyga.lt\/produktas\/maratonas-pazengusiems\/\",\"url\":\"https:\/\/skaitytaknyga.lt\/produktas\/maratonas-pazengusiems\/\",\"name\":\"Maratonas pa\u017eengusiems.\",\"isPartOf\":{\"@id\":\"https:\/\/skaitytaknyga.lt\/#website\"},\"primaryImageOfPage\":{\"@id\":\"https:\/\/skaitytaknyga.lt\/produktas\/maratonas-pazengusiems\/#primaryimage\"},\"image\":{\"@id\":\"https:\/\/skaitytaknyga.lt\/produktas\/maratonas-pazengusiems\/#primaryimage\"},\"thumbnailUrl\":\"https:\/\/skaitytaknyga.lt\/wp-content\/uploads\/2025\/02\/Maratonas-pazengusiems-1.webp\",\"datePublished\":\"2025-02-01T15:41:56+00:00\",\"dateModified\":\"2026-03-18T11:11:53+00:00\",\"description\":\"Knygoje \u201eMaratonas pa\u017eengusiems\u201c rasite vis\u0105 reikalingiausi\u0105 informacij\u0105, kuri pad\u0117s treniruotis racionaliau, su\u017einosite, kaip i\u0161vengti traum\u0173 ir prie\",\"breadcrumb\":{\"@id\":\"https:\/\/skaitytaknyga.lt\/produktas\/maratonas-pazengusiems\/#breadcrumb\"},\"inLanguage\":\"en-GB\",\"potentialAction\":[{\"@type\":\"ReadAction\",\"target\":[\"https:\/\/skaitytaknyga.lt\/produktas\/maratonas-pazengusiems\/\"]}]},{\"@type\":\"ImageObject\",\"inLanguage\":\"en-GB\",\"@id\":\"https:\/\/skaitytaknyga.lt\/produktas\/maratonas-pazengusiems\/#primaryimage\",\"url\":\"https:\/\/skaitytaknyga.lt\/wp-content\/uploads\/2025\/02\/Maratonas-pazengusiems-1.webp\",\"contentUrl\":\"https:\/\/skaitytaknyga.lt\/wp-content\/uploads\/2025\/02\/Maratonas-pazengusiems-1.webp\",\"width\":333,\"height\":500,\"caption\":\"Maratonas pa\u017eengusiems.\"},{\"@type\":\"BreadcrumbList\",\"@id\":\"https:\/\/skaitytaknyga.lt\/produktas\/maratonas-pazengusiems\/#breadcrumb\",\"itemListElement\":[{\"@type\":\"ListItem\",\"position\":1,\"name\":\"Home\",\"item\":\"https:\/\/skaitytaknyga.lt\/\"},{\"@type\":\"ListItem\",\"position\":2,\"name\":\"Parduotuv\u0117\",\"item\":\"https:\/\/skaitytaknyga.lt\/knygu-parduotuve\/\"},{\"@type\":\"ListItem\",\"position\":3,\"name\":\"Maratonas pa\u017eengusiems.\"}]},{\"@type\":\"WebSite\",\"@id\":\"https:\/\/skaitytaknyga.lt\/#website\",\"url\":\"https:\/\/skaitytaknyga.lt\/\",\"name\":\"skaitytaknyga.lt\",\"description\":\"Skaitytaknyga.lt \u2013 tai ma\u017eas \u0161eimos verslas, kuris prasid\u0117jo nuo meil\u0117s knygoms ir siekio i\u0161gelb\u0117ti knygas nuo likimo prie konteinerio. Kas vienam nereikalingas daiktas \u2013 kitam lobis, o mes esame tarpininkai, kurie padeda abiems tapti laimingesniems ???? \u017dinome kaip nelengva i\u0161gyventi ma\u017eiems verslams, tad nuo \u0161iol, \u010dia rasite ir kit\u0173, ma\u017e\u0173 \u0161eim\u0173 versl\u0173, rank\u0173 darbo, dovan\u0173 sau ir artimiesiems.\",\"publisher\":{\"@id\":\"https:\/\/skaitytaknyga.lt\/#organization\"},\"potentialAction\":[{\"@type\":\"SearchAction\",\"target\":{\"@type\":\"EntryPoint\",\"urlTemplate\":\"https:\/\/skaitytaknyga.lt\/?s={search_term_string}\"},\"query-input\":{\"@type\":\"PropertyValueSpecification\",\"valueRequired\":true,\"valueName\":\"search_term_string\"}}],\"inLanguage\":\"en-GB\"},{\"@type\":\"Organization\",\"@id\":\"https:\/\/skaitytaknyga.lt\/#organization\",\"name\":\"skaitytaknyga.lt\",\"url\":\"https:\/\/skaitytaknyga.lt\/\",\"logo\":{\"@type\":\"ImageObject\",\"inLanguage\":\"en-GB\",\"@id\":\"https:\/\/skaitytaknyga.lt\/#\/schema\/logo\/image\/\",\"url\":\"https:\/\/skaitytaknyga.lt\/wp-content\/uploads\/2024\/05\/cropped-cropped-cropped-02_00843_jt3bggkj1j3HLc7SyY6rEUpg.jpeg\",\"contentUrl\":\"https:\/\/skaitytaknyga.lt\/wp-content\/uploads\/2024\/05\/cropped-cropped-cropped-02_00843_jt3bggkj1j3HLc7SyY6rEUpg.jpeg\",\"width\":1600,\"height\":1600,\"caption\":\"skaitytaknyga.lt\"},\"image\":{\"@id\":\"https:\/\/skaitytaknyga.lt\/#\/schema\/logo\/image\/\"},\"sameAs\":[\"https:\/\/www.facebook.com\/skaitytaknyga\/\"]}]}<\/script>\n<!-- \/ Yoast SEO plugin. -->","yoast_head_json":{"title":"Maratonas pa\u017eengusiems.","description":"Knygoje \u201eMaratonas pa\u017eengusiems\u201c rasite vis\u0105 reikalingiausi\u0105 informacij\u0105, kuri pad\u0117s treniruotis racionaliau, su\u017einosite, kaip i\u0161vengti traum\u0173 ir prie","robots":{"index":"index","follow":"follow","max-snippet":"max-snippet:-1","max-image-preview":"max-image-preview:large","max-video-preview":"max-video-preview:-1"},"canonical":"https:\/\/skaitytaknyga.lt\/en\/produktas\/maratonas-pazengusiems\/","og_locale":"en_GB","og_type":"article","og_title":"[:lt]Maratonas pa\u017eengusiems.[:] - Skaitytaknyga","og_description":"Knygoje \u201eMaratonas pa\u017eengusiems\u201c rasite vis\u0105 reikalingiausi\u0105 informacij\u0105, kuri pad\u0117s treniruotis racionaliau, su\u017einosite, kaip i\u0161vengti traum\u0173 ir prie","og_url":"https:\/\/skaitytaknyga.lt\/en\/produktas\/maratonas-pazengusiems\/","og_site_name":"Skaitytaknyga","article_publisher":"https:\/\/www.facebook.com\/skaitytaknyga\/","article_modified_time":"2026-03-18T11:11:53+00:00","og_image":[{"width":333,"height":500,"url":"https:\/\/skaitytaknyga.lt\/wp-content\/uploads\/2025\/02\/Maratonas-pazengusiems-1.webp","type":"image\/webp"}],"twitter_card":"summary_large_image","twitter_misc":{"Estimated reading time":"1 minute"},"schema":{"@context":"https:\/\/schema.org","@graph":[{"@type":"WebPage","@id":"https:\/\/skaitytaknyga.lt\/produktas\/maratonas-pazengusiems\/","url":"https:\/\/skaitytaknyga.lt\/produktas\/maratonas-pazengusiems\/","name":"Maratonas pa\u017eengusiems.","isPartOf":{"@id":"https:\/\/skaitytaknyga.lt\/#website"},"primaryImageOfPage":{"@id":"https:\/\/skaitytaknyga.lt\/produktas\/maratonas-pazengusiems\/#primaryimage"},"image":{"@id":"https:\/\/skaitytaknyga.lt\/produktas\/maratonas-pazengusiems\/#primaryimage"},"thumbnailUrl":"https:\/\/skaitytaknyga.lt\/wp-content\/uploads\/2025\/02\/Maratonas-pazengusiems-1.webp","datePublished":"2025-02-01T15:41:56+00:00","dateModified":"2026-03-18T11:11:53+00:00","description":"Knygoje \u201eMaratonas pa\u017eengusiems\u201c rasite vis\u0105 reikalingiausi\u0105 informacij\u0105, kuri pad\u0117s treniruotis racionaliau, su\u017einosite, kaip i\u0161vengti traum\u0173 ir prie","breadcrumb":{"@id":"https:\/\/skaitytaknyga.lt\/produktas\/maratonas-pazengusiems\/#breadcrumb"},"inLanguage":"en-GB","potentialAction":[{"@type":"ReadAction","target":["https:\/\/skaitytaknyga.lt\/produktas\/maratonas-pazengusiems\/"]}]},{"@type":"ImageObject","inLanguage":"en-GB","@id":"https:\/\/skaitytaknyga.lt\/produktas\/maratonas-pazengusiems\/#primaryimage","url":"https:\/\/skaitytaknyga.lt\/wp-content\/uploads\/2025\/02\/Maratonas-pazengusiems-1.webp","contentUrl":"https:\/\/skaitytaknyga.lt\/wp-content\/uploads\/2025\/02\/Maratonas-pazengusiems-1.webp","width":333,"height":500,"caption":"Maratonas pa\u017eengusiems."},{"@type":"BreadcrumbList","@id":"https:\/\/skaitytaknyga.lt\/produktas\/maratonas-pazengusiems\/#breadcrumb","itemListElement":[{"@type":"ListItem","position":1,"name":"Home","item":"https:\/\/skaitytaknyga.lt\/"},{"@type":"ListItem","position":2,"name":"Parduotuv\u0117","item":"https:\/\/skaitytaknyga.lt\/knygu-parduotuve\/"},{"@type":"ListItem","position":3,"name":"Maratonas pa\u017eengusiems."}]},{"@type":"WebSite","@id":"https:\/\/skaitytaknyga.lt\/#website","url":"https:\/\/skaitytaknyga.lt\/","name":"skaitytaknyga.lt","description":"Skaitytaknyga.lt \u2013 tai ma\u017eas \u0161eimos verslas, kuris prasid\u0117jo nuo meil\u0117s knygoms ir siekio i\u0161gelb\u0117ti knygas nuo likimo prie konteinerio. Kas vienam nereikalingas daiktas \u2013 kitam lobis, o mes esame tarpininkai, kurie padeda abiems tapti laimingesniems ???? \u017dinome kaip nelengva i\u0161gyventi ma\u017eiems verslams, tad nuo \u0161iol, \u010dia rasite ir kit\u0173, ma\u017e\u0173 \u0161eim\u0173 versl\u0173, rank\u0173 darbo, dovan\u0173 sau ir artimiesiems.","publisher":{"@id":"https:\/\/skaitytaknyga.lt\/#organization"},"potentialAction":[{"@type":"SearchAction","target":{"@type":"EntryPoint","urlTemplate":"https:\/\/skaitytaknyga.lt\/?s={search_term_string}"},"query-input":{"@type":"PropertyValueSpecification","valueRequired":true,"valueName":"search_term_string"}}],"inLanguage":"en-GB"},{"@type":"Organization","@id":"https:\/\/skaitytaknyga.lt\/#organization","name":"skaitytaknyga.lt","url":"https:\/\/skaitytaknyga.lt\/","logo":{"@type":"ImageObject","inLanguage":"en-GB","@id":"https:\/\/skaitytaknyga.lt\/#\/schema\/logo\/image\/","url":"https:\/\/skaitytaknyga.lt\/wp-content\/uploads\/2024\/05\/cropped-cropped-cropped-02_00843_jt3bggkj1j3HLc7SyY6rEUpg.jpeg","contentUrl":"https:\/\/skaitytaknyga.lt\/wp-content\/uploads\/2024\/05\/cropped-cropped-cropped-02_00843_jt3bggkj1j3HLc7SyY6rEUpg.jpeg","width":1600,"height":1600,"caption":"skaitytaknyga.lt"},"image":{"@id":"https:\/\/skaitytaknyga.lt\/#\/schema\/logo\/image\/"},"sameAs":["https:\/\/www.facebook.com\/skaitytaknyga\/"]}]}},"_links":{"self":[{"href":"https:\/\/skaitytaknyga.lt\/en\/wp-json\/wp\/v2\/product\/16420","targetHints":{"allow":["GET"]}}],"collection":[{"href":"https:\/\/skaitytaknyga.lt\/en\/wp-json\/wp\/v2\/product"}],"about":[{"href":"https:\/\/skaitytaknyga.lt\/en\/wp-json\/wp\/v2\/types\/product"}],"replies":[{"embeddable":true,"href":"https:\/\/skaitytaknyga.lt\/en\/wp-json\/wp\/v2\/comments?post=16420"}],"wp:featuredmedia":[{"embeddable":true,"href":"https:\/\/skaitytaknyga.lt\/en\/wp-json\/wp\/v2\/media\/16476"}],"wp:attachment":[{"href":"https:\/\/skaitytaknyga.lt\/en\/wp-json\/wp\/v2\/media?parent=16420"}],"wp:term":[{"taxonomy":"product_brand","embeddable":true,"href":"https:\/\/skaitytaknyga.lt\/en\/wp-json\/wp\/v2\/product_brand?post=16420"},{"taxonomy":"product_cat","embeddable":true,"href":"https:\/\/skaitytaknyga.lt\/en\/wp-json\/wp\/v2\/product_cat?post=16420"},{"taxonomy":"product_tag","embeddable":true,"href":"https:\/\/skaitytaknyga.lt\/en\/wp-json\/wp\/v2\/product_tag?post=16420"}],"curies":[{"name":"wp","href":"https:\/\/api.w.org\/{rel}","templated":true}]}}