{"id":16414,"date":"2025-02-01T17:33:19","date_gmt":"2025-02-01T15:33:19","guid":{"rendered":"https:\/\/skaitytaknyga.lt\/?post_type=product&#038;p=16414"},"modified":"2026-03-18T14:59:50","modified_gmt":"2026-03-18T12:59:50","slug":"lietuvos-respublikos-1918-1940-m-vyriausybiu-ministru-biografinis-zodynas","status":"publish","type":"product","link":"https:\/\/skaitytaknyga.lt\/en\/produktas\/lietuvos-respublikos-1918-1940-m-vyriausybiu-ministru-biografinis-zodynas\/","title":{"rendered":"Lietuvos Respublikos 1918-1940 m. vyriausybi\u0173 ministr\u0173 biografinis \u017eodynas"},"content":{"rendered":"<p><strong>\u201eLietuvos Respublikos 1918\u20131940 m. vyriausybi\u0173 ministr\u0173 biografinis \u017eodynas&#8221;<\/strong>\u00a0yra rengiamos serijos \u201eLietuvos vyriausybi\u0173 ministr\u0173 biografinis \u017eodynas&#8221; antrasis tomas.<br \/>\nPlanuojama parengti dar tris \u0161ios serijos knygas: \u201eLietuvos Did\u017eiosios Kunigaik\u0161tyst\u0117s centrin\u0117s vykdomosios vald\u017eios pareig\u016bn\u0173 biografinis \u017eodynas&#8221; (t. 1), \u201eOkupuotos Lietuvos 1940\u20131990 m. vyriausybi\u0173 ministr\u0173 biografinis \u017eodynas&#8221; (t. 3) ir \u201eLietuvos Respublikos 1990\u20132018 m. vyriausybi\u0173 ministr\u0173 biografinis \u017eodynas&#8221; (t. 4).<\/p>\n<p>\u0160iame \u017eodyne pateikiamos Lietuvos Respublikoje 1918\u20131940 metais dirbusio dvide\u0161imt vieno Ministr\u0173 kabineto nari\u0173 biografijos. Tuo laikotarpiu \u0161ias pareigas \u0117jo \u0161imtas ministr\u0173. Biografijos parengtos pagal standartin\u0119 anket\u0105. Tai pad\u0117jo ne tik susidaryti i\u0161sam\u0173 vaizd\u0105 apie vis\u0173 ministr\u0173 veikl\u0105, bet ir nustatyti kiekvieno ind\u0117l\u012f \u012f to laikotarpio Lietuvos politin\u012f gyvenim\u0105.<\/p>\n<p>Pasitinkant Lietuvos valstyb\u0117s atk\u016brimo \u0161imtmet\u012f tai gra\u017ei dovana visuomenei. Galimyb\u0117 pa\u017evelgti \u012f vis\u0173 Pirmosios Lietuvos Respublikos ministr\u0173 gyvenim\u0105 ir veikl\u0105 leis susidaryti i\u0161samesn\u012f vaizd\u0105 apie 1918\u20131940 met\u0173 Lietuv\u0105 ir jos valdant\u012fj\u012f elit\u0105.<\/p>\n<p>Autorius: Mindaugas Tamo\u0161aitis, Algis Bitautas, Art\u016bras Svarauskas<br \/>\nLeid\u0117jas: Mokslo ir enciklopedij\u0173 leidybos centras<br \/>\nMetai: 2016<br \/>\nPuslapiai: 548<br \/>\nISBN: 9785420017784<br \/>\nFormatas: 16 x 24 x 4,5 cm, kieti vir\u0161eliai<br \/>\nKalba: Lietuvi\u0173<\/p>\n","protected":false},"excerpt":{"rendered":"<p>\u201eLietuvos Respublikos 1918\u20131940 m. vyriausybi\u0173 ministr\u0173 biografinis \u017eodynas&#8221;\u00a0yra rengiamos serijos \u201eLietuvos vyriausybi\u0173 ministr\u0173 biografinis \u017eodynas&#8221; antrasis tomas. Planuojama parengti dar tris \u0161ios serijos knygas: \u201eLietuvos Did\u017eiosios Kunigaik\u0161tyst\u0117s centrin\u0117s vykdomosios vald\u017eios pareig\u016bn\u0173 biografinis \u017eodynas&#8221; (t. 1), \u201eOkupuotos Lietuvos 1940\u20131990 m. vyriausybi\u0173 ministr\u0173 biografinis \u017eodynas&#8221; (t. 3) ir \u201eLietuvos Respublikos 1990\u20132018 m. vyriausybi\u0173 ministr\u0173 biografinis \u017eodynas&#8221; (t. 4). \u0160iame \u017eodyne pateikiamos Lietuvos Respublikoje 1918\u20131940 metais dirbusio dvide\u0161imt vieno Ministr\u0173 kabineto nari\u0173 biografijos. Tuo laikotarpiu \u0161ias pareigas \u0117jo \u0161imtas ministr\u0173. Biografijos parengtos pagal standartin\u0119 anket\u0105. Tai pad\u0117jo ne tik susidaryti i\u0161sam\u0173 vaizd\u0105 apie vis\u0173 ministr\u0173 veikl\u0105, bet ir nustatyti kiekvieno ind\u0117l\u012f \u012f to laikotarpio Lietuvos politin\u012f gyvenim\u0105. Pasitinkant Lietuvos valstyb\u0117s atk\u016brimo \u0161imtmet\u012f tai gra\u017ei dovana visuomenei. Galimyb\u0117 pa\u017evelgti \u012f vis\u0173 Pirmosios Lietuvos Respublikos ministr\u0173 gyvenim\u0105 ir veikl\u0105 leis susidaryti i\u0161samesn\u012f vaizd\u0105 apie 1918\u20131940 met\u0173 Lietuv\u0105 ir jos valdant\u012fj\u012f elit\u0105. Autorius: Mindaugas Tamo\u0161aitis, Algis Bitautas, Art\u016bras Svarauskas Leid\u0117jas: Mokslo ir enciklopedij\u0173 leidybos centras Metai: 2016 Puslapiai: 548 ISBN: 9785420017784 Formatas: 16 x 24 x 4,5 cm, kieti vir\u0161eliai Kalba: Lietuvi\u0173<\/p>\n","protected":false},"featured_media":16415,"comment_status":"closed","ping_status":"closed","template":"","meta":{"_acf_changed":false,"site-sidebar-layout":"default","site-content-layout":"","ast-site-content-layout":"default","site-content-style":"default","site-sidebar-style":"default","ast-global-header-display":"","ast-banner-title-visibility":"","ast-main-header-display":"","ast-hfb-above-header-display":"","ast-hfb-below-header-display":"","ast-hfb-mobile-header-display":"","site-post-title":"","ast-breadcrumbs-content":"","ast-featured-img":"","footer-sml-layout":"","ast-disable-related-posts":"","theme-transparent-header-meta":"default","adv-header-id-meta":"","stick-header-meta":"","header-above-stick-meta":"","header-main-stick-meta":"","header-below-stick-meta":"","astra-migrate-meta-layouts":"set","ast-page-background-enabled":"default","ast-page-background-meta":{"desktop":{"background-color":"","background-image":"","background-repeat":"repeat","background-position":"center center","background-size":"auto","background-attachment":"scroll","background-type":"","background-media":"","overlay-type":"","overlay-color":"","overlay-opacity":"","overlay-gradient":""},"tablet":{"background-color":"","background-image":"","background-repeat":"repeat","background-position":"center center","background-size":"auto","background-attachment":"scroll","background-type":"","background-media":"","overlay-type":"","overlay-color":"","overlay-opacity":"","overlay-gradient":""},"mobile":{"background-color":"","background-image":"","background-repeat":"repeat","background-position":"center center","background-size":"auto","background-attachment":"scroll","background-type":"","background-media":"","overlay-type":"","overlay-color":"","overlay-opacity":"","overlay-gradient":""}},"ast-content-background-meta":{"desktop":{"background-color":"var(--ast-global-color-4)","background-image":"","background-repeat":"repeat","background-position":"center center","background-size":"auto","background-attachment":"scroll","background-type":"","background-media":"","overlay-type":"","overlay-color":"","overlay-opacity":"","overlay-gradient":""},"tablet":{"background-color":"var(--ast-global-color-4)","background-image":"","background-repeat":"repeat","background-position":"center center","background-size":"auto","background-attachment":"scroll","background-type":"","background-media":"","overlay-type":"","overlay-color":"","overlay-opacity":"","overlay-gradient":""},"mobile":{"background-color":"var(--ast-global-color-4)","background-image":"","background-repeat":"repeat","background-position":"center center","background-size":"auto","background-attachment":"scroll","background-type":"","background-media":"","overlay-type":"","overlay-color":"","overlay-opacity":"","overlay-gradient":""}}},"product_brand":[],"product_cat":[9862,174],"product_tag":[],"class_list":{"0":"post-16414","1":"product","2":"type-product","3":"status-publish","4":"has-post-thumbnail","6":"product_cat-lietuvos-istorija","7":"product_cat-istorija-ir-politologija","8":"desktop-align-left","9":"tablet-align-left","10":"mobile-align-left","12":"first","13":"instock","14":"shipping-taxable","15":"purchasable","16":"product-type-simple"},"acf":[],"yoast_head":"<!-- This site is optimized with the Yoast SEO plugin v27.0 - https:\/\/yoast.com\/product\/yoast-seo-wordpress\/ -->\n<title>Lietuvos Respublikos 1918-1940 m. vyriausybi\u0173 ministr\u0173 biografinis \u017eodynas<\/title>\n<meta name=\"description\" content=\"\u201eLietuvos Respublikos 1918\u20131940 m. vyriausybi\u0173 ministr\u0173 biografinis \u017eodynas&quot;\u00a0yra rengiamos serijos \u201eLietuvos vyriausybi\u0173 ministr\u0173 biografinis \u017eodynas&quot;\" \/>\n<meta name=\"robots\" content=\"index, follow, max-snippet:-1, max-image-preview:large, max-video-preview:-1\" \/>\n<link rel=\"canonical\" href=\"https:\/\/skaitytaknyga.lt\/en\/produktas\/lietuvos-respublikos-1918-1940-m-vyriausybiu-ministru-biografinis-zodynas\/\" \/>\n<meta property=\"og:locale\" content=\"en_GB\" \/>\n<meta property=\"og:locale:alternate\" content=\"lt_LT\" \/>\n<meta property=\"og:type\" content=\"article\" \/>\n<meta property=\"og:title\" content=\"Lietuvos Respublikos 1918-1940 m. vyriausybi\u0173 ministr\u0173 biografinis \u017eodynas\" \/>\n<meta property=\"og:description\" content=\"\u201eLietuvos Respublikos 1918\u20131940 m. vyriausybi\u0173 ministr\u0173 biografinis \u017eodynas&quot;\u00a0yra rengiamos serijos \u201eLietuvos vyriausybi\u0173 ministr\u0173 biografinis \u017eodynas&quot;\" \/>\n<meta property=\"og:url\" content=\"https:\/\/skaitytaknyga.lt\/en\/produktas\/lietuvos-respublikos-1918-1940-m-vyriausybiu-ministru-biografinis-zodynas\/\" \/>\n<meta property=\"og:site_name\" content=\"Skaitytaknyga\" \/>\n<meta property=\"article:publisher\" content=\"https:\/\/www.facebook.com\/skaitytaknyga\/\" \/>\n<meta property=\"article:modified_time\" content=\"2026-03-18T12:59:50+00:00\" \/>\n<meta property=\"og:image\" content=\"https:\/\/skaitytaknyga.lt\/wp-content\/uploads\/2025\/02\/Lietuvos-Respublikos-1918-1940-m.-vyriausybiu-ministru-biografinis-zodynas-1.jpg\" \/>\n\t<meta property=\"og:image:width\" content=\"228\" \/>\n\t<meta property=\"og:image:height\" content=\"361\" \/>\n\t<meta property=\"og:image:type\" content=\"image\/jpeg\" \/>\n<meta name=\"twitter:card\" content=\"summary_large_image\" \/>\n<meta name=\"twitter:label1\" content=\"Estimated reading time\" \/>\n\t<meta name=\"twitter:data1\" content=\"1 minute\" \/>\n<script type=\"application\/ld+json\" class=\"yoast-schema-graph\">{\"@context\":\"https:\/\/schema.org\",\"@graph\":[{\"@type\":\"WebPage\",\"@id\":\"https:\/\/skaitytaknyga.lt\/produktas\/lietuvos-respublikos-1918-1940-m-vyriausybiu-ministru-biografinis-zodynas\/\",\"url\":\"https:\/\/skaitytaknyga.lt\/produktas\/lietuvos-respublikos-1918-1940-m-vyriausybiu-ministru-biografinis-zodynas\/\",\"name\":\"Lietuvos Respublikos 1918-1940 m. vyriausybi\u0173 ministr\u0173 biografinis \u017eodynas\",\"isPartOf\":{\"@id\":\"https:\/\/skaitytaknyga.lt\/#website\"},\"primaryImageOfPage\":{\"@id\":\"https:\/\/skaitytaknyga.lt\/produktas\/lietuvos-respublikos-1918-1940-m-vyriausybiu-ministru-biografinis-zodynas\/#primaryimage\"},\"image\":{\"@id\":\"https:\/\/skaitytaknyga.lt\/produktas\/lietuvos-respublikos-1918-1940-m-vyriausybiu-ministru-biografinis-zodynas\/#primaryimage\"},\"thumbnailUrl\":\"https:\/\/skaitytaknyga.lt\/wp-content\/uploads\/2025\/02\/Lietuvos-Respublikos-1918-1940-m.-vyriausybiu-ministru-biografinis-zodynas-1.jpg\",\"datePublished\":\"2025-02-01T15:33:19+00:00\",\"dateModified\":\"2026-03-18T12:59:50+00:00\",\"description\":\"\u201eLietuvos Respublikos 1918\u20131940 m. vyriausybi\u0173 ministr\u0173 biografinis \u017eodynas\\\"\u00a0yra rengiamos serijos \u201eLietuvos vyriausybi\u0173 ministr\u0173 biografinis \u017eodynas\\\"\",\"breadcrumb\":{\"@id\":\"https:\/\/skaitytaknyga.lt\/produktas\/lietuvos-respublikos-1918-1940-m-vyriausybiu-ministru-biografinis-zodynas\/#breadcrumb\"},\"inLanguage\":\"en-GB\",\"potentialAction\":[{\"@type\":\"ReadAction\",\"target\":[\"https:\/\/skaitytaknyga.lt\/produktas\/lietuvos-respublikos-1918-1940-m-vyriausybiu-ministru-biografinis-zodynas\/\"]}]},{\"@type\":\"ImageObject\",\"inLanguage\":\"en-GB\",\"@id\":\"https:\/\/skaitytaknyga.lt\/produktas\/lietuvos-respublikos-1918-1940-m-vyriausybiu-ministru-biografinis-zodynas\/#primaryimage\",\"url\":\"https:\/\/skaitytaknyga.lt\/wp-content\/uploads\/2025\/02\/Lietuvos-Respublikos-1918-1940-m.-vyriausybiu-ministru-biografinis-zodynas-1.jpg\",\"contentUrl\":\"https:\/\/skaitytaknyga.lt\/wp-content\/uploads\/2025\/02\/Lietuvos-Respublikos-1918-1940-m.-vyriausybiu-ministru-biografinis-zodynas-1.jpg\",\"width\":228,\"height\":361,\"caption\":\"Lietuvos Respublikos 1918-1940 m. vyriausybi\u0173 ministr\u0173 biografinis \u017eodynas\"},{\"@type\":\"BreadcrumbList\",\"@id\":\"https:\/\/skaitytaknyga.lt\/produktas\/lietuvos-respublikos-1918-1940-m-vyriausybiu-ministru-biografinis-zodynas\/#breadcrumb\",\"itemListElement\":[{\"@type\":\"ListItem\",\"position\":1,\"name\":\"Home\",\"item\":\"https:\/\/skaitytaknyga.lt\/\"},{\"@type\":\"ListItem\",\"position\":2,\"name\":\"Parduotuv\u0117\",\"item\":\"https:\/\/skaitytaknyga.lt\/knygu-parduotuve\/\"},{\"@type\":\"ListItem\",\"position\":3,\"name\":\"Lietuvos Respublikos 1918-1940 m. vyriausybi\u0173 ministr\u0173 biografinis \u017eodynas\"}]},{\"@type\":\"WebSite\",\"@id\":\"https:\/\/skaitytaknyga.lt\/#website\",\"url\":\"https:\/\/skaitytaknyga.lt\/\",\"name\":\"skaitytaknyga.lt\",\"description\":\"Skaitytaknyga.lt \u2013 tai ma\u017eas \u0161eimos verslas, kuris prasid\u0117jo nuo meil\u0117s knygoms ir siekio i\u0161gelb\u0117ti knygas nuo likimo prie konteinerio. Kas vienam nereikalingas daiktas \u2013 kitam lobis, o mes esame tarpininkai, kurie padeda abiems tapti laimingesniems ???? \u017dinome kaip nelengva i\u0161gyventi ma\u017eiems verslams, tad nuo \u0161iol, \u010dia rasite ir kit\u0173, ma\u017e\u0173 \u0161eim\u0173 versl\u0173, rank\u0173 darbo, dovan\u0173 sau ir artimiesiems.\",\"publisher\":{\"@id\":\"https:\/\/skaitytaknyga.lt\/#organization\"},\"potentialAction\":[{\"@type\":\"SearchAction\",\"target\":{\"@type\":\"EntryPoint\",\"urlTemplate\":\"https:\/\/skaitytaknyga.lt\/?s={search_term_string}\"},\"query-input\":{\"@type\":\"PropertyValueSpecification\",\"valueRequired\":true,\"valueName\":\"search_term_string\"}}],\"inLanguage\":\"en-GB\"},{\"@type\":\"Organization\",\"@id\":\"https:\/\/skaitytaknyga.lt\/#organization\",\"name\":\"skaitytaknyga.lt\",\"url\":\"https:\/\/skaitytaknyga.lt\/\",\"logo\":{\"@type\":\"ImageObject\",\"inLanguage\":\"en-GB\",\"@id\":\"https:\/\/skaitytaknyga.lt\/#\/schema\/logo\/image\/\",\"url\":\"https:\/\/skaitytaknyga.lt\/wp-content\/uploads\/2024\/05\/cropped-cropped-cropped-02_00843_jt3bggkj1j3HLc7SyY6rEUpg.jpeg\",\"contentUrl\":\"https:\/\/skaitytaknyga.lt\/wp-content\/uploads\/2024\/05\/cropped-cropped-cropped-02_00843_jt3bggkj1j3HLc7SyY6rEUpg.jpeg\",\"width\":1600,\"height\":1600,\"caption\":\"skaitytaknyga.lt\"},\"image\":{\"@id\":\"https:\/\/skaitytaknyga.lt\/#\/schema\/logo\/image\/\"},\"sameAs\":[\"https:\/\/www.facebook.com\/skaitytaknyga\/\"]}]}<\/script>\n<!-- \/ Yoast SEO plugin. -->","yoast_head_json":{"title":"Lietuvos Respublikos 1918-1940 m. vyriausybi\u0173 ministr\u0173 biografinis \u017eodynas","description":"\u201eLietuvos Respublikos 1918\u20131940 m. vyriausybi\u0173 ministr\u0173 biografinis \u017eodynas\"\u00a0yra rengiamos serijos \u201eLietuvos vyriausybi\u0173 ministr\u0173 biografinis \u017eodynas\"","robots":{"index":"index","follow":"follow","max-snippet":"max-snippet:-1","max-image-preview":"max-image-preview:large","max-video-preview":"max-video-preview:-1"},"canonical":"https:\/\/skaitytaknyga.lt\/en\/produktas\/lietuvos-respublikos-1918-1940-m-vyriausybiu-ministru-biografinis-zodynas\/","og_locale":"en_GB","og_type":"article","og_title":"[:lt]Lietuvos Respublikos 1918-1940 m. vyriausybi\u0173 ministr\u0173 biografinis \u017eodynas[:] - Skaitytaknyga","og_description":"\u201eLietuvos Respublikos 1918\u20131940 m. vyriausybi\u0173 ministr\u0173 biografinis \u017eodynas\"\u00a0yra rengiamos serijos \u201eLietuvos vyriausybi\u0173 ministr\u0173 biografinis \u017eodynas\"","og_url":"https:\/\/skaitytaknyga.lt\/en\/produktas\/lietuvos-respublikos-1918-1940-m-vyriausybiu-ministru-biografinis-zodynas\/","og_site_name":"Skaitytaknyga","article_publisher":"https:\/\/www.facebook.com\/skaitytaknyga\/","article_modified_time":"2026-03-18T12:59:50+00:00","og_image":[{"width":228,"height":361,"url":"https:\/\/skaitytaknyga.lt\/wp-content\/uploads\/2025\/02\/Lietuvos-Respublikos-1918-1940-m.-vyriausybiu-ministru-biografinis-zodynas-1.jpg","type":"image\/jpeg"}],"twitter_card":"summary_large_image","twitter_misc":{"Estimated reading time":"1 minute"},"schema":{"@context":"https:\/\/schema.org","@graph":[{"@type":"WebPage","@id":"https:\/\/skaitytaknyga.lt\/produktas\/lietuvos-respublikos-1918-1940-m-vyriausybiu-ministru-biografinis-zodynas\/","url":"https:\/\/skaitytaknyga.lt\/produktas\/lietuvos-respublikos-1918-1940-m-vyriausybiu-ministru-biografinis-zodynas\/","name":"Lietuvos Respublikos 1918-1940 m. vyriausybi\u0173 ministr\u0173 biografinis \u017eodynas","isPartOf":{"@id":"https:\/\/skaitytaknyga.lt\/#website"},"primaryImageOfPage":{"@id":"https:\/\/skaitytaknyga.lt\/produktas\/lietuvos-respublikos-1918-1940-m-vyriausybiu-ministru-biografinis-zodynas\/#primaryimage"},"image":{"@id":"https:\/\/skaitytaknyga.lt\/produktas\/lietuvos-respublikos-1918-1940-m-vyriausybiu-ministru-biografinis-zodynas\/#primaryimage"},"thumbnailUrl":"https:\/\/skaitytaknyga.lt\/wp-content\/uploads\/2025\/02\/Lietuvos-Respublikos-1918-1940-m.-vyriausybiu-ministru-biografinis-zodynas-1.jpg","datePublished":"2025-02-01T15:33:19+00:00","dateModified":"2026-03-18T12:59:50+00:00","description":"\u201eLietuvos Respublikos 1918\u20131940 m. vyriausybi\u0173 ministr\u0173 biografinis \u017eodynas\"\u00a0yra rengiamos serijos \u201eLietuvos vyriausybi\u0173 ministr\u0173 biografinis \u017eodynas\"","breadcrumb":{"@id":"https:\/\/skaitytaknyga.lt\/produktas\/lietuvos-respublikos-1918-1940-m-vyriausybiu-ministru-biografinis-zodynas\/#breadcrumb"},"inLanguage":"en-GB","potentialAction":[{"@type":"ReadAction","target":["https:\/\/skaitytaknyga.lt\/produktas\/lietuvos-respublikos-1918-1940-m-vyriausybiu-ministru-biografinis-zodynas\/"]}]},{"@type":"ImageObject","inLanguage":"en-GB","@id":"https:\/\/skaitytaknyga.lt\/produktas\/lietuvos-respublikos-1918-1940-m-vyriausybiu-ministru-biografinis-zodynas\/#primaryimage","url":"https:\/\/skaitytaknyga.lt\/wp-content\/uploads\/2025\/02\/Lietuvos-Respublikos-1918-1940-m.-vyriausybiu-ministru-biografinis-zodynas-1.jpg","contentUrl":"https:\/\/skaitytaknyga.lt\/wp-content\/uploads\/2025\/02\/Lietuvos-Respublikos-1918-1940-m.-vyriausybiu-ministru-biografinis-zodynas-1.jpg","width":228,"height":361,"caption":"Lietuvos Respublikos 1918-1940 m. vyriausybi\u0173 ministr\u0173 biografinis \u017eodynas"},{"@type":"BreadcrumbList","@id":"https:\/\/skaitytaknyga.lt\/produktas\/lietuvos-respublikos-1918-1940-m-vyriausybiu-ministru-biografinis-zodynas\/#breadcrumb","itemListElement":[{"@type":"ListItem","position":1,"name":"Home","item":"https:\/\/skaitytaknyga.lt\/"},{"@type":"ListItem","position":2,"name":"Parduotuv\u0117","item":"https:\/\/skaitytaknyga.lt\/knygu-parduotuve\/"},{"@type":"ListItem","position":3,"name":"Lietuvos Respublikos 1918-1940 m. vyriausybi\u0173 ministr\u0173 biografinis \u017eodynas"}]},{"@type":"WebSite","@id":"https:\/\/skaitytaknyga.lt\/#website","url":"https:\/\/skaitytaknyga.lt\/","name":"skaitytaknyga.lt","description":"Skaitytaknyga.lt \u2013 tai ma\u017eas \u0161eimos verslas, kuris prasid\u0117jo nuo meil\u0117s knygoms ir siekio i\u0161gelb\u0117ti knygas nuo likimo prie konteinerio. Kas vienam nereikalingas daiktas \u2013 kitam lobis, o mes esame tarpininkai, kurie padeda abiems tapti laimingesniems ???? \u017dinome kaip nelengva i\u0161gyventi ma\u017eiems verslams, tad nuo \u0161iol, \u010dia rasite ir kit\u0173, ma\u017e\u0173 \u0161eim\u0173 versl\u0173, rank\u0173 darbo, dovan\u0173 sau ir artimiesiems.","publisher":{"@id":"https:\/\/skaitytaknyga.lt\/#organization"},"potentialAction":[{"@type":"SearchAction","target":{"@type":"EntryPoint","urlTemplate":"https:\/\/skaitytaknyga.lt\/?s={search_term_string}"},"query-input":{"@type":"PropertyValueSpecification","valueRequired":true,"valueName":"search_term_string"}}],"inLanguage":"en-GB"},{"@type":"Organization","@id":"https:\/\/skaitytaknyga.lt\/#organization","name":"skaitytaknyga.lt","url":"https:\/\/skaitytaknyga.lt\/","logo":{"@type":"ImageObject","inLanguage":"en-GB","@id":"https:\/\/skaitytaknyga.lt\/#\/schema\/logo\/image\/","url":"https:\/\/skaitytaknyga.lt\/wp-content\/uploads\/2024\/05\/cropped-cropped-cropped-02_00843_jt3bggkj1j3HLc7SyY6rEUpg.jpeg","contentUrl":"https:\/\/skaitytaknyga.lt\/wp-content\/uploads\/2024\/05\/cropped-cropped-cropped-02_00843_jt3bggkj1j3HLc7SyY6rEUpg.jpeg","width":1600,"height":1600,"caption":"skaitytaknyga.lt"},"image":{"@id":"https:\/\/skaitytaknyga.lt\/#\/schema\/logo\/image\/"},"sameAs":["https:\/\/www.facebook.com\/skaitytaknyga\/"]}]}},"_links":{"self":[{"href":"https:\/\/skaitytaknyga.lt\/en\/wp-json\/wp\/v2\/product\/16414","targetHints":{"allow":["GET"]}}],"collection":[{"href":"https:\/\/skaitytaknyga.lt\/en\/wp-json\/wp\/v2\/product"}],"about":[{"href":"https:\/\/skaitytaknyga.lt\/en\/wp-json\/wp\/v2\/types\/product"}],"replies":[{"embeddable":true,"href":"https:\/\/skaitytaknyga.lt\/en\/wp-json\/wp\/v2\/comments?post=16414"}],"wp:featuredmedia":[{"embeddable":true,"href":"https:\/\/skaitytaknyga.lt\/en\/wp-json\/wp\/v2\/media\/16415"}],"wp:attachment":[{"href":"https:\/\/skaitytaknyga.lt\/en\/wp-json\/wp\/v2\/media?parent=16414"}],"wp:term":[{"taxonomy":"product_brand","embeddable":true,"href":"https:\/\/skaitytaknyga.lt\/en\/wp-json\/wp\/v2\/product_brand?post=16414"},{"taxonomy":"product_cat","embeddable":true,"href":"https:\/\/skaitytaknyga.lt\/en\/wp-json\/wp\/v2\/product_cat?post=16414"},{"taxonomy":"product_tag","embeddable":true,"href":"https:\/\/skaitytaknyga.lt\/en\/wp-json\/wp\/v2\/product_tag?post=16414"}],"curies":[{"name":"wp","href":"https:\/\/api.w.org\/{rel}","templated":true}]}}