{"id":16412,"date":"2025-02-01T15:19:13","date_gmt":"2025-02-01T13:19:13","guid":{"rendered":"https:\/\/skaitytaknyga.lt\/?post_type=product&#038;p=16412"},"modified":"2026-03-18T14:59:50","modified_gmt":"2026-03-18T12:59:50","slug":"parubezys-ir-parubeziniai-2-dalys","status":"publish","type":"product","link":"https:\/\/skaitytaknyga.lt\/en\/produktas\/parubezys-ir-parubeziniai-2-dalys\/","title":{"rendered":"Parube\u017eys ir parube\u017einiai. 2 dalys"},"content":{"rendered":"<p>\u0160i\u0105 knyg\u0105 A. \u017dil\u0117nas, tarpukario Lietuvos pasienio policininko s\u016bnus, skyr\u0117 Lietuvos Nepriklausomyb\u0117s paskelbimo \u0161imtme\u010diui ir Pasienio policijos 95 met\u0173 sukak\u010diai pamin\u0117ti. Joje daugiausiai d\u0117mesio skirta I Lietuvos Respublikos pasienio policijos Utenos baro ribose saugotos administracin\u0117s linijos tarp Lietuvos ir lenk\u0173 okupuoto Vilniaus kra\u0161to istorijai ir pa\u010di\u0173 pasienie\u010di\u0173 tarnybai bei j\u0173 \u0161eim\u0173 gyvenimui nu\u0161viesti.<\/p>\n<p>Knygoje \u201eParube\u017eys ir parube\u017einiai\u201c nenuilstantis kra\u0161totyrininkas ir ra\u0161ytojas yra surink\u0119s daug duomen\u0173 ir prisiminim\u0173, galyb\u0119 istorini\u0173 nuotrauk\u0173 apie \u017eemie\u010dius, saugojusius sien\u0105 ne tik Utenos baro ruo\u017ee, bet ir kituose Lietuvos pasienio baruose, apie j\u0173 likimus per vis\u0173 okupacij\u0173 metus. Knygoje pateikti 219 pasienie\u010di\u0173 biografiniai duomenys. Autorius d\u0117koja pasienie\u010di\u0173 vaikams ir an\u016bkams bei visiems prisid\u0117jusiems rengiant \u0161i\u0105 knyg\u0105 \u2013 kas nuotraukomis i\u0161 asmenini\u0173 \u0161eimos archyv\u0173, kas pasakojimais ir prisiminimais.<\/p>\n","protected":false},"excerpt":{"rendered":"<p>\u0160i\u0105 knyg\u0105 A. \u017dil\u0117nas, tarpukario Lietuvos pasienio policininko s\u016bnus, skyr\u0117 Lietuvos Nepriklausomyb\u0117s paskelbimo \u0161imtme\u010diui ir Pasienio policijos 95 met\u0173 sukak\u010diai pamin\u0117ti. Joje daugiausiai d\u0117mesio skirta I Lietuvos Respublikos pasienio policijos Utenos baro ribose saugotos administracin\u0117s linijos tarp Lietuvos ir lenk\u0173 okupuoto Vilniaus kra\u0161to istorijai ir pa\u010di\u0173 pasienie\u010di\u0173 tarnybai bei j\u0173 \u0161eim\u0173 gyvenimui nu\u0161viesti. Knygoje \u201eParube\u017eys ir parube\u017einiai\u201c nenuilstantis kra\u0161totyrininkas ir ra\u0161ytojas yra surink\u0119s daug duomen\u0173 ir prisiminim\u0173, galyb\u0119 istorini\u0173 nuotrauk\u0173 apie \u017eemie\u010dius, saugojusius sien\u0105 ne tik Utenos baro ruo\u017ee, bet ir kituose Lietuvos pasienio baruose, apie j\u0173 likimus per vis\u0173 okupacij\u0173 metus. Knygoje pateikti 219 pasienie\u010di\u0173 biografiniai duomenys. Autorius d\u0117koja pasienie\u010di\u0173 vaikams ir an\u016bkams bei visiems prisid\u0117jusiems rengiant \u0161i\u0105 knyg\u0105 \u2013 kas nuotraukomis i\u0161 asmenini\u0173 \u0161eimos archyv\u0173, kas pasakojimais ir prisiminimais.<\/p>\n","protected":false},"featured_media":16413,"comment_status":"closed","ping_status":"closed","template":"","meta":{"_acf_changed":false,"site-sidebar-layout":"default","site-content-layout":"","ast-site-content-layout":"default","site-content-style":"default","site-sidebar-style":"default","ast-global-header-display":"","ast-banner-title-visibility":"","ast-main-header-display":"","ast-hfb-above-header-display":"","ast-hfb-below-header-display":"","ast-hfb-mobile-header-display":"","site-post-title":"","ast-breadcrumbs-content":"","ast-featured-img":"","footer-sml-layout":"","ast-disable-related-posts":"","theme-transparent-header-meta":"default","adv-header-id-meta":"","stick-header-meta":"","header-above-stick-meta":"","header-main-stick-meta":"","header-below-stick-meta":"","astra-migrate-meta-layouts":"set","ast-page-background-enabled":"default","ast-page-background-meta":{"desktop":{"background-color":"","background-image":"","background-repeat":"repeat","background-position":"center center","background-size":"auto","background-attachment":"scroll","background-type":"","background-media":"","overlay-type":"","overlay-color":"","overlay-opacity":"","overlay-gradient":""},"tablet":{"background-color":"","background-image":"","background-repeat":"repeat","background-position":"center center","background-size":"auto","background-attachment":"scroll","background-type":"","background-media":"","overlay-type":"","overlay-color":"","overlay-opacity":"","overlay-gradient":""},"mobile":{"background-color":"","background-image":"","background-repeat":"repeat","background-position":"center center","background-size":"auto","background-attachment":"scroll","background-type":"","background-media":"","overlay-type":"","overlay-color":"","overlay-opacity":"","overlay-gradient":""}},"ast-content-background-meta":{"desktop":{"background-color":"var(--ast-global-color-4)","background-image":"","background-repeat":"repeat","background-position":"center center","background-size":"auto","background-attachment":"scroll","background-type":"","background-media":"","overlay-type":"","overlay-color":"","overlay-opacity":"","overlay-gradient":""},"tablet":{"background-color":"var(--ast-global-color-4)","background-image":"","background-repeat":"repeat","background-position":"center center","background-size":"auto","background-attachment":"scroll","background-type":"","background-media":"","overlay-type":"","overlay-color":"","overlay-opacity":"","overlay-gradient":""},"mobile":{"background-color":"var(--ast-global-color-4)","background-image":"","background-repeat":"repeat","background-position":"center center","background-size":"auto","background-attachment":"scroll","background-type":"","background-media":"","overlay-type":"","overlay-color":"","overlay-opacity":"","overlay-gradient":""}}},"product_brand":[],"product_cat":[9862,174],"product_tag":[],"class_list":{"0":"post-16412","1":"product","2":"type-product","3":"status-publish","4":"has-post-thumbnail","6":"product_cat-lietuvos-istorija","7":"product_cat-istorija-ir-politologija","8":"desktop-align-left","9":"tablet-align-left","10":"mobile-align-left","12":"first","13":"instock","14":"shipping-taxable","15":"purchasable","16":"product-type-simple"},"acf":[],"yoast_head":"<!-- This site is optimized with the Yoast SEO plugin v27.0 - https:\/\/yoast.com\/product\/yoast-seo-wordpress\/ -->\n<title>Parube\u017eys ir parube\u017einiai. 2 dalys<\/title>\n<meta name=\"description\" content=\"\u0160i\u0105 knyg\u0105 A. \u017dil\u0117nas, tarpukario Lietuvos pasienio policininko s\u016bnus, skyr\u0117 Lietuvos Nepriklausomyb\u0117s paskelbimo \u0161imtme\u010diui ir Pasienio policijos 95 met\u0173\" \/>\n<meta name=\"robots\" content=\"index, follow, max-snippet:-1, max-image-preview:large, max-video-preview:-1\" \/>\n<link rel=\"canonical\" href=\"https:\/\/skaitytaknyga.lt\/en\/produktas\/parubezys-ir-parubeziniai-2-dalys\/\" \/>\n<meta property=\"og:locale\" content=\"en_GB\" \/>\n<meta property=\"og:locale:alternate\" content=\"lt_LT\" \/>\n<meta property=\"og:type\" content=\"article\" \/>\n<meta property=\"og:title\" content=\"Parube\u017eys ir parube\u017einiai. 2 dalys\" \/>\n<meta property=\"og:description\" content=\"\u0160i\u0105 knyg\u0105 A. \u017dil\u0117nas, tarpukario Lietuvos pasienio policininko s\u016bnus, skyr\u0117 Lietuvos Nepriklausomyb\u0117s paskelbimo \u0161imtme\u010diui ir Pasienio policijos 95 met\u0173\" \/>\n<meta property=\"og:url\" content=\"https:\/\/skaitytaknyga.lt\/en\/produktas\/parubezys-ir-parubeziniai-2-dalys\/\" \/>\n<meta property=\"og:site_name\" content=\"Skaitytaknyga\" \/>\n<meta property=\"article:publisher\" content=\"https:\/\/www.facebook.com\/skaitytaknyga\/\" \/>\n<meta property=\"article:modified_time\" content=\"2026-03-18T12:59:50+00:00\" \/>\n<meta property=\"og:image\" content=\"https:\/\/skaitytaknyga.lt\/wp-content\/uploads\/2025\/02\/fa7b174ed05c1f274e2d833d29d4de12-e1738416024158.webp\" \/>\n\t<meta property=\"og:image:width\" content=\"329\" \/>\n\t<meta property=\"og:image:height\" content=\"463\" \/>\n\t<meta property=\"og:image:type\" content=\"image\/webp\" \/>\n<meta name=\"twitter:card\" content=\"summary_large_image\" \/>\n<meta name=\"twitter:label1\" content=\"Estimated reading time\" \/>\n\t<meta name=\"twitter:data1\" content=\"1 minute\" \/>\n<script type=\"application\/ld+json\" class=\"yoast-schema-graph\">{\"@context\":\"https:\/\/schema.org\",\"@graph\":[{\"@type\":\"WebPage\",\"@id\":\"https:\/\/skaitytaknyga.lt\/produktas\/parubezys-ir-parubeziniai-2-dalys\/\",\"url\":\"https:\/\/skaitytaknyga.lt\/produktas\/parubezys-ir-parubeziniai-2-dalys\/\",\"name\":\"Parube\u017eys ir parube\u017einiai. 2 dalys\",\"isPartOf\":{\"@id\":\"https:\/\/skaitytaknyga.lt\/#website\"},\"primaryImageOfPage\":{\"@id\":\"https:\/\/skaitytaknyga.lt\/produktas\/parubezys-ir-parubeziniai-2-dalys\/#primaryimage\"},\"image\":{\"@id\":\"https:\/\/skaitytaknyga.lt\/produktas\/parubezys-ir-parubeziniai-2-dalys\/#primaryimage\"},\"thumbnailUrl\":\"https:\/\/skaitytaknyga.lt\/wp-content\/uploads\/2025\/02\/fa7b174ed05c1f274e2d833d29d4de12-e1738416024158.webp\",\"datePublished\":\"2025-02-01T13:19:13+00:00\",\"dateModified\":\"2026-03-18T12:59:50+00:00\",\"description\":\"\u0160i\u0105 knyg\u0105 A. \u017dil\u0117nas, tarpukario Lietuvos pasienio policininko s\u016bnus, skyr\u0117 Lietuvos Nepriklausomyb\u0117s paskelbimo \u0161imtme\u010diui ir Pasienio policijos 95 met\u0173\",\"breadcrumb\":{\"@id\":\"https:\/\/skaitytaknyga.lt\/produktas\/parubezys-ir-parubeziniai-2-dalys\/#breadcrumb\"},\"inLanguage\":\"en-GB\",\"potentialAction\":[{\"@type\":\"ReadAction\",\"target\":[\"https:\/\/skaitytaknyga.lt\/produktas\/parubezys-ir-parubeziniai-2-dalys\/\"]}]},{\"@type\":\"ImageObject\",\"inLanguage\":\"en-GB\",\"@id\":\"https:\/\/skaitytaknyga.lt\/produktas\/parubezys-ir-parubeziniai-2-dalys\/#primaryimage\",\"url\":\"https:\/\/skaitytaknyga.lt\/wp-content\/uploads\/2025\/02\/fa7b174ed05c1f274e2d833d29d4de12-e1738416024158.webp\",\"contentUrl\":\"https:\/\/skaitytaknyga.lt\/wp-content\/uploads\/2025\/02\/fa7b174ed05c1f274e2d833d29d4de12-e1738416024158.webp\",\"width\":329,\"height\":463,\"caption\":\"Parube\u017eys ir parube\u017einiai. 2 dalys\"},{\"@type\":\"BreadcrumbList\",\"@id\":\"https:\/\/skaitytaknyga.lt\/produktas\/parubezys-ir-parubeziniai-2-dalys\/#breadcrumb\",\"itemListElement\":[{\"@type\":\"ListItem\",\"position\":1,\"name\":\"Home\",\"item\":\"https:\/\/skaitytaknyga.lt\/\"},{\"@type\":\"ListItem\",\"position\":2,\"name\":\"Parduotuv\u0117\",\"item\":\"https:\/\/skaitytaknyga.lt\/knygu-parduotuve\/\"},{\"@type\":\"ListItem\",\"position\":3,\"name\":\"Parube\u017eys ir parube\u017einiai. 2 dalys\"}]},{\"@type\":\"WebSite\",\"@id\":\"https:\/\/skaitytaknyga.lt\/#website\",\"url\":\"https:\/\/skaitytaknyga.lt\/\",\"name\":\"skaitytaknyga.lt\",\"description\":\"Skaitytaknyga.lt \u2013 tai ma\u017eas \u0161eimos verslas, kuris prasid\u0117jo nuo meil\u0117s knygoms ir siekio i\u0161gelb\u0117ti knygas nuo likimo prie konteinerio. Kas vienam nereikalingas daiktas \u2013 kitam lobis, o mes esame tarpininkai, kurie padeda abiems tapti laimingesniems ???? \u017dinome kaip nelengva i\u0161gyventi ma\u017eiems verslams, tad nuo \u0161iol, \u010dia rasite ir kit\u0173, ma\u017e\u0173 \u0161eim\u0173 versl\u0173, rank\u0173 darbo, dovan\u0173 sau ir artimiesiems.\",\"publisher\":{\"@id\":\"https:\/\/skaitytaknyga.lt\/#organization\"},\"potentialAction\":[{\"@type\":\"SearchAction\",\"target\":{\"@type\":\"EntryPoint\",\"urlTemplate\":\"https:\/\/skaitytaknyga.lt\/?s={search_term_string}\"},\"query-input\":{\"@type\":\"PropertyValueSpecification\",\"valueRequired\":true,\"valueName\":\"search_term_string\"}}],\"inLanguage\":\"en-GB\"},{\"@type\":\"Organization\",\"@id\":\"https:\/\/skaitytaknyga.lt\/#organization\",\"name\":\"skaitytaknyga.lt\",\"url\":\"https:\/\/skaitytaknyga.lt\/\",\"logo\":{\"@type\":\"ImageObject\",\"inLanguage\":\"en-GB\",\"@id\":\"https:\/\/skaitytaknyga.lt\/#\/schema\/logo\/image\/\",\"url\":\"https:\/\/skaitytaknyga.lt\/wp-content\/uploads\/2024\/05\/cropped-cropped-cropped-02_00843_jt3bggkj1j3HLc7SyY6rEUpg.jpeg\",\"contentUrl\":\"https:\/\/skaitytaknyga.lt\/wp-content\/uploads\/2024\/05\/cropped-cropped-cropped-02_00843_jt3bggkj1j3HLc7SyY6rEUpg.jpeg\",\"width\":1600,\"height\":1600,\"caption\":\"skaitytaknyga.lt\"},\"image\":{\"@id\":\"https:\/\/skaitytaknyga.lt\/#\/schema\/logo\/image\/\"},\"sameAs\":[\"https:\/\/www.facebook.com\/skaitytaknyga\/\"]}]}<\/script>\n<!-- \/ Yoast SEO plugin. -->","yoast_head_json":{"title":"Parube\u017eys ir parube\u017einiai. 2 dalys","description":"\u0160i\u0105 knyg\u0105 A. \u017dil\u0117nas, tarpukario Lietuvos pasienio policininko s\u016bnus, skyr\u0117 Lietuvos Nepriklausomyb\u0117s paskelbimo \u0161imtme\u010diui ir Pasienio policijos 95 met\u0173","robots":{"index":"index","follow":"follow","max-snippet":"max-snippet:-1","max-image-preview":"max-image-preview:large","max-video-preview":"max-video-preview:-1"},"canonical":"https:\/\/skaitytaknyga.lt\/en\/produktas\/parubezys-ir-parubeziniai-2-dalys\/","og_locale":"en_GB","og_type":"article","og_title":"[:lt]Parube\u017eys ir parube\u017einiai. 2 dalys[:] - Skaitytaknyga","og_description":"\u0160i\u0105 knyg\u0105 A. \u017dil\u0117nas, tarpukario Lietuvos pasienio policininko s\u016bnus, skyr\u0117 Lietuvos Nepriklausomyb\u0117s paskelbimo \u0161imtme\u010diui ir Pasienio policijos 95 met\u0173","og_url":"https:\/\/skaitytaknyga.lt\/en\/produktas\/parubezys-ir-parubeziniai-2-dalys\/","og_site_name":"Skaitytaknyga","article_publisher":"https:\/\/www.facebook.com\/skaitytaknyga\/","article_modified_time":"2026-03-18T12:59:50+00:00","og_image":[{"width":329,"height":463,"url":"https:\/\/skaitytaknyga.lt\/wp-content\/uploads\/2025\/02\/fa7b174ed05c1f274e2d833d29d4de12-e1738416024158.webp","type":"image\/webp"}],"twitter_card":"summary_large_image","twitter_misc":{"Estimated reading time":"1 minute"},"schema":{"@context":"https:\/\/schema.org","@graph":[{"@type":"WebPage","@id":"https:\/\/skaitytaknyga.lt\/produktas\/parubezys-ir-parubeziniai-2-dalys\/","url":"https:\/\/skaitytaknyga.lt\/produktas\/parubezys-ir-parubeziniai-2-dalys\/","name":"Parube\u017eys ir parube\u017einiai. 2 dalys","isPartOf":{"@id":"https:\/\/skaitytaknyga.lt\/#website"},"primaryImageOfPage":{"@id":"https:\/\/skaitytaknyga.lt\/produktas\/parubezys-ir-parubeziniai-2-dalys\/#primaryimage"},"image":{"@id":"https:\/\/skaitytaknyga.lt\/produktas\/parubezys-ir-parubeziniai-2-dalys\/#primaryimage"},"thumbnailUrl":"https:\/\/skaitytaknyga.lt\/wp-content\/uploads\/2025\/02\/fa7b174ed05c1f274e2d833d29d4de12-e1738416024158.webp","datePublished":"2025-02-01T13:19:13+00:00","dateModified":"2026-03-18T12:59:50+00:00","description":"\u0160i\u0105 knyg\u0105 A. \u017dil\u0117nas, tarpukario Lietuvos pasienio policininko s\u016bnus, skyr\u0117 Lietuvos Nepriklausomyb\u0117s paskelbimo \u0161imtme\u010diui ir Pasienio policijos 95 met\u0173","breadcrumb":{"@id":"https:\/\/skaitytaknyga.lt\/produktas\/parubezys-ir-parubeziniai-2-dalys\/#breadcrumb"},"inLanguage":"en-GB","potentialAction":[{"@type":"ReadAction","target":["https:\/\/skaitytaknyga.lt\/produktas\/parubezys-ir-parubeziniai-2-dalys\/"]}]},{"@type":"ImageObject","inLanguage":"en-GB","@id":"https:\/\/skaitytaknyga.lt\/produktas\/parubezys-ir-parubeziniai-2-dalys\/#primaryimage","url":"https:\/\/skaitytaknyga.lt\/wp-content\/uploads\/2025\/02\/fa7b174ed05c1f274e2d833d29d4de12-e1738416024158.webp","contentUrl":"https:\/\/skaitytaknyga.lt\/wp-content\/uploads\/2025\/02\/fa7b174ed05c1f274e2d833d29d4de12-e1738416024158.webp","width":329,"height":463,"caption":"Parube\u017eys ir parube\u017einiai. 2 dalys"},{"@type":"BreadcrumbList","@id":"https:\/\/skaitytaknyga.lt\/produktas\/parubezys-ir-parubeziniai-2-dalys\/#breadcrumb","itemListElement":[{"@type":"ListItem","position":1,"name":"Home","item":"https:\/\/skaitytaknyga.lt\/"},{"@type":"ListItem","position":2,"name":"Parduotuv\u0117","item":"https:\/\/skaitytaknyga.lt\/knygu-parduotuve\/"},{"@type":"ListItem","position":3,"name":"Parube\u017eys ir parube\u017einiai. 2 dalys"}]},{"@type":"WebSite","@id":"https:\/\/skaitytaknyga.lt\/#website","url":"https:\/\/skaitytaknyga.lt\/","name":"skaitytaknyga.lt","description":"Skaitytaknyga.lt \u2013 tai ma\u017eas \u0161eimos verslas, kuris prasid\u0117jo nuo meil\u0117s knygoms ir siekio i\u0161gelb\u0117ti knygas nuo likimo prie konteinerio. Kas vienam nereikalingas daiktas \u2013 kitam lobis, o mes esame tarpininkai, kurie padeda abiems tapti laimingesniems ???? \u017dinome kaip nelengva i\u0161gyventi ma\u017eiems verslams, tad nuo \u0161iol, \u010dia rasite ir kit\u0173, ma\u017e\u0173 \u0161eim\u0173 versl\u0173, rank\u0173 darbo, dovan\u0173 sau ir artimiesiems.","publisher":{"@id":"https:\/\/skaitytaknyga.lt\/#organization"},"potentialAction":[{"@type":"SearchAction","target":{"@type":"EntryPoint","urlTemplate":"https:\/\/skaitytaknyga.lt\/?s={search_term_string}"},"query-input":{"@type":"PropertyValueSpecification","valueRequired":true,"valueName":"search_term_string"}}],"inLanguage":"en-GB"},{"@type":"Organization","@id":"https:\/\/skaitytaknyga.lt\/#organization","name":"skaitytaknyga.lt","url":"https:\/\/skaitytaknyga.lt\/","logo":{"@type":"ImageObject","inLanguage":"en-GB","@id":"https:\/\/skaitytaknyga.lt\/#\/schema\/logo\/image\/","url":"https:\/\/skaitytaknyga.lt\/wp-content\/uploads\/2024\/05\/cropped-cropped-cropped-02_00843_jt3bggkj1j3HLc7SyY6rEUpg.jpeg","contentUrl":"https:\/\/skaitytaknyga.lt\/wp-content\/uploads\/2024\/05\/cropped-cropped-cropped-02_00843_jt3bggkj1j3HLc7SyY6rEUpg.jpeg","width":1600,"height":1600,"caption":"skaitytaknyga.lt"},"image":{"@id":"https:\/\/skaitytaknyga.lt\/#\/schema\/logo\/image\/"},"sameAs":["https:\/\/www.facebook.com\/skaitytaknyga\/"]}]}},"_links":{"self":[{"href":"https:\/\/skaitytaknyga.lt\/en\/wp-json\/wp\/v2\/product\/16412","targetHints":{"allow":["GET"]}}],"collection":[{"href":"https:\/\/skaitytaknyga.lt\/en\/wp-json\/wp\/v2\/product"}],"about":[{"href":"https:\/\/skaitytaknyga.lt\/en\/wp-json\/wp\/v2\/types\/product"}],"replies":[{"embeddable":true,"href":"https:\/\/skaitytaknyga.lt\/en\/wp-json\/wp\/v2\/comments?post=16412"}],"wp:featuredmedia":[{"embeddable":true,"href":"https:\/\/skaitytaknyga.lt\/en\/wp-json\/wp\/v2\/media\/16413"}],"wp:attachment":[{"href":"https:\/\/skaitytaknyga.lt\/en\/wp-json\/wp\/v2\/media?parent=16412"}],"wp:term":[{"taxonomy":"product_brand","embeddable":true,"href":"https:\/\/skaitytaknyga.lt\/en\/wp-json\/wp\/v2\/product_brand?post=16412"},{"taxonomy":"product_cat","embeddable":true,"href":"https:\/\/skaitytaknyga.lt\/en\/wp-json\/wp\/v2\/product_cat?post=16412"},{"taxonomy":"product_tag","embeddable":true,"href":"https:\/\/skaitytaknyga.lt\/en\/wp-json\/wp\/v2\/product_tag?post=16412"}],"curies":[{"name":"wp","href":"https:\/\/api.w.org\/{rel}","templated":true}]}}