{"id":16407,"date":"2025-02-01T15:06:59","date_gmt":"2025-02-01T13:06:59","guid":{"rendered":"https:\/\/skaitytaknyga.lt\/?post_type=product&#038;p=16407"},"modified":"2025-06-11T09:12:36","modified_gmt":"2025-06-11T06:12:36","slug":"daktaras-zivaga","status":"publish","type":"product","link":"https:\/\/skaitytaknyga.lt\/en\/produktas\/daktaras-zivaga\/","title":{"rendered":"Daktaras \u017divaga"},"content":{"rendered":"<div class=\"tab-content col-xs-12\">\n<div id=\"tab-description\" class=\"tab-pane active\">\n<div class=\"content-product-midde clearfix\">\n<div class=\"producttab \">\n<div class=\"tabsslider horizontal-tabs col-xs-12\">\n<div class=\"tab-content col-xs-12\">\n<div id=\"tab-description\" class=\"tab-pane active\">\n<div id=\"collapse-description\" class=\"desc-collapse\">\n<div class=\"col-12 col-xl-9 mb-3\">\n<div class=\"row bg-white m-0 px-2 py-3 p-md-4 h-100\">\n<div class=\"col-12 col-xl-8 book-descript-wrapper pl-xl-5 -order-0 order-xl-1\">\n<section class=\"product-descript more-content-wrapper position-relative d-none d-xl-block pb-4\">\n<div class=\"\">\n<p>Borisas Pasternakas (1890-1960) &#8211; rus\u0173 literat\u016bros klasikas, prozininkas, poetas, Nobelio premijos laureatas. \u201eDaktaras \u017divaga\u201c \u2013 romanas, vaizduojantis revoliucijos stichij\u0105, saga apie politini\u0173 neramum\u0173 i\u0161draskyt\u0105 Rusij\u0105 ir apie visk\u0105 i\u0161tverian\u010di\u0105 ir nugalin\u010di\u0105 meil\u0119. Pagrindinis romano veik\u0117jas \u2014 rus\u0173 inteligentas, nepritariantis daugeliui Spalio \u012fvyki\u0173, smerkiantis prievart\u0105, netikintis prievartine visuomen\u0117s pertvarkos galimybe. \u0160is k\u016brinys, apibendrin\u0119s vis\u0105 B. Pasternako k\u016bryb\u0105, laikomas viena svarbiausi\u0173 XX a. pasaulin\u0117s literat\u016bros knyg\u0173, padariusia \u012ftak\u0105 ne vienai meninink\u0173 kartai.<br \/>\nU\u017e roman\u0105 autoriui 1958 m. buvo paskirta Nobelio premija, bet B. Pasternakas buvo priverstas jos atsisakyti.<\/p>\n<\/div>\n<\/section>\n<\/div>\n<\/div>\n<\/div>\n<\/div>\n<\/div>\n<\/div>\n<\/div>\n<\/div>\n<\/div>\n<\/div>\n<\/div>\n","protected":false},"excerpt":{"rendered":"<p>Borisas Pasternakas (1890-1960) &#8211; rus\u0173 literat\u016bros klasikas, prozininkas, poetas, Nobelio premijos laureatas. \u201eDaktaras \u017divaga\u201c \u2013 romanas, vaizduojantis revoliucijos stichij\u0105, saga apie politini\u0173 neramum\u0173 i\u0161draskyt\u0105 Rusij\u0105 ir apie visk\u0105 i\u0161tverian\u010di\u0105 ir nugalin\u010di\u0105 meil\u0119. Pagrindinis romano veik\u0117jas \u2014 rus\u0173 inteligentas, nepritariantis daugeliui Spalio \u012fvyki\u0173, smerkiantis prievart\u0105, netikintis prievartine visuomen\u0117s pertvarkos galimybe. \u0160is k\u016brinys, apibendrin\u0119s vis\u0105 B. Pasternako k\u016bryb\u0105, laikomas viena svarbiausi\u0173 XX a. pasaulin\u0117s literat\u016bros knyg\u0173, padariusia \u012ftak\u0105 ne vienai meninink\u0173 kartai. U\u017e roman\u0105 autoriui 1958 m. buvo paskirta Nobelio premija, bet B. Pasternakas buvo priverstas jos atsisakyti.<\/p>\n","protected":false},"featured_media":16408,"comment_status":"closed","ping_status":"closed","template":"","meta":{"_acf_changed":false,"site-sidebar-layout":"default","site-content-layout":"","ast-site-content-layout":"default","site-content-style":"default","site-sidebar-style":"default","ast-global-header-display":"","ast-banner-title-visibility":"","ast-main-header-display":"","ast-hfb-above-header-display":"","ast-hfb-below-header-display":"","ast-hfb-mobile-header-display":"","site-post-title":"","ast-breadcrumbs-content":"","ast-featured-img":"","footer-sml-layout":"","ast-disable-related-posts":"","theme-transparent-header-meta":"default","adv-header-id-meta":"","stick-header-meta":"","header-above-stick-meta":"","header-main-stick-meta":"","header-below-stick-meta":"","astra-migrate-meta-layouts":"set","ast-page-background-enabled":"default","ast-page-background-meta":{"desktop":{"background-color":"","background-image":"","background-repeat":"repeat","background-position":"center center","background-size":"auto","background-attachment":"scroll","background-type":"","background-media":"","overlay-type":"","overlay-color":"","overlay-opacity":"","overlay-gradient":""},"tablet":{"background-color":"","background-image":"","background-repeat":"repeat","background-position":"center center","background-size":"auto","background-attachment":"scroll","background-type":"","background-media":"","overlay-type":"","overlay-color":"","overlay-opacity":"","overlay-gradient":""},"mobile":{"background-color":"","background-image":"","background-repeat":"repeat","background-position":"center center","background-size":"auto","background-attachment":"scroll","background-type":"","background-media":"","overlay-type":"","overlay-color":"","overlay-opacity":"","overlay-gradient":""}},"ast-content-background-meta":{"desktop":{"background-color":"var(--ast-global-color-4)","background-image":"","background-repeat":"repeat","background-position":"center center","background-size":"auto","background-attachment":"scroll","background-type":"","background-media":"","overlay-type":"","overlay-color":"","overlay-opacity":"","overlay-gradient":""},"tablet":{"background-color":"var(--ast-global-color-4)","background-image":"","background-repeat":"repeat","background-position":"center center","background-size":"auto","background-attachment":"scroll","background-type":"","background-media":"","overlay-type":"","overlay-color":"","overlay-opacity":"","overlay-gradient":""},"mobile":{"background-color":"var(--ast-global-color-4)","background-image":"","background-repeat":"repeat","background-position":"center center","background-size":"auto","background-attachment":"scroll","background-type":"","background-media":"","overlay-type":"","overlay-color":"","overlay-opacity":"","overlay-gradient":""}}},"product_brand":[],"product_cat":[31],"product_tag":[4918,1437,1748,2857,3313,1745],"class_list":{"0":"post-16407","1":"product","2":"type-product","3":"status-publish","4":"has-post-thumbnail","6":"product_cat-grozine-literatura","7":"product_tag-borisas-pasternakas","8":"product_tag-klasika","9":"product_tag-meiles-istorija","10":"product_tag-nobelio-premija","11":"product_tag-revoliucija","12":"product_tag-romanas","13":"desktop-align-left","14":"tablet-align-left","15":"mobile-align-left","17":"first","18":"instock","19":"shipping-taxable","20":"purchasable","21":"product-type-simple"},"acf":[],"yoast_head":"<!-- This site is optimized with the Yoast SEO plugin v27.0 - https:\/\/yoast.com\/product\/yoast-seo-wordpress\/ -->\n<title>Daktaras \u017divaga<\/title>\n<meta name=\"description\" content=\"Borisas Pasternakas (1890-1960) - rus\u0173 literat\u016bros klasikas, prozininkas, poetas, Nobelio premijos laureatas. \u201eDaktaras \u017divaga\u201c \u2013 romanas, vaizduojantis\" \/>\n<meta name=\"robots\" content=\"index, follow, max-snippet:-1, max-image-preview:large, max-video-preview:-1\" \/>\n<link rel=\"canonical\" href=\"https:\/\/skaitytaknyga.lt\/en\/produktas\/daktaras-zivaga\/\" \/>\n<meta property=\"og:locale\" content=\"en_GB\" \/>\n<meta property=\"og:locale:alternate\" content=\"lt_LT\" \/>\n<meta property=\"og:type\" content=\"article\" \/>\n<meta property=\"og:title\" content=\"Daktaras \u017divaga\" \/>\n<meta property=\"og:description\" content=\"Borisas Pasternakas (1890-1960) - rus\u0173 literat\u016bros klasikas, prozininkas, poetas, Nobelio premijos laureatas. \u201eDaktaras \u017divaga\u201c \u2013 romanas, vaizduojantis\" \/>\n<meta property=\"og:url\" content=\"https:\/\/skaitytaknyga.lt\/en\/produktas\/daktaras-zivaga\/\" \/>\n<meta property=\"og:site_name\" content=\"Skaitytaknyga\" \/>\n<meta property=\"article:publisher\" content=\"https:\/\/www.facebook.com\/skaitytaknyga\/\" \/>\n<meta property=\"article:modified_time\" content=\"2025-06-11T06:12:36+00:00\" \/>\n<meta property=\"og:image\" content=\"https:\/\/skaitytaknyga.lt\/wp-content\/uploads\/2025\/02\/Daktaras-Zivaga.webp\" \/>\n\t<meta property=\"og:image:width\" content=\"359\" \/>\n\t<meta property=\"og:image:height\" content=\"575\" \/>\n\t<meta property=\"og:image:type\" content=\"image\/webp\" \/>\n<meta name=\"twitter:card\" content=\"summary_large_image\" \/>\n<meta name=\"twitter:label1\" content=\"Estimated reading time\" \/>\n\t<meta name=\"twitter:data1\" content=\"1 minute\" \/>\n<script type=\"application\/ld+json\" class=\"yoast-schema-graph\">{\"@context\":\"https:\/\/schema.org\",\"@graph\":[{\"@type\":\"WebPage\",\"@id\":\"https:\/\/skaitytaknyga.lt\/produktas\/daktaras-zivaga\/\",\"url\":\"https:\/\/skaitytaknyga.lt\/produktas\/daktaras-zivaga\/\",\"name\":\"Daktaras \u017divaga\",\"isPartOf\":{\"@id\":\"https:\/\/skaitytaknyga.lt\/#website\"},\"primaryImageOfPage\":{\"@id\":\"https:\/\/skaitytaknyga.lt\/produktas\/daktaras-zivaga\/#primaryimage\"},\"image\":{\"@id\":\"https:\/\/skaitytaknyga.lt\/produktas\/daktaras-zivaga\/#primaryimage\"},\"thumbnailUrl\":\"https:\/\/skaitytaknyga.lt\/wp-content\/uploads\/2025\/02\/Daktaras-Zivaga.webp\",\"datePublished\":\"2025-02-01T13:06:59+00:00\",\"dateModified\":\"2025-06-11T06:12:36+00:00\",\"description\":\"Borisas Pasternakas (1890-1960) - rus\u0173 literat\u016bros klasikas, prozininkas, poetas, Nobelio premijos laureatas. \u201eDaktaras \u017divaga\u201c \u2013 romanas, vaizduojantis\",\"breadcrumb\":{\"@id\":\"https:\/\/skaitytaknyga.lt\/produktas\/daktaras-zivaga\/#breadcrumb\"},\"inLanguage\":\"en-GB\",\"potentialAction\":[{\"@type\":\"ReadAction\",\"target\":[\"https:\/\/skaitytaknyga.lt\/produktas\/daktaras-zivaga\/\"]}]},{\"@type\":\"ImageObject\",\"inLanguage\":\"en-GB\",\"@id\":\"https:\/\/skaitytaknyga.lt\/produktas\/daktaras-zivaga\/#primaryimage\",\"url\":\"https:\/\/skaitytaknyga.lt\/wp-content\/uploads\/2025\/02\/Daktaras-Zivaga.webp\",\"contentUrl\":\"https:\/\/skaitytaknyga.lt\/wp-content\/uploads\/2025\/02\/Daktaras-Zivaga.webp\",\"width\":359,\"height\":575,\"caption\":\"Daktaras \u017divaga\"},{\"@type\":\"BreadcrumbList\",\"@id\":\"https:\/\/skaitytaknyga.lt\/produktas\/daktaras-zivaga\/#breadcrumb\",\"itemListElement\":[{\"@type\":\"ListItem\",\"position\":1,\"name\":\"Home\",\"item\":\"https:\/\/skaitytaknyga.lt\/\"},{\"@type\":\"ListItem\",\"position\":2,\"name\":\"Parduotuv\u0117\",\"item\":\"https:\/\/skaitytaknyga.lt\/knygu-parduotuve\/\"},{\"@type\":\"ListItem\",\"position\":3,\"name\":\"Daktaras \u017divaga\"}]},{\"@type\":\"WebSite\",\"@id\":\"https:\/\/skaitytaknyga.lt\/#website\",\"url\":\"https:\/\/skaitytaknyga.lt\/\",\"name\":\"skaitytaknyga.lt\",\"description\":\"Skaitytaknyga.lt \u2013 tai ma\u017eas \u0161eimos verslas, kuris prasid\u0117jo nuo meil\u0117s knygoms ir siekio i\u0161gelb\u0117ti knygas nuo likimo prie konteinerio. Kas vienam nereikalingas daiktas \u2013 kitam lobis, o mes esame tarpininkai, kurie padeda abiems tapti laimingesniems ???? \u017dinome kaip nelengva i\u0161gyventi ma\u017eiems verslams, tad nuo \u0161iol, \u010dia rasite ir kit\u0173, ma\u017e\u0173 \u0161eim\u0173 versl\u0173, rank\u0173 darbo, dovan\u0173 sau ir artimiesiems.\",\"publisher\":{\"@id\":\"https:\/\/skaitytaknyga.lt\/#organization\"},\"potentialAction\":[{\"@type\":\"SearchAction\",\"target\":{\"@type\":\"EntryPoint\",\"urlTemplate\":\"https:\/\/skaitytaknyga.lt\/?s={search_term_string}\"},\"query-input\":{\"@type\":\"PropertyValueSpecification\",\"valueRequired\":true,\"valueName\":\"search_term_string\"}}],\"inLanguage\":\"en-GB\"},{\"@type\":\"Organization\",\"@id\":\"https:\/\/skaitytaknyga.lt\/#organization\",\"name\":\"skaitytaknyga.lt\",\"url\":\"https:\/\/skaitytaknyga.lt\/\",\"logo\":{\"@type\":\"ImageObject\",\"inLanguage\":\"en-GB\",\"@id\":\"https:\/\/skaitytaknyga.lt\/#\/schema\/logo\/image\/\",\"url\":\"https:\/\/skaitytaknyga.lt\/wp-content\/uploads\/2024\/05\/cropped-cropped-cropped-02_00843_jt3bggkj1j3HLc7SyY6rEUpg.jpeg\",\"contentUrl\":\"https:\/\/skaitytaknyga.lt\/wp-content\/uploads\/2024\/05\/cropped-cropped-cropped-02_00843_jt3bggkj1j3HLc7SyY6rEUpg.jpeg\",\"width\":1600,\"height\":1600,\"caption\":\"skaitytaknyga.lt\"},\"image\":{\"@id\":\"https:\/\/skaitytaknyga.lt\/#\/schema\/logo\/image\/\"},\"sameAs\":[\"https:\/\/www.facebook.com\/skaitytaknyga\/\"]}]}<\/script>\n<!-- \/ Yoast SEO plugin. -->","yoast_head_json":{"title":"Daktaras \u017divaga","description":"Borisas Pasternakas (1890-1960) - rus\u0173 literat\u016bros klasikas, prozininkas, poetas, Nobelio premijos laureatas. \u201eDaktaras \u017divaga\u201c \u2013 romanas, vaizduojantis","robots":{"index":"index","follow":"follow","max-snippet":"max-snippet:-1","max-image-preview":"max-image-preview:large","max-video-preview":"max-video-preview:-1"},"canonical":"https:\/\/skaitytaknyga.lt\/en\/produktas\/daktaras-zivaga\/","og_locale":"en_GB","og_type":"article","og_title":"[:lt]Daktaras \u017divaga[:] - Skaitytaknyga","og_description":"Borisas Pasternakas (1890-1960) - rus\u0173 literat\u016bros klasikas, prozininkas, poetas, Nobelio premijos laureatas. \u201eDaktaras \u017divaga\u201c \u2013 romanas, vaizduojantis","og_url":"https:\/\/skaitytaknyga.lt\/en\/produktas\/daktaras-zivaga\/","og_site_name":"Skaitytaknyga","article_publisher":"https:\/\/www.facebook.com\/skaitytaknyga\/","article_modified_time":"2025-06-11T06:12:36+00:00","og_image":[{"width":359,"height":575,"url":"https:\/\/skaitytaknyga.lt\/wp-content\/uploads\/2025\/02\/Daktaras-Zivaga.webp","type":"image\/webp"}],"twitter_card":"summary_large_image","twitter_misc":{"Estimated reading time":"1 minute"},"schema":{"@context":"https:\/\/schema.org","@graph":[{"@type":"WebPage","@id":"https:\/\/skaitytaknyga.lt\/produktas\/daktaras-zivaga\/","url":"https:\/\/skaitytaknyga.lt\/produktas\/daktaras-zivaga\/","name":"Daktaras \u017divaga","isPartOf":{"@id":"https:\/\/skaitytaknyga.lt\/#website"},"primaryImageOfPage":{"@id":"https:\/\/skaitytaknyga.lt\/produktas\/daktaras-zivaga\/#primaryimage"},"image":{"@id":"https:\/\/skaitytaknyga.lt\/produktas\/daktaras-zivaga\/#primaryimage"},"thumbnailUrl":"https:\/\/skaitytaknyga.lt\/wp-content\/uploads\/2025\/02\/Daktaras-Zivaga.webp","datePublished":"2025-02-01T13:06:59+00:00","dateModified":"2025-06-11T06:12:36+00:00","description":"Borisas Pasternakas (1890-1960) - rus\u0173 literat\u016bros klasikas, prozininkas, poetas, Nobelio premijos laureatas. \u201eDaktaras \u017divaga\u201c \u2013 romanas, vaizduojantis","breadcrumb":{"@id":"https:\/\/skaitytaknyga.lt\/produktas\/daktaras-zivaga\/#breadcrumb"},"inLanguage":"en-GB","potentialAction":[{"@type":"ReadAction","target":["https:\/\/skaitytaknyga.lt\/produktas\/daktaras-zivaga\/"]}]},{"@type":"ImageObject","inLanguage":"en-GB","@id":"https:\/\/skaitytaknyga.lt\/produktas\/daktaras-zivaga\/#primaryimage","url":"https:\/\/skaitytaknyga.lt\/wp-content\/uploads\/2025\/02\/Daktaras-Zivaga.webp","contentUrl":"https:\/\/skaitytaknyga.lt\/wp-content\/uploads\/2025\/02\/Daktaras-Zivaga.webp","width":359,"height":575,"caption":"Daktaras \u017divaga"},{"@type":"BreadcrumbList","@id":"https:\/\/skaitytaknyga.lt\/produktas\/daktaras-zivaga\/#breadcrumb","itemListElement":[{"@type":"ListItem","position":1,"name":"Home","item":"https:\/\/skaitytaknyga.lt\/"},{"@type":"ListItem","position":2,"name":"Parduotuv\u0117","item":"https:\/\/skaitytaknyga.lt\/knygu-parduotuve\/"},{"@type":"ListItem","position":3,"name":"Daktaras \u017divaga"}]},{"@type":"WebSite","@id":"https:\/\/skaitytaknyga.lt\/#website","url":"https:\/\/skaitytaknyga.lt\/","name":"skaitytaknyga.lt","description":"Skaitytaknyga.lt \u2013 tai ma\u017eas \u0161eimos verslas, kuris prasid\u0117jo nuo meil\u0117s knygoms ir siekio i\u0161gelb\u0117ti knygas nuo likimo prie konteinerio. Kas vienam nereikalingas daiktas \u2013 kitam lobis, o mes esame tarpininkai, kurie padeda abiems tapti laimingesniems ???? \u017dinome kaip nelengva i\u0161gyventi ma\u017eiems verslams, tad nuo \u0161iol, \u010dia rasite ir kit\u0173, ma\u017e\u0173 \u0161eim\u0173 versl\u0173, rank\u0173 darbo, dovan\u0173 sau ir artimiesiems.","publisher":{"@id":"https:\/\/skaitytaknyga.lt\/#organization"},"potentialAction":[{"@type":"SearchAction","target":{"@type":"EntryPoint","urlTemplate":"https:\/\/skaitytaknyga.lt\/?s={search_term_string}"},"query-input":{"@type":"PropertyValueSpecification","valueRequired":true,"valueName":"search_term_string"}}],"inLanguage":"en-GB"},{"@type":"Organization","@id":"https:\/\/skaitytaknyga.lt\/#organization","name":"skaitytaknyga.lt","url":"https:\/\/skaitytaknyga.lt\/","logo":{"@type":"ImageObject","inLanguage":"en-GB","@id":"https:\/\/skaitytaknyga.lt\/#\/schema\/logo\/image\/","url":"https:\/\/skaitytaknyga.lt\/wp-content\/uploads\/2024\/05\/cropped-cropped-cropped-02_00843_jt3bggkj1j3HLc7SyY6rEUpg.jpeg","contentUrl":"https:\/\/skaitytaknyga.lt\/wp-content\/uploads\/2024\/05\/cropped-cropped-cropped-02_00843_jt3bggkj1j3HLc7SyY6rEUpg.jpeg","width":1600,"height":1600,"caption":"skaitytaknyga.lt"},"image":{"@id":"https:\/\/skaitytaknyga.lt\/#\/schema\/logo\/image\/"},"sameAs":["https:\/\/www.facebook.com\/skaitytaknyga\/"]}]}},"_links":{"self":[{"href":"https:\/\/skaitytaknyga.lt\/en\/wp-json\/wp\/v2\/product\/16407","targetHints":{"allow":["GET"]}}],"collection":[{"href":"https:\/\/skaitytaknyga.lt\/en\/wp-json\/wp\/v2\/product"}],"about":[{"href":"https:\/\/skaitytaknyga.lt\/en\/wp-json\/wp\/v2\/types\/product"}],"replies":[{"embeddable":true,"href":"https:\/\/skaitytaknyga.lt\/en\/wp-json\/wp\/v2\/comments?post=16407"}],"wp:featuredmedia":[{"embeddable":true,"href":"https:\/\/skaitytaknyga.lt\/en\/wp-json\/wp\/v2\/media\/16408"}],"wp:attachment":[{"href":"https:\/\/skaitytaknyga.lt\/en\/wp-json\/wp\/v2\/media?parent=16407"}],"wp:term":[{"taxonomy":"product_brand","embeddable":true,"href":"https:\/\/skaitytaknyga.lt\/en\/wp-json\/wp\/v2\/product_brand?post=16407"},{"taxonomy":"product_cat","embeddable":true,"href":"https:\/\/skaitytaknyga.lt\/en\/wp-json\/wp\/v2\/product_cat?post=16407"},{"taxonomy":"product_tag","embeddable":true,"href":"https:\/\/skaitytaknyga.lt\/en\/wp-json\/wp\/v2\/product_tag?post=16407"}],"curies":[{"name":"wp","href":"https:\/\/api.w.org\/{rel}","templated":true}]}}