{"id":16405,"date":"2025-02-01T15:04:28","date_gmt":"2025-02-01T13:04:28","guid":{"rendered":"https:\/\/skaitytaknyga.lt\/?post_type=product&#038;p=16405"},"modified":"2025-05-15T12:58:07","modified_gmt":"2025-05-15T09:58:07","slug":"vienuolio-kuris-pardave-ferrari-seimos-isminties-pamokos","status":"publish","type":"product","link":"https:\/\/skaitytaknyga.lt\/en\/produktas\/vienuolio-kuris-pardave-ferrari-seimos-isminties-pamokos\/","title":{"rendered":"Vienuolio, kuris pardav\u0117 \u201eFerrar\u012f\u201c, \u0161eimos i\u0161minties pamokos"},"content":{"rendered":"<p><strong>B\u016bk lyderis ir i\u0161ugdyk lyderiu savo vaik\u0105<\/strong><\/p>\n<p><em>\u201eNuostabi knyga \u2013 ji moko, kaip ugdyti laimingus, sveikus ir savimi pasitikin\u010dius vaikus, kurie laukui b\u0117gant taps vis\u0173 savo gyvenimo sri\u010di\u0173 lyderiais. \u201c<\/em>\u00a0Brian Tracy, knyg\u0173 \u201eMaksimalus pasiekimas\u201cir \u201e\u0160imtas absoliu\u010di\u0173 verslo s\u0117km\u0117s d\u0117sni\u0173\u201c autorius<em><\/p>\n<p><\/em>\u0160ios i\u0161ties vertingos knygos puslapiuose lyderiavimo meno guru Robinas Sharma v\u0117l suveda skaitytojus su garsiuoju vineuoliu, kuris pardav\u0117 \u201eFerrar\u012f\u201c.<\/p>\n<p>Kalb\u0117damas vienuolio l\u016bpomis, autorius pateikia veiksming\u0105 ugdymo sistem\u0105 \u2013 penkias \u0161eimos lyderio pamokas.<\/p>\n<p>* Jos pad\u0117s jums atskleisti savo vaik\u0173 talentus ir geb\u0117jimus.<br \/>\n* Sustiprinsite ry\u0161ius su artimais \u017emon\u0117mis.<br \/>\n* Auginsite stipraus charakterio ir i\u0161mintingus vaikus.<br \/>\n* I\u0161mokysite juos did\u017eiai svajoti ir siekti prasming\u0173 tiksl\u0173.<br \/>\n* Prad\u0117site gyventi papras\u010diau, laimingiau ir d\u017eiaugsmingiau.<br \/>\n* V\u0117l imsite d\u017eiaugtis gyvenimo teikiamomis dovanomis.<\/p>\n<ul class=\"about-product d-none d-xl-block mt-4\">\n<li><strong>Autorius:<\/strong>\u00a0Robin Sharma<\/li>\n<li><strong>Leid\u0117jas:<\/strong>\u00a0Luceo<\/li>\n<li><strong>Metai:<\/strong>\u00a02007<\/li>\n<li><strong>Puslapiai:<\/strong>\u00a0176<\/li>\n<li class=\"toggleable type-new-formats \"><strong>ISBN:<\/strong>\u00a09786098112191<\/li>\n<li><strong>Versijos kodas:<\/strong>\u00a0PT.<\/li>\n<li class=\"toggleable type-new-formats \"><strong>Formatas:<\/strong>\u00a014,5 x 21 cm, mink\u0161ti vir\u0161eliai<\/li>\n<li><strong>Kalba:<\/strong>\u00a0Lietuvi\u0173<\/li>\n<li><strong>Vert\u0117jas:<\/strong>\u00a0Brigita Baranauskait\u0117<\/li>\n<\/ul>\n","protected":false},"excerpt":{"rendered":"<p>B\u016bk lyderis ir i\u0161ugdyk lyderiu savo vaik\u0105 \u201eNuostabi knyga \u2013 ji moko, kaip ugdyti laimingus, sveikus ir savimi pasitikin\u010dius vaikus, kurie laukui b\u0117gant taps vis\u0173 savo gyvenimo sri\u010di\u0173 lyderiais. \u201c\u00a0Brian Tracy, knyg\u0173 \u201eMaksimalus pasiekimas\u201cir \u201e\u0160imtas absoliu\u010di\u0173 verslo s\u0117km\u0117s d\u0117sni\u0173\u201c autorius \u0160ios i\u0161ties vertingos knygos puslapiuose lyderiavimo meno guru Robinas Sharma v\u0117l suveda skaitytojus su garsiuoju vineuoliu, kuris pardav\u0117 \u201eFerrar\u012f\u201c. Kalb\u0117damas vienuolio l\u016bpomis, autorius pateikia veiksming\u0105 ugdymo sistem\u0105 \u2013 penkias \u0161eimos lyderio pamokas. * Jos pad\u0117s jums atskleisti savo vaik\u0173 talentus ir geb\u0117jimus. * Sustiprinsite ry\u0161ius su artimais \u017emon\u0117mis. * Auginsite stipraus charakterio ir i\u0161mintingus vaikus. * I\u0161mokysite juos did\u017eiai svajoti ir siekti prasming\u0173 tiksl\u0173. * Prad\u0117site gyventi papras\u010diau, laimingiau ir d\u017eiaugsmingiau. * V\u0117l imsite d\u017eiaugtis gyvenimo teikiamomis dovanomis. Autorius:\u00a0Robin Sharma Leid\u0117jas:\u00a0Luceo Metai:\u00a02007 Puslapiai:\u00a0176 ISBN:\u00a09786098112191 Versijos kodas:\u00a0PT. Formatas:\u00a014,5 x 21 cm, mink\u0161ti vir\u0161eliai Kalba:\u00a0Lietuvi\u0173 Vert\u0117jas:\u00a0Brigita Baranauskait\u0117<\/p>\n","protected":false},"featured_media":16406,"comment_status":"open","ping_status":"closed","template":"","meta":{"_acf_changed":false,"site-sidebar-layout":"default","site-content-layout":"","ast-site-content-layout":"default","site-content-style":"default","site-sidebar-style":"default","ast-global-header-display":"","ast-banner-title-visibility":"","ast-main-header-display":"","ast-hfb-above-header-display":"","ast-hfb-below-header-display":"","ast-hfb-mobile-header-display":"","site-post-title":"","ast-breadcrumbs-content":"","ast-featured-img":"","footer-sml-layout":"","ast-disable-related-posts":"","theme-transparent-header-meta":"default","adv-header-id-meta":"","stick-header-meta":"","header-above-stick-meta":"","header-main-stick-meta":"","header-below-stick-meta":"","astra-migrate-meta-layouts":"set","ast-page-background-enabled":"default","ast-page-background-meta":{"desktop":{"background-color":"","background-image":"","background-repeat":"repeat","background-position":"center center","background-size":"auto","background-attachment":"scroll","background-type":"","background-media":"","overlay-type":"","overlay-color":"","overlay-opacity":"","overlay-gradient":""},"tablet":{"background-color":"","background-image":"","background-repeat":"repeat","background-position":"center center","background-size":"auto","background-attachment":"scroll","background-type":"","background-media":"","overlay-type":"","overlay-color":"","overlay-opacity":"","overlay-gradient":""},"mobile":{"background-color":"","background-image":"","background-repeat":"repeat","background-position":"center center","background-size":"auto","background-attachment":"scroll","background-type":"","background-media":"","overlay-type":"","overlay-color":"","overlay-opacity":"","overlay-gradient":""}},"ast-content-background-meta":{"desktop":{"background-color":"var(--ast-global-color-4)","background-image":"","background-repeat":"repeat","background-position":"center center","background-size":"auto","background-attachment":"scroll","background-type":"","background-media":"","overlay-type":"","overlay-color":"","overlay-opacity":"","overlay-gradient":""},"tablet":{"background-color":"var(--ast-global-color-4)","background-image":"","background-repeat":"repeat","background-position":"center center","background-size":"auto","background-attachment":"scroll","background-type":"","background-media":"","overlay-type":"","overlay-color":"","overlay-opacity":"","overlay-gradient":""},"mobile":{"background-color":"var(--ast-global-color-4)","background-image":"","background-repeat":"repeat","background-position":"center center","background-size":"auto","background-attachment":"scroll","background-type":"","background-media":"","overlay-type":"","overlay-color":"","overlay-opacity":"","overlay-gradient":""}}},"product_brand":[],"product_cat":[15,30],"product_tag":[1409,3112,1396,3138,3137],"class_list":{"0":"post-16405","1":"product","2":"type-product","3":"status-publish","4":"has-post-thumbnail","6":"product_cat-uncategorized","7":"product_cat-psichologija-ir-saviugda","8":"product_tag-motyvacija","9":"product_tag-robin-sharma","10":"product_tag-saviugda","11":"product_tag-seimos-ismintis","12":"product_tag-vienuolio-filosofija","13":"desktop-align-left","14":"tablet-align-left","15":"mobile-align-left","17":"first","18":"instock","19":"shipping-taxable","20":"purchasable","21":"product-type-simple"},"acf":[],"yoast_head":"<!-- This site is optimized with the Yoast SEO plugin v27.0 - https:\/\/yoast.com\/product\/yoast-seo-wordpress\/ -->\n<title>Vienuolio, kuris pardav\u0117 \u201eFerrar\u012f\u201c, \u0161eimos i\u0161minties pamokos<\/title>\n<meta name=\"description\" content=\"B\u016bk lyderis ir i\u0161ugdyk lyderiu savo vaik\u0105 \u201eNuostabi knyga \u2013 ji moko, kaip ugdyti laimingus, sveikus ir savimi pasitikin\u010dius vaikus, kurie laukui b\u0117gant\" \/>\n<meta name=\"robots\" content=\"index, follow, max-snippet:-1, max-image-preview:large, max-video-preview:-1\" \/>\n<link rel=\"canonical\" href=\"https:\/\/skaitytaknyga.lt\/en\/produktas\/vienuolio-kuris-pardave-ferrari-seimos-isminties-pamokos\/\" \/>\n<meta property=\"og:locale\" content=\"en_GB\" \/>\n<meta property=\"og:locale:alternate\" content=\"lt_LT\" \/>\n<meta property=\"og:type\" content=\"article\" \/>\n<meta property=\"og:title\" content=\"Vienuolio, kuris pardav\u0117 \u201eFerrar\u012f\u201c, \u0161eimos i\u0161minties pamokos\" \/>\n<meta property=\"og:description\" content=\"B\u016bk lyderis ir i\u0161ugdyk lyderiu savo vaik\u0105 \u201eNuostabi knyga \u2013 ji moko, kaip ugdyti laimingus, sveikus ir savimi pasitikin\u010dius vaikus, kurie laukui b\u0117gant\" \/>\n<meta property=\"og:url\" content=\"https:\/\/skaitytaknyga.lt\/en\/produktas\/vienuolio-kuris-pardave-ferrari-seimos-isminties-pamokos\/\" \/>\n<meta property=\"og:site_name\" content=\"Skaitytaknyga\" \/>\n<meta property=\"article:publisher\" content=\"https:\/\/www.facebook.com\/skaitytaknyga\/\" \/>\n<meta property=\"article:modified_time\" content=\"2025-05-15T09:58:07+00:00\" \/>\n<meta property=\"og:image\" content=\"https:\/\/skaitytaknyga.lt\/wp-content\/uploads\/2025\/02\/Vienuolio-kuris-pardave-\u201eFerrari-seimos-isminties-pamokos.webp\" \/>\n\t<meta property=\"og:image:width\" content=\"432\" \/>\n\t<meta property=\"og:image:height\" content=\"606\" \/>\n\t<meta property=\"og:image:type\" content=\"image\/webp\" \/>\n<meta name=\"twitter:card\" content=\"summary_large_image\" \/>\n<meta name=\"twitter:label1\" content=\"Estimated reading time\" \/>\n\t<meta name=\"twitter:data1\" content=\"1 minute\" \/>\n<script type=\"application\/ld+json\" class=\"yoast-schema-graph\">{\"@context\":\"https:\/\/schema.org\",\"@graph\":[{\"@type\":\"WebPage\",\"@id\":\"https:\/\/skaitytaknyga.lt\/produktas\/vienuolio-kuris-pardave-ferrari-seimos-isminties-pamokos\/\",\"url\":\"https:\/\/skaitytaknyga.lt\/produktas\/vienuolio-kuris-pardave-ferrari-seimos-isminties-pamokos\/\",\"name\":\"Vienuolio, kuris pardav\u0117 \u201eFerrar\u012f\u201c, \u0161eimos i\u0161minties pamokos\",\"isPartOf\":{\"@id\":\"https:\/\/skaitytaknyga.lt\/#website\"},\"primaryImageOfPage\":{\"@id\":\"https:\/\/skaitytaknyga.lt\/produktas\/vienuolio-kuris-pardave-ferrari-seimos-isminties-pamokos\/#primaryimage\"},\"image\":{\"@id\":\"https:\/\/skaitytaknyga.lt\/produktas\/vienuolio-kuris-pardave-ferrari-seimos-isminties-pamokos\/#primaryimage\"},\"thumbnailUrl\":\"https:\/\/skaitytaknyga.lt\/wp-content\/uploads\/2025\/02\/Vienuolio-kuris-pardave-\u201eFerrari-seimos-isminties-pamokos.webp\",\"datePublished\":\"2025-02-01T13:04:28+00:00\",\"dateModified\":\"2025-05-15T09:58:07+00:00\",\"description\":\"B\u016bk lyderis ir i\u0161ugdyk lyderiu savo vaik\u0105 \u201eNuostabi knyga \u2013 ji moko, kaip ugdyti laimingus, sveikus ir savimi pasitikin\u010dius vaikus, kurie laukui b\u0117gant\",\"breadcrumb\":{\"@id\":\"https:\/\/skaitytaknyga.lt\/produktas\/vienuolio-kuris-pardave-ferrari-seimos-isminties-pamokos\/#breadcrumb\"},\"inLanguage\":\"en-GB\",\"potentialAction\":[{\"@type\":\"ReadAction\",\"target\":[\"https:\/\/skaitytaknyga.lt\/produktas\/vienuolio-kuris-pardave-ferrari-seimos-isminties-pamokos\/\"]}]},{\"@type\":\"ImageObject\",\"inLanguage\":\"en-GB\",\"@id\":\"https:\/\/skaitytaknyga.lt\/produktas\/vienuolio-kuris-pardave-ferrari-seimos-isminties-pamokos\/#primaryimage\",\"url\":\"https:\/\/skaitytaknyga.lt\/wp-content\/uploads\/2025\/02\/Vienuolio-kuris-pardave-\u201eFerrari-seimos-isminties-pamokos.webp\",\"contentUrl\":\"https:\/\/skaitytaknyga.lt\/wp-content\/uploads\/2025\/02\/Vienuolio-kuris-pardave-\u201eFerrari-seimos-isminties-pamokos.webp\",\"width\":432,\"height\":606,\"caption\":\"Vienuolio, kuris pardav\u0117 \u201eFerrar\u012f\u201c, \u0161eimos i\u0161minties pamokos\"},{\"@type\":\"BreadcrumbList\",\"@id\":\"https:\/\/skaitytaknyga.lt\/produktas\/vienuolio-kuris-pardave-ferrari-seimos-isminties-pamokos\/#breadcrumb\",\"itemListElement\":[{\"@type\":\"ListItem\",\"position\":1,\"name\":\"Home\",\"item\":\"https:\/\/skaitytaknyga.lt\/\"},{\"@type\":\"ListItem\",\"position\":2,\"name\":\"Parduotuv\u0117\",\"item\":\"https:\/\/skaitytaknyga.lt\/knygu-parduotuve\/\"},{\"@type\":\"ListItem\",\"position\":3,\"name\":\"Vienuolio, kuris pardav\u0117 \u201eFerrar\u012f\u201c, \u0161eimos i\u0161minties pamokos\"}]},{\"@type\":\"WebSite\",\"@id\":\"https:\/\/skaitytaknyga.lt\/#website\",\"url\":\"https:\/\/skaitytaknyga.lt\/\",\"name\":\"skaitytaknyga.lt\",\"description\":\"Skaitytaknyga.lt \u2013 tai ma\u017eas \u0161eimos verslas, kuris prasid\u0117jo nuo meil\u0117s knygoms ir siekio i\u0161gelb\u0117ti knygas nuo likimo prie konteinerio. Kas vienam nereikalingas daiktas \u2013 kitam lobis, o mes esame tarpininkai, kurie padeda abiems tapti laimingesniems ???? \u017dinome kaip nelengva i\u0161gyventi ma\u017eiems verslams, tad nuo \u0161iol, \u010dia rasite ir kit\u0173, ma\u017e\u0173 \u0161eim\u0173 versl\u0173, rank\u0173 darbo, dovan\u0173 sau ir artimiesiems.\",\"publisher\":{\"@id\":\"https:\/\/skaitytaknyga.lt\/#organization\"},\"potentialAction\":[{\"@type\":\"SearchAction\",\"target\":{\"@type\":\"EntryPoint\",\"urlTemplate\":\"https:\/\/skaitytaknyga.lt\/?s={search_term_string}\"},\"query-input\":{\"@type\":\"PropertyValueSpecification\",\"valueRequired\":true,\"valueName\":\"search_term_string\"}}],\"inLanguage\":\"en-GB\"},{\"@type\":\"Organization\",\"@id\":\"https:\/\/skaitytaknyga.lt\/#organization\",\"name\":\"skaitytaknyga.lt\",\"url\":\"https:\/\/skaitytaknyga.lt\/\",\"logo\":{\"@type\":\"ImageObject\",\"inLanguage\":\"en-GB\",\"@id\":\"https:\/\/skaitytaknyga.lt\/#\/schema\/logo\/image\/\",\"url\":\"https:\/\/skaitytaknyga.lt\/wp-content\/uploads\/2024\/05\/cropped-cropped-cropped-02_00843_jt3bggkj1j3HLc7SyY6rEUpg.jpeg\",\"contentUrl\":\"https:\/\/skaitytaknyga.lt\/wp-content\/uploads\/2024\/05\/cropped-cropped-cropped-02_00843_jt3bggkj1j3HLc7SyY6rEUpg.jpeg\",\"width\":1600,\"height\":1600,\"caption\":\"skaitytaknyga.lt\"},\"image\":{\"@id\":\"https:\/\/skaitytaknyga.lt\/#\/schema\/logo\/image\/\"},\"sameAs\":[\"https:\/\/www.facebook.com\/skaitytaknyga\/\"]}]}<\/script>\n<!-- \/ Yoast SEO plugin. -->","yoast_head_json":{"title":"Vienuolio, kuris pardav\u0117 \u201eFerrar\u012f\u201c, \u0161eimos i\u0161minties pamokos","description":"B\u016bk lyderis ir i\u0161ugdyk lyderiu savo vaik\u0105 \u201eNuostabi knyga \u2013 ji moko, kaip ugdyti laimingus, sveikus ir savimi pasitikin\u010dius vaikus, kurie laukui b\u0117gant","robots":{"index":"index","follow":"follow","max-snippet":"max-snippet:-1","max-image-preview":"max-image-preview:large","max-video-preview":"max-video-preview:-1"},"canonical":"https:\/\/skaitytaknyga.lt\/en\/produktas\/vienuolio-kuris-pardave-ferrari-seimos-isminties-pamokos\/","og_locale":"en_GB","og_type":"article","og_title":"[:lt]Vienuolio, kuris pardav\u0117 \u201eFerrar\u012f\u201c, \u0161eimos i\u0161minties pamokos[:] - Skaitytaknyga","og_description":"B\u016bk lyderis ir i\u0161ugdyk lyderiu savo vaik\u0105 \u201eNuostabi knyga \u2013 ji moko, kaip ugdyti laimingus, sveikus ir savimi pasitikin\u010dius vaikus, kurie laukui b\u0117gant","og_url":"https:\/\/skaitytaknyga.lt\/en\/produktas\/vienuolio-kuris-pardave-ferrari-seimos-isminties-pamokos\/","og_site_name":"Skaitytaknyga","article_publisher":"https:\/\/www.facebook.com\/skaitytaknyga\/","article_modified_time":"2025-05-15T09:58:07+00:00","og_image":[{"width":432,"height":606,"url":"https:\/\/skaitytaknyga.lt\/wp-content\/uploads\/2025\/02\/Vienuolio-kuris-pardave-\u201eFerrari-seimos-isminties-pamokos.webp","type":"image\/webp"}],"twitter_card":"summary_large_image","twitter_misc":{"Estimated reading time":"1 minute"},"schema":{"@context":"https:\/\/schema.org","@graph":[{"@type":"WebPage","@id":"https:\/\/skaitytaknyga.lt\/produktas\/vienuolio-kuris-pardave-ferrari-seimos-isminties-pamokos\/","url":"https:\/\/skaitytaknyga.lt\/produktas\/vienuolio-kuris-pardave-ferrari-seimos-isminties-pamokos\/","name":"Vienuolio, kuris pardav\u0117 \u201eFerrar\u012f\u201c, \u0161eimos i\u0161minties pamokos","isPartOf":{"@id":"https:\/\/skaitytaknyga.lt\/#website"},"primaryImageOfPage":{"@id":"https:\/\/skaitytaknyga.lt\/produktas\/vienuolio-kuris-pardave-ferrari-seimos-isminties-pamokos\/#primaryimage"},"image":{"@id":"https:\/\/skaitytaknyga.lt\/produktas\/vienuolio-kuris-pardave-ferrari-seimos-isminties-pamokos\/#primaryimage"},"thumbnailUrl":"https:\/\/skaitytaknyga.lt\/wp-content\/uploads\/2025\/02\/Vienuolio-kuris-pardave-\u201eFerrari-seimos-isminties-pamokos.webp","datePublished":"2025-02-01T13:04:28+00:00","dateModified":"2025-05-15T09:58:07+00:00","description":"B\u016bk lyderis ir i\u0161ugdyk lyderiu savo vaik\u0105 \u201eNuostabi knyga \u2013 ji moko, kaip ugdyti laimingus, sveikus ir savimi pasitikin\u010dius vaikus, kurie laukui b\u0117gant","breadcrumb":{"@id":"https:\/\/skaitytaknyga.lt\/produktas\/vienuolio-kuris-pardave-ferrari-seimos-isminties-pamokos\/#breadcrumb"},"inLanguage":"en-GB","potentialAction":[{"@type":"ReadAction","target":["https:\/\/skaitytaknyga.lt\/produktas\/vienuolio-kuris-pardave-ferrari-seimos-isminties-pamokos\/"]}]},{"@type":"ImageObject","inLanguage":"en-GB","@id":"https:\/\/skaitytaknyga.lt\/produktas\/vienuolio-kuris-pardave-ferrari-seimos-isminties-pamokos\/#primaryimage","url":"https:\/\/skaitytaknyga.lt\/wp-content\/uploads\/2025\/02\/Vienuolio-kuris-pardave-\u201eFerrari-seimos-isminties-pamokos.webp","contentUrl":"https:\/\/skaitytaknyga.lt\/wp-content\/uploads\/2025\/02\/Vienuolio-kuris-pardave-\u201eFerrari-seimos-isminties-pamokos.webp","width":432,"height":606,"caption":"Vienuolio, kuris pardav\u0117 \u201eFerrar\u012f\u201c, \u0161eimos i\u0161minties pamokos"},{"@type":"BreadcrumbList","@id":"https:\/\/skaitytaknyga.lt\/produktas\/vienuolio-kuris-pardave-ferrari-seimos-isminties-pamokos\/#breadcrumb","itemListElement":[{"@type":"ListItem","position":1,"name":"Home","item":"https:\/\/skaitytaknyga.lt\/"},{"@type":"ListItem","position":2,"name":"Parduotuv\u0117","item":"https:\/\/skaitytaknyga.lt\/knygu-parduotuve\/"},{"@type":"ListItem","position":3,"name":"Vienuolio, kuris pardav\u0117 \u201eFerrar\u012f\u201c, \u0161eimos i\u0161minties pamokos"}]},{"@type":"WebSite","@id":"https:\/\/skaitytaknyga.lt\/#website","url":"https:\/\/skaitytaknyga.lt\/","name":"skaitytaknyga.lt","description":"Skaitytaknyga.lt \u2013 tai ma\u017eas \u0161eimos verslas, kuris prasid\u0117jo nuo meil\u0117s knygoms ir siekio i\u0161gelb\u0117ti knygas nuo likimo prie konteinerio. Kas vienam nereikalingas daiktas \u2013 kitam lobis, o mes esame tarpininkai, kurie padeda abiems tapti laimingesniems ???? \u017dinome kaip nelengva i\u0161gyventi ma\u017eiems verslams, tad nuo \u0161iol, \u010dia rasite ir kit\u0173, ma\u017e\u0173 \u0161eim\u0173 versl\u0173, rank\u0173 darbo, dovan\u0173 sau ir artimiesiems.","publisher":{"@id":"https:\/\/skaitytaknyga.lt\/#organization"},"potentialAction":[{"@type":"SearchAction","target":{"@type":"EntryPoint","urlTemplate":"https:\/\/skaitytaknyga.lt\/?s={search_term_string}"},"query-input":{"@type":"PropertyValueSpecification","valueRequired":true,"valueName":"search_term_string"}}],"inLanguage":"en-GB"},{"@type":"Organization","@id":"https:\/\/skaitytaknyga.lt\/#organization","name":"skaitytaknyga.lt","url":"https:\/\/skaitytaknyga.lt\/","logo":{"@type":"ImageObject","inLanguage":"en-GB","@id":"https:\/\/skaitytaknyga.lt\/#\/schema\/logo\/image\/","url":"https:\/\/skaitytaknyga.lt\/wp-content\/uploads\/2024\/05\/cropped-cropped-cropped-02_00843_jt3bggkj1j3HLc7SyY6rEUpg.jpeg","contentUrl":"https:\/\/skaitytaknyga.lt\/wp-content\/uploads\/2024\/05\/cropped-cropped-cropped-02_00843_jt3bggkj1j3HLc7SyY6rEUpg.jpeg","width":1600,"height":1600,"caption":"skaitytaknyga.lt"},"image":{"@id":"https:\/\/skaitytaknyga.lt\/#\/schema\/logo\/image\/"},"sameAs":["https:\/\/www.facebook.com\/skaitytaknyga\/"]}]}},"_links":{"self":[{"href":"https:\/\/skaitytaknyga.lt\/en\/wp-json\/wp\/v2\/product\/16405","targetHints":{"allow":["GET"]}}],"collection":[{"href":"https:\/\/skaitytaknyga.lt\/en\/wp-json\/wp\/v2\/product"}],"about":[{"href":"https:\/\/skaitytaknyga.lt\/en\/wp-json\/wp\/v2\/types\/product"}],"replies":[{"embeddable":true,"href":"https:\/\/skaitytaknyga.lt\/en\/wp-json\/wp\/v2\/comments?post=16405"}],"wp:featuredmedia":[{"embeddable":true,"href":"https:\/\/skaitytaknyga.lt\/en\/wp-json\/wp\/v2\/media\/16406"}],"wp:attachment":[{"href":"https:\/\/skaitytaknyga.lt\/en\/wp-json\/wp\/v2\/media?parent=16405"}],"wp:term":[{"taxonomy":"product_brand","embeddable":true,"href":"https:\/\/skaitytaknyga.lt\/en\/wp-json\/wp\/v2\/product_brand?post=16405"},{"taxonomy":"product_cat","embeddable":true,"href":"https:\/\/skaitytaknyga.lt\/en\/wp-json\/wp\/v2\/product_cat?post=16405"},{"taxonomy":"product_tag","embeddable":true,"href":"https:\/\/skaitytaknyga.lt\/en\/wp-json\/wp\/v2\/product_tag?post=16405"}],"curies":[{"name":"wp","href":"https:\/\/api.w.org\/{rel}","templated":true}]}}