{"id":16402,"date":"2025-02-01T14:51:31","date_gmt":"2025-02-01T12:51:31","guid":{"rendered":"https:\/\/skaitytaknyga.lt\/?post_type=product&#038;p=16402"},"modified":"2025-02-01T14:52:12","modified_gmt":"2025-02-01T12:52:12","slug":"dienorastis-1918-m-birzelio-13-oji-1919-m-birzelio-20-oji","status":"publish","type":"product","link":"https:\/\/skaitytaknyga.lt\/en\/produktas\/dienorastis-1918-m-birzelio-13-oji-1919-m-birzelio-20-oji\/","title":{"rendered":"Dienora\u0161tis: 1918 m. bir\u017eelio 13-oji &#8211; 1919 m. bir\u017eelio 20-oji"},"content":{"rendered":"<p>\u0160ioje knygoje publikuojamas i\u0161 lenk\u0173 \u012f lietuvi\u0173 kalb\u0105 i\u0161verstas Dienora\u0161\u010dio tekstas, kuriame aptarti, i\u0161analizuoti Lietuvos ir Lenkijos santykiai nuo 1918 m. bir\u017eelio 13 d. iki 1919 m. bir\u017eelio 20 d. Tai ir Lietuvos bei Lenkijos nepriklausomybi\u0173 realizavimo aplinkyb\u0117s, ir J. Pilsudskio 1919 m. baland\u017eio m\u0117nesio karin\u0117 ir diplomatin\u0117 veikla u\u017eimant Vilni\u0173. Dienora\u0161\u010dio med\u017eiaga, kaip joks kitas to meto \u0161altinis, yra taip subjektyviai autenti\u0161ka, jog leid\u017eia i\u0161lp\u0117toti ir asmenyb\u0117s vaidmens istori\u0161kai kintan\u010dioje valstyb\u0117je, pereinant jai i\u0161 tradicin\u0117s (luomin\u0117s) \u012f moderni\u0105j\u0105 (demokratin\u0119), sociokult\u016brinius tyrimus, padeda geriau suvokti modernios, m\u016bs\u0173 epochos visuomen\u0117s problem\u0173 genez\u0119, mentaliteto ypatumus, gali pasitarnauti formuojant istorin\u0119 atmint\u012f. Publikacija skirta ne tik mokslininkams (politikos, kult\u016bros, diplomatijos tyrin\u0117tojams, sociopsichologams, literat\u016bros istorijos tyrin\u0117tojams), bet ir mokytojams, d\u0117stytojams, studentams, moksleiviams.<\/p>\n<ul class=\"about-product d-none d-xl-block mt-4\">\n<li><strong>Autorius:<\/strong>\u00a0Mykolas Romeris<\/li>\n<li><strong>Leid\u0117jas:<\/strong>\u00a0Versus Aureus<\/li>\n<li><strong>Metai:<\/strong>\u00a02007<\/li>\n<li><strong>Puslapiai:<\/strong>\u00a0536<\/li>\n<li class=\"toggleable type-new-formats \"><strong>ISBN:<\/strong>\u00a09789955340171<\/li>\n<li><strong>Versijos kodas:<\/strong>\u00a0PT.<\/li>\n<li class=\"toggleable type-new-formats \"><strong>Formatas:<\/strong>\u00a018 x 25 cm, kieti vir\u0161eliai<\/li>\n<li><strong>Kalba:<\/strong>\u00a0Lietuvi\u0173<\/li>\n<li><strong>Vert\u0117jas:<\/strong>\u00a0Vaiva Grigaitien\u0117<\/li>\n<\/ul>\n","protected":false},"excerpt":{"rendered":"<p>\u0160ioje knygoje publikuojamas i\u0161 lenk\u0173 \u012f lietuvi\u0173 kalb\u0105 i\u0161verstas Dienora\u0161\u010dio tekstas, kuriame aptarti, i\u0161analizuoti Lietuvos ir Lenkijos santykiai nuo 1918 m. bir\u017eelio 13 d. iki 1919 m. bir\u017eelio 20 d. Tai ir Lietuvos bei Lenkijos nepriklausomybi\u0173 realizavimo aplinkyb\u0117s, ir J. Pilsudskio 1919 m. baland\u017eio m\u0117nesio karin\u0117 ir diplomatin\u0117 veikla u\u017eimant Vilni\u0173. Dienora\u0161\u010dio med\u017eiaga, kaip joks kitas to meto \u0161altinis, yra taip subjektyviai autenti\u0161ka, jog leid\u017eia i\u0161lp\u0117toti ir asmenyb\u0117s vaidmens istori\u0161kai kintan\u010dioje valstyb\u0117je, pereinant jai i\u0161 tradicin\u0117s (luomin\u0117s) \u012f moderni\u0105j\u0105 (demokratin\u0119), sociokult\u016brinius tyrimus, padeda geriau suvokti modernios, m\u016bs\u0173 epochos visuomen\u0117s problem\u0173 genez\u0119, mentaliteto ypatumus, gali pasitarnauti formuojant istorin\u0119 atmint\u012f. Publikacija skirta ne tik mokslininkams (politikos, kult\u016bros, diplomatijos tyrin\u0117tojams, sociopsichologams, literat\u016bros istorijos tyrin\u0117tojams), bet ir mokytojams, d\u0117stytojams, studentams, moksleiviams. Autorius:\u00a0Mykolas Romeris Leid\u0117jas:\u00a0Versus Aureus Metai:\u00a02007 Puslapiai:\u00a0536 ISBN:\u00a09789955340171 Versijos kodas:\u00a0PT. Formatas:\u00a018 x 25 cm, kieti vir\u0161eliai Kalba:\u00a0Lietuvi\u0173 Vert\u0117jas:\u00a0Vaiva Grigaitien\u0117<\/p>\n","protected":false},"featured_media":16403,"comment_status":"closed","ping_status":"closed","template":"","meta":{"_acf_changed":false,"site-sidebar-layout":"default","site-content-layout":"","ast-site-content-layout":"default","site-content-style":"default","site-sidebar-style":"default","ast-global-header-display":"","ast-banner-title-visibility":"","ast-main-header-display":"","ast-hfb-above-header-display":"","ast-hfb-below-header-display":"","ast-hfb-mobile-header-display":"","site-post-title":"","ast-breadcrumbs-content":"","ast-featured-img":"","footer-sml-layout":"","ast-disable-related-posts":"","theme-transparent-header-meta":"default","adv-header-id-meta":"","stick-header-meta":"","header-above-stick-meta":"","header-main-stick-meta":"","header-below-stick-meta":"","astra-migrate-meta-layouts":"set","ast-page-background-enabled":"default","ast-page-background-meta":{"desktop":{"background-color":"","background-image":"","background-repeat":"repeat","background-position":"center center","background-size":"auto","background-attachment":"scroll","background-type":"","background-media":"","overlay-type":"","overlay-color":"","overlay-opacity":"","overlay-gradient":""},"tablet":{"background-color":"","background-image":"","background-repeat":"repeat","background-position":"center center","background-size":"auto","background-attachment":"scroll","background-type":"","background-media":"","overlay-type":"","overlay-color":"","overlay-opacity":"","overlay-gradient":""},"mobile":{"background-color":"","background-image":"","background-repeat":"repeat","background-position":"center center","background-size":"auto","background-attachment":"scroll","background-type":"","background-media":"","overlay-type":"","overlay-color":"","overlay-opacity":"","overlay-gradient":""}},"ast-content-background-meta":{"desktop":{"background-color":"var(--ast-global-color-4)","background-image":"","background-repeat":"repeat","background-position":"center center","background-size":"auto","background-attachment":"scroll","background-type":"","background-media":"","overlay-type":"","overlay-color":"","overlay-opacity":"","overlay-gradient":""},"tablet":{"background-color":"var(--ast-global-color-4)","background-image":"","background-repeat":"repeat","background-position":"center center","background-size":"auto","background-attachment":"scroll","background-type":"","background-media":"","overlay-type":"","overlay-color":"","overlay-opacity":"","overlay-gradient":""},"mobile":{"background-color":"var(--ast-global-color-4)","background-image":"","background-repeat":"repeat","background-position":"center center","background-size":"auto","background-attachment":"scroll","background-type":"","background-media":"","overlay-type":"","overlay-color":"","overlay-opacity":"","overlay-gradient":""}}},"product_brand":[],"product_cat":[33],"product_tag":[],"class_list":{"0":"post-16402","1":"product","2":"type-product","3":"status-publish","4":"has-post-thumbnail","6":"product_cat-biografijos","7":"desktop-align-left","8":"tablet-align-left","9":"mobile-align-left","11":"first","12":"instock","13":"shipping-taxable","14":"purchasable","15":"product-type-simple"},"acf":[],"yoast_head":"<!-- This site is optimized with the Yoast SEO plugin v27.0 - https:\/\/yoast.com\/product\/yoast-seo-wordpress\/ -->\n<title>Dienora\u0161tis: 1918 m. bir\u017eelio 13-oji - 1919 m. bir\u017eelio 20-oji<\/title>\n<meta name=\"description\" content=\"\u0160ioje knygoje publikuojamas i\u0161 lenk\u0173 \u012f lietuvi\u0173 kalb\u0105 i\u0161verstas Dienora\u0161\u010dio tekstas, kuriame aptarti, i\u0161analizuoti Lietuvos ir Lenkijos santykiai nuo 1918\" \/>\n<meta name=\"robots\" content=\"index, follow, max-snippet:-1, max-image-preview:large, max-video-preview:-1\" \/>\n<link rel=\"canonical\" href=\"https:\/\/skaitytaknyga.lt\/en\/produktas\/dienorastis-1918-m-birzelio-13-oji-1919-m-birzelio-20-oji\/\" \/>\n<meta property=\"og:locale\" content=\"en_GB\" \/>\n<meta property=\"og:locale:alternate\" content=\"lt_LT\" \/>\n<meta property=\"og:type\" content=\"article\" \/>\n<meta property=\"og:title\" content=\"Dienora\u0161tis: 1918 m. bir\u017eelio 13-oji - 1919 m. bir\u017eelio 20-oji\" \/>\n<meta property=\"og:description\" content=\"\u0160ioje knygoje publikuojamas i\u0161 lenk\u0173 \u012f lietuvi\u0173 kalb\u0105 i\u0161verstas Dienora\u0161\u010dio tekstas, kuriame aptarti, i\u0161analizuoti Lietuvos ir Lenkijos santykiai nuo 1918\" \/>\n<meta property=\"og:url\" content=\"https:\/\/skaitytaknyga.lt\/en\/produktas\/dienorastis-1918-m-birzelio-13-oji-1919-m-birzelio-20-oji\/\" \/>\n<meta property=\"og:site_name\" content=\"Skaitytaknyga\" \/>\n<meta property=\"article:publisher\" content=\"https:\/\/www.facebook.com\/skaitytaknyga\/\" \/>\n<meta property=\"article:modified_time\" content=\"2025-02-01T12:52:12+00:00\" \/>\n<meta property=\"og:image\" content=\"https:\/\/skaitytaknyga.lt\/wp-content\/uploads\/2025\/02\/Dienorastis-1918-m.-birzelio-13-oji-1919-m.-birzelio-20-oji.webp\" \/>\n\t<meta property=\"og:image:width\" content=\"530\" \/>\n\t<meta property=\"og:image:height\" content=\"800\" \/>\n\t<meta property=\"og:image:type\" content=\"image\/webp\" \/>\n<meta name=\"twitter:card\" content=\"summary_large_image\" \/>\n<meta name=\"twitter:label1\" content=\"Estimated reading time\" \/>\n\t<meta name=\"twitter:data1\" content=\"1 minute\" \/>\n<script type=\"application\/ld+json\" class=\"yoast-schema-graph\">{\"@context\":\"https:\/\/schema.org\",\"@graph\":[{\"@type\":\"WebPage\",\"@id\":\"https:\/\/skaitytaknyga.lt\/produktas\/dienorastis-1918-m-birzelio-13-oji-1919-m-birzelio-20-oji\/\",\"url\":\"https:\/\/skaitytaknyga.lt\/produktas\/dienorastis-1918-m-birzelio-13-oji-1919-m-birzelio-20-oji\/\",\"name\":\"Dienora\u0161tis: 1918 m. bir\u017eelio 13-oji - 1919 m. bir\u017eelio 20-oji\",\"isPartOf\":{\"@id\":\"https:\/\/skaitytaknyga.lt\/#website\"},\"primaryImageOfPage\":{\"@id\":\"https:\/\/skaitytaknyga.lt\/produktas\/dienorastis-1918-m-birzelio-13-oji-1919-m-birzelio-20-oji\/#primaryimage\"},\"image\":{\"@id\":\"https:\/\/skaitytaknyga.lt\/produktas\/dienorastis-1918-m-birzelio-13-oji-1919-m-birzelio-20-oji\/#primaryimage\"},\"thumbnailUrl\":\"https:\/\/skaitytaknyga.lt\/wp-content\/uploads\/2025\/02\/Dienorastis-1918-m.-birzelio-13-oji-1919-m.-birzelio-20-oji.webp\",\"datePublished\":\"2025-02-01T12:51:31+00:00\",\"dateModified\":\"2025-02-01T12:52:12+00:00\",\"description\":\"\u0160ioje knygoje publikuojamas i\u0161 lenk\u0173 \u012f lietuvi\u0173 kalb\u0105 i\u0161verstas Dienora\u0161\u010dio tekstas, kuriame aptarti, i\u0161analizuoti Lietuvos ir Lenkijos santykiai nuo 1918\",\"breadcrumb\":{\"@id\":\"https:\/\/skaitytaknyga.lt\/produktas\/dienorastis-1918-m-birzelio-13-oji-1919-m-birzelio-20-oji\/#breadcrumb\"},\"inLanguage\":\"en-GB\",\"potentialAction\":[{\"@type\":\"ReadAction\",\"target\":[\"https:\/\/skaitytaknyga.lt\/produktas\/dienorastis-1918-m-birzelio-13-oji-1919-m-birzelio-20-oji\/\"]}]},{\"@type\":\"ImageObject\",\"inLanguage\":\"en-GB\",\"@id\":\"https:\/\/skaitytaknyga.lt\/produktas\/dienorastis-1918-m-birzelio-13-oji-1919-m-birzelio-20-oji\/#primaryimage\",\"url\":\"https:\/\/skaitytaknyga.lt\/wp-content\/uploads\/2025\/02\/Dienorastis-1918-m.-birzelio-13-oji-1919-m.-birzelio-20-oji.webp\",\"contentUrl\":\"https:\/\/skaitytaknyga.lt\/wp-content\/uploads\/2025\/02\/Dienorastis-1918-m.-birzelio-13-oji-1919-m.-birzelio-20-oji.webp\",\"width\":530,\"height\":800,\"caption\":\"Dienora\u0161tis: 1918 m. bir\u017eelio 13-oji - 1919 m. bir\u017eelio 20-oji\"},{\"@type\":\"BreadcrumbList\",\"@id\":\"https:\/\/skaitytaknyga.lt\/produktas\/dienorastis-1918-m-birzelio-13-oji-1919-m-birzelio-20-oji\/#breadcrumb\",\"itemListElement\":[{\"@type\":\"ListItem\",\"position\":1,\"name\":\"Home\",\"item\":\"https:\/\/skaitytaknyga.lt\/\"},{\"@type\":\"ListItem\",\"position\":2,\"name\":\"Parduotuv\u0117\",\"item\":\"https:\/\/skaitytaknyga.lt\/knygu-parduotuve\/\"},{\"@type\":\"ListItem\",\"position\":3,\"name\":\"Dienora\u0161tis: 1918 m. bir\u017eelio 13-oji &#8211; 1919 m. bir\u017eelio 20-oji\"}]},{\"@type\":\"WebSite\",\"@id\":\"https:\/\/skaitytaknyga.lt\/#website\",\"url\":\"https:\/\/skaitytaknyga.lt\/\",\"name\":\"skaitytaknyga.lt\",\"description\":\"Skaitytaknyga.lt \u2013 tai ma\u017eas \u0161eimos verslas, kuris prasid\u0117jo nuo meil\u0117s knygoms ir siekio i\u0161gelb\u0117ti knygas nuo likimo prie konteinerio. Kas vienam nereikalingas daiktas \u2013 kitam lobis, o mes esame tarpininkai, kurie padeda abiems tapti laimingesniems ???? \u017dinome kaip nelengva i\u0161gyventi ma\u017eiems verslams, tad nuo \u0161iol, \u010dia rasite ir kit\u0173, ma\u017e\u0173 \u0161eim\u0173 versl\u0173, rank\u0173 darbo, dovan\u0173 sau ir artimiesiems.\",\"publisher\":{\"@id\":\"https:\/\/skaitytaknyga.lt\/#organization\"},\"potentialAction\":[{\"@type\":\"SearchAction\",\"target\":{\"@type\":\"EntryPoint\",\"urlTemplate\":\"https:\/\/skaitytaknyga.lt\/?s={search_term_string}\"},\"query-input\":{\"@type\":\"PropertyValueSpecification\",\"valueRequired\":true,\"valueName\":\"search_term_string\"}}],\"inLanguage\":\"en-GB\"},{\"@type\":\"Organization\",\"@id\":\"https:\/\/skaitytaknyga.lt\/#organization\",\"name\":\"skaitytaknyga.lt\",\"url\":\"https:\/\/skaitytaknyga.lt\/\",\"logo\":{\"@type\":\"ImageObject\",\"inLanguage\":\"en-GB\",\"@id\":\"https:\/\/skaitytaknyga.lt\/#\/schema\/logo\/image\/\",\"url\":\"https:\/\/skaitytaknyga.lt\/wp-content\/uploads\/2024\/05\/cropped-cropped-cropped-02_00843_jt3bggkj1j3HLc7SyY6rEUpg.jpeg\",\"contentUrl\":\"https:\/\/skaitytaknyga.lt\/wp-content\/uploads\/2024\/05\/cropped-cropped-cropped-02_00843_jt3bggkj1j3HLc7SyY6rEUpg.jpeg\",\"width\":1600,\"height\":1600,\"caption\":\"skaitytaknyga.lt\"},\"image\":{\"@id\":\"https:\/\/skaitytaknyga.lt\/#\/schema\/logo\/image\/\"},\"sameAs\":[\"https:\/\/www.facebook.com\/skaitytaknyga\/\"]}]}<\/script>\n<!-- \/ Yoast SEO plugin. -->","yoast_head_json":{"title":"Dienora\u0161tis: 1918 m. bir\u017eelio 13-oji - 1919 m. bir\u017eelio 20-oji","description":"\u0160ioje knygoje publikuojamas i\u0161 lenk\u0173 \u012f lietuvi\u0173 kalb\u0105 i\u0161verstas Dienora\u0161\u010dio tekstas, kuriame aptarti, i\u0161analizuoti Lietuvos ir Lenkijos santykiai nuo 1918","robots":{"index":"index","follow":"follow","max-snippet":"max-snippet:-1","max-image-preview":"max-image-preview:large","max-video-preview":"max-video-preview:-1"},"canonical":"https:\/\/skaitytaknyga.lt\/en\/produktas\/dienorastis-1918-m-birzelio-13-oji-1919-m-birzelio-20-oji\/","og_locale":"en_GB","og_type":"article","og_title":"[:lt]Dienora\u0161tis: 1918 m. bir\u017eelio 13-oji - 1919 m. bir\u017eelio 20-oji[:] - Skaitytaknyga","og_description":"\u0160ioje knygoje publikuojamas i\u0161 lenk\u0173 \u012f lietuvi\u0173 kalb\u0105 i\u0161verstas Dienora\u0161\u010dio tekstas, kuriame aptarti, i\u0161analizuoti Lietuvos ir Lenkijos santykiai nuo 1918","og_url":"https:\/\/skaitytaknyga.lt\/en\/produktas\/dienorastis-1918-m-birzelio-13-oji-1919-m-birzelio-20-oji\/","og_site_name":"Skaitytaknyga","article_publisher":"https:\/\/www.facebook.com\/skaitytaknyga\/","article_modified_time":"2025-02-01T12:52:12+00:00","og_image":[{"width":530,"height":800,"url":"https:\/\/skaitytaknyga.lt\/wp-content\/uploads\/2025\/02\/Dienorastis-1918-m.-birzelio-13-oji-1919-m.-birzelio-20-oji.webp","type":"image\/webp"}],"twitter_card":"summary_large_image","twitter_misc":{"Estimated reading time":"1 minute"},"schema":{"@context":"https:\/\/schema.org","@graph":[{"@type":"WebPage","@id":"https:\/\/skaitytaknyga.lt\/produktas\/dienorastis-1918-m-birzelio-13-oji-1919-m-birzelio-20-oji\/","url":"https:\/\/skaitytaknyga.lt\/produktas\/dienorastis-1918-m-birzelio-13-oji-1919-m-birzelio-20-oji\/","name":"Dienora\u0161tis: 1918 m. bir\u017eelio 13-oji - 1919 m. bir\u017eelio 20-oji","isPartOf":{"@id":"https:\/\/skaitytaknyga.lt\/#website"},"primaryImageOfPage":{"@id":"https:\/\/skaitytaknyga.lt\/produktas\/dienorastis-1918-m-birzelio-13-oji-1919-m-birzelio-20-oji\/#primaryimage"},"image":{"@id":"https:\/\/skaitytaknyga.lt\/produktas\/dienorastis-1918-m-birzelio-13-oji-1919-m-birzelio-20-oji\/#primaryimage"},"thumbnailUrl":"https:\/\/skaitytaknyga.lt\/wp-content\/uploads\/2025\/02\/Dienorastis-1918-m.-birzelio-13-oji-1919-m.-birzelio-20-oji.webp","datePublished":"2025-02-01T12:51:31+00:00","dateModified":"2025-02-01T12:52:12+00:00","description":"\u0160ioje knygoje publikuojamas i\u0161 lenk\u0173 \u012f lietuvi\u0173 kalb\u0105 i\u0161verstas Dienora\u0161\u010dio tekstas, kuriame aptarti, i\u0161analizuoti Lietuvos ir Lenkijos santykiai nuo 1918","breadcrumb":{"@id":"https:\/\/skaitytaknyga.lt\/produktas\/dienorastis-1918-m-birzelio-13-oji-1919-m-birzelio-20-oji\/#breadcrumb"},"inLanguage":"en-GB","potentialAction":[{"@type":"ReadAction","target":["https:\/\/skaitytaknyga.lt\/produktas\/dienorastis-1918-m-birzelio-13-oji-1919-m-birzelio-20-oji\/"]}]},{"@type":"ImageObject","inLanguage":"en-GB","@id":"https:\/\/skaitytaknyga.lt\/produktas\/dienorastis-1918-m-birzelio-13-oji-1919-m-birzelio-20-oji\/#primaryimage","url":"https:\/\/skaitytaknyga.lt\/wp-content\/uploads\/2025\/02\/Dienorastis-1918-m.-birzelio-13-oji-1919-m.-birzelio-20-oji.webp","contentUrl":"https:\/\/skaitytaknyga.lt\/wp-content\/uploads\/2025\/02\/Dienorastis-1918-m.-birzelio-13-oji-1919-m.-birzelio-20-oji.webp","width":530,"height":800,"caption":"Dienora\u0161tis: 1918 m. bir\u017eelio 13-oji - 1919 m. bir\u017eelio 20-oji"},{"@type":"BreadcrumbList","@id":"https:\/\/skaitytaknyga.lt\/produktas\/dienorastis-1918-m-birzelio-13-oji-1919-m-birzelio-20-oji\/#breadcrumb","itemListElement":[{"@type":"ListItem","position":1,"name":"Home","item":"https:\/\/skaitytaknyga.lt\/"},{"@type":"ListItem","position":2,"name":"Parduotuv\u0117","item":"https:\/\/skaitytaknyga.lt\/knygu-parduotuve\/"},{"@type":"ListItem","position":3,"name":"Dienora\u0161tis: 1918 m. bir\u017eelio 13-oji &#8211; 1919 m. bir\u017eelio 20-oji"}]},{"@type":"WebSite","@id":"https:\/\/skaitytaknyga.lt\/#website","url":"https:\/\/skaitytaknyga.lt\/","name":"skaitytaknyga.lt","description":"Skaitytaknyga.lt \u2013 tai ma\u017eas \u0161eimos verslas, kuris prasid\u0117jo nuo meil\u0117s knygoms ir siekio i\u0161gelb\u0117ti knygas nuo likimo prie konteinerio. Kas vienam nereikalingas daiktas \u2013 kitam lobis, o mes esame tarpininkai, kurie padeda abiems tapti laimingesniems ???? \u017dinome kaip nelengva i\u0161gyventi ma\u017eiems verslams, tad nuo \u0161iol, \u010dia rasite ir kit\u0173, ma\u017e\u0173 \u0161eim\u0173 versl\u0173, rank\u0173 darbo, dovan\u0173 sau ir artimiesiems.","publisher":{"@id":"https:\/\/skaitytaknyga.lt\/#organization"},"potentialAction":[{"@type":"SearchAction","target":{"@type":"EntryPoint","urlTemplate":"https:\/\/skaitytaknyga.lt\/?s={search_term_string}"},"query-input":{"@type":"PropertyValueSpecification","valueRequired":true,"valueName":"search_term_string"}}],"inLanguage":"en-GB"},{"@type":"Organization","@id":"https:\/\/skaitytaknyga.lt\/#organization","name":"skaitytaknyga.lt","url":"https:\/\/skaitytaknyga.lt\/","logo":{"@type":"ImageObject","inLanguage":"en-GB","@id":"https:\/\/skaitytaknyga.lt\/#\/schema\/logo\/image\/","url":"https:\/\/skaitytaknyga.lt\/wp-content\/uploads\/2024\/05\/cropped-cropped-cropped-02_00843_jt3bggkj1j3HLc7SyY6rEUpg.jpeg","contentUrl":"https:\/\/skaitytaknyga.lt\/wp-content\/uploads\/2024\/05\/cropped-cropped-cropped-02_00843_jt3bggkj1j3HLc7SyY6rEUpg.jpeg","width":1600,"height":1600,"caption":"skaitytaknyga.lt"},"image":{"@id":"https:\/\/skaitytaknyga.lt\/#\/schema\/logo\/image\/"},"sameAs":["https:\/\/www.facebook.com\/skaitytaknyga\/"]}]}},"_links":{"self":[{"href":"https:\/\/skaitytaknyga.lt\/en\/wp-json\/wp\/v2\/product\/16402","targetHints":{"allow":["GET"]}}],"collection":[{"href":"https:\/\/skaitytaknyga.lt\/en\/wp-json\/wp\/v2\/product"}],"about":[{"href":"https:\/\/skaitytaknyga.lt\/en\/wp-json\/wp\/v2\/types\/product"}],"replies":[{"embeddable":true,"href":"https:\/\/skaitytaknyga.lt\/en\/wp-json\/wp\/v2\/comments?post=16402"}],"wp:featuredmedia":[{"embeddable":true,"href":"https:\/\/skaitytaknyga.lt\/en\/wp-json\/wp\/v2\/media\/16403"}],"wp:attachment":[{"href":"https:\/\/skaitytaknyga.lt\/en\/wp-json\/wp\/v2\/media?parent=16402"}],"wp:term":[{"taxonomy":"product_brand","embeddable":true,"href":"https:\/\/skaitytaknyga.lt\/en\/wp-json\/wp\/v2\/product_brand?post=16402"},{"taxonomy":"product_cat","embeddable":true,"href":"https:\/\/skaitytaknyga.lt\/en\/wp-json\/wp\/v2\/product_cat?post=16402"},{"taxonomy":"product_tag","embeddable":true,"href":"https:\/\/skaitytaknyga.lt\/en\/wp-json\/wp\/v2\/product_tag?post=16402"}],"curies":[{"name":"wp","href":"https:\/\/api.w.org\/{rel}","templated":true}]}}