{"id":16400,"date":"2025-02-01T14:49:13","date_gmt":"2025-02-01T12:49:13","guid":{"rendered":"https:\/\/skaitytaknyga.lt\/?post_type=product&#038;p=16400"},"modified":"2025-02-01T14:50:38","modified_gmt":"2025-02-01T12:50:38","slug":"dienorastis-1920m-kovo-16-oji-1921m-sausio-12-oji","status":"publish","type":"product","link":"https:\/\/skaitytaknyga.lt\/en\/produktas\/dienorastis-1920m-kovo-16-oji-1921m-sausio-12-oji\/","title":{"rendered":"Dienora\u0161tis 1920m. kovo 16-oji &#8211; 1921m. sausio 12-oji"},"content":{"rendered":"<p><strong>Mykolas R\u00f6meris\u00a0<\/strong>(1880\u20131945) \u2013 teisininkas, publicistas, visuomen\u0117s ir politikos veik\u0117jas, vienas \u017eymiausi\u0173 XX a. pirmosios pus\u0117s sud\u0117ting\u0173 lietuvi\u0173 ir lenk\u0173 santyki\u0173 liudinink\u0173. Be reik\u0161ming\u0173 darb\u0173 konstitucin\u0117s teis\u0117s srityje, jis paliko 40 tom\u0173 Dienora\u0161t\u012f, apimant\u012f 1911\u20131945 metus.<\/p>\n<p>Tai akivaizdus ano laikotarpio Lietuvos, i\u0161 dalies ir Lenkijos, visuomeninio, kult\u016brinio ir politinio gyvenimo metra\u0161tis, ra\u0161ytas lenk\u0173 kalba.<br \/>\n\u0160ioje knygoje pateikiamas \u012f lietuvi\u0173 kalb\u0105 i\u0161verstas Dienora\u0161\u010dio tekstas, apimantis 1920 m. kovo 16 d.\u20131921 m. sausio 12 d. M. R\u00f6meris atsisveikina su Lom\u017ea ir Lom\u017eos teismo bendradarbiais, pa\u017e\u012fstamais ir vyksta \u012f Lietuv\u0105. Nema\u017eai d\u0117mesio jis skiria asmeniniam gyvenimui, Bagdoni\u0161kio dvarui ir jo gyventojams. M. R\u00f6meris pakankamai smulkiai apra\u0161o besikurian\u010dios Lietuvos valstyb\u0117s veik\u0117jus ir bendramin\u010dius, Vilniaus visuomen\u0117s ir Kauno politikos veik\u0117j\u0173 ie\u0161kojimus, teisi\u0161kai vertina ir interpretuoja Suvalk\u0173 paliaub\u0173 sutart\u012f, negaili kritikos krajovcams ir j\u0173 po\u017ei\u016briui \u012f nepriklausom\u0105 Lietuv\u0105.<\/p>\n<p>Knyga skiriama ne tik mokslininkams (politikos, kult\u016bros, diplomatijos, literat\u016bros istorijos ir kt. tyrin\u0117tojams), bet ir mokytojams, d\u0117stytojams, studentams, visiems, kam r\u016bpi savos \u0161alies istorija.<\/p>\n<ul class=\"about-product d-none d-xl-block mt-4\">\n<li><strong>Autorius:<\/strong>\u00a0Mykolas Romeris<\/li>\n<li><strong>Leid\u0117jas:<\/strong>\u00a0Versus Aureus<\/li>\n<li><strong>Metai:<\/strong>\u00a02007<\/li>\n<li><strong>Puslapiai:<\/strong>\u00a0540<\/li>\n<li class=\"toggleable type-new-formats \"><strong>ISBN:<\/strong>\u00a09789955343189<\/li>\n<li class=\"toggleable type-new-formats \"><strong>Formatas:<\/strong>\u00a017,5 x 25 cm, kieti vir\u0161eliai<\/li>\n<li><strong>Kalba:<\/strong>\u00a0Lietuvi\u0173<\/li>\n<li><strong>Vert\u0117jas:<\/strong>\u00a0Vaiva Grigaitien\u0117<\/li>\n<\/ul>\n","protected":false},"excerpt":{"rendered":"<p>Mykolas R\u00f6meris\u00a0(1880\u20131945) \u2013 teisininkas, publicistas, visuomen\u0117s ir politikos veik\u0117jas, vienas \u017eymiausi\u0173 XX a. pirmosios pus\u0117s sud\u0117ting\u0173 lietuvi\u0173 ir lenk\u0173 santyki\u0173 liudinink\u0173. Be reik\u0161ming\u0173 darb\u0173 konstitucin\u0117s teis\u0117s srityje, jis paliko 40 tom\u0173 Dienora\u0161t\u012f, apimant\u012f 1911\u20131945 metus. Tai akivaizdus ano laikotarpio Lietuvos, i\u0161 dalies ir Lenkijos, visuomeninio, kult\u016brinio ir politinio gyvenimo metra\u0161tis, ra\u0161ytas lenk\u0173 kalba. \u0160ioje knygoje pateikiamas \u012f lietuvi\u0173 kalb\u0105 i\u0161verstas Dienora\u0161\u010dio tekstas, apimantis 1920 m. kovo 16 d.\u20131921 m. sausio 12 d. M. R\u00f6meris atsisveikina su Lom\u017ea ir Lom\u017eos teismo bendradarbiais, pa\u017e\u012fstamais ir vyksta \u012f Lietuv\u0105. Nema\u017eai d\u0117mesio jis skiria asmeniniam gyvenimui, Bagdoni\u0161kio dvarui ir jo gyventojams. M. R\u00f6meris pakankamai smulkiai apra\u0161o besikurian\u010dios Lietuvos valstyb\u0117s veik\u0117jus ir bendramin\u010dius, Vilniaus visuomen\u0117s ir Kauno politikos veik\u0117j\u0173 ie\u0161kojimus, teisi\u0161kai vertina ir interpretuoja Suvalk\u0173 paliaub\u0173 sutart\u012f, negaili kritikos krajovcams ir j\u0173 po\u017ei\u016briui \u012f nepriklausom\u0105 Lietuv\u0105. Knyga skiriama ne tik mokslininkams (politikos, kult\u016bros, diplomatijos, literat\u016bros istorijos ir kt. tyrin\u0117tojams), bet ir mokytojams, d\u0117stytojams, studentams, visiems, kam r\u016bpi savos \u0161alies istorija. Autorius:\u00a0Mykolas Romeris Leid\u0117jas:\u00a0Versus Aureus Metai:\u00a02007 Puslapiai:\u00a0540 ISBN:\u00a09789955343189 Formatas:\u00a017,5 x 25 cm, kieti vir\u0161eliai Kalba:\u00a0Lietuvi\u0173 Vert\u0117jas:\u00a0Vaiva Grigaitien\u0117<\/p>\n","protected":false},"featured_media":16401,"comment_status":"closed","ping_status":"closed","template":"","meta":{"_acf_changed":false,"site-sidebar-layout":"default","site-content-layout":"","ast-site-content-layout":"default","site-content-style":"default","site-sidebar-style":"default","ast-global-header-display":"","ast-banner-title-visibility":"","ast-main-header-display":"","ast-hfb-above-header-display":"","ast-hfb-below-header-display":"","ast-hfb-mobile-header-display":"","site-post-title":"","ast-breadcrumbs-content":"","ast-featured-img":"","footer-sml-layout":"","ast-disable-related-posts":"","theme-transparent-header-meta":"default","adv-header-id-meta":"","stick-header-meta":"","header-above-stick-meta":"","header-main-stick-meta":"","header-below-stick-meta":"","astra-migrate-meta-layouts":"set","ast-page-background-enabled":"default","ast-page-background-meta":{"desktop":{"background-color":"","background-image":"","background-repeat":"repeat","background-position":"center center","background-size":"auto","background-attachment":"scroll","background-type":"","background-media":"","overlay-type":"","overlay-color":"","overlay-opacity":"","overlay-gradient":""},"tablet":{"background-color":"","background-image":"","background-repeat":"repeat","background-position":"center center","background-size":"auto","background-attachment":"scroll","background-type":"","background-media":"","overlay-type":"","overlay-color":"","overlay-opacity":"","overlay-gradient":""},"mobile":{"background-color":"","background-image":"","background-repeat":"repeat","background-position":"center center","background-size":"auto","background-attachment":"scroll","background-type":"","background-media":"","overlay-type":"","overlay-color":"","overlay-opacity":"","overlay-gradient":""}},"ast-content-background-meta":{"desktop":{"background-color":"var(--ast-global-color-4)","background-image":"","background-repeat":"repeat","background-position":"center center","background-size":"auto","background-attachment":"scroll","background-type":"","background-media":"","overlay-type":"","overlay-color":"","overlay-opacity":"","overlay-gradient":""},"tablet":{"background-color":"var(--ast-global-color-4)","background-image":"","background-repeat":"repeat","background-position":"center center","background-size":"auto","background-attachment":"scroll","background-type":"","background-media":"","overlay-type":"","overlay-color":"","overlay-opacity":"","overlay-gradient":""},"mobile":{"background-color":"var(--ast-global-color-4)","background-image":"","background-repeat":"repeat","background-position":"center center","background-size":"auto","background-attachment":"scroll","background-type":"","background-media":"","overlay-type":"","overlay-color":"","overlay-opacity":"","overlay-gradient":""}}},"product_brand":[],"product_cat":[33],"product_tag":[],"class_list":{"0":"post-16400","1":"product","2":"type-product","3":"status-publish","4":"has-post-thumbnail","6":"product_cat-biografijos","7":"desktop-align-left","8":"tablet-align-left","9":"mobile-align-left","11":"first","12":"instock","13":"shipping-taxable","14":"purchasable","15":"product-type-simple"},"acf":[],"yoast_head":"<!-- This site is optimized with the Yoast SEO plugin v27.0 - https:\/\/yoast.com\/product\/yoast-seo-wordpress\/ -->\n<title>Dienora\u0161tis 1920m. kovo 16-oji - 1921m. sausio 12-oji<\/title>\n<meta name=\"description\" content=\"Mykolas R\u00f6meris\u00a0(1880\u20131945) \u2013 teisininkas, publicistas, visuomen\u0117s ir politikos veik\u0117jas, vienas \u017eymiausi\u0173 XX a. pirmosios pus\u0117s sud\u0117ting\u0173 lietuvi\u0173 ir\" \/>\n<meta name=\"robots\" content=\"index, follow, max-snippet:-1, max-image-preview:large, max-video-preview:-1\" \/>\n<link rel=\"canonical\" href=\"https:\/\/skaitytaknyga.lt\/en\/produktas\/dienorastis-1920m-kovo-16-oji-1921m-sausio-12-oji\/\" \/>\n<meta property=\"og:locale\" content=\"en_GB\" \/>\n<meta property=\"og:locale:alternate\" content=\"lt_LT\" \/>\n<meta property=\"og:type\" content=\"article\" \/>\n<meta property=\"og:title\" content=\"Dienora\u0161tis 1920m. kovo 16-oji - 1921m. sausio 12-oji\" \/>\n<meta property=\"og:description\" content=\"Mykolas R\u00f6meris\u00a0(1880\u20131945) \u2013 teisininkas, publicistas, visuomen\u0117s ir politikos veik\u0117jas, vienas \u017eymiausi\u0173 XX a. pirmosios pus\u0117s sud\u0117ting\u0173 lietuvi\u0173 ir\" \/>\n<meta property=\"og:url\" content=\"https:\/\/skaitytaknyga.lt\/en\/produktas\/dienorastis-1920m-kovo-16-oji-1921m-sausio-12-oji\/\" \/>\n<meta property=\"og:site_name\" content=\"Skaitytaknyga\" \/>\n<meta property=\"article:publisher\" content=\"https:\/\/www.facebook.com\/skaitytaknyga\/\" \/>\n<meta property=\"article:modified_time\" content=\"2025-02-01T12:50:38+00:00\" \/>\n<meta property=\"og:image\" content=\"https:\/\/skaitytaknyga.lt\/wp-content\/uploads\/2025\/02\/Dienorastis-1920m.-kovo-16-oji-1921m.-sausio-12-oji.webp\" \/>\n\t<meta property=\"og:image:width\" content=\"538\" \/>\n\t<meta property=\"og:image:height\" content=\"800\" \/>\n\t<meta property=\"og:image:type\" content=\"image\/webp\" \/>\n<meta name=\"twitter:card\" content=\"summary_large_image\" \/>\n<meta name=\"twitter:label1\" content=\"Estimated reading time\" \/>\n\t<meta name=\"twitter:data1\" content=\"2 minutes\" \/>\n<script type=\"application\/ld+json\" class=\"yoast-schema-graph\">{\"@context\":\"https:\/\/schema.org\",\"@graph\":[{\"@type\":\"WebPage\",\"@id\":\"https:\/\/skaitytaknyga.lt\/produktas\/dienorastis-1920m-kovo-16-oji-1921m-sausio-12-oji\/\",\"url\":\"https:\/\/skaitytaknyga.lt\/produktas\/dienorastis-1920m-kovo-16-oji-1921m-sausio-12-oji\/\",\"name\":\"Dienora\u0161tis 1920m. kovo 16-oji - 1921m. sausio 12-oji\",\"isPartOf\":{\"@id\":\"https:\/\/skaitytaknyga.lt\/#website\"},\"primaryImageOfPage\":{\"@id\":\"https:\/\/skaitytaknyga.lt\/produktas\/dienorastis-1920m-kovo-16-oji-1921m-sausio-12-oji\/#primaryimage\"},\"image\":{\"@id\":\"https:\/\/skaitytaknyga.lt\/produktas\/dienorastis-1920m-kovo-16-oji-1921m-sausio-12-oji\/#primaryimage\"},\"thumbnailUrl\":\"https:\/\/skaitytaknyga.lt\/wp-content\/uploads\/2025\/02\/Dienorastis-1920m.-kovo-16-oji-1921m.-sausio-12-oji.webp\",\"datePublished\":\"2025-02-01T12:49:13+00:00\",\"dateModified\":\"2025-02-01T12:50:38+00:00\",\"description\":\"Mykolas R\u00f6meris\u00a0(1880\u20131945) \u2013 teisininkas, publicistas, visuomen\u0117s ir politikos veik\u0117jas, vienas \u017eymiausi\u0173 XX a. pirmosios pus\u0117s sud\u0117ting\u0173 lietuvi\u0173 ir\",\"breadcrumb\":{\"@id\":\"https:\/\/skaitytaknyga.lt\/produktas\/dienorastis-1920m-kovo-16-oji-1921m-sausio-12-oji\/#breadcrumb\"},\"inLanguage\":\"en-GB\",\"potentialAction\":[{\"@type\":\"ReadAction\",\"target\":[\"https:\/\/skaitytaknyga.lt\/produktas\/dienorastis-1920m-kovo-16-oji-1921m-sausio-12-oji\/\"]}]},{\"@type\":\"ImageObject\",\"inLanguage\":\"en-GB\",\"@id\":\"https:\/\/skaitytaknyga.lt\/produktas\/dienorastis-1920m-kovo-16-oji-1921m-sausio-12-oji\/#primaryimage\",\"url\":\"https:\/\/skaitytaknyga.lt\/wp-content\/uploads\/2025\/02\/Dienorastis-1920m.-kovo-16-oji-1921m.-sausio-12-oji.webp\",\"contentUrl\":\"https:\/\/skaitytaknyga.lt\/wp-content\/uploads\/2025\/02\/Dienorastis-1920m.-kovo-16-oji-1921m.-sausio-12-oji.webp\",\"width\":538,\"height\":800,\"caption\":\"Dienora\u0161tis 1920m. kovo 16-oji - 1921m. sausio 12-oji\"},{\"@type\":\"BreadcrumbList\",\"@id\":\"https:\/\/skaitytaknyga.lt\/produktas\/dienorastis-1920m-kovo-16-oji-1921m-sausio-12-oji\/#breadcrumb\",\"itemListElement\":[{\"@type\":\"ListItem\",\"position\":1,\"name\":\"Home\",\"item\":\"https:\/\/skaitytaknyga.lt\/\"},{\"@type\":\"ListItem\",\"position\":2,\"name\":\"Parduotuv\u0117\",\"item\":\"https:\/\/skaitytaknyga.lt\/knygu-parduotuve\/\"},{\"@type\":\"ListItem\",\"position\":3,\"name\":\"Dienora\u0161tis 1920m. kovo 16-oji &#8211; 1921m. sausio 12-oji\"}]},{\"@type\":\"WebSite\",\"@id\":\"https:\/\/skaitytaknyga.lt\/#website\",\"url\":\"https:\/\/skaitytaknyga.lt\/\",\"name\":\"skaitytaknyga.lt\",\"description\":\"Skaitytaknyga.lt \u2013 tai ma\u017eas \u0161eimos verslas, kuris prasid\u0117jo nuo meil\u0117s knygoms ir siekio i\u0161gelb\u0117ti knygas nuo likimo prie konteinerio. Kas vienam nereikalingas daiktas \u2013 kitam lobis, o mes esame tarpininkai, kurie padeda abiems tapti laimingesniems ???? \u017dinome kaip nelengva i\u0161gyventi ma\u017eiems verslams, tad nuo \u0161iol, \u010dia rasite ir kit\u0173, ma\u017e\u0173 \u0161eim\u0173 versl\u0173, rank\u0173 darbo, dovan\u0173 sau ir artimiesiems.\",\"publisher\":{\"@id\":\"https:\/\/skaitytaknyga.lt\/#organization\"},\"potentialAction\":[{\"@type\":\"SearchAction\",\"target\":{\"@type\":\"EntryPoint\",\"urlTemplate\":\"https:\/\/skaitytaknyga.lt\/?s={search_term_string}\"},\"query-input\":{\"@type\":\"PropertyValueSpecification\",\"valueRequired\":true,\"valueName\":\"search_term_string\"}}],\"inLanguage\":\"en-GB\"},{\"@type\":\"Organization\",\"@id\":\"https:\/\/skaitytaknyga.lt\/#organization\",\"name\":\"skaitytaknyga.lt\",\"url\":\"https:\/\/skaitytaknyga.lt\/\",\"logo\":{\"@type\":\"ImageObject\",\"inLanguage\":\"en-GB\",\"@id\":\"https:\/\/skaitytaknyga.lt\/#\/schema\/logo\/image\/\",\"url\":\"https:\/\/skaitytaknyga.lt\/wp-content\/uploads\/2024\/05\/cropped-cropped-cropped-02_00843_jt3bggkj1j3HLc7SyY6rEUpg.jpeg\",\"contentUrl\":\"https:\/\/skaitytaknyga.lt\/wp-content\/uploads\/2024\/05\/cropped-cropped-cropped-02_00843_jt3bggkj1j3HLc7SyY6rEUpg.jpeg\",\"width\":1600,\"height\":1600,\"caption\":\"skaitytaknyga.lt\"},\"image\":{\"@id\":\"https:\/\/skaitytaknyga.lt\/#\/schema\/logo\/image\/\"},\"sameAs\":[\"https:\/\/www.facebook.com\/skaitytaknyga\/\"]}]}<\/script>\n<!-- \/ Yoast SEO plugin. -->","yoast_head_json":{"title":"Dienora\u0161tis 1920m. kovo 16-oji - 1921m. sausio 12-oji","description":"Mykolas R\u00f6meris\u00a0(1880\u20131945) \u2013 teisininkas, publicistas, visuomen\u0117s ir politikos veik\u0117jas, vienas \u017eymiausi\u0173 XX a. pirmosios pus\u0117s sud\u0117ting\u0173 lietuvi\u0173 ir","robots":{"index":"index","follow":"follow","max-snippet":"max-snippet:-1","max-image-preview":"max-image-preview:large","max-video-preview":"max-video-preview:-1"},"canonical":"https:\/\/skaitytaknyga.lt\/en\/produktas\/dienorastis-1920m-kovo-16-oji-1921m-sausio-12-oji\/","og_locale":"en_GB","og_type":"article","og_title":"[:lt]Dienora\u0161tis 1920m. kovo 16-oji - 1921m. sausio 12-oji[:] - Skaitytaknyga","og_description":"Mykolas R\u00f6meris\u00a0(1880\u20131945) \u2013 teisininkas, publicistas, visuomen\u0117s ir politikos veik\u0117jas, vienas \u017eymiausi\u0173 XX a. pirmosios pus\u0117s sud\u0117ting\u0173 lietuvi\u0173 ir","og_url":"https:\/\/skaitytaknyga.lt\/en\/produktas\/dienorastis-1920m-kovo-16-oji-1921m-sausio-12-oji\/","og_site_name":"Skaitytaknyga","article_publisher":"https:\/\/www.facebook.com\/skaitytaknyga\/","article_modified_time":"2025-02-01T12:50:38+00:00","og_image":[{"width":538,"height":800,"url":"https:\/\/skaitytaknyga.lt\/wp-content\/uploads\/2025\/02\/Dienorastis-1920m.-kovo-16-oji-1921m.-sausio-12-oji.webp","type":"image\/webp"}],"twitter_card":"summary_large_image","twitter_misc":{"Estimated reading time":"2 minutes"},"schema":{"@context":"https:\/\/schema.org","@graph":[{"@type":"WebPage","@id":"https:\/\/skaitytaknyga.lt\/produktas\/dienorastis-1920m-kovo-16-oji-1921m-sausio-12-oji\/","url":"https:\/\/skaitytaknyga.lt\/produktas\/dienorastis-1920m-kovo-16-oji-1921m-sausio-12-oji\/","name":"Dienora\u0161tis 1920m. kovo 16-oji - 1921m. sausio 12-oji","isPartOf":{"@id":"https:\/\/skaitytaknyga.lt\/#website"},"primaryImageOfPage":{"@id":"https:\/\/skaitytaknyga.lt\/produktas\/dienorastis-1920m-kovo-16-oji-1921m-sausio-12-oji\/#primaryimage"},"image":{"@id":"https:\/\/skaitytaknyga.lt\/produktas\/dienorastis-1920m-kovo-16-oji-1921m-sausio-12-oji\/#primaryimage"},"thumbnailUrl":"https:\/\/skaitytaknyga.lt\/wp-content\/uploads\/2025\/02\/Dienorastis-1920m.-kovo-16-oji-1921m.-sausio-12-oji.webp","datePublished":"2025-02-01T12:49:13+00:00","dateModified":"2025-02-01T12:50:38+00:00","description":"Mykolas R\u00f6meris\u00a0(1880\u20131945) \u2013 teisininkas, publicistas, visuomen\u0117s ir politikos veik\u0117jas, vienas \u017eymiausi\u0173 XX a. pirmosios pus\u0117s sud\u0117ting\u0173 lietuvi\u0173 ir","breadcrumb":{"@id":"https:\/\/skaitytaknyga.lt\/produktas\/dienorastis-1920m-kovo-16-oji-1921m-sausio-12-oji\/#breadcrumb"},"inLanguage":"en-GB","potentialAction":[{"@type":"ReadAction","target":["https:\/\/skaitytaknyga.lt\/produktas\/dienorastis-1920m-kovo-16-oji-1921m-sausio-12-oji\/"]}]},{"@type":"ImageObject","inLanguage":"en-GB","@id":"https:\/\/skaitytaknyga.lt\/produktas\/dienorastis-1920m-kovo-16-oji-1921m-sausio-12-oji\/#primaryimage","url":"https:\/\/skaitytaknyga.lt\/wp-content\/uploads\/2025\/02\/Dienorastis-1920m.-kovo-16-oji-1921m.-sausio-12-oji.webp","contentUrl":"https:\/\/skaitytaknyga.lt\/wp-content\/uploads\/2025\/02\/Dienorastis-1920m.-kovo-16-oji-1921m.-sausio-12-oji.webp","width":538,"height":800,"caption":"Dienora\u0161tis 1920m. kovo 16-oji - 1921m. sausio 12-oji"},{"@type":"BreadcrumbList","@id":"https:\/\/skaitytaknyga.lt\/produktas\/dienorastis-1920m-kovo-16-oji-1921m-sausio-12-oji\/#breadcrumb","itemListElement":[{"@type":"ListItem","position":1,"name":"Home","item":"https:\/\/skaitytaknyga.lt\/"},{"@type":"ListItem","position":2,"name":"Parduotuv\u0117","item":"https:\/\/skaitytaknyga.lt\/knygu-parduotuve\/"},{"@type":"ListItem","position":3,"name":"Dienora\u0161tis 1920m. kovo 16-oji &#8211; 1921m. sausio 12-oji"}]},{"@type":"WebSite","@id":"https:\/\/skaitytaknyga.lt\/#website","url":"https:\/\/skaitytaknyga.lt\/","name":"skaitytaknyga.lt","description":"Skaitytaknyga.lt \u2013 tai ma\u017eas \u0161eimos verslas, kuris prasid\u0117jo nuo meil\u0117s knygoms ir siekio i\u0161gelb\u0117ti knygas nuo likimo prie konteinerio. Kas vienam nereikalingas daiktas \u2013 kitam lobis, o mes esame tarpininkai, kurie padeda abiems tapti laimingesniems ???? \u017dinome kaip nelengva i\u0161gyventi ma\u017eiems verslams, tad nuo \u0161iol, \u010dia rasite ir kit\u0173, ma\u017e\u0173 \u0161eim\u0173 versl\u0173, rank\u0173 darbo, dovan\u0173 sau ir artimiesiems.","publisher":{"@id":"https:\/\/skaitytaknyga.lt\/#organization"},"potentialAction":[{"@type":"SearchAction","target":{"@type":"EntryPoint","urlTemplate":"https:\/\/skaitytaknyga.lt\/?s={search_term_string}"},"query-input":{"@type":"PropertyValueSpecification","valueRequired":true,"valueName":"search_term_string"}}],"inLanguage":"en-GB"},{"@type":"Organization","@id":"https:\/\/skaitytaknyga.lt\/#organization","name":"skaitytaknyga.lt","url":"https:\/\/skaitytaknyga.lt\/","logo":{"@type":"ImageObject","inLanguage":"en-GB","@id":"https:\/\/skaitytaknyga.lt\/#\/schema\/logo\/image\/","url":"https:\/\/skaitytaknyga.lt\/wp-content\/uploads\/2024\/05\/cropped-cropped-cropped-02_00843_jt3bggkj1j3HLc7SyY6rEUpg.jpeg","contentUrl":"https:\/\/skaitytaknyga.lt\/wp-content\/uploads\/2024\/05\/cropped-cropped-cropped-02_00843_jt3bggkj1j3HLc7SyY6rEUpg.jpeg","width":1600,"height":1600,"caption":"skaitytaknyga.lt"},"image":{"@id":"https:\/\/skaitytaknyga.lt\/#\/schema\/logo\/image\/"},"sameAs":["https:\/\/www.facebook.com\/skaitytaknyga\/"]}]}},"_links":{"self":[{"href":"https:\/\/skaitytaknyga.lt\/en\/wp-json\/wp\/v2\/product\/16400","targetHints":{"allow":["GET"]}}],"collection":[{"href":"https:\/\/skaitytaknyga.lt\/en\/wp-json\/wp\/v2\/product"}],"about":[{"href":"https:\/\/skaitytaknyga.lt\/en\/wp-json\/wp\/v2\/types\/product"}],"replies":[{"embeddable":true,"href":"https:\/\/skaitytaknyga.lt\/en\/wp-json\/wp\/v2\/comments?post=16400"}],"wp:featuredmedia":[{"embeddable":true,"href":"https:\/\/skaitytaknyga.lt\/en\/wp-json\/wp\/v2\/media\/16401"}],"wp:attachment":[{"href":"https:\/\/skaitytaknyga.lt\/en\/wp-json\/wp\/v2\/media?parent=16400"}],"wp:term":[{"taxonomy":"product_brand","embeddable":true,"href":"https:\/\/skaitytaknyga.lt\/en\/wp-json\/wp\/v2\/product_brand?post=16400"},{"taxonomy":"product_cat","embeddable":true,"href":"https:\/\/skaitytaknyga.lt\/en\/wp-json\/wp\/v2\/product_cat?post=16400"},{"taxonomy":"product_tag","embeddable":true,"href":"https:\/\/skaitytaknyga.lt\/en\/wp-json\/wp\/v2\/product_tag?post=16400"}],"curies":[{"name":"wp","href":"https:\/\/api.w.org\/{rel}","templated":true}]}}