{"id":16393,"date":"2025-02-01T14:36:02","date_gmt":"2025-02-01T12:36:02","guid":{"rendered":"https:\/\/skaitytaknyga.lt\/?post_type=product&#038;p=16393"},"modified":"2026-03-18T12:59:40","modified_gmt":"2026-03-18T10:59:40","slug":"diferencialinis-ir-integralinis-skaiciavimas-2-dalis","status":"publish","type":"product","link":"https:\/\/skaitytaknyga.lt\/en\/produktas\/diferencialinis-ir-integralinis-skaiciavimas-2-dalis\/","title":{"rendered":"Diferencialinis ir integralinis skai\u010diavimas, 2 dalis (yra nedideli\u0173 defekt\u0173 i\u0161or\u0117je)"},"content":{"rendered":"<p>Vadov\u0117lyje i\u0161d\u0117stytos paprastosios diferencialin\u0117s lygtys, eilut\u0117s, kartotiniai, kreiviniai ir pavir\u0161iniai integralai, lauko teorija, Furj\u0117 eilut\u0117s ir Furj\u0117 integralas, variacinio skai\u010diavimo pradmenys. Leidinys skiriamas auk\u0161t\u0173j\u0173 technikos mokykl\u0173 studentams.<\/p>\n<ul class=\"about-product d-none d-xl-block mt-4\">\n<li><strong>Autorius:<\/strong>\u00a0Vidmantas Pekarskas<\/li>\n<li><strong>Leid\u0117jas:<\/strong>\u00a0Technologija<\/li>\n<li><strong>Metai:<\/strong>\u00a02003<\/li>\n<li><strong>Puslapiai:<\/strong>\u00a0420<\/li>\n<li class=\"toggleable type-new-formats \"><strong>ISBN:<\/strong>\u00a09789986137160<\/li>\n<li><strong>Versijos kodas:<\/strong>\u00a022-0166<\/li>\n<li class=\"toggleable type-new-formats \"><strong>Formatas:<\/strong>\u00a015,5 x 22 x 2,5 cm, kieti vir\u0161eliai<\/li>\n<li><strong>Kalba:<\/strong>\u00a0Lietuvi\u0173<\/li>\n<\/ul>\n","protected":false},"excerpt":{"rendered":"<p>Vadov\u0117lyje i\u0161d\u0117stytos paprastosios diferencialin\u0117s lygtys, eilut\u0117s, kartotiniai, kreiviniai ir pavir\u0161iniai integralai, lauko teorija, Furj\u0117 eilut\u0117s ir Furj\u0117 integralas, variacinio skai\u010diavimo pradmenys. Leidinys skiriamas auk\u0161t\u0173j\u0173 technikos mokykl\u0173 studentams. Autorius:\u00a0Vidmantas Pekarskas Leid\u0117jas:\u00a0Technologija Metai:\u00a02003 Puslapiai:\u00a0420 ISBN:\u00a09789986137160 Versijos kodas:\u00a022-0166 Formatas:\u00a015,5 x 22 x 2,5 cm, kieti vir\u0161eliai Kalba:\u00a0Lietuvi\u0173<\/p>\n","protected":false},"featured_media":16394,"comment_status":"closed","ping_status":"closed","template":"","meta":{"_acf_changed":false,"site-sidebar-layout":"default","site-content-layout":"","ast-site-content-layout":"default","site-content-style":"default","site-sidebar-style":"default","ast-global-header-display":"","ast-banner-title-visibility":"","ast-main-header-display":"","ast-hfb-above-header-display":"","ast-hfb-below-header-display":"","ast-hfb-mobile-header-display":"","site-post-title":"","ast-breadcrumbs-content":"","ast-featured-img":"","footer-sml-layout":"","ast-disable-related-posts":"","theme-transparent-header-meta":"default","adv-header-id-meta":"","stick-header-meta":"","header-above-stick-meta":"","header-main-stick-meta":"","header-below-stick-meta":"","astra-migrate-meta-layouts":"set","ast-page-background-enabled":"default","ast-page-background-meta":{"desktop":{"background-color":"","background-image":"","background-repeat":"repeat","background-position":"center center","background-size":"auto","background-attachment":"scroll","background-type":"","background-media":"","overlay-type":"","overlay-color":"","overlay-opacity":"","overlay-gradient":""},"tablet":{"background-color":"","background-image":"","background-repeat":"repeat","background-position":"center center","background-size":"auto","background-attachment":"scroll","background-type":"","background-media":"","overlay-type":"","overlay-color":"","overlay-opacity":"","overlay-gradient":""},"mobile":{"background-color":"","background-image":"","background-repeat":"repeat","background-position":"center center","background-size":"auto","background-attachment":"scroll","background-type":"","background-media":"","overlay-type":"","overlay-color":"","overlay-opacity":"","overlay-gradient":""}},"ast-content-background-meta":{"desktop":{"background-color":"var(--ast-global-color-4)","background-image":"","background-repeat":"repeat","background-position":"center center","background-size":"auto","background-attachment":"scroll","background-type":"","background-media":"","overlay-type":"","overlay-color":"","overlay-opacity":"","overlay-gradient":""},"tablet":{"background-color":"var(--ast-global-color-4)","background-image":"","background-repeat":"repeat","background-position":"center center","background-size":"auto","background-attachment":"scroll","background-type":"","background-media":"","overlay-type":"","overlay-color":"","overlay-opacity":"","overlay-gradient":""},"mobile":{"background-color":"var(--ast-global-color-4)","background-image":"","background-repeat":"repeat","background-position":"center center","background-size":"auto","background-attachment":"scroll","background-type":"","background-media":"","overlay-type":"","overlay-color":"","overlay-opacity":"","overlay-gradient":""}}},"product_brand":[],"product_cat":[9850,269],"product_tag":[],"class_list":{"0":"post-16393","1":"product","2":"type-product","3":"status-publish","4":"has-post-thumbnail","6":"product_cat-fizika-chemija-matematika","7":"product_cat-gamtos-mokslai","8":"desktop-align-left","9":"tablet-align-left","10":"mobile-align-left","12":"first","13":"outofstock","14":"shipping-taxable","15":"purchasable","16":"product-type-simple"},"acf":[],"yoast_head":"<!-- This site is optimized with the Yoast SEO plugin v27.0 - https:\/\/yoast.com\/product\/yoast-seo-wordpress\/ -->\n<title>Diferencialinis ir integralinis skai\u010diavimas, 2 dalis (yra nedideli\u0173 defekt\u0173 i\u0161or\u0117je)<\/title>\n<meta name=\"description\" content=\"Vadov\u0117lyje i\u0161d\u0117stytos paprastosios diferencialin\u0117s lygtys, eilut\u0117s, kartotiniai, kreiviniai ir pavir\u0161iniai integralai, lauko teorija, Furj\u0117 eilut\u0117s ir\" \/>\n<meta name=\"robots\" content=\"index, follow, max-snippet:-1, max-image-preview:large, max-video-preview:-1\" \/>\n<link rel=\"canonical\" href=\"https:\/\/skaitytaknyga.lt\/en\/produktas\/diferencialinis-ir-integralinis-skaiciavimas-2-dalis\/\" \/>\n<meta property=\"og:locale\" content=\"en_GB\" \/>\n<meta property=\"og:locale:alternate\" content=\"lt_LT\" \/>\n<meta property=\"og:type\" content=\"article\" \/>\n<meta property=\"og:title\" content=\"Diferencialinis ir integralinis skai\u010diavimas, 2 dalis (yra nedideli\u0173 defekt\u0173 i\u0161or\u0117je)\" \/>\n<meta property=\"og:description\" content=\"Vadov\u0117lyje i\u0161d\u0117stytos paprastosios diferencialin\u0117s lygtys, eilut\u0117s, kartotiniai, kreiviniai ir pavir\u0161iniai integralai, lauko teorija, Furj\u0117 eilut\u0117s ir\" \/>\n<meta property=\"og:url\" content=\"https:\/\/skaitytaknyga.lt\/en\/produktas\/diferencialinis-ir-integralinis-skaiciavimas-2-dalis\/\" \/>\n<meta property=\"og:site_name\" content=\"Skaitytaknyga\" \/>\n<meta property=\"article:publisher\" content=\"https:\/\/www.facebook.com\/skaitytaknyga\/\" \/>\n<meta property=\"article:modified_time\" content=\"2026-03-18T10:59:40+00:00\" \/>\n<meta property=\"og:image\" content=\"https:\/\/skaitytaknyga.lt\/wp-content\/uploads\/2025\/02\/Diferencialinis-ir-integralinis-skaiciavimas-2-dalis.webp\" \/>\n\t<meta property=\"og:image:width\" content=\"551\" \/>\n\t<meta property=\"og:image:height\" content=\"800\" \/>\n\t<meta property=\"og:image:type\" content=\"image\/webp\" \/>\n<meta name=\"twitter:card\" content=\"summary_large_image\" \/>\n<meta name=\"twitter:label1\" content=\"Estimated reading time\" \/>\n\t<meta name=\"twitter:data1\" content=\"1 minute\" \/>\n<script type=\"application\/ld+json\" class=\"yoast-schema-graph\">{\"@context\":\"https:\/\/schema.org\",\"@graph\":[{\"@type\":\"WebPage\",\"@id\":\"https:\/\/skaitytaknyga.lt\/produktas\/diferencialinis-ir-integralinis-skaiciavimas-2-dalis\/\",\"url\":\"https:\/\/skaitytaknyga.lt\/produktas\/diferencialinis-ir-integralinis-skaiciavimas-2-dalis\/\",\"name\":\"Diferencialinis ir integralinis skai\u010diavimas, 2 dalis (yra nedideli\u0173 defekt\u0173 i\u0161or\u0117je)\",\"isPartOf\":{\"@id\":\"https:\/\/skaitytaknyga.lt\/#website\"},\"primaryImageOfPage\":{\"@id\":\"https:\/\/skaitytaknyga.lt\/produktas\/diferencialinis-ir-integralinis-skaiciavimas-2-dalis\/#primaryimage\"},\"image\":{\"@id\":\"https:\/\/skaitytaknyga.lt\/produktas\/diferencialinis-ir-integralinis-skaiciavimas-2-dalis\/#primaryimage\"},\"thumbnailUrl\":\"https:\/\/skaitytaknyga.lt\/wp-content\/uploads\/2025\/02\/Diferencialinis-ir-integralinis-skaiciavimas-2-dalis.webp\",\"datePublished\":\"2025-02-01T12:36:02+00:00\",\"dateModified\":\"2026-03-18T10:59:40+00:00\",\"description\":\"Vadov\u0117lyje i\u0161d\u0117stytos paprastosios diferencialin\u0117s lygtys, eilut\u0117s, kartotiniai, kreiviniai ir pavir\u0161iniai integralai, lauko teorija, Furj\u0117 eilut\u0117s ir\",\"breadcrumb\":{\"@id\":\"https:\/\/skaitytaknyga.lt\/produktas\/diferencialinis-ir-integralinis-skaiciavimas-2-dalis\/#breadcrumb\"},\"inLanguage\":\"en-GB\",\"potentialAction\":[{\"@type\":\"ReadAction\",\"target\":[\"https:\/\/skaitytaknyga.lt\/produktas\/diferencialinis-ir-integralinis-skaiciavimas-2-dalis\/\"]}]},{\"@type\":\"ImageObject\",\"inLanguage\":\"en-GB\",\"@id\":\"https:\/\/skaitytaknyga.lt\/produktas\/diferencialinis-ir-integralinis-skaiciavimas-2-dalis\/#primaryimage\",\"url\":\"https:\/\/skaitytaknyga.lt\/wp-content\/uploads\/2025\/02\/Diferencialinis-ir-integralinis-skaiciavimas-2-dalis.webp\",\"contentUrl\":\"https:\/\/skaitytaknyga.lt\/wp-content\/uploads\/2025\/02\/Diferencialinis-ir-integralinis-skaiciavimas-2-dalis.webp\",\"width\":551,\"height\":800,\"caption\":\"Diferencialinis ir integralinis skai\u010diavimas, 2 dalis\"},{\"@type\":\"BreadcrumbList\",\"@id\":\"https:\/\/skaitytaknyga.lt\/produktas\/diferencialinis-ir-integralinis-skaiciavimas-2-dalis\/#breadcrumb\",\"itemListElement\":[{\"@type\":\"ListItem\",\"position\":1,\"name\":\"Home\",\"item\":\"https:\/\/skaitytaknyga.lt\/\"},{\"@type\":\"ListItem\",\"position\":2,\"name\":\"Parduotuv\u0117\",\"item\":\"https:\/\/skaitytaknyga.lt\/knygu-parduotuve\/\"},{\"@type\":\"ListItem\",\"position\":3,\"name\":\"Diferencialinis ir integralinis skai\u010diavimas, 2 dalis (yra nedideli\u0173 defekt\u0173 i\u0161or\u0117je)\"}]},{\"@type\":\"WebSite\",\"@id\":\"https:\/\/skaitytaknyga.lt\/#website\",\"url\":\"https:\/\/skaitytaknyga.lt\/\",\"name\":\"skaitytaknyga.lt\",\"description\":\"Skaitytaknyga.lt \u2013 tai ma\u017eas \u0161eimos verslas, kuris prasid\u0117jo nuo meil\u0117s knygoms ir siekio i\u0161gelb\u0117ti knygas nuo likimo prie konteinerio. Kas vienam nereikalingas daiktas \u2013 kitam lobis, o mes esame tarpininkai, kurie padeda abiems tapti laimingesniems ???? \u017dinome kaip nelengva i\u0161gyventi ma\u017eiems verslams, tad nuo \u0161iol, \u010dia rasite ir kit\u0173, ma\u017e\u0173 \u0161eim\u0173 versl\u0173, rank\u0173 darbo, dovan\u0173 sau ir artimiesiems.\",\"publisher\":{\"@id\":\"https:\/\/skaitytaknyga.lt\/#organization\"},\"potentialAction\":[{\"@type\":\"SearchAction\",\"target\":{\"@type\":\"EntryPoint\",\"urlTemplate\":\"https:\/\/skaitytaknyga.lt\/?s={search_term_string}\"},\"query-input\":{\"@type\":\"PropertyValueSpecification\",\"valueRequired\":true,\"valueName\":\"search_term_string\"}}],\"inLanguage\":\"en-GB\"},{\"@type\":\"Organization\",\"@id\":\"https:\/\/skaitytaknyga.lt\/#organization\",\"name\":\"skaitytaknyga.lt\",\"url\":\"https:\/\/skaitytaknyga.lt\/\",\"logo\":{\"@type\":\"ImageObject\",\"inLanguage\":\"en-GB\",\"@id\":\"https:\/\/skaitytaknyga.lt\/#\/schema\/logo\/image\/\",\"url\":\"https:\/\/skaitytaknyga.lt\/wp-content\/uploads\/2024\/05\/cropped-cropped-cropped-02_00843_jt3bggkj1j3HLc7SyY6rEUpg.jpeg\",\"contentUrl\":\"https:\/\/skaitytaknyga.lt\/wp-content\/uploads\/2024\/05\/cropped-cropped-cropped-02_00843_jt3bggkj1j3HLc7SyY6rEUpg.jpeg\",\"width\":1600,\"height\":1600,\"caption\":\"skaitytaknyga.lt\"},\"image\":{\"@id\":\"https:\/\/skaitytaknyga.lt\/#\/schema\/logo\/image\/\"},\"sameAs\":[\"https:\/\/www.facebook.com\/skaitytaknyga\/\"]}]}<\/script>\n<!-- \/ Yoast SEO plugin. -->","yoast_head_json":{"title":"Diferencialinis ir integralinis skai\u010diavimas, 2 dalis (yra nedideli\u0173 defekt\u0173 i\u0161or\u0117je)","description":"Vadov\u0117lyje i\u0161d\u0117stytos paprastosios diferencialin\u0117s lygtys, eilut\u0117s, kartotiniai, kreiviniai ir pavir\u0161iniai integralai, lauko teorija, Furj\u0117 eilut\u0117s ir","robots":{"index":"index","follow":"follow","max-snippet":"max-snippet:-1","max-image-preview":"max-image-preview:large","max-video-preview":"max-video-preview:-1"},"canonical":"https:\/\/skaitytaknyga.lt\/en\/produktas\/diferencialinis-ir-integralinis-skaiciavimas-2-dalis\/","og_locale":"en_GB","og_type":"article","og_title":"[:lt]Diferencialinis ir integralinis skai\u010diavimas, 2 dalis (yra nedideli\u0173 defekt\u0173 i\u0161or\u0117je)[:] - Skaitytaknyga","og_description":"Vadov\u0117lyje i\u0161d\u0117stytos paprastosios diferencialin\u0117s lygtys, eilut\u0117s, kartotiniai, kreiviniai ir pavir\u0161iniai integralai, lauko teorija, Furj\u0117 eilut\u0117s ir","og_url":"https:\/\/skaitytaknyga.lt\/en\/produktas\/diferencialinis-ir-integralinis-skaiciavimas-2-dalis\/","og_site_name":"Skaitytaknyga","article_publisher":"https:\/\/www.facebook.com\/skaitytaknyga\/","article_modified_time":"2026-03-18T10:59:40+00:00","og_image":[{"width":551,"height":800,"url":"https:\/\/skaitytaknyga.lt\/wp-content\/uploads\/2025\/02\/Diferencialinis-ir-integralinis-skaiciavimas-2-dalis.webp","type":"image\/webp"}],"twitter_card":"summary_large_image","twitter_misc":{"Estimated reading time":"1 minute"},"schema":{"@context":"https:\/\/schema.org","@graph":[{"@type":"WebPage","@id":"https:\/\/skaitytaknyga.lt\/produktas\/diferencialinis-ir-integralinis-skaiciavimas-2-dalis\/","url":"https:\/\/skaitytaknyga.lt\/produktas\/diferencialinis-ir-integralinis-skaiciavimas-2-dalis\/","name":"Diferencialinis ir integralinis skai\u010diavimas, 2 dalis (yra nedideli\u0173 defekt\u0173 i\u0161or\u0117je)","isPartOf":{"@id":"https:\/\/skaitytaknyga.lt\/#website"},"primaryImageOfPage":{"@id":"https:\/\/skaitytaknyga.lt\/produktas\/diferencialinis-ir-integralinis-skaiciavimas-2-dalis\/#primaryimage"},"image":{"@id":"https:\/\/skaitytaknyga.lt\/produktas\/diferencialinis-ir-integralinis-skaiciavimas-2-dalis\/#primaryimage"},"thumbnailUrl":"https:\/\/skaitytaknyga.lt\/wp-content\/uploads\/2025\/02\/Diferencialinis-ir-integralinis-skaiciavimas-2-dalis.webp","datePublished":"2025-02-01T12:36:02+00:00","dateModified":"2026-03-18T10:59:40+00:00","description":"Vadov\u0117lyje i\u0161d\u0117stytos paprastosios diferencialin\u0117s lygtys, eilut\u0117s, kartotiniai, kreiviniai ir pavir\u0161iniai integralai, lauko teorija, Furj\u0117 eilut\u0117s ir","breadcrumb":{"@id":"https:\/\/skaitytaknyga.lt\/produktas\/diferencialinis-ir-integralinis-skaiciavimas-2-dalis\/#breadcrumb"},"inLanguage":"en-GB","potentialAction":[{"@type":"ReadAction","target":["https:\/\/skaitytaknyga.lt\/produktas\/diferencialinis-ir-integralinis-skaiciavimas-2-dalis\/"]}]},{"@type":"ImageObject","inLanguage":"en-GB","@id":"https:\/\/skaitytaknyga.lt\/produktas\/diferencialinis-ir-integralinis-skaiciavimas-2-dalis\/#primaryimage","url":"https:\/\/skaitytaknyga.lt\/wp-content\/uploads\/2025\/02\/Diferencialinis-ir-integralinis-skaiciavimas-2-dalis.webp","contentUrl":"https:\/\/skaitytaknyga.lt\/wp-content\/uploads\/2025\/02\/Diferencialinis-ir-integralinis-skaiciavimas-2-dalis.webp","width":551,"height":800,"caption":"Diferencialinis ir integralinis skai\u010diavimas, 2 dalis"},{"@type":"BreadcrumbList","@id":"https:\/\/skaitytaknyga.lt\/produktas\/diferencialinis-ir-integralinis-skaiciavimas-2-dalis\/#breadcrumb","itemListElement":[{"@type":"ListItem","position":1,"name":"Home","item":"https:\/\/skaitytaknyga.lt\/"},{"@type":"ListItem","position":2,"name":"Parduotuv\u0117","item":"https:\/\/skaitytaknyga.lt\/knygu-parduotuve\/"},{"@type":"ListItem","position":3,"name":"Diferencialinis ir integralinis skai\u010diavimas, 2 dalis (yra nedideli\u0173 defekt\u0173 i\u0161or\u0117je)"}]},{"@type":"WebSite","@id":"https:\/\/skaitytaknyga.lt\/#website","url":"https:\/\/skaitytaknyga.lt\/","name":"skaitytaknyga.lt","description":"Skaitytaknyga.lt \u2013 tai ma\u017eas \u0161eimos verslas, kuris prasid\u0117jo nuo meil\u0117s knygoms ir siekio i\u0161gelb\u0117ti knygas nuo likimo prie konteinerio. Kas vienam nereikalingas daiktas \u2013 kitam lobis, o mes esame tarpininkai, kurie padeda abiems tapti laimingesniems ???? \u017dinome kaip nelengva i\u0161gyventi ma\u017eiems verslams, tad nuo \u0161iol, \u010dia rasite ir kit\u0173, ma\u017e\u0173 \u0161eim\u0173 versl\u0173, rank\u0173 darbo, dovan\u0173 sau ir artimiesiems.","publisher":{"@id":"https:\/\/skaitytaknyga.lt\/#organization"},"potentialAction":[{"@type":"SearchAction","target":{"@type":"EntryPoint","urlTemplate":"https:\/\/skaitytaknyga.lt\/?s={search_term_string}"},"query-input":{"@type":"PropertyValueSpecification","valueRequired":true,"valueName":"search_term_string"}}],"inLanguage":"en-GB"},{"@type":"Organization","@id":"https:\/\/skaitytaknyga.lt\/#organization","name":"skaitytaknyga.lt","url":"https:\/\/skaitytaknyga.lt\/","logo":{"@type":"ImageObject","inLanguage":"en-GB","@id":"https:\/\/skaitytaknyga.lt\/#\/schema\/logo\/image\/","url":"https:\/\/skaitytaknyga.lt\/wp-content\/uploads\/2024\/05\/cropped-cropped-cropped-02_00843_jt3bggkj1j3HLc7SyY6rEUpg.jpeg","contentUrl":"https:\/\/skaitytaknyga.lt\/wp-content\/uploads\/2024\/05\/cropped-cropped-cropped-02_00843_jt3bggkj1j3HLc7SyY6rEUpg.jpeg","width":1600,"height":1600,"caption":"skaitytaknyga.lt"},"image":{"@id":"https:\/\/skaitytaknyga.lt\/#\/schema\/logo\/image\/"},"sameAs":["https:\/\/www.facebook.com\/skaitytaknyga\/"]}]}},"_links":{"self":[{"href":"https:\/\/skaitytaknyga.lt\/en\/wp-json\/wp\/v2\/product\/16393","targetHints":{"allow":["GET"]}}],"collection":[{"href":"https:\/\/skaitytaknyga.lt\/en\/wp-json\/wp\/v2\/product"}],"about":[{"href":"https:\/\/skaitytaknyga.lt\/en\/wp-json\/wp\/v2\/types\/product"}],"replies":[{"embeddable":true,"href":"https:\/\/skaitytaknyga.lt\/en\/wp-json\/wp\/v2\/comments?post=16393"}],"wp:featuredmedia":[{"embeddable":true,"href":"https:\/\/skaitytaknyga.lt\/en\/wp-json\/wp\/v2\/media\/16394"}],"wp:attachment":[{"href":"https:\/\/skaitytaknyga.lt\/en\/wp-json\/wp\/v2\/media?parent=16393"}],"wp:term":[{"taxonomy":"product_brand","embeddable":true,"href":"https:\/\/skaitytaknyga.lt\/en\/wp-json\/wp\/v2\/product_brand?post=16393"},{"taxonomy":"product_cat","embeddable":true,"href":"https:\/\/skaitytaknyga.lt\/en\/wp-json\/wp\/v2\/product_cat?post=16393"},{"taxonomy":"product_tag","embeddable":true,"href":"https:\/\/skaitytaknyga.lt\/en\/wp-json\/wp\/v2\/product_tag?post=16393"}],"curies":[{"name":"wp","href":"https:\/\/api.w.org\/{rel}","templated":true}]}}