{"id":16389,"date":"2025-02-01T14:32:17","date_gmt":"2025-02-01T12:32:17","guid":{"rendered":"https:\/\/skaitytaknyga.lt\/?post_type=product&#038;p=16389"},"modified":"2026-03-18T12:59:40","modified_gmt":"2026-03-18T10:59:40","slug":"matematines-analizes-uzdavinynas-1-dalis","status":"publish","type":"product","link":"https:\/\/skaitytaknyga.lt\/en\/produktas\/matematines-analizes-uzdavinynas-1-dalis\/","title":{"rendered":"Matematin\u0117s analiz\u0117s u\u017edavinynas (1 dalis)"},"content":{"rendered":"<p>U\u017edavinyne, be skai\u010diavimo u\u017eduo\u010di\u0173, nema\u017eai yra \u012frodymo u\u017eduo\u010di\u0173. Tai labai aktualu dabar, kai mokyklose beveik niekas ne\u012frodoma. Dalis u\u017eduo\u010di\u0173 yra vadinamosios \u201ekontrau\u017eduotys\u201c. Tarp u\u017eduo\u010di\u0173 yra ir gana sunki\u0173. U\u017edavinynas parengtas pagal autoriaus vadov\u0117lio \u201eMatematin\u0117 analiz\u0117 I\u201c teorin\u0119 med\u017eiag\u0105. U\u017edavinynas skiriamas pirmiausia matematikos fakultet\u0173 studentams, be to, visiems, besidomintiems matematin\u0117s analiz\u0117s gilesn\u0117mis \u017einiomis.<\/p>\n","protected":false},"excerpt":{"rendered":"<p>U\u017edavinyne, be skai\u010diavimo u\u017eduo\u010di\u0173, nema\u017eai yra \u012frodymo u\u017eduo\u010di\u0173. Tai labai aktualu dabar, kai mokyklose beveik niekas ne\u012frodoma. Dalis u\u017eduo\u010di\u0173 yra vadinamosios \u201ekontrau\u017eduotys\u201c. Tarp u\u017eduo\u010di\u0173 yra ir gana sunki\u0173. U\u017edavinynas parengtas pagal autoriaus vadov\u0117lio \u201eMatematin\u0117 analiz\u0117 I\u201c teorin\u0119 med\u017eiag\u0105. U\u017edavinynas skiriamas pirmiausia matematikos fakultet\u0173 studentams, be to, visiems, besidomintiems matematin\u0117s analiz\u0117s gilesn\u0117mis \u017einiomis.<\/p>\n","protected":false},"featured_media":16390,"comment_status":"closed","ping_status":"closed","template":"","meta":{"_acf_changed":false,"site-sidebar-layout":"default","site-content-layout":"","ast-site-content-layout":"default","site-content-style":"default","site-sidebar-style":"default","ast-global-header-display":"","ast-banner-title-visibility":"","ast-main-header-display":"","ast-hfb-above-header-display":"","ast-hfb-below-header-display":"","ast-hfb-mobile-header-display":"","site-post-title":"","ast-breadcrumbs-content":"","ast-featured-img":"","footer-sml-layout":"","ast-disable-related-posts":"","theme-transparent-header-meta":"default","adv-header-id-meta":"","stick-header-meta":"","header-above-stick-meta":"","header-main-stick-meta":"","header-below-stick-meta":"","astra-migrate-meta-layouts":"set","ast-page-background-enabled":"default","ast-page-background-meta":{"desktop":{"background-color":"","background-image":"","background-repeat":"repeat","background-position":"center center","background-size":"auto","background-attachment":"scroll","background-type":"","background-media":"","overlay-type":"","overlay-color":"","overlay-opacity":"","overlay-gradient":""},"tablet":{"background-color":"","background-image":"","background-repeat":"repeat","background-position":"center center","background-size":"auto","background-attachment":"scroll","background-type":"","background-media":"","overlay-type":"","overlay-color":"","overlay-opacity":"","overlay-gradient":""},"mobile":{"background-color":"","background-image":"","background-repeat":"repeat","background-position":"center center","background-size":"auto","background-attachment":"scroll","background-type":"","background-media":"","overlay-type":"","overlay-color":"","overlay-opacity":"","overlay-gradient":""}},"ast-content-background-meta":{"desktop":{"background-color":"var(--ast-global-color-4)","background-image":"","background-repeat":"repeat","background-position":"center center","background-size":"auto","background-attachment":"scroll","background-type":"","background-media":"","overlay-type":"","overlay-color":"","overlay-opacity":"","overlay-gradient":""},"tablet":{"background-color":"var(--ast-global-color-4)","background-image":"","background-repeat":"repeat","background-position":"center center","background-size":"auto","background-attachment":"scroll","background-type":"","background-media":"","overlay-type":"","overlay-color":"","overlay-opacity":"","overlay-gradient":""},"mobile":{"background-color":"var(--ast-global-color-4)","background-image":"","background-repeat":"repeat","background-position":"center center","background-size":"auto","background-attachment":"scroll","background-type":"","background-media":"","overlay-type":"","overlay-color":"","overlay-opacity":"","overlay-gradient":""}}},"product_brand":[],"product_cat":[9850,269],"product_tag":[],"class_list":{"0":"post-16389","1":"product","2":"type-product","3":"status-publish","4":"has-post-thumbnail","6":"product_cat-fizika-chemija-matematika","7":"product_cat-gamtos-mokslai","8":"desktop-align-left","9":"tablet-align-left","10":"mobile-align-left","12":"first","13":"instock","14":"shipping-taxable","15":"purchasable","16":"product-type-simple"},"acf":[],"yoast_head":"<!-- This site is optimized with the Yoast SEO plugin v27.0 - https:\/\/yoast.com\/product\/yoast-seo-wordpress\/ -->\n<title>Matematin\u0117s analiz\u0117s u\u017edavinynas (1 dalis)<\/title>\n<meta name=\"description\" content=\"U\u017edavinyne, be skai\u010diavimo u\u017eduo\u010di\u0173, nema\u017eai yra \u012frodymo u\u017eduo\u010di\u0173. Tai labai aktualu dabar, kai mokyklose beveik niekas ne\u012frodoma. Dalis u\u017eduo\u010di\u0173 yra\" \/>\n<meta name=\"robots\" content=\"index, follow, max-snippet:-1, max-image-preview:large, max-video-preview:-1\" \/>\n<link rel=\"canonical\" href=\"https:\/\/skaitytaknyga.lt\/en\/produktas\/matematines-analizes-uzdavinynas-1-dalis\/\" \/>\n<meta property=\"og:locale\" content=\"en_GB\" \/>\n<meta property=\"og:locale:alternate\" content=\"lt_LT\" \/>\n<meta property=\"og:type\" content=\"article\" \/>\n<meta property=\"og:title\" content=\"Matematin\u0117s analiz\u0117s u\u017edavinynas (1 dalis)\" \/>\n<meta property=\"og:description\" content=\"U\u017edavinyne, be skai\u010diavimo u\u017eduo\u010di\u0173, nema\u017eai yra \u012frodymo u\u017eduo\u010di\u0173. Tai labai aktualu dabar, kai mokyklose beveik niekas ne\u012frodoma. Dalis u\u017eduo\u010di\u0173 yra\" \/>\n<meta property=\"og:url\" content=\"https:\/\/skaitytaknyga.lt\/en\/produktas\/matematines-analizes-uzdavinynas-1-dalis\/\" \/>\n<meta property=\"og:site_name\" content=\"Skaitytaknyga\" \/>\n<meta property=\"article:publisher\" content=\"https:\/\/www.facebook.com\/skaitytaknyga\/\" \/>\n<meta property=\"article:modified_time\" content=\"2026-03-18T10:59:40+00:00\" \/>\n<meta property=\"og:image\" content=\"https:\/\/skaitytaknyga.lt\/wp-content\/uploads\/2025\/02\/Matematines-analizes-uzdavinynas-e1738413223979.jpg\" \/>\n\t<meta property=\"og:image:width\" content=\"352\" \/>\n\t<meta property=\"og:image:height\" content=\"512\" \/>\n\t<meta property=\"og:image:type\" content=\"image\/jpeg\" \/>\n<meta name=\"twitter:card\" content=\"summary_large_image\" \/>\n<meta name=\"twitter:label1\" content=\"Estimated reading time\" \/>\n\t<meta name=\"twitter:data1\" content=\"1 minute\" \/>\n<script type=\"application\/ld+json\" class=\"yoast-schema-graph\">{\"@context\":\"https:\/\/schema.org\",\"@graph\":[{\"@type\":\"WebPage\",\"@id\":\"https:\/\/skaitytaknyga.lt\/produktas\/matematines-analizes-uzdavinynas-1-dalis\/\",\"url\":\"https:\/\/skaitytaknyga.lt\/produktas\/matematines-analizes-uzdavinynas-1-dalis\/\",\"name\":\"Matematin\u0117s analiz\u0117s u\u017edavinynas (1 dalis)\",\"isPartOf\":{\"@id\":\"https:\/\/skaitytaknyga.lt\/#website\"},\"primaryImageOfPage\":{\"@id\":\"https:\/\/skaitytaknyga.lt\/produktas\/matematines-analizes-uzdavinynas-1-dalis\/#primaryimage\"},\"image\":{\"@id\":\"https:\/\/skaitytaknyga.lt\/produktas\/matematines-analizes-uzdavinynas-1-dalis\/#primaryimage\"},\"thumbnailUrl\":\"https:\/\/skaitytaknyga.lt\/wp-content\/uploads\/2025\/02\/Matematines-analizes-uzdavinynas-e1738413223979.jpg\",\"datePublished\":\"2025-02-01T12:32:17+00:00\",\"dateModified\":\"2026-03-18T10:59:40+00:00\",\"description\":\"U\u017edavinyne, be skai\u010diavimo u\u017eduo\u010di\u0173, nema\u017eai yra \u012frodymo u\u017eduo\u010di\u0173. Tai labai aktualu dabar, kai mokyklose beveik niekas ne\u012frodoma. Dalis u\u017eduo\u010di\u0173 yra\",\"breadcrumb\":{\"@id\":\"https:\/\/skaitytaknyga.lt\/produktas\/matematines-analizes-uzdavinynas-1-dalis\/#breadcrumb\"},\"inLanguage\":\"en-GB\",\"potentialAction\":[{\"@type\":\"ReadAction\",\"target\":[\"https:\/\/skaitytaknyga.lt\/produktas\/matematines-analizes-uzdavinynas-1-dalis\/\"]}]},{\"@type\":\"ImageObject\",\"inLanguage\":\"en-GB\",\"@id\":\"https:\/\/skaitytaknyga.lt\/produktas\/matematines-analizes-uzdavinynas-1-dalis\/#primaryimage\",\"url\":\"https:\/\/skaitytaknyga.lt\/wp-content\/uploads\/2025\/02\/Matematines-analizes-uzdavinynas-e1738413223979.jpg\",\"contentUrl\":\"https:\/\/skaitytaknyga.lt\/wp-content\/uploads\/2025\/02\/Matematines-analizes-uzdavinynas-e1738413223979.jpg\",\"width\":352,\"height\":512,\"caption\":\"Matematin\u0117s analiz\u0117s u\u017edavinynas\"},{\"@type\":\"BreadcrumbList\",\"@id\":\"https:\/\/skaitytaknyga.lt\/produktas\/matematines-analizes-uzdavinynas-1-dalis\/#breadcrumb\",\"itemListElement\":[{\"@type\":\"ListItem\",\"position\":1,\"name\":\"Home\",\"item\":\"https:\/\/skaitytaknyga.lt\/\"},{\"@type\":\"ListItem\",\"position\":2,\"name\":\"Parduotuv\u0117\",\"item\":\"https:\/\/skaitytaknyga.lt\/knygu-parduotuve\/\"},{\"@type\":\"ListItem\",\"position\":3,\"name\":\"Matematin\u0117s analiz\u0117s u\u017edavinynas (1 dalis)\"}]},{\"@type\":\"WebSite\",\"@id\":\"https:\/\/skaitytaknyga.lt\/#website\",\"url\":\"https:\/\/skaitytaknyga.lt\/\",\"name\":\"skaitytaknyga.lt\",\"description\":\"Skaitytaknyga.lt \u2013 tai ma\u017eas \u0161eimos verslas, kuris prasid\u0117jo nuo meil\u0117s knygoms ir siekio i\u0161gelb\u0117ti knygas nuo likimo prie konteinerio. Kas vienam nereikalingas daiktas \u2013 kitam lobis, o mes esame tarpininkai, kurie padeda abiems tapti laimingesniems ???? \u017dinome kaip nelengva i\u0161gyventi ma\u017eiems verslams, tad nuo \u0161iol, \u010dia rasite ir kit\u0173, ma\u017e\u0173 \u0161eim\u0173 versl\u0173, rank\u0173 darbo, dovan\u0173 sau ir artimiesiems.\",\"publisher\":{\"@id\":\"https:\/\/skaitytaknyga.lt\/#organization\"},\"potentialAction\":[{\"@type\":\"SearchAction\",\"target\":{\"@type\":\"EntryPoint\",\"urlTemplate\":\"https:\/\/skaitytaknyga.lt\/?s={search_term_string}\"},\"query-input\":{\"@type\":\"PropertyValueSpecification\",\"valueRequired\":true,\"valueName\":\"search_term_string\"}}],\"inLanguage\":\"en-GB\"},{\"@type\":\"Organization\",\"@id\":\"https:\/\/skaitytaknyga.lt\/#organization\",\"name\":\"skaitytaknyga.lt\",\"url\":\"https:\/\/skaitytaknyga.lt\/\",\"logo\":{\"@type\":\"ImageObject\",\"inLanguage\":\"en-GB\",\"@id\":\"https:\/\/skaitytaknyga.lt\/#\/schema\/logo\/image\/\",\"url\":\"https:\/\/skaitytaknyga.lt\/wp-content\/uploads\/2024\/05\/cropped-cropped-cropped-02_00843_jt3bggkj1j3HLc7SyY6rEUpg.jpeg\",\"contentUrl\":\"https:\/\/skaitytaknyga.lt\/wp-content\/uploads\/2024\/05\/cropped-cropped-cropped-02_00843_jt3bggkj1j3HLc7SyY6rEUpg.jpeg\",\"width\":1600,\"height\":1600,\"caption\":\"skaitytaknyga.lt\"},\"image\":{\"@id\":\"https:\/\/skaitytaknyga.lt\/#\/schema\/logo\/image\/\"},\"sameAs\":[\"https:\/\/www.facebook.com\/skaitytaknyga\/\"]}]}<\/script>\n<!-- \/ Yoast SEO plugin. -->","yoast_head_json":{"title":"Matematin\u0117s analiz\u0117s u\u017edavinynas (1 dalis)","description":"U\u017edavinyne, be skai\u010diavimo u\u017eduo\u010di\u0173, nema\u017eai yra \u012frodymo u\u017eduo\u010di\u0173. Tai labai aktualu dabar, kai mokyklose beveik niekas ne\u012frodoma. Dalis u\u017eduo\u010di\u0173 yra","robots":{"index":"index","follow":"follow","max-snippet":"max-snippet:-1","max-image-preview":"max-image-preview:large","max-video-preview":"max-video-preview:-1"},"canonical":"https:\/\/skaitytaknyga.lt\/en\/produktas\/matematines-analizes-uzdavinynas-1-dalis\/","og_locale":"en_GB","og_type":"article","og_title":"[:lt]Matematin\u0117s analiz\u0117s u\u017edavinynas (1 dalis)[:] - Skaitytaknyga","og_description":"U\u017edavinyne, be skai\u010diavimo u\u017eduo\u010di\u0173, nema\u017eai yra \u012frodymo u\u017eduo\u010di\u0173. Tai labai aktualu dabar, kai mokyklose beveik niekas ne\u012frodoma. Dalis u\u017eduo\u010di\u0173 yra","og_url":"https:\/\/skaitytaknyga.lt\/en\/produktas\/matematines-analizes-uzdavinynas-1-dalis\/","og_site_name":"Skaitytaknyga","article_publisher":"https:\/\/www.facebook.com\/skaitytaknyga\/","article_modified_time":"2026-03-18T10:59:40+00:00","og_image":[{"width":352,"height":512,"url":"https:\/\/skaitytaknyga.lt\/wp-content\/uploads\/2025\/02\/Matematines-analizes-uzdavinynas-e1738413223979.jpg","type":"image\/jpeg"}],"twitter_card":"summary_large_image","twitter_misc":{"Estimated reading time":"1 minute"},"schema":{"@context":"https:\/\/schema.org","@graph":[{"@type":"WebPage","@id":"https:\/\/skaitytaknyga.lt\/produktas\/matematines-analizes-uzdavinynas-1-dalis\/","url":"https:\/\/skaitytaknyga.lt\/produktas\/matematines-analizes-uzdavinynas-1-dalis\/","name":"Matematin\u0117s analiz\u0117s u\u017edavinynas (1 dalis)","isPartOf":{"@id":"https:\/\/skaitytaknyga.lt\/#website"},"primaryImageOfPage":{"@id":"https:\/\/skaitytaknyga.lt\/produktas\/matematines-analizes-uzdavinynas-1-dalis\/#primaryimage"},"image":{"@id":"https:\/\/skaitytaknyga.lt\/produktas\/matematines-analizes-uzdavinynas-1-dalis\/#primaryimage"},"thumbnailUrl":"https:\/\/skaitytaknyga.lt\/wp-content\/uploads\/2025\/02\/Matematines-analizes-uzdavinynas-e1738413223979.jpg","datePublished":"2025-02-01T12:32:17+00:00","dateModified":"2026-03-18T10:59:40+00:00","description":"U\u017edavinyne, be skai\u010diavimo u\u017eduo\u010di\u0173, nema\u017eai yra \u012frodymo u\u017eduo\u010di\u0173. Tai labai aktualu dabar, kai mokyklose beveik niekas ne\u012frodoma. Dalis u\u017eduo\u010di\u0173 yra","breadcrumb":{"@id":"https:\/\/skaitytaknyga.lt\/produktas\/matematines-analizes-uzdavinynas-1-dalis\/#breadcrumb"},"inLanguage":"en-GB","potentialAction":[{"@type":"ReadAction","target":["https:\/\/skaitytaknyga.lt\/produktas\/matematines-analizes-uzdavinynas-1-dalis\/"]}]},{"@type":"ImageObject","inLanguage":"en-GB","@id":"https:\/\/skaitytaknyga.lt\/produktas\/matematines-analizes-uzdavinynas-1-dalis\/#primaryimage","url":"https:\/\/skaitytaknyga.lt\/wp-content\/uploads\/2025\/02\/Matematines-analizes-uzdavinynas-e1738413223979.jpg","contentUrl":"https:\/\/skaitytaknyga.lt\/wp-content\/uploads\/2025\/02\/Matematines-analizes-uzdavinynas-e1738413223979.jpg","width":352,"height":512,"caption":"Matematin\u0117s analiz\u0117s u\u017edavinynas"},{"@type":"BreadcrumbList","@id":"https:\/\/skaitytaknyga.lt\/produktas\/matematines-analizes-uzdavinynas-1-dalis\/#breadcrumb","itemListElement":[{"@type":"ListItem","position":1,"name":"Home","item":"https:\/\/skaitytaknyga.lt\/"},{"@type":"ListItem","position":2,"name":"Parduotuv\u0117","item":"https:\/\/skaitytaknyga.lt\/knygu-parduotuve\/"},{"@type":"ListItem","position":3,"name":"Matematin\u0117s analiz\u0117s u\u017edavinynas (1 dalis)"}]},{"@type":"WebSite","@id":"https:\/\/skaitytaknyga.lt\/#website","url":"https:\/\/skaitytaknyga.lt\/","name":"skaitytaknyga.lt","description":"Skaitytaknyga.lt \u2013 tai ma\u017eas \u0161eimos verslas, kuris prasid\u0117jo nuo meil\u0117s knygoms ir siekio i\u0161gelb\u0117ti knygas nuo likimo prie konteinerio. Kas vienam nereikalingas daiktas \u2013 kitam lobis, o mes esame tarpininkai, kurie padeda abiems tapti laimingesniems ???? \u017dinome kaip nelengva i\u0161gyventi ma\u017eiems verslams, tad nuo \u0161iol, \u010dia rasite ir kit\u0173, ma\u017e\u0173 \u0161eim\u0173 versl\u0173, rank\u0173 darbo, dovan\u0173 sau ir artimiesiems.","publisher":{"@id":"https:\/\/skaitytaknyga.lt\/#organization"},"potentialAction":[{"@type":"SearchAction","target":{"@type":"EntryPoint","urlTemplate":"https:\/\/skaitytaknyga.lt\/?s={search_term_string}"},"query-input":{"@type":"PropertyValueSpecification","valueRequired":true,"valueName":"search_term_string"}}],"inLanguage":"en-GB"},{"@type":"Organization","@id":"https:\/\/skaitytaknyga.lt\/#organization","name":"skaitytaknyga.lt","url":"https:\/\/skaitytaknyga.lt\/","logo":{"@type":"ImageObject","inLanguage":"en-GB","@id":"https:\/\/skaitytaknyga.lt\/#\/schema\/logo\/image\/","url":"https:\/\/skaitytaknyga.lt\/wp-content\/uploads\/2024\/05\/cropped-cropped-cropped-02_00843_jt3bggkj1j3HLc7SyY6rEUpg.jpeg","contentUrl":"https:\/\/skaitytaknyga.lt\/wp-content\/uploads\/2024\/05\/cropped-cropped-cropped-02_00843_jt3bggkj1j3HLc7SyY6rEUpg.jpeg","width":1600,"height":1600,"caption":"skaitytaknyga.lt"},"image":{"@id":"https:\/\/skaitytaknyga.lt\/#\/schema\/logo\/image\/"},"sameAs":["https:\/\/www.facebook.com\/skaitytaknyga\/"]}]}},"_links":{"self":[{"href":"https:\/\/skaitytaknyga.lt\/en\/wp-json\/wp\/v2\/product\/16389","targetHints":{"allow":["GET"]}}],"collection":[{"href":"https:\/\/skaitytaknyga.lt\/en\/wp-json\/wp\/v2\/product"}],"about":[{"href":"https:\/\/skaitytaknyga.lt\/en\/wp-json\/wp\/v2\/types\/product"}],"replies":[{"embeddable":true,"href":"https:\/\/skaitytaknyga.lt\/en\/wp-json\/wp\/v2\/comments?post=16389"}],"wp:featuredmedia":[{"embeddable":true,"href":"https:\/\/skaitytaknyga.lt\/en\/wp-json\/wp\/v2\/media\/16390"}],"wp:attachment":[{"href":"https:\/\/skaitytaknyga.lt\/en\/wp-json\/wp\/v2\/media?parent=16389"}],"wp:term":[{"taxonomy":"product_brand","embeddable":true,"href":"https:\/\/skaitytaknyga.lt\/en\/wp-json\/wp\/v2\/product_brand?post=16389"},{"taxonomy":"product_cat","embeddable":true,"href":"https:\/\/skaitytaknyga.lt\/en\/wp-json\/wp\/v2\/product_cat?post=16389"},{"taxonomy":"product_tag","embeddable":true,"href":"https:\/\/skaitytaknyga.lt\/en\/wp-json\/wp\/v2\/product_tag?post=16389"}],"curies":[{"name":"wp","href":"https:\/\/api.w.org\/{rel}","templated":true}]}}