{"id":16387,"date":"2025-02-01T14:27:37","date_gmt":"2025-02-01T12:27:37","guid":{"rendered":"https:\/\/skaitytaknyga.lt\/?post_type=product&#038;p=16387"},"modified":"2026-03-18T14:59:50","modified_gmt":"2026-03-18T12:59:50","slug":"senosios-lietuvos-istorija-1009-1795","status":"publish","type":"product","link":"https:\/\/skaitytaknyga.lt\/en\/produktas\/senosios-lietuvos-istorija-1009-1795\/","title":{"rendered":"Senosios Lietuvos istorija. 1009 &#8211; 1795"},"content":{"rendered":"<p>Tai knyga apie Lietuvos praeit\u012f, skirta visiems: patrauklus, intriguojantis pasakojimas ir gausios tekst\u0105 papildan\u010dios iliustracijos tur\u0117t\u0173 patraukti moksleivius ar \u0161iaip istorija besidomin\u010dius skaitytojus, o istorinio tyrimo svarumas \u2013 akademin\u012f jaunim\u0105, specialistus.<\/p>\n<p>Garsus istorikas Lietuvos Did\u017eiosios Kunigaik\u0161tijos politin\u0119, socialin\u0119, kult\u016bros istorij\u0105 pateikia bendrame Europos bei regiono kontekste. Autorius vykusiai pasinaudojo publikuotais Lietuvos istorijos tyrin\u0117jimais, laiko patikrintomis koncepcijomis ir pateik\u0117 nauj\u0105 istorijos samprat\u0105.<\/p>\n<p>Knyga i\u0161siskiria ne vien vaizd\u0173 gausa (j\u0173 yra apie 1400) \u2013 nema\u017ea j\u0173 skelbiama pirm\u0105kart. Ir vaizdai, ir dokumentai pateikti didakti\u0161kai &#8220;apdoroti&#8221;, su komentarais \u2013 taip jiems suteikiamas tarpininko tarp skaitytojo ir praeities statusas. Dalis vaizdin\u0117s med\u017eiagos \u2013 rekonstrukcij\u0173, schem\u0173 ir diagram\u0173, apie 100 kartoschem\u0173 \u2013 leidiniui buvo sukonstruota specialiai.<\/p>\n<p>Dar vienas knygos ypatumas \u2013 temai skiriamas vienas atvartas. Skaitytojui neprimetama prievol\u0117 skaityti vis\u0105 leidin\u012f i\u0161tisai, o prie\u0161ingai \u2013 suteikiama galimyb\u0117 vartant atsirinkti aktualius siu\u017eetus.<br \/>\n\u201eLietuvos istorij\u0105 pateikti vaizdais &#8211; unikalus ir puikiai \u012fgyvendintas Alfredo Bumblausko sumanymas. Pana\u0161i\u0173 leidini\u0173 yra kaimynin\u0117se \u0161alyse, ta\u010diau paprastai j\u0173 autoriai &#8211; neprofesional\u016bs istorikai, tod\u0117l j\u0173 knygos virto iliustruot\u0173 istorini\u0173 siu\u017eet\u0173 rinkiniais.<\/p>\n<p>\u201eSenosios Lietuvos istorijos\u201c autoriui pavyko padaryti tai, apie k\u0105 pastaraisiais metais kar\u0161tai diskutuoja \u012fvairi\u0173 \u0161ali\u0173 istorikai. Bumblausko knyga i\u0161siskiria ne vien vaizd\u0173 gausa ir tuo, kad nema\u017ea j\u0173 \u010dia skelbiama pirm\u0105kart: lygiai svarbus jos bruo\u017eas &#8211; istorinio tyrimo svarumas. Turime ne vien lietuvi\u0173, bet visos LDK istorij\u0105.\u201c<\/p>\n<ul class=\"about-product d-none d-xl-block mt-4\">\n<li><strong>Autorius:<\/strong>\u00a0Alfredas Bumblauskas<\/li>\n<li><strong>Leid\u0117jas:<\/strong>\u00a0R. Paknio leidykla<\/li>\n<li><strong>Metai:<\/strong>\u00a02005<\/li>\n<li><strong>Puslapiai:<\/strong>\u00a0488<\/li>\n<li class=\"toggleable type-new-formats \"><strong>ISBN:<\/strong>\u00a09789986830894<\/li>\n<li class=\"toggleable type-new-formats \"><strong>Formatas:<\/strong>\u00a023 x 29 cm, kieti vir\u0161eliai<\/li>\n<li><strong>Kalba:<\/strong>\u00a0Lietuvi\u0173<\/li>\n<\/ul>\n","protected":false},"excerpt":{"rendered":"<p>Tai knyga apie Lietuvos praeit\u012f, skirta visiems: patrauklus, intriguojantis pasakojimas ir gausios tekst\u0105 papildan\u010dios iliustracijos tur\u0117t\u0173 patraukti moksleivius ar \u0161iaip istorija besidomin\u010dius skaitytojus, o istorinio tyrimo svarumas \u2013 akademin\u012f jaunim\u0105, specialistus. Garsus istorikas Lietuvos Did\u017eiosios Kunigaik\u0161tijos politin\u0119, socialin\u0119, kult\u016bros istorij\u0105 pateikia bendrame Europos bei regiono kontekste. Autorius vykusiai pasinaudojo publikuotais Lietuvos istorijos tyrin\u0117jimais, laiko patikrintomis koncepcijomis ir pateik\u0117 nauj\u0105 istorijos samprat\u0105. Knyga i\u0161siskiria ne vien vaizd\u0173 gausa (j\u0173 yra apie 1400) \u2013 nema\u017ea j\u0173 skelbiama pirm\u0105kart. Ir vaizdai, ir dokumentai pateikti didakti\u0161kai &#8220;apdoroti&#8221;, su komentarais \u2013 taip jiems suteikiamas tarpininko tarp skaitytojo ir praeities statusas. Dalis vaizdin\u0117s med\u017eiagos \u2013 rekonstrukcij\u0173, schem\u0173 ir diagram\u0173, apie 100 kartoschem\u0173 \u2013 leidiniui buvo sukonstruota specialiai. Dar vienas knygos ypatumas \u2013 temai skiriamas vienas atvartas. Skaitytojui neprimetama prievol\u0117 skaityti vis\u0105 leidin\u012f i\u0161tisai, o prie\u0161ingai \u2013 suteikiama galimyb\u0117 vartant atsirinkti aktualius siu\u017eetus. \u201eLietuvos istorij\u0105 pateikti vaizdais &#8211; unikalus ir puikiai \u012fgyvendintas Alfredo Bumblausko sumanymas. Pana\u0161i\u0173 leidini\u0173 yra kaimynin\u0117se \u0161alyse, ta\u010diau paprastai j\u0173 autoriai &#8211; neprofesional\u016bs istorikai, tod\u0117l j\u0173 knygos virto iliustruot\u0173 istorini\u0173 siu\u017eet\u0173 rinkiniais. \u201eSenosios Lietuvos istorijos\u201c autoriui pavyko padaryti tai, apie k\u0105 pastaraisiais metais kar\u0161tai diskutuoja \u012fvairi\u0173 \u0161ali\u0173 istorikai. Bumblausko knyga i\u0161siskiria ne vien vaizd\u0173 gausa ir tuo, kad nema\u017ea j\u0173 \u010dia skelbiama pirm\u0105kart: lygiai svarbus jos bruo\u017eas &#8211; istorinio tyrimo svarumas. Turime ne vien lietuvi\u0173, bet visos LDK istorij\u0105.\u201c Autorius:\u00a0Alfredas Bumblauskas Leid\u0117jas:\u00a0R. Paknio leidykla Metai:\u00a02005 Puslapiai:\u00a0488 ISBN:\u00a09789986830894 Formatas:\u00a023 x 29 cm, kieti vir\u0161eliai Kalba:\u00a0Lietuvi\u0173<\/p>\n","protected":false},"featured_media":16388,"comment_status":"closed","ping_status":"closed","template":"","meta":{"_acf_changed":false,"site-sidebar-layout":"default","site-content-layout":"","ast-site-content-layout":"default","site-content-style":"default","site-sidebar-style":"default","ast-global-header-display":"","ast-banner-title-visibility":"","ast-main-header-display":"","ast-hfb-above-header-display":"","ast-hfb-below-header-display":"","ast-hfb-mobile-header-display":"","site-post-title":"","ast-breadcrumbs-content":"","ast-featured-img":"","footer-sml-layout":"","ast-disable-related-posts":"","theme-transparent-header-meta":"default","adv-header-id-meta":"","stick-header-meta":"","header-above-stick-meta":"","header-main-stick-meta":"","header-below-stick-meta":"","astra-migrate-meta-layouts":"set","ast-page-background-enabled":"default","ast-page-background-meta":{"desktop":{"background-color":"","background-image":"","background-repeat":"repeat","background-position":"center center","background-size":"auto","background-attachment":"scroll","background-type":"","background-media":"","overlay-type":"","overlay-color":"","overlay-opacity":"","overlay-gradient":""},"tablet":{"background-color":"","background-image":"","background-repeat":"repeat","background-position":"center center","background-size":"auto","background-attachment":"scroll","background-type":"","background-media":"","overlay-type":"","overlay-color":"","overlay-opacity":"","overlay-gradient":""},"mobile":{"background-color":"","background-image":"","background-repeat":"repeat","background-position":"center center","background-size":"auto","background-attachment":"scroll","background-type":"","background-media":"","overlay-type":"","overlay-color":"","overlay-opacity":"","overlay-gradient":""}},"ast-content-background-meta":{"desktop":{"background-color":"var(--ast-global-color-4)","background-image":"","background-repeat":"repeat","background-position":"center center","background-size":"auto","background-attachment":"scroll","background-type":"","background-media":"","overlay-type":"","overlay-color":"","overlay-opacity":"","overlay-gradient":""},"tablet":{"background-color":"var(--ast-global-color-4)","background-image":"","background-repeat":"repeat","background-position":"center center","background-size":"auto","background-attachment":"scroll","background-type":"","background-media":"","overlay-type":"","overlay-color":"","overlay-opacity":"","overlay-gradient":""},"mobile":{"background-color":"var(--ast-global-color-4)","background-image":"","background-repeat":"repeat","background-position":"center center","background-size":"auto","background-attachment":"scroll","background-type":"","background-media":"","overlay-type":"","overlay-color":"","overlay-opacity":"","overlay-gradient":""}}},"product_brand":[],"product_cat":[9862,174],"product_tag":[],"class_list":{"0":"post-16387","1":"product","2":"type-product","3":"status-publish","4":"has-post-thumbnail","6":"product_cat-lietuvos-istorija","7":"product_cat-istorija-ir-politologija","8":"desktop-align-left","9":"tablet-align-left","10":"mobile-align-left","12":"first","13":"instock","14":"shipping-taxable","15":"purchasable","16":"product-type-simple"},"acf":[],"yoast_head":"<!-- This site is optimized with the Yoast SEO plugin v27.0 - https:\/\/yoast.com\/product\/yoast-seo-wordpress\/ -->\n<title>Senosios Lietuvos istorija. 1009 - 1795<\/title>\n<meta name=\"description\" content=\"Tai knyga apie Lietuvos praeit\u012f, skirta visiems: patrauklus, intriguojantis pasakojimas ir gausios tekst\u0105 papildan\u010dios iliustracijos tur\u0117t\u0173 patraukti\" \/>\n<meta name=\"robots\" content=\"index, follow, max-snippet:-1, max-image-preview:large, max-video-preview:-1\" \/>\n<link rel=\"canonical\" href=\"https:\/\/skaitytaknyga.lt\/en\/produktas\/senosios-lietuvos-istorija-1009-1795\/\" \/>\n<meta property=\"og:locale\" content=\"en_GB\" \/>\n<meta property=\"og:locale:alternate\" content=\"lt_LT\" \/>\n<meta property=\"og:type\" content=\"article\" \/>\n<meta property=\"og:title\" content=\"Senosios Lietuvos istorija. 1009 - 1795\" \/>\n<meta property=\"og:description\" content=\"Tai knyga apie Lietuvos praeit\u012f, skirta visiems: patrauklus, intriguojantis pasakojimas ir gausios tekst\u0105 papildan\u010dios iliustracijos tur\u0117t\u0173 patraukti\" \/>\n<meta property=\"og:url\" content=\"https:\/\/skaitytaknyga.lt\/en\/produktas\/senosios-lietuvos-istorija-1009-1795\/\" \/>\n<meta property=\"og:site_name\" content=\"Skaitytaknyga\" \/>\n<meta property=\"article:publisher\" content=\"https:\/\/www.facebook.com\/skaitytaknyga\/\" \/>\n<meta property=\"article:modified_time\" content=\"2026-03-18T12:59:50+00:00\" \/>\n<meta property=\"og:image\" content=\"https:\/\/skaitytaknyga.lt\/wp-content\/uploads\/2025\/02\/Senosios-Lietuvos-istorija.-1009-1795.webp\" \/>\n\t<meta property=\"og:image:width\" content=\"568\" \/>\n\t<meta property=\"og:image:height\" content=\"800\" \/>\n\t<meta property=\"og:image:type\" content=\"image\/webp\" \/>\n<meta name=\"twitter:card\" content=\"summary_large_image\" \/>\n<meta name=\"twitter:label1\" content=\"Estimated reading time\" \/>\n\t<meta name=\"twitter:data1\" content=\"2 minutes\" \/>\n<script type=\"application\/ld+json\" class=\"yoast-schema-graph\">{\"@context\":\"https:\/\/schema.org\",\"@graph\":[{\"@type\":\"WebPage\",\"@id\":\"https:\/\/skaitytaknyga.lt\/produktas\/senosios-lietuvos-istorija-1009-1795\/\",\"url\":\"https:\/\/skaitytaknyga.lt\/produktas\/senosios-lietuvos-istorija-1009-1795\/\",\"name\":\"Senosios Lietuvos istorija. 1009 - 1795\",\"isPartOf\":{\"@id\":\"https:\/\/skaitytaknyga.lt\/#website\"},\"primaryImageOfPage\":{\"@id\":\"https:\/\/skaitytaknyga.lt\/produktas\/senosios-lietuvos-istorija-1009-1795\/#primaryimage\"},\"image\":{\"@id\":\"https:\/\/skaitytaknyga.lt\/produktas\/senosios-lietuvos-istorija-1009-1795\/#primaryimage\"},\"thumbnailUrl\":\"https:\/\/skaitytaknyga.lt\/wp-content\/uploads\/2025\/02\/Senosios-Lietuvos-istorija.-1009-1795.webp\",\"datePublished\":\"2025-02-01T12:27:37+00:00\",\"dateModified\":\"2026-03-18T12:59:50+00:00\",\"description\":\"Tai knyga apie Lietuvos praeit\u012f, skirta visiems: patrauklus, intriguojantis pasakojimas ir gausios tekst\u0105 papildan\u010dios iliustracijos tur\u0117t\u0173 patraukti\",\"breadcrumb\":{\"@id\":\"https:\/\/skaitytaknyga.lt\/produktas\/senosios-lietuvos-istorija-1009-1795\/#breadcrumb\"},\"inLanguage\":\"en-GB\",\"potentialAction\":[{\"@type\":\"ReadAction\",\"target\":[\"https:\/\/skaitytaknyga.lt\/produktas\/senosios-lietuvos-istorija-1009-1795\/\"]}]},{\"@type\":\"ImageObject\",\"inLanguage\":\"en-GB\",\"@id\":\"https:\/\/skaitytaknyga.lt\/produktas\/senosios-lietuvos-istorija-1009-1795\/#primaryimage\",\"url\":\"https:\/\/skaitytaknyga.lt\/wp-content\/uploads\/2025\/02\/Senosios-Lietuvos-istorija.-1009-1795.webp\",\"contentUrl\":\"https:\/\/skaitytaknyga.lt\/wp-content\/uploads\/2025\/02\/Senosios-Lietuvos-istorija.-1009-1795.webp\",\"width\":568,\"height\":800,\"caption\":\"Senosios Lietuvos istorija. 1009 - 1795\"},{\"@type\":\"BreadcrumbList\",\"@id\":\"https:\/\/skaitytaknyga.lt\/produktas\/senosios-lietuvos-istorija-1009-1795\/#breadcrumb\",\"itemListElement\":[{\"@type\":\"ListItem\",\"position\":1,\"name\":\"Home\",\"item\":\"https:\/\/skaitytaknyga.lt\/\"},{\"@type\":\"ListItem\",\"position\":2,\"name\":\"Parduotuv\u0117\",\"item\":\"https:\/\/skaitytaknyga.lt\/knygu-parduotuve\/\"},{\"@type\":\"ListItem\",\"position\":3,\"name\":\"Senosios Lietuvos istorija. 1009 &#8211; 1795\"}]},{\"@type\":\"WebSite\",\"@id\":\"https:\/\/skaitytaknyga.lt\/#website\",\"url\":\"https:\/\/skaitytaknyga.lt\/\",\"name\":\"skaitytaknyga.lt\",\"description\":\"Skaitytaknyga.lt \u2013 tai ma\u017eas \u0161eimos verslas, kuris prasid\u0117jo nuo meil\u0117s knygoms ir siekio i\u0161gelb\u0117ti knygas nuo likimo prie konteinerio. Kas vienam nereikalingas daiktas \u2013 kitam lobis, o mes esame tarpininkai, kurie padeda abiems tapti laimingesniems ???? \u017dinome kaip nelengva i\u0161gyventi ma\u017eiems verslams, tad nuo \u0161iol, \u010dia rasite ir kit\u0173, ma\u017e\u0173 \u0161eim\u0173 versl\u0173, rank\u0173 darbo, dovan\u0173 sau ir artimiesiems.\",\"publisher\":{\"@id\":\"https:\/\/skaitytaknyga.lt\/#organization\"},\"potentialAction\":[{\"@type\":\"SearchAction\",\"target\":{\"@type\":\"EntryPoint\",\"urlTemplate\":\"https:\/\/skaitytaknyga.lt\/?s={search_term_string}\"},\"query-input\":{\"@type\":\"PropertyValueSpecification\",\"valueRequired\":true,\"valueName\":\"search_term_string\"}}],\"inLanguage\":\"en-GB\"},{\"@type\":\"Organization\",\"@id\":\"https:\/\/skaitytaknyga.lt\/#organization\",\"name\":\"skaitytaknyga.lt\",\"url\":\"https:\/\/skaitytaknyga.lt\/\",\"logo\":{\"@type\":\"ImageObject\",\"inLanguage\":\"en-GB\",\"@id\":\"https:\/\/skaitytaknyga.lt\/#\/schema\/logo\/image\/\",\"url\":\"https:\/\/skaitytaknyga.lt\/wp-content\/uploads\/2024\/05\/cropped-cropped-cropped-02_00843_jt3bggkj1j3HLc7SyY6rEUpg.jpeg\",\"contentUrl\":\"https:\/\/skaitytaknyga.lt\/wp-content\/uploads\/2024\/05\/cropped-cropped-cropped-02_00843_jt3bggkj1j3HLc7SyY6rEUpg.jpeg\",\"width\":1600,\"height\":1600,\"caption\":\"skaitytaknyga.lt\"},\"image\":{\"@id\":\"https:\/\/skaitytaknyga.lt\/#\/schema\/logo\/image\/\"},\"sameAs\":[\"https:\/\/www.facebook.com\/skaitytaknyga\/\"]}]}<\/script>\n<!-- \/ Yoast SEO plugin. -->","yoast_head_json":{"title":"Senosios Lietuvos istorija. 1009 - 1795","description":"Tai knyga apie Lietuvos praeit\u012f, skirta visiems: patrauklus, intriguojantis pasakojimas ir gausios tekst\u0105 papildan\u010dios iliustracijos tur\u0117t\u0173 patraukti","robots":{"index":"index","follow":"follow","max-snippet":"max-snippet:-1","max-image-preview":"max-image-preview:large","max-video-preview":"max-video-preview:-1"},"canonical":"https:\/\/skaitytaknyga.lt\/en\/produktas\/senosios-lietuvos-istorija-1009-1795\/","og_locale":"en_GB","og_type":"article","og_title":"[:lt]Senosios Lietuvos istorija. 1009 - 1795[:] - Skaitytaknyga","og_description":"Tai knyga apie Lietuvos praeit\u012f, skirta visiems: patrauklus, intriguojantis pasakojimas ir gausios tekst\u0105 papildan\u010dios iliustracijos tur\u0117t\u0173 patraukti","og_url":"https:\/\/skaitytaknyga.lt\/en\/produktas\/senosios-lietuvos-istorija-1009-1795\/","og_site_name":"Skaitytaknyga","article_publisher":"https:\/\/www.facebook.com\/skaitytaknyga\/","article_modified_time":"2026-03-18T12:59:50+00:00","og_image":[{"width":568,"height":800,"url":"https:\/\/skaitytaknyga.lt\/wp-content\/uploads\/2025\/02\/Senosios-Lietuvos-istorija.-1009-1795.webp","type":"image\/webp"}],"twitter_card":"summary_large_image","twitter_misc":{"Estimated reading time":"2 minutes"},"schema":{"@context":"https:\/\/schema.org","@graph":[{"@type":"WebPage","@id":"https:\/\/skaitytaknyga.lt\/produktas\/senosios-lietuvos-istorija-1009-1795\/","url":"https:\/\/skaitytaknyga.lt\/produktas\/senosios-lietuvos-istorija-1009-1795\/","name":"Senosios Lietuvos istorija. 1009 - 1795","isPartOf":{"@id":"https:\/\/skaitytaknyga.lt\/#website"},"primaryImageOfPage":{"@id":"https:\/\/skaitytaknyga.lt\/produktas\/senosios-lietuvos-istorija-1009-1795\/#primaryimage"},"image":{"@id":"https:\/\/skaitytaknyga.lt\/produktas\/senosios-lietuvos-istorija-1009-1795\/#primaryimage"},"thumbnailUrl":"https:\/\/skaitytaknyga.lt\/wp-content\/uploads\/2025\/02\/Senosios-Lietuvos-istorija.-1009-1795.webp","datePublished":"2025-02-01T12:27:37+00:00","dateModified":"2026-03-18T12:59:50+00:00","description":"Tai knyga apie Lietuvos praeit\u012f, skirta visiems: patrauklus, intriguojantis pasakojimas ir gausios tekst\u0105 papildan\u010dios iliustracijos tur\u0117t\u0173 patraukti","breadcrumb":{"@id":"https:\/\/skaitytaknyga.lt\/produktas\/senosios-lietuvos-istorija-1009-1795\/#breadcrumb"},"inLanguage":"en-GB","potentialAction":[{"@type":"ReadAction","target":["https:\/\/skaitytaknyga.lt\/produktas\/senosios-lietuvos-istorija-1009-1795\/"]}]},{"@type":"ImageObject","inLanguage":"en-GB","@id":"https:\/\/skaitytaknyga.lt\/produktas\/senosios-lietuvos-istorija-1009-1795\/#primaryimage","url":"https:\/\/skaitytaknyga.lt\/wp-content\/uploads\/2025\/02\/Senosios-Lietuvos-istorija.-1009-1795.webp","contentUrl":"https:\/\/skaitytaknyga.lt\/wp-content\/uploads\/2025\/02\/Senosios-Lietuvos-istorija.-1009-1795.webp","width":568,"height":800,"caption":"Senosios Lietuvos istorija. 1009 - 1795"},{"@type":"BreadcrumbList","@id":"https:\/\/skaitytaknyga.lt\/produktas\/senosios-lietuvos-istorija-1009-1795\/#breadcrumb","itemListElement":[{"@type":"ListItem","position":1,"name":"Home","item":"https:\/\/skaitytaknyga.lt\/"},{"@type":"ListItem","position":2,"name":"Parduotuv\u0117","item":"https:\/\/skaitytaknyga.lt\/knygu-parduotuve\/"},{"@type":"ListItem","position":3,"name":"Senosios Lietuvos istorija. 1009 &#8211; 1795"}]},{"@type":"WebSite","@id":"https:\/\/skaitytaknyga.lt\/#website","url":"https:\/\/skaitytaknyga.lt\/","name":"skaitytaknyga.lt","description":"Skaitytaknyga.lt \u2013 tai ma\u017eas \u0161eimos verslas, kuris prasid\u0117jo nuo meil\u0117s knygoms ir siekio i\u0161gelb\u0117ti knygas nuo likimo prie konteinerio. Kas vienam nereikalingas daiktas \u2013 kitam lobis, o mes esame tarpininkai, kurie padeda abiems tapti laimingesniems ???? \u017dinome kaip nelengva i\u0161gyventi ma\u017eiems verslams, tad nuo \u0161iol, \u010dia rasite ir kit\u0173, ma\u017e\u0173 \u0161eim\u0173 versl\u0173, rank\u0173 darbo, dovan\u0173 sau ir artimiesiems.","publisher":{"@id":"https:\/\/skaitytaknyga.lt\/#organization"},"potentialAction":[{"@type":"SearchAction","target":{"@type":"EntryPoint","urlTemplate":"https:\/\/skaitytaknyga.lt\/?s={search_term_string}"},"query-input":{"@type":"PropertyValueSpecification","valueRequired":true,"valueName":"search_term_string"}}],"inLanguage":"en-GB"},{"@type":"Organization","@id":"https:\/\/skaitytaknyga.lt\/#organization","name":"skaitytaknyga.lt","url":"https:\/\/skaitytaknyga.lt\/","logo":{"@type":"ImageObject","inLanguage":"en-GB","@id":"https:\/\/skaitytaknyga.lt\/#\/schema\/logo\/image\/","url":"https:\/\/skaitytaknyga.lt\/wp-content\/uploads\/2024\/05\/cropped-cropped-cropped-02_00843_jt3bggkj1j3HLc7SyY6rEUpg.jpeg","contentUrl":"https:\/\/skaitytaknyga.lt\/wp-content\/uploads\/2024\/05\/cropped-cropped-cropped-02_00843_jt3bggkj1j3HLc7SyY6rEUpg.jpeg","width":1600,"height":1600,"caption":"skaitytaknyga.lt"},"image":{"@id":"https:\/\/skaitytaknyga.lt\/#\/schema\/logo\/image\/"},"sameAs":["https:\/\/www.facebook.com\/skaitytaknyga\/"]}]}},"_links":{"self":[{"href":"https:\/\/skaitytaknyga.lt\/en\/wp-json\/wp\/v2\/product\/16387","targetHints":{"allow":["GET"]}}],"collection":[{"href":"https:\/\/skaitytaknyga.lt\/en\/wp-json\/wp\/v2\/product"}],"about":[{"href":"https:\/\/skaitytaknyga.lt\/en\/wp-json\/wp\/v2\/types\/product"}],"replies":[{"embeddable":true,"href":"https:\/\/skaitytaknyga.lt\/en\/wp-json\/wp\/v2\/comments?post=16387"}],"wp:featuredmedia":[{"embeddable":true,"href":"https:\/\/skaitytaknyga.lt\/en\/wp-json\/wp\/v2\/media\/16388"}],"wp:attachment":[{"href":"https:\/\/skaitytaknyga.lt\/en\/wp-json\/wp\/v2\/media?parent=16387"}],"wp:term":[{"taxonomy":"product_brand","embeddable":true,"href":"https:\/\/skaitytaknyga.lt\/en\/wp-json\/wp\/v2\/product_brand?post=16387"},{"taxonomy":"product_cat","embeddable":true,"href":"https:\/\/skaitytaknyga.lt\/en\/wp-json\/wp\/v2\/product_cat?post=16387"},{"taxonomy":"product_tag","embeddable":true,"href":"https:\/\/skaitytaknyga.lt\/en\/wp-json\/wp\/v2\/product_tag?post=16387"}],"curies":[{"name":"wp","href":"https:\/\/api.w.org\/{rel}","templated":true}]}}