{"id":16384,"date":"2025-02-01T14:25:16","date_gmt":"2025-02-01T12:25:16","guid":{"rendered":"https:\/\/skaitytaknyga.lt\/?post_type=product&#038;p=16384"},"modified":"2026-03-18T14:59:50","modified_gmt":"2026-03-18T12:59:50","slug":"diplomatu-sypsenos-ir-pokstai","status":"publish","type":"product","link":"https:\/\/skaitytaknyga.lt\/en\/produktas\/diplomatu-sypsenos-ir-pokstai\/","title":{"rendered":"Diplomat\u0173 \u0161ypsenos ir pok\u0161tai"},"content":{"rendered":"<p style=\"font-weight: 400;\">\u0160i knyga apie humor\u0105 diplomatijoje, bet skiriama ne tik diplomatams ar tarptautini\u0173 santyki\u0173, politikos, istorijos bei teis\u0117s moksl\u0173 studentams, \u012fvairi\u0173 valstyb\u0117s \u012fstaig\u0173 darbuotojams, sportininkams, kurie bendrauja su u\u017esienie\u010diais. Ji pravarti Lietuvos karininkams, dalyvaujantiems susitikimuose ir misijose su kit\u0173 valstybi\u0173 kari\u0161kiais, m\u016bs\u0173 \u0161alies gynybos ata\u0161\u0117. Dar labiau ji reikalinga verslo \u017emon\u0117ms, kurie kasdien bendrauja su u\u017esienio kompanij\u0173 atstovais, dalyvauja derybose ir kaip ekonominiai diplomatai reprezentuoja m\u016bs\u0173 \u0161al\u012f. Juk prekybos diplomatija da\u017enai\u00a0\u00a0vyrauja net atskir\u0173 \u0161ali\u0173 santykiuose.<\/p>\n<p style=\"font-weight: 400;\">Geras humoro jausmas verslininkams itin praver\u010dia, nes jie sudaro sutartis su \u012fvairiomis kompanijomis, taip pat neretai bendrauja su kit\u0173 valstybi\u0173 pareig\u016bnais. Verslininkai irgi turi i\u0161manyti diplomatin\u012f protokol\u0105, vienos ar kitos \u0161alies istorinius bei kult\u016brinius ypatumus, papro\u010dius, \u017emoni\u0173 charakterius, nes tai palengvina bendravim\u0105 su partneriais. Diplomatijoje ir versle atsitinka daug juoking\u0173 situacij\u0173, tod\u0117l parodydamas, kaip diplomatai ir verslininkai gali i\u0161naudoti humor\u0105 savo labui, viliuosi, jog \u0161i knyga pad\u0117s vykusiu pok\u0161tu, s\u0105mojumi, i\u0161mone, pajuokavimais daugiau pasiekti, \u012fgyti nauj\u0173 draug\u0173.<\/p>\n<p style=\"font-weight: 400;\">Did\u017eiausias motyvas para\u0161yti \u0161i\u0105 knyg\u0105 buvo noras pasidalyti skaitytu, reg\u0117tu ar \u201esuskeltu\u201c diplomatiniu humoru su visais juokauti m\u0117gstan\u010diais skaitytojais, nes juokas ne tik palengvina bendravim\u0105, bet ir padeda i\u0161vengti kebli\u0173 situacij\u0173.<\/p>\n<ul class=\"about-product d-none d-xl-block mt-4\">\n<li><strong>Autorius:<\/strong>\u00a0Alfonsas Eidintas<\/li>\n<li><strong>Leid\u0117jas:<\/strong>\u00a0Briedis<\/li>\n<li><strong>Metai:<\/strong>\u00a02020<\/li>\n<li><strong>Puslapiai:<\/strong>\u00a0342<\/li>\n<li class=\"toggleable type-new-formats \"><strong>ISBN:<\/strong>\u00a09789955267256<\/li>\n<li><strong>Versijos kodas:<\/strong>\u00a06<\/li>\n<li class=\"toggleable type-new-formats \"><strong>Formatas:<\/strong>\u00a017,5 x 24,5 x 2,3 cm, kieti vir\u0161eliai<\/li>\n<li><strong>Kalba:<\/strong>\u00a0Lietuvi\u0173<\/li>\n<\/ul>\n","protected":false},"excerpt":{"rendered":"<p>\u0160i knyga apie humor\u0105 diplomatijoje, bet skiriama ne tik diplomatams ar tarptautini\u0173 santyki\u0173, politikos, istorijos bei teis\u0117s moksl\u0173 studentams, \u012fvairi\u0173 valstyb\u0117s \u012fstaig\u0173 darbuotojams, sportininkams, kurie bendrauja su u\u017esienie\u010diais. Ji pravarti Lietuvos karininkams, dalyvaujantiems susitikimuose ir misijose su kit\u0173 valstybi\u0173 kari\u0161kiais, m\u016bs\u0173 \u0161alies gynybos ata\u0161\u0117. Dar labiau ji reikalinga verslo \u017emon\u0117ms, kurie kasdien bendrauja su u\u017esienio kompanij\u0173 atstovais, dalyvauja derybose ir kaip ekonominiai diplomatai reprezentuoja m\u016bs\u0173 \u0161al\u012f. Juk prekybos diplomatija da\u017enai\u00a0\u00a0vyrauja net atskir\u0173 \u0161ali\u0173 santykiuose. Geras humoro jausmas verslininkams itin praver\u010dia, nes jie sudaro sutartis su \u012fvairiomis kompanijomis, taip pat neretai bendrauja su kit\u0173 valstybi\u0173 pareig\u016bnais. Verslininkai irgi turi i\u0161manyti diplomatin\u012f protokol\u0105, vienos ar kitos \u0161alies istorinius bei kult\u016brinius ypatumus, papro\u010dius, \u017emoni\u0173 charakterius, nes tai palengvina bendravim\u0105 su partneriais. Diplomatijoje ir versle atsitinka daug juoking\u0173 situacij\u0173, tod\u0117l parodydamas, kaip diplomatai ir verslininkai gali i\u0161naudoti humor\u0105 savo labui, viliuosi, jog \u0161i knyga pad\u0117s vykusiu pok\u0161tu, s\u0105mojumi, i\u0161mone, pajuokavimais daugiau pasiekti, \u012fgyti nauj\u0173 draug\u0173. Did\u017eiausias motyvas para\u0161yti \u0161i\u0105 knyg\u0105 buvo noras pasidalyti skaitytu, reg\u0117tu ar \u201esuskeltu\u201c diplomatiniu humoru su visais juokauti m\u0117gstan\u010diais skaitytojais, nes juokas ne tik palengvina bendravim\u0105, bet ir padeda i\u0161vengti kebli\u0173 situacij\u0173. Autorius:\u00a0Alfonsas Eidintas Leid\u0117jas:\u00a0Briedis Metai:\u00a02020 Puslapiai:\u00a0342 ISBN:\u00a09789955267256 Versijos kodas:\u00a06 Formatas:\u00a017,5 x 24,5 x 2,3 cm, kieti vir\u0161eliai Kalba:\u00a0Lietuvi\u0173<\/p>\n","protected":false},"featured_media":16386,"comment_status":"closed","ping_status":"closed","template":"","meta":{"_acf_changed":false,"site-sidebar-layout":"default","site-content-layout":"","ast-site-content-layout":"default","site-content-style":"default","site-sidebar-style":"default","ast-global-header-display":"","ast-banner-title-visibility":"","ast-main-header-display":"","ast-hfb-above-header-display":"","ast-hfb-below-header-display":"","ast-hfb-mobile-header-display":"","site-post-title":"","ast-breadcrumbs-content":"","ast-featured-img":"","footer-sml-layout":"","ast-disable-related-posts":"","theme-transparent-header-meta":"default","adv-header-id-meta":"","stick-header-meta":"","header-above-stick-meta":"","header-main-stick-meta":"","header-below-stick-meta":"","astra-migrate-meta-layouts":"set","ast-page-background-enabled":"default","ast-page-background-meta":{"desktop":{"background-color":"","background-image":"","background-repeat":"repeat","background-position":"center center","background-size":"auto","background-attachment":"scroll","background-type":"","background-media":"","overlay-type":"","overlay-color":"","overlay-opacity":"","overlay-gradient":""},"tablet":{"background-color":"","background-image":"","background-repeat":"repeat","background-position":"center center","background-size":"auto","background-attachment":"scroll","background-type":"","background-media":"","overlay-type":"","overlay-color":"","overlay-opacity":"","overlay-gradient":""},"mobile":{"background-color":"","background-image":"","background-repeat":"repeat","background-position":"center center","background-size":"auto","background-attachment":"scroll","background-type":"","background-media":"","overlay-type":"","overlay-color":"","overlay-opacity":"","overlay-gradient":""}},"ast-content-background-meta":{"desktop":{"background-color":"var(--ast-global-color-4)","background-image":"","background-repeat":"repeat","background-position":"center center","background-size":"auto","background-attachment":"scroll","background-type":"","background-media":"","overlay-type":"","overlay-color":"","overlay-opacity":"","overlay-gradient":""},"tablet":{"background-color":"var(--ast-global-color-4)","background-image":"","background-repeat":"repeat","background-position":"center center","background-size":"auto","background-attachment":"scroll","background-type":"","background-media":"","overlay-type":"","overlay-color":"","overlay-opacity":"","overlay-gradient":""},"mobile":{"background-color":"var(--ast-global-color-4)","background-image":"","background-repeat":"repeat","background-position":"center center","background-size":"auto","background-attachment":"scroll","background-type":"","background-media":"","overlay-type":"","overlay-color":"","overlay-opacity":"","overlay-gradient":""}}},"product_brand":[],"product_cat":[9862,174],"product_tag":[],"class_list":{"0":"post-16384","1":"product","2":"type-product","3":"status-publish","4":"has-post-thumbnail","6":"product_cat-lietuvos-istorija","7":"product_cat-istorija-ir-politologija","8":"desktop-align-left","9":"tablet-align-left","10":"mobile-align-left","12":"first","13":"instock","14":"shipping-taxable","15":"purchasable","16":"product-type-simple"},"acf":[],"yoast_head":"<!-- This site is optimized with the Yoast SEO plugin v27.0 - https:\/\/yoast.com\/product\/yoast-seo-wordpress\/ -->\n<title>Diplomat\u0173 \u0161ypsenos ir pok\u0161tai<\/title>\n<meta name=\"description\" content=\"\u0160i knyga apie humor\u0105 diplomatijoje, bet skiriama ne tik diplomatams ar tarptautini\u0173 santyki\u0173, politikos, istorijos bei teis\u0117s moksl\u0173 studentams, \u012fvairi\u0173\" \/>\n<meta name=\"robots\" content=\"index, follow, max-snippet:-1, max-image-preview:large, max-video-preview:-1\" \/>\n<link rel=\"canonical\" href=\"https:\/\/skaitytaknyga.lt\/en\/produktas\/diplomatu-sypsenos-ir-pokstai\/\" \/>\n<meta property=\"og:locale\" content=\"en_GB\" \/>\n<meta property=\"og:locale:alternate\" content=\"lt_LT\" \/>\n<meta property=\"og:type\" content=\"article\" \/>\n<meta property=\"og:title\" content=\"Diplomat\u0173 \u0161ypsenos ir pok\u0161tai\" \/>\n<meta property=\"og:description\" content=\"\u0160i knyga apie humor\u0105 diplomatijoje, bet skiriama ne tik diplomatams ar tarptautini\u0173 santyki\u0173, politikos, istorijos bei teis\u0117s moksl\u0173 studentams, \u012fvairi\u0173\" \/>\n<meta property=\"og:url\" content=\"https:\/\/skaitytaknyga.lt\/en\/produktas\/diplomatu-sypsenos-ir-pokstai\/\" \/>\n<meta property=\"og:site_name\" content=\"Skaitytaknyga\" \/>\n<meta property=\"article:publisher\" content=\"https:\/\/www.facebook.com\/skaitytaknyga\/\" \/>\n<meta property=\"article:modified_time\" content=\"2026-03-18T12:59:50+00:00\" \/>\n<meta property=\"og:image\" content=\"https:\/\/skaitytaknyga.lt\/wp-content\/uploads\/2025\/02\/Diplomatu-sypsenos-ir-pokstai-1.png\" \/>\n\t<meta property=\"og:image:width\" content=\"300\" \/>\n\t<meta property=\"og:image:height\" content=\"427\" \/>\n\t<meta property=\"og:image:type\" content=\"image\/png\" \/>\n<meta name=\"twitter:card\" content=\"summary_large_image\" \/>\n<meta name=\"twitter:label1\" content=\"Estimated reading time\" \/>\n\t<meta name=\"twitter:data1\" content=\"2 minutes\" \/>\n<script type=\"application\/ld+json\" class=\"yoast-schema-graph\">{\"@context\":\"https:\/\/schema.org\",\"@graph\":[{\"@type\":\"WebPage\",\"@id\":\"https:\/\/skaitytaknyga.lt\/produktas\/diplomatu-sypsenos-ir-pokstai\/\",\"url\":\"https:\/\/skaitytaknyga.lt\/produktas\/diplomatu-sypsenos-ir-pokstai\/\",\"name\":\"Diplomat\u0173 \u0161ypsenos ir pok\u0161tai\",\"isPartOf\":{\"@id\":\"https:\/\/skaitytaknyga.lt\/#website\"},\"primaryImageOfPage\":{\"@id\":\"https:\/\/skaitytaknyga.lt\/produktas\/diplomatu-sypsenos-ir-pokstai\/#primaryimage\"},\"image\":{\"@id\":\"https:\/\/skaitytaknyga.lt\/produktas\/diplomatu-sypsenos-ir-pokstai\/#primaryimage\"},\"thumbnailUrl\":\"https:\/\/skaitytaknyga.lt\/wp-content\/uploads\/2025\/02\/Diplomatu-sypsenos-ir-pokstai-1.png\",\"datePublished\":\"2025-02-01T12:25:16+00:00\",\"dateModified\":\"2026-03-18T12:59:50+00:00\",\"description\":\"\u0160i knyga apie humor\u0105 diplomatijoje, bet skiriama ne tik diplomatams ar tarptautini\u0173 santyki\u0173, politikos, istorijos bei teis\u0117s moksl\u0173 studentams, \u012fvairi\u0173\",\"breadcrumb\":{\"@id\":\"https:\/\/skaitytaknyga.lt\/produktas\/diplomatu-sypsenos-ir-pokstai\/#breadcrumb\"},\"inLanguage\":\"en-GB\",\"potentialAction\":[{\"@type\":\"ReadAction\",\"target\":[\"https:\/\/skaitytaknyga.lt\/produktas\/diplomatu-sypsenos-ir-pokstai\/\"]}]},{\"@type\":\"ImageObject\",\"inLanguage\":\"en-GB\",\"@id\":\"https:\/\/skaitytaknyga.lt\/produktas\/diplomatu-sypsenos-ir-pokstai\/#primaryimage\",\"url\":\"https:\/\/skaitytaknyga.lt\/wp-content\/uploads\/2025\/02\/Diplomatu-sypsenos-ir-pokstai-1.png\",\"contentUrl\":\"https:\/\/skaitytaknyga.lt\/wp-content\/uploads\/2025\/02\/Diplomatu-sypsenos-ir-pokstai-1.png\",\"width\":300,\"height\":427,\"caption\":\"Diplomat\u0173 \u0161ypsenos ir pok\u0161tai\"},{\"@type\":\"BreadcrumbList\",\"@id\":\"https:\/\/skaitytaknyga.lt\/produktas\/diplomatu-sypsenos-ir-pokstai\/#breadcrumb\",\"itemListElement\":[{\"@type\":\"ListItem\",\"position\":1,\"name\":\"Home\",\"item\":\"https:\/\/skaitytaknyga.lt\/\"},{\"@type\":\"ListItem\",\"position\":2,\"name\":\"Parduotuv\u0117\",\"item\":\"https:\/\/skaitytaknyga.lt\/knygu-parduotuve\/\"},{\"@type\":\"ListItem\",\"position\":3,\"name\":\"Diplomat\u0173 \u0161ypsenos ir pok\u0161tai\"}]},{\"@type\":\"WebSite\",\"@id\":\"https:\/\/skaitytaknyga.lt\/#website\",\"url\":\"https:\/\/skaitytaknyga.lt\/\",\"name\":\"skaitytaknyga.lt\",\"description\":\"Skaitytaknyga.lt \u2013 tai ma\u017eas \u0161eimos verslas, kuris prasid\u0117jo nuo meil\u0117s knygoms ir siekio i\u0161gelb\u0117ti knygas nuo likimo prie konteinerio. Kas vienam nereikalingas daiktas \u2013 kitam lobis, o mes esame tarpininkai, kurie padeda abiems tapti laimingesniems ???? \u017dinome kaip nelengva i\u0161gyventi ma\u017eiems verslams, tad nuo \u0161iol, \u010dia rasite ir kit\u0173, ma\u017e\u0173 \u0161eim\u0173 versl\u0173, rank\u0173 darbo, dovan\u0173 sau ir artimiesiems.\",\"publisher\":{\"@id\":\"https:\/\/skaitytaknyga.lt\/#organization\"},\"potentialAction\":[{\"@type\":\"SearchAction\",\"target\":{\"@type\":\"EntryPoint\",\"urlTemplate\":\"https:\/\/skaitytaknyga.lt\/?s={search_term_string}\"},\"query-input\":{\"@type\":\"PropertyValueSpecification\",\"valueRequired\":true,\"valueName\":\"search_term_string\"}}],\"inLanguage\":\"en-GB\"},{\"@type\":\"Organization\",\"@id\":\"https:\/\/skaitytaknyga.lt\/#organization\",\"name\":\"skaitytaknyga.lt\",\"url\":\"https:\/\/skaitytaknyga.lt\/\",\"logo\":{\"@type\":\"ImageObject\",\"inLanguage\":\"en-GB\",\"@id\":\"https:\/\/skaitytaknyga.lt\/#\/schema\/logo\/image\/\",\"url\":\"https:\/\/skaitytaknyga.lt\/wp-content\/uploads\/2024\/05\/cropped-cropped-cropped-02_00843_jt3bggkj1j3HLc7SyY6rEUpg.jpeg\",\"contentUrl\":\"https:\/\/skaitytaknyga.lt\/wp-content\/uploads\/2024\/05\/cropped-cropped-cropped-02_00843_jt3bggkj1j3HLc7SyY6rEUpg.jpeg\",\"width\":1600,\"height\":1600,\"caption\":\"skaitytaknyga.lt\"},\"image\":{\"@id\":\"https:\/\/skaitytaknyga.lt\/#\/schema\/logo\/image\/\"},\"sameAs\":[\"https:\/\/www.facebook.com\/skaitytaknyga\/\"]}]}<\/script>\n<!-- \/ Yoast SEO plugin. -->","yoast_head_json":{"title":"Diplomat\u0173 \u0161ypsenos ir pok\u0161tai","description":"\u0160i knyga apie humor\u0105 diplomatijoje, bet skiriama ne tik diplomatams ar tarptautini\u0173 santyki\u0173, politikos, istorijos bei teis\u0117s moksl\u0173 studentams, \u012fvairi\u0173","robots":{"index":"index","follow":"follow","max-snippet":"max-snippet:-1","max-image-preview":"max-image-preview:large","max-video-preview":"max-video-preview:-1"},"canonical":"https:\/\/skaitytaknyga.lt\/en\/produktas\/diplomatu-sypsenos-ir-pokstai\/","og_locale":"en_GB","og_type":"article","og_title":"[:lt]Diplomat\u0173 \u0161ypsenos ir pok\u0161tai[:] - Skaitytaknyga","og_description":"\u0160i knyga apie humor\u0105 diplomatijoje, bet skiriama ne tik diplomatams ar tarptautini\u0173 santyki\u0173, politikos, istorijos bei teis\u0117s moksl\u0173 studentams, \u012fvairi\u0173","og_url":"https:\/\/skaitytaknyga.lt\/en\/produktas\/diplomatu-sypsenos-ir-pokstai\/","og_site_name":"Skaitytaknyga","article_publisher":"https:\/\/www.facebook.com\/skaitytaknyga\/","article_modified_time":"2026-03-18T12:59:50+00:00","og_image":[{"width":300,"height":427,"url":"https:\/\/skaitytaknyga.lt\/wp-content\/uploads\/2025\/02\/Diplomatu-sypsenos-ir-pokstai-1.png","type":"image\/png"}],"twitter_card":"summary_large_image","twitter_misc":{"Estimated reading time":"2 minutes"},"schema":{"@context":"https:\/\/schema.org","@graph":[{"@type":"WebPage","@id":"https:\/\/skaitytaknyga.lt\/produktas\/diplomatu-sypsenos-ir-pokstai\/","url":"https:\/\/skaitytaknyga.lt\/produktas\/diplomatu-sypsenos-ir-pokstai\/","name":"Diplomat\u0173 \u0161ypsenos ir pok\u0161tai","isPartOf":{"@id":"https:\/\/skaitytaknyga.lt\/#website"},"primaryImageOfPage":{"@id":"https:\/\/skaitytaknyga.lt\/produktas\/diplomatu-sypsenos-ir-pokstai\/#primaryimage"},"image":{"@id":"https:\/\/skaitytaknyga.lt\/produktas\/diplomatu-sypsenos-ir-pokstai\/#primaryimage"},"thumbnailUrl":"https:\/\/skaitytaknyga.lt\/wp-content\/uploads\/2025\/02\/Diplomatu-sypsenos-ir-pokstai-1.png","datePublished":"2025-02-01T12:25:16+00:00","dateModified":"2026-03-18T12:59:50+00:00","description":"\u0160i knyga apie humor\u0105 diplomatijoje, bet skiriama ne tik diplomatams ar tarptautini\u0173 santyki\u0173, politikos, istorijos bei teis\u0117s moksl\u0173 studentams, \u012fvairi\u0173","breadcrumb":{"@id":"https:\/\/skaitytaknyga.lt\/produktas\/diplomatu-sypsenos-ir-pokstai\/#breadcrumb"},"inLanguage":"en-GB","potentialAction":[{"@type":"ReadAction","target":["https:\/\/skaitytaknyga.lt\/produktas\/diplomatu-sypsenos-ir-pokstai\/"]}]},{"@type":"ImageObject","inLanguage":"en-GB","@id":"https:\/\/skaitytaknyga.lt\/produktas\/diplomatu-sypsenos-ir-pokstai\/#primaryimage","url":"https:\/\/skaitytaknyga.lt\/wp-content\/uploads\/2025\/02\/Diplomatu-sypsenos-ir-pokstai-1.png","contentUrl":"https:\/\/skaitytaknyga.lt\/wp-content\/uploads\/2025\/02\/Diplomatu-sypsenos-ir-pokstai-1.png","width":300,"height":427,"caption":"Diplomat\u0173 \u0161ypsenos ir pok\u0161tai"},{"@type":"BreadcrumbList","@id":"https:\/\/skaitytaknyga.lt\/produktas\/diplomatu-sypsenos-ir-pokstai\/#breadcrumb","itemListElement":[{"@type":"ListItem","position":1,"name":"Home","item":"https:\/\/skaitytaknyga.lt\/"},{"@type":"ListItem","position":2,"name":"Parduotuv\u0117","item":"https:\/\/skaitytaknyga.lt\/knygu-parduotuve\/"},{"@type":"ListItem","position":3,"name":"Diplomat\u0173 \u0161ypsenos ir pok\u0161tai"}]},{"@type":"WebSite","@id":"https:\/\/skaitytaknyga.lt\/#website","url":"https:\/\/skaitytaknyga.lt\/","name":"skaitytaknyga.lt","description":"Skaitytaknyga.lt \u2013 tai ma\u017eas \u0161eimos verslas, kuris prasid\u0117jo nuo meil\u0117s knygoms ir siekio i\u0161gelb\u0117ti knygas nuo likimo prie konteinerio. Kas vienam nereikalingas daiktas \u2013 kitam lobis, o mes esame tarpininkai, kurie padeda abiems tapti laimingesniems ???? \u017dinome kaip nelengva i\u0161gyventi ma\u017eiems verslams, tad nuo \u0161iol, \u010dia rasite ir kit\u0173, ma\u017e\u0173 \u0161eim\u0173 versl\u0173, rank\u0173 darbo, dovan\u0173 sau ir artimiesiems.","publisher":{"@id":"https:\/\/skaitytaknyga.lt\/#organization"},"potentialAction":[{"@type":"SearchAction","target":{"@type":"EntryPoint","urlTemplate":"https:\/\/skaitytaknyga.lt\/?s={search_term_string}"},"query-input":{"@type":"PropertyValueSpecification","valueRequired":true,"valueName":"search_term_string"}}],"inLanguage":"en-GB"},{"@type":"Organization","@id":"https:\/\/skaitytaknyga.lt\/#organization","name":"skaitytaknyga.lt","url":"https:\/\/skaitytaknyga.lt\/","logo":{"@type":"ImageObject","inLanguage":"en-GB","@id":"https:\/\/skaitytaknyga.lt\/#\/schema\/logo\/image\/","url":"https:\/\/skaitytaknyga.lt\/wp-content\/uploads\/2024\/05\/cropped-cropped-cropped-02_00843_jt3bggkj1j3HLc7SyY6rEUpg.jpeg","contentUrl":"https:\/\/skaitytaknyga.lt\/wp-content\/uploads\/2024\/05\/cropped-cropped-cropped-02_00843_jt3bggkj1j3HLc7SyY6rEUpg.jpeg","width":1600,"height":1600,"caption":"skaitytaknyga.lt"},"image":{"@id":"https:\/\/skaitytaknyga.lt\/#\/schema\/logo\/image\/"},"sameAs":["https:\/\/www.facebook.com\/skaitytaknyga\/"]}]}},"_links":{"self":[{"href":"https:\/\/skaitytaknyga.lt\/en\/wp-json\/wp\/v2\/product\/16384","targetHints":{"allow":["GET"]}}],"collection":[{"href":"https:\/\/skaitytaknyga.lt\/en\/wp-json\/wp\/v2\/product"}],"about":[{"href":"https:\/\/skaitytaknyga.lt\/en\/wp-json\/wp\/v2\/types\/product"}],"replies":[{"embeddable":true,"href":"https:\/\/skaitytaknyga.lt\/en\/wp-json\/wp\/v2\/comments?post=16384"}],"wp:featuredmedia":[{"embeddable":true,"href":"https:\/\/skaitytaknyga.lt\/en\/wp-json\/wp\/v2\/media\/16386"}],"wp:attachment":[{"href":"https:\/\/skaitytaknyga.lt\/en\/wp-json\/wp\/v2\/media?parent=16384"}],"wp:term":[{"taxonomy":"product_brand","embeddable":true,"href":"https:\/\/skaitytaknyga.lt\/en\/wp-json\/wp\/v2\/product_brand?post=16384"},{"taxonomy":"product_cat","embeddable":true,"href":"https:\/\/skaitytaknyga.lt\/en\/wp-json\/wp\/v2\/product_cat?post=16384"},{"taxonomy":"product_tag","embeddable":true,"href":"https:\/\/skaitytaknyga.lt\/en\/wp-json\/wp\/v2\/product_tag?post=16384"}],"curies":[{"name":"wp","href":"https:\/\/api.w.org\/{rel}","templated":true}]}}