{"id":16370,"date":"2025-02-01T12:03:47","date_gmt":"2025-02-01T10:03:47","guid":{"rendered":"https:\/\/skaitytaknyga.lt\/?post_type=product&#038;p=16370"},"modified":"2025-05-24T20:56:58","modified_gmt":"2025-05-24T17:56:58","slug":"mastyk-ir-buk-turtingas","status":"publish","type":"product","link":"https:\/\/skaitytaknyga.lt\/en\/produktas\/mastyk-ir-buk-turtingas\/","title":{"rendered":"M\u0105styk ir b\u016bk turtingas!"},"content":{"rendered":"<p>Kiekvienas \u017emogus, kuris yra pakankamai brandus, kad suvokt\u0173, kas tai yra pinigai, nori j\u0173 tur\u0117ti. Ta\u010diau, tvirtina N. Hillas, paprastas noras turt\u0173 neatne\u0161, turtus sukrauna aistringas aps\u0117dimas, kuris neleid\u017eia pralaim\u0117ti. \u017dmon\u0117s, pernelyg pam\u0117g\u0119 \u017eod\u012f ne\u012fmanoma, \u017eino daugyb\u0119 prie\u017eas\u010di\u0173, kod\u0117l jiems gali nepasisekti. \u0160i knyga para\u0161yta tiems, kurie ie\u0161ko kitoki\u0173 prie\u017eas\u010di\u0173 &#8211; prie\u017eas\u010di\u0173, padedan\u010di\u0173 siekti s\u0117km\u0117s.<br \/>\nDaugiau nei penki \u0161imtai \u012f\u017eymi\u0173 JAV milijonieri\u0173 \u0161ios knygos autoriui pasakojo, jog po pralaim\u0117jimo vos u\u017e \u017eingsnio j\u0173 lauk\u0117 did\u017eiausia gyvenimo s\u0117km\u0117. 1937 m. N. Hillas apibendrino surinkt\u0105 med\u017eiag\u0105, i\u0161kristalizavo s\u0117km\u0117s formul\u0119, kuria pats puikiai pasinaudojo, ir perdav\u0117 savo \u017eini\u0105 kitiems. M\u0105styk ir b\u016bk turtingas &#8211; gausiais pavyzd\u017eiais paremtas s\u0105moningo turt\u0117jimo vadov\u0117lis, kur\u012f daug ne\u012ftikimai turting\u0173 \u017emoni\u0173 vertina kaip savo s\u0117km\u0117s katalizatori\u0173.<\/p>\n<ul class=\"about-product d-none d-xl-block mt-4\">\n<li><strong>Autorius:<\/strong>\u00a0Napoleon Hill<\/li>\n<li><strong>Leid\u0117jas:<\/strong>\u00a0Obuolys<\/li>\n<li><strong>Metai:<\/strong>\u00a02011<\/li>\n<li><strong>Puslapiai:<\/strong>\u00a0352<\/li>\n<li class=\"toggleable type-new-formats \"><strong>ISBN:<\/strong>\u00a09786094032615<\/li>\n<li class=\"toggleable type-new-formats \"><strong>Formatas:<\/strong>\u00a010,6 x 17,2 cm, mink\u0161ti vir\u0161eliai<\/li>\n<li><strong>Kalba:<\/strong>\u00a0Lietuvi\u0173<\/li>\n<li><strong>Vert\u0117jas:<\/strong>\u00a0Nomeda Berkuvien\u0117<\/li>\n<\/ul>\n","protected":false},"excerpt":{"rendered":"<p>Kiekvienas \u017emogus, kuris yra pakankamai brandus, kad suvokt\u0173, kas tai yra pinigai, nori j\u0173 tur\u0117ti. Ta\u010diau, tvirtina N. Hillas, paprastas noras turt\u0173 neatne\u0161, turtus sukrauna aistringas aps\u0117dimas, kuris neleid\u017eia pralaim\u0117ti. \u017dmon\u0117s, pernelyg pam\u0117g\u0119 \u017eod\u012f ne\u012fmanoma, \u017eino daugyb\u0119 prie\u017eas\u010di\u0173, kod\u0117l jiems gali nepasisekti. \u0160i knyga para\u0161yta tiems, kurie ie\u0161ko kitoki\u0173 prie\u017eas\u010di\u0173 &#8211; prie\u017eas\u010di\u0173, padedan\u010di\u0173 siekti s\u0117km\u0117s. Daugiau nei penki \u0161imtai \u012f\u017eymi\u0173 JAV milijonieri\u0173 \u0161ios knygos autoriui pasakojo, jog po pralaim\u0117jimo vos u\u017e \u017eingsnio j\u0173 lauk\u0117 did\u017eiausia gyvenimo s\u0117km\u0117. 1937 m. N. Hillas apibendrino surinkt\u0105 med\u017eiag\u0105, i\u0161kristalizavo s\u0117km\u0117s formul\u0119, kuria pats puikiai pasinaudojo, ir perdav\u0117 savo \u017eini\u0105 kitiems. M\u0105styk ir b\u016bk turtingas &#8211; gausiais pavyzd\u017eiais paremtas s\u0105moningo turt\u0117jimo vadov\u0117lis, kur\u012f daug ne\u012ftikimai turting\u0173 \u017emoni\u0173 vertina kaip savo s\u0117km\u0117s katalizatori\u0173. Autorius:\u00a0Napoleon Hill Leid\u0117jas:\u00a0Obuolys Metai:\u00a02011 Puslapiai:\u00a0352 ISBN:\u00a09786094032615 Formatas:\u00a010,6 x 17,2 cm, mink\u0161ti vir\u0161eliai Kalba:\u00a0Lietuvi\u0173 Vert\u0117jas:\u00a0Nomeda Berkuvien\u0117<\/p>\n","protected":false},"featured_media":16371,"comment_status":"closed","ping_status":"closed","template":"","meta":{"_acf_changed":false,"site-sidebar-layout":"default","site-content-layout":"","ast-site-content-layout":"default","site-content-style":"default","site-sidebar-style":"default","ast-global-header-display":"","ast-banner-title-visibility":"","ast-main-header-display":"","ast-hfb-above-header-display":"","ast-hfb-below-header-display":"","ast-hfb-mobile-header-display":"","site-post-title":"","ast-breadcrumbs-content":"","ast-featured-img":"","footer-sml-layout":"","ast-disable-related-posts":"","theme-transparent-header-meta":"default","adv-header-id-meta":"","stick-header-meta":"","header-above-stick-meta":"","header-main-stick-meta":"","header-below-stick-meta":"","astra-migrate-meta-layouts":"set","ast-page-background-enabled":"default","ast-page-background-meta":{"desktop":{"background-color":"","background-image":"","background-repeat":"repeat","background-position":"center center","background-size":"auto","background-attachment":"scroll","background-type":"","background-media":"","overlay-type":"","overlay-color":"","overlay-opacity":"","overlay-gradient":""},"tablet":{"background-color":"","background-image":"","background-repeat":"repeat","background-position":"center center","background-size":"auto","background-attachment":"scroll","background-type":"","background-media":"","overlay-type":"","overlay-color":"","overlay-opacity":"","overlay-gradient":""},"mobile":{"background-color":"","background-image":"","background-repeat":"repeat","background-position":"center center","background-size":"auto","background-attachment":"scroll","background-type":"","background-media":"","overlay-type":"","overlay-color":"","overlay-opacity":"","overlay-gradient":""}},"ast-content-background-meta":{"desktop":{"background-color":"var(--ast-global-color-4)","background-image":"","background-repeat":"repeat","background-position":"center center","background-size":"auto","background-attachment":"scroll","background-type":"","background-media":"","overlay-type":"","overlay-color":"","overlay-opacity":"","overlay-gradient":""},"tablet":{"background-color":"var(--ast-global-color-4)","background-image":"","background-repeat":"repeat","background-position":"center center","background-size":"auto","background-attachment":"scroll","background-type":"","background-media":"","overlay-type":"","overlay-color":"","overlay-opacity":"","overlay-gradient":""},"mobile":{"background-color":"var(--ast-global-color-4)","background-image":"","background-repeat":"repeat","background-position":"center center","background-size":"auto","background-attachment":"scroll","background-type":"","background-media":"","overlay-type":"","overlay-color":"","overlay-opacity":"","overlay-gradient":""}}},"product_brand":[],"product_cat":[30,26],"product_tag":[2301,4315,1409,2563,1396,2411,3789],"class_list":{"0":"post-16370","1":"product","2":"type-product","3":"status-publish","4":"has-post-thumbnail","6":"product_cat-psichologija-ir-saviugda","7":"product_cat-verslas-vadyba-ir-finansai","8":"product_tag-finansai","9":"product_tag-mastyk-ir-buk-turtingas","10":"product_tag-motyvacija","11":"product_tag-napoleon-hill","12":"product_tag-saviugda","13":"product_tag-sekme","14":"product_tag-turtas","15":"desktop-align-left","16":"tablet-align-left","17":"mobile-align-left","19":"first","20":"outofstock","21":"shipping-taxable","22":"purchasable","23":"product-type-simple"},"acf":[],"yoast_head":"<!-- This site is optimized with the Yoast SEO plugin v27.0 - https:\/\/yoast.com\/product\/yoast-seo-wordpress\/ -->\n<title>M\u0105styk ir b\u016bk turtingas!<\/title>\n<meta name=\"description\" content=\"Kiekvienas \u017emogus, kuris yra pakankamai brandus, kad suvokt\u0173, kas tai yra pinigai, nori j\u0173 tur\u0117ti. Ta\u010diau, tvirtina N. Hillas, paprastas noras turt\u0173\" \/>\n<meta name=\"robots\" content=\"index, follow, max-snippet:-1, max-image-preview:large, max-video-preview:-1\" \/>\n<link rel=\"canonical\" href=\"https:\/\/skaitytaknyga.lt\/en\/produktas\/mastyk-ir-buk-turtingas\/\" \/>\n<meta property=\"og:locale\" content=\"en_GB\" \/>\n<meta property=\"og:locale:alternate\" content=\"lt_LT\" \/>\n<meta property=\"og:type\" content=\"article\" \/>\n<meta property=\"og:title\" content=\"M\u0105styk ir b\u016bk turtingas!\" \/>\n<meta property=\"og:description\" content=\"Kiekvienas \u017emogus, kuris yra pakankamai brandus, kad suvokt\u0173, kas tai yra pinigai, nori j\u0173 tur\u0117ti. Ta\u010diau, tvirtina N. Hillas, paprastas noras turt\u0173\" \/>\n<meta property=\"og:url\" content=\"https:\/\/skaitytaknyga.lt\/en\/produktas\/mastyk-ir-buk-turtingas\/\" \/>\n<meta property=\"og:site_name\" content=\"Skaitytaknyga\" \/>\n<meta property=\"article:publisher\" content=\"https:\/\/www.facebook.com\/skaitytaknyga\/\" \/>\n<meta property=\"article:modified_time\" content=\"2025-05-24T17:56:58+00:00\" \/>\n<meta property=\"og:image\" content=\"https:\/\/skaitytaknyga.lt\/wp-content\/uploads\/2025\/02\/Mastyk-ir-buk-turtingas.webp\" \/>\n\t<meta property=\"og:image:width\" content=\"438\" \/>\n\t<meta property=\"og:image:height\" content=\"711\" \/>\n\t<meta property=\"og:image:type\" content=\"image\/webp\" \/>\n<meta name=\"twitter:card\" content=\"summary_large_image\" \/>\n<meta name=\"twitter:label1\" content=\"Estimated reading time\" \/>\n\t<meta name=\"twitter:data1\" content=\"1 minute\" \/>\n<script type=\"application\/ld+json\" class=\"yoast-schema-graph\">{\"@context\":\"https:\/\/schema.org\",\"@graph\":[{\"@type\":\"WebPage\",\"@id\":\"https:\/\/skaitytaknyga.lt\/produktas\/mastyk-ir-buk-turtingas\/\",\"url\":\"https:\/\/skaitytaknyga.lt\/produktas\/mastyk-ir-buk-turtingas\/\",\"name\":\"M\u0105styk ir b\u016bk turtingas!\",\"isPartOf\":{\"@id\":\"https:\/\/skaitytaknyga.lt\/#website\"},\"primaryImageOfPage\":{\"@id\":\"https:\/\/skaitytaknyga.lt\/produktas\/mastyk-ir-buk-turtingas\/#primaryimage\"},\"image\":{\"@id\":\"https:\/\/skaitytaknyga.lt\/produktas\/mastyk-ir-buk-turtingas\/#primaryimage\"},\"thumbnailUrl\":\"https:\/\/skaitytaknyga.lt\/wp-content\/uploads\/2025\/02\/Mastyk-ir-buk-turtingas.webp\",\"datePublished\":\"2025-02-01T10:03:47+00:00\",\"dateModified\":\"2025-05-24T17:56:58+00:00\",\"description\":\"Kiekvienas \u017emogus, kuris yra pakankamai brandus, kad suvokt\u0173, kas tai yra pinigai, nori j\u0173 tur\u0117ti. Ta\u010diau, tvirtina N. Hillas, paprastas noras turt\u0173\",\"breadcrumb\":{\"@id\":\"https:\/\/skaitytaknyga.lt\/produktas\/mastyk-ir-buk-turtingas\/#breadcrumb\"},\"inLanguage\":\"en-GB\",\"potentialAction\":[{\"@type\":\"ReadAction\",\"target\":[\"https:\/\/skaitytaknyga.lt\/produktas\/mastyk-ir-buk-turtingas\/\"]}]},{\"@type\":\"ImageObject\",\"inLanguage\":\"en-GB\",\"@id\":\"https:\/\/skaitytaknyga.lt\/produktas\/mastyk-ir-buk-turtingas\/#primaryimage\",\"url\":\"https:\/\/skaitytaknyga.lt\/wp-content\/uploads\/2025\/02\/Mastyk-ir-buk-turtingas.webp\",\"contentUrl\":\"https:\/\/skaitytaknyga.lt\/wp-content\/uploads\/2025\/02\/Mastyk-ir-buk-turtingas.webp\",\"width\":438,\"height\":711,\"caption\":\"M\u0105styk ir b\u016bk turtingas\"},{\"@type\":\"BreadcrumbList\",\"@id\":\"https:\/\/skaitytaknyga.lt\/produktas\/mastyk-ir-buk-turtingas\/#breadcrumb\",\"itemListElement\":[{\"@type\":\"ListItem\",\"position\":1,\"name\":\"Home\",\"item\":\"https:\/\/skaitytaknyga.lt\/\"},{\"@type\":\"ListItem\",\"position\":2,\"name\":\"Parduotuv\u0117\",\"item\":\"https:\/\/skaitytaknyga.lt\/knygu-parduotuve\/\"},{\"@type\":\"ListItem\",\"position\":3,\"name\":\"M\u0105styk ir b\u016bk turtingas!\"}]},{\"@type\":\"WebSite\",\"@id\":\"https:\/\/skaitytaknyga.lt\/#website\",\"url\":\"https:\/\/skaitytaknyga.lt\/\",\"name\":\"skaitytaknyga.lt\",\"description\":\"Skaitytaknyga.lt \u2013 tai ma\u017eas \u0161eimos verslas, kuris prasid\u0117jo nuo meil\u0117s knygoms ir siekio i\u0161gelb\u0117ti knygas nuo likimo prie konteinerio. Kas vienam nereikalingas daiktas \u2013 kitam lobis, o mes esame tarpininkai, kurie padeda abiems tapti laimingesniems ???? \u017dinome kaip nelengva i\u0161gyventi ma\u017eiems verslams, tad nuo \u0161iol, \u010dia rasite ir kit\u0173, ma\u017e\u0173 \u0161eim\u0173 versl\u0173, rank\u0173 darbo, dovan\u0173 sau ir artimiesiems.\",\"publisher\":{\"@id\":\"https:\/\/skaitytaknyga.lt\/#organization\"},\"potentialAction\":[{\"@type\":\"SearchAction\",\"target\":{\"@type\":\"EntryPoint\",\"urlTemplate\":\"https:\/\/skaitytaknyga.lt\/?s={search_term_string}\"},\"query-input\":{\"@type\":\"PropertyValueSpecification\",\"valueRequired\":true,\"valueName\":\"search_term_string\"}}],\"inLanguage\":\"en-GB\"},{\"@type\":\"Organization\",\"@id\":\"https:\/\/skaitytaknyga.lt\/#organization\",\"name\":\"skaitytaknyga.lt\",\"url\":\"https:\/\/skaitytaknyga.lt\/\",\"logo\":{\"@type\":\"ImageObject\",\"inLanguage\":\"en-GB\",\"@id\":\"https:\/\/skaitytaknyga.lt\/#\/schema\/logo\/image\/\",\"url\":\"https:\/\/skaitytaknyga.lt\/wp-content\/uploads\/2024\/05\/cropped-cropped-cropped-02_00843_jt3bggkj1j3HLc7SyY6rEUpg.jpeg\",\"contentUrl\":\"https:\/\/skaitytaknyga.lt\/wp-content\/uploads\/2024\/05\/cropped-cropped-cropped-02_00843_jt3bggkj1j3HLc7SyY6rEUpg.jpeg\",\"width\":1600,\"height\":1600,\"caption\":\"skaitytaknyga.lt\"},\"image\":{\"@id\":\"https:\/\/skaitytaknyga.lt\/#\/schema\/logo\/image\/\"},\"sameAs\":[\"https:\/\/www.facebook.com\/skaitytaknyga\/\"]}]}<\/script>\n<!-- \/ Yoast SEO plugin. -->","yoast_head_json":{"title":"M\u0105styk ir b\u016bk turtingas!","description":"Kiekvienas \u017emogus, kuris yra pakankamai brandus, kad suvokt\u0173, kas tai yra pinigai, nori j\u0173 tur\u0117ti. Ta\u010diau, tvirtina N. Hillas, paprastas noras turt\u0173","robots":{"index":"index","follow":"follow","max-snippet":"max-snippet:-1","max-image-preview":"max-image-preview:large","max-video-preview":"max-video-preview:-1"},"canonical":"https:\/\/skaitytaknyga.lt\/en\/produktas\/mastyk-ir-buk-turtingas\/","og_locale":"en_GB","og_type":"article","og_title":"[:lt]M\u0105styk ir b\u016bk turtingas![:] - Skaitytaknyga","og_description":"Kiekvienas \u017emogus, kuris yra pakankamai brandus, kad suvokt\u0173, kas tai yra pinigai, nori j\u0173 tur\u0117ti. Ta\u010diau, tvirtina N. Hillas, paprastas noras turt\u0173","og_url":"https:\/\/skaitytaknyga.lt\/en\/produktas\/mastyk-ir-buk-turtingas\/","og_site_name":"Skaitytaknyga","article_publisher":"https:\/\/www.facebook.com\/skaitytaknyga\/","article_modified_time":"2025-05-24T17:56:58+00:00","og_image":[{"width":438,"height":711,"url":"https:\/\/skaitytaknyga.lt\/wp-content\/uploads\/2025\/02\/Mastyk-ir-buk-turtingas.webp","type":"image\/webp"}],"twitter_card":"summary_large_image","twitter_misc":{"Estimated reading time":"1 minute"},"schema":{"@context":"https:\/\/schema.org","@graph":[{"@type":"WebPage","@id":"https:\/\/skaitytaknyga.lt\/produktas\/mastyk-ir-buk-turtingas\/","url":"https:\/\/skaitytaknyga.lt\/produktas\/mastyk-ir-buk-turtingas\/","name":"M\u0105styk ir b\u016bk turtingas!","isPartOf":{"@id":"https:\/\/skaitytaknyga.lt\/#website"},"primaryImageOfPage":{"@id":"https:\/\/skaitytaknyga.lt\/produktas\/mastyk-ir-buk-turtingas\/#primaryimage"},"image":{"@id":"https:\/\/skaitytaknyga.lt\/produktas\/mastyk-ir-buk-turtingas\/#primaryimage"},"thumbnailUrl":"https:\/\/skaitytaknyga.lt\/wp-content\/uploads\/2025\/02\/Mastyk-ir-buk-turtingas.webp","datePublished":"2025-02-01T10:03:47+00:00","dateModified":"2025-05-24T17:56:58+00:00","description":"Kiekvienas \u017emogus, kuris yra pakankamai brandus, kad suvokt\u0173, kas tai yra pinigai, nori j\u0173 tur\u0117ti. Ta\u010diau, tvirtina N. Hillas, paprastas noras turt\u0173","breadcrumb":{"@id":"https:\/\/skaitytaknyga.lt\/produktas\/mastyk-ir-buk-turtingas\/#breadcrumb"},"inLanguage":"en-GB","potentialAction":[{"@type":"ReadAction","target":["https:\/\/skaitytaknyga.lt\/produktas\/mastyk-ir-buk-turtingas\/"]}]},{"@type":"ImageObject","inLanguage":"en-GB","@id":"https:\/\/skaitytaknyga.lt\/produktas\/mastyk-ir-buk-turtingas\/#primaryimage","url":"https:\/\/skaitytaknyga.lt\/wp-content\/uploads\/2025\/02\/Mastyk-ir-buk-turtingas.webp","contentUrl":"https:\/\/skaitytaknyga.lt\/wp-content\/uploads\/2025\/02\/Mastyk-ir-buk-turtingas.webp","width":438,"height":711,"caption":"M\u0105styk ir b\u016bk turtingas"},{"@type":"BreadcrumbList","@id":"https:\/\/skaitytaknyga.lt\/produktas\/mastyk-ir-buk-turtingas\/#breadcrumb","itemListElement":[{"@type":"ListItem","position":1,"name":"Home","item":"https:\/\/skaitytaknyga.lt\/"},{"@type":"ListItem","position":2,"name":"Parduotuv\u0117","item":"https:\/\/skaitytaknyga.lt\/knygu-parduotuve\/"},{"@type":"ListItem","position":3,"name":"M\u0105styk ir b\u016bk turtingas!"}]},{"@type":"WebSite","@id":"https:\/\/skaitytaknyga.lt\/#website","url":"https:\/\/skaitytaknyga.lt\/","name":"skaitytaknyga.lt","description":"Skaitytaknyga.lt \u2013 tai ma\u017eas \u0161eimos verslas, kuris prasid\u0117jo nuo meil\u0117s knygoms ir siekio i\u0161gelb\u0117ti knygas nuo likimo prie konteinerio. Kas vienam nereikalingas daiktas \u2013 kitam lobis, o mes esame tarpininkai, kurie padeda abiems tapti laimingesniems ???? \u017dinome kaip nelengva i\u0161gyventi ma\u017eiems verslams, tad nuo \u0161iol, \u010dia rasite ir kit\u0173, ma\u017e\u0173 \u0161eim\u0173 versl\u0173, rank\u0173 darbo, dovan\u0173 sau ir artimiesiems.","publisher":{"@id":"https:\/\/skaitytaknyga.lt\/#organization"},"potentialAction":[{"@type":"SearchAction","target":{"@type":"EntryPoint","urlTemplate":"https:\/\/skaitytaknyga.lt\/?s={search_term_string}"},"query-input":{"@type":"PropertyValueSpecification","valueRequired":true,"valueName":"search_term_string"}}],"inLanguage":"en-GB"},{"@type":"Organization","@id":"https:\/\/skaitytaknyga.lt\/#organization","name":"skaitytaknyga.lt","url":"https:\/\/skaitytaknyga.lt\/","logo":{"@type":"ImageObject","inLanguage":"en-GB","@id":"https:\/\/skaitytaknyga.lt\/#\/schema\/logo\/image\/","url":"https:\/\/skaitytaknyga.lt\/wp-content\/uploads\/2024\/05\/cropped-cropped-cropped-02_00843_jt3bggkj1j3HLc7SyY6rEUpg.jpeg","contentUrl":"https:\/\/skaitytaknyga.lt\/wp-content\/uploads\/2024\/05\/cropped-cropped-cropped-02_00843_jt3bggkj1j3HLc7SyY6rEUpg.jpeg","width":1600,"height":1600,"caption":"skaitytaknyga.lt"},"image":{"@id":"https:\/\/skaitytaknyga.lt\/#\/schema\/logo\/image\/"},"sameAs":["https:\/\/www.facebook.com\/skaitytaknyga\/"]}]}},"_links":{"self":[{"href":"https:\/\/skaitytaknyga.lt\/en\/wp-json\/wp\/v2\/product\/16370","targetHints":{"allow":["GET"]}}],"collection":[{"href":"https:\/\/skaitytaknyga.lt\/en\/wp-json\/wp\/v2\/product"}],"about":[{"href":"https:\/\/skaitytaknyga.lt\/en\/wp-json\/wp\/v2\/types\/product"}],"replies":[{"embeddable":true,"href":"https:\/\/skaitytaknyga.lt\/en\/wp-json\/wp\/v2\/comments?post=16370"}],"wp:featuredmedia":[{"embeddable":true,"href":"https:\/\/skaitytaknyga.lt\/en\/wp-json\/wp\/v2\/media\/16371"}],"wp:attachment":[{"href":"https:\/\/skaitytaknyga.lt\/en\/wp-json\/wp\/v2\/media?parent=16370"}],"wp:term":[{"taxonomy":"product_brand","embeddable":true,"href":"https:\/\/skaitytaknyga.lt\/en\/wp-json\/wp\/v2\/product_brand?post=16370"},{"taxonomy":"product_cat","embeddable":true,"href":"https:\/\/skaitytaknyga.lt\/en\/wp-json\/wp\/v2\/product_cat?post=16370"},{"taxonomy":"product_tag","embeddable":true,"href":"https:\/\/skaitytaknyga.lt\/en\/wp-json\/wp\/v2\/product_tag?post=16370"}],"curies":[{"name":"wp","href":"https:\/\/api.w.org\/{rel}","templated":true}]}}