{"id":16368,"date":"2025-02-01T11:50:50","date_gmt":"2025-02-01T09:50:50","guid":{"rendered":"https:\/\/skaitytaknyga.lt\/?post_type=product&#038;p=16368"},"modified":"2026-03-17T11:42:06","modified_gmt":"2026-03-17T09:42:06","slug":"miegoti-juroje-zvaigzdziu","status":"publish","type":"product","link":"https:\/\/skaitytaknyga.lt\/en\/produktas\/miegoti-juroje-zvaigzdziu\/","title":{"rendered":"Miegoti j\u016broje \u017evaig\u017ed\u017ei\u0173"},"content":{"rendered":"<div class=\"tab-content col-xs-12\">\n<div id=\"tab-description\" class=\"tab-pane active\">\n<div class=\"content-product-midde clearfix\">\n<div class=\"producttab \">\n<div class=\"tabsslider horizontal-tabs col-xs-12\">\n<div class=\"tab-content col-xs-12\">\n<div id=\"tab-description\" class=\"tab-pane active\">\n<div id=\"collapse-description\" class=\"desc-collapse\">\n<div class=\"col-12 col-xl-9 mb-3\">\n<div class=\"row bg-white m-0 px-2 py-3 p-md-4 h-100\">\n<div class=\"col-12 col-xl-8 book-descript-wrapper pl-xl-5 -order-0 order-xl-1\">\n<section class=\"product-descript more-content-wrapper position-relative d-none d-xl-block pb-4\">\n<div class=\"\">\n<p>Goodreads geriausia met\u0173 knyga<br \/>\nBestselerio \u201eEragonas\u201c autorius<\/p>\n<p>Kira Navares svajojo rasti gyvyb\u0119 naujuose pasauliuose.<br \/>\nBet jos svajon\u0117s virto ko\u0161maru.<\/p>\n<p>Per eilin\u0119 \u017evalgybin\u0119 misij\u0105 nekolonizuotoje planetoje Kira aptinka svetimos kilm\u0117s relikt\u0105. I\u0161 prad\u017ei\u0173 nud\u017eiunga, bet kai j\u0105 supan\u010dios senovin\u0117s dulk\u0117s pradeda jud\u0117ti, pakili nuotaika greitai u\u017eleid\u017eia viet\u0105 siaubui.<\/p>\n<p>Tarp \u017evaig\u017ed\u017ei\u0173 \u012fsiplieskus karui, Kira leid\u017eiasi \u012f did\u017eiulius galaktikos plotus apr\u0117pian\u010di\u0105, atradim\u0173 ir transformacij\u0173 kupin\u0105 odis\u0117j\u0105. Pirmasis kontaktas su kitomis protingomis b\u016btyb\u0117mis anaiptol ne toks, kok\u012f pie\u0161\u0117 vaizduot\u0117, ir \u012fvyki\u0173 eiga stumia j\u0105 link ribos to, k\u0105 rei\u0161kia b\u016bti \u017emogumi.<\/p>\n<p>Kol Kira bando tvarkytis su j\u0105 u\u017eklupusiais baisiais dalykais, \u017demei ir kolonijoms i\u0161kyla sunaikinimo pavojus. Kira, galimas daiktas, tampa did\u017eiausia ir paskutine \u017emonijos viltimi&#8230;<\/p>\n<p><strong>Christopheris Paolinis<\/strong>\u00a0gim\u0117 pietin\u0117je Kalifornijos dalyje ir did\u017eium\u0105 gyvenimo praleido Paradais Valyje, Montanos valstijoje. Pirm\u0105j\u012f roman\u0105 i\u0161leido 2003-iaisiais, b\u016bdamas devyniolikos, ir veikiai tapo leidybiniu fenomenu. Visame pasaulyje parduota beveik keturiasde\u0161imt milijon\u0173 ciklo \u201ePaveld\u0117jimas\u201c \u2013 \u201eEragono\u201c ir trij\u0173 t\u0119sini\u0173 \u2013 egzempliori\u0173.<\/p>\n<p><strong>\u201eMiegoti j\u016broje \u017evaig\u017ed\u017ei\u0173\u201c<\/strong>\u00a0\u2013 jo pirmasis suaugusiesiems skirtas mokslin\u0117s fantastikos romanas.<\/p>\n<p>Originalus pavadinimas: TO SLEEP IN A SEA OF STARS<br \/>\nAutorius: Christopher Paolini<br \/>\nLeid\u0117jas: Alma littera<br \/>\nMetai: 2022<br \/>\nPuslapiai: 944<br \/>\nISBN: 9786090149225<br \/>\nVersijos kodas: 4<br \/>\nFormatas: 14,3 x 23,5 x 6,2 cm, kieti vir\u0161eliai<br \/>\nKalba: Lietuvi\u0173<br \/>\nVert\u0117jas: Bronislovas Bru\u017eas<\/p>\n<\/div>\n<\/section>\n<\/div>\n<\/div>\n<\/div>\n<\/div>\n<\/div>\n<\/div>\n<\/div>\n<\/div>\n<\/div>\n<\/div>\n<\/div>\n","protected":false},"excerpt":{"rendered":"<p>Goodreads geriausia met\u0173 knyga Bestselerio \u201eEragonas\u201c autorius Kira Navares svajojo rasti gyvyb\u0119 naujuose pasauliuose. Bet jos svajon\u0117s virto ko\u0161maru. Per eilin\u0119 \u017evalgybin\u0119 misij\u0105 nekolonizuotoje planetoje Kira aptinka svetimos kilm\u0117s relikt\u0105. I\u0161 prad\u017ei\u0173 nud\u017eiunga, bet kai j\u0105 supan\u010dios senovin\u0117s dulk\u0117s pradeda jud\u0117ti, pakili nuotaika greitai u\u017eleid\u017eia viet\u0105 siaubui. Tarp \u017evaig\u017ed\u017ei\u0173 \u012fsiplieskus karui, Kira leid\u017eiasi \u012f did\u017eiulius galaktikos plotus apr\u0117pian\u010di\u0105, atradim\u0173 ir transformacij\u0173 kupin\u0105 odis\u0117j\u0105. Pirmasis kontaktas su kitomis protingomis b\u016btyb\u0117mis anaiptol ne toks, kok\u012f pie\u0161\u0117 vaizduot\u0117, ir \u012fvyki\u0173 eiga stumia j\u0105 link ribos to, k\u0105 rei\u0161kia b\u016bti \u017emogumi. Kol Kira bando tvarkytis su j\u0105 u\u017eklupusiais baisiais dalykais, \u017demei ir kolonijoms i\u0161kyla sunaikinimo pavojus. Kira, galimas daiktas, tampa did\u017eiausia ir paskutine \u017emonijos viltimi&#8230; Christopheris Paolinis\u00a0gim\u0117 pietin\u0117je Kalifornijos dalyje ir did\u017eium\u0105 gyvenimo praleido Paradais Valyje, Montanos valstijoje. Pirm\u0105j\u012f roman\u0105 i\u0161leido 2003-iaisiais, b\u016bdamas devyniolikos, ir veikiai tapo leidybiniu fenomenu. Visame pasaulyje parduota beveik keturiasde\u0161imt milijon\u0173 ciklo \u201ePaveld\u0117jimas\u201c \u2013 \u201eEragono\u201c ir trij\u0173 t\u0119sini\u0173 \u2013 egzempliori\u0173. \u201eMiegoti j\u016broje \u017evaig\u017ed\u017ei\u0173\u201c\u00a0\u2013 jo pirmasis suaugusiesiems skirtas mokslin\u0117s fantastikos romanas. Originalus pavadinimas: TO SLEEP IN A SEA OF STARS Autorius: Christopher Paolini Leid\u0117jas: Alma littera Metai: 2022 Puslapiai: 944 ISBN: 9786090149225 Versijos kodas: 4 Formatas: 14,3 x 23,5 x 6,2 cm, kieti vir\u0161eliai Kalba: Lietuvi\u0173 Vert\u0117jas: Bronislovas Bru\u017eas<\/p>\n","protected":false},"featured_media":16369,"comment_status":"closed","ping_status":"closed","template":"","meta":{"_acf_changed":false,"site-sidebar-layout":"default","site-content-layout":"","ast-site-content-layout":"default","site-content-style":"default","site-sidebar-style":"default","ast-global-header-display":"","ast-banner-title-visibility":"","ast-main-header-display":"","ast-hfb-above-header-display":"","ast-hfb-below-header-display":"","ast-hfb-mobile-header-display":"","site-post-title":"","ast-breadcrumbs-content":"","ast-featured-img":"","footer-sml-layout":"","ast-disable-related-posts":"","theme-transparent-header-meta":"default","adv-header-id-meta":"","stick-header-meta":"","header-above-stick-meta":"","header-main-stick-meta":"","header-below-stick-meta":"","astra-migrate-meta-layouts":"set","ast-page-background-enabled":"default","ast-page-background-meta":{"desktop":{"background-color":"","background-image":"","background-repeat":"repeat","background-position":"center center","background-size":"auto","background-attachment":"scroll","background-type":"","background-media":"","overlay-type":"","overlay-color":"","overlay-opacity":"","overlay-gradient":""},"tablet":{"background-color":"","background-image":"","background-repeat":"repeat","background-position":"center center","background-size":"auto","background-attachment":"scroll","background-type":"","background-media":"","overlay-type":"","overlay-color":"","overlay-opacity":"","overlay-gradient":""},"mobile":{"background-color":"","background-image":"","background-repeat":"repeat","background-position":"center center","background-size":"auto","background-attachment":"scroll","background-type":"","background-media":"","overlay-type":"","overlay-color":"","overlay-opacity":"","overlay-gradient":""}},"ast-content-background-meta":{"desktop":{"background-color":"var(--ast-global-color-4)","background-image":"","background-repeat":"repeat","background-position":"center center","background-size":"auto","background-attachment":"scroll","background-type":"","background-media":"","overlay-type":"","overlay-color":"","overlay-opacity":"","overlay-gradient":""},"tablet":{"background-color":"var(--ast-global-color-4)","background-image":"","background-repeat":"repeat","background-position":"center center","background-size":"auto","background-attachment":"scroll","background-type":"","background-media":"","overlay-type":"","overlay-color":"","overlay-opacity":"","overlay-gradient":""},"mobile":{"background-color":"var(--ast-global-color-4)","background-image":"","background-repeat":"repeat","background-position":"center center","background-size":"auto","background-attachment":"scroll","background-type":"","background-media":"","overlay-type":"","overlay-color":"","overlay-opacity":"","overlay-gradient":""}}},"product_brand":[],"product_cat":[9734],"product_tag":[4578,4579,2190,4580,4563],"class_list":{"0":"post-16368","1":"product","2":"type-product","3":"status-publish","4":"has-post-thumbnail","6":"product_cat-romanai","7":"product_tag-christopher-paolini","8":"product_tag-galaktikos-karai","9":"product_tag-moksline-fantastika","10":"product_tag-pirmasis-kontaktas","11":"product_tag-zmonijos-islikimas","12":"desktop-align-left","13":"tablet-align-left","14":"mobile-align-left","16":"first","17":"instock","18":"shipping-taxable","19":"purchasable","20":"product-type-simple"},"acf":[],"yoast_head":"<!-- This site is optimized with the Yoast SEO plugin v27.0 - https:\/\/yoast.com\/product\/yoast-seo-wordpress\/ -->\n<title>Miegoti j\u016broje \u017evaig\u017ed\u017ei\u0173<\/title>\n<meta name=\"description\" content=\"Goodreads geriausia met\u0173 knyga Bestselerio \u201eEragonas\u201c autorius Kira Navares svajojo rasti gyvyb\u0119 naujuose pasauliuose. Bet jos svajon\u0117s virto ko\u0161maru. Per\" \/>\n<meta name=\"robots\" content=\"index, follow, max-snippet:-1, max-image-preview:large, max-video-preview:-1\" \/>\n<link rel=\"canonical\" href=\"https:\/\/skaitytaknyga.lt\/en\/produktas\/miegoti-juroje-zvaigzdziu\/\" \/>\n<meta property=\"og:locale\" content=\"en_GB\" \/>\n<meta property=\"og:locale:alternate\" content=\"lt_LT\" \/>\n<meta property=\"og:type\" content=\"article\" \/>\n<meta property=\"og:title\" content=\"Miegoti j\u016broje \u017evaig\u017ed\u017ei\u0173\" \/>\n<meta property=\"og:description\" content=\"Goodreads geriausia met\u0173 knyga Bestselerio \u201eEragonas\u201c autorius Kira Navares svajojo rasti gyvyb\u0119 naujuose pasauliuose. Bet jos svajon\u0117s virto ko\u0161maru. Per\" \/>\n<meta property=\"og:url\" content=\"https:\/\/skaitytaknyga.lt\/en\/produktas\/miegoti-juroje-zvaigzdziu\/\" \/>\n<meta property=\"og:site_name\" content=\"Skaitytaknyga\" \/>\n<meta property=\"article:publisher\" content=\"https:\/\/www.facebook.com\/skaitytaknyga\/\" \/>\n<meta property=\"article:modified_time\" content=\"2026-03-17T09:42:06+00:00\" \/>\n<meta property=\"og:image\" content=\"https:\/\/skaitytaknyga.lt\/wp-content\/uploads\/2025\/02\/Miegoti-juroje-zvaigzdziu.webp\" \/>\n\t<meta property=\"og:image:width\" content=\"375\" \/>\n\t<meta property=\"og:image:height\" content=\"600\" \/>\n\t<meta property=\"og:image:type\" content=\"image\/webp\" \/>\n<meta name=\"twitter:card\" content=\"summary_large_image\" \/>\n<meta name=\"twitter:label1\" content=\"Estimated reading time\" \/>\n\t<meta name=\"twitter:data1\" content=\"2 minutes\" \/>\n<script type=\"application\/ld+json\" class=\"yoast-schema-graph\">{\"@context\":\"https:\/\/schema.org\",\"@graph\":[{\"@type\":\"WebPage\",\"@id\":\"https:\/\/skaitytaknyga.lt\/produktas\/miegoti-juroje-zvaigzdziu\/\",\"url\":\"https:\/\/skaitytaknyga.lt\/produktas\/miegoti-juroje-zvaigzdziu\/\",\"name\":\"Miegoti j\u016broje \u017evaig\u017ed\u017ei\u0173\",\"isPartOf\":{\"@id\":\"https:\/\/skaitytaknyga.lt\/#website\"},\"primaryImageOfPage\":{\"@id\":\"https:\/\/skaitytaknyga.lt\/produktas\/miegoti-juroje-zvaigzdziu\/#primaryimage\"},\"image\":{\"@id\":\"https:\/\/skaitytaknyga.lt\/produktas\/miegoti-juroje-zvaigzdziu\/#primaryimage\"},\"thumbnailUrl\":\"https:\/\/skaitytaknyga.lt\/wp-content\/uploads\/2025\/02\/Miegoti-juroje-zvaigzdziu.webp\",\"datePublished\":\"2025-02-01T09:50:50+00:00\",\"dateModified\":\"2026-03-17T09:42:06+00:00\",\"description\":\"Goodreads geriausia met\u0173 knyga Bestselerio \u201eEragonas\u201c autorius Kira Navares svajojo rasti gyvyb\u0119 naujuose pasauliuose. Bet jos svajon\u0117s virto ko\u0161maru. Per\",\"breadcrumb\":{\"@id\":\"https:\/\/skaitytaknyga.lt\/produktas\/miegoti-juroje-zvaigzdziu\/#breadcrumb\"},\"inLanguage\":\"en-GB\",\"potentialAction\":[{\"@type\":\"ReadAction\",\"target\":[\"https:\/\/skaitytaknyga.lt\/produktas\/miegoti-juroje-zvaigzdziu\/\"]}]},{\"@type\":\"ImageObject\",\"inLanguage\":\"en-GB\",\"@id\":\"https:\/\/skaitytaknyga.lt\/produktas\/miegoti-juroje-zvaigzdziu\/#primaryimage\",\"url\":\"https:\/\/skaitytaknyga.lt\/wp-content\/uploads\/2025\/02\/Miegoti-juroje-zvaigzdziu.webp\",\"contentUrl\":\"https:\/\/skaitytaknyga.lt\/wp-content\/uploads\/2025\/02\/Miegoti-juroje-zvaigzdziu.webp\",\"width\":375,\"height\":600,\"caption\":\"Miegoti j\u016broje \u017evaig\u017ed\u017ei\u0173\"},{\"@type\":\"BreadcrumbList\",\"@id\":\"https:\/\/skaitytaknyga.lt\/produktas\/miegoti-juroje-zvaigzdziu\/#breadcrumb\",\"itemListElement\":[{\"@type\":\"ListItem\",\"position\":1,\"name\":\"Home\",\"item\":\"https:\/\/skaitytaknyga.lt\/\"},{\"@type\":\"ListItem\",\"position\":2,\"name\":\"Parduotuv\u0117\",\"item\":\"https:\/\/skaitytaknyga.lt\/knygu-parduotuve\/\"},{\"@type\":\"ListItem\",\"position\":3,\"name\":\"Miegoti j\u016broje \u017evaig\u017ed\u017ei\u0173\"}]},{\"@type\":\"WebSite\",\"@id\":\"https:\/\/skaitytaknyga.lt\/#website\",\"url\":\"https:\/\/skaitytaknyga.lt\/\",\"name\":\"skaitytaknyga.lt\",\"description\":\"Skaitytaknyga.lt \u2013 tai ma\u017eas \u0161eimos verslas, kuris prasid\u0117jo nuo meil\u0117s knygoms ir siekio i\u0161gelb\u0117ti knygas nuo likimo prie konteinerio. Kas vienam nereikalingas daiktas \u2013 kitam lobis, o mes esame tarpininkai, kurie padeda abiems tapti laimingesniems ???? \u017dinome kaip nelengva i\u0161gyventi ma\u017eiems verslams, tad nuo \u0161iol, \u010dia rasite ir kit\u0173, ma\u017e\u0173 \u0161eim\u0173 versl\u0173, rank\u0173 darbo, dovan\u0173 sau ir artimiesiems.\",\"publisher\":{\"@id\":\"https:\/\/skaitytaknyga.lt\/#organization\"},\"potentialAction\":[{\"@type\":\"SearchAction\",\"target\":{\"@type\":\"EntryPoint\",\"urlTemplate\":\"https:\/\/skaitytaknyga.lt\/?s={search_term_string}\"},\"query-input\":{\"@type\":\"PropertyValueSpecification\",\"valueRequired\":true,\"valueName\":\"search_term_string\"}}],\"inLanguage\":\"en-GB\"},{\"@type\":\"Organization\",\"@id\":\"https:\/\/skaitytaknyga.lt\/#organization\",\"name\":\"skaitytaknyga.lt\",\"url\":\"https:\/\/skaitytaknyga.lt\/\",\"logo\":{\"@type\":\"ImageObject\",\"inLanguage\":\"en-GB\",\"@id\":\"https:\/\/skaitytaknyga.lt\/#\/schema\/logo\/image\/\",\"url\":\"https:\/\/skaitytaknyga.lt\/wp-content\/uploads\/2024\/05\/cropped-cropped-cropped-02_00843_jt3bggkj1j3HLc7SyY6rEUpg.jpeg\",\"contentUrl\":\"https:\/\/skaitytaknyga.lt\/wp-content\/uploads\/2024\/05\/cropped-cropped-cropped-02_00843_jt3bggkj1j3HLc7SyY6rEUpg.jpeg\",\"width\":1600,\"height\":1600,\"caption\":\"skaitytaknyga.lt\"},\"image\":{\"@id\":\"https:\/\/skaitytaknyga.lt\/#\/schema\/logo\/image\/\"},\"sameAs\":[\"https:\/\/www.facebook.com\/skaitytaknyga\/\"]}]}<\/script>\n<!-- \/ Yoast SEO plugin. -->","yoast_head_json":{"title":"Miegoti j\u016broje \u017evaig\u017ed\u017ei\u0173","description":"Goodreads geriausia met\u0173 knyga Bestselerio \u201eEragonas\u201c autorius Kira Navares svajojo rasti gyvyb\u0119 naujuose pasauliuose. Bet jos svajon\u0117s virto ko\u0161maru. Per","robots":{"index":"index","follow":"follow","max-snippet":"max-snippet:-1","max-image-preview":"max-image-preview:large","max-video-preview":"max-video-preview:-1"},"canonical":"https:\/\/skaitytaknyga.lt\/en\/produktas\/miegoti-juroje-zvaigzdziu\/","og_locale":"en_GB","og_type":"article","og_title":"[:lt]Miegoti j\u016broje \u017evaig\u017ed\u017ei\u0173[:] - Skaitytaknyga","og_description":"Goodreads geriausia met\u0173 knyga Bestselerio \u201eEragonas\u201c autorius Kira Navares svajojo rasti gyvyb\u0119 naujuose pasauliuose. Bet jos svajon\u0117s virto ko\u0161maru. Per","og_url":"https:\/\/skaitytaknyga.lt\/en\/produktas\/miegoti-juroje-zvaigzdziu\/","og_site_name":"Skaitytaknyga","article_publisher":"https:\/\/www.facebook.com\/skaitytaknyga\/","article_modified_time":"2026-03-17T09:42:06+00:00","og_image":[{"width":375,"height":600,"url":"https:\/\/skaitytaknyga.lt\/wp-content\/uploads\/2025\/02\/Miegoti-juroje-zvaigzdziu.webp","type":"image\/webp"}],"twitter_card":"summary_large_image","twitter_misc":{"Estimated reading time":"2 minutes"},"schema":{"@context":"https:\/\/schema.org","@graph":[{"@type":"WebPage","@id":"https:\/\/skaitytaknyga.lt\/produktas\/miegoti-juroje-zvaigzdziu\/","url":"https:\/\/skaitytaknyga.lt\/produktas\/miegoti-juroje-zvaigzdziu\/","name":"Miegoti j\u016broje \u017evaig\u017ed\u017ei\u0173","isPartOf":{"@id":"https:\/\/skaitytaknyga.lt\/#website"},"primaryImageOfPage":{"@id":"https:\/\/skaitytaknyga.lt\/produktas\/miegoti-juroje-zvaigzdziu\/#primaryimage"},"image":{"@id":"https:\/\/skaitytaknyga.lt\/produktas\/miegoti-juroje-zvaigzdziu\/#primaryimage"},"thumbnailUrl":"https:\/\/skaitytaknyga.lt\/wp-content\/uploads\/2025\/02\/Miegoti-juroje-zvaigzdziu.webp","datePublished":"2025-02-01T09:50:50+00:00","dateModified":"2026-03-17T09:42:06+00:00","description":"Goodreads geriausia met\u0173 knyga Bestselerio \u201eEragonas\u201c autorius Kira Navares svajojo rasti gyvyb\u0119 naujuose pasauliuose. Bet jos svajon\u0117s virto ko\u0161maru. Per","breadcrumb":{"@id":"https:\/\/skaitytaknyga.lt\/produktas\/miegoti-juroje-zvaigzdziu\/#breadcrumb"},"inLanguage":"en-GB","potentialAction":[{"@type":"ReadAction","target":["https:\/\/skaitytaknyga.lt\/produktas\/miegoti-juroje-zvaigzdziu\/"]}]},{"@type":"ImageObject","inLanguage":"en-GB","@id":"https:\/\/skaitytaknyga.lt\/produktas\/miegoti-juroje-zvaigzdziu\/#primaryimage","url":"https:\/\/skaitytaknyga.lt\/wp-content\/uploads\/2025\/02\/Miegoti-juroje-zvaigzdziu.webp","contentUrl":"https:\/\/skaitytaknyga.lt\/wp-content\/uploads\/2025\/02\/Miegoti-juroje-zvaigzdziu.webp","width":375,"height":600,"caption":"Miegoti j\u016broje \u017evaig\u017ed\u017ei\u0173"},{"@type":"BreadcrumbList","@id":"https:\/\/skaitytaknyga.lt\/produktas\/miegoti-juroje-zvaigzdziu\/#breadcrumb","itemListElement":[{"@type":"ListItem","position":1,"name":"Home","item":"https:\/\/skaitytaknyga.lt\/"},{"@type":"ListItem","position":2,"name":"Parduotuv\u0117","item":"https:\/\/skaitytaknyga.lt\/knygu-parduotuve\/"},{"@type":"ListItem","position":3,"name":"Miegoti j\u016broje \u017evaig\u017ed\u017ei\u0173"}]},{"@type":"WebSite","@id":"https:\/\/skaitytaknyga.lt\/#website","url":"https:\/\/skaitytaknyga.lt\/","name":"skaitytaknyga.lt","description":"Skaitytaknyga.lt \u2013 tai ma\u017eas \u0161eimos verslas, kuris prasid\u0117jo nuo meil\u0117s knygoms ir siekio i\u0161gelb\u0117ti knygas nuo likimo prie konteinerio. Kas vienam nereikalingas daiktas \u2013 kitam lobis, o mes esame tarpininkai, kurie padeda abiems tapti laimingesniems ???? \u017dinome kaip nelengva i\u0161gyventi ma\u017eiems verslams, tad nuo \u0161iol, \u010dia rasite ir kit\u0173, ma\u017e\u0173 \u0161eim\u0173 versl\u0173, rank\u0173 darbo, dovan\u0173 sau ir artimiesiems.","publisher":{"@id":"https:\/\/skaitytaknyga.lt\/#organization"},"potentialAction":[{"@type":"SearchAction","target":{"@type":"EntryPoint","urlTemplate":"https:\/\/skaitytaknyga.lt\/?s={search_term_string}"},"query-input":{"@type":"PropertyValueSpecification","valueRequired":true,"valueName":"search_term_string"}}],"inLanguage":"en-GB"},{"@type":"Organization","@id":"https:\/\/skaitytaknyga.lt\/#organization","name":"skaitytaknyga.lt","url":"https:\/\/skaitytaknyga.lt\/","logo":{"@type":"ImageObject","inLanguage":"en-GB","@id":"https:\/\/skaitytaknyga.lt\/#\/schema\/logo\/image\/","url":"https:\/\/skaitytaknyga.lt\/wp-content\/uploads\/2024\/05\/cropped-cropped-cropped-02_00843_jt3bggkj1j3HLc7SyY6rEUpg.jpeg","contentUrl":"https:\/\/skaitytaknyga.lt\/wp-content\/uploads\/2024\/05\/cropped-cropped-cropped-02_00843_jt3bggkj1j3HLc7SyY6rEUpg.jpeg","width":1600,"height":1600,"caption":"skaitytaknyga.lt"},"image":{"@id":"https:\/\/skaitytaknyga.lt\/#\/schema\/logo\/image\/"},"sameAs":["https:\/\/www.facebook.com\/skaitytaknyga\/"]}]}},"_links":{"self":[{"href":"https:\/\/skaitytaknyga.lt\/en\/wp-json\/wp\/v2\/product\/16368","targetHints":{"allow":["GET"]}}],"collection":[{"href":"https:\/\/skaitytaknyga.lt\/en\/wp-json\/wp\/v2\/product"}],"about":[{"href":"https:\/\/skaitytaknyga.lt\/en\/wp-json\/wp\/v2\/types\/product"}],"replies":[{"embeddable":true,"href":"https:\/\/skaitytaknyga.lt\/en\/wp-json\/wp\/v2\/comments?post=16368"}],"wp:featuredmedia":[{"embeddable":true,"href":"https:\/\/skaitytaknyga.lt\/en\/wp-json\/wp\/v2\/media\/16369"}],"wp:attachment":[{"href":"https:\/\/skaitytaknyga.lt\/en\/wp-json\/wp\/v2\/media?parent=16368"}],"wp:term":[{"taxonomy":"product_brand","embeddable":true,"href":"https:\/\/skaitytaknyga.lt\/en\/wp-json\/wp\/v2\/product_brand?post=16368"},{"taxonomy":"product_cat","embeddable":true,"href":"https:\/\/skaitytaknyga.lt\/en\/wp-json\/wp\/v2\/product_cat?post=16368"},{"taxonomy":"product_tag","embeddable":true,"href":"https:\/\/skaitytaknyga.lt\/en\/wp-json\/wp\/v2\/product_tag?post=16368"}],"curies":[{"name":"wp","href":"https:\/\/api.w.org\/{rel}","templated":true}]}}