{"id":16366,"date":"2025-02-01T11:45:00","date_gmt":"2025-02-01T09:45:00","guid":{"rendered":"https:\/\/skaitytaknyga.lt\/?post_type=product&#038;p=16366"},"modified":"2025-06-11T09:12:36","modified_gmt":"2025-06-11T06:12:36","slug":"kelias-i-meile","status":"publish","type":"product","link":"https:\/\/skaitytaknyga.lt\/en\/produktas\/kelias-i-meile\/","title":{"rendered":"Kelias \u012f meil\u0119"},"content":{"rendered":"<div class=\"tab-content col-xs-12\">\n<div id=\"tab-description\" class=\"tab-pane active\">\n<div class=\"content-product-midde clearfix\">\n<div class=\"producttab \">\n<div class=\"tabsslider horizontal-tabs col-xs-12\">\n<div class=\"tab-content col-xs-12\">\n<div id=\"tab-description\" class=\"tab-pane active\">\n<div id=\"collapse-description\" class=\"desc-collapse\">\n<div class=\"col-12 col-xl-9 mb-3\">\n<div class=\"row bg-white m-0 px-2 py-3 p-md-4 h-100\">\n<div class=\"col-12 col-xl-8 book-descript-wrapper pl-xl-5 -order-0 order-xl-1\">\n<section class=\"product-descript more-content-wrapper position-relative d-none d-xl-block pb-4\">\n<div class=\"\">\n<p><strong>Deepak Chopra<\/strong>\u00a0\u2013 vienas i\u0161 \u017eymiausi\u0173 pasaulio m\u0105stytoj\u0173, populiari\u0173 knyg\u0173 autorius.<\/p>\n<p>Savo knygoje\u00a0<strong>\u201eKelias \u012f meil\u0119\u201c<\/strong>\u00a0Deepak Chopra moko mus pasotinti kiekvieno \u0161ird\u017eiai pa\u017e\u012fstam\u0105 meil\u0117s tro\u0161kim\u0105, kreipdamas mus \u012f dvasingum\u0105 \u2013 nei\u0161senkamos meil\u0117s versm\u0119. Pasakodamas konkre\u010dias istorijas, autorius padeda mums suprasti, kad mes patys susikuriame kliuvinius, u\u017estojan\u010dius keli\u0105 \u012f laim\u0119.<\/p>\n<p><strong>\u201eKelias \u012f meil\u0119\u201c<\/strong>\u00a0\u2013 unikalus rytieti\u0161kojo dvasingumo ir vakarieti\u0161kojo pragmatizmo, senovin\u0117s i\u0161minties ir mokslini\u0173 tyrin\u0117jim\u0173 lydinys. Tai pati geriausia Deepak Chopra knyga.<\/p>\n<\/div>\n<\/section>\n<\/div>\n<\/div>\n<\/div>\n<div class=\"col-12 col-xl-3 mb-3\">\n<div class=\"book-checkout-wrapper checkout-wrapper bg-white p-3 p-md-4 h-100\">\n<div id=\"type-new-block\">\n<ul class=\"about-product d-none d-xl-block mt-4\">\n<li><strong>Autorius:<\/strong>\u00a0Deepak Chopra<\/li>\n<li><strong>Metai:<\/strong>\u00a02002<\/li>\n<li><strong>Puslapiai:<\/strong>\u00a0335<\/li>\n<li class=\"toggleable type-new-formats \"><strong>Formatas:<\/strong>\u00a016 x 24 cm, mink\u0161ti vir\u0161eliai<\/li>\n<li><strong>Kalba:<\/strong>\u00a0Lietuvi\u0173<\/li>\n<\/ul>\n<\/div>\n<\/div>\n<\/div>\n<\/div>\n<\/div>\n<\/div>\n<\/div>\n<\/div>\n<\/div>\n<\/div>\n<\/div>\n","protected":false},"excerpt":{"rendered":"<p>Deepak Chopra\u00a0\u2013 vienas i\u0161 \u017eymiausi\u0173 pasaulio m\u0105stytoj\u0173, populiari\u0173 knyg\u0173 autorius. Savo knygoje\u00a0\u201eKelias \u012f meil\u0119\u201c\u00a0Deepak Chopra moko mus pasotinti kiekvieno \u0161ird\u017eiai pa\u017e\u012fstam\u0105 meil\u0117s tro\u0161kim\u0105, kreipdamas mus \u012f dvasingum\u0105 \u2013 nei\u0161senkamos meil\u0117s versm\u0119. Pasakodamas konkre\u010dias istorijas, autorius padeda mums suprasti, kad mes patys susikuriame kliuvinius, u\u017estojan\u010dius keli\u0105 \u012f laim\u0119. \u201eKelias \u012f meil\u0119\u201c\u00a0\u2013 unikalus rytieti\u0161kojo dvasingumo ir vakarieti\u0161kojo pragmatizmo, senovin\u0117s i\u0161minties ir mokslini\u0173 tyrin\u0117jim\u0173 lydinys. Tai pati geriausia Deepak Chopra knyga. Autorius:\u00a0Deepak Chopra Metai:\u00a02002 Puslapiai:\u00a0335 Formatas:\u00a016 x 24 cm, mink\u0161ti vir\u0161eliai Kalba:\u00a0Lietuvi\u0173<\/p>\n","protected":false},"featured_media":16367,"comment_status":"closed","ping_status":"closed","template":"","meta":{"_acf_changed":false,"site-sidebar-layout":"default","site-content-layout":"","ast-site-content-layout":"default","site-content-style":"default","site-sidebar-style":"default","ast-global-header-display":"","ast-banner-title-visibility":"","ast-main-header-display":"","ast-hfb-above-header-display":"","ast-hfb-below-header-display":"","ast-hfb-mobile-header-display":"","site-post-title":"","ast-breadcrumbs-content":"","ast-featured-img":"","footer-sml-layout":"","ast-disable-related-posts":"","theme-transparent-header-meta":"default","adv-header-id-meta":"","stick-header-meta":"","header-above-stick-meta":"","header-main-stick-meta":"","header-below-stick-meta":"","astra-migrate-meta-layouts":"set","ast-page-background-enabled":"default","ast-page-background-meta":{"desktop":{"background-color":"","background-image":"","background-repeat":"repeat","background-position":"center center","background-size":"auto","background-attachment":"scroll","background-type":"","background-media":"","overlay-type":"","overlay-color":"","overlay-opacity":"","overlay-gradient":""},"tablet":{"background-color":"","background-image":"","background-repeat":"repeat","background-position":"center center","background-size":"auto","background-attachment":"scroll","background-type":"","background-media":"","overlay-type":"","overlay-color":"","overlay-opacity":"","overlay-gradient":""},"mobile":{"background-color":"","background-image":"","background-repeat":"repeat","background-position":"center center","background-size":"auto","background-attachment":"scroll","background-type":"","background-media":"","overlay-type":"","overlay-color":"","overlay-opacity":"","overlay-gradient":""}},"ast-content-background-meta":{"desktop":{"background-color":"var(--ast-global-color-4)","background-image":"","background-repeat":"repeat","background-position":"center center","background-size":"auto","background-attachment":"scroll","background-type":"","background-media":"","overlay-type":"","overlay-color":"","overlay-opacity":"","overlay-gradient":""},"tablet":{"background-color":"var(--ast-global-color-4)","background-image":"","background-repeat":"repeat","background-position":"center center","background-size":"auto","background-attachment":"scroll","background-type":"","background-media":"","overlay-type":"","overlay-color":"","overlay-opacity":"","overlay-gradient":""},"mobile":{"background-color":"var(--ast-global-color-4)","background-image":"","background-repeat":"repeat","background-position":"center center","background-size":"auto","background-attachment":"scroll","background-type":"","background-media":"","overlay-type":"","overlay-color":"","overlay-opacity":"","overlay-gradient":""}}},"product_brand":[],"product_cat":[165],"product_tag":[4916,3037,2582,4917,3040],"class_list":{"0":"post-16366","1":"product","2":"type-product","3":"status-publish","4":"has-post-thumbnail","6":"product_cat-religija-filosofija-ir-ezoterika","7":"product_tag-donna-woolfolk-cross","8":"product_tag-istorine-proza","9":"product_tag-moterys","10":"product_tag-popieziai","11":"product_tag-viduramziai","12":"desktop-align-left","13":"tablet-align-left","14":"mobile-align-left","16":"first","17":"instock","18":"shipping-taxable","19":"purchasable","20":"product-type-simple"},"acf":[],"yoast_head":"<!-- This site is optimized with the Yoast SEO plugin v27.0 - https:\/\/yoast.com\/product\/yoast-seo-wordpress\/ -->\n<title>Kelias \u012f meil\u0119<\/title>\n<meta name=\"description\" content=\"Deepak Chopra\u00a0\u2013 vienas i\u0161 \u017eymiausi\u0173 pasaulio m\u0105stytoj\u0173, populiari\u0173 knyg\u0173 autorius. Savo knygoje\u00a0\u201eKelias \u012f meil\u0119\u201c\u00a0Deepak Chopra moko mus pasotinti\" \/>\n<meta name=\"robots\" content=\"index, follow, max-snippet:-1, max-image-preview:large, max-video-preview:-1\" \/>\n<link rel=\"canonical\" href=\"https:\/\/skaitytaknyga.lt\/en\/produktas\/kelias-i-meile\/\" \/>\n<meta property=\"og:locale\" content=\"en_GB\" \/>\n<meta property=\"og:locale:alternate\" content=\"lt_LT\" \/>\n<meta property=\"og:type\" content=\"article\" \/>\n<meta property=\"og:title\" content=\"Kelias \u012f meil\u0119\" \/>\n<meta property=\"og:description\" content=\"Deepak Chopra\u00a0\u2013 vienas i\u0161 \u017eymiausi\u0173 pasaulio m\u0105stytoj\u0173, populiari\u0173 knyg\u0173 autorius. Savo knygoje\u00a0\u201eKelias \u012f meil\u0119\u201c\u00a0Deepak Chopra moko mus pasotinti\" \/>\n<meta property=\"og:url\" content=\"https:\/\/skaitytaknyga.lt\/en\/produktas\/kelias-i-meile\/\" \/>\n<meta property=\"og:site_name\" content=\"Skaitytaknyga\" \/>\n<meta property=\"article:publisher\" content=\"https:\/\/www.facebook.com\/skaitytaknyga\/\" \/>\n<meta property=\"article:modified_time\" content=\"2025-06-11T06:12:36+00:00\" \/>\n<meta property=\"og:image\" content=\"https:\/\/skaitytaknyga.lt\/wp-content\/uploads\/2025\/02\/Kelias-i-meile.webp\" \/>\n\t<meta property=\"og:image:width\" content=\"356\" \/>\n\t<meta property=\"og:image:height\" content=\"548\" \/>\n\t<meta property=\"og:image:type\" content=\"image\/webp\" \/>\n<meta name=\"twitter:card\" content=\"summary_large_image\" \/>\n<meta name=\"twitter:label1\" content=\"Estimated reading time\" \/>\n\t<meta name=\"twitter:data1\" content=\"1 minute\" \/>\n<script type=\"application\/ld+json\" class=\"yoast-schema-graph\">{\"@context\":\"https:\/\/schema.org\",\"@graph\":[{\"@type\":\"WebPage\",\"@id\":\"https:\/\/skaitytaknyga.lt\/produktas\/kelias-i-meile\/\",\"url\":\"https:\/\/skaitytaknyga.lt\/produktas\/kelias-i-meile\/\",\"name\":\"Kelias \u012f meil\u0119\",\"isPartOf\":{\"@id\":\"https:\/\/skaitytaknyga.lt\/#website\"},\"primaryImageOfPage\":{\"@id\":\"https:\/\/skaitytaknyga.lt\/produktas\/kelias-i-meile\/#primaryimage\"},\"image\":{\"@id\":\"https:\/\/skaitytaknyga.lt\/produktas\/kelias-i-meile\/#primaryimage\"},\"thumbnailUrl\":\"https:\/\/skaitytaknyga.lt\/wp-content\/uploads\/2025\/02\/Kelias-i-meile.webp\",\"datePublished\":\"2025-02-01T09:45:00+00:00\",\"dateModified\":\"2025-06-11T06:12:36+00:00\",\"description\":\"Deepak Chopra\u00a0\u2013 vienas i\u0161 \u017eymiausi\u0173 pasaulio m\u0105stytoj\u0173, populiari\u0173 knyg\u0173 autorius. Savo knygoje\u00a0\u201eKelias \u012f meil\u0119\u201c\u00a0Deepak Chopra moko mus pasotinti\",\"breadcrumb\":{\"@id\":\"https:\/\/skaitytaknyga.lt\/produktas\/kelias-i-meile\/#breadcrumb\"},\"inLanguage\":\"en-GB\",\"potentialAction\":[{\"@type\":\"ReadAction\",\"target\":[\"https:\/\/skaitytaknyga.lt\/produktas\/kelias-i-meile\/\"]}]},{\"@type\":\"ImageObject\",\"inLanguage\":\"en-GB\",\"@id\":\"https:\/\/skaitytaknyga.lt\/produktas\/kelias-i-meile\/#primaryimage\",\"url\":\"https:\/\/skaitytaknyga.lt\/wp-content\/uploads\/2025\/02\/Kelias-i-meile.webp\",\"contentUrl\":\"https:\/\/skaitytaknyga.lt\/wp-content\/uploads\/2025\/02\/Kelias-i-meile.webp\",\"width\":356,\"height\":548,\"caption\":\"Kelias \u012f meil\u0119\"},{\"@type\":\"BreadcrumbList\",\"@id\":\"https:\/\/skaitytaknyga.lt\/produktas\/kelias-i-meile\/#breadcrumb\",\"itemListElement\":[{\"@type\":\"ListItem\",\"position\":1,\"name\":\"Home\",\"item\":\"https:\/\/skaitytaknyga.lt\/\"},{\"@type\":\"ListItem\",\"position\":2,\"name\":\"Parduotuv\u0117\",\"item\":\"https:\/\/skaitytaknyga.lt\/knygu-parduotuve\/\"},{\"@type\":\"ListItem\",\"position\":3,\"name\":\"Kelias \u012f meil\u0119\"}]},{\"@type\":\"WebSite\",\"@id\":\"https:\/\/skaitytaknyga.lt\/#website\",\"url\":\"https:\/\/skaitytaknyga.lt\/\",\"name\":\"skaitytaknyga.lt\",\"description\":\"Skaitytaknyga.lt \u2013 tai ma\u017eas \u0161eimos verslas, kuris prasid\u0117jo nuo meil\u0117s knygoms ir siekio i\u0161gelb\u0117ti knygas nuo likimo prie konteinerio. Kas vienam nereikalingas daiktas \u2013 kitam lobis, o mes esame tarpininkai, kurie padeda abiems tapti laimingesniems ???? \u017dinome kaip nelengva i\u0161gyventi ma\u017eiems verslams, tad nuo \u0161iol, \u010dia rasite ir kit\u0173, ma\u017e\u0173 \u0161eim\u0173 versl\u0173, rank\u0173 darbo, dovan\u0173 sau ir artimiesiems.\",\"publisher\":{\"@id\":\"https:\/\/skaitytaknyga.lt\/#organization\"},\"potentialAction\":[{\"@type\":\"SearchAction\",\"target\":{\"@type\":\"EntryPoint\",\"urlTemplate\":\"https:\/\/skaitytaknyga.lt\/?s={search_term_string}\"},\"query-input\":{\"@type\":\"PropertyValueSpecification\",\"valueRequired\":true,\"valueName\":\"search_term_string\"}}],\"inLanguage\":\"en-GB\"},{\"@type\":\"Organization\",\"@id\":\"https:\/\/skaitytaknyga.lt\/#organization\",\"name\":\"skaitytaknyga.lt\",\"url\":\"https:\/\/skaitytaknyga.lt\/\",\"logo\":{\"@type\":\"ImageObject\",\"inLanguage\":\"en-GB\",\"@id\":\"https:\/\/skaitytaknyga.lt\/#\/schema\/logo\/image\/\",\"url\":\"https:\/\/skaitytaknyga.lt\/wp-content\/uploads\/2024\/05\/cropped-cropped-cropped-02_00843_jt3bggkj1j3HLc7SyY6rEUpg.jpeg\",\"contentUrl\":\"https:\/\/skaitytaknyga.lt\/wp-content\/uploads\/2024\/05\/cropped-cropped-cropped-02_00843_jt3bggkj1j3HLc7SyY6rEUpg.jpeg\",\"width\":1600,\"height\":1600,\"caption\":\"skaitytaknyga.lt\"},\"image\":{\"@id\":\"https:\/\/skaitytaknyga.lt\/#\/schema\/logo\/image\/\"},\"sameAs\":[\"https:\/\/www.facebook.com\/skaitytaknyga\/\"]}]}<\/script>\n<!-- \/ Yoast SEO plugin. -->","yoast_head_json":{"title":"Kelias \u012f meil\u0119","description":"Deepak Chopra\u00a0\u2013 vienas i\u0161 \u017eymiausi\u0173 pasaulio m\u0105stytoj\u0173, populiari\u0173 knyg\u0173 autorius. Savo knygoje\u00a0\u201eKelias \u012f meil\u0119\u201c\u00a0Deepak Chopra moko mus pasotinti","robots":{"index":"index","follow":"follow","max-snippet":"max-snippet:-1","max-image-preview":"max-image-preview:large","max-video-preview":"max-video-preview:-1"},"canonical":"https:\/\/skaitytaknyga.lt\/en\/produktas\/kelias-i-meile\/","og_locale":"en_GB","og_type":"article","og_title":"[:lt]Kelias \u012f meil\u0119[:] - Skaitytaknyga","og_description":"Deepak Chopra\u00a0\u2013 vienas i\u0161 \u017eymiausi\u0173 pasaulio m\u0105stytoj\u0173, populiari\u0173 knyg\u0173 autorius. Savo knygoje\u00a0\u201eKelias \u012f meil\u0119\u201c\u00a0Deepak Chopra moko mus pasotinti","og_url":"https:\/\/skaitytaknyga.lt\/en\/produktas\/kelias-i-meile\/","og_site_name":"Skaitytaknyga","article_publisher":"https:\/\/www.facebook.com\/skaitytaknyga\/","article_modified_time":"2025-06-11T06:12:36+00:00","og_image":[{"width":356,"height":548,"url":"https:\/\/skaitytaknyga.lt\/wp-content\/uploads\/2025\/02\/Kelias-i-meile.webp","type":"image\/webp"}],"twitter_card":"summary_large_image","twitter_misc":{"Estimated reading time":"1 minute"},"schema":{"@context":"https:\/\/schema.org","@graph":[{"@type":"WebPage","@id":"https:\/\/skaitytaknyga.lt\/produktas\/kelias-i-meile\/","url":"https:\/\/skaitytaknyga.lt\/produktas\/kelias-i-meile\/","name":"Kelias \u012f meil\u0119","isPartOf":{"@id":"https:\/\/skaitytaknyga.lt\/#website"},"primaryImageOfPage":{"@id":"https:\/\/skaitytaknyga.lt\/produktas\/kelias-i-meile\/#primaryimage"},"image":{"@id":"https:\/\/skaitytaknyga.lt\/produktas\/kelias-i-meile\/#primaryimage"},"thumbnailUrl":"https:\/\/skaitytaknyga.lt\/wp-content\/uploads\/2025\/02\/Kelias-i-meile.webp","datePublished":"2025-02-01T09:45:00+00:00","dateModified":"2025-06-11T06:12:36+00:00","description":"Deepak Chopra\u00a0\u2013 vienas i\u0161 \u017eymiausi\u0173 pasaulio m\u0105stytoj\u0173, populiari\u0173 knyg\u0173 autorius. Savo knygoje\u00a0\u201eKelias \u012f meil\u0119\u201c\u00a0Deepak Chopra moko mus pasotinti","breadcrumb":{"@id":"https:\/\/skaitytaknyga.lt\/produktas\/kelias-i-meile\/#breadcrumb"},"inLanguage":"en-GB","potentialAction":[{"@type":"ReadAction","target":["https:\/\/skaitytaknyga.lt\/produktas\/kelias-i-meile\/"]}]},{"@type":"ImageObject","inLanguage":"en-GB","@id":"https:\/\/skaitytaknyga.lt\/produktas\/kelias-i-meile\/#primaryimage","url":"https:\/\/skaitytaknyga.lt\/wp-content\/uploads\/2025\/02\/Kelias-i-meile.webp","contentUrl":"https:\/\/skaitytaknyga.lt\/wp-content\/uploads\/2025\/02\/Kelias-i-meile.webp","width":356,"height":548,"caption":"Kelias \u012f meil\u0119"},{"@type":"BreadcrumbList","@id":"https:\/\/skaitytaknyga.lt\/produktas\/kelias-i-meile\/#breadcrumb","itemListElement":[{"@type":"ListItem","position":1,"name":"Home","item":"https:\/\/skaitytaknyga.lt\/"},{"@type":"ListItem","position":2,"name":"Parduotuv\u0117","item":"https:\/\/skaitytaknyga.lt\/knygu-parduotuve\/"},{"@type":"ListItem","position":3,"name":"Kelias \u012f meil\u0119"}]},{"@type":"WebSite","@id":"https:\/\/skaitytaknyga.lt\/#website","url":"https:\/\/skaitytaknyga.lt\/","name":"skaitytaknyga.lt","description":"Skaitytaknyga.lt \u2013 tai ma\u017eas \u0161eimos verslas, kuris prasid\u0117jo nuo meil\u0117s knygoms ir siekio i\u0161gelb\u0117ti knygas nuo likimo prie konteinerio. Kas vienam nereikalingas daiktas \u2013 kitam lobis, o mes esame tarpininkai, kurie padeda abiems tapti laimingesniems ???? \u017dinome kaip nelengva i\u0161gyventi ma\u017eiems verslams, tad nuo \u0161iol, \u010dia rasite ir kit\u0173, ma\u017e\u0173 \u0161eim\u0173 versl\u0173, rank\u0173 darbo, dovan\u0173 sau ir artimiesiems.","publisher":{"@id":"https:\/\/skaitytaknyga.lt\/#organization"},"potentialAction":[{"@type":"SearchAction","target":{"@type":"EntryPoint","urlTemplate":"https:\/\/skaitytaknyga.lt\/?s={search_term_string}"},"query-input":{"@type":"PropertyValueSpecification","valueRequired":true,"valueName":"search_term_string"}}],"inLanguage":"en-GB"},{"@type":"Organization","@id":"https:\/\/skaitytaknyga.lt\/#organization","name":"skaitytaknyga.lt","url":"https:\/\/skaitytaknyga.lt\/","logo":{"@type":"ImageObject","inLanguage":"en-GB","@id":"https:\/\/skaitytaknyga.lt\/#\/schema\/logo\/image\/","url":"https:\/\/skaitytaknyga.lt\/wp-content\/uploads\/2024\/05\/cropped-cropped-cropped-02_00843_jt3bggkj1j3HLc7SyY6rEUpg.jpeg","contentUrl":"https:\/\/skaitytaknyga.lt\/wp-content\/uploads\/2024\/05\/cropped-cropped-cropped-02_00843_jt3bggkj1j3HLc7SyY6rEUpg.jpeg","width":1600,"height":1600,"caption":"skaitytaknyga.lt"},"image":{"@id":"https:\/\/skaitytaknyga.lt\/#\/schema\/logo\/image\/"},"sameAs":["https:\/\/www.facebook.com\/skaitytaknyga\/"]}]}},"_links":{"self":[{"href":"https:\/\/skaitytaknyga.lt\/en\/wp-json\/wp\/v2\/product\/16366","targetHints":{"allow":["GET"]}}],"collection":[{"href":"https:\/\/skaitytaknyga.lt\/en\/wp-json\/wp\/v2\/product"}],"about":[{"href":"https:\/\/skaitytaknyga.lt\/en\/wp-json\/wp\/v2\/types\/product"}],"replies":[{"embeddable":true,"href":"https:\/\/skaitytaknyga.lt\/en\/wp-json\/wp\/v2\/comments?post=16366"}],"wp:featuredmedia":[{"embeddable":true,"href":"https:\/\/skaitytaknyga.lt\/en\/wp-json\/wp\/v2\/media\/16367"}],"wp:attachment":[{"href":"https:\/\/skaitytaknyga.lt\/en\/wp-json\/wp\/v2\/media?parent=16366"}],"wp:term":[{"taxonomy":"product_brand","embeddable":true,"href":"https:\/\/skaitytaknyga.lt\/en\/wp-json\/wp\/v2\/product_brand?post=16366"},{"taxonomy":"product_cat","embeddable":true,"href":"https:\/\/skaitytaknyga.lt\/en\/wp-json\/wp\/v2\/product_cat?post=16366"},{"taxonomy":"product_tag","embeddable":true,"href":"https:\/\/skaitytaknyga.lt\/en\/wp-json\/wp\/v2\/product_tag?post=16366"}],"curies":[{"name":"wp","href":"https:\/\/api.w.org\/{rel}","templated":true}]}}