{"id":16362,"date":"2025-02-01T11:29:51","date_gmt":"2025-02-01T09:29:51","guid":{"rendered":"https:\/\/skaitytaknyga.lt\/?post_type=product&#038;p=16362"},"modified":"2026-04-02T11:58:31","modified_gmt":"2026-04-02T08:58:31","slug":"blogos-mergaites-dienorastis","status":"publish","type":"product","link":"https:\/\/skaitytaknyga.lt\/en\/produktas\/blogos-mergaites-dienorastis\/","title":{"rendered":"Blogos mergait\u0117s dienora\u0161tis"},"content":{"rendered":"<p>Knyg\u0105\u00a0<strong>\u201eBlogos mergait\u0117s dienora\u0161tis\u201c<\/strong>\u00a0pirmiausia tur\u0117t\u0173 perskaityti suaugusieji, kad prisimint\u0173, kaip patys karstydavosi med\u017eiais, kraustydavo mamos pinigin\u0119, \u012fsikniaub\u0119 \u012f pagalv\u0119 velniop si\u0173sdavo savo gimdytojus ir sugeb\u0117davo visiems sukelti begal\u0119 problem\u0173. Knyga pad\u0117s atsikvo\u0161\u0117ti \u0161iems neseniai buvusiems paaugliams, kurie tap\u0119 \u201epavyzdingais\u201c t\u0117vais reikalauja i\u0161 savo vaik\u0173 nesuprantamo, svetimo ir ne\u012fmanomo dalyko \u2013 gyventi ir m\u0105styti kaip jie.<\/p>\n<p>Knygos heroj\u0117 \u2013 mai\u0161taujanti 15-met\u0117 Kotryna. Ar ji i\u0161ties bloga mergait\u0117? Kotryna nuolat meluoja, da\u017enai pasiklysdama savo fantazijose, nuolat pykstasi su artimaisiais. Nor\u0117dama atkreipti draugi\u0173 d\u0117mes\u012f, ji apsiskelbia esanti n\u0117\u0161\u010dia, bandydama prasimanyti pinig\u0173, \u012fsivelia \u012f paini\u0105 kriminalin\u0119 istorij\u0105, ji b\u0117ga i\u0161 nam\u0173, atsitiktinai vaidina teatre ir netik\u0117tai susiduria su tikra, nesuvaidinta tragedija \u2013 artimo \u017emogaus mirtimi&#8230;<\/p>\n<p>Heroj\u0117s akimis autor\u0117 puikiai atskleid\u017eia suaugusi\u0173j\u0173 portretus, apnuogindama j\u0173 ego. \u0160maik\u0161\u010diai, su kand\u017eia paaugli\u0161ka ironija Kotryna savo dienora\u0161tyje pasakoja apie j\u0173 silpnybes, kuri\u0173 vaikai tur\u0117t\u0173 nepasteb\u0117ti, da\u017enai i\u0161kreiptus tarpusavio santykius. Heroj\u0117s vienme\u010diai, pa\u0117m\u0119 \u012f rankas \u201eBlogos mergait\u0117s dienora\u0161t\u012f\u201c ir pab\u0117g\u0119 nuo suaugusi\u0173j\u0173, roman\u0105 sukramtys per vien\u0105 nakt\u012f&#8230;<\/p>\n<ul class=\"about-product d-none d-xl-block mt-4\">\n<li><strong>Autorius:<\/strong>\u00a0Kristina Gudonyt\u0117<\/li>\n<li><strong>Leid\u0117jas:<\/strong>\u00a0Tyto alba<\/li>\n<li><strong>Metai:<\/strong>\u00a02019<\/li>\n<li><strong>Puslapiai:<\/strong>\u00a0200<\/li>\n<li class=\"toggleable type-new-formats \"><strong>ISBN:<\/strong>\u00a09786094664311<\/li>\n<li><strong>Versijos kodas:<\/strong>\u00a0PT.<\/li>\n<li class=\"toggleable type-new-formats \"><strong>Formatas:<\/strong>\u00a014,7 x 22,1 x 2,2 cm, kieti vir\u0161eliai<\/li>\n<li><strong>Kalba:<\/strong>\u00a0Lietuvi\u0173<\/li>\n<\/ul>\n","protected":false},"excerpt":{"rendered":"<p>Knyg\u0105\u00a0\u201eBlogos mergait\u0117s dienora\u0161tis\u201c\u00a0pirmiausia tur\u0117t\u0173 perskaityti suaugusieji, kad prisimint\u0173, kaip patys karstydavosi med\u017eiais, kraustydavo mamos pinigin\u0119, \u012fsikniaub\u0119 \u012f pagalv\u0119 velniop si\u0173sdavo savo gimdytojus ir sugeb\u0117davo visiems sukelti begal\u0119 problem\u0173. Knyga pad\u0117s atsikvo\u0161\u0117ti \u0161iems neseniai buvusiems paaugliams, kurie tap\u0119 \u201epavyzdingais\u201c t\u0117vais reikalauja i\u0161 savo vaik\u0173 nesuprantamo, svetimo ir ne\u012fmanomo dalyko \u2013 gyventi ir m\u0105styti kaip jie. Knygos heroj\u0117 \u2013 mai\u0161taujanti 15-met\u0117 Kotryna. Ar ji i\u0161ties bloga mergait\u0117? Kotryna nuolat meluoja, da\u017enai pasiklysdama savo fantazijose, nuolat pykstasi su artimaisiais. Nor\u0117dama atkreipti draugi\u0173 d\u0117mes\u012f, ji apsiskelbia esanti n\u0117\u0161\u010dia, bandydama prasimanyti pinig\u0173, \u012fsivelia \u012f paini\u0105 kriminalin\u0119 istorij\u0105, ji b\u0117ga i\u0161 nam\u0173, atsitiktinai vaidina teatre ir netik\u0117tai susiduria su tikra, nesuvaidinta tragedija \u2013 artimo \u017emogaus mirtimi&#8230; Heroj\u0117s akimis autor\u0117 puikiai atskleid\u017eia suaugusi\u0173j\u0173 portretus, apnuogindama j\u0173 ego. \u0160maik\u0161\u010diai, su kand\u017eia paaugli\u0161ka ironija Kotryna savo dienora\u0161tyje pasakoja apie j\u0173 silpnybes, kuri\u0173 vaikai tur\u0117t\u0173 nepasteb\u0117ti, da\u017enai i\u0161kreiptus tarpusavio santykius. Heroj\u0117s vienme\u010diai, pa\u0117m\u0119 \u012f rankas \u201eBlogos mergait\u0117s dienora\u0161t\u012f\u201c ir pab\u0117g\u0119 nuo suaugusi\u0173j\u0173, roman\u0105 sukramtys per vien\u0105 nakt\u012f&#8230; Autorius:\u00a0Kristina Gudonyt\u0117 Leid\u0117jas:\u00a0Tyto alba Metai:\u00a02019 Puslapiai:\u00a0200 ISBN:\u00a09786094664311 Versijos kodas:\u00a0PT. Formatas:\u00a014,7 x 22,1 x 2,2 cm, kieti vir\u0161eliai Kalba:\u00a0Lietuvi\u0173<\/p>\n","protected":false},"featured_media":16363,"comment_status":"open","ping_status":"closed","template":"","meta":{"_acf_changed":false,"site-sidebar-layout":"default","site-content-layout":"","ast-site-content-layout":"default","site-content-style":"default","site-sidebar-style":"default","ast-global-header-display":"","ast-banner-title-visibility":"","ast-main-header-display":"","ast-hfb-above-header-display":"","ast-hfb-below-header-display":"","ast-hfb-mobile-header-display":"","site-post-title":"","ast-breadcrumbs-content":"","ast-featured-img":"","footer-sml-layout":"","ast-disable-related-posts":"","theme-transparent-header-meta":"default","adv-header-id-meta":"","stick-header-meta":"","header-above-stick-meta":"","header-main-stick-meta":"","header-below-stick-meta":"","astra-migrate-meta-layouts":"set","ast-page-background-enabled":"default","ast-page-background-meta":{"desktop":{"background-color":"","background-image":"","background-repeat":"repeat","background-position":"center center","background-size":"auto","background-attachment":"scroll","background-type":"","background-media":"","overlay-type":"","overlay-color":"","overlay-opacity":"","overlay-gradient":""},"tablet":{"background-color":"","background-image":"","background-repeat":"repeat","background-position":"center center","background-size":"auto","background-attachment":"scroll","background-type":"","background-media":"","overlay-type":"","overlay-color":"","overlay-opacity":"","overlay-gradient":""},"mobile":{"background-color":"","background-image":"","background-repeat":"repeat","background-position":"center center","background-size":"auto","background-attachment":"scroll","background-type":"","background-media":"","overlay-type":"","overlay-color":"","overlay-opacity":"","overlay-gradient":""}},"ast-content-background-meta":{"desktop":{"background-color":"var(--ast-global-color-4)","background-image":"","background-repeat":"repeat","background-position":"center center","background-size":"auto","background-attachment":"scroll","background-type":"","background-media":"","overlay-type":"","overlay-color":"","overlay-opacity":"","overlay-gradient":""},"tablet":{"background-color":"var(--ast-global-color-4)","background-image":"","background-repeat":"repeat","background-position":"center center","background-size":"auto","background-attachment":"scroll","background-type":"","background-media":"","overlay-type":"","overlay-color":"","overlay-opacity":"","overlay-gradient":""},"mobile":{"background-color":"var(--ast-global-color-4)","background-image":"","background-repeat":"repeat","background-position":"center center","background-size":"auto","background-attachment":"scroll","background-type":"","background-media":"","overlay-type":"","overlay-color":"","overlay-opacity":"","overlay-gradient":""}}},"product_brand":[],"product_cat":[9676,331],"product_tag":[],"class_list":{"0":"post-16362","1":"product","2":"type-product","3":"status-publish","4":"has-post-thumbnail","6":"product_cat-paaugliams","7":"product_cat-programine-literatura","8":"desktop-align-left","9":"tablet-align-left","10":"mobile-align-left","12":"first","13":"instock","14":"shipping-taxable","15":"purchasable","16":"product-type-simple"},"acf":[],"yoast_head":"<!-- This site is optimized with the Yoast SEO plugin v27.0 - https:\/\/yoast.com\/product\/yoast-seo-wordpress\/ -->\n<title>Blogos mergait\u0117s dienora\u0161tis<\/title>\n<meta name=\"description\" content=\"Knyg\u0105\u00a0\u201eBlogos mergait\u0117s dienora\u0161tis\u201c\u00a0pirmiausia tur\u0117t\u0173 perskaityti suaugusieji, kad prisimint\u0173, kaip patys karstydavosi med\u017eiais, kraustydavo mamos\" \/>\n<meta name=\"robots\" content=\"index, follow, max-snippet:-1, max-image-preview:large, max-video-preview:-1\" \/>\n<link rel=\"canonical\" href=\"https:\/\/skaitytaknyga.lt\/en\/produktas\/blogos-mergaites-dienorastis\/\" \/>\n<meta property=\"og:locale\" content=\"en_GB\" \/>\n<meta property=\"og:locale:alternate\" content=\"lt_LT\" \/>\n<meta property=\"og:type\" content=\"article\" \/>\n<meta property=\"og:title\" content=\"Blogos mergait\u0117s dienora\u0161tis\" \/>\n<meta property=\"og:description\" content=\"Knyg\u0105\u00a0\u201eBlogos mergait\u0117s dienora\u0161tis\u201c\u00a0pirmiausia tur\u0117t\u0173 perskaityti suaugusieji, kad prisimint\u0173, kaip patys karstydavosi med\u017eiais, kraustydavo mamos\" \/>\n<meta property=\"og:url\" content=\"https:\/\/skaitytaknyga.lt\/en\/produktas\/blogos-mergaites-dienorastis\/\" \/>\n<meta property=\"og:site_name\" content=\"Skaitytaknyga\" \/>\n<meta property=\"article:publisher\" content=\"https:\/\/www.facebook.com\/skaitytaknyga\/\" \/>\n<meta property=\"article:modified_time\" content=\"2026-04-02T08:58:31+00:00\" \/>\n<meta property=\"og:image\" content=\"https:\/\/skaitytaknyga.lt\/wp-content\/uploads\/2025\/02\/Blogos-mergaites-dienorastis.webp\" \/>\n\t<meta property=\"og:image:width\" content=\"533\" \/>\n\t<meta property=\"og:image:height\" content=\"800\" \/>\n\t<meta property=\"og:image:type\" content=\"image\/webp\" \/>\n<meta name=\"twitter:card\" content=\"summary_large_image\" \/>\n<meta name=\"twitter:label1\" content=\"Estimated reading time\" \/>\n\t<meta name=\"twitter:data1\" content=\"2 minutes\" \/>\n<script type=\"application\/ld+json\" class=\"yoast-schema-graph\">{\"@context\":\"https:\/\/schema.org\",\"@graph\":[{\"@type\":\"WebPage\",\"@id\":\"https:\/\/skaitytaknyga.lt\/produktas\/blogos-mergaites-dienorastis\/\",\"url\":\"https:\/\/skaitytaknyga.lt\/produktas\/blogos-mergaites-dienorastis\/\",\"name\":\"Blogos mergait\u0117s dienora\u0161tis\",\"isPartOf\":{\"@id\":\"https:\/\/skaitytaknyga.lt\/#website\"},\"primaryImageOfPage\":{\"@id\":\"https:\/\/skaitytaknyga.lt\/produktas\/blogos-mergaites-dienorastis\/#primaryimage\"},\"image\":{\"@id\":\"https:\/\/skaitytaknyga.lt\/produktas\/blogos-mergaites-dienorastis\/#primaryimage\"},\"thumbnailUrl\":\"https:\/\/skaitytaknyga.lt\/wp-content\/uploads\/2025\/02\/Blogos-mergaites-dienorastis.webp\",\"datePublished\":\"2025-02-01T09:29:51+00:00\",\"dateModified\":\"2026-04-02T08:58:31+00:00\",\"description\":\"Knyg\u0105\u00a0\u201eBlogos mergait\u0117s dienora\u0161tis\u201c\u00a0pirmiausia tur\u0117t\u0173 perskaityti suaugusieji, kad prisimint\u0173, kaip patys karstydavosi med\u017eiais, kraustydavo mamos\",\"breadcrumb\":{\"@id\":\"https:\/\/skaitytaknyga.lt\/produktas\/blogos-mergaites-dienorastis\/#breadcrumb\"},\"inLanguage\":\"en-GB\",\"potentialAction\":[{\"@type\":\"ReadAction\",\"target\":[\"https:\/\/skaitytaknyga.lt\/produktas\/blogos-mergaites-dienorastis\/\"]}]},{\"@type\":\"ImageObject\",\"inLanguage\":\"en-GB\",\"@id\":\"https:\/\/skaitytaknyga.lt\/produktas\/blogos-mergaites-dienorastis\/#primaryimage\",\"url\":\"https:\/\/skaitytaknyga.lt\/wp-content\/uploads\/2025\/02\/Blogos-mergaites-dienorastis.webp\",\"contentUrl\":\"https:\/\/skaitytaknyga.lt\/wp-content\/uploads\/2025\/02\/Blogos-mergaites-dienorastis.webp\",\"width\":533,\"height\":800,\"caption\":\"Blogos mergait\u0117s dienora\u0161tis\"},{\"@type\":\"BreadcrumbList\",\"@id\":\"https:\/\/skaitytaknyga.lt\/produktas\/blogos-mergaites-dienorastis\/#breadcrumb\",\"itemListElement\":[{\"@type\":\"ListItem\",\"position\":1,\"name\":\"Home\",\"item\":\"https:\/\/skaitytaknyga.lt\/\"},{\"@type\":\"ListItem\",\"position\":2,\"name\":\"Parduotuv\u0117\",\"item\":\"https:\/\/skaitytaknyga.lt\/knygu-parduotuve\/\"},{\"@type\":\"ListItem\",\"position\":3,\"name\":\"Blogos mergait\u0117s dienora\u0161tis\"}]},{\"@type\":\"WebSite\",\"@id\":\"https:\/\/skaitytaknyga.lt\/#website\",\"url\":\"https:\/\/skaitytaknyga.lt\/\",\"name\":\"skaitytaknyga.lt\",\"description\":\"Skaitytaknyga.lt \u2013 tai ma\u017eas \u0161eimos verslas, kuris prasid\u0117jo nuo meil\u0117s knygoms ir siekio i\u0161gelb\u0117ti knygas nuo likimo prie konteinerio. Kas vienam nereikalingas daiktas \u2013 kitam lobis, o mes esame tarpininkai, kurie padeda abiems tapti laimingesniems ???? \u017dinome kaip nelengva i\u0161gyventi ma\u017eiems verslams, tad nuo \u0161iol, \u010dia rasite ir kit\u0173, ma\u017e\u0173 \u0161eim\u0173 versl\u0173, rank\u0173 darbo, dovan\u0173 sau ir artimiesiems.\",\"publisher\":{\"@id\":\"https:\/\/skaitytaknyga.lt\/#organization\"},\"potentialAction\":[{\"@type\":\"SearchAction\",\"target\":{\"@type\":\"EntryPoint\",\"urlTemplate\":\"https:\/\/skaitytaknyga.lt\/?s={search_term_string}\"},\"query-input\":{\"@type\":\"PropertyValueSpecification\",\"valueRequired\":true,\"valueName\":\"search_term_string\"}}],\"inLanguage\":\"en-GB\"},{\"@type\":\"Organization\",\"@id\":\"https:\/\/skaitytaknyga.lt\/#organization\",\"name\":\"skaitytaknyga.lt\",\"url\":\"https:\/\/skaitytaknyga.lt\/\",\"logo\":{\"@type\":\"ImageObject\",\"inLanguage\":\"en-GB\",\"@id\":\"https:\/\/skaitytaknyga.lt\/#\/schema\/logo\/image\/\",\"url\":\"https:\/\/skaitytaknyga.lt\/wp-content\/uploads\/2024\/05\/cropped-cropped-cropped-02_00843_jt3bggkj1j3HLc7SyY6rEUpg.jpeg\",\"contentUrl\":\"https:\/\/skaitytaknyga.lt\/wp-content\/uploads\/2024\/05\/cropped-cropped-cropped-02_00843_jt3bggkj1j3HLc7SyY6rEUpg.jpeg\",\"width\":1600,\"height\":1600,\"caption\":\"skaitytaknyga.lt\"},\"image\":{\"@id\":\"https:\/\/skaitytaknyga.lt\/#\/schema\/logo\/image\/\"},\"sameAs\":[\"https:\/\/www.facebook.com\/skaitytaknyga\/\"]}]}<\/script>\n<!-- \/ Yoast SEO plugin. -->","yoast_head_json":{"title":"Blogos mergait\u0117s dienora\u0161tis","description":"Knyg\u0105\u00a0\u201eBlogos mergait\u0117s dienora\u0161tis\u201c\u00a0pirmiausia tur\u0117t\u0173 perskaityti suaugusieji, kad prisimint\u0173, kaip patys karstydavosi med\u017eiais, kraustydavo mamos","robots":{"index":"index","follow":"follow","max-snippet":"max-snippet:-1","max-image-preview":"max-image-preview:large","max-video-preview":"max-video-preview:-1"},"canonical":"https:\/\/skaitytaknyga.lt\/en\/produktas\/blogos-mergaites-dienorastis\/","og_locale":"en_GB","og_type":"article","og_title":"[:lt]Blogos mergait\u0117s dienora\u0161tis[:] - Skaitytaknyga","og_description":"Knyg\u0105\u00a0\u201eBlogos mergait\u0117s dienora\u0161tis\u201c\u00a0pirmiausia tur\u0117t\u0173 perskaityti suaugusieji, kad prisimint\u0173, kaip patys karstydavosi med\u017eiais, kraustydavo mamos","og_url":"https:\/\/skaitytaknyga.lt\/en\/produktas\/blogos-mergaites-dienorastis\/","og_site_name":"Skaitytaknyga","article_publisher":"https:\/\/www.facebook.com\/skaitytaknyga\/","article_modified_time":"2026-04-02T08:58:31+00:00","og_image":[{"width":533,"height":800,"url":"https:\/\/skaitytaknyga.lt\/wp-content\/uploads\/2025\/02\/Blogos-mergaites-dienorastis.webp","type":"image\/webp"}],"twitter_card":"summary_large_image","twitter_misc":{"Estimated reading time":"2 minutes"},"schema":{"@context":"https:\/\/schema.org","@graph":[{"@type":"WebPage","@id":"https:\/\/skaitytaknyga.lt\/produktas\/blogos-mergaites-dienorastis\/","url":"https:\/\/skaitytaknyga.lt\/produktas\/blogos-mergaites-dienorastis\/","name":"Blogos mergait\u0117s dienora\u0161tis","isPartOf":{"@id":"https:\/\/skaitytaknyga.lt\/#website"},"primaryImageOfPage":{"@id":"https:\/\/skaitytaknyga.lt\/produktas\/blogos-mergaites-dienorastis\/#primaryimage"},"image":{"@id":"https:\/\/skaitytaknyga.lt\/produktas\/blogos-mergaites-dienorastis\/#primaryimage"},"thumbnailUrl":"https:\/\/skaitytaknyga.lt\/wp-content\/uploads\/2025\/02\/Blogos-mergaites-dienorastis.webp","datePublished":"2025-02-01T09:29:51+00:00","dateModified":"2026-04-02T08:58:31+00:00","description":"Knyg\u0105\u00a0\u201eBlogos mergait\u0117s dienora\u0161tis\u201c\u00a0pirmiausia tur\u0117t\u0173 perskaityti suaugusieji, kad prisimint\u0173, kaip patys karstydavosi med\u017eiais, kraustydavo mamos","breadcrumb":{"@id":"https:\/\/skaitytaknyga.lt\/produktas\/blogos-mergaites-dienorastis\/#breadcrumb"},"inLanguage":"en-GB","potentialAction":[{"@type":"ReadAction","target":["https:\/\/skaitytaknyga.lt\/produktas\/blogos-mergaites-dienorastis\/"]}]},{"@type":"ImageObject","inLanguage":"en-GB","@id":"https:\/\/skaitytaknyga.lt\/produktas\/blogos-mergaites-dienorastis\/#primaryimage","url":"https:\/\/skaitytaknyga.lt\/wp-content\/uploads\/2025\/02\/Blogos-mergaites-dienorastis.webp","contentUrl":"https:\/\/skaitytaknyga.lt\/wp-content\/uploads\/2025\/02\/Blogos-mergaites-dienorastis.webp","width":533,"height":800,"caption":"Blogos mergait\u0117s dienora\u0161tis"},{"@type":"BreadcrumbList","@id":"https:\/\/skaitytaknyga.lt\/produktas\/blogos-mergaites-dienorastis\/#breadcrumb","itemListElement":[{"@type":"ListItem","position":1,"name":"Home","item":"https:\/\/skaitytaknyga.lt\/"},{"@type":"ListItem","position":2,"name":"Parduotuv\u0117","item":"https:\/\/skaitytaknyga.lt\/knygu-parduotuve\/"},{"@type":"ListItem","position":3,"name":"Blogos mergait\u0117s dienora\u0161tis"}]},{"@type":"WebSite","@id":"https:\/\/skaitytaknyga.lt\/#website","url":"https:\/\/skaitytaknyga.lt\/","name":"skaitytaknyga.lt","description":"Skaitytaknyga.lt \u2013 tai ma\u017eas \u0161eimos verslas, kuris prasid\u0117jo nuo meil\u0117s knygoms ir siekio i\u0161gelb\u0117ti knygas nuo likimo prie konteinerio. Kas vienam nereikalingas daiktas \u2013 kitam lobis, o mes esame tarpininkai, kurie padeda abiems tapti laimingesniems ???? \u017dinome kaip nelengva i\u0161gyventi ma\u017eiems verslams, tad nuo \u0161iol, \u010dia rasite ir kit\u0173, ma\u017e\u0173 \u0161eim\u0173 versl\u0173, rank\u0173 darbo, dovan\u0173 sau ir artimiesiems.","publisher":{"@id":"https:\/\/skaitytaknyga.lt\/#organization"},"potentialAction":[{"@type":"SearchAction","target":{"@type":"EntryPoint","urlTemplate":"https:\/\/skaitytaknyga.lt\/?s={search_term_string}"},"query-input":{"@type":"PropertyValueSpecification","valueRequired":true,"valueName":"search_term_string"}}],"inLanguage":"en-GB"},{"@type":"Organization","@id":"https:\/\/skaitytaknyga.lt\/#organization","name":"skaitytaknyga.lt","url":"https:\/\/skaitytaknyga.lt\/","logo":{"@type":"ImageObject","inLanguage":"en-GB","@id":"https:\/\/skaitytaknyga.lt\/#\/schema\/logo\/image\/","url":"https:\/\/skaitytaknyga.lt\/wp-content\/uploads\/2024\/05\/cropped-cropped-cropped-02_00843_jt3bggkj1j3HLc7SyY6rEUpg.jpeg","contentUrl":"https:\/\/skaitytaknyga.lt\/wp-content\/uploads\/2024\/05\/cropped-cropped-cropped-02_00843_jt3bggkj1j3HLc7SyY6rEUpg.jpeg","width":1600,"height":1600,"caption":"skaitytaknyga.lt"},"image":{"@id":"https:\/\/skaitytaknyga.lt\/#\/schema\/logo\/image\/"},"sameAs":["https:\/\/www.facebook.com\/skaitytaknyga\/"]}]}},"_links":{"self":[{"href":"https:\/\/skaitytaknyga.lt\/en\/wp-json\/wp\/v2\/product\/16362","targetHints":{"allow":["GET"]}}],"collection":[{"href":"https:\/\/skaitytaknyga.lt\/en\/wp-json\/wp\/v2\/product"}],"about":[{"href":"https:\/\/skaitytaknyga.lt\/en\/wp-json\/wp\/v2\/types\/product"}],"replies":[{"embeddable":true,"href":"https:\/\/skaitytaknyga.lt\/en\/wp-json\/wp\/v2\/comments?post=16362"}],"wp:featuredmedia":[{"embeddable":true,"href":"https:\/\/skaitytaknyga.lt\/en\/wp-json\/wp\/v2\/media\/16363"}],"wp:attachment":[{"href":"https:\/\/skaitytaknyga.lt\/en\/wp-json\/wp\/v2\/media?parent=16362"}],"wp:term":[{"taxonomy":"product_brand","embeddable":true,"href":"https:\/\/skaitytaknyga.lt\/en\/wp-json\/wp\/v2\/product_brand?post=16362"},{"taxonomy":"product_cat","embeddable":true,"href":"https:\/\/skaitytaknyga.lt\/en\/wp-json\/wp\/v2\/product_cat?post=16362"},{"taxonomy":"product_tag","embeddable":true,"href":"https:\/\/skaitytaknyga.lt\/en\/wp-json\/wp\/v2\/product_tag?post=16362"}],"curies":[{"name":"wp","href":"https:\/\/api.w.org\/{rel}","templated":true}]}}