{"id":16357,"date":"2025-02-01T10:46:11","date_gmt":"2025-02-01T08:46:11","guid":{"rendered":"https:\/\/skaitytaknyga.lt\/?post_type=product&#038;p=16357"},"modified":"2025-02-01T10:47:01","modified_gmt":"2025-02-01T08:47:01","slug":"zodiako-mergaites-nuo-bjauriojo-anciuko-iki-deives","status":"publish","type":"product","link":"https:\/\/skaitytaknyga.lt\/en\/produktas\/zodiako-mergaites-nuo-bjauriojo-anciuko-iki-deives\/","title":{"rendered":"Zodiako mergait\u0117s. Nuo bjauriojo an\u010diuko iki deiv\u0117s"},"content":{"rendered":"<div class=\"tab-content col-xs-12\">\n<div id=\"tab-description\" class=\"tab-pane active\">\n<div class=\"content-product-midde clearfix\">\n<div class=\"producttab \">\n<div class=\"tabsslider horizontal-tabs col-xs-12\">\n<div class=\"tab-content col-xs-12\">\n<div id=\"tab-description\" class=\"tab-pane active\">\n<div id=\"collapse-description\" class=\"desc-collapse\">\n<p>Ar kada nors pasikliovei horoskopu? Zodiako mergait\u0117s gali tau kai k\u0105 patarti &#8211; kai \u017evaig\u017ed\u0117s palankiai i\u0161sid\u0117sto, ima vadovauti pa\u010dios planetos&#8230; \u0161aunu, ar ne? Ta\u010diau viskas n\u0117ra taip paprasta, kaip atrodo &#8211; nuo pa\u010dios mergait\u0117s priklauso, kiek ji gaus naudos per Zodiako mergait\u0117s m\u0117nes\u012f.<\/p>\n<p>Gema perpykusi&#8230; T\u0117vai j\u0105 i\u0161siunt\u0117 \u012f priva\u010di\u0105 internatin\u0119 mokykl\u0105. \u010cia ji ilgisi savo sen\u0173 draugi\u0173. Bendrauti m\u0117gstan\u010diai Gemai draugai yra svarbiausia. Jai nepasisek\u0117, jos kambario draug\u0117 baik\u0161ti pelyt\u0117, kit\u0173 mokyklos mergai\u010di\u0173 pajuokos objektas. Gemos gyvenimas tapo ni\u016brus. Ta\u010diau ji i\u0161renkama Zodiako mergaite. Ar nesuklys Gema pasirinkdama naujas drauges?<\/p>\n<ul class=\"about-product d-none d-xl-block mt-4\">\n<li><strong>Originalus pavadinimas:<\/strong>\u00a0Zodiac Girls. From Geek to Goddess<\/li>\n<li><strong>Autorius:<\/strong>\u00a0Cathy Hopkins<\/li>\n<li><strong>Leid\u0117jas:<\/strong>\u00a0Akt\u0117ja<\/li>\n<li><strong>Metai:<\/strong>\u00a02008<\/li>\n<li><strong>Puslapiai:<\/strong>\u00a0190<\/li>\n<li class=\"toggleable type-new-formats \"><strong>ISBN:<\/strong>\u00a09789955211471<\/li>\n<li class=\"toggleable type-new-formats \"><strong>Formatas:<\/strong>\u00a013 x 20 cm, mink\u0161ti vir\u0161eliai<\/li>\n<li><strong>Kalba:<\/strong>\u00a0Lietuvi\u0173<\/li>\n<li><strong>Vert\u0117jas:<\/strong>\u00a0Audra Molyt\u0117<\/li>\n<\/ul>\n<\/div>\n<\/div>\n<\/div>\n<\/div>\n<\/div>\n<\/div>\n<div class=\"content-product-bottom clearfix\"><\/div>\n<\/div>\n<\/div>\n","protected":false},"excerpt":{"rendered":"<p>Ar kada nors pasikliovei horoskopu? Zodiako mergait\u0117s gali tau kai k\u0105 patarti &#8211; kai \u017evaig\u017ed\u0117s palankiai i\u0161sid\u0117sto, ima vadovauti pa\u010dios planetos&#8230; \u0161aunu, ar ne? Ta\u010diau viskas n\u0117ra taip paprasta, kaip atrodo &#8211; nuo pa\u010dios mergait\u0117s priklauso, kiek ji gaus naudos per Zodiako mergait\u0117s m\u0117nes\u012f. Gema perpykusi&#8230; T\u0117vai j\u0105 i\u0161siunt\u0117 \u012f priva\u010di\u0105 internatin\u0119 mokykl\u0105. \u010cia ji ilgisi savo sen\u0173 draugi\u0173. Bendrauti m\u0117gstan\u010diai Gemai draugai yra svarbiausia. Jai nepasisek\u0117, jos kambario draug\u0117 baik\u0161ti pelyt\u0117, kit\u0173 mokyklos mergai\u010di\u0173 pajuokos objektas. Gemos gyvenimas tapo ni\u016brus. Ta\u010diau ji i\u0161renkama Zodiako mergaite. Ar nesuklys Gema pasirinkdama naujas drauges? Originalus pavadinimas:\u00a0Zodiac Girls. From Geek to Goddess Autorius:\u00a0Cathy Hopkins Leid\u0117jas:\u00a0Akt\u0117ja Metai:\u00a02008 Puslapiai:\u00a0190 ISBN:\u00a09789955211471 Formatas:\u00a013 x 20 cm, mink\u0161ti vir\u0161eliai Kalba:\u00a0Lietuvi\u0173 Vert\u0117jas:\u00a0Audra Molyt\u0117<\/p>\n","protected":false},"featured_media":16358,"comment_status":"closed","ping_status":"closed","template":"","meta":{"_acf_changed":false,"site-sidebar-layout":"default","site-content-layout":"","ast-site-content-layout":"default","site-content-style":"default","site-sidebar-style":"default","ast-global-header-display":"","ast-banner-title-visibility":"","ast-main-header-display":"","ast-hfb-above-header-display":"","ast-hfb-below-header-display":"","ast-hfb-mobile-header-display":"","site-post-title":"","ast-breadcrumbs-content":"","ast-featured-img":"","footer-sml-layout":"","ast-disable-related-posts":"","theme-transparent-header-meta":"default","adv-header-id-meta":"","stick-header-meta":"","header-above-stick-meta":"","header-main-stick-meta":"","header-below-stick-meta":"","astra-migrate-meta-layouts":"set","ast-page-background-enabled":"default","ast-page-background-meta":{"desktop":{"background-color":"","background-image":"","background-repeat":"repeat","background-position":"center center","background-size":"auto","background-attachment":"scroll","background-type":"","background-media":"","overlay-type":"","overlay-color":"","overlay-opacity":"","overlay-gradient":""},"tablet":{"background-color":"","background-image":"","background-repeat":"repeat","background-position":"center center","background-size":"auto","background-attachment":"scroll","background-type":"","background-media":"","overlay-type":"","overlay-color":"","overlay-opacity":"","overlay-gradient":""},"mobile":{"background-color":"","background-image":"","background-repeat":"repeat","background-position":"center center","background-size":"auto","background-attachment":"scroll","background-type":"","background-media":"","overlay-type":"","overlay-color":"","overlay-opacity":"","overlay-gradient":""}},"ast-content-background-meta":{"desktop":{"background-color":"var(--ast-global-color-4)","background-image":"","background-repeat":"repeat","background-position":"center center","background-size":"auto","background-attachment":"scroll","background-type":"","background-media":"","overlay-type":"","overlay-color":"","overlay-opacity":"","overlay-gradient":""},"tablet":{"background-color":"var(--ast-global-color-4)","background-image":"","background-repeat":"repeat","background-position":"center center","background-size":"auto","background-attachment":"scroll","background-type":"","background-media":"","overlay-type":"","overlay-color":"","overlay-opacity":"","overlay-gradient":""},"mobile":{"background-color":"var(--ast-global-color-4)","background-image":"","background-repeat":"repeat","background-position":"center center","background-size":"auto","background-attachment":"scroll","background-type":"","background-media":"","overlay-type":"","overlay-color":"","overlay-opacity":"","overlay-gradient":""}}},"product_brand":[],"product_cat":[35],"product_tag":[],"class_list":{"0":"post-16357","1":"product","2":"type-product","3":"status-publish","4":"has-post-thumbnail","6":"product_cat-vaikams-ir-paaugliams","7":"desktop-align-left","8":"tablet-align-left","9":"mobile-align-left","11":"first","12":"instock","13":"shipping-taxable","14":"purchasable","15":"product-type-simple"},"acf":[],"yoast_head":"<!-- This site is optimized with the Yoast SEO plugin v27.0 - https:\/\/yoast.com\/product\/yoast-seo-wordpress\/ -->\n<title>Zodiako mergait\u0117s. Nuo bjauriojo an\u010diuko iki deiv\u0117s<\/title>\n<meta name=\"description\" content=\"Ar kada nors pasikliovei horoskopu? Zodiako mergait\u0117s gali tau kai k\u0105 patarti - kai \u017evaig\u017ed\u0117s palankiai i\u0161sid\u0117sto, ima vadovauti pa\u010dios planetos... \u0161aunu,\" \/>\n<meta name=\"robots\" content=\"index, follow, max-snippet:-1, max-image-preview:large, max-video-preview:-1\" \/>\n<link rel=\"canonical\" href=\"https:\/\/skaitytaknyga.lt\/en\/produktas\/zodiako-mergaites-nuo-bjauriojo-anciuko-iki-deives\/\" \/>\n<meta property=\"og:locale\" content=\"en_GB\" \/>\n<meta property=\"og:locale:alternate\" content=\"lt_LT\" \/>\n<meta property=\"og:type\" content=\"article\" \/>\n<meta property=\"og:title\" content=\"Zodiako mergait\u0117s. Nuo bjauriojo an\u010diuko iki deiv\u0117s\" \/>\n<meta property=\"og:description\" content=\"Ar kada nors pasikliovei horoskopu? Zodiako mergait\u0117s gali tau kai k\u0105 patarti - kai \u017evaig\u017ed\u0117s palankiai i\u0161sid\u0117sto, ima vadovauti pa\u010dios planetos... \u0161aunu,\" \/>\n<meta property=\"og:url\" content=\"https:\/\/skaitytaknyga.lt\/en\/produktas\/zodiako-mergaites-nuo-bjauriojo-anciuko-iki-deives\/\" \/>\n<meta property=\"og:site_name\" content=\"Skaitytaknyga\" \/>\n<meta property=\"article:publisher\" content=\"https:\/\/www.facebook.com\/skaitytaknyga\/\" \/>\n<meta property=\"article:modified_time\" content=\"2025-02-01T08:47:01+00:00\" \/>\n<meta property=\"og:image\" content=\"https:\/\/skaitytaknyga.lt\/wp-content\/uploads\/2025\/02\/Zodiako-mergaites.-Nuo-bjauriojo-anciuko-iki-deives.webp\" \/>\n\t<meta property=\"og:image:width\" content=\"516\" \/>\n\t<meta property=\"og:image:height\" content=\"800\" \/>\n\t<meta property=\"og:image:type\" content=\"image\/webp\" \/>\n<meta name=\"twitter:card\" content=\"summary_large_image\" \/>\n<meta name=\"twitter:label1\" content=\"Estimated reading time\" \/>\n\t<meta name=\"twitter:data1\" content=\"1 minute\" \/>\n<script type=\"application\/ld+json\" class=\"yoast-schema-graph\">{\"@context\":\"https:\/\/schema.org\",\"@graph\":[{\"@type\":\"WebPage\",\"@id\":\"https:\/\/skaitytaknyga.lt\/produktas\/zodiako-mergaites-nuo-bjauriojo-anciuko-iki-deives\/\",\"url\":\"https:\/\/skaitytaknyga.lt\/produktas\/zodiako-mergaites-nuo-bjauriojo-anciuko-iki-deives\/\",\"name\":\"Zodiako mergait\u0117s. Nuo bjauriojo an\u010diuko iki deiv\u0117s\",\"isPartOf\":{\"@id\":\"https:\/\/skaitytaknyga.lt\/#website\"},\"primaryImageOfPage\":{\"@id\":\"https:\/\/skaitytaknyga.lt\/produktas\/zodiako-mergaites-nuo-bjauriojo-anciuko-iki-deives\/#primaryimage\"},\"image\":{\"@id\":\"https:\/\/skaitytaknyga.lt\/produktas\/zodiako-mergaites-nuo-bjauriojo-anciuko-iki-deives\/#primaryimage\"},\"thumbnailUrl\":\"https:\/\/skaitytaknyga.lt\/wp-content\/uploads\/2025\/02\/Zodiako-mergaites.-Nuo-bjauriojo-anciuko-iki-deives.webp\",\"datePublished\":\"2025-02-01T08:46:11+00:00\",\"dateModified\":\"2025-02-01T08:47:01+00:00\",\"description\":\"Ar kada nors pasikliovei horoskopu? Zodiako mergait\u0117s gali tau kai k\u0105 patarti - kai \u017evaig\u017ed\u0117s palankiai i\u0161sid\u0117sto, ima vadovauti pa\u010dios planetos... \u0161aunu,\",\"breadcrumb\":{\"@id\":\"https:\/\/skaitytaknyga.lt\/produktas\/zodiako-mergaites-nuo-bjauriojo-anciuko-iki-deives\/#breadcrumb\"},\"inLanguage\":\"en-GB\",\"potentialAction\":[{\"@type\":\"ReadAction\",\"target\":[\"https:\/\/skaitytaknyga.lt\/produktas\/zodiako-mergaites-nuo-bjauriojo-anciuko-iki-deives\/\"]}]},{\"@type\":\"ImageObject\",\"inLanguage\":\"en-GB\",\"@id\":\"https:\/\/skaitytaknyga.lt\/produktas\/zodiako-mergaites-nuo-bjauriojo-anciuko-iki-deives\/#primaryimage\",\"url\":\"https:\/\/skaitytaknyga.lt\/wp-content\/uploads\/2025\/02\/Zodiako-mergaites.-Nuo-bjauriojo-anciuko-iki-deives.webp\",\"contentUrl\":\"https:\/\/skaitytaknyga.lt\/wp-content\/uploads\/2025\/02\/Zodiako-mergaites.-Nuo-bjauriojo-anciuko-iki-deives.webp\",\"width\":516,\"height\":800,\"caption\":\"Zodiako mergait\u0117s. Nuo bjauriojo an\u010diuko iki deiv\u0117s\"},{\"@type\":\"BreadcrumbList\",\"@id\":\"https:\/\/skaitytaknyga.lt\/produktas\/zodiako-mergaites-nuo-bjauriojo-anciuko-iki-deives\/#breadcrumb\",\"itemListElement\":[{\"@type\":\"ListItem\",\"position\":1,\"name\":\"Home\",\"item\":\"https:\/\/skaitytaknyga.lt\/\"},{\"@type\":\"ListItem\",\"position\":2,\"name\":\"Parduotuv\u0117\",\"item\":\"https:\/\/skaitytaknyga.lt\/knygu-parduotuve\/\"},{\"@type\":\"ListItem\",\"position\":3,\"name\":\"Zodiako mergait\u0117s. Nuo bjauriojo an\u010diuko iki deiv\u0117s\"}]},{\"@type\":\"WebSite\",\"@id\":\"https:\/\/skaitytaknyga.lt\/#website\",\"url\":\"https:\/\/skaitytaknyga.lt\/\",\"name\":\"skaitytaknyga.lt\",\"description\":\"Skaitytaknyga.lt \u2013 tai ma\u017eas \u0161eimos verslas, kuris prasid\u0117jo nuo meil\u0117s knygoms ir siekio i\u0161gelb\u0117ti knygas nuo likimo prie konteinerio. Kas vienam nereikalingas daiktas \u2013 kitam lobis, o mes esame tarpininkai, kurie padeda abiems tapti laimingesniems ???? \u017dinome kaip nelengva i\u0161gyventi ma\u017eiems verslams, tad nuo \u0161iol, \u010dia rasite ir kit\u0173, ma\u017e\u0173 \u0161eim\u0173 versl\u0173, rank\u0173 darbo, dovan\u0173 sau ir artimiesiems.\",\"publisher\":{\"@id\":\"https:\/\/skaitytaknyga.lt\/#organization\"},\"potentialAction\":[{\"@type\":\"SearchAction\",\"target\":{\"@type\":\"EntryPoint\",\"urlTemplate\":\"https:\/\/skaitytaknyga.lt\/?s={search_term_string}\"},\"query-input\":{\"@type\":\"PropertyValueSpecification\",\"valueRequired\":true,\"valueName\":\"search_term_string\"}}],\"inLanguage\":\"en-GB\"},{\"@type\":\"Organization\",\"@id\":\"https:\/\/skaitytaknyga.lt\/#organization\",\"name\":\"skaitytaknyga.lt\",\"url\":\"https:\/\/skaitytaknyga.lt\/\",\"logo\":{\"@type\":\"ImageObject\",\"inLanguage\":\"en-GB\",\"@id\":\"https:\/\/skaitytaknyga.lt\/#\/schema\/logo\/image\/\",\"url\":\"https:\/\/skaitytaknyga.lt\/wp-content\/uploads\/2024\/05\/cropped-cropped-cropped-02_00843_jt3bggkj1j3HLc7SyY6rEUpg.jpeg\",\"contentUrl\":\"https:\/\/skaitytaknyga.lt\/wp-content\/uploads\/2024\/05\/cropped-cropped-cropped-02_00843_jt3bggkj1j3HLc7SyY6rEUpg.jpeg\",\"width\":1600,\"height\":1600,\"caption\":\"skaitytaknyga.lt\"},\"image\":{\"@id\":\"https:\/\/skaitytaknyga.lt\/#\/schema\/logo\/image\/\"},\"sameAs\":[\"https:\/\/www.facebook.com\/skaitytaknyga\/\"]}]}<\/script>\n<!-- \/ Yoast SEO plugin. -->","yoast_head_json":{"title":"Zodiako mergait\u0117s. Nuo bjauriojo an\u010diuko iki deiv\u0117s","description":"Ar kada nors pasikliovei horoskopu? Zodiako mergait\u0117s gali tau kai k\u0105 patarti - kai \u017evaig\u017ed\u0117s palankiai i\u0161sid\u0117sto, ima vadovauti pa\u010dios planetos... \u0161aunu,","robots":{"index":"index","follow":"follow","max-snippet":"max-snippet:-1","max-image-preview":"max-image-preview:large","max-video-preview":"max-video-preview:-1"},"canonical":"https:\/\/skaitytaknyga.lt\/en\/produktas\/zodiako-mergaites-nuo-bjauriojo-anciuko-iki-deives\/","og_locale":"en_GB","og_type":"article","og_title":"[:lt]Zodiako mergait\u0117s. Nuo bjauriojo an\u010diuko iki deiv\u0117s[:] - Skaitytaknyga","og_description":"Ar kada nors pasikliovei horoskopu? Zodiako mergait\u0117s gali tau kai k\u0105 patarti - kai \u017evaig\u017ed\u0117s palankiai i\u0161sid\u0117sto, ima vadovauti pa\u010dios planetos... \u0161aunu,","og_url":"https:\/\/skaitytaknyga.lt\/en\/produktas\/zodiako-mergaites-nuo-bjauriojo-anciuko-iki-deives\/","og_site_name":"Skaitytaknyga","article_publisher":"https:\/\/www.facebook.com\/skaitytaknyga\/","article_modified_time":"2025-02-01T08:47:01+00:00","og_image":[{"width":516,"height":800,"url":"https:\/\/skaitytaknyga.lt\/wp-content\/uploads\/2025\/02\/Zodiako-mergaites.-Nuo-bjauriojo-anciuko-iki-deives.webp","type":"image\/webp"}],"twitter_card":"summary_large_image","twitter_misc":{"Estimated reading time":"1 minute"},"schema":{"@context":"https:\/\/schema.org","@graph":[{"@type":"WebPage","@id":"https:\/\/skaitytaknyga.lt\/produktas\/zodiako-mergaites-nuo-bjauriojo-anciuko-iki-deives\/","url":"https:\/\/skaitytaknyga.lt\/produktas\/zodiako-mergaites-nuo-bjauriojo-anciuko-iki-deives\/","name":"Zodiako mergait\u0117s. Nuo bjauriojo an\u010diuko iki deiv\u0117s","isPartOf":{"@id":"https:\/\/skaitytaknyga.lt\/#website"},"primaryImageOfPage":{"@id":"https:\/\/skaitytaknyga.lt\/produktas\/zodiako-mergaites-nuo-bjauriojo-anciuko-iki-deives\/#primaryimage"},"image":{"@id":"https:\/\/skaitytaknyga.lt\/produktas\/zodiako-mergaites-nuo-bjauriojo-anciuko-iki-deives\/#primaryimage"},"thumbnailUrl":"https:\/\/skaitytaknyga.lt\/wp-content\/uploads\/2025\/02\/Zodiako-mergaites.-Nuo-bjauriojo-anciuko-iki-deives.webp","datePublished":"2025-02-01T08:46:11+00:00","dateModified":"2025-02-01T08:47:01+00:00","description":"Ar kada nors pasikliovei horoskopu? Zodiako mergait\u0117s gali tau kai k\u0105 patarti - kai \u017evaig\u017ed\u0117s palankiai i\u0161sid\u0117sto, ima vadovauti pa\u010dios planetos... \u0161aunu,","breadcrumb":{"@id":"https:\/\/skaitytaknyga.lt\/produktas\/zodiako-mergaites-nuo-bjauriojo-anciuko-iki-deives\/#breadcrumb"},"inLanguage":"en-GB","potentialAction":[{"@type":"ReadAction","target":["https:\/\/skaitytaknyga.lt\/produktas\/zodiako-mergaites-nuo-bjauriojo-anciuko-iki-deives\/"]}]},{"@type":"ImageObject","inLanguage":"en-GB","@id":"https:\/\/skaitytaknyga.lt\/produktas\/zodiako-mergaites-nuo-bjauriojo-anciuko-iki-deives\/#primaryimage","url":"https:\/\/skaitytaknyga.lt\/wp-content\/uploads\/2025\/02\/Zodiako-mergaites.-Nuo-bjauriojo-anciuko-iki-deives.webp","contentUrl":"https:\/\/skaitytaknyga.lt\/wp-content\/uploads\/2025\/02\/Zodiako-mergaites.-Nuo-bjauriojo-anciuko-iki-deives.webp","width":516,"height":800,"caption":"Zodiako mergait\u0117s. Nuo bjauriojo an\u010diuko iki deiv\u0117s"},{"@type":"BreadcrumbList","@id":"https:\/\/skaitytaknyga.lt\/produktas\/zodiako-mergaites-nuo-bjauriojo-anciuko-iki-deives\/#breadcrumb","itemListElement":[{"@type":"ListItem","position":1,"name":"Home","item":"https:\/\/skaitytaknyga.lt\/"},{"@type":"ListItem","position":2,"name":"Parduotuv\u0117","item":"https:\/\/skaitytaknyga.lt\/knygu-parduotuve\/"},{"@type":"ListItem","position":3,"name":"Zodiako mergait\u0117s. Nuo bjauriojo an\u010diuko iki deiv\u0117s"}]},{"@type":"WebSite","@id":"https:\/\/skaitytaknyga.lt\/#website","url":"https:\/\/skaitytaknyga.lt\/","name":"skaitytaknyga.lt","description":"Skaitytaknyga.lt \u2013 tai ma\u017eas \u0161eimos verslas, kuris prasid\u0117jo nuo meil\u0117s knygoms ir siekio i\u0161gelb\u0117ti knygas nuo likimo prie konteinerio. Kas vienam nereikalingas daiktas \u2013 kitam lobis, o mes esame tarpininkai, kurie padeda abiems tapti laimingesniems ???? \u017dinome kaip nelengva i\u0161gyventi ma\u017eiems verslams, tad nuo \u0161iol, \u010dia rasite ir kit\u0173, ma\u017e\u0173 \u0161eim\u0173 versl\u0173, rank\u0173 darbo, dovan\u0173 sau ir artimiesiems.","publisher":{"@id":"https:\/\/skaitytaknyga.lt\/#organization"},"potentialAction":[{"@type":"SearchAction","target":{"@type":"EntryPoint","urlTemplate":"https:\/\/skaitytaknyga.lt\/?s={search_term_string}"},"query-input":{"@type":"PropertyValueSpecification","valueRequired":true,"valueName":"search_term_string"}}],"inLanguage":"en-GB"},{"@type":"Organization","@id":"https:\/\/skaitytaknyga.lt\/#organization","name":"skaitytaknyga.lt","url":"https:\/\/skaitytaknyga.lt\/","logo":{"@type":"ImageObject","inLanguage":"en-GB","@id":"https:\/\/skaitytaknyga.lt\/#\/schema\/logo\/image\/","url":"https:\/\/skaitytaknyga.lt\/wp-content\/uploads\/2024\/05\/cropped-cropped-cropped-02_00843_jt3bggkj1j3HLc7SyY6rEUpg.jpeg","contentUrl":"https:\/\/skaitytaknyga.lt\/wp-content\/uploads\/2024\/05\/cropped-cropped-cropped-02_00843_jt3bggkj1j3HLc7SyY6rEUpg.jpeg","width":1600,"height":1600,"caption":"skaitytaknyga.lt"},"image":{"@id":"https:\/\/skaitytaknyga.lt\/#\/schema\/logo\/image\/"},"sameAs":["https:\/\/www.facebook.com\/skaitytaknyga\/"]}]}},"_links":{"self":[{"href":"https:\/\/skaitytaknyga.lt\/en\/wp-json\/wp\/v2\/product\/16357","targetHints":{"allow":["GET"]}}],"collection":[{"href":"https:\/\/skaitytaknyga.lt\/en\/wp-json\/wp\/v2\/product"}],"about":[{"href":"https:\/\/skaitytaknyga.lt\/en\/wp-json\/wp\/v2\/types\/product"}],"replies":[{"embeddable":true,"href":"https:\/\/skaitytaknyga.lt\/en\/wp-json\/wp\/v2\/comments?post=16357"}],"wp:featuredmedia":[{"embeddable":true,"href":"https:\/\/skaitytaknyga.lt\/en\/wp-json\/wp\/v2\/media\/16358"}],"wp:attachment":[{"href":"https:\/\/skaitytaknyga.lt\/en\/wp-json\/wp\/v2\/media?parent=16357"}],"wp:term":[{"taxonomy":"product_brand","embeddable":true,"href":"https:\/\/skaitytaknyga.lt\/en\/wp-json\/wp\/v2\/product_brand?post=16357"},{"taxonomy":"product_cat","embeddable":true,"href":"https:\/\/skaitytaknyga.lt\/en\/wp-json\/wp\/v2\/product_cat?post=16357"},{"taxonomy":"product_tag","embeddable":true,"href":"https:\/\/skaitytaknyga.lt\/en\/wp-json\/wp\/v2\/product_tag?post=16357"}],"curies":[{"name":"wp","href":"https:\/\/api.w.org\/{rel}","templated":true}]}}