{"id":16355,"date":"2025-02-01T10:43:49","date_gmt":"2025-02-01T08:43:49","guid":{"rendered":"https:\/\/skaitytaknyga.lt\/?post_type=product&#038;p=16355"},"modified":"2026-03-18T14:55:47","modified_gmt":"2026-03-18T12:55:47","slug":"jei-isgyvensit-nuo-normandijos-iki-zygfrydo-linijos-1944-1945","status":"publish","type":"product","link":"https:\/\/skaitytaknyga.lt\/en\/produktas\/jei-isgyvensit-nuo-normandijos-iki-zygfrydo-linijos-1944-1945\/","title":{"rendered":"Jei i\u0161gyvensit: nuo Normandijos iki Zygfrydo linijos 1944-1945"},"content":{"rendered":"<p>Amerikie\u010di\u0173 leitenantas\u00a0<strong>George Wilson<\/strong>, vadovav\u0119s vienai i\u0161 4-osios p\u0117stinink\u0173 divizijos kuop\u0173, pasakoja apie savo kovos keli\u0105 nuo Normandijos iki Zygfrydo linijos did\u017eiausiuose Vakar\u0173 fronto m\u016b\u0161iuose 1944\u20131945 m. Kovodamas pirmose gretose, dalyvavo S\u0105junginink\u0173 prasiver\u017eime prie Sen Lo 1944 m. liep\u0105, drauge su savo divizija \u012f\u017eeng\u0117 \u012f Pary\u017ei\u0173, v\u0117liau iki pat Zygfrydo linijos persekiojo atsitraukian\u010dius vokie\u010dius. \u010cia autoriui ir jo kariams teko dalyvauti \u017eiauriame Hiurtgeno girios m\u016b\u0161yje ir patirti sukre\u010diam\u0173 nuostoli\u0173. Atitraukta atsigauti \u012f ramesn\u0119 fronto atkarp\u0105, jo vadovaujama kuopa atsid\u016br\u0117 tiesiai skersai kelio vokie\u010diams, 1945 m. gruod\u012f prad\u0117jusiems puolim\u0105 per Ard\u0117nus.<\/p>\n<p>Atlaik\u0119s i\u0161bandymus, autorius 1945 m. vasar\u012f buvo su\u017eeistas i\u0161 naujo \u0161turmuodamas Zygfrydo linijos gynybinius \u012ftvirtinimus. Tuo metu i\u0161 bendra\u017eygi\u0173, drauge su juo prad\u0117jusi\u0173 savo kovos keli\u0105 Normandijoje 1944 m liep\u0105, savo kuopoje jis buvo lik\u0119s paskutinis.<\/p>\n<p>Knygoje gerai atsispindi amerikie\u010di\u0173 kovos veiksmai bei nedideli\u0173 dalini\u0173 taktika paskutiniaisiais Antrojo pasaulinio karo m\u0117nesiais Vakar\u0173 fronte, autoriaus i\u0161gyvenimai ir emocijos.<\/p>\n<ul class=\"about-product d-none d-xl-block mt-4\">\n<li><strong>Originalus pavadinimas:<\/strong>\u00a0If You Survive: From Normandy to the Battle of the Bulge to the End of World War II, One American Officer&#8217;s Riveting True Story<\/li>\n<li><strong>Autorius:<\/strong>\u00a0George Wilson<\/li>\n<li><strong>Leid\u0117jas:<\/strong>\u00a0Vox Altera<\/li>\n<li><strong>Metai:<\/strong>\u00a02015<\/li>\n<li><strong>Puslapiai:<\/strong>\u00a0182<\/li>\n<li class=\"toggleable type-new-formats \"><strong>ISBN:<\/strong>\u00a09786098088175<\/li>\n<li class=\"toggleable type-new-formats \"><strong>Formatas:<\/strong>\u00a015,5 x 23,5 cm, mink\u0161ti vir\u0161eliai<\/li>\n<li><strong>Kalba:<\/strong>\u00a0Lietuvi\u0173<\/li>\n<li><strong>Vert\u0117jas:<\/strong>\u00a0Augustinas \u017dukas<\/li>\n<\/ul>\n","protected":false},"excerpt":{"rendered":"<p>Amerikie\u010di\u0173 leitenantas\u00a0George Wilson, vadovav\u0119s vienai i\u0161 4-osios p\u0117stinink\u0173 divizijos kuop\u0173, pasakoja apie savo kovos keli\u0105 nuo Normandijos iki Zygfrydo linijos did\u017eiausiuose Vakar\u0173 fronto m\u016b\u0161iuose 1944\u20131945 m. Kovodamas pirmose gretose, dalyvavo S\u0105junginink\u0173 prasiver\u017eime prie Sen Lo 1944 m. liep\u0105, drauge su savo divizija \u012f\u017eeng\u0117 \u012f Pary\u017ei\u0173, v\u0117liau iki pat Zygfrydo linijos persekiojo atsitraukian\u010dius vokie\u010dius. \u010cia autoriui ir jo kariams teko dalyvauti \u017eiauriame Hiurtgeno girios m\u016b\u0161yje ir patirti sukre\u010diam\u0173 nuostoli\u0173. Atitraukta atsigauti \u012f ramesn\u0119 fronto atkarp\u0105, jo vadovaujama kuopa atsid\u016br\u0117 tiesiai skersai kelio vokie\u010diams, 1945 m. gruod\u012f prad\u0117jusiems puolim\u0105 per Ard\u0117nus. Atlaik\u0119s i\u0161bandymus, autorius 1945 m. vasar\u012f buvo su\u017eeistas i\u0161 naujo \u0161turmuodamas Zygfrydo linijos gynybinius \u012ftvirtinimus. Tuo metu i\u0161 bendra\u017eygi\u0173, drauge su juo prad\u0117jusi\u0173 savo kovos keli\u0105 Normandijoje 1944 m liep\u0105, savo kuopoje jis buvo lik\u0119s paskutinis. Knygoje gerai atsispindi amerikie\u010di\u0173 kovos veiksmai bei nedideli\u0173 dalini\u0173 taktika paskutiniaisiais Antrojo pasaulinio karo m\u0117nesiais Vakar\u0173 fronte, autoriaus i\u0161gyvenimai ir emocijos. Originalus pavadinimas:\u00a0If You Survive: From Normandy to the Battle of the Bulge to the End of World War II, One American Officer&#8217;s Riveting True Story Autorius:\u00a0George Wilson Leid\u0117jas:\u00a0Vox Altera Metai:\u00a02015 Puslapiai:\u00a0182 ISBN:\u00a09786098088175 Formatas:\u00a015,5 x 23,5 cm, mink\u0161ti vir\u0161eliai Kalba:\u00a0Lietuvi\u0173 Vert\u0117jas:\u00a0Augustinas \u017dukas<\/p>\n","protected":false},"featured_media":16356,"comment_status":"closed","ping_status":"closed","template":"","meta":{"_acf_changed":false,"site-sidebar-layout":"default","site-content-layout":"","ast-site-content-layout":"default","site-content-style":"default","site-sidebar-style":"default","ast-global-header-display":"","ast-banner-title-visibility":"","ast-main-header-display":"","ast-hfb-above-header-display":"","ast-hfb-below-header-display":"","ast-hfb-mobile-header-display":"","site-post-title":"","ast-breadcrumbs-content":"","ast-featured-img":"","footer-sml-layout":"","ast-disable-related-posts":"","theme-transparent-header-meta":"default","adv-header-id-meta":"","stick-header-meta":"","header-above-stick-meta":"","header-main-stick-meta":"","header-below-stick-meta":"","astra-migrate-meta-layouts":"set","ast-page-background-enabled":"default","ast-page-background-meta":{"desktop":{"background-color":"","background-image":"","background-repeat":"repeat","background-position":"center center","background-size":"auto","background-attachment":"scroll","background-type":"","background-media":"","overlay-type":"","overlay-color":"","overlay-opacity":"","overlay-gradient":""},"tablet":{"background-color":"","background-image":"","background-repeat":"repeat","background-position":"center center","background-size":"auto","background-attachment":"scroll","background-type":"","background-media":"","overlay-type":"","overlay-color":"","overlay-opacity":"","overlay-gradient":""},"mobile":{"background-color":"","background-image":"","background-repeat":"repeat","background-position":"center center","background-size":"auto","background-attachment":"scroll","background-type":"","background-media":"","overlay-type":"","overlay-color":"","overlay-opacity":"","overlay-gradient":""}},"ast-content-background-meta":{"desktop":{"background-color":"var(--ast-global-color-4)","background-image":"","background-repeat":"repeat","background-position":"center center","background-size":"auto","background-attachment":"scroll","background-type":"","background-media":"","overlay-type":"","overlay-color":"","overlay-opacity":"","overlay-gradient":""},"tablet":{"background-color":"var(--ast-global-color-4)","background-image":"","background-repeat":"repeat","background-position":"center center","background-size":"auto","background-attachment":"scroll","background-type":"","background-media":"","overlay-type":"","overlay-color":"","overlay-opacity":"","overlay-gradient":""},"mobile":{"background-color":"var(--ast-global-color-4)","background-image":"","background-repeat":"repeat","background-position":"center center","background-size":"auto","background-attachment":"scroll","background-type":"","background-media":"","overlay-type":"","overlay-color":"","overlay-opacity":"","overlay-gradient":""}}},"product_brand":[],"product_cat":[9864,174],"product_tag":[],"class_list":{"0":"post-16355","1":"product","2":"type-product","3":"status-publish","4":"has-post-thumbnail","6":"product_cat-karo-istorija","7":"product_cat-istorija-ir-politologija","8":"desktop-align-left","9":"tablet-align-left","10":"mobile-align-left","12":"first","13":"instock","14":"shipping-taxable","15":"purchasable","16":"product-type-simple"},"acf":[],"yoast_head":"<!-- This site is optimized with the Yoast SEO plugin v27.0 - https:\/\/yoast.com\/product\/yoast-seo-wordpress\/ -->\n<title>Jei i\u0161gyvensit: nuo Normandijos iki Zygfrydo linijos 1944-1945<\/title>\n<meta name=\"description\" content=\"Amerikie\u010di\u0173 leitenantas\u00a0George Wilson, vadovav\u0119s vienai i\u0161 4-osios p\u0117stinink\u0173 divizijos kuop\u0173, pasakoja apie savo kovos keli\u0105 nuo Normandijos iki Zygfrydo\" \/>\n<meta name=\"robots\" content=\"index, follow, max-snippet:-1, max-image-preview:large, max-video-preview:-1\" \/>\n<link rel=\"canonical\" href=\"https:\/\/skaitytaknyga.lt\/en\/produktas\/jei-isgyvensit-nuo-normandijos-iki-zygfrydo-linijos-1944-1945\/\" \/>\n<meta property=\"og:locale\" content=\"en_GB\" \/>\n<meta property=\"og:locale:alternate\" content=\"lt_LT\" \/>\n<meta property=\"og:type\" content=\"article\" \/>\n<meta property=\"og:title\" content=\"Jei i\u0161gyvensit: nuo Normandijos iki Zygfrydo linijos 1944-1945\" \/>\n<meta property=\"og:description\" content=\"Amerikie\u010di\u0173 leitenantas\u00a0George Wilson, vadovav\u0119s vienai i\u0161 4-osios p\u0117stinink\u0173 divizijos kuop\u0173, pasakoja apie savo kovos keli\u0105 nuo Normandijos iki Zygfrydo\" \/>\n<meta property=\"og:url\" content=\"https:\/\/skaitytaknyga.lt\/en\/produktas\/jei-isgyvensit-nuo-normandijos-iki-zygfrydo-linijos-1944-1945\/\" \/>\n<meta property=\"og:site_name\" content=\"Skaitytaknyga\" \/>\n<meta property=\"article:publisher\" content=\"https:\/\/www.facebook.com\/skaitytaknyga\/\" \/>\n<meta property=\"article:modified_time\" content=\"2026-03-18T12:55:47+00:00\" \/>\n<meta property=\"og:image\" content=\"https:\/\/skaitytaknyga.lt\/wp-content\/uploads\/2025\/02\/Jei-isgyvensit-nuo-Normandijos-iki-Zygfrydo-linijos-1944-1945.webp\" \/>\n\t<meta property=\"og:image:width\" content=\"244\" \/>\n\t<meta property=\"og:image:height\" content=\"370\" \/>\n\t<meta property=\"og:image:type\" content=\"image\/webp\" \/>\n<meta name=\"twitter:card\" content=\"summary_large_image\" \/>\n<meta name=\"twitter:label1\" content=\"Estimated reading time\" \/>\n\t<meta name=\"twitter:data1\" content=\"2 minutes\" \/>\n<script type=\"application\/ld+json\" class=\"yoast-schema-graph\">{\"@context\":\"https:\/\/schema.org\",\"@graph\":[{\"@type\":\"WebPage\",\"@id\":\"https:\/\/skaitytaknyga.lt\/produktas\/jei-isgyvensit-nuo-normandijos-iki-zygfrydo-linijos-1944-1945\/\",\"url\":\"https:\/\/skaitytaknyga.lt\/produktas\/jei-isgyvensit-nuo-normandijos-iki-zygfrydo-linijos-1944-1945\/\",\"name\":\"Jei i\u0161gyvensit: nuo Normandijos iki Zygfrydo linijos 1944-1945\",\"isPartOf\":{\"@id\":\"https:\/\/skaitytaknyga.lt\/#website\"},\"primaryImageOfPage\":{\"@id\":\"https:\/\/skaitytaknyga.lt\/produktas\/jei-isgyvensit-nuo-normandijos-iki-zygfrydo-linijos-1944-1945\/#primaryimage\"},\"image\":{\"@id\":\"https:\/\/skaitytaknyga.lt\/produktas\/jei-isgyvensit-nuo-normandijos-iki-zygfrydo-linijos-1944-1945\/#primaryimage\"},\"thumbnailUrl\":\"https:\/\/skaitytaknyga.lt\/wp-content\/uploads\/2025\/02\/Jei-isgyvensit-nuo-Normandijos-iki-Zygfrydo-linijos-1944-1945.webp\",\"datePublished\":\"2025-02-01T08:43:49+00:00\",\"dateModified\":\"2026-03-18T12:55:47+00:00\",\"description\":\"Amerikie\u010di\u0173 leitenantas\u00a0George Wilson, vadovav\u0119s vienai i\u0161 4-osios p\u0117stinink\u0173 divizijos kuop\u0173, pasakoja apie savo kovos keli\u0105 nuo Normandijos iki Zygfrydo\",\"breadcrumb\":{\"@id\":\"https:\/\/skaitytaknyga.lt\/produktas\/jei-isgyvensit-nuo-normandijos-iki-zygfrydo-linijos-1944-1945\/#breadcrumb\"},\"inLanguage\":\"en-GB\",\"potentialAction\":[{\"@type\":\"ReadAction\",\"target\":[\"https:\/\/skaitytaknyga.lt\/produktas\/jei-isgyvensit-nuo-normandijos-iki-zygfrydo-linijos-1944-1945\/\"]}]},{\"@type\":\"ImageObject\",\"inLanguage\":\"en-GB\",\"@id\":\"https:\/\/skaitytaknyga.lt\/produktas\/jei-isgyvensit-nuo-normandijos-iki-zygfrydo-linijos-1944-1945\/#primaryimage\",\"url\":\"https:\/\/skaitytaknyga.lt\/wp-content\/uploads\/2025\/02\/Jei-isgyvensit-nuo-Normandijos-iki-Zygfrydo-linijos-1944-1945.webp\",\"contentUrl\":\"https:\/\/skaitytaknyga.lt\/wp-content\/uploads\/2025\/02\/Jei-isgyvensit-nuo-Normandijos-iki-Zygfrydo-linijos-1944-1945.webp\",\"width\":244,\"height\":370,\"caption\":\"Jei i\u0161gyvensit: nuo Normandijos iki Zygfrydo linijos 1944-1945\"},{\"@type\":\"BreadcrumbList\",\"@id\":\"https:\/\/skaitytaknyga.lt\/produktas\/jei-isgyvensit-nuo-normandijos-iki-zygfrydo-linijos-1944-1945\/#breadcrumb\",\"itemListElement\":[{\"@type\":\"ListItem\",\"position\":1,\"name\":\"Home\",\"item\":\"https:\/\/skaitytaknyga.lt\/\"},{\"@type\":\"ListItem\",\"position\":2,\"name\":\"Parduotuv\u0117\",\"item\":\"https:\/\/skaitytaknyga.lt\/knygu-parduotuve\/\"},{\"@type\":\"ListItem\",\"position\":3,\"name\":\"Jei i\u0161gyvensit: nuo Normandijos iki Zygfrydo linijos 1944-1945\"}]},{\"@type\":\"WebSite\",\"@id\":\"https:\/\/skaitytaknyga.lt\/#website\",\"url\":\"https:\/\/skaitytaknyga.lt\/\",\"name\":\"skaitytaknyga.lt\",\"description\":\"Skaitytaknyga.lt \u2013 tai ma\u017eas \u0161eimos verslas, kuris prasid\u0117jo nuo meil\u0117s knygoms ir siekio i\u0161gelb\u0117ti knygas nuo likimo prie konteinerio. Kas vienam nereikalingas daiktas \u2013 kitam lobis, o mes esame tarpininkai, kurie padeda abiems tapti laimingesniems ???? \u017dinome kaip nelengva i\u0161gyventi ma\u017eiems verslams, tad nuo \u0161iol, \u010dia rasite ir kit\u0173, ma\u017e\u0173 \u0161eim\u0173 versl\u0173, rank\u0173 darbo, dovan\u0173 sau ir artimiesiems.\",\"publisher\":{\"@id\":\"https:\/\/skaitytaknyga.lt\/#organization\"},\"potentialAction\":[{\"@type\":\"SearchAction\",\"target\":{\"@type\":\"EntryPoint\",\"urlTemplate\":\"https:\/\/skaitytaknyga.lt\/?s={search_term_string}\"},\"query-input\":{\"@type\":\"PropertyValueSpecification\",\"valueRequired\":true,\"valueName\":\"search_term_string\"}}],\"inLanguage\":\"en-GB\"},{\"@type\":\"Organization\",\"@id\":\"https:\/\/skaitytaknyga.lt\/#organization\",\"name\":\"skaitytaknyga.lt\",\"url\":\"https:\/\/skaitytaknyga.lt\/\",\"logo\":{\"@type\":\"ImageObject\",\"inLanguage\":\"en-GB\",\"@id\":\"https:\/\/skaitytaknyga.lt\/#\/schema\/logo\/image\/\",\"url\":\"https:\/\/skaitytaknyga.lt\/wp-content\/uploads\/2024\/05\/cropped-cropped-cropped-02_00843_jt3bggkj1j3HLc7SyY6rEUpg.jpeg\",\"contentUrl\":\"https:\/\/skaitytaknyga.lt\/wp-content\/uploads\/2024\/05\/cropped-cropped-cropped-02_00843_jt3bggkj1j3HLc7SyY6rEUpg.jpeg\",\"width\":1600,\"height\":1600,\"caption\":\"skaitytaknyga.lt\"},\"image\":{\"@id\":\"https:\/\/skaitytaknyga.lt\/#\/schema\/logo\/image\/\"},\"sameAs\":[\"https:\/\/www.facebook.com\/skaitytaknyga\/\"]}]}<\/script>\n<!-- \/ Yoast SEO plugin. -->","yoast_head_json":{"title":"Jei i\u0161gyvensit: nuo Normandijos iki Zygfrydo linijos 1944-1945","description":"Amerikie\u010di\u0173 leitenantas\u00a0George Wilson, vadovav\u0119s vienai i\u0161 4-osios p\u0117stinink\u0173 divizijos kuop\u0173, pasakoja apie savo kovos keli\u0105 nuo Normandijos iki Zygfrydo","robots":{"index":"index","follow":"follow","max-snippet":"max-snippet:-1","max-image-preview":"max-image-preview:large","max-video-preview":"max-video-preview:-1"},"canonical":"https:\/\/skaitytaknyga.lt\/en\/produktas\/jei-isgyvensit-nuo-normandijos-iki-zygfrydo-linijos-1944-1945\/","og_locale":"en_GB","og_type":"article","og_title":"[:lt]Jei i\u0161gyvensit: nuo Normandijos iki Zygfrydo linijos 1944-1945[:] - Skaitytaknyga","og_description":"Amerikie\u010di\u0173 leitenantas\u00a0George Wilson, vadovav\u0119s vienai i\u0161 4-osios p\u0117stinink\u0173 divizijos kuop\u0173, pasakoja apie savo kovos keli\u0105 nuo Normandijos iki Zygfrydo","og_url":"https:\/\/skaitytaknyga.lt\/en\/produktas\/jei-isgyvensit-nuo-normandijos-iki-zygfrydo-linijos-1944-1945\/","og_site_name":"Skaitytaknyga","article_publisher":"https:\/\/www.facebook.com\/skaitytaknyga\/","article_modified_time":"2026-03-18T12:55:47+00:00","og_image":[{"width":244,"height":370,"url":"https:\/\/skaitytaknyga.lt\/wp-content\/uploads\/2025\/02\/Jei-isgyvensit-nuo-Normandijos-iki-Zygfrydo-linijos-1944-1945.webp","type":"image\/webp"}],"twitter_card":"summary_large_image","twitter_misc":{"Estimated reading time":"2 minutes"},"schema":{"@context":"https:\/\/schema.org","@graph":[{"@type":"WebPage","@id":"https:\/\/skaitytaknyga.lt\/produktas\/jei-isgyvensit-nuo-normandijos-iki-zygfrydo-linijos-1944-1945\/","url":"https:\/\/skaitytaknyga.lt\/produktas\/jei-isgyvensit-nuo-normandijos-iki-zygfrydo-linijos-1944-1945\/","name":"Jei i\u0161gyvensit: nuo Normandijos iki Zygfrydo linijos 1944-1945","isPartOf":{"@id":"https:\/\/skaitytaknyga.lt\/#website"},"primaryImageOfPage":{"@id":"https:\/\/skaitytaknyga.lt\/produktas\/jei-isgyvensit-nuo-normandijos-iki-zygfrydo-linijos-1944-1945\/#primaryimage"},"image":{"@id":"https:\/\/skaitytaknyga.lt\/produktas\/jei-isgyvensit-nuo-normandijos-iki-zygfrydo-linijos-1944-1945\/#primaryimage"},"thumbnailUrl":"https:\/\/skaitytaknyga.lt\/wp-content\/uploads\/2025\/02\/Jei-isgyvensit-nuo-Normandijos-iki-Zygfrydo-linijos-1944-1945.webp","datePublished":"2025-02-01T08:43:49+00:00","dateModified":"2026-03-18T12:55:47+00:00","description":"Amerikie\u010di\u0173 leitenantas\u00a0George Wilson, vadovav\u0119s vienai i\u0161 4-osios p\u0117stinink\u0173 divizijos kuop\u0173, pasakoja apie savo kovos keli\u0105 nuo Normandijos iki Zygfrydo","breadcrumb":{"@id":"https:\/\/skaitytaknyga.lt\/produktas\/jei-isgyvensit-nuo-normandijos-iki-zygfrydo-linijos-1944-1945\/#breadcrumb"},"inLanguage":"en-GB","potentialAction":[{"@type":"ReadAction","target":["https:\/\/skaitytaknyga.lt\/produktas\/jei-isgyvensit-nuo-normandijos-iki-zygfrydo-linijos-1944-1945\/"]}]},{"@type":"ImageObject","inLanguage":"en-GB","@id":"https:\/\/skaitytaknyga.lt\/produktas\/jei-isgyvensit-nuo-normandijos-iki-zygfrydo-linijos-1944-1945\/#primaryimage","url":"https:\/\/skaitytaknyga.lt\/wp-content\/uploads\/2025\/02\/Jei-isgyvensit-nuo-Normandijos-iki-Zygfrydo-linijos-1944-1945.webp","contentUrl":"https:\/\/skaitytaknyga.lt\/wp-content\/uploads\/2025\/02\/Jei-isgyvensit-nuo-Normandijos-iki-Zygfrydo-linijos-1944-1945.webp","width":244,"height":370,"caption":"Jei i\u0161gyvensit: nuo Normandijos iki Zygfrydo linijos 1944-1945"},{"@type":"BreadcrumbList","@id":"https:\/\/skaitytaknyga.lt\/produktas\/jei-isgyvensit-nuo-normandijos-iki-zygfrydo-linijos-1944-1945\/#breadcrumb","itemListElement":[{"@type":"ListItem","position":1,"name":"Home","item":"https:\/\/skaitytaknyga.lt\/"},{"@type":"ListItem","position":2,"name":"Parduotuv\u0117","item":"https:\/\/skaitytaknyga.lt\/knygu-parduotuve\/"},{"@type":"ListItem","position":3,"name":"Jei i\u0161gyvensit: nuo Normandijos iki Zygfrydo linijos 1944-1945"}]},{"@type":"WebSite","@id":"https:\/\/skaitytaknyga.lt\/#website","url":"https:\/\/skaitytaknyga.lt\/","name":"skaitytaknyga.lt","description":"Skaitytaknyga.lt \u2013 tai ma\u017eas \u0161eimos verslas, kuris prasid\u0117jo nuo meil\u0117s knygoms ir siekio i\u0161gelb\u0117ti knygas nuo likimo prie konteinerio. Kas vienam nereikalingas daiktas \u2013 kitam lobis, o mes esame tarpininkai, kurie padeda abiems tapti laimingesniems ???? \u017dinome kaip nelengva i\u0161gyventi ma\u017eiems verslams, tad nuo \u0161iol, \u010dia rasite ir kit\u0173, ma\u017e\u0173 \u0161eim\u0173 versl\u0173, rank\u0173 darbo, dovan\u0173 sau ir artimiesiems.","publisher":{"@id":"https:\/\/skaitytaknyga.lt\/#organization"},"potentialAction":[{"@type":"SearchAction","target":{"@type":"EntryPoint","urlTemplate":"https:\/\/skaitytaknyga.lt\/?s={search_term_string}"},"query-input":{"@type":"PropertyValueSpecification","valueRequired":true,"valueName":"search_term_string"}}],"inLanguage":"en-GB"},{"@type":"Organization","@id":"https:\/\/skaitytaknyga.lt\/#organization","name":"skaitytaknyga.lt","url":"https:\/\/skaitytaknyga.lt\/","logo":{"@type":"ImageObject","inLanguage":"en-GB","@id":"https:\/\/skaitytaknyga.lt\/#\/schema\/logo\/image\/","url":"https:\/\/skaitytaknyga.lt\/wp-content\/uploads\/2024\/05\/cropped-cropped-cropped-02_00843_jt3bggkj1j3HLc7SyY6rEUpg.jpeg","contentUrl":"https:\/\/skaitytaknyga.lt\/wp-content\/uploads\/2024\/05\/cropped-cropped-cropped-02_00843_jt3bggkj1j3HLc7SyY6rEUpg.jpeg","width":1600,"height":1600,"caption":"skaitytaknyga.lt"},"image":{"@id":"https:\/\/skaitytaknyga.lt\/#\/schema\/logo\/image\/"},"sameAs":["https:\/\/www.facebook.com\/skaitytaknyga\/"]}]}},"_links":{"self":[{"href":"https:\/\/skaitytaknyga.lt\/en\/wp-json\/wp\/v2\/product\/16355","targetHints":{"allow":["GET"]}}],"collection":[{"href":"https:\/\/skaitytaknyga.lt\/en\/wp-json\/wp\/v2\/product"}],"about":[{"href":"https:\/\/skaitytaknyga.lt\/en\/wp-json\/wp\/v2\/types\/product"}],"replies":[{"embeddable":true,"href":"https:\/\/skaitytaknyga.lt\/en\/wp-json\/wp\/v2\/comments?post=16355"}],"wp:featuredmedia":[{"embeddable":true,"href":"https:\/\/skaitytaknyga.lt\/en\/wp-json\/wp\/v2\/media\/16356"}],"wp:attachment":[{"href":"https:\/\/skaitytaknyga.lt\/en\/wp-json\/wp\/v2\/media?parent=16355"}],"wp:term":[{"taxonomy":"product_brand","embeddable":true,"href":"https:\/\/skaitytaknyga.lt\/en\/wp-json\/wp\/v2\/product_brand?post=16355"},{"taxonomy":"product_cat","embeddable":true,"href":"https:\/\/skaitytaknyga.lt\/en\/wp-json\/wp\/v2\/product_cat?post=16355"},{"taxonomy":"product_tag","embeddable":true,"href":"https:\/\/skaitytaknyga.lt\/en\/wp-json\/wp\/v2\/product_tag?post=16355"}],"curies":[{"name":"wp","href":"https:\/\/api.w.org\/{rel}","templated":true}]}}