{"id":16353,"date":"2025-02-01T10:40:47","date_gmt":"2025-02-01T08:40:47","guid":{"rendered":"https:\/\/skaitytaknyga.lt\/?post_type=product&#038;p=16353"},"modified":"2025-02-01T10:42:25","modified_gmt":"2025-02-01T08:42:25","slug":"kuno-zenklai","status":"publish","type":"product","link":"https:\/\/skaitytaknyga.lt\/en\/produktas\/kuno-zenklai\/","title":{"rendered":"K\u016bno \u017eenklai. Kaip pa\u010diam tapti diagnostikos detektyvu"},"content":{"rendered":"<div class=\"tab-content col-xs-12\">\n<div id=\"tab-description\" class=\"tab-pane active\">\n<div class=\"content-product-midde clearfix\">\n<div class=\"producttab \">\n<div class=\"tabsslider horizontal-tabs col-xs-12\">\n<div class=\"tab-content col-xs-12\">\n<div id=\"tab-description\" class=\"tab-pane active\">\n<div id=\"collapse-description\" class=\"desc-collapse\">\n<p>Simptomai, pavyzd\u017eiui, skausmas, kar\u0161\u010diavimas ir kraujavimas, pasirei\u0161kia labai ai\u0161kiai, k\u016bno \u017eenklai da\u017enai b\u016bna tokie subtil\u016bs ir sunkiai paai\u0161kinami, kad papras\u010diausiai \u012f juos nekreipiame d\u0117mesio.<\/p>\n<p>M\u016bs\u0173 plaukai, akys, dantys, oda, nagai ir kitos k\u016bno dalys da\u017enai rodo \u017eenklus, kurie gal\u0117t\u0173 prane\u0161ti mums apie ka\u017ekur giliai slypin\u010dias ligas ir negalavimus. \u0160i knyga pad\u0117s jums tapti geru diagnostikos detektyvu, ne tik sugeban\u010diu aptikti k\u016bno siun\u010diamus \u017eenklus, bet ir mokan\u010diu juos i\u0161versti \u012f kalb\u0105, kuri\u0105 suprasite j\u016bs ir j\u016bs\u0173 gydytojas.<\/p>\n<ul class=\"about-product d-none d-xl-block mt-4\">\n<li><strong>Autorius:<\/strong>\u00a0Joan Liebmann-Smith<\/li>\n<li><strong>Leid\u0117jas:<\/strong>\u00a0Algarv\u0117<\/li>\n<li><strong>Metai:<\/strong>\u00a02009<\/li>\n<li><strong>Puslapiai:<\/strong>\u00a0304<\/li>\n<li class=\"toggleable type-new-formats \"><strong>ISBN:<\/strong>\u00a09789955871118<\/li>\n<li class=\"toggleable type-new-formats \"><strong>Formatas:<\/strong>\u00a016 x 23 cm, kieti vir\u0161eliai<\/li>\n<li><strong>Kalba:<\/strong>\u00a0Lietuvi\u0173<\/li>\n<li><strong>Vert\u0117jas:<\/strong>\u00a0Rasa Jurevi\u010dien\u0117<\/li>\n<\/ul>\n<\/div>\n<\/div>\n<\/div>\n<\/div>\n<\/div>\n<\/div>\n<div class=\"content-product-bottom clearfix\"><\/div>\n<\/div>\n<\/div>\n","protected":false},"excerpt":{"rendered":"<p>Simptomai, pavyzd\u017eiui, skausmas, kar\u0161\u010diavimas ir kraujavimas, pasirei\u0161kia labai ai\u0161kiai, k\u016bno \u017eenklai da\u017enai b\u016bna tokie subtil\u016bs ir sunkiai paai\u0161kinami, kad papras\u010diausiai \u012f juos nekreipiame d\u0117mesio. M\u016bs\u0173 plaukai, akys, dantys, oda, nagai ir kitos k\u016bno dalys da\u017enai rodo \u017eenklus, kurie gal\u0117t\u0173 prane\u0161ti mums apie ka\u017ekur giliai slypin\u010dias ligas ir negalavimus. \u0160i knyga pad\u0117s jums tapti geru diagnostikos detektyvu, ne tik sugeban\u010diu aptikti k\u016bno siun\u010diamus \u017eenklus, bet ir mokan\u010diu juos i\u0161versti \u012f kalb\u0105, kuri\u0105 suprasite j\u016bs ir j\u016bs\u0173 gydytojas. Autorius:\u00a0Joan Liebmann-Smith Leid\u0117jas:\u00a0Algarv\u0117 Metai:\u00a02009 Puslapiai:\u00a0304 ISBN:\u00a09789955871118 Formatas:\u00a016 x 23 cm, kieti vir\u0161eliai Kalba:\u00a0Lietuvi\u0173 Vert\u0117jas:\u00a0Rasa Jurevi\u010dien\u0117<\/p>\n","protected":false},"featured_media":16354,"comment_status":"closed","ping_status":"closed","template":"","meta":{"_acf_changed":false,"site-sidebar-layout":"default","site-content-layout":"","ast-site-content-layout":"default","site-content-style":"default","site-sidebar-style":"default","ast-global-header-display":"","ast-banner-title-visibility":"","ast-main-header-display":"","ast-hfb-above-header-display":"","ast-hfb-below-header-display":"","ast-hfb-mobile-header-display":"","site-post-title":"","ast-breadcrumbs-content":"","ast-featured-img":"","footer-sml-layout":"","ast-disable-related-posts":"","theme-transparent-header-meta":"default","adv-header-id-meta":"","stick-header-meta":"","header-above-stick-meta":"","header-main-stick-meta":"","header-below-stick-meta":"","astra-migrate-meta-layouts":"set","ast-page-background-enabled":"default","ast-page-background-meta":{"desktop":{"background-color":"","background-image":"","background-repeat":"repeat","background-position":"center center","background-size":"auto","background-attachment":"scroll","background-type":"","background-media":"","overlay-type":"","overlay-color":"","overlay-opacity":"","overlay-gradient":""},"tablet":{"background-color":"","background-image":"","background-repeat":"repeat","background-position":"center center","background-size":"auto","background-attachment":"scroll","background-type":"","background-media":"","overlay-type":"","overlay-color":"","overlay-opacity":"","overlay-gradient":""},"mobile":{"background-color":"","background-image":"","background-repeat":"repeat","background-position":"center center","background-size":"auto","background-attachment":"scroll","background-type":"","background-media":"","overlay-type":"","overlay-color":"","overlay-opacity":"","overlay-gradient":""}},"ast-content-background-meta":{"desktop":{"background-color":"var(--ast-global-color-4)","background-image":"","background-repeat":"repeat","background-position":"center center","background-size":"auto","background-attachment":"scroll","background-type":"","background-media":"","overlay-type":"","overlay-color":"","overlay-opacity":"","overlay-gradient":""},"tablet":{"background-color":"var(--ast-global-color-4)","background-image":"","background-repeat":"repeat","background-position":"center center","background-size":"auto","background-attachment":"scroll","background-type":"","background-media":"","overlay-type":"","overlay-color":"","overlay-opacity":"","overlay-gradient":""},"mobile":{"background-color":"var(--ast-global-color-4)","background-image":"","background-repeat":"repeat","background-position":"center center","background-size":"auto","background-attachment":"scroll","background-type":"","background-media":"","overlay-type":"","overlay-color":"","overlay-opacity":"","overlay-gradient":""}}},"product_brand":[],"product_cat":[55],"product_tag":[],"class_list":{"0":"post-16353","1":"product","2":"type-product","3":"status-publish","4":"has-post-thumbnail","6":"product_cat-sveikata-ir-sveika-mityba","7":"desktop-align-left","8":"tablet-align-left","9":"mobile-align-left","11":"first","12":"instock","13":"shipping-taxable","14":"purchasable","15":"product-type-simple"},"acf":[],"yoast_head":"<!-- This site is optimized with the Yoast SEO plugin v27.0 - https:\/\/yoast.com\/product\/yoast-seo-wordpress\/ -->\n<title>K\u016bno \u017eenklai. Kaip pa\u010diam tapti diagnostikos detektyvu<\/title>\n<meta name=\"description\" content=\"Simptomai, pavyzd\u017eiui, skausmas, kar\u0161\u010diavimas ir kraujavimas, pasirei\u0161kia labai ai\u0161kiai, k\u016bno \u017eenklai da\u017enai b\u016bna tokie subtil\u016bs ir sunkiai paai\u0161kinami,\" \/>\n<meta name=\"robots\" content=\"index, follow, max-snippet:-1, max-image-preview:large, max-video-preview:-1\" \/>\n<link rel=\"canonical\" href=\"https:\/\/skaitytaknyga.lt\/en\/produktas\/kuno-zenklai\/\" \/>\n<meta property=\"og:locale\" content=\"en_GB\" \/>\n<meta property=\"og:locale:alternate\" content=\"lt_LT\" \/>\n<meta property=\"og:type\" content=\"article\" \/>\n<meta property=\"og:title\" content=\"K\u016bno \u017eenklai. Kaip pa\u010diam tapti diagnostikos detektyvu\" \/>\n<meta property=\"og:description\" content=\"Simptomai, pavyzd\u017eiui, skausmas, kar\u0161\u010diavimas ir kraujavimas, pasirei\u0161kia labai ai\u0161kiai, k\u016bno \u017eenklai da\u017enai b\u016bna tokie subtil\u016bs ir sunkiai paai\u0161kinami,\" \/>\n<meta property=\"og:url\" content=\"https:\/\/skaitytaknyga.lt\/en\/produktas\/kuno-zenklai\/\" \/>\n<meta property=\"og:site_name\" content=\"Skaitytaknyga\" \/>\n<meta property=\"article:publisher\" content=\"https:\/\/www.facebook.com\/skaitytaknyga\/\" \/>\n<meta property=\"article:modified_time\" content=\"2025-02-01T08:42:25+00:00\" \/>\n<meta property=\"og:image\" content=\"https:\/\/skaitytaknyga.lt\/wp-content\/uploads\/2025\/02\/kuno-zenklai.webp\" \/>\n\t<meta property=\"og:image:width\" content=\"300\" \/>\n\t<meta property=\"og:image:height\" content=\"449\" \/>\n\t<meta property=\"og:image:type\" content=\"image\/webp\" \/>\n<meta name=\"twitter:card\" content=\"summary_large_image\" \/>\n<meta name=\"twitter:label1\" content=\"Estimated reading time\" \/>\n\t<meta name=\"twitter:data1\" content=\"1 minute\" \/>\n<script type=\"application\/ld+json\" class=\"yoast-schema-graph\">{\"@context\":\"https:\/\/schema.org\",\"@graph\":[{\"@type\":\"WebPage\",\"@id\":\"https:\/\/skaitytaknyga.lt\/produktas\/kuno-zenklai\/\",\"url\":\"https:\/\/skaitytaknyga.lt\/produktas\/kuno-zenklai\/\",\"name\":\"K\u016bno \u017eenklai. Kaip pa\u010diam tapti diagnostikos detektyvu\",\"isPartOf\":{\"@id\":\"https:\/\/skaitytaknyga.lt\/#website\"},\"primaryImageOfPage\":{\"@id\":\"https:\/\/skaitytaknyga.lt\/produktas\/kuno-zenklai\/#primaryimage\"},\"image\":{\"@id\":\"https:\/\/skaitytaknyga.lt\/produktas\/kuno-zenklai\/#primaryimage\"},\"thumbnailUrl\":\"https:\/\/skaitytaknyga.lt\/wp-content\/uploads\/2025\/02\/kuno-zenklai.webp\",\"datePublished\":\"2025-02-01T08:40:47+00:00\",\"dateModified\":\"2025-02-01T08:42:25+00:00\",\"description\":\"Simptomai, pavyzd\u017eiui, skausmas, kar\u0161\u010diavimas ir kraujavimas, pasirei\u0161kia labai ai\u0161kiai, k\u016bno \u017eenklai da\u017enai b\u016bna tokie subtil\u016bs ir sunkiai paai\u0161kinami,\",\"breadcrumb\":{\"@id\":\"https:\/\/skaitytaknyga.lt\/produktas\/kuno-zenklai\/#breadcrumb\"},\"inLanguage\":\"en-GB\",\"potentialAction\":[{\"@type\":\"ReadAction\",\"target\":[\"https:\/\/skaitytaknyga.lt\/produktas\/kuno-zenklai\/\"]}]},{\"@type\":\"ImageObject\",\"inLanguage\":\"en-GB\",\"@id\":\"https:\/\/skaitytaknyga.lt\/produktas\/kuno-zenklai\/#primaryimage\",\"url\":\"https:\/\/skaitytaknyga.lt\/wp-content\/uploads\/2025\/02\/kuno-zenklai.webp\",\"contentUrl\":\"https:\/\/skaitytaknyga.lt\/wp-content\/uploads\/2025\/02\/kuno-zenklai.webp\",\"width\":300,\"height\":449,\"caption\":\"K\u016bno \u017eenklai. Kaip pa\u010diam tapti diagnostikos detektyvu\"},{\"@type\":\"BreadcrumbList\",\"@id\":\"https:\/\/skaitytaknyga.lt\/produktas\/kuno-zenklai\/#breadcrumb\",\"itemListElement\":[{\"@type\":\"ListItem\",\"position\":1,\"name\":\"Home\",\"item\":\"https:\/\/skaitytaknyga.lt\/\"},{\"@type\":\"ListItem\",\"position\":2,\"name\":\"Parduotuv\u0117\",\"item\":\"https:\/\/skaitytaknyga.lt\/knygu-parduotuve\/\"},{\"@type\":\"ListItem\",\"position\":3,\"name\":\"K\u016bno \u017eenklai. Kaip pa\u010diam tapti diagnostikos detektyvu\"}]},{\"@type\":\"WebSite\",\"@id\":\"https:\/\/skaitytaknyga.lt\/#website\",\"url\":\"https:\/\/skaitytaknyga.lt\/\",\"name\":\"skaitytaknyga.lt\",\"description\":\"Skaitytaknyga.lt \u2013 tai ma\u017eas \u0161eimos verslas, kuris prasid\u0117jo nuo meil\u0117s knygoms ir siekio i\u0161gelb\u0117ti knygas nuo likimo prie konteinerio. Kas vienam nereikalingas daiktas \u2013 kitam lobis, o mes esame tarpininkai, kurie padeda abiems tapti laimingesniems ???? \u017dinome kaip nelengva i\u0161gyventi ma\u017eiems verslams, tad nuo \u0161iol, \u010dia rasite ir kit\u0173, ma\u017e\u0173 \u0161eim\u0173 versl\u0173, rank\u0173 darbo, dovan\u0173 sau ir artimiesiems.\",\"publisher\":{\"@id\":\"https:\/\/skaitytaknyga.lt\/#organization\"},\"potentialAction\":[{\"@type\":\"SearchAction\",\"target\":{\"@type\":\"EntryPoint\",\"urlTemplate\":\"https:\/\/skaitytaknyga.lt\/?s={search_term_string}\"},\"query-input\":{\"@type\":\"PropertyValueSpecification\",\"valueRequired\":true,\"valueName\":\"search_term_string\"}}],\"inLanguage\":\"en-GB\"},{\"@type\":\"Organization\",\"@id\":\"https:\/\/skaitytaknyga.lt\/#organization\",\"name\":\"skaitytaknyga.lt\",\"url\":\"https:\/\/skaitytaknyga.lt\/\",\"logo\":{\"@type\":\"ImageObject\",\"inLanguage\":\"en-GB\",\"@id\":\"https:\/\/skaitytaknyga.lt\/#\/schema\/logo\/image\/\",\"url\":\"https:\/\/skaitytaknyga.lt\/wp-content\/uploads\/2024\/05\/cropped-cropped-cropped-02_00843_jt3bggkj1j3HLc7SyY6rEUpg.jpeg\",\"contentUrl\":\"https:\/\/skaitytaknyga.lt\/wp-content\/uploads\/2024\/05\/cropped-cropped-cropped-02_00843_jt3bggkj1j3HLc7SyY6rEUpg.jpeg\",\"width\":1600,\"height\":1600,\"caption\":\"skaitytaknyga.lt\"},\"image\":{\"@id\":\"https:\/\/skaitytaknyga.lt\/#\/schema\/logo\/image\/\"},\"sameAs\":[\"https:\/\/www.facebook.com\/skaitytaknyga\/\"]}]}<\/script>\n<!-- \/ Yoast SEO plugin. -->","yoast_head_json":{"title":"K\u016bno \u017eenklai. Kaip pa\u010diam tapti diagnostikos detektyvu","description":"Simptomai, pavyzd\u017eiui, skausmas, kar\u0161\u010diavimas ir kraujavimas, pasirei\u0161kia labai ai\u0161kiai, k\u016bno \u017eenklai da\u017enai b\u016bna tokie subtil\u016bs ir sunkiai paai\u0161kinami,","robots":{"index":"index","follow":"follow","max-snippet":"max-snippet:-1","max-image-preview":"max-image-preview:large","max-video-preview":"max-video-preview:-1"},"canonical":"https:\/\/skaitytaknyga.lt\/en\/produktas\/kuno-zenklai\/","og_locale":"en_GB","og_type":"article","og_title":"[:lt]K\u016bno \u017eenklai. Kaip pa\u010diam tapti diagnostikos detektyvu[:] - Skaitytaknyga","og_description":"Simptomai, pavyzd\u017eiui, skausmas, kar\u0161\u010diavimas ir kraujavimas, pasirei\u0161kia labai ai\u0161kiai, k\u016bno \u017eenklai da\u017enai b\u016bna tokie subtil\u016bs ir sunkiai paai\u0161kinami,","og_url":"https:\/\/skaitytaknyga.lt\/en\/produktas\/kuno-zenklai\/","og_site_name":"Skaitytaknyga","article_publisher":"https:\/\/www.facebook.com\/skaitytaknyga\/","article_modified_time":"2025-02-01T08:42:25+00:00","og_image":[{"width":300,"height":449,"url":"https:\/\/skaitytaknyga.lt\/wp-content\/uploads\/2025\/02\/kuno-zenklai.webp","type":"image\/webp"}],"twitter_card":"summary_large_image","twitter_misc":{"Estimated reading time":"1 minute"},"schema":{"@context":"https:\/\/schema.org","@graph":[{"@type":"WebPage","@id":"https:\/\/skaitytaknyga.lt\/produktas\/kuno-zenklai\/","url":"https:\/\/skaitytaknyga.lt\/produktas\/kuno-zenklai\/","name":"K\u016bno \u017eenklai. Kaip pa\u010diam tapti diagnostikos detektyvu","isPartOf":{"@id":"https:\/\/skaitytaknyga.lt\/#website"},"primaryImageOfPage":{"@id":"https:\/\/skaitytaknyga.lt\/produktas\/kuno-zenklai\/#primaryimage"},"image":{"@id":"https:\/\/skaitytaknyga.lt\/produktas\/kuno-zenklai\/#primaryimage"},"thumbnailUrl":"https:\/\/skaitytaknyga.lt\/wp-content\/uploads\/2025\/02\/kuno-zenklai.webp","datePublished":"2025-02-01T08:40:47+00:00","dateModified":"2025-02-01T08:42:25+00:00","description":"Simptomai, pavyzd\u017eiui, skausmas, kar\u0161\u010diavimas ir kraujavimas, pasirei\u0161kia labai ai\u0161kiai, k\u016bno \u017eenklai da\u017enai b\u016bna tokie subtil\u016bs ir sunkiai paai\u0161kinami,","breadcrumb":{"@id":"https:\/\/skaitytaknyga.lt\/produktas\/kuno-zenklai\/#breadcrumb"},"inLanguage":"en-GB","potentialAction":[{"@type":"ReadAction","target":["https:\/\/skaitytaknyga.lt\/produktas\/kuno-zenklai\/"]}]},{"@type":"ImageObject","inLanguage":"en-GB","@id":"https:\/\/skaitytaknyga.lt\/produktas\/kuno-zenklai\/#primaryimage","url":"https:\/\/skaitytaknyga.lt\/wp-content\/uploads\/2025\/02\/kuno-zenklai.webp","contentUrl":"https:\/\/skaitytaknyga.lt\/wp-content\/uploads\/2025\/02\/kuno-zenklai.webp","width":300,"height":449,"caption":"K\u016bno \u017eenklai. Kaip pa\u010diam tapti diagnostikos detektyvu"},{"@type":"BreadcrumbList","@id":"https:\/\/skaitytaknyga.lt\/produktas\/kuno-zenklai\/#breadcrumb","itemListElement":[{"@type":"ListItem","position":1,"name":"Home","item":"https:\/\/skaitytaknyga.lt\/"},{"@type":"ListItem","position":2,"name":"Parduotuv\u0117","item":"https:\/\/skaitytaknyga.lt\/knygu-parduotuve\/"},{"@type":"ListItem","position":3,"name":"K\u016bno \u017eenklai. Kaip pa\u010diam tapti diagnostikos detektyvu"}]},{"@type":"WebSite","@id":"https:\/\/skaitytaknyga.lt\/#website","url":"https:\/\/skaitytaknyga.lt\/","name":"skaitytaknyga.lt","description":"Skaitytaknyga.lt \u2013 tai ma\u017eas \u0161eimos verslas, kuris prasid\u0117jo nuo meil\u0117s knygoms ir siekio i\u0161gelb\u0117ti knygas nuo likimo prie konteinerio. Kas vienam nereikalingas daiktas \u2013 kitam lobis, o mes esame tarpininkai, kurie padeda abiems tapti laimingesniems ???? \u017dinome kaip nelengva i\u0161gyventi ma\u017eiems verslams, tad nuo \u0161iol, \u010dia rasite ir kit\u0173, ma\u017e\u0173 \u0161eim\u0173 versl\u0173, rank\u0173 darbo, dovan\u0173 sau ir artimiesiems.","publisher":{"@id":"https:\/\/skaitytaknyga.lt\/#organization"},"potentialAction":[{"@type":"SearchAction","target":{"@type":"EntryPoint","urlTemplate":"https:\/\/skaitytaknyga.lt\/?s={search_term_string}"},"query-input":{"@type":"PropertyValueSpecification","valueRequired":true,"valueName":"search_term_string"}}],"inLanguage":"en-GB"},{"@type":"Organization","@id":"https:\/\/skaitytaknyga.lt\/#organization","name":"skaitytaknyga.lt","url":"https:\/\/skaitytaknyga.lt\/","logo":{"@type":"ImageObject","inLanguage":"en-GB","@id":"https:\/\/skaitytaknyga.lt\/#\/schema\/logo\/image\/","url":"https:\/\/skaitytaknyga.lt\/wp-content\/uploads\/2024\/05\/cropped-cropped-cropped-02_00843_jt3bggkj1j3HLc7SyY6rEUpg.jpeg","contentUrl":"https:\/\/skaitytaknyga.lt\/wp-content\/uploads\/2024\/05\/cropped-cropped-cropped-02_00843_jt3bggkj1j3HLc7SyY6rEUpg.jpeg","width":1600,"height":1600,"caption":"skaitytaknyga.lt"},"image":{"@id":"https:\/\/skaitytaknyga.lt\/#\/schema\/logo\/image\/"},"sameAs":["https:\/\/www.facebook.com\/skaitytaknyga\/"]}]}},"_links":{"self":[{"href":"https:\/\/skaitytaknyga.lt\/en\/wp-json\/wp\/v2\/product\/16353","targetHints":{"allow":["GET"]}}],"collection":[{"href":"https:\/\/skaitytaknyga.lt\/en\/wp-json\/wp\/v2\/product"}],"about":[{"href":"https:\/\/skaitytaknyga.lt\/en\/wp-json\/wp\/v2\/types\/product"}],"replies":[{"embeddable":true,"href":"https:\/\/skaitytaknyga.lt\/en\/wp-json\/wp\/v2\/comments?post=16353"}],"wp:featuredmedia":[{"embeddable":true,"href":"https:\/\/skaitytaknyga.lt\/en\/wp-json\/wp\/v2\/media\/16354"}],"wp:attachment":[{"href":"https:\/\/skaitytaknyga.lt\/en\/wp-json\/wp\/v2\/media?parent=16353"}],"wp:term":[{"taxonomy":"product_brand","embeddable":true,"href":"https:\/\/skaitytaknyga.lt\/en\/wp-json\/wp\/v2\/product_brand?post=16353"},{"taxonomy":"product_cat","embeddable":true,"href":"https:\/\/skaitytaknyga.lt\/en\/wp-json\/wp\/v2\/product_cat?post=16353"},{"taxonomy":"product_tag","embeddable":true,"href":"https:\/\/skaitytaknyga.lt\/en\/wp-json\/wp\/v2\/product_tag?post=16353"}],"curies":[{"name":"wp","href":"https:\/\/api.w.org\/{rel}","templated":true}]}}