{"id":16347,"date":"2025-01-30T18:25:05","date_gmt":"2025-01-30T16:25:05","guid":{"rendered":"https:\/\/skaitytaknyga.lt\/?post_type=product&#038;p=16347"},"modified":"2026-03-18T14:55:47","modified_gmt":"2026-03-18T12:55:47","slug":"slaptosios-antrojo-pasaulinio-karo-operacijos","status":"publish","type":"product","link":"https:\/\/skaitytaknyga.lt\/en\/produktas\/slaptosios-antrojo-pasaulinio-karo-operacijos\/","title":{"rendered":"Slaptosios Antrojo pasaulinio karo operacijos"},"content":{"rendered":"<p>Istorijos knygose apie Antr\u0105j\u012f pasaulin\u012f kar\u0105 d\u0117mesys da\u017eniausiai sutelkiamas \u012f kovas, strateginius sprendimus, kariuomeni\u0173 susir\u0117mimus, kurie nusine\u0161\u0117 t\u016bkstan\u010dius \u017emoni\u0173gyvybi\u0173. Retai kada minimi \u017eygiai, kuriuos atliko ar bent buvo pasi\u0161ovusios atlikti ma\u017eos kovotoj\u0173 grup\u0117s ir pavieniai asmenys. Kad pasaulinio konflikto metu reik\u0161mingos ne tik vad\u0173 pastangos, rodo pranc\u016bzo in\u017einieriaus M. Hollardo, kuriam Anglija turi b\u016bti d\u0117kinga u\u017e i\u0161gelb\u0117t\u0105 London\u0105, pavyzdys. \u0160ioje knygoje skaitytojai su\u017einos apie netik\u0117tas ir \u017eiaurias Antrojo pasaulinio karo atakas, i\u0161puolius, pagrobimus, \u017emog\u017eudystes ir rizikingas \u017evalgybos misijas.<\/p>\n<p><strong>\u2022 Kaip \u017eydas pab\u0117g\u0117lis i\u0161 Vilniaus ketino atker\u0161yti 6 milijonams vokie\u010di\u0173 u\u017e holokaust\u0105?<\/strong><\/p>\n<p><strong>\u2022 Kod\u0117l vokie\u010diams taip ir nepavyko pasigaminti atomin\u0117s bombos?<\/strong><\/p>\n<p><strong>\u2022 Kuo baig\u0117si siekis nu\u017eudyti ne\u012fveikiam\u0105 Dykum\u0173 Lapin\u0105?<\/strong><\/p>\n<p><strong>\u2022 Kod\u0117l vokie\u010di\u0173 generolas Heinrichas Kreipe tur\u0117jo pad\u0117koti savo pagrob\u0117jams?<\/strong><\/p>\n<p><strong>\u2022\u00a0Kaip buvo atker\u0161yta u\u017e Perl Harbor\u0105?<\/strong><\/p>\n<p><strong>\u2022 Kokio vokie\u010di\u0173 ginklo s\u0105jungininkai taip ir nesugeb\u0117jo nukenksminti?<\/strong><\/p>\n<p><strong>\u2022 Kaip medalis i\u0161dav\u0117 slap\u010diausi\u0105 vokie\u010di\u0173 agent\u0105?<\/strong><\/p>\n<p><strong>\u2022 U\u017e k\u0105 \u0161vedas Ericas Ericksonas atsid\u016br\u0117 juodajame s\u0105junginink\u0173 s\u0105ra\u0161e?<\/strong><\/p>\n<ul class=\"about-product d-none d-xl-block mt-4\">\n<li><strong>Originalus pavadinimas:<\/strong>\u00a0OPERACIONES SECRETAS DE LA SEGUNDA GUERRA MUNDIAL<\/li>\n<li><strong>Autorius:<\/strong>\u00a0Jesus Hernandez<\/li>\n<li><strong>Leid\u0117jas:<\/strong>\u00a0Obuolys<\/li>\n<li><strong>Metai:<\/strong>\u00a02022<\/li>\n<li><strong>Puslapiai:<\/strong>\u00a0400<\/li>\n<li class=\"toggleable type-new-formats \"><strong>ISBN:<\/strong>\u00a09786094844546<\/li>\n<li class=\"toggleable type-new-formats \"><strong>Formatas:<\/strong>\u00a012,7 x 19,6 x 3 cm, mink\u0161ti vir\u0161eliai<\/li>\n<li><strong>Kalba:<\/strong>\u00a0Lietuvi\u0173<\/li>\n<li><strong>Vert\u0117jas:<\/strong>\u00a0Ieva Baranauskait\u0117<\/li>\n<li><strong>Knyg\u0173 serija:<\/strong>\u00a0Sensacingi faktai<\/li>\n<\/ul>\n","protected":false},"excerpt":{"rendered":"<p>Istorijos knygose apie Antr\u0105j\u012f pasaulin\u012f kar\u0105 d\u0117mesys da\u017eniausiai sutelkiamas \u012f kovas, strateginius sprendimus, kariuomeni\u0173 susir\u0117mimus, kurie nusine\u0161\u0117 t\u016bkstan\u010dius \u017emoni\u0173gyvybi\u0173. Retai kada minimi \u017eygiai, kuriuos atliko ar bent buvo pasi\u0161ovusios atlikti ma\u017eos kovotoj\u0173 grup\u0117s ir pavieniai asmenys. Kad pasaulinio konflikto metu reik\u0161mingos ne tik vad\u0173 pastangos, rodo pranc\u016bzo in\u017einieriaus M. Hollardo, kuriam Anglija turi b\u016bti d\u0117kinga u\u017e i\u0161gelb\u0117t\u0105 London\u0105, pavyzdys. \u0160ioje knygoje skaitytojai su\u017einos apie netik\u0117tas ir \u017eiaurias Antrojo pasaulinio karo atakas, i\u0161puolius, pagrobimus, \u017emog\u017eudystes ir rizikingas \u017evalgybos misijas. \u2022 Kaip \u017eydas pab\u0117g\u0117lis i\u0161 Vilniaus ketino atker\u0161yti 6 milijonams vokie\u010di\u0173 u\u017e holokaust\u0105? \u2022 Kod\u0117l vokie\u010diams taip ir nepavyko pasigaminti atomin\u0117s bombos? \u2022 Kuo baig\u0117si siekis nu\u017eudyti ne\u012fveikiam\u0105 Dykum\u0173 Lapin\u0105? \u2022 Kod\u0117l vokie\u010di\u0173 generolas Heinrichas Kreipe tur\u0117jo pad\u0117koti savo pagrob\u0117jams? \u2022\u00a0Kaip buvo atker\u0161yta u\u017e Perl Harbor\u0105? \u2022 Kokio vokie\u010di\u0173 ginklo s\u0105jungininkai taip ir nesugeb\u0117jo nukenksminti? \u2022 Kaip medalis i\u0161dav\u0117 slap\u010diausi\u0105 vokie\u010di\u0173 agent\u0105? \u2022 U\u017e k\u0105 \u0161vedas Ericas Ericksonas atsid\u016br\u0117 juodajame s\u0105junginink\u0173 s\u0105ra\u0161e? Originalus pavadinimas:\u00a0OPERACIONES SECRETAS DE LA SEGUNDA GUERRA MUNDIAL Autorius:\u00a0Jesus Hernandez Leid\u0117jas:\u00a0Obuolys Metai:\u00a02022 Puslapiai:\u00a0400 ISBN:\u00a09786094844546 Formatas:\u00a012,7 x 19,6 x 3 cm, mink\u0161ti vir\u0161eliai Kalba:\u00a0Lietuvi\u0173 Vert\u0117jas:\u00a0Ieva Baranauskait\u0117 Knyg\u0173 serija:\u00a0Sensacingi faktai<\/p>\n","protected":false},"featured_media":16348,"comment_status":"closed","ping_status":"closed","template":"","meta":{"_acf_changed":false,"site-sidebar-layout":"default","site-content-layout":"","ast-site-content-layout":"default","site-content-style":"default","site-sidebar-style":"default","ast-global-header-display":"","ast-banner-title-visibility":"","ast-main-header-display":"","ast-hfb-above-header-display":"","ast-hfb-below-header-display":"","ast-hfb-mobile-header-display":"","site-post-title":"","ast-breadcrumbs-content":"","ast-featured-img":"","footer-sml-layout":"","ast-disable-related-posts":"","theme-transparent-header-meta":"default","adv-header-id-meta":"","stick-header-meta":"","header-above-stick-meta":"","header-main-stick-meta":"","header-below-stick-meta":"","astra-migrate-meta-layouts":"set","ast-page-background-enabled":"default","ast-page-background-meta":{"desktop":{"background-color":"","background-image":"","background-repeat":"repeat","background-position":"center center","background-size":"auto","background-attachment":"scroll","background-type":"","background-media":"","overlay-type":"","overlay-color":"","overlay-opacity":"","overlay-gradient":""},"tablet":{"background-color":"","background-image":"","background-repeat":"repeat","background-position":"center center","background-size":"auto","background-attachment":"scroll","background-type":"","background-media":"","overlay-type":"","overlay-color":"","overlay-opacity":"","overlay-gradient":""},"mobile":{"background-color":"","background-image":"","background-repeat":"repeat","background-position":"center center","background-size":"auto","background-attachment":"scroll","background-type":"","background-media":"","overlay-type":"","overlay-color":"","overlay-opacity":"","overlay-gradient":""}},"ast-content-background-meta":{"desktop":{"background-color":"var(--ast-global-color-4)","background-image":"","background-repeat":"repeat","background-position":"center center","background-size":"auto","background-attachment":"scroll","background-type":"","background-media":"","overlay-type":"","overlay-color":"","overlay-opacity":"","overlay-gradient":""},"tablet":{"background-color":"var(--ast-global-color-4)","background-image":"","background-repeat":"repeat","background-position":"center center","background-size":"auto","background-attachment":"scroll","background-type":"","background-media":"","overlay-type":"","overlay-color":"","overlay-opacity":"","overlay-gradient":""},"mobile":{"background-color":"var(--ast-global-color-4)","background-image":"","background-repeat":"repeat","background-position":"center center","background-size":"auto","background-attachment":"scroll","background-type":"","background-media":"","overlay-type":"","overlay-color":"","overlay-opacity":"","overlay-gradient":""}}},"product_brand":[],"product_cat":[9864,174],"product_tag":[],"class_list":{"0":"post-16347","1":"product","2":"type-product","3":"status-publish","4":"has-post-thumbnail","6":"product_cat-karo-istorija","7":"product_cat-istorija-ir-politologija","8":"desktop-align-left","9":"tablet-align-left","10":"mobile-align-left","12":"first","13":"instock","14":"shipping-taxable","15":"purchasable","16":"product-type-simple"},"acf":[],"yoast_head":"<!-- This site is optimized with the Yoast SEO plugin v27.0 - https:\/\/yoast.com\/product\/yoast-seo-wordpress\/ -->\n<title>Slaptosios Antrojo pasaulinio karo operacijos<\/title>\n<meta name=\"description\" content=\"Istorijos knygose apie Antr\u0105j\u012f pasaulin\u012f kar\u0105 d\u0117mesys da\u017eniausiai sutelkiamas \u012f kovas, strateginius sprendimus, kariuomeni\u0173 susir\u0117mimus, kurie nusine\u0161\u0117\" \/>\n<meta name=\"robots\" content=\"index, follow, max-snippet:-1, max-image-preview:large, max-video-preview:-1\" \/>\n<link rel=\"canonical\" href=\"https:\/\/skaitytaknyga.lt\/en\/produktas\/slaptosios-antrojo-pasaulinio-karo-operacijos\/\" \/>\n<meta property=\"og:locale\" content=\"en_GB\" \/>\n<meta property=\"og:locale:alternate\" content=\"lt_LT\" \/>\n<meta property=\"og:type\" content=\"article\" \/>\n<meta property=\"og:title\" content=\"Slaptosios Antrojo pasaulinio karo operacijos\" \/>\n<meta property=\"og:description\" content=\"Istorijos knygose apie Antr\u0105j\u012f pasaulin\u012f kar\u0105 d\u0117mesys da\u017eniausiai sutelkiamas \u012f kovas, strateginius sprendimus, kariuomeni\u0173 susir\u0117mimus, kurie nusine\u0161\u0117\" \/>\n<meta property=\"og:url\" content=\"https:\/\/skaitytaknyga.lt\/en\/produktas\/slaptosios-antrojo-pasaulinio-karo-operacijos\/\" \/>\n<meta property=\"og:site_name\" content=\"Skaitytaknyga\" \/>\n<meta property=\"article:publisher\" content=\"https:\/\/www.facebook.com\/skaitytaknyga\/\" \/>\n<meta property=\"article:modified_time\" content=\"2026-03-18T12:55:47+00:00\" \/>\n<meta property=\"og:image\" content=\"https:\/\/skaitytaknyga.lt\/wp-content\/uploads\/2025\/01\/SLAPTOSIOS-ANTROJO-PASAULINIO-KARO-OPERACIJOS.webp\" \/>\n\t<meta property=\"og:image:width\" content=\"528\" \/>\n\t<meta property=\"og:image:height\" content=\"800\" \/>\n\t<meta property=\"og:image:type\" content=\"image\/webp\" \/>\n<meta name=\"twitter:card\" content=\"summary_large_image\" \/>\n<meta name=\"twitter:label1\" content=\"Estimated reading time\" \/>\n\t<meta name=\"twitter:data1\" content=\"2 minutes\" \/>\n<script type=\"application\/ld+json\" class=\"yoast-schema-graph\">{\"@context\":\"https:\/\/schema.org\",\"@graph\":[{\"@type\":\"WebPage\",\"@id\":\"https:\/\/skaitytaknyga.lt\/produktas\/slaptosios-antrojo-pasaulinio-karo-operacijos\/\",\"url\":\"https:\/\/skaitytaknyga.lt\/produktas\/slaptosios-antrojo-pasaulinio-karo-operacijos\/\",\"name\":\"Slaptosios Antrojo pasaulinio karo operacijos\",\"isPartOf\":{\"@id\":\"https:\/\/skaitytaknyga.lt\/#website\"},\"primaryImageOfPage\":{\"@id\":\"https:\/\/skaitytaknyga.lt\/produktas\/slaptosios-antrojo-pasaulinio-karo-operacijos\/#primaryimage\"},\"image\":{\"@id\":\"https:\/\/skaitytaknyga.lt\/produktas\/slaptosios-antrojo-pasaulinio-karo-operacijos\/#primaryimage\"},\"thumbnailUrl\":\"https:\/\/skaitytaknyga.lt\/wp-content\/uploads\/2025\/01\/SLAPTOSIOS-ANTROJO-PASAULINIO-KARO-OPERACIJOS.webp\",\"datePublished\":\"2025-01-30T16:25:05+00:00\",\"dateModified\":\"2026-03-18T12:55:47+00:00\",\"description\":\"Istorijos knygose apie Antr\u0105j\u012f pasaulin\u012f kar\u0105 d\u0117mesys da\u017eniausiai sutelkiamas \u012f kovas, strateginius sprendimus, kariuomeni\u0173 susir\u0117mimus, kurie nusine\u0161\u0117\",\"breadcrumb\":{\"@id\":\"https:\/\/skaitytaknyga.lt\/produktas\/slaptosios-antrojo-pasaulinio-karo-operacijos\/#breadcrumb\"},\"inLanguage\":\"en-GB\",\"potentialAction\":[{\"@type\":\"ReadAction\",\"target\":[\"https:\/\/skaitytaknyga.lt\/produktas\/slaptosios-antrojo-pasaulinio-karo-operacijos\/\"]}]},{\"@type\":\"ImageObject\",\"inLanguage\":\"en-GB\",\"@id\":\"https:\/\/skaitytaknyga.lt\/produktas\/slaptosios-antrojo-pasaulinio-karo-operacijos\/#primaryimage\",\"url\":\"https:\/\/skaitytaknyga.lt\/wp-content\/uploads\/2025\/01\/SLAPTOSIOS-ANTROJO-PASAULINIO-KARO-OPERACIJOS.webp\",\"contentUrl\":\"https:\/\/skaitytaknyga.lt\/wp-content\/uploads\/2025\/01\/SLAPTOSIOS-ANTROJO-PASAULINIO-KARO-OPERACIJOS.webp\",\"width\":528,\"height\":800,\"caption\":\"SLAPTOSIOS ANTROJO PASAULINIO KARO OPERACIJOS\"},{\"@type\":\"BreadcrumbList\",\"@id\":\"https:\/\/skaitytaknyga.lt\/produktas\/slaptosios-antrojo-pasaulinio-karo-operacijos\/#breadcrumb\",\"itemListElement\":[{\"@type\":\"ListItem\",\"position\":1,\"name\":\"Home\",\"item\":\"https:\/\/skaitytaknyga.lt\/\"},{\"@type\":\"ListItem\",\"position\":2,\"name\":\"Parduotuv\u0117\",\"item\":\"https:\/\/skaitytaknyga.lt\/knygu-parduotuve\/\"},{\"@type\":\"ListItem\",\"position\":3,\"name\":\"Slaptosios Antrojo pasaulinio karo operacijos\"}]},{\"@type\":\"WebSite\",\"@id\":\"https:\/\/skaitytaknyga.lt\/#website\",\"url\":\"https:\/\/skaitytaknyga.lt\/\",\"name\":\"skaitytaknyga.lt\",\"description\":\"Skaitytaknyga.lt \u2013 tai ma\u017eas \u0161eimos verslas, kuris prasid\u0117jo nuo meil\u0117s knygoms ir siekio i\u0161gelb\u0117ti knygas nuo likimo prie konteinerio. Kas vienam nereikalingas daiktas \u2013 kitam lobis, o mes esame tarpininkai, kurie padeda abiems tapti laimingesniems ???? \u017dinome kaip nelengva i\u0161gyventi ma\u017eiems verslams, tad nuo \u0161iol, \u010dia rasite ir kit\u0173, ma\u017e\u0173 \u0161eim\u0173 versl\u0173, rank\u0173 darbo, dovan\u0173 sau ir artimiesiems.\",\"publisher\":{\"@id\":\"https:\/\/skaitytaknyga.lt\/#organization\"},\"potentialAction\":[{\"@type\":\"SearchAction\",\"target\":{\"@type\":\"EntryPoint\",\"urlTemplate\":\"https:\/\/skaitytaknyga.lt\/?s={search_term_string}\"},\"query-input\":{\"@type\":\"PropertyValueSpecification\",\"valueRequired\":true,\"valueName\":\"search_term_string\"}}],\"inLanguage\":\"en-GB\"},{\"@type\":\"Organization\",\"@id\":\"https:\/\/skaitytaknyga.lt\/#organization\",\"name\":\"skaitytaknyga.lt\",\"url\":\"https:\/\/skaitytaknyga.lt\/\",\"logo\":{\"@type\":\"ImageObject\",\"inLanguage\":\"en-GB\",\"@id\":\"https:\/\/skaitytaknyga.lt\/#\/schema\/logo\/image\/\",\"url\":\"https:\/\/skaitytaknyga.lt\/wp-content\/uploads\/2024\/05\/cropped-cropped-cropped-02_00843_jt3bggkj1j3HLc7SyY6rEUpg.jpeg\",\"contentUrl\":\"https:\/\/skaitytaknyga.lt\/wp-content\/uploads\/2024\/05\/cropped-cropped-cropped-02_00843_jt3bggkj1j3HLc7SyY6rEUpg.jpeg\",\"width\":1600,\"height\":1600,\"caption\":\"skaitytaknyga.lt\"},\"image\":{\"@id\":\"https:\/\/skaitytaknyga.lt\/#\/schema\/logo\/image\/\"},\"sameAs\":[\"https:\/\/www.facebook.com\/skaitytaknyga\/\"]}]}<\/script>\n<!-- \/ Yoast SEO plugin. -->","yoast_head_json":{"title":"Slaptosios Antrojo pasaulinio karo operacijos","description":"Istorijos knygose apie Antr\u0105j\u012f pasaulin\u012f kar\u0105 d\u0117mesys da\u017eniausiai sutelkiamas \u012f kovas, strateginius sprendimus, kariuomeni\u0173 susir\u0117mimus, kurie nusine\u0161\u0117","robots":{"index":"index","follow":"follow","max-snippet":"max-snippet:-1","max-image-preview":"max-image-preview:large","max-video-preview":"max-video-preview:-1"},"canonical":"https:\/\/skaitytaknyga.lt\/en\/produktas\/slaptosios-antrojo-pasaulinio-karo-operacijos\/","og_locale":"en_GB","og_type":"article","og_title":"[:lt]Slaptosios Antrojo pasaulinio karo operacijos[:] - Skaitytaknyga","og_description":"Istorijos knygose apie Antr\u0105j\u012f pasaulin\u012f kar\u0105 d\u0117mesys da\u017eniausiai sutelkiamas \u012f kovas, strateginius sprendimus, kariuomeni\u0173 susir\u0117mimus, kurie nusine\u0161\u0117","og_url":"https:\/\/skaitytaknyga.lt\/en\/produktas\/slaptosios-antrojo-pasaulinio-karo-operacijos\/","og_site_name":"Skaitytaknyga","article_publisher":"https:\/\/www.facebook.com\/skaitytaknyga\/","article_modified_time":"2026-03-18T12:55:47+00:00","og_image":[{"width":528,"height":800,"url":"https:\/\/skaitytaknyga.lt\/wp-content\/uploads\/2025\/01\/SLAPTOSIOS-ANTROJO-PASAULINIO-KARO-OPERACIJOS.webp","type":"image\/webp"}],"twitter_card":"summary_large_image","twitter_misc":{"Estimated reading time":"2 minutes"},"schema":{"@context":"https:\/\/schema.org","@graph":[{"@type":"WebPage","@id":"https:\/\/skaitytaknyga.lt\/produktas\/slaptosios-antrojo-pasaulinio-karo-operacijos\/","url":"https:\/\/skaitytaknyga.lt\/produktas\/slaptosios-antrojo-pasaulinio-karo-operacijos\/","name":"Slaptosios Antrojo pasaulinio karo operacijos","isPartOf":{"@id":"https:\/\/skaitytaknyga.lt\/#website"},"primaryImageOfPage":{"@id":"https:\/\/skaitytaknyga.lt\/produktas\/slaptosios-antrojo-pasaulinio-karo-operacijos\/#primaryimage"},"image":{"@id":"https:\/\/skaitytaknyga.lt\/produktas\/slaptosios-antrojo-pasaulinio-karo-operacijos\/#primaryimage"},"thumbnailUrl":"https:\/\/skaitytaknyga.lt\/wp-content\/uploads\/2025\/01\/SLAPTOSIOS-ANTROJO-PASAULINIO-KARO-OPERACIJOS.webp","datePublished":"2025-01-30T16:25:05+00:00","dateModified":"2026-03-18T12:55:47+00:00","description":"Istorijos knygose apie Antr\u0105j\u012f pasaulin\u012f kar\u0105 d\u0117mesys da\u017eniausiai sutelkiamas \u012f kovas, strateginius sprendimus, kariuomeni\u0173 susir\u0117mimus, kurie nusine\u0161\u0117","breadcrumb":{"@id":"https:\/\/skaitytaknyga.lt\/produktas\/slaptosios-antrojo-pasaulinio-karo-operacijos\/#breadcrumb"},"inLanguage":"en-GB","potentialAction":[{"@type":"ReadAction","target":["https:\/\/skaitytaknyga.lt\/produktas\/slaptosios-antrojo-pasaulinio-karo-operacijos\/"]}]},{"@type":"ImageObject","inLanguage":"en-GB","@id":"https:\/\/skaitytaknyga.lt\/produktas\/slaptosios-antrojo-pasaulinio-karo-operacijos\/#primaryimage","url":"https:\/\/skaitytaknyga.lt\/wp-content\/uploads\/2025\/01\/SLAPTOSIOS-ANTROJO-PASAULINIO-KARO-OPERACIJOS.webp","contentUrl":"https:\/\/skaitytaknyga.lt\/wp-content\/uploads\/2025\/01\/SLAPTOSIOS-ANTROJO-PASAULINIO-KARO-OPERACIJOS.webp","width":528,"height":800,"caption":"SLAPTOSIOS ANTROJO PASAULINIO KARO OPERACIJOS"},{"@type":"BreadcrumbList","@id":"https:\/\/skaitytaknyga.lt\/produktas\/slaptosios-antrojo-pasaulinio-karo-operacijos\/#breadcrumb","itemListElement":[{"@type":"ListItem","position":1,"name":"Home","item":"https:\/\/skaitytaknyga.lt\/"},{"@type":"ListItem","position":2,"name":"Parduotuv\u0117","item":"https:\/\/skaitytaknyga.lt\/knygu-parduotuve\/"},{"@type":"ListItem","position":3,"name":"Slaptosios Antrojo pasaulinio karo operacijos"}]},{"@type":"WebSite","@id":"https:\/\/skaitytaknyga.lt\/#website","url":"https:\/\/skaitytaknyga.lt\/","name":"skaitytaknyga.lt","description":"Skaitytaknyga.lt \u2013 tai ma\u017eas \u0161eimos verslas, kuris prasid\u0117jo nuo meil\u0117s knygoms ir siekio i\u0161gelb\u0117ti knygas nuo likimo prie konteinerio. Kas vienam nereikalingas daiktas \u2013 kitam lobis, o mes esame tarpininkai, kurie padeda abiems tapti laimingesniems ???? \u017dinome kaip nelengva i\u0161gyventi ma\u017eiems verslams, tad nuo \u0161iol, \u010dia rasite ir kit\u0173, ma\u017e\u0173 \u0161eim\u0173 versl\u0173, rank\u0173 darbo, dovan\u0173 sau ir artimiesiems.","publisher":{"@id":"https:\/\/skaitytaknyga.lt\/#organization"},"potentialAction":[{"@type":"SearchAction","target":{"@type":"EntryPoint","urlTemplate":"https:\/\/skaitytaknyga.lt\/?s={search_term_string}"},"query-input":{"@type":"PropertyValueSpecification","valueRequired":true,"valueName":"search_term_string"}}],"inLanguage":"en-GB"},{"@type":"Organization","@id":"https:\/\/skaitytaknyga.lt\/#organization","name":"skaitytaknyga.lt","url":"https:\/\/skaitytaknyga.lt\/","logo":{"@type":"ImageObject","inLanguage":"en-GB","@id":"https:\/\/skaitytaknyga.lt\/#\/schema\/logo\/image\/","url":"https:\/\/skaitytaknyga.lt\/wp-content\/uploads\/2024\/05\/cropped-cropped-cropped-02_00843_jt3bggkj1j3HLc7SyY6rEUpg.jpeg","contentUrl":"https:\/\/skaitytaknyga.lt\/wp-content\/uploads\/2024\/05\/cropped-cropped-cropped-02_00843_jt3bggkj1j3HLc7SyY6rEUpg.jpeg","width":1600,"height":1600,"caption":"skaitytaknyga.lt"},"image":{"@id":"https:\/\/skaitytaknyga.lt\/#\/schema\/logo\/image\/"},"sameAs":["https:\/\/www.facebook.com\/skaitytaknyga\/"]}]}},"_links":{"self":[{"href":"https:\/\/skaitytaknyga.lt\/en\/wp-json\/wp\/v2\/product\/16347","targetHints":{"allow":["GET"]}}],"collection":[{"href":"https:\/\/skaitytaknyga.lt\/en\/wp-json\/wp\/v2\/product"}],"about":[{"href":"https:\/\/skaitytaknyga.lt\/en\/wp-json\/wp\/v2\/types\/product"}],"replies":[{"embeddable":true,"href":"https:\/\/skaitytaknyga.lt\/en\/wp-json\/wp\/v2\/comments?post=16347"}],"wp:featuredmedia":[{"embeddable":true,"href":"https:\/\/skaitytaknyga.lt\/en\/wp-json\/wp\/v2\/media\/16348"}],"wp:attachment":[{"href":"https:\/\/skaitytaknyga.lt\/en\/wp-json\/wp\/v2\/media?parent=16347"}],"wp:term":[{"taxonomy":"product_brand","embeddable":true,"href":"https:\/\/skaitytaknyga.lt\/en\/wp-json\/wp\/v2\/product_brand?post=16347"},{"taxonomy":"product_cat","embeddable":true,"href":"https:\/\/skaitytaknyga.lt\/en\/wp-json\/wp\/v2\/product_cat?post=16347"},{"taxonomy":"product_tag","embeddable":true,"href":"https:\/\/skaitytaknyga.lt\/en\/wp-json\/wp\/v2\/product_tag?post=16347"}],"curies":[{"name":"wp","href":"https:\/\/api.w.org\/{rel}","templated":true}]}}