{"id":16343,"date":"2025-01-30T18:10:15","date_gmt":"2025-01-30T16:10:15","guid":{"rendered":"https:\/\/skaitytaknyga.lt\/?post_type=product&#038;p=16343"},"modified":"2026-03-18T14:52:02","modified_gmt":"2026-03-18T12:52:02","slug":"karo-anatomija","status":"publish","type":"product","link":"https:\/\/skaitytaknyga.lt\/en\/produktas\/karo-anatomija\/","title":{"rendered":"Vilnius. \u0160eimos skoni\u0173 istorija"},"content":{"rendered":"<p><strong>\u201eVilnius. \u0160eimos skoni\u0173 istorija&#8221;<\/strong>\u00a0\u2013 tai ne tik \u0161eimos istorija ar recept\u0173 knyga. Tai savoti\u0161kas turistinis gidas po Vilni\u0173 ir jo apylinkes, mitybos tradicij\u0173 studija, netgi kalbos skirtum\u0173 tarp Vilniaus kra\u0161to bei Lenkijoje gyvenan\u010di\u0173 lenk\u0173 ap\u017evalga. Tam, kad geriau pa\u017eintume \u0161\u012f kra\u0161t\u0105, anot autor\u0117s, reikia sus\u0117sti prie bendro stalo. Tai padaryti pad\u0117s daugiau kaip 70 ne kart\u0105 i\u0161bandyt\u0173 Genowefos recept\u0173!<\/p>\n<p>Knyga para\u0161yta su meile \u0161eimai, gimtinei ir su humoru, kuris retkar\u010diais perauga \u012f ironij\u0105, leisdamas giliau pa\u017evelgti \u012f save ir savo artim\u0105.<\/p>\n<p>Autorius: Ewa Wo\u0142kanowska-Ko\u0142odziej, Genowefa Wo\u0142kanowska<br \/>\nLeid\u0117jas: Terra Publica<br \/>\nMetai: 2017<br \/>\nPuslapiai: 304<br \/>\nISBN: 9786094730672<br \/>\nVersijos kodas: 8<br \/>\nFormatas: 17,5 x 24,6 x 2,8 cm, kieti vir\u0161eliai<br \/>\nKalba: Lenk\u0173<\/p>\n","protected":false},"excerpt":{"rendered":"<p>\u201eVilnius. \u0160eimos skoni\u0173 istorija&#8221;\u00a0\u2013 tai ne tik \u0161eimos istorija ar recept\u0173 knyga. Tai savoti\u0161kas turistinis gidas po Vilni\u0173 ir jo apylinkes, mitybos tradicij\u0173 studija, netgi kalbos skirtum\u0173 tarp Vilniaus kra\u0161to bei Lenkijoje gyvenan\u010di\u0173 lenk\u0173 ap\u017evalga. Tam, kad geriau pa\u017eintume \u0161\u012f kra\u0161t\u0105, anot autor\u0117s, reikia sus\u0117sti prie bendro stalo. Tai padaryti pad\u0117s daugiau kaip 70 ne kart\u0105 i\u0161bandyt\u0173 Genowefos recept\u0173! Knyga para\u0161yta su meile \u0161eimai, gimtinei ir su humoru, kuris retkar\u010diais perauga \u012f ironij\u0105, leisdamas giliau pa\u017evelgti \u012f save ir savo artim\u0105. Autorius: Ewa Wo\u0142kanowska-Ko\u0142odziej, Genowefa Wo\u0142kanowska Leid\u0117jas: Terra Publica Metai: 2017 Puslapiai: 304 ISBN: 9786094730672 Versijos kodas: 8 Formatas: 17,5 x 24,6 x 2,8 cm, kieti vir\u0161eliai Kalba: Lenk\u0173<\/p>\n","protected":false},"featured_media":16344,"comment_status":"closed","ping_status":"closed","template":"","meta":{"_acf_changed":false,"site-sidebar-layout":"default","site-content-layout":"","ast-site-content-layout":"default","site-content-style":"default","site-sidebar-style":"default","ast-global-header-display":"","ast-banner-title-visibility":"","ast-main-header-display":"","ast-hfb-above-header-display":"","ast-hfb-below-header-display":"","ast-hfb-mobile-header-display":"","site-post-title":"","ast-breadcrumbs-content":"","ast-featured-img":"","footer-sml-layout":"","ast-disable-related-posts":"","theme-transparent-header-meta":"default","adv-header-id-meta":"","stick-header-meta":"","header-above-stick-meta":"","header-main-stick-meta":"","header-below-stick-meta":"","astra-migrate-meta-layouts":"set","ast-page-background-enabled":"default","ast-page-background-meta":{"desktop":{"background-color":"","background-image":"","background-repeat":"repeat","background-position":"center center","background-size":"auto","background-attachment":"scroll","background-type":"","background-media":"","overlay-type":"","overlay-color":"","overlay-opacity":"","overlay-gradient":""},"tablet":{"background-color":"","background-image":"","background-repeat":"repeat","background-position":"center center","background-size":"auto","background-attachment":"scroll","background-type":"","background-media":"","overlay-type":"","overlay-color":"","overlay-opacity":"","overlay-gradient":""},"mobile":{"background-color":"","background-image":"","background-repeat":"repeat","background-position":"center center","background-size":"auto","background-attachment":"scroll","background-type":"","background-media":"","overlay-type":"","overlay-color":"","overlay-opacity":"","overlay-gradient":""}},"ast-content-background-meta":{"desktop":{"background-color":"var(--ast-global-color-4)","background-image":"","background-repeat":"repeat","background-position":"center center","background-size":"auto","background-attachment":"scroll","background-type":"","background-media":"","overlay-type":"","overlay-color":"","overlay-opacity":"","overlay-gradient":""},"tablet":{"background-color":"var(--ast-global-color-4)","background-image":"","background-repeat":"repeat","background-position":"center center","background-size":"auto","background-attachment":"scroll","background-type":"","background-media":"","overlay-type":"","overlay-color":"","overlay-opacity":"","overlay-gradient":""},"mobile":{"background-color":"var(--ast-global-color-4)","background-image":"","background-repeat":"repeat","background-position":"center center","background-size":"auto","background-attachment":"scroll","background-type":"","background-media":"","overlay-type":"","overlay-color":"","overlay-opacity":"","overlay-gradient":""}}},"product_brand":[],"product_cat":[9864,174],"product_tag":[1095,1335],"class_list":{"0":"post-16343","1":"product","2":"type-product","3":"status-publish","4":"has-post-thumbnail","6":"product_cat-karo-istorija","7":"product_cat-istorija-ir-politologija","8":"product_tag-antrasis-pasaulinis-karas","9":"product_tag-giedrius-petkevicius","10":"desktop-align-left","11":"tablet-align-left","12":"mobile-align-left","14":"first","15":"instock","16":"shipping-taxable","17":"purchasable","18":"product-type-simple"},"acf":[],"yoast_head":"<!-- This site is optimized with the Yoast SEO plugin v27.0 - https:\/\/yoast.com\/product\/yoast-seo-wordpress\/ -->\n<title>Vilnius. \u0160eimos skoni\u0173 istorija<\/title>\n<meta name=\"description\" content=\"\u201eVilnius. \u0160eimos skoni\u0173 istorija&quot;\u00a0\u2013 tai ne tik \u0161eimos istorija ar recept\u0173 knyga. Tai savoti\u0161kas turistinis gidas po Vilni\u0173 ir jo apylinkes, mitybos\" \/>\n<meta name=\"robots\" content=\"index, follow, max-snippet:-1, max-image-preview:large, max-video-preview:-1\" \/>\n<link rel=\"canonical\" href=\"https:\/\/skaitytaknyga.lt\/en\/produktas\/karo-anatomija\/\" \/>\n<meta property=\"og:locale\" content=\"en_GB\" \/>\n<meta property=\"og:locale:alternate\" content=\"lt_LT\" \/>\n<meta property=\"og:type\" content=\"article\" \/>\n<meta property=\"og:title\" content=\"Vilnius. \u0160eimos skoni\u0173 istorija\" \/>\n<meta property=\"og:description\" content=\"\u201eVilnius. \u0160eimos skoni\u0173 istorija&quot;\u00a0\u2013 tai ne tik \u0161eimos istorija ar recept\u0173 knyga. Tai savoti\u0161kas turistinis gidas po Vilni\u0173 ir jo apylinkes, mitybos\" \/>\n<meta property=\"og:url\" content=\"https:\/\/skaitytaknyga.lt\/en\/produktas\/karo-anatomija\/\" \/>\n<meta property=\"og:site_name\" content=\"Skaitytaknyga\" \/>\n<meta property=\"article:publisher\" content=\"https:\/\/www.facebook.com\/skaitytaknyga\/\" \/>\n<meta property=\"article:modified_time\" content=\"2026-03-18T12:52:02+00:00\" \/>\n<meta property=\"og:image\" content=\"https:\/\/skaitytaknyga.lt\/wp-content\/uploads\/2025\/01\/Karo-anatomija.webp\" \/>\n\t<meta property=\"og:image:width\" content=\"402\" \/>\n\t<meta property=\"og:image:height\" content=\"600\" \/>\n\t<meta property=\"og:image:type\" content=\"image\/webp\" \/>\n<meta name=\"twitter:card\" content=\"summary_large_image\" \/>\n<meta name=\"twitter:label1\" content=\"Estimated reading time\" \/>\n\t<meta name=\"twitter:data1\" content=\"2 minutes\" \/>\n<script type=\"application\/ld+json\" class=\"yoast-schema-graph\">{\"@context\":\"https:\/\/schema.org\",\"@graph\":[{\"@type\":\"WebPage\",\"@id\":\"https:\/\/skaitytaknyga.lt\/produktas\/karo-anatomija\/\",\"url\":\"https:\/\/skaitytaknyga.lt\/produktas\/karo-anatomija\/\",\"name\":\"Vilnius. \u0160eimos skoni\u0173 istorija\",\"isPartOf\":{\"@id\":\"https:\/\/skaitytaknyga.lt\/#website\"},\"primaryImageOfPage\":{\"@id\":\"https:\/\/skaitytaknyga.lt\/produktas\/karo-anatomija\/#primaryimage\"},\"image\":{\"@id\":\"https:\/\/skaitytaknyga.lt\/produktas\/karo-anatomija\/#primaryimage\"},\"thumbnailUrl\":\"https:\/\/skaitytaknyga.lt\/wp-content\/uploads\/2025\/01\/Karo-anatomija.webp\",\"datePublished\":\"2025-01-30T16:10:15+00:00\",\"dateModified\":\"2026-03-18T12:52:02+00:00\",\"description\":\"\u201eVilnius. \u0160eimos skoni\u0173 istorija\\\"\u00a0\u2013 tai ne tik \u0161eimos istorija ar recept\u0173 knyga. Tai savoti\u0161kas turistinis gidas po Vilni\u0173 ir jo apylinkes, mitybos\",\"breadcrumb\":{\"@id\":\"https:\/\/skaitytaknyga.lt\/produktas\/karo-anatomija\/#breadcrumb\"},\"inLanguage\":\"en-GB\",\"potentialAction\":[{\"@type\":\"ReadAction\",\"target\":[\"https:\/\/skaitytaknyga.lt\/produktas\/karo-anatomija\/\"]}]},{\"@type\":\"ImageObject\",\"inLanguage\":\"en-GB\",\"@id\":\"https:\/\/skaitytaknyga.lt\/produktas\/karo-anatomija\/#primaryimage\",\"url\":\"https:\/\/skaitytaknyga.lt\/wp-content\/uploads\/2025\/01\/Karo-anatomija.webp\",\"contentUrl\":\"https:\/\/skaitytaknyga.lt\/wp-content\/uploads\/2025\/01\/Karo-anatomija.webp\",\"width\":402,\"height\":600,\"caption\":\"Karo anatomija\"},{\"@type\":\"BreadcrumbList\",\"@id\":\"https:\/\/skaitytaknyga.lt\/produktas\/karo-anatomija\/#breadcrumb\",\"itemListElement\":[{\"@type\":\"ListItem\",\"position\":1,\"name\":\"Home\",\"item\":\"https:\/\/skaitytaknyga.lt\/\"},{\"@type\":\"ListItem\",\"position\":2,\"name\":\"Parduotuv\u0117\",\"item\":\"https:\/\/skaitytaknyga.lt\/knygu-parduotuve\/\"},{\"@type\":\"ListItem\",\"position\":3,\"name\":\"Karo anatomija\"}]},{\"@type\":\"WebSite\",\"@id\":\"https:\/\/skaitytaknyga.lt\/#website\",\"url\":\"https:\/\/skaitytaknyga.lt\/\",\"name\":\"skaitytaknyga.lt\",\"description\":\"Skaitytaknyga.lt \u2013 tai ma\u017eas \u0161eimos verslas, kuris prasid\u0117jo nuo meil\u0117s knygoms ir siekio i\u0161gelb\u0117ti knygas nuo likimo prie konteinerio. Kas vienam nereikalingas daiktas \u2013 kitam lobis, o mes esame tarpininkai, kurie padeda abiems tapti laimingesniems ???? \u017dinome kaip nelengva i\u0161gyventi ma\u017eiems verslams, tad nuo \u0161iol, \u010dia rasite ir kit\u0173, ma\u017e\u0173 \u0161eim\u0173 versl\u0173, rank\u0173 darbo, dovan\u0173 sau ir artimiesiems.\",\"publisher\":{\"@id\":\"https:\/\/skaitytaknyga.lt\/#organization\"},\"potentialAction\":[{\"@type\":\"SearchAction\",\"target\":{\"@type\":\"EntryPoint\",\"urlTemplate\":\"https:\/\/skaitytaknyga.lt\/?s={search_term_string}\"},\"query-input\":{\"@type\":\"PropertyValueSpecification\",\"valueRequired\":true,\"valueName\":\"search_term_string\"}}],\"inLanguage\":\"en-GB\"},{\"@type\":\"Organization\",\"@id\":\"https:\/\/skaitytaknyga.lt\/#organization\",\"name\":\"skaitytaknyga.lt\",\"url\":\"https:\/\/skaitytaknyga.lt\/\",\"logo\":{\"@type\":\"ImageObject\",\"inLanguage\":\"en-GB\",\"@id\":\"https:\/\/skaitytaknyga.lt\/#\/schema\/logo\/image\/\",\"url\":\"https:\/\/skaitytaknyga.lt\/wp-content\/uploads\/2024\/05\/cropped-cropped-cropped-02_00843_jt3bggkj1j3HLc7SyY6rEUpg.jpeg\",\"contentUrl\":\"https:\/\/skaitytaknyga.lt\/wp-content\/uploads\/2024\/05\/cropped-cropped-cropped-02_00843_jt3bggkj1j3HLc7SyY6rEUpg.jpeg\",\"width\":1600,\"height\":1600,\"caption\":\"skaitytaknyga.lt\"},\"image\":{\"@id\":\"https:\/\/skaitytaknyga.lt\/#\/schema\/logo\/image\/\"},\"sameAs\":[\"https:\/\/www.facebook.com\/skaitytaknyga\/\"]}]}<\/script>\n<!-- \/ Yoast SEO plugin. -->","yoast_head_json":{"title":"Vilnius. \u0160eimos skoni\u0173 istorija","description":"\u201eVilnius. \u0160eimos skoni\u0173 istorija\"\u00a0\u2013 tai ne tik \u0161eimos istorija ar recept\u0173 knyga. Tai savoti\u0161kas turistinis gidas po Vilni\u0173 ir jo apylinkes, mitybos","robots":{"index":"index","follow":"follow","max-snippet":"max-snippet:-1","max-image-preview":"max-image-preview:large","max-video-preview":"max-video-preview:-1"},"canonical":"https:\/\/skaitytaknyga.lt\/en\/produktas\/karo-anatomija\/","og_locale":"en_GB","og_type":"article","og_title":"[:en]Vilnius. \u0160eimos skoni\u0173 istorija[:lt]Karo anatomija[:] - Skaitytaknyga","og_description":"\u201eVilnius. \u0160eimos skoni\u0173 istorija\"\u00a0\u2013 tai ne tik \u0161eimos istorija ar recept\u0173 knyga. Tai savoti\u0161kas turistinis gidas po Vilni\u0173 ir jo apylinkes, mitybos","og_url":"https:\/\/skaitytaknyga.lt\/en\/produktas\/karo-anatomija\/","og_site_name":"Skaitytaknyga","article_publisher":"https:\/\/www.facebook.com\/skaitytaknyga\/","article_modified_time":"2026-03-18T12:52:02+00:00","og_image":[{"width":402,"height":600,"url":"https:\/\/skaitytaknyga.lt\/wp-content\/uploads\/2025\/01\/Karo-anatomija.webp","type":"image\/webp"}],"twitter_card":"summary_large_image","twitter_misc":{"Estimated reading time":"2 minutes"},"schema":{"@context":"https:\/\/schema.org","@graph":[{"@type":"WebPage","@id":"https:\/\/skaitytaknyga.lt\/produktas\/karo-anatomija\/","url":"https:\/\/skaitytaknyga.lt\/produktas\/karo-anatomija\/","name":"Vilnius. \u0160eimos skoni\u0173 istorija","isPartOf":{"@id":"https:\/\/skaitytaknyga.lt\/#website"},"primaryImageOfPage":{"@id":"https:\/\/skaitytaknyga.lt\/produktas\/karo-anatomija\/#primaryimage"},"image":{"@id":"https:\/\/skaitytaknyga.lt\/produktas\/karo-anatomija\/#primaryimage"},"thumbnailUrl":"https:\/\/skaitytaknyga.lt\/wp-content\/uploads\/2025\/01\/Karo-anatomija.webp","datePublished":"2025-01-30T16:10:15+00:00","dateModified":"2026-03-18T12:52:02+00:00","description":"\u201eVilnius. \u0160eimos skoni\u0173 istorija\"\u00a0\u2013 tai ne tik \u0161eimos istorija ar recept\u0173 knyga. Tai savoti\u0161kas turistinis gidas po Vilni\u0173 ir jo apylinkes, mitybos","breadcrumb":{"@id":"https:\/\/skaitytaknyga.lt\/produktas\/karo-anatomija\/#breadcrumb"},"inLanguage":"en-GB","potentialAction":[{"@type":"ReadAction","target":["https:\/\/skaitytaknyga.lt\/produktas\/karo-anatomija\/"]}]},{"@type":"ImageObject","inLanguage":"en-GB","@id":"https:\/\/skaitytaknyga.lt\/produktas\/karo-anatomija\/#primaryimage","url":"https:\/\/skaitytaknyga.lt\/wp-content\/uploads\/2025\/01\/Karo-anatomija.webp","contentUrl":"https:\/\/skaitytaknyga.lt\/wp-content\/uploads\/2025\/01\/Karo-anatomija.webp","width":402,"height":600,"caption":"Karo anatomija"},{"@type":"BreadcrumbList","@id":"https:\/\/skaitytaknyga.lt\/produktas\/karo-anatomija\/#breadcrumb","itemListElement":[{"@type":"ListItem","position":1,"name":"Home","item":"https:\/\/skaitytaknyga.lt\/"},{"@type":"ListItem","position":2,"name":"Parduotuv\u0117","item":"https:\/\/skaitytaknyga.lt\/knygu-parduotuve\/"},{"@type":"ListItem","position":3,"name":"Karo anatomija"}]},{"@type":"WebSite","@id":"https:\/\/skaitytaknyga.lt\/#website","url":"https:\/\/skaitytaknyga.lt\/","name":"skaitytaknyga.lt","description":"Skaitytaknyga.lt \u2013 tai ma\u017eas \u0161eimos verslas, kuris prasid\u0117jo nuo meil\u0117s knygoms ir siekio i\u0161gelb\u0117ti knygas nuo likimo prie konteinerio. Kas vienam nereikalingas daiktas \u2013 kitam lobis, o mes esame tarpininkai, kurie padeda abiems tapti laimingesniems ???? \u017dinome kaip nelengva i\u0161gyventi ma\u017eiems verslams, tad nuo \u0161iol, \u010dia rasite ir kit\u0173, ma\u017e\u0173 \u0161eim\u0173 versl\u0173, rank\u0173 darbo, dovan\u0173 sau ir artimiesiems.","publisher":{"@id":"https:\/\/skaitytaknyga.lt\/#organization"},"potentialAction":[{"@type":"SearchAction","target":{"@type":"EntryPoint","urlTemplate":"https:\/\/skaitytaknyga.lt\/?s={search_term_string}"},"query-input":{"@type":"PropertyValueSpecification","valueRequired":true,"valueName":"search_term_string"}}],"inLanguage":"en-GB"},{"@type":"Organization","@id":"https:\/\/skaitytaknyga.lt\/#organization","name":"skaitytaknyga.lt","url":"https:\/\/skaitytaknyga.lt\/","logo":{"@type":"ImageObject","inLanguage":"en-GB","@id":"https:\/\/skaitytaknyga.lt\/#\/schema\/logo\/image\/","url":"https:\/\/skaitytaknyga.lt\/wp-content\/uploads\/2024\/05\/cropped-cropped-cropped-02_00843_jt3bggkj1j3HLc7SyY6rEUpg.jpeg","contentUrl":"https:\/\/skaitytaknyga.lt\/wp-content\/uploads\/2024\/05\/cropped-cropped-cropped-02_00843_jt3bggkj1j3HLc7SyY6rEUpg.jpeg","width":1600,"height":1600,"caption":"skaitytaknyga.lt"},"image":{"@id":"https:\/\/skaitytaknyga.lt\/#\/schema\/logo\/image\/"},"sameAs":["https:\/\/www.facebook.com\/skaitytaknyga\/"]}]}},"_links":{"self":[{"href":"https:\/\/skaitytaknyga.lt\/en\/wp-json\/wp\/v2\/product\/16343","targetHints":{"allow":["GET"]}}],"collection":[{"href":"https:\/\/skaitytaknyga.lt\/en\/wp-json\/wp\/v2\/product"}],"about":[{"href":"https:\/\/skaitytaknyga.lt\/en\/wp-json\/wp\/v2\/types\/product"}],"replies":[{"embeddable":true,"href":"https:\/\/skaitytaknyga.lt\/en\/wp-json\/wp\/v2\/comments?post=16343"}],"wp:featuredmedia":[{"embeddable":true,"href":"https:\/\/skaitytaknyga.lt\/en\/wp-json\/wp\/v2\/media\/16344"}],"wp:attachment":[{"href":"https:\/\/skaitytaknyga.lt\/en\/wp-json\/wp\/v2\/media?parent=16343"}],"wp:term":[{"taxonomy":"product_brand","embeddable":true,"href":"https:\/\/skaitytaknyga.lt\/en\/wp-json\/wp\/v2\/product_brand?post=16343"},{"taxonomy":"product_cat","embeddable":true,"href":"https:\/\/skaitytaknyga.lt\/en\/wp-json\/wp\/v2\/product_cat?post=16343"},{"taxonomy":"product_tag","embeddable":true,"href":"https:\/\/skaitytaknyga.lt\/en\/wp-json\/wp\/v2\/product_tag?post=16343"}],"curies":[{"name":"wp","href":"https:\/\/api.w.org\/{rel}","templated":true}]}}