{"id":16341,"date":"2025-01-30T18:02:59","date_gmt":"2025-01-30T16:02:59","guid":{"rendered":"https:\/\/skaitytaknyga.lt\/?post_type=product&#038;p=16341"},"modified":"2026-03-18T14:55:47","modified_gmt":"2026-03-18T12:55:47","slug":"iliustruota-antrojo-pasaulinio-karo-istorija","status":"publish","type":"product","link":"https:\/\/skaitytaknyga.lt\/en\/produktas\/iliustruota-antrojo-pasaulinio-karo-istorija\/","title":{"rendered":"Iliustruota Antrojo pasaulinio karo istorija"},"content":{"rendered":"<p>Antrasis pasaulinis karas teb\u0117ra did\u017eiausias karinis konfliktas pasaulio istorijoje. Truk\u0119s ilgiau kaip \u0161e\u0161erius metus, jis \u012ftrauk\u0117 penki\u0173 \u017eemyn\u0173 kareivius bei civilius gyventojus ir pra\u017eud\u0117 beveik penkiasde\u0161imt milijon\u0173 \u017emoni\u0173. \u0161ioje knygoje i\u0161samiai pasakojama t\u0173 laik\u0173 istorija.<\/p>\n<p>Pasakojim\u0105 iliustruoja ir paai\u0161kina daugiau kaip 300 nuotrauk\u0173 bei pie\u0161ini\u0173, pateikti 26 \u017eem\u0117lapiai, demonstruojantys \u012fvykius konkre\u010di\u0173 m\u016b\u0161i\u0173 metu sausumoje, j\u016brose ir padang\u0117je. \u0161ioje gausiai iliustruotoje knygoje pateikiamas platus spektras \u012fvairi\u0173 tem\u0173, toki\u0173 kaip, &#8220;Karas Ispanijoje&#8221;, &#8220;Hitleris&#8221;, &#8220;SS&#8221;, &#8220;Vokie\u010di\u0173 povandeniniai laivai&#8221;, &#8220;Stalinas&#8221;, &#8220;Dykumos \u017eiurk\u0117s&#8221;, &#8220;Baltosios ro\u017e\u0117s pogrindin\u0117 veikla&#8221;, &#8220;L\u0117ktuvas &#8220;Spitfire&#8221;, &#8220;Var\u0161uvos geto sukilimas&#8221;, &#8220;Atomin\u0117 bomba&#8221; ir daugelis kit\u0173. Tai buvo karas, liudij\u0119s nesuskai\u010diuojamus nepaprastos dr\u0105sos ir pasiaukojimo atvejus greta siautusio nei\u0161pasakyto \u017eiaurumo ir teroro.<\/p>\n<ul class=\"about-product d-none d-xl-block mt-4\">\n<li><strong>Autorius:<\/strong>\u00a0Owen Booth,\u00a0John Walton<\/li>\n<li><strong>Leid\u0117jas:<\/strong>\u00a0Tyrai<\/li>\n<li><strong>Metai:<\/strong>\u00a02000<\/li>\n<li><strong>Puslapiai:<\/strong>\u00a0256<\/li>\n<li class=\"toggleable type-new-formats \"><strong>ISBN:<\/strong>\u00a09789955010593<\/li>\n<li class=\"toggleable type-new-formats \"><strong>Formatas:<\/strong>\u00a024 x 30 cm, kieti vir\u0161eliai<\/li>\n<li><strong>Kalba:<\/strong>\u00a0Lietuvi\u0173<\/li>\n<li><strong>Vert\u0117jas:<\/strong>\u00a0Eugenijus Vil\u016bnas<\/li>\n<\/ul>\n","protected":false},"excerpt":{"rendered":"<p>Antrasis pasaulinis karas teb\u0117ra did\u017eiausias karinis konfliktas pasaulio istorijoje. Truk\u0119s ilgiau kaip \u0161e\u0161erius metus, jis \u012ftrauk\u0117 penki\u0173 \u017eemyn\u0173 kareivius bei civilius gyventojus ir pra\u017eud\u0117 beveik penkiasde\u0161imt milijon\u0173 \u017emoni\u0173. \u0161ioje knygoje i\u0161samiai pasakojama t\u0173 laik\u0173 istorija. Pasakojim\u0105 iliustruoja ir paai\u0161kina daugiau kaip 300 nuotrauk\u0173 bei pie\u0161ini\u0173, pateikti 26 \u017eem\u0117lapiai, demonstruojantys \u012fvykius konkre\u010di\u0173 m\u016b\u0161i\u0173 metu sausumoje, j\u016brose ir padang\u0117je. \u0161ioje gausiai iliustruotoje knygoje pateikiamas platus spektras \u012fvairi\u0173 tem\u0173, toki\u0173 kaip, &#8220;Karas Ispanijoje&#8221;, &#8220;Hitleris&#8221;, &#8220;SS&#8221;, &#8220;Vokie\u010di\u0173 povandeniniai laivai&#8221;, &#8220;Stalinas&#8221;, &#8220;Dykumos \u017eiurk\u0117s&#8221;, &#8220;Baltosios ro\u017e\u0117s pogrindin\u0117 veikla&#8221;, &#8220;L\u0117ktuvas &#8220;Spitfire&#8221;, &#8220;Var\u0161uvos geto sukilimas&#8221;, &#8220;Atomin\u0117 bomba&#8221; ir daugelis kit\u0173. Tai buvo karas, liudij\u0119s nesuskai\u010diuojamus nepaprastos dr\u0105sos ir pasiaukojimo atvejus greta siautusio nei\u0161pasakyto \u017eiaurumo ir teroro. Autorius:\u00a0Owen Booth,\u00a0John Walton Leid\u0117jas:\u00a0Tyrai Metai:\u00a02000 Puslapiai:\u00a0256 ISBN:\u00a09789955010593 Formatas:\u00a024 x 30 cm, kieti vir\u0161eliai Kalba:\u00a0Lietuvi\u0173 Vert\u0117jas:\u00a0Eugenijus Vil\u016bnas<\/p>\n","protected":false},"featured_media":16342,"comment_status":"closed","ping_status":"closed","template":"","meta":{"_acf_changed":false,"site-sidebar-layout":"default","site-content-layout":"","ast-site-content-layout":"default","site-content-style":"default","site-sidebar-style":"default","ast-global-header-display":"","ast-banner-title-visibility":"","ast-main-header-display":"","ast-hfb-above-header-display":"","ast-hfb-below-header-display":"","ast-hfb-mobile-header-display":"","site-post-title":"","ast-breadcrumbs-content":"","ast-featured-img":"","footer-sml-layout":"","ast-disable-related-posts":"","theme-transparent-header-meta":"default","adv-header-id-meta":"","stick-header-meta":"","header-above-stick-meta":"","header-main-stick-meta":"","header-below-stick-meta":"","astra-migrate-meta-layouts":"set","ast-page-background-enabled":"default","ast-page-background-meta":{"desktop":{"background-color":"","background-image":"","background-repeat":"repeat","background-position":"center center","background-size":"auto","background-attachment":"scroll","background-type":"","background-media":"","overlay-type":"","overlay-color":"","overlay-opacity":"","overlay-gradient":""},"tablet":{"background-color":"","background-image":"","background-repeat":"repeat","background-position":"center center","background-size":"auto","background-attachment":"scroll","background-type":"","background-media":"","overlay-type":"","overlay-color":"","overlay-opacity":"","overlay-gradient":""},"mobile":{"background-color":"","background-image":"","background-repeat":"repeat","background-position":"center center","background-size":"auto","background-attachment":"scroll","background-type":"","background-media":"","overlay-type":"","overlay-color":"","overlay-opacity":"","overlay-gradient":""}},"ast-content-background-meta":{"desktop":{"background-color":"var(--ast-global-color-4)","background-image":"","background-repeat":"repeat","background-position":"center center","background-size":"auto","background-attachment":"scroll","background-type":"","background-media":"","overlay-type":"","overlay-color":"","overlay-opacity":"","overlay-gradient":""},"tablet":{"background-color":"var(--ast-global-color-4)","background-image":"","background-repeat":"repeat","background-position":"center center","background-size":"auto","background-attachment":"scroll","background-type":"","background-media":"","overlay-type":"","overlay-color":"","overlay-opacity":"","overlay-gradient":""},"mobile":{"background-color":"var(--ast-global-color-4)","background-image":"","background-repeat":"repeat","background-position":"center center","background-size":"auto","background-attachment":"scroll","background-type":"","background-media":"","overlay-type":"","overlay-color":"","overlay-opacity":"","overlay-gradient":""}}},"product_brand":[],"product_cat":[9864,174],"product_tag":[1095,1982,2224,3908,1459,3906,3907],"class_list":{"0":"post-16341","1":"product","2":"type-product","3":"status-publish","4":"has-post-thumbnail","6":"product_cat-karo-istorija","7":"product_cat-istorija-ir-politologija","8":"product_tag-antrasis-pasaulinis-karas","9":"product_tag-iliustracijos","10":"product_tag-istorija","11":"product_tag-john-walton","12":"product_tag-karas","13":"product_tag-musiai","14":"product_tag-owen-booth","15":"desktop-align-left","16":"tablet-align-left","17":"mobile-align-left","19":"first","20":"instock","21":"shipping-taxable","22":"purchasable","23":"product-type-simple"},"acf":[],"yoast_head":"<!-- This site is optimized with the Yoast SEO plugin v27.0 - https:\/\/yoast.com\/product\/yoast-seo-wordpress\/ -->\n<title>Iliustruota Antrojo pasaulinio karo istorija<\/title>\n<meta name=\"description\" content=\"Antrasis pasaulinis karas teb\u0117ra did\u017eiausias karinis konfliktas pasaulio istorijoje. Truk\u0119s ilgiau kaip \u0161e\u0161erius metus, jis \u012ftrauk\u0117 penki\u0173 \u017eemyn\u0173\" \/>\n<meta name=\"robots\" content=\"index, follow, max-snippet:-1, max-image-preview:large, max-video-preview:-1\" \/>\n<link rel=\"canonical\" href=\"https:\/\/skaitytaknyga.lt\/en\/produktas\/iliustruota-antrojo-pasaulinio-karo-istorija\/\" \/>\n<meta property=\"og:locale\" content=\"en_GB\" \/>\n<meta property=\"og:locale:alternate\" content=\"lt_LT\" \/>\n<meta property=\"og:type\" content=\"article\" \/>\n<meta property=\"og:title\" content=\"Iliustruota Antrojo pasaulinio karo istorija\" \/>\n<meta property=\"og:description\" content=\"Antrasis pasaulinis karas teb\u0117ra did\u017eiausias karinis konfliktas pasaulio istorijoje. Truk\u0119s ilgiau kaip \u0161e\u0161erius metus, jis \u012ftrauk\u0117 penki\u0173 \u017eemyn\u0173\" \/>\n<meta property=\"og:url\" content=\"https:\/\/skaitytaknyga.lt\/en\/produktas\/iliustruota-antrojo-pasaulinio-karo-istorija\/\" \/>\n<meta property=\"og:site_name\" content=\"Skaitytaknyga\" \/>\n<meta property=\"article:publisher\" content=\"https:\/\/www.facebook.com\/skaitytaknyga\/\" \/>\n<meta property=\"article:modified_time\" content=\"2026-03-18T12:55:47+00:00\" \/>\n<meta property=\"og:image\" content=\"https:\/\/skaitytaknyga.lt\/wp-content\/uploads\/2025\/01\/Iliustruota-Antrojo-pasaulinio-karo-istorija.webp\" \/>\n\t<meta property=\"og:image:width\" content=\"433\" \/>\n\t<meta property=\"og:image:height\" content=\"580\" \/>\n\t<meta property=\"og:image:type\" content=\"image\/webp\" \/>\n<meta name=\"twitter:card\" content=\"summary_large_image\" \/>\n<meta name=\"twitter:label1\" content=\"Estimated reading time\" \/>\n\t<meta name=\"twitter:data1\" content=\"1 minute\" \/>\n<script type=\"application\/ld+json\" class=\"yoast-schema-graph\">{\"@context\":\"https:\/\/schema.org\",\"@graph\":[{\"@type\":\"WebPage\",\"@id\":\"https:\/\/skaitytaknyga.lt\/produktas\/iliustruota-antrojo-pasaulinio-karo-istorija\/\",\"url\":\"https:\/\/skaitytaknyga.lt\/produktas\/iliustruota-antrojo-pasaulinio-karo-istorija\/\",\"name\":\"Iliustruota Antrojo pasaulinio karo istorija\",\"isPartOf\":{\"@id\":\"https:\/\/skaitytaknyga.lt\/#website\"},\"primaryImageOfPage\":{\"@id\":\"https:\/\/skaitytaknyga.lt\/produktas\/iliustruota-antrojo-pasaulinio-karo-istorija\/#primaryimage\"},\"image\":{\"@id\":\"https:\/\/skaitytaknyga.lt\/produktas\/iliustruota-antrojo-pasaulinio-karo-istorija\/#primaryimage\"},\"thumbnailUrl\":\"https:\/\/skaitytaknyga.lt\/wp-content\/uploads\/2025\/01\/Iliustruota-Antrojo-pasaulinio-karo-istorija.webp\",\"datePublished\":\"2025-01-30T16:02:59+00:00\",\"dateModified\":\"2026-03-18T12:55:47+00:00\",\"description\":\"Antrasis pasaulinis karas teb\u0117ra did\u017eiausias karinis konfliktas pasaulio istorijoje. Truk\u0119s ilgiau kaip \u0161e\u0161erius metus, jis \u012ftrauk\u0117 penki\u0173 \u017eemyn\u0173\",\"breadcrumb\":{\"@id\":\"https:\/\/skaitytaknyga.lt\/produktas\/iliustruota-antrojo-pasaulinio-karo-istorija\/#breadcrumb\"},\"inLanguage\":\"en-GB\",\"potentialAction\":[{\"@type\":\"ReadAction\",\"target\":[\"https:\/\/skaitytaknyga.lt\/produktas\/iliustruota-antrojo-pasaulinio-karo-istorija\/\"]}]},{\"@type\":\"ImageObject\",\"inLanguage\":\"en-GB\",\"@id\":\"https:\/\/skaitytaknyga.lt\/produktas\/iliustruota-antrojo-pasaulinio-karo-istorija\/#primaryimage\",\"url\":\"https:\/\/skaitytaknyga.lt\/wp-content\/uploads\/2025\/01\/Iliustruota-Antrojo-pasaulinio-karo-istorija.webp\",\"contentUrl\":\"https:\/\/skaitytaknyga.lt\/wp-content\/uploads\/2025\/01\/Iliustruota-Antrojo-pasaulinio-karo-istorija.webp\",\"width\":433,\"height\":580,\"caption\":\"Iliustruota Antrojo pasaulinio karo istorija\"},{\"@type\":\"BreadcrumbList\",\"@id\":\"https:\/\/skaitytaknyga.lt\/produktas\/iliustruota-antrojo-pasaulinio-karo-istorija\/#breadcrumb\",\"itemListElement\":[{\"@type\":\"ListItem\",\"position\":1,\"name\":\"Home\",\"item\":\"https:\/\/skaitytaknyga.lt\/\"},{\"@type\":\"ListItem\",\"position\":2,\"name\":\"Parduotuv\u0117\",\"item\":\"https:\/\/skaitytaknyga.lt\/knygu-parduotuve\/\"},{\"@type\":\"ListItem\",\"position\":3,\"name\":\"Iliustruota Antrojo pasaulinio karo istorija\"}]},{\"@type\":\"WebSite\",\"@id\":\"https:\/\/skaitytaknyga.lt\/#website\",\"url\":\"https:\/\/skaitytaknyga.lt\/\",\"name\":\"skaitytaknyga.lt\",\"description\":\"Skaitytaknyga.lt \u2013 tai ma\u017eas \u0161eimos verslas, kuris prasid\u0117jo nuo meil\u0117s knygoms ir siekio i\u0161gelb\u0117ti knygas nuo likimo prie konteinerio. Kas vienam nereikalingas daiktas \u2013 kitam lobis, o mes esame tarpininkai, kurie padeda abiems tapti laimingesniems ???? \u017dinome kaip nelengva i\u0161gyventi ma\u017eiems verslams, tad nuo \u0161iol, \u010dia rasite ir kit\u0173, ma\u017e\u0173 \u0161eim\u0173 versl\u0173, rank\u0173 darbo, dovan\u0173 sau ir artimiesiems.\",\"publisher\":{\"@id\":\"https:\/\/skaitytaknyga.lt\/#organization\"},\"potentialAction\":[{\"@type\":\"SearchAction\",\"target\":{\"@type\":\"EntryPoint\",\"urlTemplate\":\"https:\/\/skaitytaknyga.lt\/?s={search_term_string}\"},\"query-input\":{\"@type\":\"PropertyValueSpecification\",\"valueRequired\":true,\"valueName\":\"search_term_string\"}}],\"inLanguage\":\"en-GB\"},{\"@type\":\"Organization\",\"@id\":\"https:\/\/skaitytaknyga.lt\/#organization\",\"name\":\"skaitytaknyga.lt\",\"url\":\"https:\/\/skaitytaknyga.lt\/\",\"logo\":{\"@type\":\"ImageObject\",\"inLanguage\":\"en-GB\",\"@id\":\"https:\/\/skaitytaknyga.lt\/#\/schema\/logo\/image\/\",\"url\":\"https:\/\/skaitytaknyga.lt\/wp-content\/uploads\/2024\/05\/cropped-cropped-cropped-02_00843_jt3bggkj1j3HLc7SyY6rEUpg.jpeg\",\"contentUrl\":\"https:\/\/skaitytaknyga.lt\/wp-content\/uploads\/2024\/05\/cropped-cropped-cropped-02_00843_jt3bggkj1j3HLc7SyY6rEUpg.jpeg\",\"width\":1600,\"height\":1600,\"caption\":\"skaitytaknyga.lt\"},\"image\":{\"@id\":\"https:\/\/skaitytaknyga.lt\/#\/schema\/logo\/image\/\"},\"sameAs\":[\"https:\/\/www.facebook.com\/skaitytaknyga\/\"]}]}<\/script>\n<!-- \/ Yoast SEO plugin. -->","yoast_head_json":{"title":"Iliustruota Antrojo pasaulinio karo istorija","description":"Antrasis pasaulinis karas teb\u0117ra did\u017eiausias karinis konfliktas pasaulio istorijoje. Truk\u0119s ilgiau kaip \u0161e\u0161erius metus, jis \u012ftrauk\u0117 penki\u0173 \u017eemyn\u0173","robots":{"index":"index","follow":"follow","max-snippet":"max-snippet:-1","max-image-preview":"max-image-preview:large","max-video-preview":"max-video-preview:-1"},"canonical":"https:\/\/skaitytaknyga.lt\/en\/produktas\/iliustruota-antrojo-pasaulinio-karo-istorija\/","og_locale":"en_GB","og_type":"article","og_title":"[:lt]Iliustruota Antrojo pasaulinio karo istorija[:] - Skaitytaknyga","og_description":"Antrasis pasaulinis karas teb\u0117ra did\u017eiausias karinis konfliktas pasaulio istorijoje. Truk\u0119s ilgiau kaip \u0161e\u0161erius metus, jis \u012ftrauk\u0117 penki\u0173 \u017eemyn\u0173","og_url":"https:\/\/skaitytaknyga.lt\/en\/produktas\/iliustruota-antrojo-pasaulinio-karo-istorija\/","og_site_name":"Skaitytaknyga","article_publisher":"https:\/\/www.facebook.com\/skaitytaknyga\/","article_modified_time":"2026-03-18T12:55:47+00:00","og_image":[{"width":433,"height":580,"url":"https:\/\/skaitytaknyga.lt\/wp-content\/uploads\/2025\/01\/Iliustruota-Antrojo-pasaulinio-karo-istorija.webp","type":"image\/webp"}],"twitter_card":"summary_large_image","twitter_misc":{"Estimated reading time":"1 minute"},"schema":{"@context":"https:\/\/schema.org","@graph":[{"@type":"WebPage","@id":"https:\/\/skaitytaknyga.lt\/produktas\/iliustruota-antrojo-pasaulinio-karo-istorija\/","url":"https:\/\/skaitytaknyga.lt\/produktas\/iliustruota-antrojo-pasaulinio-karo-istorija\/","name":"Iliustruota Antrojo pasaulinio karo istorija","isPartOf":{"@id":"https:\/\/skaitytaknyga.lt\/#website"},"primaryImageOfPage":{"@id":"https:\/\/skaitytaknyga.lt\/produktas\/iliustruota-antrojo-pasaulinio-karo-istorija\/#primaryimage"},"image":{"@id":"https:\/\/skaitytaknyga.lt\/produktas\/iliustruota-antrojo-pasaulinio-karo-istorija\/#primaryimage"},"thumbnailUrl":"https:\/\/skaitytaknyga.lt\/wp-content\/uploads\/2025\/01\/Iliustruota-Antrojo-pasaulinio-karo-istorija.webp","datePublished":"2025-01-30T16:02:59+00:00","dateModified":"2026-03-18T12:55:47+00:00","description":"Antrasis pasaulinis karas teb\u0117ra did\u017eiausias karinis konfliktas pasaulio istorijoje. Truk\u0119s ilgiau kaip \u0161e\u0161erius metus, jis \u012ftrauk\u0117 penki\u0173 \u017eemyn\u0173","breadcrumb":{"@id":"https:\/\/skaitytaknyga.lt\/produktas\/iliustruota-antrojo-pasaulinio-karo-istorija\/#breadcrumb"},"inLanguage":"en-GB","potentialAction":[{"@type":"ReadAction","target":["https:\/\/skaitytaknyga.lt\/produktas\/iliustruota-antrojo-pasaulinio-karo-istorija\/"]}]},{"@type":"ImageObject","inLanguage":"en-GB","@id":"https:\/\/skaitytaknyga.lt\/produktas\/iliustruota-antrojo-pasaulinio-karo-istorija\/#primaryimage","url":"https:\/\/skaitytaknyga.lt\/wp-content\/uploads\/2025\/01\/Iliustruota-Antrojo-pasaulinio-karo-istorija.webp","contentUrl":"https:\/\/skaitytaknyga.lt\/wp-content\/uploads\/2025\/01\/Iliustruota-Antrojo-pasaulinio-karo-istorija.webp","width":433,"height":580,"caption":"Iliustruota Antrojo pasaulinio karo istorija"},{"@type":"BreadcrumbList","@id":"https:\/\/skaitytaknyga.lt\/produktas\/iliustruota-antrojo-pasaulinio-karo-istorija\/#breadcrumb","itemListElement":[{"@type":"ListItem","position":1,"name":"Home","item":"https:\/\/skaitytaknyga.lt\/"},{"@type":"ListItem","position":2,"name":"Parduotuv\u0117","item":"https:\/\/skaitytaknyga.lt\/knygu-parduotuve\/"},{"@type":"ListItem","position":3,"name":"Iliustruota Antrojo pasaulinio karo istorija"}]},{"@type":"WebSite","@id":"https:\/\/skaitytaknyga.lt\/#website","url":"https:\/\/skaitytaknyga.lt\/","name":"skaitytaknyga.lt","description":"Skaitytaknyga.lt \u2013 tai ma\u017eas \u0161eimos verslas, kuris prasid\u0117jo nuo meil\u0117s knygoms ir siekio i\u0161gelb\u0117ti knygas nuo likimo prie konteinerio. Kas vienam nereikalingas daiktas \u2013 kitam lobis, o mes esame tarpininkai, kurie padeda abiems tapti laimingesniems ???? \u017dinome kaip nelengva i\u0161gyventi ma\u017eiems verslams, tad nuo \u0161iol, \u010dia rasite ir kit\u0173, ma\u017e\u0173 \u0161eim\u0173 versl\u0173, rank\u0173 darbo, dovan\u0173 sau ir artimiesiems.","publisher":{"@id":"https:\/\/skaitytaknyga.lt\/#organization"},"potentialAction":[{"@type":"SearchAction","target":{"@type":"EntryPoint","urlTemplate":"https:\/\/skaitytaknyga.lt\/?s={search_term_string}"},"query-input":{"@type":"PropertyValueSpecification","valueRequired":true,"valueName":"search_term_string"}}],"inLanguage":"en-GB"},{"@type":"Organization","@id":"https:\/\/skaitytaknyga.lt\/#organization","name":"skaitytaknyga.lt","url":"https:\/\/skaitytaknyga.lt\/","logo":{"@type":"ImageObject","inLanguage":"en-GB","@id":"https:\/\/skaitytaknyga.lt\/#\/schema\/logo\/image\/","url":"https:\/\/skaitytaknyga.lt\/wp-content\/uploads\/2024\/05\/cropped-cropped-cropped-02_00843_jt3bggkj1j3HLc7SyY6rEUpg.jpeg","contentUrl":"https:\/\/skaitytaknyga.lt\/wp-content\/uploads\/2024\/05\/cropped-cropped-cropped-02_00843_jt3bggkj1j3HLc7SyY6rEUpg.jpeg","width":1600,"height":1600,"caption":"skaitytaknyga.lt"},"image":{"@id":"https:\/\/skaitytaknyga.lt\/#\/schema\/logo\/image\/"},"sameAs":["https:\/\/www.facebook.com\/skaitytaknyga\/"]}]}},"_links":{"self":[{"href":"https:\/\/skaitytaknyga.lt\/en\/wp-json\/wp\/v2\/product\/16341","targetHints":{"allow":["GET"]}}],"collection":[{"href":"https:\/\/skaitytaknyga.lt\/en\/wp-json\/wp\/v2\/product"}],"about":[{"href":"https:\/\/skaitytaknyga.lt\/en\/wp-json\/wp\/v2\/types\/product"}],"replies":[{"embeddable":true,"href":"https:\/\/skaitytaknyga.lt\/en\/wp-json\/wp\/v2\/comments?post=16341"}],"wp:featuredmedia":[{"embeddable":true,"href":"https:\/\/skaitytaknyga.lt\/en\/wp-json\/wp\/v2\/media\/16342"}],"wp:attachment":[{"href":"https:\/\/skaitytaknyga.lt\/en\/wp-json\/wp\/v2\/media?parent=16341"}],"wp:term":[{"taxonomy":"product_brand","embeddable":true,"href":"https:\/\/skaitytaknyga.lt\/en\/wp-json\/wp\/v2\/product_brand?post=16341"},{"taxonomy":"product_cat","embeddable":true,"href":"https:\/\/skaitytaknyga.lt\/en\/wp-json\/wp\/v2\/product_cat?post=16341"},{"taxonomy":"product_tag","embeddable":true,"href":"https:\/\/skaitytaknyga.lt\/en\/wp-json\/wp\/v2\/product_tag?post=16341"}],"curies":[{"name":"wp","href":"https:\/\/api.w.org\/{rel}","templated":true}]}}