{"id":16148,"date":"2025-01-25T16:52:41","date_gmt":"2025-01-25T14:52:41","guid":{"rendered":"https:\/\/skaitytaknyga.lt\/?post_type=product&#038;p=16148"},"modified":"2026-03-05T13:41:45","modified_gmt":"2026-03-05T11:41:45","slug":"melynasis-menulis-ciklo-nemirtingieji-2-oji-knyga","status":"publish","type":"product","link":"https:\/\/skaitytaknyga.lt\/en\/produktas\/melynasis-menulis-ciklo-nemirtingieji-2-oji-knyga\/","title":{"rendered":"M\u0117lynasis m\u0117nulis. Ciklo Nemirtingieji 2-oji knyga"},"content":{"rendered":"<p><strong>Alyson No\u00ebl \u201eNemirting\u0173j\u0173&#8221; serijos knygos &#8211; \u012fdomios, nuostabios, kerin\u010dios ir u\u017eburian\u010dios.<\/strong><\/p>\n<p>Ev\u0117 pama\u017eu apsipranta su savo nemirtingumo galiomis ir vedama Deimeno vis geriau pa\u017e\u012fsta paslapting\u0105, viliojant\u012f jo pasaul\u012f. Staiga Deimenas neatpa\u017e\u012fstamai pasikei\u010dia. Ev\u0117s nemirtingumo galios did\u0117ja, o Deimeno silpsta. Vaikinas suserga keista liga, kuri bl\u0117sina jo atmint\u012f, siurbia gyvyb\u0117s syvus ir gresia mirtimi.<\/p>\n<p>Trok\u0161dama i\u0161gelb\u0117ti Deimen\u0105, Ev\u0117 nukeliauja \u012f Samerland\u0105, \u012f dimensij\u0105 tarp dimensij\u0173. \u010cia, \u0161ventykloje, ji su\u017eino ne tik mylimojo praeities paslaptis &#8211; tragi\u0161k\u0105 ir \u0161iurpi\u0105 istorij\u0105, kuri\u0105 Deimenas sl\u0117p\u0117, &#8211; bet ir perskaito kronikas, kuriose sukaupta visatos i\u0161mintis. Su\u017eino apie m\u0117lyn\u0105j\u012f m\u0117nul\u012f &#8211; vienintel\u0119 galimyb\u0119 pakeisti praeit\u012f. Evei tenka rinktis &#8211; arba gr\u012f\u017eti laike ir i\u0161gelb\u0117ti artim\u0173j\u0173 gyvybes, kurias nusine\u0161\u0117 nelaimingas atsitikimas, arba likti dabartyje ir i\u0161pl\u0117\u0161ti i\u0161 mirties nag\u0173 Deimen\u0105&#8230;<\/p>\n<ul class=\"about-product d-none d-xl-block mt-4\">\n<li><strong>Autorius:<\/strong>\u00a0Alyson Noel<\/li>\n<li><strong>Leid\u0117jas:<\/strong>\u00a0Alma littera<\/li>\n<li><strong>Metai:<\/strong>\u00a02010<\/li>\n<li><strong>Puslapiai:<\/strong>\u00a0304<\/li>\n<li class=\"toggleable type-new-formats \"><strong>ISBN:<\/strong>\u00a09789955388265<\/li>\n<li><strong>Versijos kodas:<\/strong>\u00a0PT.<\/li>\n<li class=\"toggleable type-new-formats \"><strong>Formatas:<\/strong>\u00a014,7 x 22 cm, kieti vir\u0161eliai<\/li>\n<li><strong>Kalba:<\/strong>\u00a0Lietuvi\u0173<\/li>\n<li><strong>Vert\u0117jas:<\/strong>\u00a0Au\u0161ra Kaziukonien\u0117<\/li>\n<\/ul>\n","protected":false},"excerpt":{"rendered":"<p>Alyson No\u00ebl \u201eNemirting\u0173j\u0173&#8221; serijos knygos &#8211; \u012fdomios, nuostabios, kerin\u010dios ir u\u017eburian\u010dios. Ev\u0117 pama\u017eu apsipranta su savo nemirtingumo galiomis ir vedama Deimeno vis geriau pa\u017e\u012fsta paslapting\u0105, viliojant\u012f jo pasaul\u012f. Staiga Deimenas neatpa\u017e\u012fstamai pasikei\u010dia. Ev\u0117s nemirtingumo galios did\u0117ja, o Deimeno silpsta. Vaikinas suserga keista liga, kuri bl\u0117sina jo atmint\u012f, siurbia gyvyb\u0117s syvus ir gresia mirtimi. Trok\u0161dama i\u0161gelb\u0117ti Deimen\u0105, Ev\u0117 nukeliauja \u012f Samerland\u0105, \u012f dimensij\u0105 tarp dimensij\u0173. \u010cia, \u0161ventykloje, ji su\u017eino ne tik mylimojo praeities paslaptis &#8211; tragi\u0161k\u0105 ir \u0161iurpi\u0105 istorij\u0105, kuri\u0105 Deimenas sl\u0117p\u0117, &#8211; bet ir perskaito kronikas, kuriose sukaupta visatos i\u0161mintis. Su\u017eino apie m\u0117lyn\u0105j\u012f m\u0117nul\u012f &#8211; vienintel\u0119 galimyb\u0119 pakeisti praeit\u012f. Evei tenka rinktis &#8211; arba gr\u012f\u017eti laike ir i\u0161gelb\u0117ti artim\u0173j\u0173 gyvybes, kurias nusine\u0161\u0117 nelaimingas atsitikimas, arba likti dabartyje ir i\u0161pl\u0117\u0161ti i\u0161 mirties nag\u0173 Deimen\u0105&#8230; Autorius:\u00a0Alyson Noel Leid\u0117jas:\u00a0Alma littera Metai:\u00a02010 Puslapiai:\u00a0304 ISBN:\u00a09789955388265 Versijos kodas:\u00a0PT. Formatas:\u00a014,7 x 22 cm, kieti vir\u0161eliai Kalba:\u00a0Lietuvi\u0173 Vert\u0117jas:\u00a0Au\u0161ra Kaziukonien\u0117<\/p>\n","protected":false},"featured_media":16150,"comment_status":"closed","ping_status":"closed","template":"","meta":{"_acf_changed":false,"site-sidebar-layout":"default","site-content-layout":"","ast-site-content-layout":"default","site-content-style":"default","site-sidebar-style":"default","ast-global-header-display":"","ast-banner-title-visibility":"","ast-main-header-display":"","ast-hfb-above-header-display":"","ast-hfb-below-header-display":"","ast-hfb-mobile-header-display":"","site-post-title":"","ast-breadcrumbs-content":"","ast-featured-img":"","footer-sml-layout":"","ast-disable-related-posts":"","theme-transparent-header-meta":"default","adv-header-id-meta":"","stick-header-meta":"","header-above-stick-meta":"","header-main-stick-meta":"","header-below-stick-meta":"","astra-migrate-meta-layouts":"set","ast-page-background-enabled":"default","ast-page-background-meta":{"desktop":{"background-color":"","background-image":"","background-repeat":"repeat","background-position":"center center","background-size":"auto","background-attachment":"scroll","background-type":"","background-media":"","overlay-type":"","overlay-color":"","overlay-opacity":"","overlay-gradient":""},"tablet":{"background-color":"","background-image":"","background-repeat":"repeat","background-position":"center center","background-size":"auto","background-attachment":"scroll","background-type":"","background-media":"","overlay-type":"","overlay-color":"","overlay-opacity":"","overlay-gradient":""},"mobile":{"background-color":"","background-image":"","background-repeat":"repeat","background-position":"center center","background-size":"auto","background-attachment":"scroll","background-type":"","background-media":"","overlay-type":"","overlay-color":"","overlay-opacity":"","overlay-gradient":""}},"ast-content-background-meta":{"desktop":{"background-color":"var(--ast-global-color-4)","background-image":"","background-repeat":"repeat","background-position":"center center","background-size":"auto","background-attachment":"scroll","background-type":"","background-media":"","overlay-type":"","overlay-color":"","overlay-opacity":"","overlay-gradient":""},"tablet":{"background-color":"var(--ast-global-color-4)","background-image":"","background-repeat":"repeat","background-position":"center center","background-size":"auto","background-attachment":"scroll","background-type":"","background-media":"","overlay-type":"","overlay-color":"","overlay-opacity":"","overlay-gradient":""},"mobile":{"background-color":"var(--ast-global-color-4)","background-image":"","background-repeat":"repeat","background-position":"center center","background-size":"auto","background-attachment":"scroll","background-type":"","background-media":"","overlay-type":"","overlay-color":"","overlay-opacity":"","overlay-gradient":""}}},"product_brand":[],"product_cat":[35],"product_tag":[2473,2520,2521,2519,1796,2474,2476],"class_list":{"0":"post-16148","1":"product","2":"type-product","3":"status-publish","4":"has-post-thumbnail","6":"product_cat-vaikams-ir-paaugliams","7":"product_tag-alyson-noel","8":"product_tag-antgamtiniai-sugebejimai","9":"product_tag-antroji-dalis","10":"product_tag-jaunimo-fantastika","11":"product_tag-meile","12":"product_tag-nemirtingieji","13":"product_tag-paaugliu-literatura","14":"desktop-align-left","15":"tablet-align-left","16":"mobile-align-left","18":"first","19":"instock","20":"shipping-taxable","21":"purchasable","22":"product-type-simple"},"acf":[],"yoast_head":"<!-- This site is optimized with the Yoast SEO plugin v27.4 - https:\/\/yoast.com\/product\/yoast-seo-wordpress\/ -->\n<title>M\u0117lynasis m\u0117nulis. Ciklo Nemirtingieji 2-oji knyga<\/title>\n<meta name=\"description\" content=\"Alyson No\u00ebl \u201eNemirting\u0173j\u0173&quot; serijos knygos - \u012fdomios, nuostabios, kerin\u010dios ir u\u017eburian\u010dios. Ev\u0117 pama\u017eu apsipranta su savo nemirtingumo galiomis ir vedama\" \/>\n<meta name=\"robots\" content=\"index, follow, max-snippet:-1, max-image-preview:large, max-video-preview:-1\" \/>\n<link rel=\"canonical\" href=\"https:\/\/skaitytaknyga.lt\/en\/produktas\/melynasis-menulis-ciklo-nemirtingieji-2-oji-knyga\/\" \/>\n<meta property=\"og:locale\" content=\"en_GB\" \/>\n<meta property=\"og:locale:alternate\" content=\"lt_LT\" \/>\n<meta property=\"og:type\" content=\"article\" \/>\n<meta property=\"og:title\" content=\"M\u0117lynasis m\u0117nulis. Ciklo Nemirtingieji 2-oji knyga\" \/>\n<meta property=\"og:description\" content=\"Alyson No\u00ebl \u201eNemirting\u0173j\u0173&quot; serijos knygos - \u012fdomios, nuostabios, kerin\u010dios ir u\u017eburian\u010dios. Ev\u0117 pama\u017eu apsipranta su savo nemirtingumo galiomis ir vedama\" \/>\n<meta property=\"og:url\" content=\"https:\/\/skaitytaknyga.lt\/en\/produktas\/melynasis-menulis-ciklo-nemirtingieji-2-oji-knyga\/\" \/>\n<meta property=\"og:site_name\" content=\"Skaitytaknyga\" \/>\n<meta property=\"article:publisher\" content=\"https:\/\/www.facebook.com\/skaitytaknyga\/\" \/>\n<meta property=\"article:modified_time\" content=\"2026-03-05T11:41:45+00:00\" \/>\n<meta property=\"og:image\" content=\"https:\/\/skaitytaknyga.lt\/wp-content\/uploads\/2025\/01\/Melynasis-menulis.-Ciklo-Nemirtingieji-2-oji-knyga.webp\" \/>\n\t<meta property=\"og:image:width\" content=\"287\" \/>\n\t<meta property=\"og:image:height\" content=\"430\" \/>\n\t<meta property=\"og:image:type\" content=\"image\/webp\" \/>\n<meta name=\"twitter:card\" content=\"summary_large_image\" \/>\n<meta name=\"twitter:label1\" content=\"Estimated reading time\" \/>\n\t<meta name=\"twitter:data1\" content=\"1 minute\" \/>\n<script type=\"application\/ld+json\" class=\"yoast-schema-graph\">{\"@context\":\"https:\\\/\\\/schema.org\",\"@graph\":[{\"@type\":\"WebPage\",\"@id\":\"https:\\\/\\\/skaitytaknyga.lt\\\/produktas\\\/melynasis-menulis-ciklo-nemirtingieji-2-oji-knyga\\\/\",\"url\":\"https:\\\/\\\/skaitytaknyga.lt\\\/produktas\\\/melynasis-menulis-ciklo-nemirtingieji-2-oji-knyga\\\/\",\"name\":\"M\u0117lynasis m\u0117nulis. Ciklo Nemirtingieji 2-oji knyga\",\"isPartOf\":{\"@id\":\"https:\\\/\\\/skaitytaknyga.lt\\\/#website\"},\"primaryImageOfPage\":{\"@id\":\"https:\\\/\\\/skaitytaknyga.lt\\\/produktas\\\/melynasis-menulis-ciklo-nemirtingieji-2-oji-knyga\\\/#primaryimage\"},\"image\":{\"@id\":\"https:\\\/\\\/skaitytaknyga.lt\\\/produktas\\\/melynasis-menulis-ciklo-nemirtingieji-2-oji-knyga\\\/#primaryimage\"},\"thumbnailUrl\":\"https:\\\/\\\/skaitytaknyga.lt\\\/wp-content\\\/uploads\\\/2025\\\/01\\\/Melynasis-menulis.-Ciklo-Nemirtingieji-2-oji-knyga.webp\",\"datePublished\":\"2025-01-25T14:52:41+00:00\",\"dateModified\":\"2026-03-05T11:41:45+00:00\",\"description\":\"Alyson No\u00ebl \u201eNemirting\u0173j\u0173\\\" serijos knygos - \u012fdomios, nuostabios, kerin\u010dios ir u\u017eburian\u010dios. Ev\u0117 pama\u017eu apsipranta su savo nemirtingumo galiomis ir vedama\",\"breadcrumb\":{\"@id\":\"https:\\\/\\\/skaitytaknyga.lt\\\/produktas\\\/melynasis-menulis-ciklo-nemirtingieji-2-oji-knyga\\\/#breadcrumb\"},\"inLanguage\":\"en-GB\",\"potentialAction\":[{\"@type\":\"ReadAction\",\"target\":[\"https:\\\/\\\/skaitytaknyga.lt\\\/produktas\\\/melynasis-menulis-ciklo-nemirtingieji-2-oji-knyga\\\/\"]}]},{\"@type\":\"ImageObject\",\"inLanguage\":\"en-GB\",\"@id\":\"https:\\\/\\\/skaitytaknyga.lt\\\/produktas\\\/melynasis-menulis-ciklo-nemirtingieji-2-oji-knyga\\\/#primaryimage\",\"url\":\"https:\\\/\\\/skaitytaknyga.lt\\\/wp-content\\\/uploads\\\/2025\\\/01\\\/Melynasis-menulis.-Ciklo-Nemirtingieji-2-oji-knyga.webp\",\"contentUrl\":\"https:\\\/\\\/skaitytaknyga.lt\\\/wp-content\\\/uploads\\\/2025\\\/01\\\/Melynasis-menulis.-Ciklo-Nemirtingieji-2-oji-knyga.webp\",\"width\":287,\"height\":430,\"caption\":\"M\u0117lynasis m\u0117nulis. Ciklo Nemirtingieji 2-oji knyga\"},{\"@type\":\"BreadcrumbList\",\"@id\":\"https:\\\/\\\/skaitytaknyga.lt\\\/produktas\\\/melynasis-menulis-ciklo-nemirtingieji-2-oji-knyga\\\/#breadcrumb\",\"itemListElement\":[{\"@type\":\"ListItem\",\"position\":1,\"name\":\"Home\",\"item\":\"https:\\\/\\\/skaitytaknyga.lt\\\/\"},{\"@type\":\"ListItem\",\"position\":2,\"name\":\"Parduotuv\u0117\",\"item\":\"https:\\\/\\\/skaitytaknyga.lt\\\/knygu-parduotuve\\\/\"},{\"@type\":\"ListItem\",\"position\":3,\"name\":\"M\u0117lynasis m\u0117nulis. Ciklo Nemirtingieji 2-oji knyga\"}]},{\"@type\":\"WebSite\",\"@id\":\"https:\\\/\\\/skaitytaknyga.lt\\\/#website\",\"url\":\"https:\\\/\\\/skaitytaknyga.lt\\\/\",\"name\":\"skaitytaknyga.lt\",\"description\":\"Skaitytaknyga.lt \u2013 tai ma\u017eas \u0161eimos verslas, kuris prasid\u0117jo nuo meil\u0117s knygoms ir siekio i\u0161gelb\u0117ti knygas nuo likimo prie konteinerio. Kas vienam nereikalingas daiktas \u2013 kitam lobis, o mes esame tarpininkai, kurie padeda abiems tapti laimingesniems ???? \u017dinome kaip nelengva i\u0161gyventi ma\u017eiems verslams, tad nuo \u0161iol, \u010dia rasite ir kit\u0173, ma\u017e\u0173 \u0161eim\u0173 versl\u0173, rank\u0173 darbo, dovan\u0173 sau ir artimiesiems.\",\"publisher\":{\"@id\":\"https:\\\/\\\/skaitytaknyga.lt\\\/#organization\"},\"potentialAction\":[{\"@type\":\"SearchAction\",\"target\":{\"@type\":\"EntryPoint\",\"urlTemplate\":\"https:\\\/\\\/skaitytaknyga.lt\\\/?s={search_term_string}\"},\"query-input\":{\"@type\":\"PropertyValueSpecification\",\"valueRequired\":true,\"valueName\":\"search_term_string\"}}],\"inLanguage\":\"en-GB\"},{\"@type\":\"Organization\",\"@id\":\"https:\\\/\\\/skaitytaknyga.lt\\\/#organization\",\"name\":\"skaitytaknyga.lt\",\"url\":\"https:\\\/\\\/skaitytaknyga.lt\\\/\",\"logo\":{\"@type\":\"ImageObject\",\"inLanguage\":\"en-GB\",\"@id\":\"https:\\\/\\\/skaitytaknyga.lt\\\/#\\\/schema\\\/logo\\\/image\\\/\",\"url\":\"https:\\\/\\\/skaitytaknyga.lt\\\/wp-content\\\/uploads\\\/2024\\\/05\\\/cropped-cropped-cropped-02_00843_jt3bggkj1j3HLc7SyY6rEUpg.jpeg\",\"contentUrl\":\"https:\\\/\\\/skaitytaknyga.lt\\\/wp-content\\\/uploads\\\/2024\\\/05\\\/cropped-cropped-cropped-02_00843_jt3bggkj1j3HLc7SyY6rEUpg.jpeg\",\"width\":1600,\"height\":1600,\"caption\":\"skaitytaknyga.lt\"},\"image\":{\"@id\":\"https:\\\/\\\/skaitytaknyga.lt\\\/#\\\/schema\\\/logo\\\/image\\\/\"},\"sameAs\":[\"https:\\\/\\\/www.facebook.com\\\/skaitytaknyga\\\/\"]}]}<\/script>\n<!-- \/ Yoast SEO plugin. -->","yoast_head_json":{"title":"M\u0117lynasis m\u0117nulis. Ciklo Nemirtingieji 2-oji knyga","description":"Alyson No\u00ebl \u201eNemirting\u0173j\u0173\" serijos knygos - \u012fdomios, nuostabios, kerin\u010dios ir u\u017eburian\u010dios. Ev\u0117 pama\u017eu apsipranta su savo nemirtingumo galiomis ir vedama","robots":{"index":"index","follow":"follow","max-snippet":"max-snippet:-1","max-image-preview":"max-image-preview:large","max-video-preview":"max-video-preview:-1"},"canonical":"https:\/\/skaitytaknyga.lt\/en\/produktas\/melynasis-menulis-ciklo-nemirtingieji-2-oji-knyga\/","og_locale":"en_GB","og_type":"article","og_title":"[:lt]M\u0117lynasis m\u0117nulis. Ciklo Nemirtingieji 2-oji knyga[:] - Skaitytaknyga","og_description":"Alyson No\u00ebl \u201eNemirting\u0173j\u0173\" serijos knygos - \u012fdomios, nuostabios, kerin\u010dios ir u\u017eburian\u010dios. Ev\u0117 pama\u017eu apsipranta su savo nemirtingumo galiomis ir vedama","og_url":"https:\/\/skaitytaknyga.lt\/en\/produktas\/melynasis-menulis-ciklo-nemirtingieji-2-oji-knyga\/","og_site_name":"Skaitytaknyga","article_publisher":"https:\/\/www.facebook.com\/skaitytaknyga\/","article_modified_time":"2026-03-05T11:41:45+00:00","og_image":[{"width":287,"height":430,"url":"https:\/\/skaitytaknyga.lt\/wp-content\/uploads\/2025\/01\/Melynasis-menulis.-Ciklo-Nemirtingieji-2-oji-knyga.webp","type":"image\/webp"}],"twitter_card":"summary_large_image","twitter_misc":{"Estimated reading time":"1 minute"},"schema":{"@context":"https:\/\/schema.org","@graph":[{"@type":"WebPage","@id":"https:\/\/skaitytaknyga.lt\/produktas\/melynasis-menulis-ciklo-nemirtingieji-2-oji-knyga\/","url":"https:\/\/skaitytaknyga.lt\/produktas\/melynasis-menulis-ciklo-nemirtingieji-2-oji-knyga\/","name":"M\u0117lynasis m\u0117nulis. Ciklo Nemirtingieji 2-oji knyga","isPartOf":{"@id":"https:\/\/skaitytaknyga.lt\/#website"},"primaryImageOfPage":{"@id":"https:\/\/skaitytaknyga.lt\/produktas\/melynasis-menulis-ciklo-nemirtingieji-2-oji-knyga\/#primaryimage"},"image":{"@id":"https:\/\/skaitytaknyga.lt\/produktas\/melynasis-menulis-ciklo-nemirtingieji-2-oji-knyga\/#primaryimage"},"thumbnailUrl":"https:\/\/skaitytaknyga.lt\/wp-content\/uploads\/2025\/01\/Melynasis-menulis.-Ciklo-Nemirtingieji-2-oji-knyga.webp","datePublished":"2025-01-25T14:52:41+00:00","dateModified":"2026-03-05T11:41:45+00:00","description":"Alyson No\u00ebl \u201eNemirting\u0173j\u0173\" serijos knygos - \u012fdomios, nuostabios, kerin\u010dios ir u\u017eburian\u010dios. Ev\u0117 pama\u017eu apsipranta su savo nemirtingumo galiomis ir vedama","breadcrumb":{"@id":"https:\/\/skaitytaknyga.lt\/produktas\/melynasis-menulis-ciklo-nemirtingieji-2-oji-knyga\/#breadcrumb"},"inLanguage":"en-GB","potentialAction":[{"@type":"ReadAction","target":["https:\/\/skaitytaknyga.lt\/produktas\/melynasis-menulis-ciklo-nemirtingieji-2-oji-knyga\/"]}]},{"@type":"ImageObject","inLanguage":"en-GB","@id":"https:\/\/skaitytaknyga.lt\/produktas\/melynasis-menulis-ciklo-nemirtingieji-2-oji-knyga\/#primaryimage","url":"https:\/\/skaitytaknyga.lt\/wp-content\/uploads\/2025\/01\/Melynasis-menulis.-Ciklo-Nemirtingieji-2-oji-knyga.webp","contentUrl":"https:\/\/skaitytaknyga.lt\/wp-content\/uploads\/2025\/01\/Melynasis-menulis.-Ciklo-Nemirtingieji-2-oji-knyga.webp","width":287,"height":430,"caption":"M\u0117lynasis m\u0117nulis. Ciklo Nemirtingieji 2-oji knyga"},{"@type":"BreadcrumbList","@id":"https:\/\/skaitytaknyga.lt\/produktas\/melynasis-menulis-ciklo-nemirtingieji-2-oji-knyga\/#breadcrumb","itemListElement":[{"@type":"ListItem","position":1,"name":"Home","item":"https:\/\/skaitytaknyga.lt\/"},{"@type":"ListItem","position":2,"name":"Parduotuv\u0117","item":"https:\/\/skaitytaknyga.lt\/knygu-parduotuve\/"},{"@type":"ListItem","position":3,"name":"M\u0117lynasis m\u0117nulis. Ciklo Nemirtingieji 2-oji knyga"}]},{"@type":"WebSite","@id":"https:\/\/skaitytaknyga.lt\/#website","url":"https:\/\/skaitytaknyga.lt\/","name":"skaitytaknyga.lt","description":"Skaitytaknyga.lt \u2013 tai ma\u017eas \u0161eimos verslas, kuris prasid\u0117jo nuo meil\u0117s knygoms ir siekio i\u0161gelb\u0117ti knygas nuo likimo prie konteinerio. Kas vienam nereikalingas daiktas \u2013 kitam lobis, o mes esame tarpininkai, kurie padeda abiems tapti laimingesniems ???? \u017dinome kaip nelengva i\u0161gyventi ma\u017eiems verslams, tad nuo \u0161iol, \u010dia rasite ir kit\u0173, ma\u017e\u0173 \u0161eim\u0173 versl\u0173, rank\u0173 darbo, dovan\u0173 sau ir artimiesiems.","publisher":{"@id":"https:\/\/skaitytaknyga.lt\/#organization"},"potentialAction":[{"@type":"SearchAction","target":{"@type":"EntryPoint","urlTemplate":"https:\/\/skaitytaknyga.lt\/?s={search_term_string}"},"query-input":{"@type":"PropertyValueSpecification","valueRequired":true,"valueName":"search_term_string"}}],"inLanguage":"en-GB"},{"@type":"Organization","@id":"https:\/\/skaitytaknyga.lt\/#organization","name":"skaitytaknyga.lt","url":"https:\/\/skaitytaknyga.lt\/","logo":{"@type":"ImageObject","inLanguage":"en-GB","@id":"https:\/\/skaitytaknyga.lt\/#\/schema\/logo\/image\/","url":"https:\/\/skaitytaknyga.lt\/wp-content\/uploads\/2024\/05\/cropped-cropped-cropped-02_00843_jt3bggkj1j3HLc7SyY6rEUpg.jpeg","contentUrl":"https:\/\/skaitytaknyga.lt\/wp-content\/uploads\/2024\/05\/cropped-cropped-cropped-02_00843_jt3bggkj1j3HLc7SyY6rEUpg.jpeg","width":1600,"height":1600,"caption":"skaitytaknyga.lt"},"image":{"@id":"https:\/\/skaitytaknyga.lt\/#\/schema\/logo\/image\/"},"sameAs":["https:\/\/www.facebook.com\/skaitytaknyga\/"]}]}},"_links":{"self":[{"href":"https:\/\/skaitytaknyga.lt\/en\/wp-json\/wp\/v2\/product\/16148","targetHints":{"allow":["GET"]}}],"collection":[{"href":"https:\/\/skaitytaknyga.lt\/en\/wp-json\/wp\/v2\/product"}],"about":[{"href":"https:\/\/skaitytaknyga.lt\/en\/wp-json\/wp\/v2\/types\/product"}],"replies":[{"embeddable":true,"href":"https:\/\/skaitytaknyga.lt\/en\/wp-json\/wp\/v2\/comments?post=16148"}],"wp:featuredmedia":[{"embeddable":true,"href":"https:\/\/skaitytaknyga.lt\/en\/wp-json\/wp\/v2\/media\/16150"}],"wp:attachment":[{"href":"https:\/\/skaitytaknyga.lt\/en\/wp-json\/wp\/v2\/media?parent=16148"}],"wp:term":[{"taxonomy":"product_brand","embeddable":true,"href":"https:\/\/skaitytaknyga.lt\/en\/wp-json\/wp\/v2\/product_brand?post=16148"},{"taxonomy":"product_cat","embeddable":true,"href":"https:\/\/skaitytaknyga.lt\/en\/wp-json\/wp\/v2\/product_cat?post=16148"},{"taxonomy":"product_tag","embeddable":true,"href":"https:\/\/skaitytaknyga.lt\/en\/wp-json\/wp\/v2\/product_tag?post=16148"}],"curies":[{"name":"wp","href":"https:\/\/api.w.org\/{rel}","templated":true}]}}