{"id":16146,"date":"2025-01-25T16:51:39","date_gmt":"2025-01-25T14:51:39","guid":{"rendered":"https:\/\/skaitytaknyga.lt\/?post_type=product&#038;p=16146"},"modified":"2026-03-05T13:42:48","modified_gmt":"2026-03-05T11:42:48","slug":"prieblandos-salis-ciklo-nemirtingieji-3-ioji-knyga","status":"publish","type":"product","link":"https:\/\/skaitytaknyga.lt\/en\/produktas\/prieblandos-salis-ciklo-nemirtingieji-3-ioji-knyga\/","title":{"rendered":"Prieblandos \u0161alis. Ciklo \u201eNemirtingieji\u201c 3-ioji knyga"},"content":{"rendered":"<p>Ji niekada neabejojo, kad jis yra jos likimas, &#8211; bet kas, jeigu likimas suman\u0117 kitaip?<br \/>\nPuoliau gelb\u0117ti Deimeno, maldavau nepasiduoti, kol j\u012f i\u0161laisvinsiu. Bet Deimenas man\u0119s negird\u0117jo. Ir nemat\u0117. Jis gr\u016bm\u0117si iki i\u0161sekimo, kol prarado paskutines j\u0117gas, paskui u\u017esimerk\u0117 ir nugrimzdo tiesiai \u012f praraj\u0105.<br \/>\n\u012e Prieblandos \u0161al\u012f.<br \/>\n\u012e prarast\u0173 siel\u0173 buvein\u0119.<\/p>\n<p>Romano\u00a0<em>M\u0117lynasis m\u0117nulis<\/em>\u00a0t\u0119sinys. Ev\u0117 prisipa\u017e\u012fsta Deimenui, kad pakliuvo \u012f Romano \u017eabangas, tod\u0117l jie niekada nebegal\u0117s b\u016bti artimi, netgi paliesti ar pabu\u010diuoti vienas kito. Ar Evei pavyks atitaisyti klaid\u0105 ir i\u0161gauti i\u0161 nemirtingo niek\u0161o Romano prie\u0161nuod\u012f? Kokie i\u0161m\u0117ginimai laukia Ev\u0117s ir Deimeno meil\u0117s? Ar ji sugeb\u0117s atsispirti gra\u017euolio banglentininko D\u017eudo \u017eavesiui?<\/p>\n<p>Autorius: Alyson Noel<br \/>\nLeid\u0117jas: Alma littera<br \/>\nMetai: 2011<br \/>\nPuslapiai: 344<br \/>\nISBN: 9789955389682<br \/>\nVersijos kodas: PT.<br \/>\nFormatas: 14,8 x 22 cm, kieti vir\u0161eliai<br \/>\nKalba: Lietuvi\u0173<br \/>\nVert\u0117jas: Au\u0161ra Kaziukonien\u0117<\/p>\n","protected":false},"excerpt":{"rendered":"<p>Ji niekada neabejojo, kad jis yra jos likimas, &#8211; bet kas, jeigu likimas suman\u0117 kitaip? Puoliau gelb\u0117ti Deimeno, maldavau nepasiduoti, kol j\u012f i\u0161laisvinsiu. Bet Deimenas man\u0119s negird\u0117jo. Ir nemat\u0117. Jis gr\u016bm\u0117si iki i\u0161sekimo, kol prarado paskutines j\u0117gas, paskui u\u017esimerk\u0117 ir nugrimzdo tiesiai \u012f praraj\u0105. \u012e Prieblandos \u0161al\u012f. \u012e prarast\u0173 siel\u0173 buvein\u0119. Romano\u00a0M\u0117lynasis m\u0117nulis\u00a0t\u0119sinys. Ev\u0117 prisipa\u017e\u012fsta Deimenui, kad pakliuvo \u012f Romano \u017eabangas, tod\u0117l jie niekada nebegal\u0117s b\u016bti artimi, netgi paliesti ar pabu\u010diuoti vienas kito. Ar Evei pavyks atitaisyti klaid\u0105 ir i\u0161gauti i\u0161 nemirtingo niek\u0161o Romano prie\u0161nuod\u012f? Kokie i\u0161m\u0117ginimai laukia Ev\u0117s ir Deimeno meil\u0117s? Ar ji sugeb\u0117s atsispirti gra\u017euolio banglentininko D\u017eudo \u017eavesiui? Autorius: Alyson Noel Leid\u0117jas: Alma littera Metai: 2011 Puslapiai: 344 ISBN: 9789955389682 Versijos kodas: PT. Formatas: 14,8 x 22 cm, kieti vir\u0161eliai Kalba: Lietuvi\u0173 Vert\u0117jas: Au\u0161ra Kaziukonien\u0117<\/p>\n","protected":false},"featured_media":16147,"comment_status":"closed","ping_status":"closed","template":"","meta":{"_acf_changed":false,"site-sidebar-layout":"default","site-content-layout":"","ast-site-content-layout":"default","site-content-style":"default","site-sidebar-style":"default","ast-global-header-display":"","ast-banner-title-visibility":"","ast-main-header-display":"","ast-hfb-above-header-display":"","ast-hfb-below-header-display":"","ast-hfb-mobile-header-display":"","site-post-title":"","ast-breadcrumbs-content":"","ast-featured-img":"","footer-sml-layout":"","ast-disable-related-posts":"","theme-transparent-header-meta":"default","adv-header-id-meta":"","stick-header-meta":"","header-above-stick-meta":"","header-main-stick-meta":"","header-below-stick-meta":"","astra-migrate-meta-layouts":"set","ast-page-background-enabled":"default","ast-page-background-meta":{"desktop":{"background-color":"","background-image":"","background-repeat":"repeat","background-position":"center center","background-size":"auto","background-attachment":"scroll","background-type":"","background-media":"","overlay-type":"","overlay-color":"","overlay-opacity":"","overlay-gradient":""},"tablet":{"background-color":"","background-image":"","background-repeat":"repeat","background-position":"center center","background-size":"auto","background-attachment":"scroll","background-type":"","background-media":"","overlay-type":"","overlay-color":"","overlay-opacity":"","overlay-gradient":""},"mobile":{"background-color":"","background-image":"","background-repeat":"repeat","background-position":"center center","background-size":"auto","background-attachment":"scroll","background-type":"","background-media":"","overlay-type":"","overlay-color":"","overlay-opacity":"","overlay-gradient":""}},"ast-content-background-meta":{"desktop":{"background-color":"var(--ast-global-color-4)","background-image":"","background-repeat":"repeat","background-position":"center center","background-size":"auto","background-attachment":"scroll","background-type":"","background-media":"","overlay-type":"","overlay-color":"","overlay-opacity":"","overlay-gradient":""},"tablet":{"background-color":"var(--ast-global-color-4)","background-image":"","background-repeat":"repeat","background-position":"center center","background-size":"auto","background-attachment":"scroll","background-type":"","background-media":"","overlay-type":"","overlay-color":"","overlay-opacity":"","overlay-gradient":""},"mobile":{"background-color":"var(--ast-global-color-4)","background-image":"","background-repeat":"repeat","background-position":"center center","background-size":"auto","background-attachment":"scroll","background-type":"","background-media":"","overlay-type":"","overlay-color":"","overlay-opacity":"","overlay-gradient":""}}},"product_brand":[],"product_cat":[35],"product_tag":[2473,1504,2489,1796,4939,4940],"class_list":{"0":"post-16146","1":"product","2":"type-product","3":"status-publish","4":"has-post-thumbnail","6":"product_cat-vaikams-ir-paaugliams","7":"product_tag-alyson-noel","8":"product_tag-fantastika","9":"product_tag-jaunimo-literatura","10":"product_tag-meile","11":"product_tag-nemirtingumas","12":"product_tag-paranormalu","13":"desktop-align-left","14":"tablet-align-left","15":"mobile-align-left","17":"first","18":"instock","19":"shipping-taxable","20":"purchasable","21":"product-type-simple"},"acf":[],"yoast_head":"<!-- This site is optimized with the Yoast SEO plugin v27.0 - https:\/\/yoast.com\/product\/yoast-seo-wordpress\/ -->\n<title>Prieblandos \u0161alis. Ciklo \u201eNemirtingieji\u201c 3-ioji knyga<\/title>\n<meta name=\"description\" content=\"Ji niekada neabejojo, kad jis yra jos likimas, - bet kas, jeigu likimas suman\u0117 kitaip? Puoliau gelb\u0117ti Deimeno, maldavau nepasiduoti, kol j\u012f i\u0161laisvinsiu.\" \/>\n<meta name=\"robots\" content=\"index, follow, max-snippet:-1, max-image-preview:large, max-video-preview:-1\" \/>\n<link rel=\"canonical\" href=\"https:\/\/skaitytaknyga.lt\/en\/produktas\/prieblandos-salis-ciklo-nemirtingieji-3-ioji-knyga\/\" \/>\n<meta property=\"og:locale\" content=\"en_GB\" \/>\n<meta property=\"og:locale:alternate\" content=\"lt_LT\" \/>\n<meta property=\"og:type\" content=\"article\" \/>\n<meta property=\"og:title\" content=\"Prieblandos \u0161alis. Ciklo \u201eNemirtingieji\u201c 3-ioji knyga\" \/>\n<meta property=\"og:description\" content=\"Ji niekada neabejojo, kad jis yra jos likimas, - bet kas, jeigu likimas suman\u0117 kitaip? Puoliau gelb\u0117ti Deimeno, maldavau nepasiduoti, kol j\u012f i\u0161laisvinsiu.\" \/>\n<meta property=\"og:url\" content=\"https:\/\/skaitytaknyga.lt\/en\/produktas\/prieblandos-salis-ciklo-nemirtingieji-3-ioji-knyga\/\" \/>\n<meta property=\"og:site_name\" content=\"Skaitytaknyga\" \/>\n<meta property=\"article:publisher\" content=\"https:\/\/www.facebook.com\/skaitytaknyga\/\" \/>\n<meta property=\"article:modified_time\" content=\"2026-03-05T11:42:48+00:00\" \/>\n<meta property=\"og:image\" content=\"https:\/\/skaitytaknyga.lt\/wp-content\/uploads\/2025\/01\/Prieblandos-salis.-Ciklo-\u201eNemirtingieji-3-ioji-knyga.webp\" \/>\n\t<meta property=\"og:image:width\" content=\"533\" \/>\n\t<meta property=\"og:image:height\" content=\"800\" \/>\n\t<meta property=\"og:image:type\" content=\"image\/webp\" \/>\n<meta name=\"twitter:card\" content=\"summary_large_image\" \/>\n<meta name=\"twitter:label1\" content=\"Estimated reading time\" \/>\n\t<meta name=\"twitter:data1\" content=\"1 minute\" \/>\n<script type=\"application\/ld+json\" class=\"yoast-schema-graph\">{\"@context\":\"https:\/\/schema.org\",\"@graph\":[{\"@type\":\"WebPage\",\"@id\":\"https:\/\/skaitytaknyga.lt\/produktas\/prieblandos-salis-ciklo-nemirtingieji-3-ioji-knyga\/\",\"url\":\"https:\/\/skaitytaknyga.lt\/produktas\/prieblandos-salis-ciklo-nemirtingieji-3-ioji-knyga\/\",\"name\":\"Prieblandos \u0161alis. Ciklo \u201eNemirtingieji\u201c 3-ioji knyga\",\"isPartOf\":{\"@id\":\"https:\/\/skaitytaknyga.lt\/#website\"},\"primaryImageOfPage\":{\"@id\":\"https:\/\/skaitytaknyga.lt\/produktas\/prieblandos-salis-ciklo-nemirtingieji-3-ioji-knyga\/#primaryimage\"},\"image\":{\"@id\":\"https:\/\/skaitytaknyga.lt\/produktas\/prieblandos-salis-ciklo-nemirtingieji-3-ioji-knyga\/#primaryimage\"},\"thumbnailUrl\":\"https:\/\/skaitytaknyga.lt\/wp-content\/uploads\/2025\/01\/Prieblandos-salis.-Ciklo-\u201eNemirtingieji-3-ioji-knyga.webp\",\"datePublished\":\"2025-01-25T14:51:39+00:00\",\"dateModified\":\"2026-03-05T11:42:48+00:00\",\"description\":\"Ji niekada neabejojo, kad jis yra jos likimas, - bet kas, jeigu likimas suman\u0117 kitaip? Puoliau gelb\u0117ti Deimeno, maldavau nepasiduoti, kol j\u012f i\u0161laisvinsiu.\",\"breadcrumb\":{\"@id\":\"https:\/\/skaitytaknyga.lt\/produktas\/prieblandos-salis-ciklo-nemirtingieji-3-ioji-knyga\/#breadcrumb\"},\"inLanguage\":\"en-GB\",\"potentialAction\":[{\"@type\":\"ReadAction\",\"target\":[\"https:\/\/skaitytaknyga.lt\/produktas\/prieblandos-salis-ciklo-nemirtingieji-3-ioji-knyga\/\"]}]},{\"@type\":\"ImageObject\",\"inLanguage\":\"en-GB\",\"@id\":\"https:\/\/skaitytaknyga.lt\/produktas\/prieblandos-salis-ciklo-nemirtingieji-3-ioji-knyga\/#primaryimage\",\"url\":\"https:\/\/skaitytaknyga.lt\/wp-content\/uploads\/2025\/01\/Prieblandos-salis.-Ciklo-\u201eNemirtingieji-3-ioji-knyga.webp\",\"contentUrl\":\"https:\/\/skaitytaknyga.lt\/wp-content\/uploads\/2025\/01\/Prieblandos-salis.-Ciklo-\u201eNemirtingieji-3-ioji-knyga.webp\",\"width\":533,\"height\":800,\"caption\":\"Prieblandos \u0161alis. Ciklo \u201eNemirtingieji\u201c 3-ioji knyga\"},{\"@type\":\"BreadcrumbList\",\"@id\":\"https:\/\/skaitytaknyga.lt\/produktas\/prieblandos-salis-ciklo-nemirtingieji-3-ioji-knyga\/#breadcrumb\",\"itemListElement\":[{\"@type\":\"ListItem\",\"position\":1,\"name\":\"Home\",\"item\":\"https:\/\/skaitytaknyga.lt\/\"},{\"@type\":\"ListItem\",\"position\":2,\"name\":\"Parduotuv\u0117\",\"item\":\"https:\/\/skaitytaknyga.lt\/knygu-parduotuve\/\"},{\"@type\":\"ListItem\",\"position\":3,\"name\":\"Prieblandos \u0161alis. Ciklo \u201eNemirtingieji\u201c 3-ioji knyga\"}]},{\"@type\":\"WebSite\",\"@id\":\"https:\/\/skaitytaknyga.lt\/#website\",\"url\":\"https:\/\/skaitytaknyga.lt\/\",\"name\":\"skaitytaknyga.lt\",\"description\":\"Skaitytaknyga.lt \u2013 tai ma\u017eas \u0161eimos verslas, kuris prasid\u0117jo nuo meil\u0117s knygoms ir siekio i\u0161gelb\u0117ti knygas nuo likimo prie konteinerio. Kas vienam nereikalingas daiktas \u2013 kitam lobis, o mes esame tarpininkai, kurie padeda abiems tapti laimingesniems ???? \u017dinome kaip nelengva i\u0161gyventi ma\u017eiems verslams, tad nuo \u0161iol, \u010dia rasite ir kit\u0173, ma\u017e\u0173 \u0161eim\u0173 versl\u0173, rank\u0173 darbo, dovan\u0173 sau ir artimiesiems.\",\"publisher\":{\"@id\":\"https:\/\/skaitytaknyga.lt\/#organization\"},\"potentialAction\":[{\"@type\":\"SearchAction\",\"target\":{\"@type\":\"EntryPoint\",\"urlTemplate\":\"https:\/\/skaitytaknyga.lt\/?s={search_term_string}\"},\"query-input\":{\"@type\":\"PropertyValueSpecification\",\"valueRequired\":true,\"valueName\":\"search_term_string\"}}],\"inLanguage\":\"en-GB\"},{\"@type\":\"Organization\",\"@id\":\"https:\/\/skaitytaknyga.lt\/#organization\",\"name\":\"skaitytaknyga.lt\",\"url\":\"https:\/\/skaitytaknyga.lt\/\",\"logo\":{\"@type\":\"ImageObject\",\"inLanguage\":\"en-GB\",\"@id\":\"https:\/\/skaitytaknyga.lt\/#\/schema\/logo\/image\/\",\"url\":\"https:\/\/skaitytaknyga.lt\/wp-content\/uploads\/2024\/05\/cropped-cropped-cropped-02_00843_jt3bggkj1j3HLc7SyY6rEUpg.jpeg\",\"contentUrl\":\"https:\/\/skaitytaknyga.lt\/wp-content\/uploads\/2024\/05\/cropped-cropped-cropped-02_00843_jt3bggkj1j3HLc7SyY6rEUpg.jpeg\",\"width\":1600,\"height\":1600,\"caption\":\"skaitytaknyga.lt\"},\"image\":{\"@id\":\"https:\/\/skaitytaknyga.lt\/#\/schema\/logo\/image\/\"},\"sameAs\":[\"https:\/\/www.facebook.com\/skaitytaknyga\/\"]}]}<\/script>\n<!-- \/ Yoast SEO plugin. -->","yoast_head_json":{"title":"Prieblandos \u0161alis. Ciklo \u201eNemirtingieji\u201c 3-ioji knyga","description":"Ji niekada neabejojo, kad jis yra jos likimas, - bet kas, jeigu likimas suman\u0117 kitaip? Puoliau gelb\u0117ti Deimeno, maldavau nepasiduoti, kol j\u012f i\u0161laisvinsiu.","robots":{"index":"index","follow":"follow","max-snippet":"max-snippet:-1","max-image-preview":"max-image-preview:large","max-video-preview":"max-video-preview:-1"},"canonical":"https:\/\/skaitytaknyga.lt\/en\/produktas\/prieblandos-salis-ciklo-nemirtingieji-3-ioji-knyga\/","og_locale":"en_GB","og_type":"article","og_title":"[:lt]Prieblandos \u0161alis. Ciklo \u201eNemirtingieji\u201c 3-ioji knyga[:] - Skaitytaknyga","og_description":"Ji niekada neabejojo, kad jis yra jos likimas, - bet kas, jeigu likimas suman\u0117 kitaip? Puoliau gelb\u0117ti Deimeno, maldavau nepasiduoti, kol j\u012f i\u0161laisvinsiu.","og_url":"https:\/\/skaitytaknyga.lt\/en\/produktas\/prieblandos-salis-ciklo-nemirtingieji-3-ioji-knyga\/","og_site_name":"Skaitytaknyga","article_publisher":"https:\/\/www.facebook.com\/skaitytaknyga\/","article_modified_time":"2026-03-05T11:42:48+00:00","og_image":[{"width":533,"height":800,"url":"https:\/\/skaitytaknyga.lt\/wp-content\/uploads\/2025\/01\/Prieblandos-salis.-Ciklo-\u201eNemirtingieji-3-ioji-knyga.webp","type":"image\/webp"}],"twitter_card":"summary_large_image","twitter_misc":{"Estimated reading time":"1 minute"},"schema":{"@context":"https:\/\/schema.org","@graph":[{"@type":"WebPage","@id":"https:\/\/skaitytaknyga.lt\/produktas\/prieblandos-salis-ciklo-nemirtingieji-3-ioji-knyga\/","url":"https:\/\/skaitytaknyga.lt\/produktas\/prieblandos-salis-ciklo-nemirtingieji-3-ioji-knyga\/","name":"Prieblandos \u0161alis. Ciklo \u201eNemirtingieji\u201c 3-ioji knyga","isPartOf":{"@id":"https:\/\/skaitytaknyga.lt\/#website"},"primaryImageOfPage":{"@id":"https:\/\/skaitytaknyga.lt\/produktas\/prieblandos-salis-ciklo-nemirtingieji-3-ioji-knyga\/#primaryimage"},"image":{"@id":"https:\/\/skaitytaknyga.lt\/produktas\/prieblandos-salis-ciklo-nemirtingieji-3-ioji-knyga\/#primaryimage"},"thumbnailUrl":"https:\/\/skaitytaknyga.lt\/wp-content\/uploads\/2025\/01\/Prieblandos-salis.-Ciklo-\u201eNemirtingieji-3-ioji-knyga.webp","datePublished":"2025-01-25T14:51:39+00:00","dateModified":"2026-03-05T11:42:48+00:00","description":"Ji niekada neabejojo, kad jis yra jos likimas, - bet kas, jeigu likimas suman\u0117 kitaip? Puoliau gelb\u0117ti Deimeno, maldavau nepasiduoti, kol j\u012f i\u0161laisvinsiu.","breadcrumb":{"@id":"https:\/\/skaitytaknyga.lt\/produktas\/prieblandos-salis-ciklo-nemirtingieji-3-ioji-knyga\/#breadcrumb"},"inLanguage":"en-GB","potentialAction":[{"@type":"ReadAction","target":["https:\/\/skaitytaknyga.lt\/produktas\/prieblandos-salis-ciklo-nemirtingieji-3-ioji-knyga\/"]}]},{"@type":"ImageObject","inLanguage":"en-GB","@id":"https:\/\/skaitytaknyga.lt\/produktas\/prieblandos-salis-ciklo-nemirtingieji-3-ioji-knyga\/#primaryimage","url":"https:\/\/skaitytaknyga.lt\/wp-content\/uploads\/2025\/01\/Prieblandos-salis.-Ciklo-\u201eNemirtingieji-3-ioji-knyga.webp","contentUrl":"https:\/\/skaitytaknyga.lt\/wp-content\/uploads\/2025\/01\/Prieblandos-salis.-Ciklo-\u201eNemirtingieji-3-ioji-knyga.webp","width":533,"height":800,"caption":"Prieblandos \u0161alis. Ciklo \u201eNemirtingieji\u201c 3-ioji knyga"},{"@type":"BreadcrumbList","@id":"https:\/\/skaitytaknyga.lt\/produktas\/prieblandos-salis-ciklo-nemirtingieji-3-ioji-knyga\/#breadcrumb","itemListElement":[{"@type":"ListItem","position":1,"name":"Home","item":"https:\/\/skaitytaknyga.lt\/"},{"@type":"ListItem","position":2,"name":"Parduotuv\u0117","item":"https:\/\/skaitytaknyga.lt\/knygu-parduotuve\/"},{"@type":"ListItem","position":3,"name":"Prieblandos \u0161alis. Ciklo \u201eNemirtingieji\u201c 3-ioji knyga"}]},{"@type":"WebSite","@id":"https:\/\/skaitytaknyga.lt\/#website","url":"https:\/\/skaitytaknyga.lt\/","name":"skaitytaknyga.lt","description":"Skaitytaknyga.lt \u2013 tai ma\u017eas \u0161eimos verslas, kuris prasid\u0117jo nuo meil\u0117s knygoms ir siekio i\u0161gelb\u0117ti knygas nuo likimo prie konteinerio. Kas vienam nereikalingas daiktas \u2013 kitam lobis, o mes esame tarpininkai, kurie padeda abiems tapti laimingesniems ???? \u017dinome kaip nelengva i\u0161gyventi ma\u017eiems verslams, tad nuo \u0161iol, \u010dia rasite ir kit\u0173, ma\u017e\u0173 \u0161eim\u0173 versl\u0173, rank\u0173 darbo, dovan\u0173 sau ir artimiesiems.","publisher":{"@id":"https:\/\/skaitytaknyga.lt\/#organization"},"potentialAction":[{"@type":"SearchAction","target":{"@type":"EntryPoint","urlTemplate":"https:\/\/skaitytaknyga.lt\/?s={search_term_string}"},"query-input":{"@type":"PropertyValueSpecification","valueRequired":true,"valueName":"search_term_string"}}],"inLanguage":"en-GB"},{"@type":"Organization","@id":"https:\/\/skaitytaknyga.lt\/#organization","name":"skaitytaknyga.lt","url":"https:\/\/skaitytaknyga.lt\/","logo":{"@type":"ImageObject","inLanguage":"en-GB","@id":"https:\/\/skaitytaknyga.lt\/#\/schema\/logo\/image\/","url":"https:\/\/skaitytaknyga.lt\/wp-content\/uploads\/2024\/05\/cropped-cropped-cropped-02_00843_jt3bggkj1j3HLc7SyY6rEUpg.jpeg","contentUrl":"https:\/\/skaitytaknyga.lt\/wp-content\/uploads\/2024\/05\/cropped-cropped-cropped-02_00843_jt3bggkj1j3HLc7SyY6rEUpg.jpeg","width":1600,"height":1600,"caption":"skaitytaknyga.lt"},"image":{"@id":"https:\/\/skaitytaknyga.lt\/#\/schema\/logo\/image\/"},"sameAs":["https:\/\/www.facebook.com\/skaitytaknyga\/"]}]}},"_links":{"self":[{"href":"https:\/\/skaitytaknyga.lt\/en\/wp-json\/wp\/v2\/product\/16146","targetHints":{"allow":["GET"]}}],"collection":[{"href":"https:\/\/skaitytaknyga.lt\/en\/wp-json\/wp\/v2\/product"}],"about":[{"href":"https:\/\/skaitytaknyga.lt\/en\/wp-json\/wp\/v2\/types\/product"}],"replies":[{"embeddable":true,"href":"https:\/\/skaitytaknyga.lt\/en\/wp-json\/wp\/v2\/comments?post=16146"}],"wp:featuredmedia":[{"embeddable":true,"href":"https:\/\/skaitytaknyga.lt\/en\/wp-json\/wp\/v2\/media\/16147"}],"wp:attachment":[{"href":"https:\/\/skaitytaknyga.lt\/en\/wp-json\/wp\/v2\/media?parent=16146"}],"wp:term":[{"taxonomy":"product_brand","embeddable":true,"href":"https:\/\/skaitytaknyga.lt\/en\/wp-json\/wp\/v2\/product_brand?post=16146"},{"taxonomy":"product_cat","embeddable":true,"href":"https:\/\/skaitytaknyga.lt\/en\/wp-json\/wp\/v2\/product_cat?post=16146"},{"taxonomy":"product_tag","embeddable":true,"href":"https:\/\/skaitytaknyga.lt\/en\/wp-json\/wp\/v2\/product_tag?post=16146"}],"curies":[{"name":"wp","href":"https:\/\/api.w.org\/{rel}","templated":true}]}}