{"id":16144,"date":"2025-01-25T16:47:12","date_gmt":"2025-01-25T14:47:12","guid":{"rendered":"https:\/\/skaitytaknyga.lt\/?post_type=product&#038;p=16144"},"modified":"2026-03-05T15:58:06","modified_gmt":"2026-03-05T13:58:06","slug":"garbes-konsulas","status":"publish","type":"product","link":"https:\/\/skaitytaknyga.lt\/en\/produktas\/garbes-konsulas\/","title":{"rendered":"Garb\u0117s konsulas"},"content":{"rendered":"<p>Vieno garsiausi\u0173 XX a. angl\u0173 ra\u0161ytojo G. Greeno romane vaizduojama politin\u0117 Argentinos patriot\u0173 kova; siekdami savo tikslo \u2013 i\u0161laisvinti politinius kalinius, jie \u012fvykdo prievartos akt\u0105 \u2013 pagrobia \u012fkait\u0105. Tai suteikia romanui detektyvini\u0173 element\u0173. Be kita ko, \u010dia svarstomi g\u0117rio ir blogio, \u017emogaus gyvenimo prasm\u0117s, dorov\u0117s ir moral\u0117s, tarpusavio santyki\u0173, tik\u0117jimo klausimai.<\/p>\n<ul class=\"about-product d-none d-xl-block mt-4\">\n<li><strong>Autorius:<\/strong>\u00a0Graham Greene<\/li>\n<li><strong>Leid\u0117jas:<\/strong>\u00a0\u017daltvyksl\u0117<\/li>\n<li><strong>Metai:<\/strong>\u00a02007<\/li>\n<li><strong>Puslapiai:<\/strong>\u00a0320<\/li>\n<li class=\"toggleable type-new-formats \"><strong>Formatas:<\/strong>\u00a012 x 21 cm, kieti vir\u0161eliai<\/li>\n<li><strong>Kalba:<\/strong>\u00a0Lietuvi\u0173<\/li>\n<\/ul>\n","protected":false},"excerpt":{"rendered":"<p>Vieno garsiausi\u0173 XX a. angl\u0173 ra\u0161ytojo G. Greeno romane vaizduojama politin\u0117 Argentinos patriot\u0173 kova; siekdami savo tikslo \u2013 i\u0161laisvinti politinius kalinius, jie \u012fvykdo prievartos akt\u0105 \u2013 pagrobia \u012fkait\u0105. Tai suteikia romanui detektyvini\u0173 element\u0173. Be kita ko, \u010dia svarstomi g\u0117rio ir blogio, \u017emogaus gyvenimo prasm\u0117s, dorov\u0117s ir moral\u0117s, tarpusavio santyki\u0173, tik\u0117jimo klausimai. Autorius:\u00a0Graham Greene Leid\u0117jas:\u00a0\u017daltvyksl\u0117 Metai:\u00a02007 Puslapiai:\u00a0320 Formatas:\u00a012 x 21 cm, kieti vir\u0161eliai Kalba:\u00a0Lietuvi\u0173<\/p>\n","protected":false},"featured_media":16145,"comment_status":"closed","ping_status":"closed","template":"","meta":{"_acf_changed":false,"site-sidebar-layout":"default","site-content-layout":"","ast-site-content-layout":"default","site-content-style":"default","site-sidebar-style":"default","ast-global-header-display":"","ast-banner-title-visibility":"","ast-main-header-display":"","ast-hfb-above-header-display":"","ast-hfb-below-header-display":"","ast-hfb-mobile-header-display":"","site-post-title":"","ast-breadcrumbs-content":"","ast-featured-img":"","footer-sml-layout":"","ast-disable-related-posts":"","theme-transparent-header-meta":"default","adv-header-id-meta":"","stick-header-meta":"","header-above-stick-meta":"","header-main-stick-meta":"","header-below-stick-meta":"","astra-migrate-meta-layouts":"set","ast-page-background-enabled":"default","ast-page-background-meta":{"desktop":{"background-color":"","background-image":"","background-repeat":"repeat","background-position":"center center","background-size":"auto","background-attachment":"scroll","background-type":"","background-media":"","overlay-type":"","overlay-color":"","overlay-opacity":"","overlay-gradient":""},"tablet":{"background-color":"","background-image":"","background-repeat":"repeat","background-position":"center center","background-size":"auto","background-attachment":"scroll","background-type":"","background-media":"","overlay-type":"","overlay-color":"","overlay-opacity":"","overlay-gradient":""},"mobile":{"background-color":"","background-image":"","background-repeat":"repeat","background-position":"center center","background-size":"auto","background-attachment":"scroll","background-type":"","background-media":"","overlay-type":"","overlay-color":"","overlay-opacity":"","overlay-gradient":""}},"ast-content-background-meta":{"desktop":{"background-color":"var(--ast-global-color-4)","background-image":"","background-repeat":"repeat","background-position":"center center","background-size":"auto","background-attachment":"scroll","background-type":"","background-media":"","overlay-type":"","overlay-color":"","overlay-opacity":"","overlay-gradient":""},"tablet":{"background-color":"var(--ast-global-color-4)","background-image":"","background-repeat":"repeat","background-position":"center center","background-size":"auto","background-attachment":"scroll","background-type":"","background-media":"","overlay-type":"","overlay-color":"","overlay-opacity":"","overlay-gradient":""},"mobile":{"background-color":"var(--ast-global-color-4)","background-image":"","background-repeat":"repeat","background-position":"center center","background-size":"auto","background-attachment":"scroll","background-type":"","background-media":"","overlay-type":"","overlay-color":"","overlay-opacity":"","overlay-gradient":""}}},"product_brand":[],"product_cat":[9580],"product_tag":[29],"class_list":{"0":"post-16144","1":"product","2":"type-product","3":"status-publish","4":"has-post-thumbnail","6":"product_cat-psichologiniai-detektyvai","7":"product_tag-zaltvykstes-kolekcija","8":"desktop-align-left","9":"tablet-align-left","10":"mobile-align-left","12":"first","13":"instock","14":"shipping-taxable","15":"purchasable","16":"product-type-simple"},"acf":[],"yoast_head":"<!-- This site is optimized with the Yoast SEO plugin v27.4 - https:\/\/yoast.com\/product\/yoast-seo-wordpress\/ -->\n<title>Garb\u0117s konsulas<\/title>\n<meta name=\"description\" content=\"Vieno garsiausi\u0173 XX a. angl\u0173 ra\u0161ytojo G. Greeno romane vaizduojama politin\u0117 Argentinos patriot\u0173 kova; siekdami savo tikslo \u2013 i\u0161laisvinti politinius\" \/>\n<meta name=\"robots\" content=\"index, follow, max-snippet:-1, max-image-preview:large, max-video-preview:-1\" \/>\n<link rel=\"canonical\" href=\"https:\/\/skaitytaknyga.lt\/en\/produktas\/garbes-konsulas\/\" \/>\n<meta property=\"og:locale\" content=\"en_GB\" \/>\n<meta property=\"og:locale:alternate\" content=\"lt_LT\" \/>\n<meta property=\"og:type\" content=\"article\" \/>\n<meta property=\"og:title\" content=\"Garb\u0117s konsulas\" \/>\n<meta property=\"og:description\" content=\"Vieno garsiausi\u0173 XX a. angl\u0173 ra\u0161ytojo G. Greeno romane vaizduojama politin\u0117 Argentinos patriot\u0173 kova; siekdami savo tikslo \u2013 i\u0161laisvinti politinius\" \/>\n<meta property=\"og:url\" content=\"https:\/\/skaitytaknyga.lt\/en\/produktas\/garbes-konsulas\/\" \/>\n<meta property=\"og:site_name\" content=\"Skaitytaknyga\" \/>\n<meta property=\"article:publisher\" content=\"https:\/\/www.facebook.com\/skaitytaknyga\/\" \/>\n<meta property=\"article:modified_time\" content=\"2026-03-05T13:58:06+00:00\" \/>\n<meta property=\"og:image\" content=\"https:\/\/skaitytaknyga.lt\/wp-content\/uploads\/2025\/01\/Garbes-konsulas.webp\" \/>\n\t<meta property=\"og:image:width\" content=\"324\" \/>\n\t<meta property=\"og:image:height\" content=\"561\" \/>\n\t<meta property=\"og:image:type\" content=\"image\/webp\" \/>\n<meta name=\"twitter:card\" content=\"summary_large_image\" \/>\n<meta name=\"twitter:label1\" content=\"Estimated reading time\" \/>\n\t<meta name=\"twitter:data1\" content=\"1 minute\" \/>\n<script type=\"application\/ld+json\" class=\"yoast-schema-graph\">{\"@context\":\"https:\\\/\\\/schema.org\",\"@graph\":[{\"@type\":\"WebPage\",\"@id\":\"https:\\\/\\\/skaitytaknyga.lt\\\/produktas\\\/garbes-konsulas\\\/\",\"url\":\"https:\\\/\\\/skaitytaknyga.lt\\\/produktas\\\/garbes-konsulas\\\/\",\"name\":\"Garb\u0117s konsulas\",\"isPartOf\":{\"@id\":\"https:\\\/\\\/skaitytaknyga.lt\\\/#website\"},\"primaryImageOfPage\":{\"@id\":\"https:\\\/\\\/skaitytaknyga.lt\\\/produktas\\\/garbes-konsulas\\\/#primaryimage\"},\"image\":{\"@id\":\"https:\\\/\\\/skaitytaknyga.lt\\\/produktas\\\/garbes-konsulas\\\/#primaryimage\"},\"thumbnailUrl\":\"https:\\\/\\\/skaitytaknyga.lt\\\/wp-content\\\/uploads\\\/2025\\\/01\\\/Garbes-konsulas.webp\",\"datePublished\":\"2025-01-25T14:47:12+00:00\",\"dateModified\":\"2026-03-05T13:58:06+00:00\",\"description\":\"Vieno garsiausi\u0173 XX a. angl\u0173 ra\u0161ytojo G. Greeno romane vaizduojama politin\u0117 Argentinos patriot\u0173 kova; siekdami savo tikslo \u2013 i\u0161laisvinti politinius\",\"breadcrumb\":{\"@id\":\"https:\\\/\\\/skaitytaknyga.lt\\\/produktas\\\/garbes-konsulas\\\/#breadcrumb\"},\"inLanguage\":\"en-GB\",\"potentialAction\":[{\"@type\":\"ReadAction\",\"target\":[\"https:\\\/\\\/skaitytaknyga.lt\\\/produktas\\\/garbes-konsulas\\\/\"]}]},{\"@type\":\"ImageObject\",\"inLanguage\":\"en-GB\",\"@id\":\"https:\\\/\\\/skaitytaknyga.lt\\\/produktas\\\/garbes-konsulas\\\/#primaryimage\",\"url\":\"https:\\\/\\\/skaitytaknyga.lt\\\/wp-content\\\/uploads\\\/2025\\\/01\\\/Garbes-konsulas.webp\",\"contentUrl\":\"https:\\\/\\\/skaitytaknyga.lt\\\/wp-content\\\/uploads\\\/2025\\\/01\\\/Garbes-konsulas.webp\",\"width\":324,\"height\":561,\"caption\":\"Garb\u0117s konsulas\"},{\"@type\":\"BreadcrumbList\",\"@id\":\"https:\\\/\\\/skaitytaknyga.lt\\\/produktas\\\/garbes-konsulas\\\/#breadcrumb\",\"itemListElement\":[{\"@type\":\"ListItem\",\"position\":1,\"name\":\"Home\",\"item\":\"https:\\\/\\\/skaitytaknyga.lt\\\/\"},{\"@type\":\"ListItem\",\"position\":2,\"name\":\"Parduotuv\u0117\",\"item\":\"https:\\\/\\\/skaitytaknyga.lt\\\/knygu-parduotuve\\\/\"},{\"@type\":\"ListItem\",\"position\":3,\"name\":\"Garb\u0117s konsulas\"}]},{\"@type\":\"WebSite\",\"@id\":\"https:\\\/\\\/skaitytaknyga.lt\\\/#website\",\"url\":\"https:\\\/\\\/skaitytaknyga.lt\\\/\",\"name\":\"skaitytaknyga.lt\",\"description\":\"Skaitytaknyga.lt \u2013 tai ma\u017eas \u0161eimos verslas, kuris prasid\u0117jo nuo meil\u0117s knygoms ir siekio i\u0161gelb\u0117ti knygas nuo likimo prie konteinerio. Kas vienam nereikalingas daiktas \u2013 kitam lobis, o mes esame tarpininkai, kurie padeda abiems tapti laimingesniems ???? \u017dinome kaip nelengva i\u0161gyventi ma\u017eiems verslams, tad nuo \u0161iol, \u010dia rasite ir kit\u0173, ma\u017e\u0173 \u0161eim\u0173 versl\u0173, rank\u0173 darbo, dovan\u0173 sau ir artimiesiems.\",\"publisher\":{\"@id\":\"https:\\\/\\\/skaitytaknyga.lt\\\/#organization\"},\"potentialAction\":[{\"@type\":\"SearchAction\",\"target\":{\"@type\":\"EntryPoint\",\"urlTemplate\":\"https:\\\/\\\/skaitytaknyga.lt\\\/?s={search_term_string}\"},\"query-input\":{\"@type\":\"PropertyValueSpecification\",\"valueRequired\":true,\"valueName\":\"search_term_string\"}}],\"inLanguage\":\"en-GB\"},{\"@type\":\"Organization\",\"@id\":\"https:\\\/\\\/skaitytaknyga.lt\\\/#organization\",\"name\":\"skaitytaknyga.lt\",\"url\":\"https:\\\/\\\/skaitytaknyga.lt\\\/\",\"logo\":{\"@type\":\"ImageObject\",\"inLanguage\":\"en-GB\",\"@id\":\"https:\\\/\\\/skaitytaknyga.lt\\\/#\\\/schema\\\/logo\\\/image\\\/\",\"url\":\"https:\\\/\\\/skaitytaknyga.lt\\\/wp-content\\\/uploads\\\/2024\\\/05\\\/cropped-cropped-cropped-02_00843_jt3bggkj1j3HLc7SyY6rEUpg.jpeg\",\"contentUrl\":\"https:\\\/\\\/skaitytaknyga.lt\\\/wp-content\\\/uploads\\\/2024\\\/05\\\/cropped-cropped-cropped-02_00843_jt3bggkj1j3HLc7SyY6rEUpg.jpeg\",\"width\":1600,\"height\":1600,\"caption\":\"skaitytaknyga.lt\"},\"image\":{\"@id\":\"https:\\\/\\\/skaitytaknyga.lt\\\/#\\\/schema\\\/logo\\\/image\\\/\"},\"sameAs\":[\"https:\\\/\\\/www.facebook.com\\\/skaitytaknyga\\\/\"]}]}<\/script>\n<!-- \/ Yoast SEO plugin. -->","yoast_head_json":{"title":"Garb\u0117s konsulas","description":"Vieno garsiausi\u0173 XX a. angl\u0173 ra\u0161ytojo G. Greeno romane vaizduojama politin\u0117 Argentinos patriot\u0173 kova; siekdami savo tikslo \u2013 i\u0161laisvinti politinius","robots":{"index":"index","follow":"follow","max-snippet":"max-snippet:-1","max-image-preview":"max-image-preview:large","max-video-preview":"max-video-preview:-1"},"canonical":"https:\/\/skaitytaknyga.lt\/en\/produktas\/garbes-konsulas\/","og_locale":"en_GB","og_type":"article","og_title":"[:lt]Garb\u0117s konsulas[:] - Skaitytaknyga","og_description":"Vieno garsiausi\u0173 XX a. angl\u0173 ra\u0161ytojo G. Greeno romane vaizduojama politin\u0117 Argentinos patriot\u0173 kova; siekdami savo tikslo \u2013 i\u0161laisvinti politinius","og_url":"https:\/\/skaitytaknyga.lt\/en\/produktas\/garbes-konsulas\/","og_site_name":"Skaitytaknyga","article_publisher":"https:\/\/www.facebook.com\/skaitytaknyga\/","article_modified_time":"2026-03-05T13:58:06+00:00","og_image":[{"width":324,"height":561,"url":"https:\/\/skaitytaknyga.lt\/wp-content\/uploads\/2025\/01\/Garbes-konsulas.webp","type":"image\/webp"}],"twitter_card":"summary_large_image","twitter_misc":{"Estimated reading time":"1 minute"},"schema":{"@context":"https:\/\/schema.org","@graph":[{"@type":"WebPage","@id":"https:\/\/skaitytaknyga.lt\/produktas\/garbes-konsulas\/","url":"https:\/\/skaitytaknyga.lt\/produktas\/garbes-konsulas\/","name":"Garb\u0117s konsulas","isPartOf":{"@id":"https:\/\/skaitytaknyga.lt\/#website"},"primaryImageOfPage":{"@id":"https:\/\/skaitytaknyga.lt\/produktas\/garbes-konsulas\/#primaryimage"},"image":{"@id":"https:\/\/skaitytaknyga.lt\/produktas\/garbes-konsulas\/#primaryimage"},"thumbnailUrl":"https:\/\/skaitytaknyga.lt\/wp-content\/uploads\/2025\/01\/Garbes-konsulas.webp","datePublished":"2025-01-25T14:47:12+00:00","dateModified":"2026-03-05T13:58:06+00:00","description":"Vieno garsiausi\u0173 XX a. angl\u0173 ra\u0161ytojo G. Greeno romane vaizduojama politin\u0117 Argentinos patriot\u0173 kova; siekdami savo tikslo \u2013 i\u0161laisvinti politinius","breadcrumb":{"@id":"https:\/\/skaitytaknyga.lt\/produktas\/garbes-konsulas\/#breadcrumb"},"inLanguage":"en-GB","potentialAction":[{"@type":"ReadAction","target":["https:\/\/skaitytaknyga.lt\/produktas\/garbes-konsulas\/"]}]},{"@type":"ImageObject","inLanguage":"en-GB","@id":"https:\/\/skaitytaknyga.lt\/produktas\/garbes-konsulas\/#primaryimage","url":"https:\/\/skaitytaknyga.lt\/wp-content\/uploads\/2025\/01\/Garbes-konsulas.webp","contentUrl":"https:\/\/skaitytaknyga.lt\/wp-content\/uploads\/2025\/01\/Garbes-konsulas.webp","width":324,"height":561,"caption":"Garb\u0117s konsulas"},{"@type":"BreadcrumbList","@id":"https:\/\/skaitytaknyga.lt\/produktas\/garbes-konsulas\/#breadcrumb","itemListElement":[{"@type":"ListItem","position":1,"name":"Home","item":"https:\/\/skaitytaknyga.lt\/"},{"@type":"ListItem","position":2,"name":"Parduotuv\u0117","item":"https:\/\/skaitytaknyga.lt\/knygu-parduotuve\/"},{"@type":"ListItem","position":3,"name":"Garb\u0117s konsulas"}]},{"@type":"WebSite","@id":"https:\/\/skaitytaknyga.lt\/#website","url":"https:\/\/skaitytaknyga.lt\/","name":"skaitytaknyga.lt","description":"Skaitytaknyga.lt \u2013 tai ma\u017eas \u0161eimos verslas, kuris prasid\u0117jo nuo meil\u0117s knygoms ir siekio i\u0161gelb\u0117ti knygas nuo likimo prie konteinerio. Kas vienam nereikalingas daiktas \u2013 kitam lobis, o mes esame tarpininkai, kurie padeda abiems tapti laimingesniems ???? \u017dinome kaip nelengva i\u0161gyventi ma\u017eiems verslams, tad nuo \u0161iol, \u010dia rasite ir kit\u0173, ma\u017e\u0173 \u0161eim\u0173 versl\u0173, rank\u0173 darbo, dovan\u0173 sau ir artimiesiems.","publisher":{"@id":"https:\/\/skaitytaknyga.lt\/#organization"},"potentialAction":[{"@type":"SearchAction","target":{"@type":"EntryPoint","urlTemplate":"https:\/\/skaitytaknyga.lt\/?s={search_term_string}"},"query-input":{"@type":"PropertyValueSpecification","valueRequired":true,"valueName":"search_term_string"}}],"inLanguage":"en-GB"},{"@type":"Organization","@id":"https:\/\/skaitytaknyga.lt\/#organization","name":"skaitytaknyga.lt","url":"https:\/\/skaitytaknyga.lt\/","logo":{"@type":"ImageObject","inLanguage":"en-GB","@id":"https:\/\/skaitytaknyga.lt\/#\/schema\/logo\/image\/","url":"https:\/\/skaitytaknyga.lt\/wp-content\/uploads\/2024\/05\/cropped-cropped-cropped-02_00843_jt3bggkj1j3HLc7SyY6rEUpg.jpeg","contentUrl":"https:\/\/skaitytaknyga.lt\/wp-content\/uploads\/2024\/05\/cropped-cropped-cropped-02_00843_jt3bggkj1j3HLc7SyY6rEUpg.jpeg","width":1600,"height":1600,"caption":"skaitytaknyga.lt"},"image":{"@id":"https:\/\/skaitytaknyga.lt\/#\/schema\/logo\/image\/"},"sameAs":["https:\/\/www.facebook.com\/skaitytaknyga\/"]}]}},"_links":{"self":[{"href":"https:\/\/skaitytaknyga.lt\/en\/wp-json\/wp\/v2\/product\/16144","targetHints":{"allow":["GET"]}}],"collection":[{"href":"https:\/\/skaitytaknyga.lt\/en\/wp-json\/wp\/v2\/product"}],"about":[{"href":"https:\/\/skaitytaknyga.lt\/en\/wp-json\/wp\/v2\/types\/product"}],"replies":[{"embeddable":true,"href":"https:\/\/skaitytaknyga.lt\/en\/wp-json\/wp\/v2\/comments?post=16144"}],"wp:featuredmedia":[{"embeddable":true,"href":"https:\/\/skaitytaknyga.lt\/en\/wp-json\/wp\/v2\/media\/16145"}],"wp:attachment":[{"href":"https:\/\/skaitytaknyga.lt\/en\/wp-json\/wp\/v2\/media?parent=16144"}],"wp:term":[{"taxonomy":"product_brand","embeddable":true,"href":"https:\/\/skaitytaknyga.lt\/en\/wp-json\/wp\/v2\/product_brand?post=16144"},{"taxonomy":"product_cat","embeddable":true,"href":"https:\/\/skaitytaknyga.lt\/en\/wp-json\/wp\/v2\/product_cat?post=16144"},{"taxonomy":"product_tag","embeddable":true,"href":"https:\/\/skaitytaknyga.lt\/en\/wp-json\/wp\/v2\/product_tag?post=16144"}],"curies":[{"name":"wp","href":"https:\/\/api.w.org\/{rel}","templated":true}]}}