{"id":16140,"date":"2025-01-25T16:44:18","date_gmt":"2025-01-25T14:44:18","guid":{"rendered":"https:\/\/skaitytaknyga.lt\/?post_type=product&#038;p=16140"},"modified":"2025-04-29T10:08:30","modified_gmt":"2025-04-29T07:08:30","slug":"didziausia-is-visu","status":"publish","type":"product","link":"https:\/\/skaitytaknyga.lt\/en\/produktas\/didziausia-is-visu\/","title":{"rendered":"Did\u017eiausia i\u0161 vis\u0173"},"content":{"rendered":"<p><strong>\u201eDid\u017eiausia i\u0161 vis\u0173\u201c<\/strong>\u00a0\u2013\u00a0 geriausias met\u0173 detektyvinis romanas \u0160vedijoje, \u012ftempta teismo proceso drama.<\/p>\n<p>Nepaprastas naujas romanas&#8230; tam tikrais at\u017evilgiais pana\u0161us \u012f \u201eMergin\u0105 su drakono tatuiruote&#8221;, kita vertus, Maja pati pasakoja savo istorij\u0105, tod\u0117l su ja susipa\u017e\u012fstame artimiau nei su Lisbete Salander&#8230; Autor\u0117, Malin Persson Giolito, ra\u0161o itin meistri\u0161kai. Ilgai ver\u010dia mus sp\u0117lioti, kaip klostysis \u012fvykiai, ir, kai galiausiai viskas i\u0161ai\u0161k\u0117ja, pasirodo akivaizdu, kad kitokia pabaiga n\u0117 netikt\u0173.<br \/>\n* The Washington Post<\/p>\n<p>Did\u017eiausi turtuoliai retai susiduria su gyvenimo sunkumus ken\u010dian\u010diais \u017emon\u0117mis, bet Ju\u0161holmo gimnazijoje tai nutiko. Penki paaugliai ir gera linkintis mokytojas. J\u0173 bendravimas baigiasi katastrofa. Po devyni\u0173 m\u0117nesi\u0173 a\u0161tuoniolikmet\u0117 Marija stoja prie\u0161 teism\u0105.<\/p>\n<p>\u201eNe\u017einau, kaip paj\u0117gsiu viso to klausytis, ta\u010diau nekreipti d\u0117mesio b\u016bt\u0173 pavojinga. Nes tada gird\u017eiu garsus. Gars\u0105, kai jie \u012f\u0117jo \u012f klas\u0119 ir nutemp\u0117 mane, gars\u0105, kai Sebastiano galva trinktel\u0117jo \u012f grindis, tarsi b\u016bt\u0173 tu\u0161\u010dia. Vos tik atsipalaiduoju, garsas sugr\u012f\u017eta ir aidi manyje. A\u0161 suleid\u017eiu nagus sau \u012f delnus ir stengiuosi i\u0161 ten i\u0161tr\u016bkti, bet tai nepadeda. Negaliu to atsikratyti. Mano smegenys parvelka mane atgal \u012f t\u0105 prakeikt\u0105 klas\u0119.&#8221;<\/p>\n<ul class=\"about-product d-none d-xl-block mt-4\">\n<li><strong>Originalus pavadinimas:<\/strong>\u00a0St\u00f6rst av allt<\/li>\n<li><strong>Autorius:<\/strong>\u00a0Malin Persson Giolito<\/li>\n<li><strong>Leid\u0117jas:<\/strong>\u00a0Jotema<\/li>\n<li><strong>Metai:<\/strong>\u00a02017<\/li>\n<li><strong>Puslapiai:<\/strong>\u00a0400<\/li>\n<li class=\"toggleable type-new-formats \"><strong>ISBN:<\/strong>\u00a09789955136880<\/li>\n<li><strong>Versijos kodas:<\/strong>\u00a0PT.<\/li>\n<li class=\"toggleable type-new-formats \"><strong>Formatas:<\/strong>\u00a015 x 22 x 3,6 cm, kieti vir\u0161eliai<\/li>\n<li><strong>Kalba:<\/strong>\u00a0Lietuvi\u0173<\/li>\n<li><strong>Vert\u0117jas:<\/strong>\u00a0Virginija Jurgaityt\u0117<\/li>\n<\/ul>\n","protected":false},"excerpt":{"rendered":"<p>\u201eDid\u017eiausia i\u0161 vis\u0173\u201c\u00a0\u2013\u00a0 geriausias met\u0173 detektyvinis romanas \u0160vedijoje, \u012ftempta teismo proceso drama. Nepaprastas naujas romanas&#8230; tam tikrais at\u017evilgiais pana\u0161us \u012f \u201eMergin\u0105 su drakono tatuiruote&#8221;, kita vertus, Maja pati pasakoja savo istorij\u0105, tod\u0117l su ja susipa\u017e\u012fstame artimiau nei su Lisbete Salander&#8230; Autor\u0117, Malin Persson Giolito, ra\u0161o itin meistri\u0161kai. Ilgai ver\u010dia mus sp\u0117lioti, kaip klostysis \u012fvykiai, ir, kai galiausiai viskas i\u0161ai\u0161k\u0117ja, pasirodo akivaizdu, kad kitokia pabaiga n\u0117 netikt\u0173. * The Washington Post Did\u017eiausi turtuoliai retai susiduria su gyvenimo sunkumus ken\u010dian\u010diais \u017emon\u0117mis, bet Ju\u0161holmo gimnazijoje tai nutiko. Penki paaugliai ir gera linkintis mokytojas. J\u0173 bendravimas baigiasi katastrofa. Po devyni\u0173 m\u0117nesi\u0173 a\u0161tuoniolikmet\u0117 Marija stoja prie\u0161 teism\u0105. \u201eNe\u017einau, kaip paj\u0117gsiu viso to klausytis, ta\u010diau nekreipti d\u0117mesio b\u016bt\u0173 pavojinga. Nes tada gird\u017eiu garsus. Gars\u0105, kai jie \u012f\u0117jo \u012f klas\u0119 ir nutemp\u0117 mane, gars\u0105, kai Sebastiano galva trinktel\u0117jo \u012f grindis, tarsi b\u016bt\u0173 tu\u0161\u010dia. Vos tik atsipalaiduoju, garsas sugr\u012f\u017eta ir aidi manyje. A\u0161 suleid\u017eiu nagus sau \u012f delnus ir stengiuosi i\u0161 ten i\u0161tr\u016bkti, bet tai nepadeda. Negaliu to atsikratyti. Mano smegenys parvelka mane atgal \u012f t\u0105 prakeikt\u0105 klas\u0119.&#8221; Originalus pavadinimas:\u00a0St\u00f6rst av allt Autorius:\u00a0Malin Persson Giolito Leid\u0117jas:\u00a0Jotema Metai:\u00a02017 Puslapiai:\u00a0400 ISBN:\u00a09789955136880 Versijos kodas:\u00a0PT. Formatas:\u00a015 x 22 x 3,6 cm, kieti vir\u0161eliai Kalba:\u00a0Lietuvi\u0173 Vert\u0117jas:\u00a0Virginija Jurgaityt\u0117<\/p>\n","protected":false},"featured_media":16141,"comment_status":"closed","ping_status":"closed","template":"","meta":{"_acf_changed":false,"site-sidebar-layout":"default","site-content-layout":"","ast-site-content-layout":"default","site-content-style":"default","site-sidebar-style":"default","ast-global-header-display":"","ast-banner-title-visibility":"","ast-main-header-display":"","ast-hfb-above-header-display":"","ast-hfb-below-header-display":"","ast-hfb-mobile-header-display":"","site-post-title":"","ast-breadcrumbs-content":"","ast-featured-img":"","footer-sml-layout":"","ast-disable-related-posts":"","theme-transparent-header-meta":"default","adv-header-id-meta":"","stick-header-meta":"","header-above-stick-meta":"","header-main-stick-meta":"","header-below-stick-meta":"","astra-migrate-meta-layouts":"set","ast-page-background-enabled":"default","ast-page-background-meta":{"desktop":{"background-color":"","background-image":"","background-repeat":"repeat","background-position":"center center","background-size":"auto","background-attachment":"scroll","background-type":"","background-media":"","overlay-type":"","overlay-color":"","overlay-opacity":"","overlay-gradient":""},"tablet":{"background-color":"","background-image":"","background-repeat":"repeat","background-position":"center center","background-size":"auto","background-attachment":"scroll","background-type":"","background-media":"","overlay-type":"","overlay-color":"","overlay-opacity":"","overlay-gradient":""},"mobile":{"background-color":"","background-image":"","background-repeat":"repeat","background-position":"center center","background-size":"auto","background-attachment":"scroll","background-type":"","background-media":"","overlay-type":"","overlay-color":"","overlay-opacity":"","overlay-gradient":""}},"ast-content-background-meta":{"desktop":{"background-color":"var(--ast-global-color-4)","background-image":"","background-repeat":"repeat","background-position":"center center","background-size":"auto","background-attachment":"scroll","background-type":"","background-media":"","overlay-type":"","overlay-color":"","overlay-opacity":"","overlay-gradient":""},"tablet":{"background-color":"var(--ast-global-color-4)","background-image":"","background-repeat":"repeat","background-position":"center center","background-size":"auto","background-attachment":"scroll","background-type":"","background-media":"","overlay-type":"","overlay-color":"","overlay-opacity":"","overlay-gradient":""},"mobile":{"background-color":"var(--ast-global-color-4)","background-image":"","background-repeat":"repeat","background-position":"center center","background-size":"auto","background-attachment":"scroll","background-type":"","background-media":"","overlay-type":"","overlay-color":"","overlay-opacity":"","overlay-gradient":""}}},"product_brand":[],"product_cat":[31],"product_tag":[],"class_list":{"0":"post-16140","1":"product","2":"type-product","3":"status-publish","4":"has-post-thumbnail","6":"product_cat-grozine-literatura","7":"desktop-align-left","8":"tablet-align-left","9":"mobile-align-left","11":"first","12":"instock","13":"shipping-taxable","14":"purchasable","15":"product-type-simple"},"acf":[],"yoast_head":"<!-- This site is optimized with the Yoast SEO plugin v27.0 - https:\/\/yoast.com\/product\/yoast-seo-wordpress\/ -->\n<title>Did\u017eiausia i\u0161 vis\u0173<\/title>\n<meta name=\"description\" content=\"\u201eDid\u017eiausia i\u0161 vis\u0173\u201c\u00a0\u2013\u00a0 geriausias met\u0173 detektyvinis romanas \u0160vedijoje, \u012ftempta teismo proceso drama. Nepaprastas naujas romanas... tam tikrais\" \/>\n<meta name=\"robots\" content=\"index, follow, max-snippet:-1, max-image-preview:large, max-video-preview:-1\" \/>\n<link rel=\"canonical\" href=\"https:\/\/skaitytaknyga.lt\/en\/produktas\/didziausia-is-visu\/\" \/>\n<meta property=\"og:locale\" content=\"en_GB\" \/>\n<meta property=\"og:locale:alternate\" content=\"lt_LT\" \/>\n<meta property=\"og:type\" content=\"article\" \/>\n<meta property=\"og:title\" content=\"Did\u017eiausia i\u0161 vis\u0173\" \/>\n<meta property=\"og:description\" content=\"\u201eDid\u017eiausia i\u0161 vis\u0173\u201c\u00a0\u2013\u00a0 geriausias met\u0173 detektyvinis romanas \u0160vedijoje, \u012ftempta teismo proceso drama. Nepaprastas naujas romanas... tam tikrais\" \/>\n<meta property=\"og:url\" content=\"https:\/\/skaitytaknyga.lt\/en\/produktas\/didziausia-is-visu\/\" \/>\n<meta property=\"og:site_name\" content=\"Skaitytaknyga\" \/>\n<meta property=\"article:publisher\" content=\"https:\/\/www.facebook.com\/skaitytaknyga\/\" \/>\n<meta property=\"article:modified_time\" content=\"2025-04-29T07:08:30+00:00\" \/>\n<meta property=\"og:image\" content=\"https:\/\/skaitytaknyga.lt\/wp-content\/uploads\/2025\/01\/Didziausia-is-visu.webp\" \/>\n\t<meta property=\"og:image:width\" content=\"518\" \/>\n\t<meta property=\"og:image:height\" content=\"800\" \/>\n\t<meta property=\"og:image:type\" content=\"image\/webp\" \/>\n<meta name=\"twitter:card\" content=\"summary_large_image\" \/>\n<meta name=\"twitter:label1\" content=\"Estimated reading time\" \/>\n\t<meta name=\"twitter:data1\" content=\"2 minutes\" \/>\n<script type=\"application\/ld+json\" class=\"yoast-schema-graph\">{\"@context\":\"https:\/\/schema.org\",\"@graph\":[{\"@type\":\"WebPage\",\"@id\":\"https:\/\/skaitytaknyga.lt\/produktas\/didziausia-is-visu\/\",\"url\":\"https:\/\/skaitytaknyga.lt\/produktas\/didziausia-is-visu\/\",\"name\":\"Did\u017eiausia i\u0161 vis\u0173\",\"isPartOf\":{\"@id\":\"https:\/\/skaitytaknyga.lt\/#website\"},\"primaryImageOfPage\":{\"@id\":\"https:\/\/skaitytaknyga.lt\/produktas\/didziausia-is-visu\/#primaryimage\"},\"image\":{\"@id\":\"https:\/\/skaitytaknyga.lt\/produktas\/didziausia-is-visu\/#primaryimage\"},\"thumbnailUrl\":\"https:\/\/skaitytaknyga.lt\/wp-content\/uploads\/2025\/01\/Didziausia-is-visu.webp\",\"datePublished\":\"2025-01-25T14:44:18+00:00\",\"dateModified\":\"2025-04-29T07:08:30+00:00\",\"description\":\"\u201eDid\u017eiausia i\u0161 vis\u0173\u201c\u00a0\u2013\u00a0 geriausias met\u0173 detektyvinis romanas \u0160vedijoje, \u012ftempta teismo proceso drama. Nepaprastas naujas romanas... tam tikrais\",\"breadcrumb\":{\"@id\":\"https:\/\/skaitytaknyga.lt\/produktas\/didziausia-is-visu\/#breadcrumb\"},\"inLanguage\":\"en-GB\",\"potentialAction\":[{\"@type\":\"ReadAction\",\"target\":[\"https:\/\/skaitytaknyga.lt\/produktas\/didziausia-is-visu\/\"]}]},{\"@type\":\"ImageObject\",\"inLanguage\":\"en-GB\",\"@id\":\"https:\/\/skaitytaknyga.lt\/produktas\/didziausia-is-visu\/#primaryimage\",\"url\":\"https:\/\/skaitytaknyga.lt\/wp-content\/uploads\/2025\/01\/Didziausia-is-visu.webp\",\"contentUrl\":\"https:\/\/skaitytaknyga.lt\/wp-content\/uploads\/2025\/01\/Didziausia-is-visu.webp\",\"width\":518,\"height\":800,\"caption\":\"Did\u017eiausia i\u0161 vis\u0173\"},{\"@type\":\"BreadcrumbList\",\"@id\":\"https:\/\/skaitytaknyga.lt\/produktas\/didziausia-is-visu\/#breadcrumb\",\"itemListElement\":[{\"@type\":\"ListItem\",\"position\":1,\"name\":\"Home\",\"item\":\"https:\/\/skaitytaknyga.lt\/\"},{\"@type\":\"ListItem\",\"position\":2,\"name\":\"Parduotuv\u0117\",\"item\":\"https:\/\/skaitytaknyga.lt\/knygu-parduotuve\/\"},{\"@type\":\"ListItem\",\"position\":3,\"name\":\"Did\u017eiausia i\u0161 vis\u0173\"}]},{\"@type\":\"WebSite\",\"@id\":\"https:\/\/skaitytaknyga.lt\/#website\",\"url\":\"https:\/\/skaitytaknyga.lt\/\",\"name\":\"skaitytaknyga.lt\",\"description\":\"Skaitytaknyga.lt \u2013 tai ma\u017eas \u0161eimos verslas, kuris prasid\u0117jo nuo meil\u0117s knygoms ir siekio i\u0161gelb\u0117ti knygas nuo likimo prie konteinerio. Kas vienam nereikalingas daiktas \u2013 kitam lobis, o mes esame tarpininkai, kurie padeda abiems tapti laimingesniems ???? \u017dinome kaip nelengva i\u0161gyventi ma\u017eiems verslams, tad nuo \u0161iol, \u010dia rasite ir kit\u0173, ma\u017e\u0173 \u0161eim\u0173 versl\u0173, rank\u0173 darbo, dovan\u0173 sau ir artimiesiems.\",\"publisher\":{\"@id\":\"https:\/\/skaitytaknyga.lt\/#organization\"},\"potentialAction\":[{\"@type\":\"SearchAction\",\"target\":{\"@type\":\"EntryPoint\",\"urlTemplate\":\"https:\/\/skaitytaknyga.lt\/?s={search_term_string}\"},\"query-input\":{\"@type\":\"PropertyValueSpecification\",\"valueRequired\":true,\"valueName\":\"search_term_string\"}}],\"inLanguage\":\"en-GB\"},{\"@type\":\"Organization\",\"@id\":\"https:\/\/skaitytaknyga.lt\/#organization\",\"name\":\"skaitytaknyga.lt\",\"url\":\"https:\/\/skaitytaknyga.lt\/\",\"logo\":{\"@type\":\"ImageObject\",\"inLanguage\":\"en-GB\",\"@id\":\"https:\/\/skaitytaknyga.lt\/#\/schema\/logo\/image\/\",\"url\":\"https:\/\/skaitytaknyga.lt\/wp-content\/uploads\/2024\/05\/cropped-cropped-cropped-02_00843_jt3bggkj1j3HLc7SyY6rEUpg.jpeg\",\"contentUrl\":\"https:\/\/skaitytaknyga.lt\/wp-content\/uploads\/2024\/05\/cropped-cropped-cropped-02_00843_jt3bggkj1j3HLc7SyY6rEUpg.jpeg\",\"width\":1600,\"height\":1600,\"caption\":\"skaitytaknyga.lt\"},\"image\":{\"@id\":\"https:\/\/skaitytaknyga.lt\/#\/schema\/logo\/image\/\"},\"sameAs\":[\"https:\/\/www.facebook.com\/skaitytaknyga\/\"]}]}<\/script>\n<!-- \/ Yoast SEO plugin. -->","yoast_head_json":{"title":"Did\u017eiausia i\u0161 vis\u0173","description":"\u201eDid\u017eiausia i\u0161 vis\u0173\u201c\u00a0\u2013\u00a0 geriausias met\u0173 detektyvinis romanas \u0160vedijoje, \u012ftempta teismo proceso drama. Nepaprastas naujas romanas... tam tikrais","robots":{"index":"index","follow":"follow","max-snippet":"max-snippet:-1","max-image-preview":"max-image-preview:large","max-video-preview":"max-video-preview:-1"},"canonical":"https:\/\/skaitytaknyga.lt\/en\/produktas\/didziausia-is-visu\/","og_locale":"en_GB","og_type":"article","og_title":"[:lt]Did\u017eiausia i\u0161 vis\u0173[:] - Skaitytaknyga","og_description":"\u201eDid\u017eiausia i\u0161 vis\u0173\u201c\u00a0\u2013\u00a0 geriausias met\u0173 detektyvinis romanas \u0160vedijoje, \u012ftempta teismo proceso drama. Nepaprastas naujas romanas... tam tikrais","og_url":"https:\/\/skaitytaknyga.lt\/en\/produktas\/didziausia-is-visu\/","og_site_name":"Skaitytaknyga","article_publisher":"https:\/\/www.facebook.com\/skaitytaknyga\/","article_modified_time":"2025-04-29T07:08:30+00:00","og_image":[{"width":518,"height":800,"url":"https:\/\/skaitytaknyga.lt\/wp-content\/uploads\/2025\/01\/Didziausia-is-visu.webp","type":"image\/webp"}],"twitter_card":"summary_large_image","twitter_misc":{"Estimated reading time":"2 minutes"},"schema":{"@context":"https:\/\/schema.org","@graph":[{"@type":"WebPage","@id":"https:\/\/skaitytaknyga.lt\/produktas\/didziausia-is-visu\/","url":"https:\/\/skaitytaknyga.lt\/produktas\/didziausia-is-visu\/","name":"Did\u017eiausia i\u0161 vis\u0173","isPartOf":{"@id":"https:\/\/skaitytaknyga.lt\/#website"},"primaryImageOfPage":{"@id":"https:\/\/skaitytaknyga.lt\/produktas\/didziausia-is-visu\/#primaryimage"},"image":{"@id":"https:\/\/skaitytaknyga.lt\/produktas\/didziausia-is-visu\/#primaryimage"},"thumbnailUrl":"https:\/\/skaitytaknyga.lt\/wp-content\/uploads\/2025\/01\/Didziausia-is-visu.webp","datePublished":"2025-01-25T14:44:18+00:00","dateModified":"2025-04-29T07:08:30+00:00","description":"\u201eDid\u017eiausia i\u0161 vis\u0173\u201c\u00a0\u2013\u00a0 geriausias met\u0173 detektyvinis romanas \u0160vedijoje, \u012ftempta teismo proceso drama. Nepaprastas naujas romanas... tam tikrais","breadcrumb":{"@id":"https:\/\/skaitytaknyga.lt\/produktas\/didziausia-is-visu\/#breadcrumb"},"inLanguage":"en-GB","potentialAction":[{"@type":"ReadAction","target":["https:\/\/skaitytaknyga.lt\/produktas\/didziausia-is-visu\/"]}]},{"@type":"ImageObject","inLanguage":"en-GB","@id":"https:\/\/skaitytaknyga.lt\/produktas\/didziausia-is-visu\/#primaryimage","url":"https:\/\/skaitytaknyga.lt\/wp-content\/uploads\/2025\/01\/Didziausia-is-visu.webp","contentUrl":"https:\/\/skaitytaknyga.lt\/wp-content\/uploads\/2025\/01\/Didziausia-is-visu.webp","width":518,"height":800,"caption":"Did\u017eiausia i\u0161 vis\u0173"},{"@type":"BreadcrumbList","@id":"https:\/\/skaitytaknyga.lt\/produktas\/didziausia-is-visu\/#breadcrumb","itemListElement":[{"@type":"ListItem","position":1,"name":"Home","item":"https:\/\/skaitytaknyga.lt\/"},{"@type":"ListItem","position":2,"name":"Parduotuv\u0117","item":"https:\/\/skaitytaknyga.lt\/knygu-parduotuve\/"},{"@type":"ListItem","position":3,"name":"Did\u017eiausia i\u0161 vis\u0173"}]},{"@type":"WebSite","@id":"https:\/\/skaitytaknyga.lt\/#website","url":"https:\/\/skaitytaknyga.lt\/","name":"skaitytaknyga.lt","description":"Skaitytaknyga.lt \u2013 tai ma\u017eas \u0161eimos verslas, kuris prasid\u0117jo nuo meil\u0117s knygoms ir siekio i\u0161gelb\u0117ti knygas nuo likimo prie konteinerio. Kas vienam nereikalingas daiktas \u2013 kitam lobis, o mes esame tarpininkai, kurie padeda abiems tapti laimingesniems ???? \u017dinome kaip nelengva i\u0161gyventi ma\u017eiems verslams, tad nuo \u0161iol, \u010dia rasite ir kit\u0173, ma\u017e\u0173 \u0161eim\u0173 versl\u0173, rank\u0173 darbo, dovan\u0173 sau ir artimiesiems.","publisher":{"@id":"https:\/\/skaitytaknyga.lt\/#organization"},"potentialAction":[{"@type":"SearchAction","target":{"@type":"EntryPoint","urlTemplate":"https:\/\/skaitytaknyga.lt\/?s={search_term_string}"},"query-input":{"@type":"PropertyValueSpecification","valueRequired":true,"valueName":"search_term_string"}}],"inLanguage":"en-GB"},{"@type":"Organization","@id":"https:\/\/skaitytaknyga.lt\/#organization","name":"skaitytaknyga.lt","url":"https:\/\/skaitytaknyga.lt\/","logo":{"@type":"ImageObject","inLanguage":"en-GB","@id":"https:\/\/skaitytaknyga.lt\/#\/schema\/logo\/image\/","url":"https:\/\/skaitytaknyga.lt\/wp-content\/uploads\/2024\/05\/cropped-cropped-cropped-02_00843_jt3bggkj1j3HLc7SyY6rEUpg.jpeg","contentUrl":"https:\/\/skaitytaknyga.lt\/wp-content\/uploads\/2024\/05\/cropped-cropped-cropped-02_00843_jt3bggkj1j3HLc7SyY6rEUpg.jpeg","width":1600,"height":1600,"caption":"skaitytaknyga.lt"},"image":{"@id":"https:\/\/skaitytaknyga.lt\/#\/schema\/logo\/image\/"},"sameAs":["https:\/\/www.facebook.com\/skaitytaknyga\/"]}]}},"_links":{"self":[{"href":"https:\/\/skaitytaknyga.lt\/en\/wp-json\/wp\/v2\/product\/16140","targetHints":{"allow":["GET"]}}],"collection":[{"href":"https:\/\/skaitytaknyga.lt\/en\/wp-json\/wp\/v2\/product"}],"about":[{"href":"https:\/\/skaitytaknyga.lt\/en\/wp-json\/wp\/v2\/types\/product"}],"replies":[{"embeddable":true,"href":"https:\/\/skaitytaknyga.lt\/en\/wp-json\/wp\/v2\/comments?post=16140"}],"wp:featuredmedia":[{"embeddable":true,"href":"https:\/\/skaitytaknyga.lt\/en\/wp-json\/wp\/v2\/media\/16141"}],"wp:attachment":[{"href":"https:\/\/skaitytaknyga.lt\/en\/wp-json\/wp\/v2\/media?parent=16140"}],"wp:term":[{"taxonomy":"product_brand","embeddable":true,"href":"https:\/\/skaitytaknyga.lt\/en\/wp-json\/wp\/v2\/product_brand?post=16140"},{"taxonomy":"product_cat","embeddable":true,"href":"https:\/\/skaitytaknyga.lt\/en\/wp-json\/wp\/v2\/product_cat?post=16140"},{"taxonomy":"product_tag","embeddable":true,"href":"https:\/\/skaitytaknyga.lt\/en\/wp-json\/wp\/v2\/product_tag?post=16140"}],"curies":[{"name":"wp","href":"https:\/\/api.w.org\/{rel}","templated":true}]}}