{"id":16138,"date":"2025-01-25T16:42:46","date_gmt":"2025-01-25T14:42:46","guid":{"rendered":"https:\/\/skaitytaknyga.lt\/?post_type=product&#038;p=16138"},"modified":"2026-01-21T00:19:08","modified_gmt":"2026-01-20T22:19:08","slug":"neisryskinta-juostele","status":"publish","type":"product","link":"https:\/\/skaitytaknyga.lt\/en\/produktas\/neisryskinta-juostele\/","title":{"rendered":"Nei\u0161ry\u0161kinta juostel\u0117"},"content":{"rendered":"<p><strong>LINA EVER<\/strong>\u00a0(g. 1970) \u2013 \u017eurnalist\u0117, tinklara\u0161tinink\u0117, ra\u0161ytoja ir gid\u0117 po Berlyn\u0105. Ragavo verslinink\u0117s, vadov\u0117s, valdinink\u0117s duonos, bet geriausiai jau\u010diasi ra\u0161ydama. I\u0161leido tris romanus: \u201eObjektyve meil\u0117\u201c (2014), \u201eRuduo Berlyne\u201c (2015), \u201eBerlyno romanas\u201c (2016). \u201eNei\u0161ry\u0161kinta juostel\u0117\u201c \u2013 ketvirtoji jos knyga.<\/p>\n<p>Pagrindin\u0117s heroj\u0117s Dalios santuokinis gyvenimas byra \u012f \u0161ipulius ir net atostogos Kretoje jo nei\u0161gelbsti. Negana to, ligonin\u0117je atsiduria komos i\u0161tiktas t\u0117vas, \u017einomas Lietuvos fotografas, su kuriuo ji nepalaik\u0117 ry\u0161i\u0173 nuo tada, kai jis paliko \u0161eim\u0105, ir ji tampa vienintel\u0117 atsakinga u\u017e jo slaug\u0105. Jo fotolaboratorijoje radusi nei\u0161ry\u0161kint\u0105 juostel\u0119 moteris supranta aptikusi nutyl\u0117t\u0105 t\u0117\u010dio gyvenim\u0105. Kod\u0117l jis paliko \u0161eim\u0105? Kod\u0117l mama i\u0161sisukin\u0117ja nuo atsakym\u0173? Kas ta ugniaplauk\u0117 nuotraukose? Kod\u0117l jis niekada vie\u0161ai nerod\u0117 savo geriausi\u0173 darb\u0173? Dalia visa galva panyra \u012f t\u0117\u010dio istorij\u0105, nes giliai \u0161irdyje jau\u010dia, kad tik prisilietusi prie \u0161akn\u0173 \u012fstengs atrasti save ir savo keli\u0105, gal\u0117s ir v\u0117l pamilti.<\/p>\n<p><strong>\u201eNei\u0161ry\u0161kinta juostel\u0117\u201c<\/strong>\u00a0\u2013 tai romanas tiems, kam patinka \u012ftraukiantis siu\u017eetas, \u0161eimos paslaptys, bohemi\u0161ko \u201ean\u0173 laik\u0173\u201c meninink\u0173 gyvenimo u\u017ekulisiai ir fotograf\u0173 profesin\u0117s virtuv\u0117s atspind\u017eiai. Gyvas ir dinami\u0161kas romano pasakojimas suartina Vilni\u0173 ir Kret\u0105, susieja senas \u0161eimos nuotraukas su dabarties vaizdais, slaugymo ligonin\u0117je valandas su gimstan\u010diais jausmais naujam mylimajam ir priver\u010dia susim\u0105styti apie galing\u0105 meil\u0117s j\u0117g\u0105. Prad\u0117jus knyg\u0105 skaityti laukia bemieg\u0117 naktis.<\/p>\n<p>&nbsp;<\/p>\n","protected":false},"excerpt":{"rendered":"<p>LINA EVER\u00a0(g. 1970) \u2013 \u017eurnalist\u0117, tinklara\u0161tinink\u0117, ra\u0161ytoja ir gid\u0117 po Berlyn\u0105. Ragavo verslinink\u0117s, vadov\u0117s, valdinink\u0117s duonos, bet geriausiai jau\u010diasi ra\u0161ydama. I\u0161leido tris romanus: \u201eObjektyve meil\u0117\u201c (2014), \u201eRuduo Berlyne\u201c (2015), \u201eBerlyno romanas\u201c (2016). \u201eNei\u0161ry\u0161kinta juostel\u0117\u201c \u2013 ketvirtoji jos knyga. Pagrindin\u0117s heroj\u0117s Dalios santuokinis gyvenimas byra \u012f \u0161ipulius ir net atostogos Kretoje jo nei\u0161gelbsti. Negana to, ligonin\u0117je atsiduria komos i\u0161tiktas t\u0117vas, \u017einomas Lietuvos fotografas, su kuriuo ji nepalaik\u0117 ry\u0161i\u0173 nuo tada, kai jis paliko \u0161eim\u0105, ir ji tampa vienintel\u0117 atsakinga u\u017e jo slaug\u0105. Jo fotolaboratorijoje radusi nei\u0161ry\u0161kint\u0105 juostel\u0119 moteris supranta aptikusi nutyl\u0117t\u0105 t\u0117\u010dio gyvenim\u0105. Kod\u0117l jis paliko \u0161eim\u0105? Kod\u0117l mama i\u0161sisukin\u0117ja nuo atsakym\u0173? Kas ta ugniaplauk\u0117 nuotraukose? Kod\u0117l jis niekada vie\u0161ai nerod\u0117 savo geriausi\u0173 darb\u0173? Dalia visa galva panyra \u012f t\u0117\u010dio istorij\u0105, nes giliai \u0161irdyje jau\u010dia, kad tik prisilietusi prie \u0161akn\u0173 \u012fstengs atrasti save ir savo keli\u0105, gal\u0117s ir v\u0117l pamilti. \u201eNei\u0161ry\u0161kinta juostel\u0117\u201c\u00a0\u2013 tai romanas tiems, kam patinka \u012ftraukiantis siu\u017eetas, \u0161eimos paslaptys, bohemi\u0161ko \u201ean\u0173 laik\u0173\u201c meninink\u0173 gyvenimo u\u017ekulisiai ir fotograf\u0173 profesin\u0117s virtuv\u0117s atspind\u017eiai. Gyvas ir dinami\u0161kas romano pasakojimas suartina Vilni\u0173 ir Kret\u0105, susieja senas \u0161eimos nuotraukas su dabarties vaizdais, slaugymo ligonin\u0117je valandas su gimstan\u010diais jausmais naujam mylimajam ir priver\u010dia susim\u0105styti apie galing\u0105 meil\u0117s j\u0117g\u0105. Prad\u0117jus knyg\u0105 skaityti laukia bemieg\u0117 naktis. &nbsp;<\/p>\n","protected":false},"featured_media":16139,"comment_status":"closed","ping_status":"closed","template":"","meta":{"_acf_changed":false,"site-sidebar-layout":"default","site-content-layout":"","ast-site-content-layout":"default","site-content-style":"default","site-sidebar-style":"default","ast-global-header-display":"","ast-banner-title-visibility":"","ast-main-header-display":"","ast-hfb-above-header-display":"","ast-hfb-below-header-display":"","ast-hfb-mobile-header-display":"","site-post-title":"","ast-breadcrumbs-content":"","ast-featured-img":"","footer-sml-layout":"","ast-disable-related-posts":"","theme-transparent-header-meta":"default","adv-header-id-meta":"","stick-header-meta":"","header-above-stick-meta":"","header-main-stick-meta":"","header-below-stick-meta":"","astra-migrate-meta-layouts":"set","ast-page-background-enabled":"default","ast-page-background-meta":{"desktop":{"background-color":"","background-image":"","background-repeat":"repeat","background-position":"center center","background-size":"auto","background-attachment":"scroll","background-type":"","background-media":"","overlay-type":"","overlay-color":"","overlay-opacity":"","overlay-gradient":""},"tablet":{"background-color":"","background-image":"","background-repeat":"repeat","background-position":"center center","background-size":"auto","background-attachment":"scroll","background-type":"","background-media":"","overlay-type":"","overlay-color":"","overlay-opacity":"","overlay-gradient":""},"mobile":{"background-color":"","background-image":"","background-repeat":"repeat","background-position":"center center","background-size":"auto","background-attachment":"scroll","background-type":"","background-media":"","overlay-type":"","overlay-color":"","overlay-opacity":"","overlay-gradient":""}},"ast-content-background-meta":{"desktop":{"background-color":"var(--ast-global-color-4)","background-image":"","background-repeat":"repeat","background-position":"center center","background-size":"auto","background-attachment":"scroll","background-type":"","background-media":"","overlay-type":"","overlay-color":"","overlay-opacity":"","overlay-gradient":""},"tablet":{"background-color":"var(--ast-global-color-4)","background-image":"","background-repeat":"repeat","background-position":"center center","background-size":"auto","background-attachment":"scroll","background-type":"","background-media":"","overlay-type":"","overlay-color":"","overlay-opacity":"","overlay-gradient":""},"mobile":{"background-color":"var(--ast-global-color-4)","background-image":"","background-repeat":"repeat","background-position":"center center","background-size":"auto","background-attachment":"scroll","background-type":"","background-media":"","overlay-type":"","overlay-color":"","overlay-opacity":"","overlay-gradient":""}}},"product_brand":[],"product_cat":[31],"product_tag":[3147,4938,2625,1381,2088,3029,4937],"class_list":{"0":"post-16138","1":"product","2":"type-product","3":"status-publish","4":"has-post-thumbnail","6":"product_cat-grozine-literatura","7":"product_tag-fotografija","8":"product_tag-kretos-sala","9":"product_tag-lietuva","10":"product_tag-ltlina-ever","11":"product_tag-seimos-paslaptys","12":"product_tag-siuolaikine-moteris","13":"product_tag-tevo-dukros-santykiai","14":"desktop-align-left","15":"tablet-align-left","16":"mobile-align-left","18":"first","19":"outofstock","20":"shipping-taxable","21":"purchasable","22":"product-type-simple"},"acf":[],"yoast_head":"<!-- This site is optimized with the Yoast SEO plugin v27.0 - https:\/\/yoast.com\/product\/yoast-seo-wordpress\/ -->\n<title>Nei\u0161ry\u0161kinta juostel\u0117<\/title>\n<meta name=\"description\" content=\"LINA EVER\u00a0(g. 1970) \u2013 \u017eurnalist\u0117, tinklara\u0161tinink\u0117, ra\u0161ytoja ir gid\u0117 po Berlyn\u0105. Ragavo verslinink\u0117s, vadov\u0117s, valdinink\u0117s duonos, bet geriausiai jau\u010diasi\" \/>\n<meta name=\"robots\" content=\"index, follow, max-snippet:-1, max-image-preview:large, max-video-preview:-1\" \/>\n<link rel=\"canonical\" href=\"https:\/\/skaitytaknyga.lt\/en\/produktas\/neisryskinta-juostele\/\" \/>\n<meta property=\"og:locale\" content=\"en_GB\" \/>\n<meta property=\"og:locale:alternate\" content=\"lt_LT\" \/>\n<meta property=\"og:type\" content=\"article\" \/>\n<meta property=\"og:title\" content=\"Nei\u0161ry\u0161kinta juostel\u0117\" \/>\n<meta property=\"og:description\" content=\"LINA EVER\u00a0(g. 1970) \u2013 \u017eurnalist\u0117, tinklara\u0161tinink\u0117, ra\u0161ytoja ir gid\u0117 po Berlyn\u0105. Ragavo verslinink\u0117s, vadov\u0117s, valdinink\u0117s duonos, bet geriausiai jau\u010diasi\" \/>\n<meta property=\"og:url\" content=\"https:\/\/skaitytaknyga.lt\/en\/produktas\/neisryskinta-juostele\/\" \/>\n<meta property=\"og:site_name\" content=\"Skaitytaknyga\" \/>\n<meta property=\"article:publisher\" content=\"https:\/\/www.facebook.com\/skaitytaknyga\/\" \/>\n<meta property=\"article:modified_time\" content=\"2026-01-20T22:19:08+00:00\" \/>\n<meta property=\"og:image\" content=\"https:\/\/skaitytaknyga.lt\/wp-content\/uploads\/2025\/01\/neisryskinta-juostele.webp\" \/>\n\t<meta property=\"og:image:width\" content=\"533\" \/>\n\t<meta property=\"og:image:height\" content=\"800\" \/>\n\t<meta property=\"og:image:type\" content=\"image\/webp\" \/>\n<meta name=\"twitter:card\" content=\"summary_large_image\" \/>\n<meta name=\"twitter:label1\" content=\"Estimated reading time\" \/>\n\t<meta name=\"twitter:data1\" content=\"2 minutes\" \/>\n<script type=\"application\/ld+json\" class=\"yoast-schema-graph\">{\"@context\":\"https:\/\/schema.org\",\"@graph\":[{\"@type\":\"WebPage\",\"@id\":\"https:\/\/skaitytaknyga.lt\/produktas\/neisryskinta-juostele\/\",\"url\":\"https:\/\/skaitytaknyga.lt\/produktas\/neisryskinta-juostele\/\",\"name\":\"Nei\u0161ry\u0161kinta juostel\u0117\",\"isPartOf\":{\"@id\":\"https:\/\/skaitytaknyga.lt\/#website\"},\"primaryImageOfPage\":{\"@id\":\"https:\/\/skaitytaknyga.lt\/produktas\/neisryskinta-juostele\/#primaryimage\"},\"image\":{\"@id\":\"https:\/\/skaitytaknyga.lt\/produktas\/neisryskinta-juostele\/#primaryimage\"},\"thumbnailUrl\":\"https:\/\/skaitytaknyga.lt\/wp-content\/uploads\/2025\/01\/neisryskinta-juostele.webp\",\"datePublished\":\"2025-01-25T14:42:46+00:00\",\"dateModified\":\"2026-01-20T22:19:08+00:00\",\"description\":\"LINA EVER\u00a0(g. 1970) \u2013 \u017eurnalist\u0117, tinklara\u0161tinink\u0117, ra\u0161ytoja ir gid\u0117 po Berlyn\u0105. Ragavo verslinink\u0117s, vadov\u0117s, valdinink\u0117s duonos, bet geriausiai jau\u010diasi\",\"breadcrumb\":{\"@id\":\"https:\/\/skaitytaknyga.lt\/produktas\/neisryskinta-juostele\/#breadcrumb\"},\"inLanguage\":\"en-GB\",\"potentialAction\":[{\"@type\":\"ReadAction\",\"target\":[\"https:\/\/skaitytaknyga.lt\/produktas\/neisryskinta-juostele\/\"]}]},{\"@type\":\"ImageObject\",\"inLanguage\":\"en-GB\",\"@id\":\"https:\/\/skaitytaknyga.lt\/produktas\/neisryskinta-juostele\/#primaryimage\",\"url\":\"https:\/\/skaitytaknyga.lt\/wp-content\/uploads\/2025\/01\/neisryskinta-juostele.webp\",\"contentUrl\":\"https:\/\/skaitytaknyga.lt\/wp-content\/uploads\/2025\/01\/neisryskinta-juostele.webp\",\"width\":533,\"height\":800,\"caption\":\"nei\u0161ry\u0161kinta juostel\u0117\"},{\"@type\":\"BreadcrumbList\",\"@id\":\"https:\/\/skaitytaknyga.lt\/produktas\/neisryskinta-juostele\/#breadcrumb\",\"itemListElement\":[{\"@type\":\"ListItem\",\"position\":1,\"name\":\"Home\",\"item\":\"https:\/\/skaitytaknyga.lt\/\"},{\"@type\":\"ListItem\",\"position\":2,\"name\":\"Parduotuv\u0117\",\"item\":\"https:\/\/skaitytaknyga.lt\/knygu-parduotuve\/\"},{\"@type\":\"ListItem\",\"position\":3,\"name\":\"Nei\u0161ry\u0161kinta juostel\u0117\"}]},{\"@type\":\"WebSite\",\"@id\":\"https:\/\/skaitytaknyga.lt\/#website\",\"url\":\"https:\/\/skaitytaknyga.lt\/\",\"name\":\"skaitytaknyga.lt\",\"description\":\"Skaitytaknyga.lt \u2013 tai ma\u017eas \u0161eimos verslas, kuris prasid\u0117jo nuo meil\u0117s knygoms ir siekio i\u0161gelb\u0117ti knygas nuo likimo prie konteinerio. Kas vienam nereikalingas daiktas \u2013 kitam lobis, o mes esame tarpininkai, kurie padeda abiems tapti laimingesniems ???? \u017dinome kaip nelengva i\u0161gyventi ma\u017eiems verslams, tad nuo \u0161iol, \u010dia rasite ir kit\u0173, ma\u017e\u0173 \u0161eim\u0173 versl\u0173, rank\u0173 darbo, dovan\u0173 sau ir artimiesiems.\",\"publisher\":{\"@id\":\"https:\/\/skaitytaknyga.lt\/#organization\"},\"potentialAction\":[{\"@type\":\"SearchAction\",\"target\":{\"@type\":\"EntryPoint\",\"urlTemplate\":\"https:\/\/skaitytaknyga.lt\/?s={search_term_string}\"},\"query-input\":{\"@type\":\"PropertyValueSpecification\",\"valueRequired\":true,\"valueName\":\"search_term_string\"}}],\"inLanguage\":\"en-GB\"},{\"@type\":\"Organization\",\"@id\":\"https:\/\/skaitytaknyga.lt\/#organization\",\"name\":\"skaitytaknyga.lt\",\"url\":\"https:\/\/skaitytaknyga.lt\/\",\"logo\":{\"@type\":\"ImageObject\",\"inLanguage\":\"en-GB\",\"@id\":\"https:\/\/skaitytaknyga.lt\/#\/schema\/logo\/image\/\",\"url\":\"https:\/\/skaitytaknyga.lt\/wp-content\/uploads\/2024\/05\/cropped-cropped-cropped-02_00843_jt3bggkj1j3HLc7SyY6rEUpg.jpeg\",\"contentUrl\":\"https:\/\/skaitytaknyga.lt\/wp-content\/uploads\/2024\/05\/cropped-cropped-cropped-02_00843_jt3bggkj1j3HLc7SyY6rEUpg.jpeg\",\"width\":1600,\"height\":1600,\"caption\":\"skaitytaknyga.lt\"},\"image\":{\"@id\":\"https:\/\/skaitytaknyga.lt\/#\/schema\/logo\/image\/\"},\"sameAs\":[\"https:\/\/www.facebook.com\/skaitytaknyga\/\"]}]}<\/script>\n<!-- \/ Yoast SEO plugin. -->","yoast_head_json":{"title":"Nei\u0161ry\u0161kinta juostel\u0117","description":"LINA EVER\u00a0(g. 1970) \u2013 \u017eurnalist\u0117, tinklara\u0161tinink\u0117, ra\u0161ytoja ir gid\u0117 po Berlyn\u0105. Ragavo verslinink\u0117s, vadov\u0117s, valdinink\u0117s duonos, bet geriausiai jau\u010diasi","robots":{"index":"index","follow":"follow","max-snippet":"max-snippet:-1","max-image-preview":"max-image-preview:large","max-video-preview":"max-video-preview:-1"},"canonical":"https:\/\/skaitytaknyga.lt\/en\/produktas\/neisryskinta-juostele\/","og_locale":"en_GB","og_type":"article","og_title":"[:lt]Nei\u0161ry\u0161kinta juostel\u0117[:] - Skaitytaknyga","og_description":"LINA EVER\u00a0(g. 1970) \u2013 \u017eurnalist\u0117, tinklara\u0161tinink\u0117, ra\u0161ytoja ir gid\u0117 po Berlyn\u0105. Ragavo verslinink\u0117s, vadov\u0117s, valdinink\u0117s duonos, bet geriausiai jau\u010diasi","og_url":"https:\/\/skaitytaknyga.lt\/en\/produktas\/neisryskinta-juostele\/","og_site_name":"Skaitytaknyga","article_publisher":"https:\/\/www.facebook.com\/skaitytaknyga\/","article_modified_time":"2026-01-20T22:19:08+00:00","og_image":[{"width":533,"height":800,"url":"https:\/\/skaitytaknyga.lt\/wp-content\/uploads\/2025\/01\/neisryskinta-juostele.webp","type":"image\/webp"}],"twitter_card":"summary_large_image","twitter_misc":{"Estimated reading time":"2 minutes"},"schema":{"@context":"https:\/\/schema.org","@graph":[{"@type":"WebPage","@id":"https:\/\/skaitytaknyga.lt\/produktas\/neisryskinta-juostele\/","url":"https:\/\/skaitytaknyga.lt\/produktas\/neisryskinta-juostele\/","name":"Nei\u0161ry\u0161kinta juostel\u0117","isPartOf":{"@id":"https:\/\/skaitytaknyga.lt\/#website"},"primaryImageOfPage":{"@id":"https:\/\/skaitytaknyga.lt\/produktas\/neisryskinta-juostele\/#primaryimage"},"image":{"@id":"https:\/\/skaitytaknyga.lt\/produktas\/neisryskinta-juostele\/#primaryimage"},"thumbnailUrl":"https:\/\/skaitytaknyga.lt\/wp-content\/uploads\/2025\/01\/neisryskinta-juostele.webp","datePublished":"2025-01-25T14:42:46+00:00","dateModified":"2026-01-20T22:19:08+00:00","description":"LINA EVER\u00a0(g. 1970) \u2013 \u017eurnalist\u0117, tinklara\u0161tinink\u0117, ra\u0161ytoja ir gid\u0117 po Berlyn\u0105. Ragavo verslinink\u0117s, vadov\u0117s, valdinink\u0117s duonos, bet geriausiai jau\u010diasi","breadcrumb":{"@id":"https:\/\/skaitytaknyga.lt\/produktas\/neisryskinta-juostele\/#breadcrumb"},"inLanguage":"en-GB","potentialAction":[{"@type":"ReadAction","target":["https:\/\/skaitytaknyga.lt\/produktas\/neisryskinta-juostele\/"]}]},{"@type":"ImageObject","inLanguage":"en-GB","@id":"https:\/\/skaitytaknyga.lt\/produktas\/neisryskinta-juostele\/#primaryimage","url":"https:\/\/skaitytaknyga.lt\/wp-content\/uploads\/2025\/01\/neisryskinta-juostele.webp","contentUrl":"https:\/\/skaitytaknyga.lt\/wp-content\/uploads\/2025\/01\/neisryskinta-juostele.webp","width":533,"height":800,"caption":"nei\u0161ry\u0161kinta juostel\u0117"},{"@type":"BreadcrumbList","@id":"https:\/\/skaitytaknyga.lt\/produktas\/neisryskinta-juostele\/#breadcrumb","itemListElement":[{"@type":"ListItem","position":1,"name":"Home","item":"https:\/\/skaitytaknyga.lt\/"},{"@type":"ListItem","position":2,"name":"Parduotuv\u0117","item":"https:\/\/skaitytaknyga.lt\/knygu-parduotuve\/"},{"@type":"ListItem","position":3,"name":"Nei\u0161ry\u0161kinta juostel\u0117"}]},{"@type":"WebSite","@id":"https:\/\/skaitytaknyga.lt\/#website","url":"https:\/\/skaitytaknyga.lt\/","name":"skaitytaknyga.lt","description":"Skaitytaknyga.lt \u2013 tai ma\u017eas \u0161eimos verslas, kuris prasid\u0117jo nuo meil\u0117s knygoms ir siekio i\u0161gelb\u0117ti knygas nuo likimo prie konteinerio. Kas vienam nereikalingas daiktas \u2013 kitam lobis, o mes esame tarpininkai, kurie padeda abiems tapti laimingesniems ???? \u017dinome kaip nelengva i\u0161gyventi ma\u017eiems verslams, tad nuo \u0161iol, \u010dia rasite ir kit\u0173, ma\u017e\u0173 \u0161eim\u0173 versl\u0173, rank\u0173 darbo, dovan\u0173 sau ir artimiesiems.","publisher":{"@id":"https:\/\/skaitytaknyga.lt\/#organization"},"potentialAction":[{"@type":"SearchAction","target":{"@type":"EntryPoint","urlTemplate":"https:\/\/skaitytaknyga.lt\/?s={search_term_string}"},"query-input":{"@type":"PropertyValueSpecification","valueRequired":true,"valueName":"search_term_string"}}],"inLanguage":"en-GB"},{"@type":"Organization","@id":"https:\/\/skaitytaknyga.lt\/#organization","name":"skaitytaknyga.lt","url":"https:\/\/skaitytaknyga.lt\/","logo":{"@type":"ImageObject","inLanguage":"en-GB","@id":"https:\/\/skaitytaknyga.lt\/#\/schema\/logo\/image\/","url":"https:\/\/skaitytaknyga.lt\/wp-content\/uploads\/2024\/05\/cropped-cropped-cropped-02_00843_jt3bggkj1j3HLc7SyY6rEUpg.jpeg","contentUrl":"https:\/\/skaitytaknyga.lt\/wp-content\/uploads\/2024\/05\/cropped-cropped-cropped-02_00843_jt3bggkj1j3HLc7SyY6rEUpg.jpeg","width":1600,"height":1600,"caption":"skaitytaknyga.lt"},"image":{"@id":"https:\/\/skaitytaknyga.lt\/#\/schema\/logo\/image\/"},"sameAs":["https:\/\/www.facebook.com\/skaitytaknyga\/"]}]}},"_links":{"self":[{"href":"https:\/\/skaitytaknyga.lt\/en\/wp-json\/wp\/v2\/product\/16138","targetHints":{"allow":["GET"]}}],"collection":[{"href":"https:\/\/skaitytaknyga.lt\/en\/wp-json\/wp\/v2\/product"}],"about":[{"href":"https:\/\/skaitytaknyga.lt\/en\/wp-json\/wp\/v2\/types\/product"}],"replies":[{"embeddable":true,"href":"https:\/\/skaitytaknyga.lt\/en\/wp-json\/wp\/v2\/comments?post=16138"}],"wp:featuredmedia":[{"embeddable":true,"href":"https:\/\/skaitytaknyga.lt\/en\/wp-json\/wp\/v2\/media\/16139"}],"wp:attachment":[{"href":"https:\/\/skaitytaknyga.lt\/en\/wp-json\/wp\/v2\/media?parent=16138"}],"wp:term":[{"taxonomy":"product_brand","embeddable":true,"href":"https:\/\/skaitytaknyga.lt\/en\/wp-json\/wp\/v2\/product_brand?post=16138"},{"taxonomy":"product_cat","embeddable":true,"href":"https:\/\/skaitytaknyga.lt\/en\/wp-json\/wp\/v2\/product_cat?post=16138"},{"taxonomy":"product_tag","embeddable":true,"href":"https:\/\/skaitytaknyga.lt\/en\/wp-json\/wp\/v2\/product_tag?post=16138"}],"curies":[{"name":"wp","href":"https:\/\/api.w.org\/{rel}","templated":true}]}}