{"id":16136,"date":"2025-01-25T16:21:31","date_gmt":"2025-01-25T14:21:31","guid":{"rendered":"https:\/\/skaitytaknyga.lt\/?post_type=product&#038;p=16136"},"modified":"2025-06-11T09:54:58","modified_gmt":"2025-06-11T06:54:58","slug":"dekoju-uz-tas-akimirkas-prancuzijos-prezidento-fransua-olando-ir-valeri-trierveiler-meiles-istorija","status":"publish","type":"product","link":"https:\/\/skaitytaknyga.lt\/en\/produktas\/dekoju-uz-tas-akimirkas-prancuzijos-prezidento-fransua-olando-ir-valeri-trierveiler-meiles-istorija\/","title":{"rendered":"D\u0117koju u\u017e tas akimirkas: Pranc\u016bzijos prezidento Fransua Olando ir Valeri Trierveiler meil\u0117s istorija"},"content":{"rendered":"<p><strong>Fransua Olandas<\/strong>\u00a0ir politikos \u017eurnalist\u0117\u00a0<strong>Valeri Trierveiler<\/strong>\u00a0susitiko 1988 metais, kai jis dar gyveno su savo partnere Segolena Ruajal. J\u0173 draugyst\u0117 prasid\u0117jo 2007-aisiais ir pavie\u0161inta 2010-aisiais, kai pasibaig\u0117 Valeri skyryb\u0173 procesas.<\/p>\n<p>Valeri kar\u0161tai pamilo Fransua, tuo metu nesuvokdama, kad jie kil\u0119 i\u0161 skirtingos aplinkos, kad ji yra moteris, trok\u0161tanti b\u016bti mylima, o jis \u2013 vyras, negalintis gyventi be politikos. O ir dauguma pranc\u016bz\u0173 tikr\u0105ja pora laik\u0117 Fransua Oland\u0105 ir Segolen\u0105 Ruajal, keturi\u0173 jo vaik\u0173 motin\u0105. Valeri buvo vadinama manipuliatore, isterike. Jos vaidmuo neapibr\u0117\u017etas, neturintis oficialaus statuso. Li\u016bdniausia, kad niekas jos negyn\u0117, net ir pats Fransua. J\u0173 meil\u0117s istorija buvo labai banguota. Valeri jaut\u0117, kad aistringai prasid\u0117j\u0119 jausmai pama\u017eu g\u0119sta, kad Fransua tolsta nuo jos d\u0117l savo politin\u0117s s\u0117km\u0117s, nepaisant kartais jo siun\u010diam\u0173 emocing\u0173 \u017einu\u010di\u0173. Galutin\u012f ta\u0161k\u0105 padeda 2014\u00a0metais pasigird\u0119 gandai apie Olando roman\u0105 su aktore \u017diuli Gaj\u0117.<br \/>\nNepaisydama i\u0161gyvento skausmo, Valeri pripa\u017e\u012fsta, kad Eliziejuje patyr\u0117 ir gra\u017ei\u0173 akimirk\u0173, sutiko nuostabi\u0173 \u017emoni\u0173.<\/p>\n<p><em>Viskas, apie k\u0105 ra\u0161au \u0161ioje knygoje, yra tiesa. Per daug kent\u0117jau d\u0117l melo, kad pati dar meluo\u010diau.<\/em><br \/>\n<em>Ra\u0161ymas pad\u0117jo man atsirinkti, kas gim\u0117 i\u0161 mano pyk\u010dio, o kas \u2013 i\u0161 nusivylimo. Kiek dar reik\u0117s laiko, kad apraudo\u010diau \u0161i\u0105 savo meil\u0119?<\/em><br \/>\n<em>D\u0117koju u\u017e tas akimirkas, d\u0117koju u\u017e t\u0105 beproti\u0161k\u0105 meil\u0119, d\u0117koju u\u017e t\u0105 kelion\u0119 \u012f Eliziej\u0173. Taip pat d\u0117koju u\u017e t\u0105 bedugn\u0119, \u012f kuri\u0105 mane \u012fst\u016bmei.<\/em><\/p>\n<p>Autorius: Val\u00e9rie Trierweiler<br \/>\nLeid\u0117jas: Gelm\u0117s<br \/>\nMetai: 2016<br \/>\nPuslapiai: 224<br \/>\nISBN: 9786098168372<br \/>\nVersijos kodas: PT.<br \/>\nKalba: Lietuvi\u0173<br \/>\nVert\u0117jas: Au\u0161ra Tur\u010dinskait\u0117 Bal\u010di\u016bnien\u0117<\/p>\n","protected":false},"excerpt":{"rendered":"<p>Fransua Olandas\u00a0ir politikos \u017eurnalist\u0117\u00a0Valeri Trierveiler\u00a0susitiko 1988 metais, kai jis dar gyveno su savo partnere Segolena Ruajal. J\u0173 draugyst\u0117 prasid\u0117jo 2007-aisiais ir pavie\u0161inta 2010-aisiais, kai pasibaig\u0117 Valeri skyryb\u0173 procesas. Valeri kar\u0161tai pamilo Fransua, tuo metu nesuvokdama, kad jie kil\u0119 i\u0161 skirtingos aplinkos, kad ji yra moteris, trok\u0161tanti b\u016bti mylima, o jis \u2013 vyras, negalintis gyventi be politikos. O ir dauguma pranc\u016bz\u0173 tikr\u0105ja pora laik\u0117 Fransua Oland\u0105 ir Segolen\u0105 Ruajal, keturi\u0173 jo vaik\u0173 motin\u0105. Valeri buvo vadinama manipuliatore, isterike. Jos vaidmuo neapibr\u0117\u017etas, neturintis oficialaus statuso. Li\u016bdniausia, kad niekas jos negyn\u0117, net ir pats Fransua. J\u0173 meil\u0117s istorija buvo labai banguota. Valeri jaut\u0117, kad aistringai prasid\u0117j\u0119 jausmai pama\u017eu g\u0119sta, kad Fransua tolsta nuo jos d\u0117l savo politin\u0117s s\u0117km\u0117s, nepaisant kartais jo siun\u010diam\u0173 emocing\u0173 \u017einu\u010di\u0173. Galutin\u012f ta\u0161k\u0105 padeda 2014\u00a0metais pasigird\u0119 gandai apie Olando roman\u0105 su aktore \u017diuli Gaj\u0117. Nepaisydama i\u0161gyvento skausmo, Valeri pripa\u017e\u012fsta, kad Eliziejuje patyr\u0117 ir gra\u017ei\u0173 akimirk\u0173, sutiko nuostabi\u0173 \u017emoni\u0173. Viskas, apie k\u0105 ra\u0161au \u0161ioje knygoje, yra tiesa. Per daug kent\u0117jau d\u0117l melo, kad pati dar meluo\u010diau. Ra\u0161ymas pad\u0117jo man atsirinkti, kas gim\u0117 i\u0161 mano pyk\u010dio, o kas \u2013 i\u0161 nusivylimo. Kiek dar reik\u0117s laiko, kad apraudo\u010diau \u0161i\u0105 savo meil\u0119? D\u0117koju u\u017e tas akimirkas, d\u0117koju u\u017e t\u0105 beproti\u0161k\u0105 meil\u0119, d\u0117koju u\u017e t\u0105 kelion\u0119 \u012f Eliziej\u0173. Taip pat d\u0117koju u\u017e t\u0105 bedugn\u0119, \u012f kuri\u0105 mane \u012fst\u016bmei. Autorius: Val\u00e9rie Trierweiler Leid\u0117jas: Gelm\u0117s Metai: 2016 Puslapiai: 224 ISBN: 9786098168372 Versijos kodas: PT. Kalba: Lietuvi\u0173 Vert\u0117jas: Au\u0161ra Tur\u010dinskait\u0117 Bal\u010di\u016bnien\u0117<\/p>\n","protected":false},"featured_media":16137,"comment_status":"closed","ping_status":"closed","template":"","meta":{"_acf_changed":false,"site-sidebar-layout":"default","site-content-layout":"","ast-site-content-layout":"default","site-content-style":"default","site-sidebar-style":"default","ast-global-header-display":"","ast-banner-title-visibility":"","ast-main-header-display":"","ast-hfb-above-header-display":"","ast-hfb-below-header-display":"","ast-hfb-mobile-header-display":"","site-post-title":"","ast-breadcrumbs-content":"","ast-featured-img":"","footer-sml-layout":"","ast-disable-related-posts":"","theme-transparent-header-meta":"default","adv-header-id-meta":"","stick-header-meta":"","header-above-stick-meta":"","header-main-stick-meta":"","header-below-stick-meta":"","astra-migrate-meta-layouts":"set","ast-page-background-enabled":"default","ast-page-background-meta":{"desktop":{"background-color":"","background-image":"","background-repeat":"repeat","background-position":"center center","background-size":"auto","background-attachment":"scroll","background-type":"","background-media":"","overlay-type":"","overlay-color":"","overlay-opacity":"","overlay-gradient":""},"tablet":{"background-color":"","background-image":"","background-repeat":"repeat","background-position":"center center","background-size":"auto","background-attachment":"scroll","background-type":"","background-media":"","overlay-type":"","overlay-color":"","overlay-opacity":"","overlay-gradient":""},"mobile":{"background-color":"","background-image":"","background-repeat":"repeat","background-position":"center center","background-size":"auto","background-attachment":"scroll","background-type":"","background-media":"","overlay-type":"","overlay-color":"","overlay-opacity":"","overlay-gradient":""}},"ast-content-background-meta":{"desktop":{"background-color":"var(--ast-global-color-4)","background-image":"","background-repeat":"repeat","background-position":"center center","background-size":"auto","background-attachment":"scroll","background-type":"","background-media":"","overlay-type":"","overlay-color":"","overlay-opacity":"","overlay-gradient":""},"tablet":{"background-color":"var(--ast-global-color-4)","background-image":"","background-repeat":"repeat","background-position":"center center","background-size":"auto","background-attachment":"scroll","background-type":"","background-media":"","overlay-type":"","overlay-color":"","overlay-opacity":"","overlay-gradient":""},"mobile":{"background-color":"var(--ast-global-color-4)","background-image":"","background-repeat":"repeat","background-position":"center center","background-size":"auto","background-attachment":"scroll","background-type":"","background-media":"","overlay-type":"","overlay-color":"","overlay-opacity":"","overlay-gradient":""}}},"product_brand":[],"product_cat":[31],"product_tag":[4935,4936,2147,1227,2395,2831,4934],"class_list":{"0":"post-16136","1":"product","2":"type-product","3":"status-publish","4":"has-post-thumbnail","6":"product_cat-grozine-literatura","7":"product_tag-eliziejaus-rumai","8":"product_tag-francois-hollande","9":"product_tag-meiles-drama","10":"product_tag-memuarai","11":"product_tag-politika","12":"product_tag-prancuzija","13":"product_tag-valerie-trierweiler","14":"desktop-align-left","15":"tablet-align-left","16":"mobile-align-left","18":"first","19":"instock","20":"shipping-taxable","21":"purchasable","22":"product-type-simple"},"acf":[],"yoast_head":"<!-- This site is optimized with the Yoast SEO plugin v27.0 - https:\/\/yoast.com\/product\/yoast-seo-wordpress\/ -->\n<title>D\u0117koju u\u017e tas akimirkas: Pranc\u016bzijos prezidento Fransua Olando ir Valeri Trierveiler meil\u0117s istorija<\/title>\n<meta name=\"description\" content=\"Fransua Olandas\u00a0ir politikos \u017eurnalist\u0117\u00a0Valeri Trierveiler\u00a0susitiko 1988 metais, kai jis dar gyveno su savo partnere Segolena Ruajal. J\u0173 draugyst\u0117\" \/>\n<meta name=\"robots\" content=\"index, follow, max-snippet:-1, max-image-preview:large, max-video-preview:-1\" \/>\n<link rel=\"canonical\" href=\"https:\/\/skaitytaknyga.lt\/en\/produktas\/dekoju-uz-tas-akimirkas-prancuzijos-prezidento-fransua-olando-ir-valeri-trierveiler-meiles-istorija\/\" \/>\n<meta property=\"og:locale\" content=\"en_GB\" \/>\n<meta property=\"og:locale:alternate\" content=\"lt_LT\" \/>\n<meta property=\"og:type\" content=\"article\" \/>\n<meta property=\"og:title\" content=\"D\u0117koju u\u017e tas akimirkas: Pranc\u016bzijos prezidento Fransua Olando ir Valeri Trierveiler meil\u0117s istorija\" \/>\n<meta property=\"og:description\" content=\"Fransua Olandas\u00a0ir politikos \u017eurnalist\u0117\u00a0Valeri Trierveiler\u00a0susitiko 1988 metais, kai jis dar gyveno su savo partnere Segolena Ruajal. J\u0173 draugyst\u0117\" \/>\n<meta property=\"og:url\" content=\"https:\/\/skaitytaknyga.lt\/en\/produktas\/dekoju-uz-tas-akimirkas-prancuzijos-prezidento-fransua-olando-ir-valeri-trierveiler-meiles-istorija\/\" \/>\n<meta property=\"og:site_name\" content=\"Skaitytaknyga\" \/>\n<meta property=\"article:publisher\" content=\"https:\/\/www.facebook.com\/skaitytaknyga\/\" \/>\n<meta property=\"article:modified_time\" content=\"2025-06-11T06:54:58+00:00\" \/>\n<meta property=\"og:image\" content=\"https:\/\/skaitytaknyga.lt\/wp-content\/uploads\/2025\/01\/Dekoju-uz-tas-akimirkas-Prancuzijos-prezidento-Fransua-Olando-ir-Valeri-Trierveiler-meiles-istorija.webp\" \/>\n\t<meta property=\"og:image:width\" content=\"533\" \/>\n\t<meta property=\"og:image:height\" content=\"800\" \/>\n\t<meta property=\"og:image:type\" content=\"image\/webp\" \/>\n<meta name=\"twitter:card\" content=\"summary_large_image\" \/>\n<meta name=\"twitter:label1\" content=\"Estimated reading time\" \/>\n\t<meta name=\"twitter:data1\" content=\"2 minutes\" \/>\n<script type=\"application\/ld+json\" class=\"yoast-schema-graph\">{\"@context\":\"https:\/\/schema.org\",\"@graph\":[{\"@type\":\"WebPage\",\"@id\":\"https:\/\/skaitytaknyga.lt\/produktas\/dekoju-uz-tas-akimirkas-prancuzijos-prezidento-fransua-olando-ir-valeri-trierveiler-meiles-istorija\/\",\"url\":\"https:\/\/skaitytaknyga.lt\/produktas\/dekoju-uz-tas-akimirkas-prancuzijos-prezidento-fransua-olando-ir-valeri-trierveiler-meiles-istorija\/\",\"name\":\"D\u0117koju u\u017e tas akimirkas: Pranc\u016bzijos prezidento Fransua Olando ir Valeri Trierveiler meil\u0117s istorija\",\"isPartOf\":{\"@id\":\"https:\/\/skaitytaknyga.lt\/#website\"},\"primaryImageOfPage\":{\"@id\":\"https:\/\/skaitytaknyga.lt\/produktas\/dekoju-uz-tas-akimirkas-prancuzijos-prezidento-fransua-olando-ir-valeri-trierveiler-meiles-istorija\/#primaryimage\"},\"image\":{\"@id\":\"https:\/\/skaitytaknyga.lt\/produktas\/dekoju-uz-tas-akimirkas-prancuzijos-prezidento-fransua-olando-ir-valeri-trierveiler-meiles-istorija\/#primaryimage\"},\"thumbnailUrl\":\"https:\/\/skaitytaknyga.lt\/wp-content\/uploads\/2025\/01\/Dekoju-uz-tas-akimirkas-Prancuzijos-prezidento-Fransua-Olando-ir-Valeri-Trierveiler-meiles-istorija.webp\",\"datePublished\":\"2025-01-25T14:21:31+00:00\",\"dateModified\":\"2025-06-11T06:54:58+00:00\",\"description\":\"Fransua Olandas\u00a0ir politikos \u017eurnalist\u0117\u00a0Valeri Trierveiler\u00a0susitiko 1988 metais, kai jis dar gyveno su savo partnere Segolena Ruajal. J\u0173 draugyst\u0117\",\"breadcrumb\":{\"@id\":\"https:\/\/skaitytaknyga.lt\/produktas\/dekoju-uz-tas-akimirkas-prancuzijos-prezidento-fransua-olando-ir-valeri-trierveiler-meiles-istorija\/#breadcrumb\"},\"inLanguage\":\"en-GB\",\"potentialAction\":[{\"@type\":\"ReadAction\",\"target\":[\"https:\/\/skaitytaknyga.lt\/produktas\/dekoju-uz-tas-akimirkas-prancuzijos-prezidento-fransua-olando-ir-valeri-trierveiler-meiles-istorija\/\"]}]},{\"@type\":\"ImageObject\",\"inLanguage\":\"en-GB\",\"@id\":\"https:\/\/skaitytaknyga.lt\/produktas\/dekoju-uz-tas-akimirkas-prancuzijos-prezidento-fransua-olando-ir-valeri-trierveiler-meiles-istorija\/#primaryimage\",\"url\":\"https:\/\/skaitytaknyga.lt\/wp-content\/uploads\/2025\/01\/Dekoju-uz-tas-akimirkas-Prancuzijos-prezidento-Fransua-Olando-ir-Valeri-Trierveiler-meiles-istorija.webp\",\"contentUrl\":\"https:\/\/skaitytaknyga.lt\/wp-content\/uploads\/2025\/01\/Dekoju-uz-tas-akimirkas-Prancuzijos-prezidento-Fransua-Olando-ir-Valeri-Trierveiler-meiles-istorija.webp\",\"width\":533,\"height\":800,\"caption\":\"D\u0117koju u\u017e tas akimirkas: Pranc\u016bzijos prezidento Fransua Olando ir Valeri Trierveiler meil\u0117s istorija\"},{\"@type\":\"BreadcrumbList\",\"@id\":\"https:\/\/skaitytaknyga.lt\/produktas\/dekoju-uz-tas-akimirkas-prancuzijos-prezidento-fransua-olando-ir-valeri-trierveiler-meiles-istorija\/#breadcrumb\",\"itemListElement\":[{\"@type\":\"ListItem\",\"position\":1,\"name\":\"Home\",\"item\":\"https:\/\/skaitytaknyga.lt\/\"},{\"@type\":\"ListItem\",\"position\":2,\"name\":\"Parduotuv\u0117\",\"item\":\"https:\/\/skaitytaknyga.lt\/knygu-parduotuve\/\"},{\"@type\":\"ListItem\",\"position\":3,\"name\":\"D\u0117koju u\u017e tas akimirkas: Pranc\u016bzijos prezidento Fransua Olando ir Valeri Trierveiler meil\u0117s istorija\"}]},{\"@type\":\"WebSite\",\"@id\":\"https:\/\/skaitytaknyga.lt\/#website\",\"url\":\"https:\/\/skaitytaknyga.lt\/\",\"name\":\"skaitytaknyga.lt\",\"description\":\"Skaitytaknyga.lt \u2013 tai ma\u017eas \u0161eimos verslas, kuris prasid\u0117jo nuo meil\u0117s knygoms ir siekio i\u0161gelb\u0117ti knygas nuo likimo prie konteinerio. Kas vienam nereikalingas daiktas \u2013 kitam lobis, o mes esame tarpininkai, kurie padeda abiems tapti laimingesniems ???? \u017dinome kaip nelengva i\u0161gyventi ma\u017eiems verslams, tad nuo \u0161iol, \u010dia rasite ir kit\u0173, ma\u017e\u0173 \u0161eim\u0173 versl\u0173, rank\u0173 darbo, dovan\u0173 sau ir artimiesiems.\",\"publisher\":{\"@id\":\"https:\/\/skaitytaknyga.lt\/#organization\"},\"potentialAction\":[{\"@type\":\"SearchAction\",\"target\":{\"@type\":\"EntryPoint\",\"urlTemplate\":\"https:\/\/skaitytaknyga.lt\/?s={search_term_string}\"},\"query-input\":{\"@type\":\"PropertyValueSpecification\",\"valueRequired\":true,\"valueName\":\"search_term_string\"}}],\"inLanguage\":\"en-GB\"},{\"@type\":\"Organization\",\"@id\":\"https:\/\/skaitytaknyga.lt\/#organization\",\"name\":\"skaitytaknyga.lt\",\"url\":\"https:\/\/skaitytaknyga.lt\/\",\"logo\":{\"@type\":\"ImageObject\",\"inLanguage\":\"en-GB\",\"@id\":\"https:\/\/skaitytaknyga.lt\/#\/schema\/logo\/image\/\",\"url\":\"https:\/\/skaitytaknyga.lt\/wp-content\/uploads\/2024\/05\/cropped-cropped-cropped-02_00843_jt3bggkj1j3HLc7SyY6rEUpg.jpeg\",\"contentUrl\":\"https:\/\/skaitytaknyga.lt\/wp-content\/uploads\/2024\/05\/cropped-cropped-cropped-02_00843_jt3bggkj1j3HLc7SyY6rEUpg.jpeg\",\"width\":1600,\"height\":1600,\"caption\":\"skaitytaknyga.lt\"},\"image\":{\"@id\":\"https:\/\/skaitytaknyga.lt\/#\/schema\/logo\/image\/\"},\"sameAs\":[\"https:\/\/www.facebook.com\/skaitytaknyga\/\"]}]}<\/script>\n<!-- \/ Yoast SEO plugin. -->","yoast_head_json":{"title":"D\u0117koju u\u017e tas akimirkas: Pranc\u016bzijos prezidento Fransua Olando ir Valeri Trierveiler meil\u0117s istorija","description":"Fransua Olandas\u00a0ir politikos \u017eurnalist\u0117\u00a0Valeri Trierveiler\u00a0susitiko 1988 metais, kai jis dar gyveno su savo partnere Segolena Ruajal. J\u0173 draugyst\u0117","robots":{"index":"index","follow":"follow","max-snippet":"max-snippet:-1","max-image-preview":"max-image-preview:large","max-video-preview":"max-video-preview:-1"},"canonical":"https:\/\/skaitytaknyga.lt\/en\/produktas\/dekoju-uz-tas-akimirkas-prancuzijos-prezidento-fransua-olando-ir-valeri-trierveiler-meiles-istorija\/","og_locale":"en_GB","og_type":"article","og_title":"[:lt]D\u0117koju u\u017e tas akimirkas: Pranc\u016bzijos prezidento Fransua Olando ir Valeri Trierveiler meil\u0117s istorija[:] - Skaitytaknyga","og_description":"Fransua Olandas\u00a0ir politikos \u017eurnalist\u0117\u00a0Valeri Trierveiler\u00a0susitiko 1988 metais, kai jis dar gyveno su savo partnere Segolena Ruajal. J\u0173 draugyst\u0117","og_url":"https:\/\/skaitytaknyga.lt\/en\/produktas\/dekoju-uz-tas-akimirkas-prancuzijos-prezidento-fransua-olando-ir-valeri-trierveiler-meiles-istorija\/","og_site_name":"Skaitytaknyga","article_publisher":"https:\/\/www.facebook.com\/skaitytaknyga\/","article_modified_time":"2025-06-11T06:54:58+00:00","og_image":[{"width":533,"height":800,"url":"https:\/\/skaitytaknyga.lt\/wp-content\/uploads\/2025\/01\/Dekoju-uz-tas-akimirkas-Prancuzijos-prezidento-Fransua-Olando-ir-Valeri-Trierveiler-meiles-istorija.webp","type":"image\/webp"}],"twitter_card":"summary_large_image","twitter_misc":{"Estimated reading time":"2 minutes"},"schema":{"@context":"https:\/\/schema.org","@graph":[{"@type":"WebPage","@id":"https:\/\/skaitytaknyga.lt\/produktas\/dekoju-uz-tas-akimirkas-prancuzijos-prezidento-fransua-olando-ir-valeri-trierveiler-meiles-istorija\/","url":"https:\/\/skaitytaknyga.lt\/produktas\/dekoju-uz-tas-akimirkas-prancuzijos-prezidento-fransua-olando-ir-valeri-trierveiler-meiles-istorija\/","name":"D\u0117koju u\u017e tas akimirkas: Pranc\u016bzijos prezidento Fransua Olando ir Valeri Trierveiler meil\u0117s istorija","isPartOf":{"@id":"https:\/\/skaitytaknyga.lt\/#website"},"primaryImageOfPage":{"@id":"https:\/\/skaitytaknyga.lt\/produktas\/dekoju-uz-tas-akimirkas-prancuzijos-prezidento-fransua-olando-ir-valeri-trierveiler-meiles-istorija\/#primaryimage"},"image":{"@id":"https:\/\/skaitytaknyga.lt\/produktas\/dekoju-uz-tas-akimirkas-prancuzijos-prezidento-fransua-olando-ir-valeri-trierveiler-meiles-istorija\/#primaryimage"},"thumbnailUrl":"https:\/\/skaitytaknyga.lt\/wp-content\/uploads\/2025\/01\/Dekoju-uz-tas-akimirkas-Prancuzijos-prezidento-Fransua-Olando-ir-Valeri-Trierveiler-meiles-istorija.webp","datePublished":"2025-01-25T14:21:31+00:00","dateModified":"2025-06-11T06:54:58+00:00","description":"Fransua Olandas\u00a0ir politikos \u017eurnalist\u0117\u00a0Valeri Trierveiler\u00a0susitiko 1988 metais, kai jis dar gyveno su savo partnere Segolena Ruajal. J\u0173 draugyst\u0117","breadcrumb":{"@id":"https:\/\/skaitytaknyga.lt\/produktas\/dekoju-uz-tas-akimirkas-prancuzijos-prezidento-fransua-olando-ir-valeri-trierveiler-meiles-istorija\/#breadcrumb"},"inLanguage":"en-GB","potentialAction":[{"@type":"ReadAction","target":["https:\/\/skaitytaknyga.lt\/produktas\/dekoju-uz-tas-akimirkas-prancuzijos-prezidento-fransua-olando-ir-valeri-trierveiler-meiles-istorija\/"]}]},{"@type":"ImageObject","inLanguage":"en-GB","@id":"https:\/\/skaitytaknyga.lt\/produktas\/dekoju-uz-tas-akimirkas-prancuzijos-prezidento-fransua-olando-ir-valeri-trierveiler-meiles-istorija\/#primaryimage","url":"https:\/\/skaitytaknyga.lt\/wp-content\/uploads\/2025\/01\/Dekoju-uz-tas-akimirkas-Prancuzijos-prezidento-Fransua-Olando-ir-Valeri-Trierveiler-meiles-istorija.webp","contentUrl":"https:\/\/skaitytaknyga.lt\/wp-content\/uploads\/2025\/01\/Dekoju-uz-tas-akimirkas-Prancuzijos-prezidento-Fransua-Olando-ir-Valeri-Trierveiler-meiles-istorija.webp","width":533,"height":800,"caption":"D\u0117koju u\u017e tas akimirkas: Pranc\u016bzijos prezidento Fransua Olando ir Valeri Trierveiler meil\u0117s istorija"},{"@type":"BreadcrumbList","@id":"https:\/\/skaitytaknyga.lt\/produktas\/dekoju-uz-tas-akimirkas-prancuzijos-prezidento-fransua-olando-ir-valeri-trierveiler-meiles-istorija\/#breadcrumb","itemListElement":[{"@type":"ListItem","position":1,"name":"Home","item":"https:\/\/skaitytaknyga.lt\/"},{"@type":"ListItem","position":2,"name":"Parduotuv\u0117","item":"https:\/\/skaitytaknyga.lt\/knygu-parduotuve\/"},{"@type":"ListItem","position":3,"name":"D\u0117koju u\u017e tas akimirkas: Pranc\u016bzijos prezidento Fransua Olando ir Valeri Trierveiler meil\u0117s istorija"}]},{"@type":"WebSite","@id":"https:\/\/skaitytaknyga.lt\/#website","url":"https:\/\/skaitytaknyga.lt\/","name":"skaitytaknyga.lt","description":"Skaitytaknyga.lt \u2013 tai ma\u017eas \u0161eimos verslas, kuris prasid\u0117jo nuo meil\u0117s knygoms ir siekio i\u0161gelb\u0117ti knygas nuo likimo prie konteinerio. Kas vienam nereikalingas daiktas \u2013 kitam lobis, o mes esame tarpininkai, kurie padeda abiems tapti laimingesniems ???? \u017dinome kaip nelengva i\u0161gyventi ma\u017eiems verslams, tad nuo \u0161iol, \u010dia rasite ir kit\u0173, ma\u017e\u0173 \u0161eim\u0173 versl\u0173, rank\u0173 darbo, dovan\u0173 sau ir artimiesiems.","publisher":{"@id":"https:\/\/skaitytaknyga.lt\/#organization"},"potentialAction":[{"@type":"SearchAction","target":{"@type":"EntryPoint","urlTemplate":"https:\/\/skaitytaknyga.lt\/?s={search_term_string}"},"query-input":{"@type":"PropertyValueSpecification","valueRequired":true,"valueName":"search_term_string"}}],"inLanguage":"en-GB"},{"@type":"Organization","@id":"https:\/\/skaitytaknyga.lt\/#organization","name":"skaitytaknyga.lt","url":"https:\/\/skaitytaknyga.lt\/","logo":{"@type":"ImageObject","inLanguage":"en-GB","@id":"https:\/\/skaitytaknyga.lt\/#\/schema\/logo\/image\/","url":"https:\/\/skaitytaknyga.lt\/wp-content\/uploads\/2024\/05\/cropped-cropped-cropped-02_00843_jt3bggkj1j3HLc7SyY6rEUpg.jpeg","contentUrl":"https:\/\/skaitytaknyga.lt\/wp-content\/uploads\/2024\/05\/cropped-cropped-cropped-02_00843_jt3bggkj1j3HLc7SyY6rEUpg.jpeg","width":1600,"height":1600,"caption":"skaitytaknyga.lt"},"image":{"@id":"https:\/\/skaitytaknyga.lt\/#\/schema\/logo\/image\/"},"sameAs":["https:\/\/www.facebook.com\/skaitytaknyga\/"]}]}},"_links":{"self":[{"href":"https:\/\/skaitytaknyga.lt\/en\/wp-json\/wp\/v2\/product\/16136","targetHints":{"allow":["GET"]}}],"collection":[{"href":"https:\/\/skaitytaknyga.lt\/en\/wp-json\/wp\/v2\/product"}],"about":[{"href":"https:\/\/skaitytaknyga.lt\/en\/wp-json\/wp\/v2\/types\/product"}],"replies":[{"embeddable":true,"href":"https:\/\/skaitytaknyga.lt\/en\/wp-json\/wp\/v2\/comments?post=16136"}],"wp:featuredmedia":[{"embeddable":true,"href":"https:\/\/skaitytaknyga.lt\/en\/wp-json\/wp\/v2\/media\/16137"}],"wp:attachment":[{"href":"https:\/\/skaitytaknyga.lt\/en\/wp-json\/wp\/v2\/media?parent=16136"}],"wp:term":[{"taxonomy":"product_brand","embeddable":true,"href":"https:\/\/skaitytaknyga.lt\/en\/wp-json\/wp\/v2\/product_brand?post=16136"},{"taxonomy":"product_cat","embeddable":true,"href":"https:\/\/skaitytaknyga.lt\/en\/wp-json\/wp\/v2\/product_cat?post=16136"},{"taxonomy":"product_tag","embeddable":true,"href":"https:\/\/skaitytaknyga.lt\/en\/wp-json\/wp\/v2\/product_tag?post=16136"}],"curies":[{"name":"wp","href":"https:\/\/api.w.org\/{rel}","templated":true}]}}