{"id":16133,"date":"2025-01-25T16:18:22","date_gmt":"2025-01-25T14:18:22","guid":{"rendered":"https:\/\/skaitytaknyga.lt\/?post_type=product&#038;p=16133"},"modified":"2025-01-25T16:19:02","modified_gmt":"2025-01-25T14:19:02","slug":"po-taves","status":"publish","type":"product","link":"https:\/\/skaitytaknyga.lt\/en\/produktas\/po-taves\/","title":{"rendered":"Po tav\u0119s"},"content":{"rendered":"<p>Kai pasibaigia viena istorija, prasideda kita&#8230;<\/p>\n<p>Luisai Klark ramyb\u0117s neduoda begal\u0117 klausim\u0173.<\/p>\n<p>Pavyzd\u017eiui, kaip \u010dia atsitiko, kad dabar ji dirba oro uosto bare ir kiekvien\u0105 dien\u0105 tik stebi \u012f naujus kra\u0161tus traukian\u010dius \u017emones?<\/p>\n<p>Arba kod\u0117l savo bute, kur\u012f \u012fsigijo prie\u0161 metus, vis dar nesijau\u010dia kaip namuose?<\/p>\n<p>Ar po pusantr\u0173 met\u0173 artimieji jai galiausiai atleis?<\/p>\n<p>Ar ji kada nors atsigaus po mylimojo netekties?<\/p>\n<p>Lu neabejoja tik d\u0117l vieno: ka\u017ekas tur\u0117t\u0173 pasikeisti.<\/p>\n<p>Vien\u0105 vakar\u0105 taip ir \u012fvyksta.<\/p>\n<p>Bet \u0161tai netik\u0117tai prie dur\u0173 i\u0161dygsta nelauktas sve\u010dias. Ar jis pateiks Luisai Klark reikalingus atsakymus? O gal u\u017evers dar didesne klausim\u0173 lavina?<\/p>\n<p>U\u017edarysi duris, ir tavo gyvenimas tek\u0117s sena vaga: \u012fprastai, nusp\u0117jamai, saugiai.<br \/>\nAtversi duris, ir tu rizikuosi viskuo.<br \/>\nTa\u010diau kart\u0105 Lu dav\u0117 \u017eod\u012f gyventi. Ir tes\u0117dama \u0161\u012f pa\u017ead\u0105 ji privalo \u012fsileisti t\u0105 nelaukt\u0105 sve\u010di\u0105 vidun&#8230;<\/p>\n<p>Originalus pavadinimas: After you<br \/>\nAutorius: Jojo Moyes<br \/>\nLeid\u0117jas: Jotema<br \/>\nMetai: 2015<br \/>\nPuslapiai: 432<br \/>\nISBN: 9789955135715<br \/>\nVersijos kodas: PT.<br \/>\nFormatas: 15 x 22 x 3,7 cm, kieti vir\u0161eliai<br \/>\nKalba: Lietuvi\u0173<br \/>\nVert\u0117jas: Bronislovas Bru\u017eas<\/p>\n","protected":false},"excerpt":{"rendered":"<p>Kai pasibaigia viena istorija, prasideda kita&#8230; Luisai Klark ramyb\u0117s neduoda begal\u0117 klausim\u0173. Pavyzd\u017eiui, kaip \u010dia atsitiko, kad dabar ji dirba oro uosto bare ir kiekvien\u0105 dien\u0105 tik stebi \u012f naujus kra\u0161tus traukian\u010dius \u017emones? Arba kod\u0117l savo bute, kur\u012f \u012fsigijo prie\u0161 metus, vis dar nesijau\u010dia kaip namuose? Ar po pusantr\u0173 met\u0173 artimieji jai galiausiai atleis? Ar ji kada nors atsigaus po mylimojo netekties? Lu neabejoja tik d\u0117l vieno: ka\u017ekas tur\u0117t\u0173 pasikeisti. Vien\u0105 vakar\u0105 taip ir \u012fvyksta. Bet \u0161tai netik\u0117tai prie dur\u0173 i\u0161dygsta nelauktas sve\u010dias. Ar jis pateiks Luisai Klark reikalingus atsakymus? O gal u\u017evers dar didesne klausim\u0173 lavina? U\u017edarysi duris, ir tavo gyvenimas tek\u0117s sena vaga: \u012fprastai, nusp\u0117jamai, saugiai. Atversi duris, ir tu rizikuosi viskuo. Ta\u010diau kart\u0105 Lu dav\u0117 \u017eod\u012f gyventi. Ir tes\u0117dama \u0161\u012f pa\u017ead\u0105 ji privalo \u012fsileisti t\u0105 nelaukt\u0105 sve\u010di\u0105 vidun&#8230; Originalus pavadinimas: After you Autorius: Jojo Moyes Leid\u0117jas: Jotema Metai: 2015 Puslapiai: 432 ISBN: 9789955135715 Versijos kodas: PT. Formatas: 15 x 22 x 3,7 cm, kieti vir\u0161eliai Kalba: Lietuvi\u0173 Vert\u0117jas: Bronislovas Bru\u017eas<\/p>\n","protected":false},"featured_media":16134,"comment_status":"closed","ping_status":"closed","template":"","meta":{"_acf_changed":false,"site-sidebar-layout":"default","site-content-layout":"","ast-site-content-layout":"default","site-content-style":"default","site-sidebar-style":"default","ast-global-header-display":"","ast-banner-title-visibility":"","ast-main-header-display":"","ast-hfb-above-header-display":"","ast-hfb-below-header-display":"","ast-hfb-mobile-header-display":"","site-post-title":"","ast-breadcrumbs-content":"","ast-featured-img":"","footer-sml-layout":"","ast-disable-related-posts":"","theme-transparent-header-meta":"default","adv-header-id-meta":"","stick-header-meta":"","header-above-stick-meta":"","header-main-stick-meta":"","header-below-stick-meta":"","astra-migrate-meta-layouts":"set","ast-page-background-enabled":"default","ast-page-background-meta":{"desktop":{"background-color":"","background-image":"","background-repeat":"repeat","background-position":"center center","background-size":"auto","background-attachment":"scroll","background-type":"","background-media":"","overlay-type":"","overlay-color":"","overlay-opacity":"","overlay-gradient":""},"tablet":{"background-color":"","background-image":"","background-repeat":"repeat","background-position":"center center","background-size":"auto","background-attachment":"scroll","background-type":"","background-media":"","overlay-type":"","overlay-color":"","overlay-opacity":"","overlay-gradient":""},"mobile":{"background-color":"","background-image":"","background-repeat":"repeat","background-position":"center center","background-size":"auto","background-attachment":"scroll","background-type":"","background-media":"","overlay-type":"","overlay-color":"","overlay-opacity":"","overlay-gradient":""}},"ast-content-background-meta":{"desktop":{"background-color":"var(--ast-global-color-4)","background-image":"","background-repeat":"repeat","background-position":"center center","background-size":"auto","background-attachment":"scroll","background-type":"","background-media":"","overlay-type":"","overlay-color":"","overlay-opacity":"","overlay-gradient":""},"tablet":{"background-color":"var(--ast-global-color-4)","background-image":"","background-repeat":"repeat","background-position":"center center","background-size":"auto","background-attachment":"scroll","background-type":"","background-media":"","overlay-type":"","overlay-color":"","overlay-opacity":"","overlay-gradient":""},"mobile":{"background-color":"var(--ast-global-color-4)","background-image":"","background-repeat":"repeat","background-position":"center center","background-size":"auto","background-attachment":"scroll","background-type":"","background-media":"","overlay-type":"","overlay-color":"","overlay-opacity":"","overlay-gradient":""}}},"product_brand":[],"product_cat":[31],"product_tag":[],"class_list":{"0":"post-16133","1":"product","2":"type-product","3":"status-publish","4":"has-post-thumbnail","6":"product_cat-grozine-literatura","7":"desktop-align-left","8":"tablet-align-left","9":"mobile-align-left","11":"first","12":"instock","13":"shipping-taxable","14":"purchasable","15":"product-type-simple"},"acf":[],"yoast_head":"<!-- This site is optimized with the Yoast SEO plugin v27.0 - https:\/\/yoast.com\/product\/yoast-seo-wordpress\/ -->\n<title>Po tav\u0119s<\/title>\n<meta name=\"description\" content=\"Kai pasibaigia viena istorija, prasideda kita... Luisai Klark ramyb\u0117s neduoda begal\u0117 klausim\u0173. Pavyzd\u017eiui, kaip \u010dia atsitiko, kad dabar ji dirba oro uosto\" \/>\n<meta name=\"robots\" content=\"index, follow, max-snippet:-1, max-image-preview:large, max-video-preview:-1\" \/>\n<link rel=\"canonical\" href=\"https:\/\/skaitytaknyga.lt\/en\/produktas\/po-taves\/\" \/>\n<meta property=\"og:locale\" content=\"en_GB\" \/>\n<meta property=\"og:locale:alternate\" content=\"lt_LT\" \/>\n<meta property=\"og:type\" content=\"article\" \/>\n<meta property=\"og:title\" content=\"Po tav\u0119s\" \/>\n<meta property=\"og:description\" content=\"Kai pasibaigia viena istorija, prasideda kita... Luisai Klark ramyb\u0117s neduoda begal\u0117 klausim\u0173. Pavyzd\u017eiui, kaip \u010dia atsitiko, kad dabar ji dirba oro uosto\" \/>\n<meta property=\"og:url\" content=\"https:\/\/skaitytaknyga.lt\/en\/produktas\/po-taves\/\" \/>\n<meta property=\"og:site_name\" content=\"Skaitytaknyga\" \/>\n<meta property=\"article:publisher\" content=\"https:\/\/www.facebook.com\/skaitytaknyga\/\" \/>\n<meta property=\"article:modified_time\" content=\"2025-01-25T14:19:02+00:00\" \/>\n<meta property=\"og:image\" content=\"https:\/\/skaitytaknyga.lt\/wp-content\/uploads\/2025\/01\/Po-taves.png\" \/>\n\t<meta property=\"og:image:width\" content=\"233\" \/>\n\t<meta property=\"og:image:height\" content=\"349\" \/>\n\t<meta property=\"og:image:type\" content=\"image\/png\" \/>\n<meta name=\"twitter:card\" content=\"summary_large_image\" \/>\n<meta name=\"twitter:label1\" content=\"Estimated reading time\" \/>\n\t<meta name=\"twitter:data1\" content=\"2 minutes\" \/>\n<script type=\"application\/ld+json\" class=\"yoast-schema-graph\">{\"@context\":\"https:\/\/schema.org\",\"@graph\":[{\"@type\":\"WebPage\",\"@id\":\"https:\/\/skaitytaknyga.lt\/produktas\/po-taves\/\",\"url\":\"https:\/\/skaitytaknyga.lt\/produktas\/po-taves\/\",\"name\":\"Po tav\u0119s\",\"isPartOf\":{\"@id\":\"https:\/\/skaitytaknyga.lt\/#website\"},\"primaryImageOfPage\":{\"@id\":\"https:\/\/skaitytaknyga.lt\/produktas\/po-taves\/#primaryimage\"},\"image\":{\"@id\":\"https:\/\/skaitytaknyga.lt\/produktas\/po-taves\/#primaryimage\"},\"thumbnailUrl\":\"https:\/\/skaitytaknyga.lt\/wp-content\/uploads\/2025\/01\/Po-taves.png\",\"datePublished\":\"2025-01-25T14:18:22+00:00\",\"dateModified\":\"2025-01-25T14:19:02+00:00\",\"description\":\"Kai pasibaigia viena istorija, prasideda kita... Luisai Klark ramyb\u0117s neduoda begal\u0117 klausim\u0173. Pavyzd\u017eiui, kaip \u010dia atsitiko, kad dabar ji dirba oro uosto\",\"breadcrumb\":{\"@id\":\"https:\/\/skaitytaknyga.lt\/produktas\/po-taves\/#breadcrumb\"},\"inLanguage\":\"en-GB\",\"potentialAction\":[{\"@type\":\"ReadAction\",\"target\":[\"https:\/\/skaitytaknyga.lt\/produktas\/po-taves\/\"]}]},{\"@type\":\"ImageObject\",\"inLanguage\":\"en-GB\",\"@id\":\"https:\/\/skaitytaknyga.lt\/produktas\/po-taves\/#primaryimage\",\"url\":\"https:\/\/skaitytaknyga.lt\/wp-content\/uploads\/2025\/01\/Po-taves.png\",\"contentUrl\":\"https:\/\/skaitytaknyga.lt\/wp-content\/uploads\/2025\/01\/Po-taves.png\",\"width\":233,\"height\":349,\"caption\":\"Po tav\u0119s\"},{\"@type\":\"BreadcrumbList\",\"@id\":\"https:\/\/skaitytaknyga.lt\/produktas\/po-taves\/#breadcrumb\",\"itemListElement\":[{\"@type\":\"ListItem\",\"position\":1,\"name\":\"Home\",\"item\":\"https:\/\/skaitytaknyga.lt\/\"},{\"@type\":\"ListItem\",\"position\":2,\"name\":\"Parduotuv\u0117\",\"item\":\"https:\/\/skaitytaknyga.lt\/knygu-parduotuve\/\"},{\"@type\":\"ListItem\",\"position\":3,\"name\":\"Po tav\u0119s\"}]},{\"@type\":\"WebSite\",\"@id\":\"https:\/\/skaitytaknyga.lt\/#website\",\"url\":\"https:\/\/skaitytaknyga.lt\/\",\"name\":\"skaitytaknyga.lt\",\"description\":\"Skaitytaknyga.lt \u2013 tai ma\u017eas \u0161eimos verslas, kuris prasid\u0117jo nuo meil\u0117s knygoms ir siekio i\u0161gelb\u0117ti knygas nuo likimo prie konteinerio. Kas vienam nereikalingas daiktas \u2013 kitam lobis, o mes esame tarpininkai, kurie padeda abiems tapti laimingesniems ???? \u017dinome kaip nelengva i\u0161gyventi ma\u017eiems verslams, tad nuo \u0161iol, \u010dia rasite ir kit\u0173, ma\u017e\u0173 \u0161eim\u0173 versl\u0173, rank\u0173 darbo, dovan\u0173 sau ir artimiesiems.\",\"publisher\":{\"@id\":\"https:\/\/skaitytaknyga.lt\/#organization\"},\"potentialAction\":[{\"@type\":\"SearchAction\",\"target\":{\"@type\":\"EntryPoint\",\"urlTemplate\":\"https:\/\/skaitytaknyga.lt\/?s={search_term_string}\"},\"query-input\":{\"@type\":\"PropertyValueSpecification\",\"valueRequired\":true,\"valueName\":\"search_term_string\"}}],\"inLanguage\":\"en-GB\"},{\"@type\":\"Organization\",\"@id\":\"https:\/\/skaitytaknyga.lt\/#organization\",\"name\":\"skaitytaknyga.lt\",\"url\":\"https:\/\/skaitytaknyga.lt\/\",\"logo\":{\"@type\":\"ImageObject\",\"inLanguage\":\"en-GB\",\"@id\":\"https:\/\/skaitytaknyga.lt\/#\/schema\/logo\/image\/\",\"url\":\"https:\/\/skaitytaknyga.lt\/wp-content\/uploads\/2024\/05\/cropped-cropped-cropped-02_00843_jt3bggkj1j3HLc7SyY6rEUpg.jpeg\",\"contentUrl\":\"https:\/\/skaitytaknyga.lt\/wp-content\/uploads\/2024\/05\/cropped-cropped-cropped-02_00843_jt3bggkj1j3HLc7SyY6rEUpg.jpeg\",\"width\":1600,\"height\":1600,\"caption\":\"skaitytaknyga.lt\"},\"image\":{\"@id\":\"https:\/\/skaitytaknyga.lt\/#\/schema\/logo\/image\/\"},\"sameAs\":[\"https:\/\/www.facebook.com\/skaitytaknyga\/\"]}]}<\/script>\n<!-- \/ Yoast SEO plugin. -->","yoast_head_json":{"title":"Po tav\u0119s","description":"Kai pasibaigia viena istorija, prasideda kita... Luisai Klark ramyb\u0117s neduoda begal\u0117 klausim\u0173. Pavyzd\u017eiui, kaip \u010dia atsitiko, kad dabar ji dirba oro uosto","robots":{"index":"index","follow":"follow","max-snippet":"max-snippet:-1","max-image-preview":"max-image-preview:large","max-video-preview":"max-video-preview:-1"},"canonical":"https:\/\/skaitytaknyga.lt\/en\/produktas\/po-taves\/","og_locale":"en_GB","og_type":"article","og_title":"[:lt]Po tav\u0119s[:] - Skaitytaknyga","og_description":"Kai pasibaigia viena istorija, prasideda kita... Luisai Klark ramyb\u0117s neduoda begal\u0117 klausim\u0173. Pavyzd\u017eiui, kaip \u010dia atsitiko, kad dabar ji dirba oro uosto","og_url":"https:\/\/skaitytaknyga.lt\/en\/produktas\/po-taves\/","og_site_name":"Skaitytaknyga","article_publisher":"https:\/\/www.facebook.com\/skaitytaknyga\/","article_modified_time":"2025-01-25T14:19:02+00:00","og_image":[{"width":233,"height":349,"url":"https:\/\/skaitytaknyga.lt\/wp-content\/uploads\/2025\/01\/Po-taves.png","type":"image\/png"}],"twitter_card":"summary_large_image","twitter_misc":{"Estimated reading time":"2 minutes"},"schema":{"@context":"https:\/\/schema.org","@graph":[{"@type":"WebPage","@id":"https:\/\/skaitytaknyga.lt\/produktas\/po-taves\/","url":"https:\/\/skaitytaknyga.lt\/produktas\/po-taves\/","name":"Po tav\u0119s","isPartOf":{"@id":"https:\/\/skaitytaknyga.lt\/#website"},"primaryImageOfPage":{"@id":"https:\/\/skaitytaknyga.lt\/produktas\/po-taves\/#primaryimage"},"image":{"@id":"https:\/\/skaitytaknyga.lt\/produktas\/po-taves\/#primaryimage"},"thumbnailUrl":"https:\/\/skaitytaknyga.lt\/wp-content\/uploads\/2025\/01\/Po-taves.png","datePublished":"2025-01-25T14:18:22+00:00","dateModified":"2025-01-25T14:19:02+00:00","description":"Kai pasibaigia viena istorija, prasideda kita... Luisai Klark ramyb\u0117s neduoda begal\u0117 klausim\u0173. Pavyzd\u017eiui, kaip \u010dia atsitiko, kad dabar ji dirba oro uosto","breadcrumb":{"@id":"https:\/\/skaitytaknyga.lt\/produktas\/po-taves\/#breadcrumb"},"inLanguage":"en-GB","potentialAction":[{"@type":"ReadAction","target":["https:\/\/skaitytaknyga.lt\/produktas\/po-taves\/"]}]},{"@type":"ImageObject","inLanguage":"en-GB","@id":"https:\/\/skaitytaknyga.lt\/produktas\/po-taves\/#primaryimage","url":"https:\/\/skaitytaknyga.lt\/wp-content\/uploads\/2025\/01\/Po-taves.png","contentUrl":"https:\/\/skaitytaknyga.lt\/wp-content\/uploads\/2025\/01\/Po-taves.png","width":233,"height":349,"caption":"Po tav\u0119s"},{"@type":"BreadcrumbList","@id":"https:\/\/skaitytaknyga.lt\/produktas\/po-taves\/#breadcrumb","itemListElement":[{"@type":"ListItem","position":1,"name":"Home","item":"https:\/\/skaitytaknyga.lt\/"},{"@type":"ListItem","position":2,"name":"Parduotuv\u0117","item":"https:\/\/skaitytaknyga.lt\/knygu-parduotuve\/"},{"@type":"ListItem","position":3,"name":"Po tav\u0119s"}]},{"@type":"WebSite","@id":"https:\/\/skaitytaknyga.lt\/#website","url":"https:\/\/skaitytaknyga.lt\/","name":"skaitytaknyga.lt","description":"Skaitytaknyga.lt \u2013 tai ma\u017eas \u0161eimos verslas, kuris prasid\u0117jo nuo meil\u0117s knygoms ir siekio i\u0161gelb\u0117ti knygas nuo likimo prie konteinerio. Kas vienam nereikalingas daiktas \u2013 kitam lobis, o mes esame tarpininkai, kurie padeda abiems tapti laimingesniems ???? \u017dinome kaip nelengva i\u0161gyventi ma\u017eiems verslams, tad nuo \u0161iol, \u010dia rasite ir kit\u0173, ma\u017e\u0173 \u0161eim\u0173 versl\u0173, rank\u0173 darbo, dovan\u0173 sau ir artimiesiems.","publisher":{"@id":"https:\/\/skaitytaknyga.lt\/#organization"},"potentialAction":[{"@type":"SearchAction","target":{"@type":"EntryPoint","urlTemplate":"https:\/\/skaitytaknyga.lt\/?s={search_term_string}"},"query-input":{"@type":"PropertyValueSpecification","valueRequired":true,"valueName":"search_term_string"}}],"inLanguage":"en-GB"},{"@type":"Organization","@id":"https:\/\/skaitytaknyga.lt\/#organization","name":"skaitytaknyga.lt","url":"https:\/\/skaitytaknyga.lt\/","logo":{"@type":"ImageObject","inLanguage":"en-GB","@id":"https:\/\/skaitytaknyga.lt\/#\/schema\/logo\/image\/","url":"https:\/\/skaitytaknyga.lt\/wp-content\/uploads\/2024\/05\/cropped-cropped-cropped-02_00843_jt3bggkj1j3HLc7SyY6rEUpg.jpeg","contentUrl":"https:\/\/skaitytaknyga.lt\/wp-content\/uploads\/2024\/05\/cropped-cropped-cropped-02_00843_jt3bggkj1j3HLc7SyY6rEUpg.jpeg","width":1600,"height":1600,"caption":"skaitytaknyga.lt"},"image":{"@id":"https:\/\/skaitytaknyga.lt\/#\/schema\/logo\/image\/"},"sameAs":["https:\/\/www.facebook.com\/skaitytaknyga\/"]}]}},"_links":{"self":[{"href":"https:\/\/skaitytaknyga.lt\/en\/wp-json\/wp\/v2\/product\/16133","targetHints":{"allow":["GET"]}}],"collection":[{"href":"https:\/\/skaitytaknyga.lt\/en\/wp-json\/wp\/v2\/product"}],"about":[{"href":"https:\/\/skaitytaknyga.lt\/en\/wp-json\/wp\/v2\/types\/product"}],"replies":[{"embeddable":true,"href":"https:\/\/skaitytaknyga.lt\/en\/wp-json\/wp\/v2\/comments?post=16133"}],"wp:featuredmedia":[{"embeddable":true,"href":"https:\/\/skaitytaknyga.lt\/en\/wp-json\/wp\/v2\/media\/16134"}],"wp:attachment":[{"href":"https:\/\/skaitytaknyga.lt\/en\/wp-json\/wp\/v2\/media?parent=16133"}],"wp:term":[{"taxonomy":"product_brand","embeddable":true,"href":"https:\/\/skaitytaknyga.lt\/en\/wp-json\/wp\/v2\/product_brand?post=16133"},{"taxonomy":"product_cat","embeddable":true,"href":"https:\/\/skaitytaknyga.lt\/en\/wp-json\/wp\/v2\/product_cat?post=16133"},{"taxonomy":"product_tag","embeddable":true,"href":"https:\/\/skaitytaknyga.lt\/en\/wp-json\/wp\/v2\/product_tag?post=16133"}],"curies":[{"name":"wp","href":"https:\/\/api.w.org\/{rel}","templated":true}]}}