{"id":16131,"date":"2025-01-25T16:16:34","date_gmt":"2025-01-25T14:16:34","guid":{"rendered":"https:\/\/skaitytaknyga.lt\/?post_type=product&#038;p=16131"},"modified":"2025-01-25T16:18:13","modified_gmt":"2025-01-25T14:18:13","slug":"totalus-chaosas","status":"publish","type":"product","link":"https:\/\/skaitytaknyga.lt\/en\/produktas\/totalus-chaosas\/","title":{"rendered":"Totalus chaosas"},"content":{"rendered":"<p><strong>\u201eTotalus chaosas\u201c<\/strong>\u00a0\u2013 pirmoji pranc\u016bz\u0173 ra\u0161ytojo\u00a0<strong>Jean-Claude Izzo<\/strong>\u00a0(1945-2000) Marselio trilogijos knyga, \u012fvertinta \u201eTrof\u0117jo 813&#8243; premija. K\u016brinys, \u012fkv\u0117p\u0119s vis\u0105 literat\u016brin\u012f jud\u0117jim\u0105.<\/p>\n<p>Marselis pl\u0117\u0161omas tarp senojo ir naujojo pasauli\u0173. Ugo, Maniu ir Fabio u\u017eaugo tame pa\u010diame pavojingame miesto kvartale, darydami \u012fvairius gatv\u0117s nusikaltimus, var\u017eydamiesi d\u0117l t\u0173 pa\u010di\u0173 mergin\u0173. Ta\u010diau Fabio galiausiai nutolo nuo draug\u0173 ir pasirinko policininko keli\u0105.<\/p>\n<p>Dabar, po 20 met\u0173, su\u017einoj\u0119s, kad Manu ir Ugo neb\u0117ra, jis puola ai\u0161kintis m\u012fslingas j\u0173 \u017e\u016bties aplinkybes. O aplink tvyro, kaip dainuoja repo grup\u0117 IAM, \u201eTotalus chaosas&#8221;, baisi klampyn\u0117, i\u0161 kurios ne\u012fmanoma i\u0161bristi. Nesenstantis, pavarg\u0119s nuo pasaulio vieni\u0161ius, moter\u0173 numyl\u0117tinis Fabio primena Henningo Mankelio Volander\u012f, jis \u2013 lyg i\u0161tisas naujosios kriminalin\u0117s Europos mikrokosmas, piktas, nenusp\u0117jamas, nevengiantis pa\u017eaisti su \u012fstatymu.<\/p>\n<p><strong>Jeanas Claude&#8217;as Izzo<\/strong>\u00a0(1945\u20132000), para\u0161\u0119s \u0161\u012f roman\u0105, kone per vien\u0105 nakt\u012f tapo \u012f\u017eymybe. Totalus chaosas \u2013 vadinamosios Marselio trilogijos dalis. Jos i\u0161garsintas ra\u0161ytojas laikomas literat\u016brinio jud\u0117jimo, Vidur\u017eiemio j\u016bros noir, karaliumi. J. C. Izzo gerb\u0117jai vyksta \u012f Marsel\u012f, kad aplankyt\u0173 vietas, kuriose vyksta roman\u0173 veiksmas, atkartoja jo persona\u017e\u0173 nueit\u0105 keli\u0105. K\u016brini\u0173 ciklas sulauk\u0117 ne vienos ekranizacijos.<\/p>\n<p>\u201eIzzo Marselis pritrenkia \u2013 kiekviena gatv\u0117, kiekviena kavin\u0117, kiekvienas namas turi savo charakter\u012f.&#8221;<br \/>\nGlobe and Mail<\/p>\n<p>Originalus pavadinimas: Total Kh\u00e9ops<br \/>\nAutorius: Jean-Claude Izzo<br \/>\nLeid\u0117jas: Lietuvos ra\u0161ytoj\u0173 s\u0105jungos leidykla<br \/>\nMetai: 2016<br \/>\nPuslapiai: 360<br \/>\nISBN: 9789986398738<br \/>\nVersijos kodas: PT.<br \/>\nFormatas: 13,5 x 20,5 x 3,5 cm, kieti vir\u0161eliai<br \/>\nKalba: Lietuvi\u0173<br \/>\nVert\u0117jas: Dainius Gintalas<\/p>\n","protected":false},"excerpt":{"rendered":"<p>\u201eTotalus chaosas\u201c\u00a0\u2013 pirmoji pranc\u016bz\u0173 ra\u0161ytojo\u00a0Jean-Claude Izzo\u00a0(1945-2000) Marselio trilogijos knyga, \u012fvertinta \u201eTrof\u0117jo 813&#8243; premija. K\u016brinys, \u012fkv\u0117p\u0119s vis\u0105 literat\u016brin\u012f jud\u0117jim\u0105. Marselis pl\u0117\u0161omas tarp senojo ir naujojo pasauli\u0173. Ugo, Maniu ir Fabio u\u017eaugo tame pa\u010diame pavojingame miesto kvartale, darydami \u012fvairius gatv\u0117s nusikaltimus, var\u017eydamiesi d\u0117l t\u0173 pa\u010di\u0173 mergin\u0173. Ta\u010diau Fabio galiausiai nutolo nuo draug\u0173 ir pasirinko policininko keli\u0105. Dabar, po 20 met\u0173, su\u017einoj\u0119s, kad Manu ir Ugo neb\u0117ra, jis puola ai\u0161kintis m\u012fslingas j\u0173 \u017e\u016bties aplinkybes. O aplink tvyro, kaip dainuoja repo grup\u0117 IAM, \u201eTotalus chaosas&#8221;, baisi klampyn\u0117, i\u0161 kurios ne\u012fmanoma i\u0161bristi. Nesenstantis, pavarg\u0119s nuo pasaulio vieni\u0161ius, moter\u0173 numyl\u0117tinis Fabio primena Henningo Mankelio Volander\u012f, jis \u2013 lyg i\u0161tisas naujosios kriminalin\u0117s Europos mikrokosmas, piktas, nenusp\u0117jamas, nevengiantis pa\u017eaisti su \u012fstatymu. Jeanas Claude&#8217;as Izzo\u00a0(1945\u20132000), para\u0161\u0119s \u0161\u012f roman\u0105, kone per vien\u0105 nakt\u012f tapo \u012f\u017eymybe. Totalus chaosas \u2013 vadinamosios Marselio trilogijos dalis. Jos i\u0161garsintas ra\u0161ytojas laikomas literat\u016brinio jud\u0117jimo, Vidur\u017eiemio j\u016bros noir, karaliumi. J. C. Izzo gerb\u0117jai vyksta \u012f Marsel\u012f, kad aplankyt\u0173 vietas, kuriose vyksta roman\u0173 veiksmas, atkartoja jo persona\u017e\u0173 nueit\u0105 keli\u0105. K\u016brini\u0173 ciklas sulauk\u0117 ne vienos ekranizacijos. \u201eIzzo Marselis pritrenkia \u2013 kiekviena gatv\u0117, kiekviena kavin\u0117, kiekvienas namas turi savo charakter\u012f.&#8221; Globe and Mail Originalus pavadinimas: Total Kh\u00e9ops Autorius: Jean-Claude Izzo Leid\u0117jas: Lietuvos ra\u0161ytoj\u0173 s\u0105jungos leidykla Metai: 2016 Puslapiai: 360 ISBN: 9789986398738 Versijos kodas: PT. Formatas: 13,5 x 20,5 x 3,5 cm, kieti vir\u0161eliai Kalba: Lietuvi\u0173 Vert\u0117jas: Dainius Gintalas<\/p>\n","protected":false},"featured_media":16132,"comment_status":"closed","ping_status":"closed","template":"","meta":{"_acf_changed":false,"site-sidebar-layout":"default","site-content-layout":"","ast-site-content-layout":"default","site-content-style":"default","site-sidebar-style":"default","ast-global-header-display":"","ast-banner-title-visibility":"","ast-main-header-display":"","ast-hfb-above-header-display":"","ast-hfb-below-header-display":"","ast-hfb-mobile-header-display":"","site-post-title":"","ast-breadcrumbs-content":"","ast-featured-img":"","footer-sml-layout":"","ast-disable-related-posts":"","theme-transparent-header-meta":"default","adv-header-id-meta":"","stick-header-meta":"","header-above-stick-meta":"","header-main-stick-meta":"","header-below-stick-meta":"","astra-migrate-meta-layouts":"set","ast-page-background-enabled":"default","ast-page-background-meta":{"desktop":{"background-color":"","background-image":"","background-repeat":"repeat","background-position":"center center","background-size":"auto","background-attachment":"scroll","background-type":"","background-media":"","overlay-type":"","overlay-color":"","overlay-opacity":"","overlay-gradient":""},"tablet":{"background-color":"","background-image":"","background-repeat":"repeat","background-position":"center center","background-size":"auto","background-attachment":"scroll","background-type":"","background-media":"","overlay-type":"","overlay-color":"","overlay-opacity":"","overlay-gradient":""},"mobile":{"background-color":"","background-image":"","background-repeat":"repeat","background-position":"center center","background-size":"auto","background-attachment":"scroll","background-type":"","background-media":"","overlay-type":"","overlay-color":"","overlay-opacity":"","overlay-gradient":""}},"ast-content-background-meta":{"desktop":{"background-color":"var(--ast-global-color-4)","background-image":"","background-repeat":"repeat","background-position":"center center","background-size":"auto","background-attachment":"scroll","background-type":"","background-media":"","overlay-type":"","overlay-color":"","overlay-opacity":"","overlay-gradient":""},"tablet":{"background-color":"var(--ast-global-color-4)","background-image":"","background-repeat":"repeat","background-position":"center center","background-size":"auto","background-attachment":"scroll","background-type":"","background-media":"","overlay-type":"","overlay-color":"","overlay-opacity":"","overlay-gradient":""},"mobile":{"background-color":"var(--ast-global-color-4)","background-image":"","background-repeat":"repeat","background-position":"center center","background-size":"auto","background-attachment":"scroll","background-type":"","background-media":"","overlay-type":"","overlay-color":"","overlay-opacity":"","overlay-gradient":""}}},"product_brand":[],"product_cat":[31],"product_tag":[],"class_list":{"0":"post-16131","1":"product","2":"type-product","3":"status-publish","4":"has-post-thumbnail","6":"product_cat-grozine-literatura","7":"desktop-align-left","8":"tablet-align-left","9":"mobile-align-left","11":"first","12":"instock","13":"shipping-taxable","14":"purchasable","15":"product-type-simple"},"acf":[],"yoast_head":"<!-- This site is optimized with the Yoast SEO plugin v27.0 - https:\/\/yoast.com\/product\/yoast-seo-wordpress\/ -->\n<title>Totalus chaosas<\/title>\n<meta name=\"description\" content=\"\u201eTotalus chaosas\u201c\u00a0\u2013 pirmoji pranc\u016bz\u0173 ra\u0161ytojo\u00a0Jean-Claude Izzo\u00a0(1945-2000) Marselio trilogijos knyga, \u012fvertinta \u201eTrof\u0117jo 813&quot; premija. K\u016brinys, \u012fkv\u0117p\u0119s\" \/>\n<meta name=\"robots\" content=\"index, follow, max-snippet:-1, max-image-preview:large, max-video-preview:-1\" \/>\n<link rel=\"canonical\" href=\"https:\/\/skaitytaknyga.lt\/en\/produktas\/totalus-chaosas\/\" \/>\n<meta property=\"og:locale\" content=\"en_GB\" \/>\n<meta property=\"og:locale:alternate\" content=\"lt_LT\" \/>\n<meta property=\"og:type\" content=\"article\" \/>\n<meta property=\"og:title\" content=\"Totalus chaosas\" \/>\n<meta property=\"og:description\" content=\"\u201eTotalus chaosas\u201c\u00a0\u2013 pirmoji pranc\u016bz\u0173 ra\u0161ytojo\u00a0Jean-Claude Izzo\u00a0(1945-2000) Marselio trilogijos knyga, \u012fvertinta \u201eTrof\u0117jo 813&quot; premija. K\u016brinys, \u012fkv\u0117p\u0119s\" \/>\n<meta property=\"og:url\" content=\"https:\/\/skaitytaknyga.lt\/en\/produktas\/totalus-chaosas\/\" \/>\n<meta property=\"og:site_name\" content=\"Skaitytaknyga\" \/>\n<meta property=\"article:publisher\" content=\"https:\/\/www.facebook.com\/skaitytaknyga\/\" \/>\n<meta property=\"article:modified_time\" content=\"2025-01-25T14:18:13+00:00\" \/>\n<meta property=\"og:image\" content=\"https:\/\/skaitytaknyga.lt\/wp-content\/uploads\/2025\/01\/Totalus-chaosas.webp\" \/>\n\t<meta property=\"og:image:width\" content=\"311\" \/>\n\t<meta property=\"og:image:height\" content=\"500\" \/>\n\t<meta property=\"og:image:type\" content=\"image\/webp\" \/>\n<meta name=\"twitter:card\" content=\"summary_large_image\" \/>\n<meta name=\"twitter:label1\" content=\"Estimated reading time\" \/>\n\t<meta name=\"twitter:data1\" content=\"2 minutes\" \/>\n<script type=\"application\/ld+json\" class=\"yoast-schema-graph\">{\"@context\":\"https:\/\/schema.org\",\"@graph\":[{\"@type\":\"WebPage\",\"@id\":\"https:\/\/skaitytaknyga.lt\/produktas\/totalus-chaosas\/\",\"url\":\"https:\/\/skaitytaknyga.lt\/produktas\/totalus-chaosas\/\",\"name\":\"Totalus chaosas\",\"isPartOf\":{\"@id\":\"https:\/\/skaitytaknyga.lt\/#website\"},\"primaryImageOfPage\":{\"@id\":\"https:\/\/skaitytaknyga.lt\/produktas\/totalus-chaosas\/#primaryimage\"},\"image\":{\"@id\":\"https:\/\/skaitytaknyga.lt\/produktas\/totalus-chaosas\/#primaryimage\"},\"thumbnailUrl\":\"https:\/\/skaitytaknyga.lt\/wp-content\/uploads\/2025\/01\/Totalus-chaosas.webp\",\"datePublished\":\"2025-01-25T14:16:34+00:00\",\"dateModified\":\"2025-01-25T14:18:13+00:00\",\"description\":\"\u201eTotalus chaosas\u201c\u00a0\u2013 pirmoji pranc\u016bz\u0173 ra\u0161ytojo\u00a0Jean-Claude Izzo\u00a0(1945-2000) Marselio trilogijos knyga, \u012fvertinta \u201eTrof\u0117jo 813\\\" premija. K\u016brinys, \u012fkv\u0117p\u0119s\",\"breadcrumb\":{\"@id\":\"https:\/\/skaitytaknyga.lt\/produktas\/totalus-chaosas\/#breadcrumb\"},\"inLanguage\":\"en-GB\",\"potentialAction\":[{\"@type\":\"ReadAction\",\"target\":[\"https:\/\/skaitytaknyga.lt\/produktas\/totalus-chaosas\/\"]}]},{\"@type\":\"ImageObject\",\"inLanguage\":\"en-GB\",\"@id\":\"https:\/\/skaitytaknyga.lt\/produktas\/totalus-chaosas\/#primaryimage\",\"url\":\"https:\/\/skaitytaknyga.lt\/wp-content\/uploads\/2025\/01\/Totalus-chaosas.webp\",\"contentUrl\":\"https:\/\/skaitytaknyga.lt\/wp-content\/uploads\/2025\/01\/Totalus-chaosas.webp\",\"width\":311,\"height\":500,\"caption\":\"Totalus chaosas\"},{\"@type\":\"BreadcrumbList\",\"@id\":\"https:\/\/skaitytaknyga.lt\/produktas\/totalus-chaosas\/#breadcrumb\",\"itemListElement\":[{\"@type\":\"ListItem\",\"position\":1,\"name\":\"Home\",\"item\":\"https:\/\/skaitytaknyga.lt\/\"},{\"@type\":\"ListItem\",\"position\":2,\"name\":\"Parduotuv\u0117\",\"item\":\"https:\/\/skaitytaknyga.lt\/knygu-parduotuve\/\"},{\"@type\":\"ListItem\",\"position\":3,\"name\":\"Totalus chaosas\"}]},{\"@type\":\"WebSite\",\"@id\":\"https:\/\/skaitytaknyga.lt\/#website\",\"url\":\"https:\/\/skaitytaknyga.lt\/\",\"name\":\"skaitytaknyga.lt\",\"description\":\"Skaitytaknyga.lt \u2013 tai ma\u017eas \u0161eimos verslas, kuris prasid\u0117jo nuo meil\u0117s knygoms ir siekio i\u0161gelb\u0117ti knygas nuo likimo prie konteinerio. Kas vienam nereikalingas daiktas \u2013 kitam lobis, o mes esame tarpininkai, kurie padeda abiems tapti laimingesniems ???? \u017dinome kaip nelengva i\u0161gyventi ma\u017eiems verslams, tad nuo \u0161iol, \u010dia rasite ir kit\u0173, ma\u017e\u0173 \u0161eim\u0173 versl\u0173, rank\u0173 darbo, dovan\u0173 sau ir artimiesiems.\",\"publisher\":{\"@id\":\"https:\/\/skaitytaknyga.lt\/#organization\"},\"potentialAction\":[{\"@type\":\"SearchAction\",\"target\":{\"@type\":\"EntryPoint\",\"urlTemplate\":\"https:\/\/skaitytaknyga.lt\/?s={search_term_string}\"},\"query-input\":{\"@type\":\"PropertyValueSpecification\",\"valueRequired\":true,\"valueName\":\"search_term_string\"}}],\"inLanguage\":\"en-GB\"},{\"@type\":\"Organization\",\"@id\":\"https:\/\/skaitytaknyga.lt\/#organization\",\"name\":\"skaitytaknyga.lt\",\"url\":\"https:\/\/skaitytaknyga.lt\/\",\"logo\":{\"@type\":\"ImageObject\",\"inLanguage\":\"en-GB\",\"@id\":\"https:\/\/skaitytaknyga.lt\/#\/schema\/logo\/image\/\",\"url\":\"https:\/\/skaitytaknyga.lt\/wp-content\/uploads\/2024\/05\/cropped-cropped-cropped-02_00843_jt3bggkj1j3HLc7SyY6rEUpg.jpeg\",\"contentUrl\":\"https:\/\/skaitytaknyga.lt\/wp-content\/uploads\/2024\/05\/cropped-cropped-cropped-02_00843_jt3bggkj1j3HLc7SyY6rEUpg.jpeg\",\"width\":1600,\"height\":1600,\"caption\":\"skaitytaknyga.lt\"},\"image\":{\"@id\":\"https:\/\/skaitytaknyga.lt\/#\/schema\/logo\/image\/\"},\"sameAs\":[\"https:\/\/www.facebook.com\/skaitytaknyga\/\"]}]}<\/script>\n<!-- \/ Yoast SEO plugin. -->","yoast_head_json":{"title":"Totalus chaosas","description":"\u201eTotalus chaosas\u201c\u00a0\u2013 pirmoji pranc\u016bz\u0173 ra\u0161ytojo\u00a0Jean-Claude Izzo\u00a0(1945-2000) Marselio trilogijos knyga, \u012fvertinta \u201eTrof\u0117jo 813\" premija. K\u016brinys, \u012fkv\u0117p\u0119s","robots":{"index":"index","follow":"follow","max-snippet":"max-snippet:-1","max-image-preview":"max-image-preview:large","max-video-preview":"max-video-preview:-1"},"canonical":"https:\/\/skaitytaknyga.lt\/en\/produktas\/totalus-chaosas\/","og_locale":"en_GB","og_type":"article","og_title":"[:lt]Totalus chaosas[:] - Skaitytaknyga","og_description":"\u201eTotalus chaosas\u201c\u00a0\u2013 pirmoji pranc\u016bz\u0173 ra\u0161ytojo\u00a0Jean-Claude Izzo\u00a0(1945-2000) Marselio trilogijos knyga, \u012fvertinta \u201eTrof\u0117jo 813\" premija. K\u016brinys, \u012fkv\u0117p\u0119s","og_url":"https:\/\/skaitytaknyga.lt\/en\/produktas\/totalus-chaosas\/","og_site_name":"Skaitytaknyga","article_publisher":"https:\/\/www.facebook.com\/skaitytaknyga\/","article_modified_time":"2025-01-25T14:18:13+00:00","og_image":[{"width":311,"height":500,"url":"https:\/\/skaitytaknyga.lt\/wp-content\/uploads\/2025\/01\/Totalus-chaosas.webp","type":"image\/webp"}],"twitter_card":"summary_large_image","twitter_misc":{"Estimated reading time":"2 minutes"},"schema":{"@context":"https:\/\/schema.org","@graph":[{"@type":"WebPage","@id":"https:\/\/skaitytaknyga.lt\/produktas\/totalus-chaosas\/","url":"https:\/\/skaitytaknyga.lt\/produktas\/totalus-chaosas\/","name":"Totalus chaosas","isPartOf":{"@id":"https:\/\/skaitytaknyga.lt\/#website"},"primaryImageOfPage":{"@id":"https:\/\/skaitytaknyga.lt\/produktas\/totalus-chaosas\/#primaryimage"},"image":{"@id":"https:\/\/skaitytaknyga.lt\/produktas\/totalus-chaosas\/#primaryimage"},"thumbnailUrl":"https:\/\/skaitytaknyga.lt\/wp-content\/uploads\/2025\/01\/Totalus-chaosas.webp","datePublished":"2025-01-25T14:16:34+00:00","dateModified":"2025-01-25T14:18:13+00:00","description":"\u201eTotalus chaosas\u201c\u00a0\u2013 pirmoji pranc\u016bz\u0173 ra\u0161ytojo\u00a0Jean-Claude Izzo\u00a0(1945-2000) Marselio trilogijos knyga, \u012fvertinta \u201eTrof\u0117jo 813\" premija. K\u016brinys, \u012fkv\u0117p\u0119s","breadcrumb":{"@id":"https:\/\/skaitytaknyga.lt\/produktas\/totalus-chaosas\/#breadcrumb"},"inLanguage":"en-GB","potentialAction":[{"@type":"ReadAction","target":["https:\/\/skaitytaknyga.lt\/produktas\/totalus-chaosas\/"]}]},{"@type":"ImageObject","inLanguage":"en-GB","@id":"https:\/\/skaitytaknyga.lt\/produktas\/totalus-chaosas\/#primaryimage","url":"https:\/\/skaitytaknyga.lt\/wp-content\/uploads\/2025\/01\/Totalus-chaosas.webp","contentUrl":"https:\/\/skaitytaknyga.lt\/wp-content\/uploads\/2025\/01\/Totalus-chaosas.webp","width":311,"height":500,"caption":"Totalus chaosas"},{"@type":"BreadcrumbList","@id":"https:\/\/skaitytaknyga.lt\/produktas\/totalus-chaosas\/#breadcrumb","itemListElement":[{"@type":"ListItem","position":1,"name":"Home","item":"https:\/\/skaitytaknyga.lt\/"},{"@type":"ListItem","position":2,"name":"Parduotuv\u0117","item":"https:\/\/skaitytaknyga.lt\/knygu-parduotuve\/"},{"@type":"ListItem","position":3,"name":"Totalus chaosas"}]},{"@type":"WebSite","@id":"https:\/\/skaitytaknyga.lt\/#website","url":"https:\/\/skaitytaknyga.lt\/","name":"skaitytaknyga.lt","description":"Skaitytaknyga.lt \u2013 tai ma\u017eas \u0161eimos verslas, kuris prasid\u0117jo nuo meil\u0117s knygoms ir siekio i\u0161gelb\u0117ti knygas nuo likimo prie konteinerio. Kas vienam nereikalingas daiktas \u2013 kitam lobis, o mes esame tarpininkai, kurie padeda abiems tapti laimingesniems ???? \u017dinome kaip nelengva i\u0161gyventi ma\u017eiems verslams, tad nuo \u0161iol, \u010dia rasite ir kit\u0173, ma\u017e\u0173 \u0161eim\u0173 versl\u0173, rank\u0173 darbo, dovan\u0173 sau ir artimiesiems.","publisher":{"@id":"https:\/\/skaitytaknyga.lt\/#organization"},"potentialAction":[{"@type":"SearchAction","target":{"@type":"EntryPoint","urlTemplate":"https:\/\/skaitytaknyga.lt\/?s={search_term_string}"},"query-input":{"@type":"PropertyValueSpecification","valueRequired":true,"valueName":"search_term_string"}}],"inLanguage":"en-GB"},{"@type":"Organization","@id":"https:\/\/skaitytaknyga.lt\/#organization","name":"skaitytaknyga.lt","url":"https:\/\/skaitytaknyga.lt\/","logo":{"@type":"ImageObject","inLanguage":"en-GB","@id":"https:\/\/skaitytaknyga.lt\/#\/schema\/logo\/image\/","url":"https:\/\/skaitytaknyga.lt\/wp-content\/uploads\/2024\/05\/cropped-cropped-cropped-02_00843_jt3bggkj1j3HLc7SyY6rEUpg.jpeg","contentUrl":"https:\/\/skaitytaknyga.lt\/wp-content\/uploads\/2024\/05\/cropped-cropped-cropped-02_00843_jt3bggkj1j3HLc7SyY6rEUpg.jpeg","width":1600,"height":1600,"caption":"skaitytaknyga.lt"},"image":{"@id":"https:\/\/skaitytaknyga.lt\/#\/schema\/logo\/image\/"},"sameAs":["https:\/\/www.facebook.com\/skaitytaknyga\/"]}]}},"_links":{"self":[{"href":"https:\/\/skaitytaknyga.lt\/en\/wp-json\/wp\/v2\/product\/16131","targetHints":{"allow":["GET"]}}],"collection":[{"href":"https:\/\/skaitytaknyga.lt\/en\/wp-json\/wp\/v2\/product"}],"about":[{"href":"https:\/\/skaitytaknyga.lt\/en\/wp-json\/wp\/v2\/types\/product"}],"replies":[{"embeddable":true,"href":"https:\/\/skaitytaknyga.lt\/en\/wp-json\/wp\/v2\/comments?post=16131"}],"wp:featuredmedia":[{"embeddable":true,"href":"https:\/\/skaitytaknyga.lt\/en\/wp-json\/wp\/v2\/media\/16132"}],"wp:attachment":[{"href":"https:\/\/skaitytaknyga.lt\/en\/wp-json\/wp\/v2\/media?parent=16131"}],"wp:term":[{"taxonomy":"product_brand","embeddable":true,"href":"https:\/\/skaitytaknyga.lt\/en\/wp-json\/wp\/v2\/product_brand?post=16131"},{"taxonomy":"product_cat","embeddable":true,"href":"https:\/\/skaitytaknyga.lt\/en\/wp-json\/wp\/v2\/product_cat?post=16131"},{"taxonomy":"product_tag","embeddable":true,"href":"https:\/\/skaitytaknyga.lt\/en\/wp-json\/wp\/v2\/product_tag?post=16131"}],"curies":[{"name":"wp","href":"https:\/\/api.w.org\/{rel}","templated":true}]}}