{"id":16088,"date":"2025-01-25T15:30:20","date_gmt":"2025-01-25T13:30:20","guid":{"rendered":"https:\/\/skaitytaknyga.lt\/?post_type=product&#038;p=16088"},"modified":"2025-06-11T09:54:58","modified_gmt":"2025-06-11T06:54:58","slug":"kur-gimsta-svajones","status":"publish","type":"product","link":"https:\/\/skaitytaknyga.lt\/en\/produktas\/kur-gimsta-svajones\/","title":{"rendered":"Kur gimsta svajon\u0117s"},"content":{"rendered":"<p>Zacharijus Bronsonas savo protu, u\u017esispyrimu ir ry\u017etu suk\u016br\u0117 prabangos ir galios imperij\u0105, ta\u010diau garbioji Londono aristokratija \u017eino: jis n\u0117ra ir niekada nebus d\u017eentelmenas.<\/p>\n<p>Kilminga, nepriekai\u0161tingos reputacijos \u017emona pad\u0117t\u0173 jam \u012fsitvirtinti auk\u0161tuomen\u0117je, o ir su\u0161ildyt\u0173 lovoje. Ta\u010diau vienintelis ledi Hol\u0117s Teilor bu\u010dinys, kur\u012f Zacharijus netik\u0117tai pavagia per pob\u016bv\u012f, pa\u017eadina nepalyginamai stipresn\u012f poreik\u012f nei pelnyti pripa\u017einim\u0105 ir pagarb\u0105.<\/p>\n<p>Jaunoji na\u0161l\u0117 ledi Hol\u0117 gyvena nenusi\u017eengdama grie\u017etoms visuomen\u0117s elgesio normoms ir neigdama tikruosius savo tro\u0161kimus. Kai pra\u0161matnus nepa\u017e\u012fstamasis pateikia jai skandalu grasinant\u012f pasi\u016blym\u0105, noras i\u0161sukti i\u0161 tiesaus kelio, kuriuo lig \u0161iol \u0117jo, tik sustipr\u0117ja. Holei teks apsispr\u0119sti: pamir\u0161ti nebyl\u0173 u\u017edrausto bu\u010dinio pa\u017ead\u0105 ar rizikuojant viskuo sekti paskui savo \u0161ird\u012f ten, kur gimsta svajon\u0117s&#8230;<\/p>\n<p><strong>Lisa Kleypas<\/strong>\u00a0(<strong>Liza Kleipas<\/strong>) \u2013 dvide\u0161imt vieno istorinio ir \u0161iuolaikinio meil\u0117s romano, i\u0161versto \u012f keturiolika pasaulio kalb\u0173, autor\u0117. 1985 m. ji tapo gro\u017eio konkurso \u201eMis Masa\u010dusetsas\u201c nugal\u0117toja, dalyvavo konkurse \u201eMis Amerika\u201c. B\u016bdama dvide\u0161imt vien\u0173 Lisa baig\u0117 Velslio koled\u017ee politikos mokslus ir i\u0161leido savo pirm\u0105j\u012f roman\u0105. Jos knygos netrukus pateko \u012f \u201eNew York Times\u201c, \u201eUSA Today\u201c ir \u201ePublishers Weekly\u201c skelbiam\u0173 perkamiausi\u0173 knyg\u0173 s\u0105ra\u0161us.<\/p>\n<p>2002 m. Lisa Kleypas apdovanota presti\u017einiu \u201eRomance Writers of America\u201c asociacijos RITA prizu. Auksin\u0117 statul\u0117l\u0117, pavadinta pirmosios asociacijos prezident\u0117s Ritos Klei Estrados (Rita Clay Estrada) vardu, simbolizuoja meil\u0117s roman\u0173 ra\u0161ytojo meistri\u0161kum\u0105.<\/p>\n<p>Originalus pavadinimas: Where Dreams Begin<br \/>\nAutorius: Lisa Kleypas<br \/>\nLeid\u0117jas: Svajoni\u0173 knygos<br \/>\nMetai: 2019<br \/>\nPuslapiai: 416<br \/>\nISBN: 9786090304907<br \/>\nVersijos kodas: PT.<br \/>\nFormatas: 14,5 x 21 x 3,9 cm, kieti vir\u0161eliai<br \/>\nKalba: Lietuvi\u0173<br \/>\nVert\u0117jas: Egl\u0117 Gaivenyt\u0117<\/p>\n","protected":false},"excerpt":{"rendered":"<p>Zacharijus Bronsonas savo protu, u\u017esispyrimu ir ry\u017etu suk\u016br\u0117 prabangos ir galios imperij\u0105, ta\u010diau garbioji Londono aristokratija \u017eino: jis n\u0117ra ir niekada nebus d\u017eentelmenas. Kilminga, nepriekai\u0161tingos reputacijos \u017emona pad\u0117t\u0173 jam \u012fsitvirtinti auk\u0161tuomen\u0117je, o ir su\u0161ildyt\u0173 lovoje. Ta\u010diau vienintelis ledi Hol\u0117s Teilor bu\u010dinys, kur\u012f Zacharijus netik\u0117tai pavagia per pob\u016bv\u012f, pa\u017eadina nepalyginamai stipresn\u012f poreik\u012f nei pelnyti pripa\u017einim\u0105 ir pagarb\u0105. Jaunoji na\u0161l\u0117 ledi Hol\u0117 gyvena nenusi\u017eengdama grie\u017etoms visuomen\u0117s elgesio normoms ir neigdama tikruosius savo tro\u0161kimus. Kai pra\u0161matnus nepa\u017e\u012fstamasis pateikia jai skandalu grasinant\u012f pasi\u016blym\u0105, noras i\u0161sukti i\u0161 tiesaus kelio, kuriuo lig \u0161iol \u0117jo, tik sustipr\u0117ja. Holei teks apsispr\u0119sti: pamir\u0161ti nebyl\u0173 u\u017edrausto bu\u010dinio pa\u017ead\u0105 ar rizikuojant viskuo sekti paskui savo \u0161ird\u012f ten, kur gimsta svajon\u0117s&#8230; Lisa Kleypas\u00a0(Liza Kleipas) \u2013 dvide\u0161imt vieno istorinio ir \u0161iuolaikinio meil\u0117s romano, i\u0161versto \u012f keturiolika pasaulio kalb\u0173, autor\u0117. 1985 m. ji tapo gro\u017eio konkurso \u201eMis Masa\u010dusetsas\u201c nugal\u0117toja, dalyvavo konkurse \u201eMis Amerika\u201c. B\u016bdama dvide\u0161imt vien\u0173 Lisa baig\u0117 Velslio koled\u017ee politikos mokslus ir i\u0161leido savo pirm\u0105j\u012f roman\u0105. Jos knygos netrukus pateko \u012f \u201eNew York Times\u201c, \u201eUSA Today\u201c ir \u201ePublishers Weekly\u201c skelbiam\u0173 perkamiausi\u0173 knyg\u0173 s\u0105ra\u0161us. 2002 m. Lisa Kleypas apdovanota presti\u017einiu \u201eRomance Writers of America\u201c asociacijos RITA prizu. Auksin\u0117 statul\u0117l\u0117, pavadinta pirmosios asociacijos prezident\u0117s Ritos Klei Estrados (Rita Clay Estrada) vardu, simbolizuoja meil\u0117s roman\u0173 ra\u0161ytojo meistri\u0161kum\u0105. Originalus pavadinimas: Where Dreams Begin Autorius: Lisa Kleypas Leid\u0117jas: Svajoni\u0173 knygos Metai: 2019 Puslapiai: 416 ISBN: 9786090304907 Versijos kodas: PT. Formatas: 14,5 x 21 x 3,9 cm, kieti vir\u0161eliai Kalba: Lietuvi\u0173 Vert\u0117jas: Egl\u0117 Gaivenyt\u0117<\/p>\n","protected":false},"featured_media":16089,"comment_status":"closed","ping_status":"closed","template":"","meta":{"_acf_changed":false,"site-sidebar-layout":"default","site-content-layout":"","ast-site-content-layout":"default","site-content-style":"default","site-sidebar-style":"default","ast-global-header-display":"","ast-banner-title-visibility":"","ast-main-header-display":"","ast-hfb-above-header-display":"","ast-hfb-below-header-display":"","ast-hfb-mobile-header-display":"","site-post-title":"","ast-breadcrumbs-content":"","ast-featured-img":"","footer-sml-layout":"","ast-disable-related-posts":"","theme-transparent-header-meta":"default","adv-header-id-meta":"","stick-header-meta":"","header-above-stick-meta":"","header-main-stick-meta":"","header-below-stick-meta":"","astra-migrate-meta-layouts":"set","ast-page-background-enabled":"default","ast-page-background-meta":{"desktop":{"background-color":"","background-image":"","background-repeat":"repeat","background-position":"center center","background-size":"auto","background-attachment":"scroll","background-type":"","background-media":"","overlay-type":"","overlay-color":"","overlay-opacity":"","overlay-gradient":""},"tablet":{"background-color":"","background-image":"","background-repeat":"repeat","background-position":"center center","background-size":"auto","background-attachment":"scroll","background-type":"","background-media":"","overlay-type":"","overlay-color":"","overlay-opacity":"","overlay-gradient":""},"mobile":{"background-color":"","background-image":"","background-repeat":"repeat","background-position":"center center","background-size":"auto","background-attachment":"scroll","background-type":"","background-media":"","overlay-type":"","overlay-color":"","overlay-opacity":"","overlay-gradient":""}},"ast-content-background-meta":{"desktop":{"background-color":"var(--ast-global-color-4)","background-image":"","background-repeat":"repeat","background-position":"center center","background-size":"auto","background-attachment":"scroll","background-type":"","background-media":"","overlay-type":"","overlay-color":"","overlay-opacity":"","overlay-gradient":""},"tablet":{"background-color":"var(--ast-global-color-4)","background-image":"","background-repeat":"repeat","background-position":"center center","background-size":"auto","background-attachment":"scroll","background-type":"","background-media":"","overlay-type":"","overlay-color":"","overlay-opacity":"","overlay-gradient":""},"mobile":{"background-color":"var(--ast-global-color-4)","background-image":"","background-repeat":"repeat","background-position":"center center","background-size":"auto","background-attachment":"scroll","background-type":"","background-media":"","overlay-type":"","overlay-color":"","overlay-opacity":"","overlay-gradient":""}}},"product_brand":[],"product_cat":[31],"product_tag":[4509,2775,4933,4049,2129,3057],"class_list":{"0":"post-16088","1":"product","2":"type-product","3":"status-publish","4":"has-post-thumbnail","6":"product_cat-grozine-literatura","7":"product_tag-anglija","8":"product_tag-aristokratija","9":"product_tag-istorine-meiles-istorija","10":"product_tag-lisa-kleypas","11":"product_tag-romantika","12":"product_tag-xix-a","13":"desktop-align-left","14":"tablet-align-left","15":"mobile-align-left","17":"first","18":"instock","19":"shipping-taxable","20":"purchasable","21":"product-type-simple"},"acf":[],"yoast_head":"<!-- This site is optimized with the Yoast SEO plugin v27.0 - https:\/\/yoast.com\/product\/yoast-seo-wordpress\/ -->\n<title>Kur gimsta svajon\u0117s<\/title>\n<meta name=\"description\" content=\"Zacharijus Bronsonas savo protu, u\u017esispyrimu ir ry\u017etu suk\u016br\u0117 prabangos ir galios imperij\u0105, ta\u010diau garbioji Londono aristokratija \u017eino: jis n\u0117ra ir niekada\" \/>\n<meta name=\"robots\" content=\"index, follow, max-snippet:-1, max-image-preview:large, max-video-preview:-1\" \/>\n<link rel=\"canonical\" href=\"https:\/\/skaitytaknyga.lt\/en\/produktas\/kur-gimsta-svajones\/\" \/>\n<meta property=\"og:locale\" content=\"en_GB\" \/>\n<meta property=\"og:locale:alternate\" content=\"lt_LT\" \/>\n<meta property=\"og:type\" content=\"article\" \/>\n<meta property=\"og:title\" content=\"Kur gimsta svajon\u0117s\" \/>\n<meta property=\"og:description\" content=\"Zacharijus Bronsonas savo protu, u\u017esispyrimu ir ry\u017etu suk\u016br\u0117 prabangos ir galios imperij\u0105, ta\u010diau garbioji Londono aristokratija \u017eino: jis n\u0117ra ir niekada\" \/>\n<meta property=\"og:url\" content=\"https:\/\/skaitytaknyga.lt\/en\/produktas\/kur-gimsta-svajones\/\" \/>\n<meta property=\"og:site_name\" content=\"Skaitytaknyga\" \/>\n<meta property=\"article:publisher\" content=\"https:\/\/www.facebook.com\/skaitytaknyga\/\" \/>\n<meta property=\"article:modified_time\" content=\"2025-06-11T06:54:58+00:00\" \/>\n<meta property=\"og:image\" content=\"https:\/\/skaitytaknyga.lt\/wp-content\/uploads\/2025\/01\/Kur-gimsta-svajones.webp\" \/>\n\t<meta property=\"og:image:width\" content=\"568\" \/>\n\t<meta property=\"og:image:height\" content=\"800\" \/>\n\t<meta property=\"og:image:type\" content=\"image\/webp\" \/>\n<meta name=\"twitter:card\" content=\"summary_large_image\" \/>\n<meta name=\"twitter:label1\" content=\"Estimated reading time\" \/>\n\t<meta name=\"twitter:data1\" content=\"2 minutes\" \/>\n<script type=\"application\/ld+json\" class=\"yoast-schema-graph\">{\"@context\":\"https:\/\/schema.org\",\"@graph\":[{\"@type\":\"WebPage\",\"@id\":\"https:\/\/skaitytaknyga.lt\/produktas\/kur-gimsta-svajones\/\",\"url\":\"https:\/\/skaitytaknyga.lt\/produktas\/kur-gimsta-svajones\/\",\"name\":\"Kur gimsta svajon\u0117s\",\"isPartOf\":{\"@id\":\"https:\/\/skaitytaknyga.lt\/#website\"},\"primaryImageOfPage\":{\"@id\":\"https:\/\/skaitytaknyga.lt\/produktas\/kur-gimsta-svajones\/#primaryimage\"},\"image\":{\"@id\":\"https:\/\/skaitytaknyga.lt\/produktas\/kur-gimsta-svajones\/#primaryimage\"},\"thumbnailUrl\":\"https:\/\/skaitytaknyga.lt\/wp-content\/uploads\/2025\/01\/Kur-gimsta-svajones.webp\",\"datePublished\":\"2025-01-25T13:30:20+00:00\",\"dateModified\":\"2025-06-11T06:54:58+00:00\",\"description\":\"Zacharijus Bronsonas savo protu, u\u017esispyrimu ir ry\u017etu suk\u016br\u0117 prabangos ir galios imperij\u0105, ta\u010diau garbioji Londono aristokratija \u017eino: jis n\u0117ra ir niekada\",\"breadcrumb\":{\"@id\":\"https:\/\/skaitytaknyga.lt\/produktas\/kur-gimsta-svajones\/#breadcrumb\"},\"inLanguage\":\"en-GB\",\"potentialAction\":[{\"@type\":\"ReadAction\",\"target\":[\"https:\/\/skaitytaknyga.lt\/produktas\/kur-gimsta-svajones\/\"]}]},{\"@type\":\"ImageObject\",\"inLanguage\":\"en-GB\",\"@id\":\"https:\/\/skaitytaknyga.lt\/produktas\/kur-gimsta-svajones\/#primaryimage\",\"url\":\"https:\/\/skaitytaknyga.lt\/wp-content\/uploads\/2025\/01\/Kur-gimsta-svajones.webp\",\"contentUrl\":\"https:\/\/skaitytaknyga.lt\/wp-content\/uploads\/2025\/01\/Kur-gimsta-svajones.webp\",\"width\":568,\"height\":800,\"caption\":\"Kur gimsta svajon\u0117s\"},{\"@type\":\"BreadcrumbList\",\"@id\":\"https:\/\/skaitytaknyga.lt\/produktas\/kur-gimsta-svajones\/#breadcrumb\",\"itemListElement\":[{\"@type\":\"ListItem\",\"position\":1,\"name\":\"Home\",\"item\":\"https:\/\/skaitytaknyga.lt\/\"},{\"@type\":\"ListItem\",\"position\":2,\"name\":\"Parduotuv\u0117\",\"item\":\"https:\/\/skaitytaknyga.lt\/knygu-parduotuve\/\"},{\"@type\":\"ListItem\",\"position\":3,\"name\":\"Kur gimsta svajon\u0117s\"}]},{\"@type\":\"WebSite\",\"@id\":\"https:\/\/skaitytaknyga.lt\/#website\",\"url\":\"https:\/\/skaitytaknyga.lt\/\",\"name\":\"skaitytaknyga.lt\",\"description\":\"Skaitytaknyga.lt \u2013 tai ma\u017eas \u0161eimos verslas, kuris prasid\u0117jo nuo meil\u0117s knygoms ir siekio i\u0161gelb\u0117ti knygas nuo likimo prie konteinerio. Kas vienam nereikalingas daiktas \u2013 kitam lobis, o mes esame tarpininkai, kurie padeda abiems tapti laimingesniems ???? \u017dinome kaip nelengva i\u0161gyventi ma\u017eiems verslams, tad nuo \u0161iol, \u010dia rasite ir kit\u0173, ma\u017e\u0173 \u0161eim\u0173 versl\u0173, rank\u0173 darbo, dovan\u0173 sau ir artimiesiems.\",\"publisher\":{\"@id\":\"https:\/\/skaitytaknyga.lt\/#organization\"},\"potentialAction\":[{\"@type\":\"SearchAction\",\"target\":{\"@type\":\"EntryPoint\",\"urlTemplate\":\"https:\/\/skaitytaknyga.lt\/?s={search_term_string}\"},\"query-input\":{\"@type\":\"PropertyValueSpecification\",\"valueRequired\":true,\"valueName\":\"search_term_string\"}}],\"inLanguage\":\"en-GB\"},{\"@type\":\"Organization\",\"@id\":\"https:\/\/skaitytaknyga.lt\/#organization\",\"name\":\"skaitytaknyga.lt\",\"url\":\"https:\/\/skaitytaknyga.lt\/\",\"logo\":{\"@type\":\"ImageObject\",\"inLanguage\":\"en-GB\",\"@id\":\"https:\/\/skaitytaknyga.lt\/#\/schema\/logo\/image\/\",\"url\":\"https:\/\/skaitytaknyga.lt\/wp-content\/uploads\/2024\/05\/cropped-cropped-cropped-02_00843_jt3bggkj1j3HLc7SyY6rEUpg.jpeg\",\"contentUrl\":\"https:\/\/skaitytaknyga.lt\/wp-content\/uploads\/2024\/05\/cropped-cropped-cropped-02_00843_jt3bggkj1j3HLc7SyY6rEUpg.jpeg\",\"width\":1600,\"height\":1600,\"caption\":\"skaitytaknyga.lt\"},\"image\":{\"@id\":\"https:\/\/skaitytaknyga.lt\/#\/schema\/logo\/image\/\"},\"sameAs\":[\"https:\/\/www.facebook.com\/skaitytaknyga\/\"]}]}<\/script>\n<!-- \/ Yoast SEO plugin. -->","yoast_head_json":{"title":"Kur gimsta svajon\u0117s","description":"Zacharijus Bronsonas savo protu, u\u017esispyrimu ir ry\u017etu suk\u016br\u0117 prabangos ir galios imperij\u0105, ta\u010diau garbioji Londono aristokratija \u017eino: jis n\u0117ra ir niekada","robots":{"index":"index","follow":"follow","max-snippet":"max-snippet:-1","max-image-preview":"max-image-preview:large","max-video-preview":"max-video-preview:-1"},"canonical":"https:\/\/skaitytaknyga.lt\/en\/produktas\/kur-gimsta-svajones\/","og_locale":"en_GB","og_type":"article","og_title":"[:lt]Kur gimsta svajon\u0117s[:] - Skaitytaknyga","og_description":"Zacharijus Bronsonas savo protu, u\u017esispyrimu ir ry\u017etu suk\u016br\u0117 prabangos ir galios imperij\u0105, ta\u010diau garbioji Londono aristokratija \u017eino: jis n\u0117ra ir niekada","og_url":"https:\/\/skaitytaknyga.lt\/en\/produktas\/kur-gimsta-svajones\/","og_site_name":"Skaitytaknyga","article_publisher":"https:\/\/www.facebook.com\/skaitytaknyga\/","article_modified_time":"2025-06-11T06:54:58+00:00","og_image":[{"width":568,"height":800,"url":"https:\/\/skaitytaknyga.lt\/wp-content\/uploads\/2025\/01\/Kur-gimsta-svajones.webp","type":"image\/webp"}],"twitter_card":"summary_large_image","twitter_misc":{"Estimated reading time":"2 minutes"},"schema":{"@context":"https:\/\/schema.org","@graph":[{"@type":"WebPage","@id":"https:\/\/skaitytaknyga.lt\/produktas\/kur-gimsta-svajones\/","url":"https:\/\/skaitytaknyga.lt\/produktas\/kur-gimsta-svajones\/","name":"Kur gimsta svajon\u0117s","isPartOf":{"@id":"https:\/\/skaitytaknyga.lt\/#website"},"primaryImageOfPage":{"@id":"https:\/\/skaitytaknyga.lt\/produktas\/kur-gimsta-svajones\/#primaryimage"},"image":{"@id":"https:\/\/skaitytaknyga.lt\/produktas\/kur-gimsta-svajones\/#primaryimage"},"thumbnailUrl":"https:\/\/skaitytaknyga.lt\/wp-content\/uploads\/2025\/01\/Kur-gimsta-svajones.webp","datePublished":"2025-01-25T13:30:20+00:00","dateModified":"2025-06-11T06:54:58+00:00","description":"Zacharijus Bronsonas savo protu, u\u017esispyrimu ir ry\u017etu suk\u016br\u0117 prabangos ir galios imperij\u0105, ta\u010diau garbioji Londono aristokratija \u017eino: jis n\u0117ra ir niekada","breadcrumb":{"@id":"https:\/\/skaitytaknyga.lt\/produktas\/kur-gimsta-svajones\/#breadcrumb"},"inLanguage":"en-GB","potentialAction":[{"@type":"ReadAction","target":["https:\/\/skaitytaknyga.lt\/produktas\/kur-gimsta-svajones\/"]}]},{"@type":"ImageObject","inLanguage":"en-GB","@id":"https:\/\/skaitytaknyga.lt\/produktas\/kur-gimsta-svajones\/#primaryimage","url":"https:\/\/skaitytaknyga.lt\/wp-content\/uploads\/2025\/01\/Kur-gimsta-svajones.webp","contentUrl":"https:\/\/skaitytaknyga.lt\/wp-content\/uploads\/2025\/01\/Kur-gimsta-svajones.webp","width":568,"height":800,"caption":"Kur gimsta svajon\u0117s"},{"@type":"BreadcrumbList","@id":"https:\/\/skaitytaknyga.lt\/produktas\/kur-gimsta-svajones\/#breadcrumb","itemListElement":[{"@type":"ListItem","position":1,"name":"Home","item":"https:\/\/skaitytaknyga.lt\/"},{"@type":"ListItem","position":2,"name":"Parduotuv\u0117","item":"https:\/\/skaitytaknyga.lt\/knygu-parduotuve\/"},{"@type":"ListItem","position":3,"name":"Kur gimsta svajon\u0117s"}]},{"@type":"WebSite","@id":"https:\/\/skaitytaknyga.lt\/#website","url":"https:\/\/skaitytaknyga.lt\/","name":"skaitytaknyga.lt","description":"Skaitytaknyga.lt \u2013 tai ma\u017eas \u0161eimos verslas, kuris prasid\u0117jo nuo meil\u0117s knygoms ir siekio i\u0161gelb\u0117ti knygas nuo likimo prie konteinerio. Kas vienam nereikalingas daiktas \u2013 kitam lobis, o mes esame tarpininkai, kurie padeda abiems tapti laimingesniems ???? \u017dinome kaip nelengva i\u0161gyventi ma\u017eiems verslams, tad nuo \u0161iol, \u010dia rasite ir kit\u0173, ma\u017e\u0173 \u0161eim\u0173 versl\u0173, rank\u0173 darbo, dovan\u0173 sau ir artimiesiems.","publisher":{"@id":"https:\/\/skaitytaknyga.lt\/#organization"},"potentialAction":[{"@type":"SearchAction","target":{"@type":"EntryPoint","urlTemplate":"https:\/\/skaitytaknyga.lt\/?s={search_term_string}"},"query-input":{"@type":"PropertyValueSpecification","valueRequired":true,"valueName":"search_term_string"}}],"inLanguage":"en-GB"},{"@type":"Organization","@id":"https:\/\/skaitytaknyga.lt\/#organization","name":"skaitytaknyga.lt","url":"https:\/\/skaitytaknyga.lt\/","logo":{"@type":"ImageObject","inLanguage":"en-GB","@id":"https:\/\/skaitytaknyga.lt\/#\/schema\/logo\/image\/","url":"https:\/\/skaitytaknyga.lt\/wp-content\/uploads\/2024\/05\/cropped-cropped-cropped-02_00843_jt3bggkj1j3HLc7SyY6rEUpg.jpeg","contentUrl":"https:\/\/skaitytaknyga.lt\/wp-content\/uploads\/2024\/05\/cropped-cropped-cropped-02_00843_jt3bggkj1j3HLc7SyY6rEUpg.jpeg","width":1600,"height":1600,"caption":"skaitytaknyga.lt"},"image":{"@id":"https:\/\/skaitytaknyga.lt\/#\/schema\/logo\/image\/"},"sameAs":["https:\/\/www.facebook.com\/skaitytaknyga\/"]}]}},"_links":{"self":[{"href":"https:\/\/skaitytaknyga.lt\/en\/wp-json\/wp\/v2\/product\/16088","targetHints":{"allow":["GET"]}}],"collection":[{"href":"https:\/\/skaitytaknyga.lt\/en\/wp-json\/wp\/v2\/product"}],"about":[{"href":"https:\/\/skaitytaknyga.lt\/en\/wp-json\/wp\/v2\/types\/product"}],"replies":[{"embeddable":true,"href":"https:\/\/skaitytaknyga.lt\/en\/wp-json\/wp\/v2\/comments?post=16088"}],"wp:featuredmedia":[{"embeddable":true,"href":"https:\/\/skaitytaknyga.lt\/en\/wp-json\/wp\/v2\/media\/16089"}],"wp:attachment":[{"href":"https:\/\/skaitytaknyga.lt\/en\/wp-json\/wp\/v2\/media?parent=16088"}],"wp:term":[{"taxonomy":"product_brand","embeddable":true,"href":"https:\/\/skaitytaknyga.lt\/en\/wp-json\/wp\/v2\/product_brand?post=16088"},{"taxonomy":"product_cat","embeddable":true,"href":"https:\/\/skaitytaknyga.lt\/en\/wp-json\/wp\/v2\/product_cat?post=16088"},{"taxonomy":"product_tag","embeddable":true,"href":"https:\/\/skaitytaknyga.lt\/en\/wp-json\/wp\/v2\/product_tag?post=16088"}],"curies":[{"name":"wp","href":"https:\/\/api.w.org\/{rel}","templated":true}]}}