{"id":16086,"date":"2025-01-25T15:29:04","date_gmt":"2025-01-25T13:29:04","guid":{"rendered":"https:\/\/skaitytaknyga.lt\/?post_type=product&#038;p=16086"},"modified":"2025-06-11T09:54:58","modified_gmt":"2025-06-11T06:54:58","slug":"afrodite-istorijos-receptai-ir-kiti-afrodiziakai","status":"publish","type":"product","link":"https:\/\/skaitytaknyga.lt\/en\/produktas\/afrodite-istorijos-receptai-ir-kiti-afrodiziakai\/","title":{"rendered":"Afrodit\u0117. Istorijos, receptai ir kiti afrodiziakai"},"content":{"rendered":"<p>\u201eDabar a\u0161 apgailestauju d\u0117l diet\u0173, i\u0161 tu\u0161tyb\u0117s atsisakyt\u0173 patiekal\u0173, kaip gailiuosi meil\u0117s prog\u0173, praleist\u0173 d\u0117l begalini\u0173 darb\u0173 ar puritoni\u0161k\u0173 dorybi\u0173\u201c, \u2013 sako Isabel\u0117 Alljend\u0117. Tod\u0117l pagars\u0117jusi\u0173 bestseleri\u0173 autor\u0117 ir para\u0161\u0117 \u0161i\u0105 knyg\u0105, \u201epana\u0161i\u0105 \u012f kelion\u0119 be \u017eem\u0117lapio po jausm\u0173 atminties sritis, kur ribos tarp meil\u0117s ir apetito tokios neai\u0161kios, kad kartais visi\u0161kai i\u0161nyksta.\u201c Tai od\u0117 meil\u0117s d\u017eiaugsmams ir valgymo malonumams, tikra jausm\u0173 puota.<\/p>\n<p><strong>Apie autor\u0119<\/strong><\/p>\n<p>Isabel\u0117s Allend\u0117s, vienos \u017eymiausi\u0173 \u010cil\u0117s ra\u0161ytoj\u0173, gyvenimas, kaip ir jos persona\u017e\u0173, pilnas sukr\u0117tim\u0173 ir likimo permain\u0173. Gimusi Peru (1942 m.), diplomato \u0161eimoje, su motina keliavo \u012f Bolivij\u0105 ir Liban\u0105, po to su vyru ir k\u016bdikiu \u2013 \u012f Belgij\u0105 ir \u0160veicarij\u0105, o 1975 m., b\u0117gdama nuo Pino\u010deto diktat\u016bros, \u012fvykus perversmui prie\u0161 jos d\u0117d\u0119 Salvador\u0105 Allend\u0119, su vyru ir vaikais trylikai met\u0173 pasitrauk\u0117 \u012f Venesuel\u0105. Dabar jau 20 met\u0173 gyvena JAV, Kalifornijoje.<\/p>\n<p>Autorius: Isabel Allende<br \/>\nLeid\u0117jas: Alma littera<br \/>\nMetai: 2009<br \/>\nPuslapiai: 326<br \/>\nISBN: 9789955382430<br \/>\nVersijos kodas: PT.<br \/>\nFormatas: 18 x 25 cm, kieti vir\u0161eliai<br \/>\nKalba: Lietuvi\u0173<br \/>\nVert\u0117jas: Pranas Bieliauskas<\/p>\n","protected":false},"excerpt":{"rendered":"<p>\u201eDabar a\u0161 apgailestauju d\u0117l diet\u0173, i\u0161 tu\u0161tyb\u0117s atsisakyt\u0173 patiekal\u0173, kaip gailiuosi meil\u0117s prog\u0173, praleist\u0173 d\u0117l begalini\u0173 darb\u0173 ar puritoni\u0161k\u0173 dorybi\u0173\u201c, \u2013 sako Isabel\u0117 Alljend\u0117. Tod\u0117l pagars\u0117jusi\u0173 bestseleri\u0173 autor\u0117 ir para\u0161\u0117 \u0161i\u0105 knyg\u0105, \u201epana\u0161i\u0105 \u012f kelion\u0119 be \u017eem\u0117lapio po jausm\u0173 atminties sritis, kur ribos tarp meil\u0117s ir apetito tokios neai\u0161kios, kad kartais visi\u0161kai i\u0161nyksta.\u201c Tai od\u0117 meil\u0117s d\u017eiaugsmams ir valgymo malonumams, tikra jausm\u0173 puota. Apie autor\u0119 Isabel\u0117s Allend\u0117s, vienos \u017eymiausi\u0173 \u010cil\u0117s ra\u0161ytoj\u0173, gyvenimas, kaip ir jos persona\u017e\u0173, pilnas sukr\u0117tim\u0173 ir likimo permain\u0173. Gimusi Peru (1942 m.), diplomato \u0161eimoje, su motina keliavo \u012f Bolivij\u0105 ir Liban\u0105, po to su vyru ir k\u016bdikiu \u2013 \u012f Belgij\u0105 ir \u0160veicarij\u0105, o 1975 m., b\u0117gdama nuo Pino\u010deto diktat\u016bros, \u012fvykus perversmui prie\u0161 jos d\u0117d\u0119 Salvador\u0105 Allend\u0119, su vyru ir vaikais trylikai met\u0173 pasitrauk\u0117 \u012f Venesuel\u0105. Dabar jau 20 met\u0173 gyvena JAV, Kalifornijoje. Autorius: Isabel Allende Leid\u0117jas: Alma littera Metai: 2009 Puslapiai: 326 ISBN: 9789955382430 Versijos kodas: PT. Formatas: 18 x 25 cm, kieti vir\u0161eliai Kalba: Lietuvi\u0173 Vert\u0117jas: Pranas Bieliauskas<\/p>\n","protected":false},"featured_media":16087,"comment_status":"closed","ping_status":"closed","template":"","meta":{"_acf_changed":false,"site-sidebar-layout":"default","site-content-layout":"","ast-site-content-layout":"default","site-content-style":"default","site-sidebar-style":"default","ast-global-header-display":"","ast-banner-title-visibility":"","ast-main-header-display":"","ast-hfb-above-header-display":"","ast-hfb-below-header-display":"","ast-hfb-mobile-header-display":"","site-post-title":"","ast-breadcrumbs-content":"","ast-featured-img":"","footer-sml-layout":"","ast-disable-related-posts":"","theme-transparent-header-meta":"default","adv-header-id-meta":"","stick-header-meta":"","header-above-stick-meta":"","header-main-stick-meta":"","header-below-stick-meta":"","astra-migrate-meta-layouts":"set","ast-page-background-enabled":"default","ast-page-background-meta":{"desktop":{"background-color":"","background-image":"","background-repeat":"repeat","background-position":"center center","background-size":"auto","background-attachment":"scroll","background-type":"","background-media":"","overlay-type":"","overlay-color":"","overlay-opacity":"","overlay-gradient":""},"tablet":{"background-color":"","background-image":"","background-repeat":"repeat","background-position":"center center","background-size":"auto","background-attachment":"scroll","background-type":"","background-media":"","overlay-type":"","overlay-color":"","overlay-opacity":"","overlay-gradient":""},"mobile":{"background-color":"","background-image":"","background-repeat":"repeat","background-position":"center center","background-size":"auto","background-attachment":"scroll","background-type":"","background-media":"","overlay-type":"","overlay-color":"","overlay-opacity":"","overlay-gradient":""}},"ast-content-background-meta":{"desktop":{"background-color":"var(--ast-global-color-4)","background-image":"","background-repeat":"repeat","background-position":"center center","background-size":"auto","background-attachment":"scroll","background-type":"","background-media":"","overlay-type":"","overlay-color":"","overlay-opacity":"","overlay-gradient":""},"tablet":{"background-color":"var(--ast-global-color-4)","background-image":"","background-repeat":"repeat","background-position":"center center","background-size":"auto","background-attachment":"scroll","background-type":"","background-media":"","overlay-type":"","overlay-color":"","overlay-opacity":"","overlay-gradient":""},"mobile":{"background-color":"var(--ast-global-color-4)","background-image":"","background-repeat":"repeat","background-position":"center center","background-size":"auto","background-attachment":"scroll","background-type":"","background-media":"","overlay-type":"","overlay-color":"","overlay-opacity":"","overlay-gradient":""}}},"product_brand":[],"product_cat":[31],"product_tag":[2692,4932,4930,4931,3368,1796],"class_list":{"0":"post-16086","1":"product","2":"type-product","3":"status-publish","4":"has-post-thumbnail","6":"product_cat-grozine-literatura","7":"product_tag-autobiografija","8":"product_tag-ciles-literatura","9":"product_tag-isabel-allende","10":"product_tag-jausmu-pasaulis","11":"product_tag-maistas","12":"product_tag-meile","13":"desktop-align-left","14":"tablet-align-left","15":"mobile-align-left","17":"first","18":"instock","19":"shipping-taxable","20":"purchasable","21":"product-type-simple"},"acf":[],"yoast_head":"<!-- This site is optimized with the Yoast SEO plugin v27.0 - https:\/\/yoast.com\/product\/yoast-seo-wordpress\/ -->\n<title>Afrodit\u0117. Istorijos, receptai ir kiti afrodiziakai<\/title>\n<meta name=\"description\" content=\"\u201eDabar a\u0161 apgailestauju d\u0117l diet\u0173, i\u0161 tu\u0161tyb\u0117s atsisakyt\u0173 patiekal\u0173, kaip gailiuosi meil\u0117s prog\u0173, praleist\u0173 d\u0117l begalini\u0173 darb\u0173 ar puritoni\u0161k\u0173 dorybi\u0173\u201c, \u2013\" \/>\n<meta name=\"robots\" content=\"index, follow, max-snippet:-1, max-image-preview:large, max-video-preview:-1\" \/>\n<link rel=\"canonical\" href=\"https:\/\/skaitytaknyga.lt\/en\/produktas\/afrodite-istorijos-receptai-ir-kiti-afrodiziakai\/\" \/>\n<meta property=\"og:locale\" content=\"en_GB\" \/>\n<meta property=\"og:locale:alternate\" content=\"lt_LT\" \/>\n<meta property=\"og:type\" content=\"article\" \/>\n<meta property=\"og:title\" content=\"Afrodit\u0117. Istorijos, receptai ir kiti afrodiziakai\" \/>\n<meta property=\"og:description\" content=\"\u201eDabar a\u0161 apgailestauju d\u0117l diet\u0173, i\u0161 tu\u0161tyb\u0117s atsisakyt\u0173 patiekal\u0173, kaip gailiuosi meil\u0117s prog\u0173, praleist\u0173 d\u0117l begalini\u0173 darb\u0173 ar puritoni\u0161k\u0173 dorybi\u0173\u201c, \u2013\" \/>\n<meta property=\"og:url\" content=\"https:\/\/skaitytaknyga.lt\/en\/produktas\/afrodite-istorijos-receptai-ir-kiti-afrodiziakai\/\" \/>\n<meta property=\"og:site_name\" content=\"Skaitytaknyga\" \/>\n<meta property=\"article:publisher\" content=\"https:\/\/www.facebook.com\/skaitytaknyga\/\" \/>\n<meta property=\"article:modified_time\" content=\"2025-06-11T06:54:58+00:00\" \/>\n<meta property=\"og:image\" content=\"https:\/\/skaitytaknyga.lt\/wp-content\/uploads\/2025\/01\/Afrodite.-Istorijos-receptai-ir-kiti-afrodiziakai.webp\" \/>\n\t<meta property=\"og:image:width\" content=\"511\" \/>\n\t<meta property=\"og:image:height\" content=\"732\" \/>\n\t<meta property=\"og:image:type\" content=\"image\/webp\" \/>\n<meta name=\"twitter:card\" content=\"summary_large_image\" \/>\n<meta name=\"twitter:label1\" content=\"Estimated reading time\" \/>\n\t<meta name=\"twitter:data1\" content=\"2 minutes\" \/>\n<script type=\"application\/ld+json\" class=\"yoast-schema-graph\">{\"@context\":\"https:\/\/schema.org\",\"@graph\":[{\"@type\":\"WebPage\",\"@id\":\"https:\/\/skaitytaknyga.lt\/produktas\/afrodite-istorijos-receptai-ir-kiti-afrodiziakai\/\",\"url\":\"https:\/\/skaitytaknyga.lt\/produktas\/afrodite-istorijos-receptai-ir-kiti-afrodiziakai\/\",\"name\":\"Afrodit\u0117. Istorijos, receptai ir kiti afrodiziakai\",\"isPartOf\":{\"@id\":\"https:\/\/skaitytaknyga.lt\/#website\"},\"primaryImageOfPage\":{\"@id\":\"https:\/\/skaitytaknyga.lt\/produktas\/afrodite-istorijos-receptai-ir-kiti-afrodiziakai\/#primaryimage\"},\"image\":{\"@id\":\"https:\/\/skaitytaknyga.lt\/produktas\/afrodite-istorijos-receptai-ir-kiti-afrodiziakai\/#primaryimage\"},\"thumbnailUrl\":\"https:\/\/skaitytaknyga.lt\/wp-content\/uploads\/2025\/01\/Afrodite.-Istorijos-receptai-ir-kiti-afrodiziakai.webp\",\"datePublished\":\"2025-01-25T13:29:04+00:00\",\"dateModified\":\"2025-06-11T06:54:58+00:00\",\"description\":\"\u201eDabar a\u0161 apgailestauju d\u0117l diet\u0173, i\u0161 tu\u0161tyb\u0117s atsisakyt\u0173 patiekal\u0173, kaip gailiuosi meil\u0117s prog\u0173, praleist\u0173 d\u0117l begalini\u0173 darb\u0173 ar puritoni\u0161k\u0173 dorybi\u0173\u201c, \u2013\",\"breadcrumb\":{\"@id\":\"https:\/\/skaitytaknyga.lt\/produktas\/afrodite-istorijos-receptai-ir-kiti-afrodiziakai\/#breadcrumb\"},\"inLanguage\":\"en-GB\",\"potentialAction\":[{\"@type\":\"ReadAction\",\"target\":[\"https:\/\/skaitytaknyga.lt\/produktas\/afrodite-istorijos-receptai-ir-kiti-afrodiziakai\/\"]}]},{\"@type\":\"ImageObject\",\"inLanguage\":\"en-GB\",\"@id\":\"https:\/\/skaitytaknyga.lt\/produktas\/afrodite-istorijos-receptai-ir-kiti-afrodiziakai\/#primaryimage\",\"url\":\"https:\/\/skaitytaknyga.lt\/wp-content\/uploads\/2025\/01\/Afrodite.-Istorijos-receptai-ir-kiti-afrodiziakai.webp\",\"contentUrl\":\"https:\/\/skaitytaknyga.lt\/wp-content\/uploads\/2025\/01\/Afrodite.-Istorijos-receptai-ir-kiti-afrodiziakai.webp\",\"width\":511,\"height\":732,\"caption\":\"Afrodit\u0117. Istorijos, receptai ir kiti afrodiziakai\"},{\"@type\":\"BreadcrumbList\",\"@id\":\"https:\/\/skaitytaknyga.lt\/produktas\/afrodite-istorijos-receptai-ir-kiti-afrodiziakai\/#breadcrumb\",\"itemListElement\":[{\"@type\":\"ListItem\",\"position\":1,\"name\":\"Home\",\"item\":\"https:\/\/skaitytaknyga.lt\/\"},{\"@type\":\"ListItem\",\"position\":2,\"name\":\"Parduotuv\u0117\",\"item\":\"https:\/\/skaitytaknyga.lt\/knygu-parduotuve\/\"},{\"@type\":\"ListItem\",\"position\":3,\"name\":\"Afrodit\u0117. Istorijos, receptai ir kiti afrodiziakai\"}]},{\"@type\":\"WebSite\",\"@id\":\"https:\/\/skaitytaknyga.lt\/#website\",\"url\":\"https:\/\/skaitytaknyga.lt\/\",\"name\":\"skaitytaknyga.lt\",\"description\":\"Skaitytaknyga.lt \u2013 tai ma\u017eas \u0161eimos verslas, kuris prasid\u0117jo nuo meil\u0117s knygoms ir siekio i\u0161gelb\u0117ti knygas nuo likimo prie konteinerio. Kas vienam nereikalingas daiktas \u2013 kitam lobis, o mes esame tarpininkai, kurie padeda abiems tapti laimingesniems ???? \u017dinome kaip nelengva i\u0161gyventi ma\u017eiems verslams, tad nuo \u0161iol, \u010dia rasite ir kit\u0173, ma\u017e\u0173 \u0161eim\u0173 versl\u0173, rank\u0173 darbo, dovan\u0173 sau ir artimiesiems.\",\"publisher\":{\"@id\":\"https:\/\/skaitytaknyga.lt\/#organization\"},\"potentialAction\":[{\"@type\":\"SearchAction\",\"target\":{\"@type\":\"EntryPoint\",\"urlTemplate\":\"https:\/\/skaitytaknyga.lt\/?s={search_term_string}\"},\"query-input\":{\"@type\":\"PropertyValueSpecification\",\"valueRequired\":true,\"valueName\":\"search_term_string\"}}],\"inLanguage\":\"en-GB\"},{\"@type\":\"Organization\",\"@id\":\"https:\/\/skaitytaknyga.lt\/#organization\",\"name\":\"skaitytaknyga.lt\",\"url\":\"https:\/\/skaitytaknyga.lt\/\",\"logo\":{\"@type\":\"ImageObject\",\"inLanguage\":\"en-GB\",\"@id\":\"https:\/\/skaitytaknyga.lt\/#\/schema\/logo\/image\/\",\"url\":\"https:\/\/skaitytaknyga.lt\/wp-content\/uploads\/2024\/05\/cropped-cropped-cropped-02_00843_jt3bggkj1j3HLc7SyY6rEUpg.jpeg\",\"contentUrl\":\"https:\/\/skaitytaknyga.lt\/wp-content\/uploads\/2024\/05\/cropped-cropped-cropped-02_00843_jt3bggkj1j3HLc7SyY6rEUpg.jpeg\",\"width\":1600,\"height\":1600,\"caption\":\"skaitytaknyga.lt\"},\"image\":{\"@id\":\"https:\/\/skaitytaknyga.lt\/#\/schema\/logo\/image\/\"},\"sameAs\":[\"https:\/\/www.facebook.com\/skaitytaknyga\/\"]}]}<\/script>\n<!-- \/ Yoast SEO plugin. -->","yoast_head_json":{"title":"Afrodit\u0117. Istorijos, receptai ir kiti afrodiziakai","description":"\u201eDabar a\u0161 apgailestauju d\u0117l diet\u0173, i\u0161 tu\u0161tyb\u0117s atsisakyt\u0173 patiekal\u0173, kaip gailiuosi meil\u0117s prog\u0173, praleist\u0173 d\u0117l begalini\u0173 darb\u0173 ar puritoni\u0161k\u0173 dorybi\u0173\u201c, \u2013","robots":{"index":"index","follow":"follow","max-snippet":"max-snippet:-1","max-image-preview":"max-image-preview:large","max-video-preview":"max-video-preview:-1"},"canonical":"https:\/\/skaitytaknyga.lt\/en\/produktas\/afrodite-istorijos-receptai-ir-kiti-afrodiziakai\/","og_locale":"en_GB","og_type":"article","og_title":"[:lt]Afrodit\u0117. Istorijos, receptai ir kiti afrodiziakai[:] - Skaitytaknyga","og_description":"\u201eDabar a\u0161 apgailestauju d\u0117l diet\u0173, i\u0161 tu\u0161tyb\u0117s atsisakyt\u0173 patiekal\u0173, kaip gailiuosi meil\u0117s prog\u0173, praleist\u0173 d\u0117l begalini\u0173 darb\u0173 ar puritoni\u0161k\u0173 dorybi\u0173\u201c, \u2013","og_url":"https:\/\/skaitytaknyga.lt\/en\/produktas\/afrodite-istorijos-receptai-ir-kiti-afrodiziakai\/","og_site_name":"Skaitytaknyga","article_publisher":"https:\/\/www.facebook.com\/skaitytaknyga\/","article_modified_time":"2025-06-11T06:54:58+00:00","og_image":[{"width":511,"height":732,"url":"https:\/\/skaitytaknyga.lt\/wp-content\/uploads\/2025\/01\/Afrodite.-Istorijos-receptai-ir-kiti-afrodiziakai.webp","type":"image\/webp"}],"twitter_card":"summary_large_image","twitter_misc":{"Estimated reading time":"2 minutes"},"schema":{"@context":"https:\/\/schema.org","@graph":[{"@type":"WebPage","@id":"https:\/\/skaitytaknyga.lt\/produktas\/afrodite-istorijos-receptai-ir-kiti-afrodiziakai\/","url":"https:\/\/skaitytaknyga.lt\/produktas\/afrodite-istorijos-receptai-ir-kiti-afrodiziakai\/","name":"Afrodit\u0117. Istorijos, receptai ir kiti afrodiziakai","isPartOf":{"@id":"https:\/\/skaitytaknyga.lt\/#website"},"primaryImageOfPage":{"@id":"https:\/\/skaitytaknyga.lt\/produktas\/afrodite-istorijos-receptai-ir-kiti-afrodiziakai\/#primaryimage"},"image":{"@id":"https:\/\/skaitytaknyga.lt\/produktas\/afrodite-istorijos-receptai-ir-kiti-afrodiziakai\/#primaryimage"},"thumbnailUrl":"https:\/\/skaitytaknyga.lt\/wp-content\/uploads\/2025\/01\/Afrodite.-Istorijos-receptai-ir-kiti-afrodiziakai.webp","datePublished":"2025-01-25T13:29:04+00:00","dateModified":"2025-06-11T06:54:58+00:00","description":"\u201eDabar a\u0161 apgailestauju d\u0117l diet\u0173, i\u0161 tu\u0161tyb\u0117s atsisakyt\u0173 patiekal\u0173, kaip gailiuosi meil\u0117s prog\u0173, praleist\u0173 d\u0117l begalini\u0173 darb\u0173 ar puritoni\u0161k\u0173 dorybi\u0173\u201c, \u2013","breadcrumb":{"@id":"https:\/\/skaitytaknyga.lt\/produktas\/afrodite-istorijos-receptai-ir-kiti-afrodiziakai\/#breadcrumb"},"inLanguage":"en-GB","potentialAction":[{"@type":"ReadAction","target":["https:\/\/skaitytaknyga.lt\/produktas\/afrodite-istorijos-receptai-ir-kiti-afrodiziakai\/"]}]},{"@type":"ImageObject","inLanguage":"en-GB","@id":"https:\/\/skaitytaknyga.lt\/produktas\/afrodite-istorijos-receptai-ir-kiti-afrodiziakai\/#primaryimage","url":"https:\/\/skaitytaknyga.lt\/wp-content\/uploads\/2025\/01\/Afrodite.-Istorijos-receptai-ir-kiti-afrodiziakai.webp","contentUrl":"https:\/\/skaitytaknyga.lt\/wp-content\/uploads\/2025\/01\/Afrodite.-Istorijos-receptai-ir-kiti-afrodiziakai.webp","width":511,"height":732,"caption":"Afrodit\u0117. Istorijos, receptai ir kiti afrodiziakai"},{"@type":"BreadcrumbList","@id":"https:\/\/skaitytaknyga.lt\/produktas\/afrodite-istorijos-receptai-ir-kiti-afrodiziakai\/#breadcrumb","itemListElement":[{"@type":"ListItem","position":1,"name":"Home","item":"https:\/\/skaitytaknyga.lt\/"},{"@type":"ListItem","position":2,"name":"Parduotuv\u0117","item":"https:\/\/skaitytaknyga.lt\/knygu-parduotuve\/"},{"@type":"ListItem","position":3,"name":"Afrodit\u0117. Istorijos, receptai ir kiti afrodiziakai"}]},{"@type":"WebSite","@id":"https:\/\/skaitytaknyga.lt\/#website","url":"https:\/\/skaitytaknyga.lt\/","name":"skaitytaknyga.lt","description":"Skaitytaknyga.lt \u2013 tai ma\u017eas \u0161eimos verslas, kuris prasid\u0117jo nuo meil\u0117s knygoms ir siekio i\u0161gelb\u0117ti knygas nuo likimo prie konteinerio. Kas vienam nereikalingas daiktas \u2013 kitam lobis, o mes esame tarpininkai, kurie padeda abiems tapti laimingesniems ???? \u017dinome kaip nelengva i\u0161gyventi ma\u017eiems verslams, tad nuo \u0161iol, \u010dia rasite ir kit\u0173, ma\u017e\u0173 \u0161eim\u0173 versl\u0173, rank\u0173 darbo, dovan\u0173 sau ir artimiesiems.","publisher":{"@id":"https:\/\/skaitytaknyga.lt\/#organization"},"potentialAction":[{"@type":"SearchAction","target":{"@type":"EntryPoint","urlTemplate":"https:\/\/skaitytaknyga.lt\/?s={search_term_string}"},"query-input":{"@type":"PropertyValueSpecification","valueRequired":true,"valueName":"search_term_string"}}],"inLanguage":"en-GB"},{"@type":"Organization","@id":"https:\/\/skaitytaknyga.lt\/#organization","name":"skaitytaknyga.lt","url":"https:\/\/skaitytaknyga.lt\/","logo":{"@type":"ImageObject","inLanguage":"en-GB","@id":"https:\/\/skaitytaknyga.lt\/#\/schema\/logo\/image\/","url":"https:\/\/skaitytaknyga.lt\/wp-content\/uploads\/2024\/05\/cropped-cropped-cropped-02_00843_jt3bggkj1j3HLc7SyY6rEUpg.jpeg","contentUrl":"https:\/\/skaitytaknyga.lt\/wp-content\/uploads\/2024\/05\/cropped-cropped-cropped-02_00843_jt3bggkj1j3HLc7SyY6rEUpg.jpeg","width":1600,"height":1600,"caption":"skaitytaknyga.lt"},"image":{"@id":"https:\/\/skaitytaknyga.lt\/#\/schema\/logo\/image\/"},"sameAs":["https:\/\/www.facebook.com\/skaitytaknyga\/"]}]}},"_links":{"self":[{"href":"https:\/\/skaitytaknyga.lt\/en\/wp-json\/wp\/v2\/product\/16086","targetHints":{"allow":["GET"]}}],"collection":[{"href":"https:\/\/skaitytaknyga.lt\/en\/wp-json\/wp\/v2\/product"}],"about":[{"href":"https:\/\/skaitytaknyga.lt\/en\/wp-json\/wp\/v2\/types\/product"}],"replies":[{"embeddable":true,"href":"https:\/\/skaitytaknyga.lt\/en\/wp-json\/wp\/v2\/comments?post=16086"}],"wp:featuredmedia":[{"embeddable":true,"href":"https:\/\/skaitytaknyga.lt\/en\/wp-json\/wp\/v2\/media\/16087"}],"wp:attachment":[{"href":"https:\/\/skaitytaknyga.lt\/en\/wp-json\/wp\/v2\/media?parent=16086"}],"wp:term":[{"taxonomy":"product_brand","embeddable":true,"href":"https:\/\/skaitytaknyga.lt\/en\/wp-json\/wp\/v2\/product_brand?post=16086"},{"taxonomy":"product_cat","embeddable":true,"href":"https:\/\/skaitytaknyga.lt\/en\/wp-json\/wp\/v2\/product_cat?post=16086"},{"taxonomy":"product_tag","embeddable":true,"href":"https:\/\/skaitytaknyga.lt\/en\/wp-json\/wp\/v2\/product_tag?post=16086"}],"curies":[{"name":"wp","href":"https:\/\/api.w.org\/{rel}","templated":true}]}}