{"id":16084,"date":"2025-01-25T15:26:57","date_gmt":"2025-01-25T13:26:57","guid":{"rendered":"https:\/\/skaitytaknyga.lt\/?post_type=product&#038;p=16084"},"modified":"2026-03-17T12:00:39","modified_gmt":"2026-03-17T10:00:39","slug":"s-kubelka-siandien-madam-pareis-veliau","status":"publish","type":"product","link":"https:\/\/skaitytaknyga.lt\/en\/produktas\/s-kubelka-siandien-madam-pareis-veliau\/","title":{"rendered":"\u0160iandien madam pareis v\u0117liau"},"content":{"rendered":"<p><strong>S. Kubelkos<\/strong>\u00a0vardas pasaulyje \u017einomas. Ne vienas jos romanas sulauk\u0117 pasaulin\u0117s s\u0117km\u0117s. Da\u017ena k\u016brini\u0173 tema\u00a0\u2013 moteris \u0161iuolaikiniame pasaulyje.<\/p>\n<p>Talentinga architekt\u0117 Ticija i\u0161 apniukusio Londono atva\u017eiuoja \u012f savo svajoni\u0173 miest\u0105 Pary\u017ei\u0173. I\u0161tek\u0117jusi u\u017e gra\u017euolio Fausto patenka \u012f auk\u0161tuomen\u0117, praturt\u0117ja, bet &#8230; jos vyras turi meilu\u017e\u0119 ir du vaikus. Net tokia nemaloni \u017einia nepriblo\u0161kia Ticijos. Nusikra\u010diusi dvejoni\u0173 ir pasakiusi \u201e\u0161iandien madam pareis v\u0117liau\u201c, moteris leid\u017eiasi \u012f meil\u0117s ir nuotyki\u0173 kupin\u0105 Pary\u017ei\u0173.<\/p>\n<p>Originalus pavadinimas: Madame kommt heute sp\u00e4ter<br \/>\nAutorius: Susanna Kubelka<br \/>\nLeid\u0117jas: Alma littera<br \/>\nMetai: 2021<br \/>\nPuslapiai: 352<br \/>\nISBN: 9786090139028<br \/>\nVersijos kodas: PT.<br \/>\nFormatas: 14,3 x 23,5 x 3,1 cm, kieti vir\u0161eliai<br \/>\nKalba: Lietuvi\u0173<br \/>\nVert\u0117jas: Laima Barei\u0161ien\u0117<\/p>\n","protected":false},"excerpt":{"rendered":"<p>S. Kubelkos\u00a0vardas pasaulyje \u017einomas. Ne vienas jos romanas sulauk\u0117 pasaulin\u0117s s\u0117km\u0117s. Da\u017ena k\u016brini\u0173 tema\u00a0\u2013 moteris \u0161iuolaikiniame pasaulyje. Talentinga architekt\u0117 Ticija i\u0161 apniukusio Londono atva\u017eiuoja \u012f savo svajoni\u0173 miest\u0105 Pary\u017ei\u0173. I\u0161tek\u0117jusi u\u017e gra\u017euolio Fausto patenka \u012f auk\u0161tuomen\u0117, praturt\u0117ja, bet &#8230; jos vyras turi meilu\u017e\u0119 ir du vaikus. Net tokia nemaloni \u017einia nepriblo\u0161kia Ticijos. Nusikra\u010diusi dvejoni\u0173 ir pasakiusi \u201e\u0161iandien madam pareis v\u0117liau\u201c, moteris leid\u017eiasi \u012f meil\u0117s ir nuotyki\u0173 kupin\u0105 Pary\u017ei\u0173. Originalus pavadinimas: Madame kommt heute sp\u00e4ter Autorius: Susanna Kubelka Leid\u0117jas: Alma littera Metai: 2021 Puslapiai: 352 ISBN: 9786090139028 Versijos kodas: PT. Formatas: 14,3 x 23,5 x 3,1 cm, kieti vir\u0161eliai Kalba: Lietuvi\u0173 Vert\u0117jas: Laima Barei\u0161ien\u0117<\/p>\n","protected":false},"featured_media":16085,"comment_status":"closed","ping_status":"closed","template":"","meta":{"_acf_changed":false,"site-sidebar-layout":"default","site-content-layout":"","ast-site-content-layout":"default","site-content-style":"default","site-sidebar-style":"default","ast-global-header-display":"","ast-banner-title-visibility":"","ast-main-header-display":"","ast-hfb-above-header-display":"","ast-hfb-below-header-display":"","ast-hfb-mobile-header-display":"","site-post-title":"","ast-breadcrumbs-content":"","ast-featured-img":"","footer-sml-layout":"","ast-disable-related-posts":"","theme-transparent-header-meta":"default","adv-header-id-meta":"","stick-header-meta":"","header-above-stick-meta":"","header-main-stick-meta":"","header-below-stick-meta":"","astra-migrate-meta-layouts":"set","ast-page-background-enabled":"default","ast-page-background-meta":{"desktop":{"background-color":"","background-image":"","background-repeat":"repeat","background-position":"center center","background-size":"auto","background-attachment":"scroll","background-type":"","background-media":"","overlay-type":"","overlay-color":"","overlay-opacity":"","overlay-gradient":""},"tablet":{"background-color":"","background-image":"","background-repeat":"repeat","background-position":"center center","background-size":"auto","background-attachment":"scroll","background-type":"","background-media":"","overlay-type":"","overlay-color":"","overlay-opacity":"","overlay-gradient":""},"mobile":{"background-color":"","background-image":"","background-repeat":"repeat","background-position":"center center","background-size":"auto","background-attachment":"scroll","background-type":"","background-media":"","overlay-type":"","overlay-color":"","overlay-opacity":"","overlay-gradient":""}},"ast-content-background-meta":{"desktop":{"background-color":"var(--ast-global-color-4)","background-image":"","background-repeat":"repeat","background-position":"center center","background-size":"auto","background-attachment":"scroll","background-type":"","background-media":"","overlay-type":"","overlay-color":"","overlay-opacity":"","overlay-gradient":""},"tablet":{"background-color":"var(--ast-global-color-4)","background-image":"","background-repeat":"repeat","background-position":"center center","background-size":"auto","background-attachment":"scroll","background-type":"","background-media":"","overlay-type":"","overlay-color":"","overlay-opacity":"","overlay-gradient":""},"mobile":{"background-color":"var(--ast-global-color-4)","background-image":"","background-repeat":"repeat","background-position":"center center","background-size":"auto","background-attachment":"scroll","background-type":"","background-media":"","overlay-type":"","overlay-color":"","overlay-opacity":"","overlay-gradient":""}}},"product_brand":[],"product_cat":[9734],"product_tag":[4945,3050,2014,1764,3029,4944,4946],"class_list":{"0":"post-16084","1":"product","2":"type-product","3":"status-publish","4":"has-post-thumbnail","6":"product_cat-romanai","7":"product_tag-architekte","8":"product_tag-aukstuomene","9":"product_tag-meiles-romanas","10":"product_tag-paryzius","11":"product_tag-siuolaikine-moteris","12":"product_tag-susanna-kubelka","13":"product_tag-vedybiniai-santykiai","14":"desktop-align-left","15":"tablet-align-left","16":"mobile-align-left","18":"first","19":"instock","20":"shipping-taxable","21":"purchasable","22":"product-type-simple"},"acf":[],"yoast_head":"<!-- This site is optimized with the Yoast SEO plugin v27.0 - https:\/\/yoast.com\/product\/yoast-seo-wordpress\/ -->\n<title>\u0160iandien madam pareis v\u0117liau<\/title>\n<meta name=\"description\" content=\"S. Kubelkos\u00a0vardas pasaulyje \u017einomas. Ne vienas jos romanas sulauk\u0117 pasaulin\u0117s s\u0117km\u0117s. Da\u017ena k\u016brini\u0173 tema\u00a0\u2013 moteris \u0161iuolaikiniame pasaulyje. Talentinga\" \/>\n<meta name=\"robots\" content=\"index, follow, max-snippet:-1, max-image-preview:large, max-video-preview:-1\" \/>\n<link rel=\"canonical\" href=\"https:\/\/skaitytaknyga.lt\/en\/produktas\/s-kubelka-siandien-madam-pareis-veliau\/\" \/>\n<meta property=\"og:locale\" content=\"en_GB\" \/>\n<meta property=\"og:locale:alternate\" content=\"lt_LT\" \/>\n<meta property=\"og:type\" content=\"article\" \/>\n<meta property=\"og:title\" content=\"\u0160iandien madam pareis v\u0117liau\" \/>\n<meta property=\"og:description\" content=\"S. Kubelkos\u00a0vardas pasaulyje \u017einomas. Ne vienas jos romanas sulauk\u0117 pasaulin\u0117s s\u0117km\u0117s. Da\u017ena k\u016brini\u0173 tema\u00a0\u2013 moteris \u0161iuolaikiniame pasaulyje. Talentinga\" \/>\n<meta property=\"og:url\" content=\"https:\/\/skaitytaknyga.lt\/en\/produktas\/s-kubelka-siandien-madam-pareis-veliau\/\" \/>\n<meta property=\"og:site_name\" content=\"Skaitytaknyga\" \/>\n<meta property=\"article:publisher\" content=\"https:\/\/www.facebook.com\/skaitytaknyga\/\" \/>\n<meta property=\"article:modified_time\" content=\"2026-03-17T10:00:39+00:00\" \/>\n<meta property=\"og:image\" content=\"https:\/\/skaitytaknyga.lt\/wp-content\/uploads\/2025\/01\/Siandien-madam-pareis-veliau.webp\" \/>\n\t<meta property=\"og:image:width\" content=\"366\" \/>\n\t<meta property=\"og:image:height\" content=\"600\" \/>\n\t<meta property=\"og:image:type\" content=\"image\/webp\" \/>\n<meta name=\"twitter:card\" content=\"summary_large_image\" \/>\n<meta name=\"twitter:label1\" content=\"Estimated reading time\" \/>\n\t<meta name=\"twitter:data1\" content=\"1 minute\" \/>\n<script type=\"application\/ld+json\" class=\"yoast-schema-graph\">{\"@context\":\"https:\/\/schema.org\",\"@graph\":[{\"@type\":\"WebPage\",\"@id\":\"https:\/\/skaitytaknyga.lt\/produktas\/s-kubelka-siandien-madam-pareis-veliau\/\",\"url\":\"https:\/\/skaitytaknyga.lt\/produktas\/s-kubelka-siandien-madam-pareis-veliau\/\",\"name\":\"\u0160iandien madam pareis v\u0117liau\",\"isPartOf\":{\"@id\":\"https:\/\/skaitytaknyga.lt\/#website\"},\"primaryImageOfPage\":{\"@id\":\"https:\/\/skaitytaknyga.lt\/produktas\/s-kubelka-siandien-madam-pareis-veliau\/#primaryimage\"},\"image\":{\"@id\":\"https:\/\/skaitytaknyga.lt\/produktas\/s-kubelka-siandien-madam-pareis-veliau\/#primaryimage\"},\"thumbnailUrl\":\"https:\/\/skaitytaknyga.lt\/wp-content\/uploads\/2025\/01\/Siandien-madam-pareis-veliau.webp\",\"datePublished\":\"2025-01-25T13:26:57+00:00\",\"dateModified\":\"2026-03-17T10:00:39+00:00\",\"description\":\"S. Kubelkos\u00a0vardas pasaulyje \u017einomas. Ne vienas jos romanas sulauk\u0117 pasaulin\u0117s s\u0117km\u0117s. Da\u017ena k\u016brini\u0173 tema\u00a0\u2013 moteris \u0161iuolaikiniame pasaulyje. Talentinga\",\"breadcrumb\":{\"@id\":\"https:\/\/skaitytaknyga.lt\/produktas\/s-kubelka-siandien-madam-pareis-veliau\/#breadcrumb\"},\"inLanguage\":\"en-GB\",\"potentialAction\":[{\"@type\":\"ReadAction\",\"target\":[\"https:\/\/skaitytaknyga.lt\/produktas\/s-kubelka-siandien-madam-pareis-veliau\/\"]}]},{\"@type\":\"ImageObject\",\"inLanguage\":\"en-GB\",\"@id\":\"https:\/\/skaitytaknyga.lt\/produktas\/s-kubelka-siandien-madam-pareis-veliau\/#primaryimage\",\"url\":\"https:\/\/skaitytaknyga.lt\/wp-content\/uploads\/2025\/01\/Siandien-madam-pareis-veliau.webp\",\"contentUrl\":\"https:\/\/skaitytaknyga.lt\/wp-content\/uploads\/2025\/01\/Siandien-madam-pareis-veliau.webp\",\"width\":366,\"height\":600,\"caption\":\"\u0160iandien madam pareis v\u0117liau\"},{\"@type\":\"BreadcrumbList\",\"@id\":\"https:\/\/skaitytaknyga.lt\/produktas\/s-kubelka-siandien-madam-pareis-veliau\/#breadcrumb\",\"itemListElement\":[{\"@type\":\"ListItem\",\"position\":1,\"name\":\"Home\",\"item\":\"https:\/\/skaitytaknyga.lt\/\"},{\"@type\":\"ListItem\",\"position\":2,\"name\":\"Parduotuv\u0117\",\"item\":\"https:\/\/skaitytaknyga.lt\/knygu-parduotuve\/\"},{\"@type\":\"ListItem\",\"position\":3,\"name\":\"\u0160iandien madam pareis v\u0117liau\"}]},{\"@type\":\"WebSite\",\"@id\":\"https:\/\/skaitytaknyga.lt\/#website\",\"url\":\"https:\/\/skaitytaknyga.lt\/\",\"name\":\"skaitytaknyga.lt\",\"description\":\"Skaitytaknyga.lt \u2013 tai ma\u017eas \u0161eimos verslas, kuris prasid\u0117jo nuo meil\u0117s knygoms ir siekio i\u0161gelb\u0117ti knygas nuo likimo prie konteinerio. Kas vienam nereikalingas daiktas \u2013 kitam lobis, o mes esame tarpininkai, kurie padeda abiems tapti laimingesniems ???? \u017dinome kaip nelengva i\u0161gyventi ma\u017eiems verslams, tad nuo \u0161iol, \u010dia rasite ir kit\u0173, ma\u017e\u0173 \u0161eim\u0173 versl\u0173, rank\u0173 darbo, dovan\u0173 sau ir artimiesiems.\",\"publisher\":{\"@id\":\"https:\/\/skaitytaknyga.lt\/#organization\"},\"potentialAction\":[{\"@type\":\"SearchAction\",\"target\":{\"@type\":\"EntryPoint\",\"urlTemplate\":\"https:\/\/skaitytaknyga.lt\/?s={search_term_string}\"},\"query-input\":{\"@type\":\"PropertyValueSpecification\",\"valueRequired\":true,\"valueName\":\"search_term_string\"}}],\"inLanguage\":\"en-GB\"},{\"@type\":\"Organization\",\"@id\":\"https:\/\/skaitytaknyga.lt\/#organization\",\"name\":\"skaitytaknyga.lt\",\"url\":\"https:\/\/skaitytaknyga.lt\/\",\"logo\":{\"@type\":\"ImageObject\",\"inLanguage\":\"en-GB\",\"@id\":\"https:\/\/skaitytaknyga.lt\/#\/schema\/logo\/image\/\",\"url\":\"https:\/\/skaitytaknyga.lt\/wp-content\/uploads\/2024\/05\/cropped-cropped-cropped-02_00843_jt3bggkj1j3HLc7SyY6rEUpg.jpeg\",\"contentUrl\":\"https:\/\/skaitytaknyga.lt\/wp-content\/uploads\/2024\/05\/cropped-cropped-cropped-02_00843_jt3bggkj1j3HLc7SyY6rEUpg.jpeg\",\"width\":1600,\"height\":1600,\"caption\":\"skaitytaknyga.lt\"},\"image\":{\"@id\":\"https:\/\/skaitytaknyga.lt\/#\/schema\/logo\/image\/\"},\"sameAs\":[\"https:\/\/www.facebook.com\/skaitytaknyga\/\"]}]}<\/script>\n<!-- \/ Yoast SEO plugin. -->","yoast_head_json":{"title":"\u0160iandien madam pareis v\u0117liau","description":"S. Kubelkos\u00a0vardas pasaulyje \u017einomas. Ne vienas jos romanas sulauk\u0117 pasaulin\u0117s s\u0117km\u0117s. Da\u017ena k\u016brini\u0173 tema\u00a0\u2013 moteris \u0161iuolaikiniame pasaulyje. Talentinga","robots":{"index":"index","follow":"follow","max-snippet":"max-snippet:-1","max-image-preview":"max-image-preview:large","max-video-preview":"max-video-preview:-1"},"canonical":"https:\/\/skaitytaknyga.lt\/en\/produktas\/s-kubelka-siandien-madam-pareis-veliau\/","og_locale":"en_GB","og_type":"article","og_title":"[:lt]\u0160iandien madam pareis v\u0117liau[:] - Skaitytaknyga","og_description":"S. Kubelkos\u00a0vardas pasaulyje \u017einomas. Ne vienas jos romanas sulauk\u0117 pasaulin\u0117s s\u0117km\u0117s. Da\u017ena k\u016brini\u0173 tema\u00a0\u2013 moteris \u0161iuolaikiniame pasaulyje. Talentinga","og_url":"https:\/\/skaitytaknyga.lt\/en\/produktas\/s-kubelka-siandien-madam-pareis-veliau\/","og_site_name":"Skaitytaknyga","article_publisher":"https:\/\/www.facebook.com\/skaitytaknyga\/","article_modified_time":"2026-03-17T10:00:39+00:00","og_image":[{"width":366,"height":600,"url":"https:\/\/skaitytaknyga.lt\/wp-content\/uploads\/2025\/01\/Siandien-madam-pareis-veliau.webp","type":"image\/webp"}],"twitter_card":"summary_large_image","twitter_misc":{"Estimated reading time":"1 minute"},"schema":{"@context":"https:\/\/schema.org","@graph":[{"@type":"WebPage","@id":"https:\/\/skaitytaknyga.lt\/produktas\/s-kubelka-siandien-madam-pareis-veliau\/","url":"https:\/\/skaitytaknyga.lt\/produktas\/s-kubelka-siandien-madam-pareis-veliau\/","name":"\u0160iandien madam pareis v\u0117liau","isPartOf":{"@id":"https:\/\/skaitytaknyga.lt\/#website"},"primaryImageOfPage":{"@id":"https:\/\/skaitytaknyga.lt\/produktas\/s-kubelka-siandien-madam-pareis-veliau\/#primaryimage"},"image":{"@id":"https:\/\/skaitytaknyga.lt\/produktas\/s-kubelka-siandien-madam-pareis-veliau\/#primaryimage"},"thumbnailUrl":"https:\/\/skaitytaknyga.lt\/wp-content\/uploads\/2025\/01\/Siandien-madam-pareis-veliau.webp","datePublished":"2025-01-25T13:26:57+00:00","dateModified":"2026-03-17T10:00:39+00:00","description":"S. Kubelkos\u00a0vardas pasaulyje \u017einomas. Ne vienas jos romanas sulauk\u0117 pasaulin\u0117s s\u0117km\u0117s. Da\u017ena k\u016brini\u0173 tema\u00a0\u2013 moteris \u0161iuolaikiniame pasaulyje. Talentinga","breadcrumb":{"@id":"https:\/\/skaitytaknyga.lt\/produktas\/s-kubelka-siandien-madam-pareis-veliau\/#breadcrumb"},"inLanguage":"en-GB","potentialAction":[{"@type":"ReadAction","target":["https:\/\/skaitytaknyga.lt\/produktas\/s-kubelka-siandien-madam-pareis-veliau\/"]}]},{"@type":"ImageObject","inLanguage":"en-GB","@id":"https:\/\/skaitytaknyga.lt\/produktas\/s-kubelka-siandien-madam-pareis-veliau\/#primaryimage","url":"https:\/\/skaitytaknyga.lt\/wp-content\/uploads\/2025\/01\/Siandien-madam-pareis-veliau.webp","contentUrl":"https:\/\/skaitytaknyga.lt\/wp-content\/uploads\/2025\/01\/Siandien-madam-pareis-veliau.webp","width":366,"height":600,"caption":"\u0160iandien madam pareis v\u0117liau"},{"@type":"BreadcrumbList","@id":"https:\/\/skaitytaknyga.lt\/produktas\/s-kubelka-siandien-madam-pareis-veliau\/#breadcrumb","itemListElement":[{"@type":"ListItem","position":1,"name":"Home","item":"https:\/\/skaitytaknyga.lt\/"},{"@type":"ListItem","position":2,"name":"Parduotuv\u0117","item":"https:\/\/skaitytaknyga.lt\/knygu-parduotuve\/"},{"@type":"ListItem","position":3,"name":"\u0160iandien madam pareis v\u0117liau"}]},{"@type":"WebSite","@id":"https:\/\/skaitytaknyga.lt\/#website","url":"https:\/\/skaitytaknyga.lt\/","name":"skaitytaknyga.lt","description":"Skaitytaknyga.lt \u2013 tai ma\u017eas \u0161eimos verslas, kuris prasid\u0117jo nuo meil\u0117s knygoms ir siekio i\u0161gelb\u0117ti knygas nuo likimo prie konteinerio. Kas vienam nereikalingas daiktas \u2013 kitam lobis, o mes esame tarpininkai, kurie padeda abiems tapti laimingesniems ???? \u017dinome kaip nelengva i\u0161gyventi ma\u017eiems verslams, tad nuo \u0161iol, \u010dia rasite ir kit\u0173, ma\u017e\u0173 \u0161eim\u0173 versl\u0173, rank\u0173 darbo, dovan\u0173 sau ir artimiesiems.","publisher":{"@id":"https:\/\/skaitytaknyga.lt\/#organization"},"potentialAction":[{"@type":"SearchAction","target":{"@type":"EntryPoint","urlTemplate":"https:\/\/skaitytaknyga.lt\/?s={search_term_string}"},"query-input":{"@type":"PropertyValueSpecification","valueRequired":true,"valueName":"search_term_string"}}],"inLanguage":"en-GB"},{"@type":"Organization","@id":"https:\/\/skaitytaknyga.lt\/#organization","name":"skaitytaknyga.lt","url":"https:\/\/skaitytaknyga.lt\/","logo":{"@type":"ImageObject","inLanguage":"en-GB","@id":"https:\/\/skaitytaknyga.lt\/#\/schema\/logo\/image\/","url":"https:\/\/skaitytaknyga.lt\/wp-content\/uploads\/2024\/05\/cropped-cropped-cropped-02_00843_jt3bggkj1j3HLc7SyY6rEUpg.jpeg","contentUrl":"https:\/\/skaitytaknyga.lt\/wp-content\/uploads\/2024\/05\/cropped-cropped-cropped-02_00843_jt3bggkj1j3HLc7SyY6rEUpg.jpeg","width":1600,"height":1600,"caption":"skaitytaknyga.lt"},"image":{"@id":"https:\/\/skaitytaknyga.lt\/#\/schema\/logo\/image\/"},"sameAs":["https:\/\/www.facebook.com\/skaitytaknyga\/"]}]}},"_links":{"self":[{"href":"https:\/\/skaitytaknyga.lt\/en\/wp-json\/wp\/v2\/product\/16084","targetHints":{"allow":["GET"]}}],"collection":[{"href":"https:\/\/skaitytaknyga.lt\/en\/wp-json\/wp\/v2\/product"}],"about":[{"href":"https:\/\/skaitytaknyga.lt\/en\/wp-json\/wp\/v2\/types\/product"}],"replies":[{"embeddable":true,"href":"https:\/\/skaitytaknyga.lt\/en\/wp-json\/wp\/v2\/comments?post=16084"}],"wp:featuredmedia":[{"embeddable":true,"href":"https:\/\/skaitytaknyga.lt\/en\/wp-json\/wp\/v2\/media\/16085"}],"wp:attachment":[{"href":"https:\/\/skaitytaknyga.lt\/en\/wp-json\/wp\/v2\/media?parent=16084"}],"wp:term":[{"taxonomy":"product_brand","embeddable":true,"href":"https:\/\/skaitytaknyga.lt\/en\/wp-json\/wp\/v2\/product_brand?post=16084"},{"taxonomy":"product_cat","embeddable":true,"href":"https:\/\/skaitytaknyga.lt\/en\/wp-json\/wp\/v2\/product_cat?post=16084"},{"taxonomy":"product_tag","embeddable":true,"href":"https:\/\/skaitytaknyga.lt\/en\/wp-json\/wp\/v2\/product_tag?post=16084"}],"curies":[{"name":"wp","href":"https:\/\/api.w.org\/{rel}","templated":true}]}}