{"id":16082,"date":"2025-01-25T15:25:28","date_gmt":"2025-01-25T13:25:28","guid":{"rendered":"https:\/\/skaitytaknyga.lt\/?post_type=product&#038;p=16082"},"modified":"2025-06-11T10:13:45","modified_gmt":"2025-06-11T07:13:45","slug":"alessandro-baricco-silkas-2","status":"publish","type":"product","link":"https:\/\/skaitytaknyga.lt\/en\/produktas\/alessandro-baricco-silkas-2\/","title":{"rendered":"Alessandro Baricco \u201e\u0160ilkas\u201c"},"content":{"rendered":"<p><strong><span class=\"SummaryValue\">\u012e 27 kalbas i\u0161verstas A. Baricco romanas &#8211; lyrizmo, nutyl\u0117jim\u0173, fragment\u0173 kupinas \u0161edevras. U\u017e romano \u017eod\u017ei\u0173, tarsi \u012fvyniota \u012f \u0161ilk\u0105, gl\u016bdi poeti\u0161ka, savitai regima tikrov\u0117.<\/span><\/strong><\/p>\n<p><span class=\"SummaryValue\"><strong>\u201e\u0160ilkas\u201c<\/strong>\u00a0\u2013 klasikine forma papasakota nepaprasta, subtili ir keista meil\u0117s istorija. Tai stiliaus \u0161edevras, kur \u017eod\u017ei\u0173 nedaug, kur \u0161ilko leitmotyvas regimas tarsi plony\u010diu teptuku ra\u0161omi hieroglifai.<\/span><\/p>\n<p><span class=\"SummaryValue\">Pats ra\u0161ytojas teigia: \u201eTai ne romanas. Ir ne apsakymas. Tai\u00a0\u2013 istorija. Jos prad\u017eia\u00a0\u2013 apie vyr\u0105, kuris keliauja per pasaul\u012f, o pabaiga\u00a0\u2013 apie vien\u0105 e\u017eer\u0105, tyvuliuojant\u012f v\u0117juotomis dienomis. (\u2026) Visos istorijos turi savo muzik\u0105. \u0160ios istorijos muzika balta. Tai svarbu paai\u0161kinti, nes balta muzika yra keista muzika. Kartais ji trikdo. Ji grojama tyliai, pagal j\u0105 \u0161okama l\u0117tai. Kai grojama gerai, tada tarsi girdi grojant tyl\u0105 ir, \u017evelgiant tuos, kurie \u0161oka kaip dievai, atrodo, jog jie nejuda. Velni\u0161kai keblus dalykas toji balta muzika.<\/span><\/p>\n<p><span class=\"SummaryValue\">Daugiau pridurti, regis, n\u0117ra ko. Gal tik reik\u0117t\u0173 patikslinti, kad \u0161i istorija vyksta XIX am\u017eiuje. Vien tod\u0117l, kad niekas joje nesitik\u0117t\u0173 l\u0117ktuv\u0173, skalbimo ma\u0161in\u0173 ir psichoanalitik\u0173. J\u0173 n\u0117ra. Galb\u016bt kit\u0105 kart\u0105.\u201c<\/span><\/p>\n<p>Originalus pavadinimas: Seta<br \/>\nAutorius: Alessandro Baricco<br \/>\nLeid\u0117jas: Tyto alba<br \/>\nMetai: 2022<br \/>\nPuslapiai: 107<br \/>\nISBN: 9786094667138<br \/>\nFormatas: 17 x 24 x 1,5 cm, kieti vir\u0161eliai<br \/>\nKalba: Lietuvi\u0173<br \/>\nVert\u0117jas: Pranas Bieliauskas<\/p>\n","protected":false},"excerpt":{"rendered":"<p>Pats ra\u0161ytojas sako: Tai ne romanas. ir ne apsakymas. Tai -istorija. Jos prad\u017eia apie vyr\u0105 keliaujant\u012f po pasaul\u012f, o pabaiga- apie e\u017eer\u0105 tyvuliuojant\u012f v\u0117juotomis dienomis. Visos istorijos turi savo muzik\u0105, \u0161ios istorijos muzika balta.<\/p>\n","protected":false},"featured_media":16083,"comment_status":"closed","ping_status":"closed","template":"","meta":{"_acf_changed":false,"site-sidebar-layout":"default","site-content-layout":"","ast-site-content-layout":"default","site-content-style":"default","site-sidebar-style":"default","ast-global-header-display":"","ast-banner-title-visibility":"","ast-main-header-display":"","ast-hfb-above-header-display":"","ast-hfb-below-header-display":"","ast-hfb-mobile-header-display":"","site-post-title":"","ast-breadcrumbs-content":"","ast-featured-img":"","footer-sml-layout":"","ast-disable-related-posts":"","theme-transparent-header-meta":"default","adv-header-id-meta":"","stick-header-meta":"","header-above-stick-meta":"","header-main-stick-meta":"","header-below-stick-meta":"","astra-migrate-meta-layouts":"set","ast-page-background-enabled":"default","ast-page-background-meta":{"desktop":{"background-color":"","background-image":"","background-repeat":"repeat","background-position":"center center","background-size":"auto","background-attachment":"scroll","background-type":"","background-media":"","overlay-type":"","overlay-color":"","overlay-opacity":"","overlay-gradient":""},"tablet":{"background-color":"","background-image":"","background-repeat":"repeat","background-position":"center center","background-size":"auto","background-attachment":"scroll","background-type":"","background-media":"","overlay-type":"","overlay-color":"","overlay-opacity":"","overlay-gradient":""},"mobile":{"background-color":"","background-image":"","background-repeat":"repeat","background-position":"center center","background-size":"auto","background-attachment":"scroll","background-type":"","background-media":"","overlay-type":"","overlay-color":"","overlay-opacity":"","overlay-gradient":""}},"ast-content-background-meta":{"desktop":{"background-color":"var(--ast-global-color-4)","background-image":"","background-repeat":"repeat","background-position":"center center","background-size":"auto","background-attachment":"scroll","background-type":"","background-media":"","overlay-type":"","overlay-color":"","overlay-opacity":"","overlay-gradient":""},"tablet":{"background-color":"var(--ast-global-color-4)","background-image":"","background-repeat":"repeat","background-position":"center center","background-size":"auto","background-attachment":"scroll","background-type":"","background-media":"","overlay-type":"","overlay-color":"","overlay-opacity":"","overlay-gradient":""},"mobile":{"background-color":"var(--ast-global-color-4)","background-image":"","background-repeat":"repeat","background-position":"center center","background-size":"auto","background-attachment":"scroll","background-type":"","background-media":"","overlay-type":"","overlay-color":"","overlay-opacity":"","overlay-gradient":""}}},"product_brand":[],"product_cat":[31],"product_tag":[4971,4527,1748,4972,1745],"class_list":{"0":"post-16082","1":"product","2":"type-product","3":"status-publish","4":"has-post-thumbnail","6":"product_cat-grozine-literatura","7":"product_tag-alessandro-baricco","8":"product_tag-italu-literatura","9":"product_tag-meiles-istorija","10":"product_tag-poetiska-proza","11":"product_tag-romanas","12":"desktop-align-left","13":"tablet-align-left","14":"mobile-align-left","16":"first","17":"instock","18":"shipping-taxable","19":"purchasable","20":"product-type-simple"},"acf":[],"yoast_head":"<!-- This site is optimized with the Yoast SEO plugin v27.0 - https:\/\/yoast.com\/product\/yoast-seo-wordpress\/ -->\n<title>Alessandro Baricco \u201e\u0160ilkas\u201c<\/title>\n<meta name=\"description\" content=\"Pats ra\u0161ytojas sako: Tai ne romanas. ir ne apsakymas. Tai -istorija. Jos prad\u017eia apie vyr\u0105 keliaujant\u012f po pasaul\u012f, o pabaiga- apie e\u017eer\u0105 tyvuliuojant\u012f v\u0117juotomis dienomis. Visos istorijos turi savo muzik\u0105, \u0161ios istorijos muzika balta.\" \/>\n<meta name=\"robots\" content=\"index, follow, max-snippet:-1, max-image-preview:large, max-video-preview:-1\" \/>\n<link rel=\"canonical\" href=\"https:\/\/skaitytaknyga.lt\/en\/produktas\/alessandro-baricco-silkas-2\/\" \/>\n<meta property=\"og:locale\" content=\"en_GB\" \/>\n<meta property=\"og:locale:alternate\" content=\"lt_LT\" \/>\n<meta property=\"og:type\" content=\"article\" \/>\n<meta property=\"og:title\" content=\"Alessandro Baricco \u201e\u0160ilkas\u201c\" \/>\n<meta property=\"og:description\" content=\"Pats ra\u0161ytojas sako: Tai ne romanas. ir ne apsakymas. Tai -istorija. Jos prad\u017eia apie vyr\u0105 keliaujant\u012f po pasaul\u012f, o pabaiga- apie e\u017eer\u0105 tyvuliuojant\u012f v\u0117juotomis dienomis. Visos istorijos turi savo muzik\u0105, \u0161ios istorijos muzika balta.\" \/>\n<meta property=\"og:url\" content=\"https:\/\/skaitytaknyga.lt\/en\/produktas\/alessandro-baricco-silkas-2\/\" \/>\n<meta property=\"og:site_name\" content=\"Skaitytaknyga\" \/>\n<meta property=\"article:publisher\" content=\"https:\/\/www.facebook.com\/skaitytaknyga\/\" \/>\n<meta property=\"article:modified_time\" content=\"2025-06-11T07:13:45+00:00\" \/>\n<meta property=\"og:image\" content=\"https:\/\/skaitytaknyga.lt\/wp-content\/uploads\/2025\/01\/Silkas.webp\" \/>\n\t<meta property=\"og:image:width\" content=\"489\" \/>\n\t<meta property=\"og:image:height\" content=\"678\" \/>\n\t<meta property=\"og:image:type\" content=\"image\/webp\" \/>\n<meta name=\"twitter:card\" content=\"summary_large_image\" \/>\n<meta name=\"twitter:label1\" content=\"Estimated reading time\" \/>\n\t<meta name=\"twitter:data1\" content=\"2 minutes\" \/>\n<script type=\"application\/ld+json\" class=\"yoast-schema-graph\">{\"@context\":\"https:\/\/schema.org\",\"@graph\":[{\"@type\":\"WebPage\",\"@id\":\"https:\/\/skaitytaknyga.lt\/produktas\/alessandro-baricco-silkas-2\/\",\"url\":\"https:\/\/skaitytaknyga.lt\/produktas\/alessandro-baricco-silkas-2\/\",\"name\":\"Alessandro Baricco \u201e\u0160ilkas\u201c\",\"isPartOf\":{\"@id\":\"https:\/\/skaitytaknyga.lt\/#website\"},\"primaryImageOfPage\":{\"@id\":\"https:\/\/skaitytaknyga.lt\/produktas\/alessandro-baricco-silkas-2\/#primaryimage\"},\"image\":{\"@id\":\"https:\/\/skaitytaknyga.lt\/produktas\/alessandro-baricco-silkas-2\/#primaryimage\"},\"thumbnailUrl\":\"https:\/\/skaitytaknyga.lt\/wp-content\/uploads\/2025\/01\/Silkas.webp\",\"datePublished\":\"2025-01-25T13:25:28+00:00\",\"dateModified\":\"2025-06-11T07:13:45+00:00\",\"description\":\"Pats ra\u0161ytojas sako: Tai ne romanas. ir ne apsakymas. Tai -istorija. Jos prad\u017eia apie vyr\u0105 keliaujant\u012f po pasaul\u012f, o pabaiga- apie e\u017eer\u0105 tyvuliuojant\u012f v\u0117juotomis dienomis. Visos istorijos turi savo muzik\u0105, \u0161ios istorijos muzika balta.\",\"breadcrumb\":{\"@id\":\"https:\/\/skaitytaknyga.lt\/produktas\/alessandro-baricco-silkas-2\/#breadcrumb\"},\"inLanguage\":\"en-GB\",\"potentialAction\":[{\"@type\":\"ReadAction\",\"target\":[\"https:\/\/skaitytaknyga.lt\/produktas\/alessandro-baricco-silkas-2\/\"]}]},{\"@type\":\"ImageObject\",\"inLanguage\":\"en-GB\",\"@id\":\"https:\/\/skaitytaknyga.lt\/produktas\/alessandro-baricco-silkas-2\/#primaryimage\",\"url\":\"https:\/\/skaitytaknyga.lt\/wp-content\/uploads\/2025\/01\/Silkas.webp\",\"contentUrl\":\"https:\/\/skaitytaknyga.lt\/wp-content\/uploads\/2025\/01\/Silkas.webp\",\"width\":489,\"height\":678,\"caption\":\"\u0160ilkas\"},{\"@type\":\"BreadcrumbList\",\"@id\":\"https:\/\/skaitytaknyga.lt\/produktas\/alessandro-baricco-silkas-2\/#breadcrumb\",\"itemListElement\":[{\"@type\":\"ListItem\",\"position\":1,\"name\":\"Home\",\"item\":\"https:\/\/skaitytaknyga.lt\/\"},{\"@type\":\"ListItem\",\"position\":2,\"name\":\"Parduotuv\u0117\",\"item\":\"https:\/\/skaitytaknyga.lt\/knygu-parduotuve\/\"},{\"@type\":\"ListItem\",\"position\":3,\"name\":\"Alessandro Baricco \u201e\u0160ilkas\u201c\"}]},{\"@type\":\"WebSite\",\"@id\":\"https:\/\/skaitytaknyga.lt\/#website\",\"url\":\"https:\/\/skaitytaknyga.lt\/\",\"name\":\"skaitytaknyga.lt\",\"description\":\"Skaitytaknyga.lt \u2013 tai ma\u017eas \u0161eimos verslas, kuris prasid\u0117jo nuo meil\u0117s knygoms ir siekio i\u0161gelb\u0117ti knygas nuo likimo prie konteinerio. Kas vienam nereikalingas daiktas \u2013 kitam lobis, o mes esame tarpininkai, kurie padeda abiems tapti laimingesniems ???? \u017dinome kaip nelengva i\u0161gyventi ma\u017eiems verslams, tad nuo \u0161iol, \u010dia rasite ir kit\u0173, ma\u017e\u0173 \u0161eim\u0173 versl\u0173, rank\u0173 darbo, dovan\u0173 sau ir artimiesiems.\",\"publisher\":{\"@id\":\"https:\/\/skaitytaknyga.lt\/#organization\"},\"potentialAction\":[{\"@type\":\"SearchAction\",\"target\":{\"@type\":\"EntryPoint\",\"urlTemplate\":\"https:\/\/skaitytaknyga.lt\/?s={search_term_string}\"},\"query-input\":{\"@type\":\"PropertyValueSpecification\",\"valueRequired\":true,\"valueName\":\"search_term_string\"}}],\"inLanguage\":\"en-GB\"},{\"@type\":\"Organization\",\"@id\":\"https:\/\/skaitytaknyga.lt\/#organization\",\"name\":\"skaitytaknyga.lt\",\"url\":\"https:\/\/skaitytaknyga.lt\/\",\"logo\":{\"@type\":\"ImageObject\",\"inLanguage\":\"en-GB\",\"@id\":\"https:\/\/skaitytaknyga.lt\/#\/schema\/logo\/image\/\",\"url\":\"https:\/\/skaitytaknyga.lt\/wp-content\/uploads\/2024\/05\/cropped-cropped-cropped-02_00843_jt3bggkj1j3HLc7SyY6rEUpg.jpeg\",\"contentUrl\":\"https:\/\/skaitytaknyga.lt\/wp-content\/uploads\/2024\/05\/cropped-cropped-cropped-02_00843_jt3bggkj1j3HLc7SyY6rEUpg.jpeg\",\"width\":1600,\"height\":1600,\"caption\":\"skaitytaknyga.lt\"},\"image\":{\"@id\":\"https:\/\/skaitytaknyga.lt\/#\/schema\/logo\/image\/\"},\"sameAs\":[\"https:\/\/www.facebook.com\/skaitytaknyga\/\"]}]}<\/script>\n<!-- \/ Yoast SEO plugin. -->","yoast_head_json":{"title":"Alessandro Baricco \u201e\u0160ilkas\u201c","description":"Pats ra\u0161ytojas sako: Tai ne romanas. ir ne apsakymas. Tai -istorija. Jos prad\u017eia apie vyr\u0105 keliaujant\u012f po pasaul\u012f, o pabaiga- apie e\u017eer\u0105 tyvuliuojant\u012f v\u0117juotomis dienomis. Visos istorijos turi savo muzik\u0105, \u0161ios istorijos muzika balta.","robots":{"index":"index","follow":"follow","max-snippet":"max-snippet:-1","max-image-preview":"max-image-preview:large","max-video-preview":"max-video-preview:-1"},"canonical":"https:\/\/skaitytaknyga.lt\/en\/produktas\/alessandro-baricco-silkas-2\/","og_locale":"en_GB","og_type":"article","og_title":"[:lt]Alessandro Baricco \u201e\u0160ilkas\u201c[:] - Skaitytaknyga","og_description":"Pats ra\u0161ytojas sako: Tai ne romanas. ir ne apsakymas. Tai -istorija. Jos prad\u017eia apie vyr\u0105 keliaujant\u012f po pasaul\u012f, o pabaiga- apie e\u017eer\u0105 tyvuliuojant\u012f v\u0117juotomis dienomis. Visos istorijos turi savo muzik\u0105, \u0161ios istorijos muzika balta.","og_url":"https:\/\/skaitytaknyga.lt\/en\/produktas\/alessandro-baricco-silkas-2\/","og_site_name":"Skaitytaknyga","article_publisher":"https:\/\/www.facebook.com\/skaitytaknyga\/","article_modified_time":"2025-06-11T07:13:45+00:00","og_image":[{"width":489,"height":678,"url":"https:\/\/skaitytaknyga.lt\/wp-content\/uploads\/2025\/01\/Silkas.webp","type":"image\/webp"}],"twitter_card":"summary_large_image","twitter_misc":{"Estimated reading time":"2 minutes"},"schema":{"@context":"https:\/\/schema.org","@graph":[{"@type":"WebPage","@id":"https:\/\/skaitytaknyga.lt\/produktas\/alessandro-baricco-silkas-2\/","url":"https:\/\/skaitytaknyga.lt\/produktas\/alessandro-baricco-silkas-2\/","name":"Alessandro Baricco \u201e\u0160ilkas\u201c","isPartOf":{"@id":"https:\/\/skaitytaknyga.lt\/#website"},"primaryImageOfPage":{"@id":"https:\/\/skaitytaknyga.lt\/produktas\/alessandro-baricco-silkas-2\/#primaryimage"},"image":{"@id":"https:\/\/skaitytaknyga.lt\/produktas\/alessandro-baricco-silkas-2\/#primaryimage"},"thumbnailUrl":"https:\/\/skaitytaknyga.lt\/wp-content\/uploads\/2025\/01\/Silkas.webp","datePublished":"2025-01-25T13:25:28+00:00","dateModified":"2025-06-11T07:13:45+00:00","description":"Pats ra\u0161ytojas sako: Tai ne romanas. ir ne apsakymas. Tai -istorija. Jos prad\u017eia apie vyr\u0105 keliaujant\u012f po pasaul\u012f, o pabaiga- apie e\u017eer\u0105 tyvuliuojant\u012f v\u0117juotomis dienomis. Visos istorijos turi savo muzik\u0105, \u0161ios istorijos muzika balta.","breadcrumb":{"@id":"https:\/\/skaitytaknyga.lt\/produktas\/alessandro-baricco-silkas-2\/#breadcrumb"},"inLanguage":"en-GB","potentialAction":[{"@type":"ReadAction","target":["https:\/\/skaitytaknyga.lt\/produktas\/alessandro-baricco-silkas-2\/"]}]},{"@type":"ImageObject","inLanguage":"en-GB","@id":"https:\/\/skaitytaknyga.lt\/produktas\/alessandro-baricco-silkas-2\/#primaryimage","url":"https:\/\/skaitytaknyga.lt\/wp-content\/uploads\/2025\/01\/Silkas.webp","contentUrl":"https:\/\/skaitytaknyga.lt\/wp-content\/uploads\/2025\/01\/Silkas.webp","width":489,"height":678,"caption":"\u0160ilkas"},{"@type":"BreadcrumbList","@id":"https:\/\/skaitytaknyga.lt\/produktas\/alessandro-baricco-silkas-2\/#breadcrumb","itemListElement":[{"@type":"ListItem","position":1,"name":"Home","item":"https:\/\/skaitytaknyga.lt\/"},{"@type":"ListItem","position":2,"name":"Parduotuv\u0117","item":"https:\/\/skaitytaknyga.lt\/knygu-parduotuve\/"},{"@type":"ListItem","position":3,"name":"Alessandro Baricco \u201e\u0160ilkas\u201c"}]},{"@type":"WebSite","@id":"https:\/\/skaitytaknyga.lt\/#website","url":"https:\/\/skaitytaknyga.lt\/","name":"skaitytaknyga.lt","description":"Skaitytaknyga.lt \u2013 tai ma\u017eas \u0161eimos verslas, kuris prasid\u0117jo nuo meil\u0117s knygoms ir siekio i\u0161gelb\u0117ti knygas nuo likimo prie konteinerio. Kas vienam nereikalingas daiktas \u2013 kitam lobis, o mes esame tarpininkai, kurie padeda abiems tapti laimingesniems ???? \u017dinome kaip nelengva i\u0161gyventi ma\u017eiems verslams, tad nuo \u0161iol, \u010dia rasite ir kit\u0173, ma\u017e\u0173 \u0161eim\u0173 versl\u0173, rank\u0173 darbo, dovan\u0173 sau ir artimiesiems.","publisher":{"@id":"https:\/\/skaitytaknyga.lt\/#organization"},"potentialAction":[{"@type":"SearchAction","target":{"@type":"EntryPoint","urlTemplate":"https:\/\/skaitytaknyga.lt\/?s={search_term_string}"},"query-input":{"@type":"PropertyValueSpecification","valueRequired":true,"valueName":"search_term_string"}}],"inLanguage":"en-GB"},{"@type":"Organization","@id":"https:\/\/skaitytaknyga.lt\/#organization","name":"skaitytaknyga.lt","url":"https:\/\/skaitytaknyga.lt\/","logo":{"@type":"ImageObject","inLanguage":"en-GB","@id":"https:\/\/skaitytaknyga.lt\/#\/schema\/logo\/image\/","url":"https:\/\/skaitytaknyga.lt\/wp-content\/uploads\/2024\/05\/cropped-cropped-cropped-02_00843_jt3bggkj1j3HLc7SyY6rEUpg.jpeg","contentUrl":"https:\/\/skaitytaknyga.lt\/wp-content\/uploads\/2024\/05\/cropped-cropped-cropped-02_00843_jt3bggkj1j3HLc7SyY6rEUpg.jpeg","width":1600,"height":1600,"caption":"skaitytaknyga.lt"},"image":{"@id":"https:\/\/skaitytaknyga.lt\/#\/schema\/logo\/image\/"},"sameAs":["https:\/\/www.facebook.com\/skaitytaknyga\/"]}]}},"_links":{"self":[{"href":"https:\/\/skaitytaknyga.lt\/en\/wp-json\/wp\/v2\/product\/16082","targetHints":{"allow":["GET"]}}],"collection":[{"href":"https:\/\/skaitytaknyga.lt\/en\/wp-json\/wp\/v2\/product"}],"about":[{"href":"https:\/\/skaitytaknyga.lt\/en\/wp-json\/wp\/v2\/types\/product"}],"replies":[{"embeddable":true,"href":"https:\/\/skaitytaknyga.lt\/en\/wp-json\/wp\/v2\/comments?post=16082"}],"wp:featuredmedia":[{"embeddable":true,"href":"https:\/\/skaitytaknyga.lt\/en\/wp-json\/wp\/v2\/media\/16083"}],"wp:attachment":[{"href":"https:\/\/skaitytaknyga.lt\/en\/wp-json\/wp\/v2\/media?parent=16082"}],"wp:term":[{"taxonomy":"product_brand","embeddable":true,"href":"https:\/\/skaitytaknyga.lt\/en\/wp-json\/wp\/v2\/product_brand?post=16082"},{"taxonomy":"product_cat","embeddable":true,"href":"https:\/\/skaitytaknyga.lt\/en\/wp-json\/wp\/v2\/product_cat?post=16082"},{"taxonomy":"product_tag","embeddable":true,"href":"https:\/\/skaitytaknyga.lt\/en\/wp-json\/wp\/v2\/product_tag?post=16082"}],"curies":[{"name":"wp","href":"https:\/\/api.w.org\/{rel}","templated":true}]}}