{"id":16080,"date":"2025-01-25T15:23:07","date_gmt":"2025-01-25T13:23:07","guid":{"rendered":"https:\/\/skaitytaknyga.lt\/?post_type=product&#038;p=16080"},"modified":"2025-10-04T18:47:22","modified_gmt":"2025-10-04T15:47:22","slug":"vyvenimas","status":"publish","type":"product","link":"https:\/\/skaitytaknyga.lt\/en\/produktas\/vyvenimas\/","title":{"rendered":"Vyvenimas"},"content":{"rendered":"<p>\u201e\u0160i knyga ne tik apie mane. Ji \u2013 ir apie tave, jeigu tau bent kart\u0105 teko skirtis su mylimu \u017emogumi ir tuomet tu pagalvojai, kad \u010dia gyvenimas ir baigsis. Ji \u2013 apie tave, jeigu kartais u\u017epl\u016bsta mintys, kad tave, ma\u017e\u0105 vaik\u0105, per menkai myl\u0117jo. Jeigu tau yra tek\u0119 glostyti jau at\u0161alusi\u0105 artimo \u017emogaus rank\u0105. Jeigu gyvenimas buvo tave u\u017esup\u0119s taip, kad nor\u0117jai i\u0161lipti. Jeigu jau pasteb\u0117jai, kad da\u017enai viskas vyksta visai ne pagal plan\u0105, ta\u010diau stengiesi tai priimti. Tikiuosi, kad mano atvirumas nu\u0161vies keli\u0105 ir tau.\u201d<\/p>\n<p>\u201eVyvenimas\u201d \u2013 jausminga aktor\u0117s, televizijos ir radijo laid\u0173 ved\u0117jos, straipsni\u0173 autor\u0117s, socialini\u0173 projekt\u0173 k\u016br\u0117jos Beatos Ti\u0161kevi\u010d memuar\u0173 knyga, kurioje ji atskleid\u017eia niekur nepasakotas istorijas apie skaud\u017eias vaikyst\u0117s patirtis, pirmuosius darbus, nedr\u0105sius \u017eingsnelius televizijoje, sunkias skyrybas ir tai, ko \u0161ie geri ir blogi i\u0161gyvenimai i\u0161mok\u0117 ir k\u0105 pad\u0117jo suprasti. Knygoje kiekvienas \u017emogus atras dalel\u0119 sav\u0119s \u2013 \u012f\u017evelgs santykiuose su t\u0117vais, mylimaisiais, draugais ir aplinkiniais.<\/p>\n<ul class=\"about-product d-none d-xl-block mt-4\">\n<li><strong>Autorius:<\/strong>\u00a0Beata Ti\u0161kevi\u010d<\/li>\n<li><strong>Leid\u0117jas:<\/strong>\u00a0BALTO<\/li>\n<li><strong>Metai:<\/strong>\u00a02018<\/li>\n<li><strong>Puslapiai:<\/strong>\u00a0368<\/li>\n<li class=\"toggleable type-new-formats \"><strong>ISBN:<\/strong>\u00a09786098184235<\/li>\n<li><strong>Versijos kodas:<\/strong>\u00a0PT.16<\/li>\n<li class=\"toggleable type-new-formats \"><strong>Formatas:<\/strong>\u00a014,8 x 21 x 2,3 cm, puskie\u010diai vir\u0161eliai<\/li>\n<li><strong>Kalba:<\/strong>\u00a0Lietuvi\u0173<\/li>\n<\/ul>\n","protected":false},"excerpt":{"rendered":"<p>\u201e\u0160i knyga ne tik apie mane. Ji \u2013 ir apie tave, jeigu tau bent kart\u0105 teko skirtis su mylimu \u017emogumi ir tuomet tu pagalvojai, kad \u010dia gyvenimas ir baigsis. Ji \u2013 apie tave, jeigu kartais u\u017epl\u016bsta mintys, kad tave, ma\u017e\u0105 vaik\u0105, per menkai myl\u0117jo. Jeigu tau yra tek\u0119 glostyti jau at\u0161alusi\u0105 artimo \u017emogaus rank\u0105. Jeigu gyvenimas buvo tave u\u017esup\u0119s taip, kad nor\u0117jai i\u0161lipti. Jeigu jau pasteb\u0117jai, kad da\u017enai viskas vyksta visai ne pagal plan\u0105, ta\u010diau stengiesi tai priimti. Tikiuosi, kad mano atvirumas nu\u0161vies keli\u0105 ir tau.\u201d \u201eVyvenimas\u201d \u2013 jausminga aktor\u0117s, televizijos ir radijo laid\u0173 ved\u0117jos, straipsni\u0173 autor\u0117s, socialini\u0173 projekt\u0173 k\u016br\u0117jos Beatos Ti\u0161kevi\u010d memuar\u0173 knyga, kurioje ji atskleid\u017eia niekur nepasakotas istorijas apie skaud\u017eias vaikyst\u0117s patirtis, pirmuosius darbus, nedr\u0105sius \u017eingsnelius televizijoje, sunkias skyrybas ir tai, ko \u0161ie geri ir blogi i\u0161gyvenimai i\u0161mok\u0117 ir k\u0105 pad\u0117jo suprasti. Knygoje kiekvienas \u017emogus atras dalel\u0119 sav\u0119s \u2013 \u012f\u017evelgs santykiuose su t\u0117vais, mylimaisiais, draugais ir aplinkiniais. Autorius:\u00a0Beata Ti\u0161kevi\u010d Leid\u0117jas:\u00a0BALTO Metai:\u00a02018 Puslapiai:\u00a0368 ISBN:\u00a09786098184235 Versijos kodas:\u00a0PT.16 Formatas:\u00a014,8 x 21 x 2,3 cm, puskie\u010diai vir\u0161eliai Kalba:\u00a0Lietuvi\u0173<\/p>\n","protected":false},"featured_media":16081,"comment_status":"open","ping_status":"closed","template":"","meta":{"_acf_changed":false,"site-sidebar-layout":"default","site-content-layout":"","ast-site-content-layout":"default","site-content-style":"default","site-sidebar-style":"default","ast-global-header-display":"","ast-banner-title-visibility":"","ast-main-header-display":"","ast-hfb-above-header-display":"","ast-hfb-below-header-display":"","ast-hfb-mobile-header-display":"","site-post-title":"","ast-breadcrumbs-content":"","ast-featured-img":"","footer-sml-layout":"","ast-disable-related-posts":"","theme-transparent-header-meta":"default","adv-header-id-meta":"","stick-header-meta":"","header-above-stick-meta":"","header-main-stick-meta":"","header-below-stick-meta":"","astra-migrate-meta-layouts":"set","ast-page-background-enabled":"default","ast-page-background-meta":{"desktop":{"background-color":"","background-image":"","background-repeat":"repeat","background-position":"center center","background-size":"auto","background-attachment":"scroll","background-type":"","background-media":"","overlay-type":"","overlay-color":"","overlay-opacity":"","overlay-gradient":""},"tablet":{"background-color":"","background-image":"","background-repeat":"repeat","background-position":"center center","background-size":"auto","background-attachment":"scroll","background-type":"","background-media":"","overlay-type":"","overlay-color":"","overlay-opacity":"","overlay-gradient":""},"mobile":{"background-color":"","background-image":"","background-repeat":"repeat","background-position":"center center","background-size":"auto","background-attachment":"scroll","background-type":"","background-media":"","overlay-type":"","overlay-color":"","overlay-opacity":"","overlay-gradient":""}},"ast-content-background-meta":{"desktop":{"background-color":"var(--ast-global-color-4)","background-image":"","background-repeat":"repeat","background-position":"center center","background-size":"auto","background-attachment":"scroll","background-type":"","background-media":"","overlay-type":"","overlay-color":"","overlay-opacity":"","overlay-gradient":""},"tablet":{"background-color":"var(--ast-global-color-4)","background-image":"","background-repeat":"repeat","background-position":"center center","background-size":"auto","background-attachment":"scroll","background-type":"","background-media":"","overlay-type":"","overlay-color":"","overlay-opacity":"","overlay-gradient":""},"mobile":{"background-color":"var(--ast-global-color-4)","background-image":"","background-repeat":"repeat","background-position":"center center","background-size":"auto","background-attachment":"scroll","background-type":"","background-media":"","overlay-type":"","overlay-color":"","overlay-opacity":"","overlay-gradient":""}}},"product_brand":[],"product_cat":[31,15],"product_tag":[],"class_list":{"0":"post-16080","1":"product","2":"type-product","3":"status-publish","4":"has-post-thumbnail","6":"product_cat-grozine-literatura","7":"product_cat-uncategorized","8":"desktop-align-left","9":"tablet-align-left","10":"mobile-align-left","12":"first","13":"outofstock","14":"shipping-taxable","15":"purchasable","16":"product-type-simple"},"acf":[],"yoast_head":"<!-- This site is optimized with the Yoast SEO plugin v27.0 - https:\/\/yoast.com\/product\/yoast-seo-wordpress\/ -->\n<title>Vyvenimas<\/title>\n<meta name=\"description\" content=\"\u201e\u0160i knyga ne tik apie mane. Ji \u2013 ir apie tave, jeigu tau bent kart\u0105 teko skirtis su mylimu \u017emogumi ir tuomet tu pagalvojai, kad \u010dia gyvenimas ir baigsis.\" \/>\n<meta name=\"robots\" content=\"index, follow, max-snippet:-1, max-image-preview:large, max-video-preview:-1\" \/>\n<link rel=\"canonical\" href=\"https:\/\/skaitytaknyga.lt\/en\/produktas\/vyvenimas\/\" \/>\n<meta property=\"og:locale\" content=\"en_GB\" \/>\n<meta property=\"og:locale:alternate\" content=\"lt_LT\" \/>\n<meta property=\"og:type\" content=\"article\" \/>\n<meta property=\"og:title\" content=\"Vyvenimas\" \/>\n<meta property=\"og:description\" content=\"\u201e\u0160i knyga ne tik apie mane. Ji \u2013 ir apie tave, jeigu tau bent kart\u0105 teko skirtis su mylimu \u017emogumi ir tuomet tu pagalvojai, kad \u010dia gyvenimas ir baigsis.\" \/>\n<meta property=\"og:url\" content=\"https:\/\/skaitytaknyga.lt\/en\/produktas\/vyvenimas\/\" \/>\n<meta property=\"og:site_name\" content=\"Skaitytaknyga\" \/>\n<meta property=\"article:publisher\" content=\"https:\/\/www.facebook.com\/skaitytaknyga\/\" \/>\n<meta property=\"article:modified_time\" content=\"2025-10-04T15:47:22+00:00\" \/>\n<meta property=\"og:image\" content=\"https:\/\/skaitytaknyga.lt\/wp-content\/uploads\/2025\/01\/Vyvenimas.webp\" \/>\n\t<meta property=\"og:image:width\" content=\"563\" \/>\n\t<meta property=\"og:image:height\" content=\"800\" \/>\n\t<meta property=\"og:image:type\" content=\"image\/webp\" \/>\n<meta name=\"twitter:card\" content=\"summary_large_image\" \/>\n<meta name=\"twitter:label1\" content=\"Estimated reading time\" \/>\n\t<meta name=\"twitter:data1\" content=\"2 minutes\" \/>\n<script type=\"application\/ld+json\" class=\"yoast-schema-graph\">{\"@context\":\"https:\/\/schema.org\",\"@graph\":[{\"@type\":\"WebPage\",\"@id\":\"https:\/\/skaitytaknyga.lt\/produktas\/vyvenimas\/\",\"url\":\"https:\/\/skaitytaknyga.lt\/produktas\/vyvenimas\/\",\"name\":\"Vyvenimas\",\"isPartOf\":{\"@id\":\"https:\/\/skaitytaknyga.lt\/#website\"},\"primaryImageOfPage\":{\"@id\":\"https:\/\/skaitytaknyga.lt\/produktas\/vyvenimas\/#primaryimage\"},\"image\":{\"@id\":\"https:\/\/skaitytaknyga.lt\/produktas\/vyvenimas\/#primaryimage\"},\"thumbnailUrl\":\"https:\/\/skaitytaknyga.lt\/wp-content\/uploads\/2025\/01\/Vyvenimas.webp\",\"datePublished\":\"2025-01-25T13:23:07+00:00\",\"dateModified\":\"2025-10-04T15:47:22+00:00\",\"description\":\"\u201e\u0160i knyga ne tik apie mane. Ji \u2013 ir apie tave, jeigu tau bent kart\u0105 teko skirtis su mylimu \u017emogumi ir tuomet tu pagalvojai, kad \u010dia gyvenimas ir baigsis.\",\"breadcrumb\":{\"@id\":\"https:\/\/skaitytaknyga.lt\/produktas\/vyvenimas\/#breadcrumb\"},\"inLanguage\":\"en-GB\",\"potentialAction\":[{\"@type\":\"ReadAction\",\"target\":[\"https:\/\/skaitytaknyga.lt\/produktas\/vyvenimas\/\"]}]},{\"@type\":\"ImageObject\",\"inLanguage\":\"en-GB\",\"@id\":\"https:\/\/skaitytaknyga.lt\/produktas\/vyvenimas\/#primaryimage\",\"url\":\"https:\/\/skaitytaknyga.lt\/wp-content\/uploads\/2025\/01\/Vyvenimas.webp\",\"contentUrl\":\"https:\/\/skaitytaknyga.lt\/wp-content\/uploads\/2025\/01\/Vyvenimas.webp\",\"width\":563,\"height\":800,\"caption\":\"Vyvenimas\"},{\"@type\":\"BreadcrumbList\",\"@id\":\"https:\/\/skaitytaknyga.lt\/produktas\/vyvenimas\/#breadcrumb\",\"itemListElement\":[{\"@type\":\"ListItem\",\"position\":1,\"name\":\"Home\",\"item\":\"https:\/\/skaitytaknyga.lt\/\"},{\"@type\":\"ListItem\",\"position\":2,\"name\":\"Parduotuv\u0117\",\"item\":\"https:\/\/skaitytaknyga.lt\/knygu-parduotuve\/\"},{\"@type\":\"ListItem\",\"position\":3,\"name\":\"Vyvenimas\"}]},{\"@type\":\"WebSite\",\"@id\":\"https:\/\/skaitytaknyga.lt\/#website\",\"url\":\"https:\/\/skaitytaknyga.lt\/\",\"name\":\"skaitytaknyga.lt\",\"description\":\"Skaitytaknyga.lt \u2013 tai ma\u017eas \u0161eimos verslas, kuris prasid\u0117jo nuo meil\u0117s knygoms ir siekio i\u0161gelb\u0117ti knygas nuo likimo prie konteinerio. Kas vienam nereikalingas daiktas \u2013 kitam lobis, o mes esame tarpininkai, kurie padeda abiems tapti laimingesniems ???? \u017dinome kaip nelengva i\u0161gyventi ma\u017eiems verslams, tad nuo \u0161iol, \u010dia rasite ir kit\u0173, ma\u017e\u0173 \u0161eim\u0173 versl\u0173, rank\u0173 darbo, dovan\u0173 sau ir artimiesiems.\",\"publisher\":{\"@id\":\"https:\/\/skaitytaknyga.lt\/#organization\"},\"potentialAction\":[{\"@type\":\"SearchAction\",\"target\":{\"@type\":\"EntryPoint\",\"urlTemplate\":\"https:\/\/skaitytaknyga.lt\/?s={search_term_string}\"},\"query-input\":{\"@type\":\"PropertyValueSpecification\",\"valueRequired\":true,\"valueName\":\"search_term_string\"}}],\"inLanguage\":\"en-GB\"},{\"@type\":\"Organization\",\"@id\":\"https:\/\/skaitytaknyga.lt\/#organization\",\"name\":\"skaitytaknyga.lt\",\"url\":\"https:\/\/skaitytaknyga.lt\/\",\"logo\":{\"@type\":\"ImageObject\",\"inLanguage\":\"en-GB\",\"@id\":\"https:\/\/skaitytaknyga.lt\/#\/schema\/logo\/image\/\",\"url\":\"https:\/\/skaitytaknyga.lt\/wp-content\/uploads\/2024\/05\/cropped-cropped-cropped-02_00843_jt3bggkj1j3HLc7SyY6rEUpg.jpeg\",\"contentUrl\":\"https:\/\/skaitytaknyga.lt\/wp-content\/uploads\/2024\/05\/cropped-cropped-cropped-02_00843_jt3bggkj1j3HLc7SyY6rEUpg.jpeg\",\"width\":1600,\"height\":1600,\"caption\":\"skaitytaknyga.lt\"},\"image\":{\"@id\":\"https:\/\/skaitytaknyga.lt\/#\/schema\/logo\/image\/\"},\"sameAs\":[\"https:\/\/www.facebook.com\/skaitytaknyga\/\"]}]}<\/script>\n<!-- \/ Yoast SEO plugin. -->","yoast_head_json":{"title":"Vyvenimas","description":"\u201e\u0160i knyga ne tik apie mane. Ji \u2013 ir apie tave, jeigu tau bent kart\u0105 teko skirtis su mylimu \u017emogumi ir tuomet tu pagalvojai, kad \u010dia gyvenimas ir baigsis.","robots":{"index":"index","follow":"follow","max-snippet":"max-snippet:-1","max-image-preview":"max-image-preview:large","max-video-preview":"max-video-preview:-1"},"canonical":"https:\/\/skaitytaknyga.lt\/en\/produktas\/vyvenimas\/","og_locale":"en_GB","og_type":"article","og_title":"[:lt]Vyvenimas[:] - Skaitytaknyga","og_description":"\u201e\u0160i knyga ne tik apie mane. Ji \u2013 ir apie tave, jeigu tau bent kart\u0105 teko skirtis su mylimu \u017emogumi ir tuomet tu pagalvojai, kad \u010dia gyvenimas ir baigsis.","og_url":"https:\/\/skaitytaknyga.lt\/en\/produktas\/vyvenimas\/","og_site_name":"Skaitytaknyga","article_publisher":"https:\/\/www.facebook.com\/skaitytaknyga\/","article_modified_time":"2025-10-04T15:47:22+00:00","og_image":[{"width":563,"height":800,"url":"https:\/\/skaitytaknyga.lt\/wp-content\/uploads\/2025\/01\/Vyvenimas.webp","type":"image\/webp"}],"twitter_card":"summary_large_image","twitter_misc":{"Estimated reading time":"2 minutes"},"schema":{"@context":"https:\/\/schema.org","@graph":[{"@type":"WebPage","@id":"https:\/\/skaitytaknyga.lt\/produktas\/vyvenimas\/","url":"https:\/\/skaitytaknyga.lt\/produktas\/vyvenimas\/","name":"Vyvenimas","isPartOf":{"@id":"https:\/\/skaitytaknyga.lt\/#website"},"primaryImageOfPage":{"@id":"https:\/\/skaitytaknyga.lt\/produktas\/vyvenimas\/#primaryimage"},"image":{"@id":"https:\/\/skaitytaknyga.lt\/produktas\/vyvenimas\/#primaryimage"},"thumbnailUrl":"https:\/\/skaitytaknyga.lt\/wp-content\/uploads\/2025\/01\/Vyvenimas.webp","datePublished":"2025-01-25T13:23:07+00:00","dateModified":"2025-10-04T15:47:22+00:00","description":"\u201e\u0160i knyga ne tik apie mane. Ji \u2013 ir apie tave, jeigu tau bent kart\u0105 teko skirtis su mylimu \u017emogumi ir tuomet tu pagalvojai, kad \u010dia gyvenimas ir baigsis.","breadcrumb":{"@id":"https:\/\/skaitytaknyga.lt\/produktas\/vyvenimas\/#breadcrumb"},"inLanguage":"en-GB","potentialAction":[{"@type":"ReadAction","target":["https:\/\/skaitytaknyga.lt\/produktas\/vyvenimas\/"]}]},{"@type":"ImageObject","inLanguage":"en-GB","@id":"https:\/\/skaitytaknyga.lt\/produktas\/vyvenimas\/#primaryimage","url":"https:\/\/skaitytaknyga.lt\/wp-content\/uploads\/2025\/01\/Vyvenimas.webp","contentUrl":"https:\/\/skaitytaknyga.lt\/wp-content\/uploads\/2025\/01\/Vyvenimas.webp","width":563,"height":800,"caption":"Vyvenimas"},{"@type":"BreadcrumbList","@id":"https:\/\/skaitytaknyga.lt\/produktas\/vyvenimas\/#breadcrumb","itemListElement":[{"@type":"ListItem","position":1,"name":"Home","item":"https:\/\/skaitytaknyga.lt\/"},{"@type":"ListItem","position":2,"name":"Parduotuv\u0117","item":"https:\/\/skaitytaknyga.lt\/knygu-parduotuve\/"},{"@type":"ListItem","position":3,"name":"Vyvenimas"}]},{"@type":"WebSite","@id":"https:\/\/skaitytaknyga.lt\/#website","url":"https:\/\/skaitytaknyga.lt\/","name":"skaitytaknyga.lt","description":"Skaitytaknyga.lt \u2013 tai ma\u017eas \u0161eimos verslas, kuris prasid\u0117jo nuo meil\u0117s knygoms ir siekio i\u0161gelb\u0117ti knygas nuo likimo prie konteinerio. Kas vienam nereikalingas daiktas \u2013 kitam lobis, o mes esame tarpininkai, kurie padeda abiems tapti laimingesniems ???? \u017dinome kaip nelengva i\u0161gyventi ma\u017eiems verslams, tad nuo \u0161iol, \u010dia rasite ir kit\u0173, ma\u017e\u0173 \u0161eim\u0173 versl\u0173, rank\u0173 darbo, dovan\u0173 sau ir artimiesiems.","publisher":{"@id":"https:\/\/skaitytaknyga.lt\/#organization"},"potentialAction":[{"@type":"SearchAction","target":{"@type":"EntryPoint","urlTemplate":"https:\/\/skaitytaknyga.lt\/?s={search_term_string}"},"query-input":{"@type":"PropertyValueSpecification","valueRequired":true,"valueName":"search_term_string"}}],"inLanguage":"en-GB"},{"@type":"Organization","@id":"https:\/\/skaitytaknyga.lt\/#organization","name":"skaitytaknyga.lt","url":"https:\/\/skaitytaknyga.lt\/","logo":{"@type":"ImageObject","inLanguage":"en-GB","@id":"https:\/\/skaitytaknyga.lt\/#\/schema\/logo\/image\/","url":"https:\/\/skaitytaknyga.lt\/wp-content\/uploads\/2024\/05\/cropped-cropped-cropped-02_00843_jt3bggkj1j3HLc7SyY6rEUpg.jpeg","contentUrl":"https:\/\/skaitytaknyga.lt\/wp-content\/uploads\/2024\/05\/cropped-cropped-cropped-02_00843_jt3bggkj1j3HLc7SyY6rEUpg.jpeg","width":1600,"height":1600,"caption":"skaitytaknyga.lt"},"image":{"@id":"https:\/\/skaitytaknyga.lt\/#\/schema\/logo\/image\/"},"sameAs":["https:\/\/www.facebook.com\/skaitytaknyga\/"]}]}},"_links":{"self":[{"href":"https:\/\/skaitytaknyga.lt\/en\/wp-json\/wp\/v2\/product\/16080","targetHints":{"allow":["GET"]}}],"collection":[{"href":"https:\/\/skaitytaknyga.lt\/en\/wp-json\/wp\/v2\/product"}],"about":[{"href":"https:\/\/skaitytaknyga.lt\/en\/wp-json\/wp\/v2\/types\/product"}],"replies":[{"embeddable":true,"href":"https:\/\/skaitytaknyga.lt\/en\/wp-json\/wp\/v2\/comments?post=16080"}],"wp:featuredmedia":[{"embeddable":true,"href":"https:\/\/skaitytaknyga.lt\/en\/wp-json\/wp\/v2\/media\/16081"}],"wp:attachment":[{"href":"https:\/\/skaitytaknyga.lt\/en\/wp-json\/wp\/v2\/media?parent=16080"}],"wp:term":[{"taxonomy":"product_brand","embeddable":true,"href":"https:\/\/skaitytaknyga.lt\/en\/wp-json\/wp\/v2\/product_brand?post=16080"},{"taxonomy":"product_cat","embeddable":true,"href":"https:\/\/skaitytaknyga.lt\/en\/wp-json\/wp\/v2\/product_cat?post=16080"},{"taxonomy":"product_tag","embeddable":true,"href":"https:\/\/skaitytaknyga.lt\/en\/wp-json\/wp\/v2\/product_tag?post=16080"}],"curies":[{"name":"wp","href":"https:\/\/api.w.org\/{rel}","templated":true}]}}