{"id":16078,"date":"2025-01-25T15:18:22","date_gmt":"2025-01-25T13:18:22","guid":{"rendered":"https:\/\/skaitytaknyga.lt\/?post_type=product&#038;p=16078"},"modified":"2025-06-12T08:07:31","modified_gmt":"2025-06-12T05:07:31","slug":"steve-jobs","status":"publish","type":"product","link":"https:\/\/skaitytaknyga.lt\/en\/produktas\/steve-jobs\/","title":{"rendered":"Steve Jobs"},"content":{"rendered":"<p>Steve\u2019as Jobsas buvo daugiau nei \u201cApple\u201d \u012fk\u016br\u0117jas, per tris de\u0161imtme\u010dius i\u0161 t\u0117v\u0173 gara\u017eo i\u0161augin\u0119s savo kompanij\u0105 \u012f s\u0117kmingiausi\u0105 pasaulyje technologij\u0173 \u012fmon\u0119. Jis padar\u0117 perversm\u0105 septyniose srityse: asmenini\u0173 kompiuteri\u0173, animacini\u0173 film\u0173, muzikos, telefon\u0173, plan\u0161etini\u0173 kompiuteri\u0173, skaitmenin\u0117s leidybos ir ma\u017emenin\u0117s prekybos. Dar svarbiau: \u0161altas kompiuterines technologijas jis pavert\u0117 patogiomis, \u017emogi\u0161komis, lengvomis naudoti&#8230; \u0160tai kod\u0117l St. Jobso netektis tokia skaudi &#8211; \u012fsivaizduokite, kokie dar poky\u010diai m\u016bs\u0173 laukt\u0173, jeigu Steve\u2019o karjera t\u0119st\u0173si dar por\u0105 de\u0161imtme\u010di\u0173?<\/p>\n<p>Ta\u010diau St. Jobsas &#8211; ir ypatingai prie\u0161taringa asmenyb\u0117, apipinta mit\u0173 ir legend\u0173. Visuomet taip pat apsireng\u0119s (d\u017einsais, sportba\u010diais ir paprastais juodais mar\u0161kin\u0117liais), ta\u010diau visada pasiruo\u0161\u0119s sudrebinti pasaul\u012f inovacijomis. \u017dmogus, matantis pasaul\u012f tik dviem spalvom: juoda arba balta. Jautrus t\u0117vas, ta\u010diau tironi\u0161kas vadovas. Vienintelis vadovas pasaulyje, iki gyvenimo pabaigos pats tikrin\u0119s ir atsakin\u0117j\u0119s \u012f gerb\u0117j\u0173 ir vartotoj\u0173 skundus. Savas ir tuo pa\u010diu nepa\u017e\u012fstamas.<\/p>\n<p>Pirmojoje oficialioje\u00a0isp\u016bdingos apimties Walterio Isaacsono biografijoje STEVE JOBS &#8211; tikras ir nepagr\u0105\u017eintas jo portretas. Matyt, nujausdamas art\u0117jan\u010di\u0105 mirt\u012f, genijus ne tik dav\u0117 de\u0161imtis intymi\u0173 interviu, bet ir atv\u0117r\u0117 asmeninius archyvus, leido susitikti net su savo studij\u0173 laik\u0173 draug\u0117mis. \u0160i knyga angli\u0161kai pasirod\u0117 jau po St. Jobso mirties, 2011 spalio pabaigoje. Tereik\u0117jo ma\u017eiau nei m\u0117nesio, kad ji taptu\u00a0perkamiausia pasaulyje 2011 knyga. Leidykla OBUOLYS did\u017eiuojasi, gal\u0117dama serijoje GURU j\u0105 pristatyti lietuvi\u0161kai.<\/p>\n<p>Kitokia biografija<\/p>\n<p>Ar realu tik\u0117tis biografijos, kuri pernelyg negarbint\u0173 ir nedramatizuot\u0173 tokios asmenyb\u0117s, kaip dauguma tokio \u017eanro k\u016brini\u0173? W. Isscsono para\u0161yta knyga STEVE JOBS, kurioje rasite ir niekur nespausdint\u0173 asmenini\u0173 \u201cApple\u201d \u012fk\u016br\u0117jo nuotrauk\u0173, nepatenka n\u0117 \u012f vien\u0105 kategorij\u0105.<\/p>\n<p>Pasakodamas nepagra\u017eint\u0105 ties\u0105 apie Jobs\u0105 autorius i\u0161sklaido j\u012f gaubusius mitus ir magij\u0105. Jobsas \u2013 ne Moz\u0117 su iPadais rankose. Matome skvarbaus \u017evilgsnio, itin pastab\u0173 ir nepaprastai u\u017esispyrus\u012f \u017emog\u0173, kuris pasiry\u017e\u0119s \u201epalikti p\u0117dsak\u0105 visatoje\u201c.<\/p>\n<p>Autorius: Walter Isaacson<br \/>\nLeid\u0117jas: Obuolys<br \/>\nMetai: 2012<br \/>\nPuslapiai: 592<br \/>\nISBN: 9786094033308<br \/>\nFormatas: 17,4 x 24 cm, kieti vir\u0161eliai<br \/>\nKalba: Lietuvi\u0173<br \/>\nVert\u0117jas: Paulius Ambrazevi\u010dius<br \/>\nKnyg\u0173 serija: Guru<\/p>\n","protected":false},"excerpt":{"rendered":"<p>Steve\u2019as Jobsas buvo daugiau nei \u201cApple\u201d \u012fk\u016br\u0117jas, per tris de\u0161imtme\u010dius i\u0161 t\u0117v\u0173 gara\u017eo i\u0161augin\u0119s savo kompanij\u0105 \u012f s\u0117kmingiausi\u0105 pasaulyje technologij\u0173 \u012fmon\u0119. Jis padar\u0117 perversm\u0105 septyniose srityse: asmenini\u0173 kompiuteri\u0173, animacini\u0173 film\u0173, muzikos, telefon\u0173, plan\u0161etini\u0173 kompiuteri\u0173, skaitmenin\u0117s leidybos ir ma\u017emenin\u0117s prekybos. Dar svarbiau: \u0161altas kompiuterines technologijas jis pavert\u0117 patogiomis, \u017emogi\u0161komis, lengvomis naudoti&#8230; \u0160tai kod\u0117l St. Jobso netektis tokia skaudi &#8211; \u012fsivaizduokite, kokie dar poky\u010diai m\u016bs\u0173 laukt\u0173, jeigu Steve\u2019o karjera t\u0119st\u0173si dar por\u0105 de\u0161imtme\u010di\u0173? Ta\u010diau St. Jobsas &#8211; ir ypatingai prie\u0161taringa asmenyb\u0117, apipinta mit\u0173 ir legend\u0173. Visuomet taip pat apsireng\u0119s (d\u017einsais, sportba\u010diais ir paprastais juodais mar\u0161kin\u0117liais), ta\u010diau visada pasiruo\u0161\u0119s sudrebinti pasaul\u012f inovacijomis. \u017dmogus, matantis pasaul\u012f tik dviem spalvom: juoda arba balta. Jautrus t\u0117vas, ta\u010diau tironi\u0161kas vadovas. Vienintelis vadovas pasaulyje, iki gyvenimo pabaigos pats tikrin\u0119s ir atsakin\u0117j\u0119s \u012f gerb\u0117j\u0173 ir vartotoj\u0173 skundus. Savas ir tuo pa\u010diu nepa\u017e\u012fstamas. Pirmojoje oficialioje\u00a0isp\u016bdingos apimties Walterio Isaacsono biografijoje STEVE JOBS &#8211; tikras ir nepagr\u0105\u017eintas jo portretas. Matyt, nujausdamas art\u0117jan\u010di\u0105 mirt\u012f, genijus ne tik dav\u0117 de\u0161imtis intymi\u0173 interviu, bet ir atv\u0117r\u0117 asmeninius archyvus, leido susitikti net su savo studij\u0173 laik\u0173 draug\u0117mis. \u0160i knyga angli\u0161kai pasirod\u0117 jau po St. Jobso mirties, 2011 spalio pabaigoje. Tereik\u0117jo ma\u017eiau nei m\u0117nesio, kad ji taptu\u00a0perkamiausia pasaulyje 2011 knyga. Leidykla OBUOLYS did\u017eiuojasi, gal\u0117dama serijoje GURU j\u0105 pristatyti lietuvi\u0161kai. Kitokia biografija Ar realu tik\u0117tis biografijos, kuri pernelyg negarbint\u0173 ir nedramatizuot\u0173 tokios asmenyb\u0117s, kaip dauguma tokio \u017eanro k\u016brini\u0173? W. Isscsono para\u0161yta knyga STEVE JOBS, kurioje rasite ir niekur nespausdint\u0173 asmenini\u0173 \u201cApple\u201d \u012fk\u016br\u0117jo nuotrauk\u0173, nepatenka n\u0117 \u012f vien\u0105 kategorij\u0105. Pasakodamas nepagra\u017eint\u0105 ties\u0105 apie Jobs\u0105 autorius i\u0161sklaido j\u012f gaubusius mitus ir magij\u0105. Jobsas \u2013 ne Moz\u0117 su iPadais rankose. Matome skvarbaus \u017evilgsnio, itin pastab\u0173 ir nepaprastai u\u017esispyrus\u012f \u017emog\u0173, kuris pasiry\u017e\u0119s \u201epalikti p\u0117dsak\u0105 visatoje\u201c. Autorius: Walter Isaacson Leid\u0117jas: Obuolys Metai: 2012 Puslapiai: 592 ISBN: 9786094033308 Formatas: 17,4 x 24 cm, kieti vir\u0161eliai Kalba: Lietuvi\u0173 Vert\u0117jas: Paulius Ambrazevi\u010dius Knyg\u0173 serija: Guru<\/p>\n","protected":false},"featured_media":16079,"comment_status":"open","ping_status":"closed","template":"","meta":{"_acf_changed":false,"site-sidebar-layout":"default","site-content-layout":"","ast-site-content-layout":"default","site-content-style":"default","site-sidebar-style":"default","ast-global-header-display":"","ast-banner-title-visibility":"","ast-main-header-display":"","ast-hfb-above-header-display":"","ast-hfb-below-header-display":"","ast-hfb-mobile-header-display":"","site-post-title":"","ast-breadcrumbs-content":"","ast-featured-img":"","footer-sml-layout":"","ast-disable-related-posts":"","theme-transparent-header-meta":"default","adv-header-id-meta":"","stick-header-meta":"","header-above-stick-meta":"","header-main-stick-meta":"","header-below-stick-meta":"","astra-migrate-meta-layouts":"set","ast-page-background-enabled":"default","ast-page-background-meta":{"desktop":{"background-color":"","background-image":"","background-repeat":"repeat","background-position":"center center","background-size":"auto","background-attachment":"scroll","background-type":"","background-media":"","overlay-type":"","overlay-color":"","overlay-opacity":"","overlay-gradient":""},"tablet":{"background-color":"","background-image":"","background-repeat":"repeat","background-position":"center center","background-size":"auto","background-attachment":"scroll","background-type":"","background-media":"","overlay-type":"","overlay-color":"","overlay-opacity":"","overlay-gradient":""},"mobile":{"background-color":"","background-image":"","background-repeat":"repeat","background-position":"center center","background-size":"auto","background-attachment":"scroll","background-type":"","background-media":"","overlay-type":"","overlay-color":"","overlay-opacity":"","overlay-gradient":""}},"ast-content-background-meta":{"desktop":{"background-color":"var(--ast-global-color-4)","background-image":"","background-repeat":"repeat","background-position":"center center","background-size":"auto","background-attachment":"scroll","background-type":"","background-media":"","overlay-type":"","overlay-color":"","overlay-opacity":"","overlay-gradient":""},"tablet":{"background-color":"var(--ast-global-color-4)","background-image":"","background-repeat":"repeat","background-position":"center center","background-size":"auto","background-attachment":"scroll","background-type":"","background-media":"","overlay-type":"","overlay-color":"","overlay-opacity":"","overlay-gradient":""},"mobile":{"background-color":"var(--ast-global-color-4)","background-image":"","background-repeat":"repeat","background-position":"center center","background-size":"auto","background-attachment":"scroll","background-type":"","background-media":"","overlay-type":"","overlay-color":"","overlay-opacity":"","overlay-gradient":""}}},"product_brand":[],"product_cat":[33,15,26],"product_tag":[],"class_list":{"0":"post-16078","1":"product","2":"type-product","3":"status-publish","4":"has-post-thumbnail","6":"product_cat-biografijos","7":"product_cat-uncategorized","8":"product_cat-verslas-vadyba-ir-finansai","9":"desktop-align-left","10":"tablet-align-left","11":"mobile-align-left","13":"first","14":"outofstock","15":"shipping-taxable","16":"purchasable","17":"product-type-simple"},"acf":[],"yoast_head":"<!-- This site is optimized with the Yoast SEO plugin v27.0 - https:\/\/yoast.com\/product\/yoast-seo-wordpress\/ -->\n<title>Steve Jobs<\/title>\n<meta name=\"description\" content=\"Steve\u2019as Jobsas buvo daugiau nei \u201cApple\u201d \u012fk\u016br\u0117jas, per tris de\u0161imtme\u010dius i\u0161 t\u0117v\u0173 gara\u017eo i\u0161augin\u0119s savo kompanij\u0105 \u012f s\u0117kmingiausi\u0105 pasaulyje technologij\u0173\" \/>\n<meta name=\"robots\" content=\"index, follow, max-snippet:-1, max-image-preview:large, max-video-preview:-1\" \/>\n<link rel=\"canonical\" href=\"https:\/\/skaitytaknyga.lt\/en\/produktas\/steve-jobs\/\" \/>\n<meta property=\"og:locale\" content=\"en_GB\" \/>\n<meta property=\"og:locale:alternate\" content=\"lt_LT\" \/>\n<meta property=\"og:type\" content=\"article\" \/>\n<meta property=\"og:title\" content=\"Steve Jobs\" \/>\n<meta property=\"og:description\" content=\"Steve\u2019as Jobsas buvo daugiau nei \u201cApple\u201d \u012fk\u016br\u0117jas, per tris de\u0161imtme\u010dius i\u0161 t\u0117v\u0173 gara\u017eo i\u0161augin\u0119s savo kompanij\u0105 \u012f s\u0117kmingiausi\u0105 pasaulyje technologij\u0173\" \/>\n<meta property=\"og:url\" content=\"https:\/\/skaitytaknyga.lt\/en\/produktas\/steve-jobs\/\" \/>\n<meta property=\"og:site_name\" content=\"Skaitytaknyga\" \/>\n<meta property=\"article:publisher\" content=\"https:\/\/www.facebook.com\/skaitytaknyga\/\" \/>\n<meta property=\"article:modified_time\" content=\"2025-06-12T05:07:31+00:00\" \/>\n<meta property=\"og:image\" content=\"https:\/\/skaitytaknyga.lt\/wp-content\/uploads\/2025\/01\/Steve-Jobs.webp\" \/>\n\t<meta property=\"og:image:width\" content=\"511\" \/>\n\t<meta property=\"og:image:height\" content=\"800\" \/>\n\t<meta property=\"og:image:type\" content=\"image\/webp\" \/>\n<meta name=\"twitter:card\" content=\"summary_large_image\" \/>\n<meta name=\"twitter:label1\" content=\"Estimated reading time\" \/>\n\t<meta name=\"twitter:data1\" content=\"2 minutes\" \/>\n<script type=\"application\/ld+json\" class=\"yoast-schema-graph\">{\"@context\":\"https:\/\/schema.org\",\"@graph\":[{\"@type\":\"WebPage\",\"@id\":\"https:\/\/skaitytaknyga.lt\/produktas\/steve-jobs\/\",\"url\":\"https:\/\/skaitytaknyga.lt\/produktas\/steve-jobs\/\",\"name\":\"Steve Jobs\",\"isPartOf\":{\"@id\":\"https:\/\/skaitytaknyga.lt\/#website\"},\"primaryImageOfPage\":{\"@id\":\"https:\/\/skaitytaknyga.lt\/produktas\/steve-jobs\/#primaryimage\"},\"image\":{\"@id\":\"https:\/\/skaitytaknyga.lt\/produktas\/steve-jobs\/#primaryimage\"},\"thumbnailUrl\":\"https:\/\/skaitytaknyga.lt\/wp-content\/uploads\/2025\/01\/Steve-Jobs.webp\",\"datePublished\":\"2025-01-25T13:18:22+00:00\",\"dateModified\":\"2025-06-12T05:07:31+00:00\",\"description\":\"Steve\u2019as Jobsas buvo daugiau nei \u201cApple\u201d \u012fk\u016br\u0117jas, per tris de\u0161imtme\u010dius i\u0161 t\u0117v\u0173 gara\u017eo i\u0161augin\u0119s savo kompanij\u0105 \u012f s\u0117kmingiausi\u0105 pasaulyje technologij\u0173\",\"breadcrumb\":{\"@id\":\"https:\/\/skaitytaknyga.lt\/produktas\/steve-jobs\/#breadcrumb\"},\"inLanguage\":\"en-GB\",\"potentialAction\":[{\"@type\":\"ReadAction\",\"target\":[\"https:\/\/skaitytaknyga.lt\/produktas\/steve-jobs\/\"]}]},{\"@type\":\"ImageObject\",\"inLanguage\":\"en-GB\",\"@id\":\"https:\/\/skaitytaknyga.lt\/produktas\/steve-jobs\/#primaryimage\",\"url\":\"https:\/\/skaitytaknyga.lt\/wp-content\/uploads\/2025\/01\/Steve-Jobs.webp\",\"contentUrl\":\"https:\/\/skaitytaknyga.lt\/wp-content\/uploads\/2025\/01\/Steve-Jobs.webp\",\"width\":511,\"height\":800,\"caption\":\"Steve Jobs\"},{\"@type\":\"BreadcrumbList\",\"@id\":\"https:\/\/skaitytaknyga.lt\/produktas\/steve-jobs\/#breadcrumb\",\"itemListElement\":[{\"@type\":\"ListItem\",\"position\":1,\"name\":\"Home\",\"item\":\"https:\/\/skaitytaknyga.lt\/\"},{\"@type\":\"ListItem\",\"position\":2,\"name\":\"Parduotuv\u0117\",\"item\":\"https:\/\/skaitytaknyga.lt\/knygu-parduotuve\/\"},{\"@type\":\"ListItem\",\"position\":3,\"name\":\"Steve Jobs\"}]},{\"@type\":\"WebSite\",\"@id\":\"https:\/\/skaitytaknyga.lt\/#website\",\"url\":\"https:\/\/skaitytaknyga.lt\/\",\"name\":\"skaitytaknyga.lt\",\"description\":\"Skaitytaknyga.lt \u2013 tai ma\u017eas \u0161eimos verslas, kuris prasid\u0117jo nuo meil\u0117s knygoms ir siekio i\u0161gelb\u0117ti knygas nuo likimo prie konteinerio. Kas vienam nereikalingas daiktas \u2013 kitam lobis, o mes esame tarpininkai, kurie padeda abiems tapti laimingesniems ???? \u017dinome kaip nelengva i\u0161gyventi ma\u017eiems verslams, tad nuo \u0161iol, \u010dia rasite ir kit\u0173, ma\u017e\u0173 \u0161eim\u0173 versl\u0173, rank\u0173 darbo, dovan\u0173 sau ir artimiesiems.\",\"publisher\":{\"@id\":\"https:\/\/skaitytaknyga.lt\/#organization\"},\"potentialAction\":[{\"@type\":\"SearchAction\",\"target\":{\"@type\":\"EntryPoint\",\"urlTemplate\":\"https:\/\/skaitytaknyga.lt\/?s={search_term_string}\"},\"query-input\":{\"@type\":\"PropertyValueSpecification\",\"valueRequired\":true,\"valueName\":\"search_term_string\"}}],\"inLanguage\":\"en-GB\"},{\"@type\":\"Organization\",\"@id\":\"https:\/\/skaitytaknyga.lt\/#organization\",\"name\":\"skaitytaknyga.lt\",\"url\":\"https:\/\/skaitytaknyga.lt\/\",\"logo\":{\"@type\":\"ImageObject\",\"inLanguage\":\"en-GB\",\"@id\":\"https:\/\/skaitytaknyga.lt\/#\/schema\/logo\/image\/\",\"url\":\"https:\/\/skaitytaknyga.lt\/wp-content\/uploads\/2024\/05\/cropped-cropped-cropped-02_00843_jt3bggkj1j3HLc7SyY6rEUpg.jpeg\",\"contentUrl\":\"https:\/\/skaitytaknyga.lt\/wp-content\/uploads\/2024\/05\/cropped-cropped-cropped-02_00843_jt3bggkj1j3HLc7SyY6rEUpg.jpeg\",\"width\":1600,\"height\":1600,\"caption\":\"skaitytaknyga.lt\"},\"image\":{\"@id\":\"https:\/\/skaitytaknyga.lt\/#\/schema\/logo\/image\/\"},\"sameAs\":[\"https:\/\/www.facebook.com\/skaitytaknyga\/\"]}]}<\/script>\n<!-- \/ Yoast SEO plugin. -->","yoast_head_json":{"title":"Steve Jobs","description":"Steve\u2019as Jobsas buvo daugiau nei \u201cApple\u201d \u012fk\u016br\u0117jas, per tris de\u0161imtme\u010dius i\u0161 t\u0117v\u0173 gara\u017eo i\u0161augin\u0119s savo kompanij\u0105 \u012f s\u0117kmingiausi\u0105 pasaulyje technologij\u0173","robots":{"index":"index","follow":"follow","max-snippet":"max-snippet:-1","max-image-preview":"max-image-preview:large","max-video-preview":"max-video-preview:-1"},"canonical":"https:\/\/skaitytaknyga.lt\/en\/produktas\/steve-jobs\/","og_locale":"en_GB","og_type":"article","og_title":"[:lt]Steve Jobs[:] - Skaitytaknyga","og_description":"Steve\u2019as Jobsas buvo daugiau nei \u201cApple\u201d \u012fk\u016br\u0117jas, per tris de\u0161imtme\u010dius i\u0161 t\u0117v\u0173 gara\u017eo i\u0161augin\u0119s savo kompanij\u0105 \u012f s\u0117kmingiausi\u0105 pasaulyje technologij\u0173","og_url":"https:\/\/skaitytaknyga.lt\/en\/produktas\/steve-jobs\/","og_site_name":"Skaitytaknyga","article_publisher":"https:\/\/www.facebook.com\/skaitytaknyga\/","article_modified_time":"2025-06-12T05:07:31+00:00","og_image":[{"width":511,"height":800,"url":"https:\/\/skaitytaknyga.lt\/wp-content\/uploads\/2025\/01\/Steve-Jobs.webp","type":"image\/webp"}],"twitter_card":"summary_large_image","twitter_misc":{"Estimated reading time":"2 minutes"},"schema":{"@context":"https:\/\/schema.org","@graph":[{"@type":"WebPage","@id":"https:\/\/skaitytaknyga.lt\/produktas\/steve-jobs\/","url":"https:\/\/skaitytaknyga.lt\/produktas\/steve-jobs\/","name":"Steve Jobs","isPartOf":{"@id":"https:\/\/skaitytaknyga.lt\/#website"},"primaryImageOfPage":{"@id":"https:\/\/skaitytaknyga.lt\/produktas\/steve-jobs\/#primaryimage"},"image":{"@id":"https:\/\/skaitytaknyga.lt\/produktas\/steve-jobs\/#primaryimage"},"thumbnailUrl":"https:\/\/skaitytaknyga.lt\/wp-content\/uploads\/2025\/01\/Steve-Jobs.webp","datePublished":"2025-01-25T13:18:22+00:00","dateModified":"2025-06-12T05:07:31+00:00","description":"Steve\u2019as Jobsas buvo daugiau nei \u201cApple\u201d \u012fk\u016br\u0117jas, per tris de\u0161imtme\u010dius i\u0161 t\u0117v\u0173 gara\u017eo i\u0161augin\u0119s savo kompanij\u0105 \u012f s\u0117kmingiausi\u0105 pasaulyje technologij\u0173","breadcrumb":{"@id":"https:\/\/skaitytaknyga.lt\/produktas\/steve-jobs\/#breadcrumb"},"inLanguage":"en-GB","potentialAction":[{"@type":"ReadAction","target":["https:\/\/skaitytaknyga.lt\/produktas\/steve-jobs\/"]}]},{"@type":"ImageObject","inLanguage":"en-GB","@id":"https:\/\/skaitytaknyga.lt\/produktas\/steve-jobs\/#primaryimage","url":"https:\/\/skaitytaknyga.lt\/wp-content\/uploads\/2025\/01\/Steve-Jobs.webp","contentUrl":"https:\/\/skaitytaknyga.lt\/wp-content\/uploads\/2025\/01\/Steve-Jobs.webp","width":511,"height":800,"caption":"Steve Jobs"},{"@type":"BreadcrumbList","@id":"https:\/\/skaitytaknyga.lt\/produktas\/steve-jobs\/#breadcrumb","itemListElement":[{"@type":"ListItem","position":1,"name":"Home","item":"https:\/\/skaitytaknyga.lt\/"},{"@type":"ListItem","position":2,"name":"Parduotuv\u0117","item":"https:\/\/skaitytaknyga.lt\/knygu-parduotuve\/"},{"@type":"ListItem","position":3,"name":"Steve Jobs"}]},{"@type":"WebSite","@id":"https:\/\/skaitytaknyga.lt\/#website","url":"https:\/\/skaitytaknyga.lt\/","name":"skaitytaknyga.lt","description":"Skaitytaknyga.lt \u2013 tai ma\u017eas \u0161eimos verslas, kuris prasid\u0117jo nuo meil\u0117s knygoms ir siekio i\u0161gelb\u0117ti knygas nuo likimo prie konteinerio. Kas vienam nereikalingas daiktas \u2013 kitam lobis, o mes esame tarpininkai, kurie padeda abiems tapti laimingesniems ???? \u017dinome kaip nelengva i\u0161gyventi ma\u017eiems verslams, tad nuo \u0161iol, \u010dia rasite ir kit\u0173, ma\u017e\u0173 \u0161eim\u0173 versl\u0173, rank\u0173 darbo, dovan\u0173 sau ir artimiesiems.","publisher":{"@id":"https:\/\/skaitytaknyga.lt\/#organization"},"potentialAction":[{"@type":"SearchAction","target":{"@type":"EntryPoint","urlTemplate":"https:\/\/skaitytaknyga.lt\/?s={search_term_string}"},"query-input":{"@type":"PropertyValueSpecification","valueRequired":true,"valueName":"search_term_string"}}],"inLanguage":"en-GB"},{"@type":"Organization","@id":"https:\/\/skaitytaknyga.lt\/#organization","name":"skaitytaknyga.lt","url":"https:\/\/skaitytaknyga.lt\/","logo":{"@type":"ImageObject","inLanguage":"en-GB","@id":"https:\/\/skaitytaknyga.lt\/#\/schema\/logo\/image\/","url":"https:\/\/skaitytaknyga.lt\/wp-content\/uploads\/2024\/05\/cropped-cropped-cropped-02_00843_jt3bggkj1j3HLc7SyY6rEUpg.jpeg","contentUrl":"https:\/\/skaitytaknyga.lt\/wp-content\/uploads\/2024\/05\/cropped-cropped-cropped-02_00843_jt3bggkj1j3HLc7SyY6rEUpg.jpeg","width":1600,"height":1600,"caption":"skaitytaknyga.lt"},"image":{"@id":"https:\/\/skaitytaknyga.lt\/#\/schema\/logo\/image\/"},"sameAs":["https:\/\/www.facebook.com\/skaitytaknyga\/"]}]}},"_links":{"self":[{"href":"https:\/\/skaitytaknyga.lt\/en\/wp-json\/wp\/v2\/product\/16078","targetHints":{"allow":["GET"]}}],"collection":[{"href":"https:\/\/skaitytaknyga.lt\/en\/wp-json\/wp\/v2\/product"}],"about":[{"href":"https:\/\/skaitytaknyga.lt\/en\/wp-json\/wp\/v2\/types\/product"}],"replies":[{"embeddable":true,"href":"https:\/\/skaitytaknyga.lt\/en\/wp-json\/wp\/v2\/comments?post=16078"}],"wp:featuredmedia":[{"embeddable":true,"href":"https:\/\/skaitytaknyga.lt\/en\/wp-json\/wp\/v2\/media\/16079"}],"wp:attachment":[{"href":"https:\/\/skaitytaknyga.lt\/en\/wp-json\/wp\/v2\/media?parent=16078"}],"wp:term":[{"taxonomy":"product_brand","embeddable":true,"href":"https:\/\/skaitytaknyga.lt\/en\/wp-json\/wp\/v2\/product_brand?post=16078"},{"taxonomy":"product_cat","embeddable":true,"href":"https:\/\/skaitytaknyga.lt\/en\/wp-json\/wp\/v2\/product_cat?post=16078"},{"taxonomy":"product_tag","embeddable":true,"href":"https:\/\/skaitytaknyga.lt\/en\/wp-json\/wp\/v2\/product_tag?post=16078"}],"curies":[{"name":"wp","href":"https:\/\/api.w.org\/{rel}","templated":true}]}}