{"id":16071,"date":"2025-01-25T15:07:49","date_gmt":"2025-01-25T13:07:49","guid":{"rendered":"https:\/\/skaitytaknyga.lt\/?post_type=product&#038;p=16071"},"modified":"2026-03-02T11:34:43","modified_gmt":"2026-03-02T09:34:43","slug":"prarastas-simbolis","status":"publish","type":"product","link":"https:\/\/skaitytaknyga.lt\/en\/produktas\/prarastas-simbolis\/","title":{"rendered":"Prarastas simbolis"},"content":{"rendered":"<p><strong>\u0160iame stulbinan\u010diame visame pasaulyje i\u0161gars\u0117jusio \u201eDa Vin\u010dio kodo\u201c t\u0119sinyje Danas Brownas dar kart\u0105 parodo, kod\u0117l jis yra populiariausi\u0173 pasaulyje trileri\u0173 autorius.<\/strong><\/p>\n<p>\u201ePrarastas simbolis\u201c \u2013 meistri\u0161kas pasakojimas, mirtinos lenktyn\u0117s tikrov\u0117s labirintais, slepian\u010diais kodus, paslaptis ir neregimas tiesas&#8230; visk\u0105 stebint kol kas baisiausiam Browno sukurtam piktadariui.<\/p>\n<p>\u201ePrarasto simbolio\u201c veiksmas vyksta slaptose Va\u0161ingtono sal\u0117se, tuneliuose, \u0161ventyklose ir kvap\u0105 gniau\u017eian\u010diu grei\u010diu art\u0117ja prie ne\u012fsivaizduojamos atomazgos.<\/p>\n<p>Pasakojimo prad\u017eioje Harvardo profesorius Robertas Lengdonas netik\u0117tai pakvie\u010diamas perskaityti vakarin\u0119 paskait\u0105 JAV Kapitolijuje. Ta\u010diau vos jam atvykus prasideda keisti \u012fvykiai. Kapitolijaus pastate randamas nerim\u0105 keliantis objektas, i\u0161margintas penkiais \u0161ifruotais simboliais. Lengdonas objekte \u012f\u017evelgia senovin\u012f kvietim\u0105&#8230; \u012f\u017eengti \u012f seniai prarast\u0105 ezoterin\u0117s i\u0161minties pasaul\u012f.<\/p>\n<p>Kai \u017eiauriai pagrobiamas Lengdono mylimas mokytojas, \u017eymus masonas ir filantropas Piteris Solomonas, Lengdonas supranta, jog vienintelis kelias i\u0161gelb\u0117ti Piter\u012f \u2013 priimti mistin\u012f kvietim\u0105 ir sekti juo, kad ir kur \u0161is nuvest\u0173.<\/p>\n<p>Lengdonas netrukus pasineria \u012f u\u017edar\u0105 pasaul\u012f, kuriame viskas \u2013 mason\u0173 paslaptys, nutyl\u0117ta istorija ir niekada iki tol nematytos patalpos \u2013 stumte stumia j\u012f pripa\u017einti vienintel\u0119, ne\u012fsivaizduojam\u0105 ties\u0105.<\/p>\n<p>Autorius: Dan Brown<br \/>\nLeid\u0117jas: Jotema<br \/>\nMetai: 2010<br \/>\nPuslapiai: 448<br \/>\nISBN: 9789955132431<br \/>\nVersijos kodas: PT.<br \/>\nFormatas: 16 x 24 cm, kieti vir\u0161eliai<br \/>\nKalba: Lietuvi\u0173<br \/>\nVert\u0117jas: Rasa Drazdauskien\u0117<\/p>\n","protected":false},"excerpt":{"rendered":"<p>\u0160iame stulbinan\u010diame visame pasaulyje i\u0161gars\u0117jusio \u201eDa Vin\u010dio kodo\u201c t\u0119sinyje Danas Brownas dar kart\u0105 parodo, kod\u0117l jis yra populiariausi\u0173 pasaulyje trileri\u0173 autorius. \u201ePrarastas simbolis\u201c \u2013 meistri\u0161kas pasakojimas, mirtinos lenktyn\u0117s tikrov\u0117s labirintais, slepian\u010diais kodus, paslaptis ir neregimas tiesas&#8230; visk\u0105 stebint kol kas baisiausiam Browno sukurtam piktadariui. \u201ePrarasto simbolio\u201c veiksmas vyksta slaptose Va\u0161ingtono sal\u0117se, tuneliuose, \u0161ventyklose ir kvap\u0105 gniau\u017eian\u010diu grei\u010diu art\u0117ja prie ne\u012fsivaizduojamos atomazgos. Pasakojimo prad\u017eioje Harvardo profesorius Robertas Lengdonas netik\u0117tai pakvie\u010diamas perskaityti vakarin\u0119 paskait\u0105 JAV Kapitolijuje. Ta\u010diau vos jam atvykus prasideda keisti \u012fvykiai. Kapitolijaus pastate randamas nerim\u0105 keliantis objektas, i\u0161margintas penkiais \u0161ifruotais simboliais. Lengdonas objekte \u012f\u017evelgia senovin\u012f kvietim\u0105&#8230; \u012f\u017eengti \u012f seniai prarast\u0105 ezoterin\u0117s i\u0161minties pasaul\u012f. Kai \u017eiauriai pagrobiamas Lengdono mylimas mokytojas, \u017eymus masonas ir filantropas Piteris Solomonas, Lengdonas supranta, jog vienintelis kelias i\u0161gelb\u0117ti Piter\u012f \u2013 priimti mistin\u012f kvietim\u0105 ir sekti juo, kad ir kur \u0161is nuvest\u0173. Lengdonas netrukus pasineria \u012f u\u017edar\u0105 pasaul\u012f, kuriame viskas \u2013 mason\u0173 paslaptys, nutyl\u0117ta istorija ir niekada iki tol nematytos patalpos \u2013 stumte stumia j\u012f pripa\u017einti vienintel\u0119, ne\u012fsivaizduojam\u0105 ties\u0105. Autorius: Dan Brown Leid\u0117jas: Jotema Metai: 2010 Puslapiai: 448 ISBN: 9789955132431 Versijos kodas: PT. Formatas: 16 x 24 cm, kieti vir\u0161eliai Kalba: Lietuvi\u0173 Vert\u0117jas: Rasa Drazdauskien\u0117<\/p>\n","protected":false},"featured_media":16072,"comment_status":"closed","ping_status":"closed","template":"","meta":{"_acf_changed":false,"site-sidebar-layout":"default","site-content-layout":"","ast-site-content-layout":"default","site-content-style":"default","site-sidebar-style":"default","ast-global-header-display":"","ast-banner-title-visibility":"","ast-main-header-display":"","ast-hfb-above-header-display":"","ast-hfb-below-header-display":"","ast-hfb-mobile-header-display":"","site-post-title":"","ast-breadcrumbs-content":"","ast-featured-img":"","footer-sml-layout":"","ast-disable-related-posts":"","theme-transparent-header-meta":"default","adv-header-id-meta":"","stick-header-meta":"","header-above-stick-meta":"","header-main-stick-meta":"","header-below-stick-meta":"","astra-migrate-meta-layouts":"set","ast-page-background-enabled":"default","ast-page-background-meta":{"desktop":{"background-color":"","background-image":"","background-repeat":"repeat","background-position":"center center","background-size":"auto","background-attachment":"scroll","background-type":"","background-media":"","overlay-type":"","overlay-color":"","overlay-opacity":"","overlay-gradient":""},"tablet":{"background-color":"","background-image":"","background-repeat":"repeat","background-position":"center center","background-size":"auto","background-attachment":"scroll","background-type":"","background-media":"","overlay-type":"","overlay-color":"","overlay-opacity":"","overlay-gradient":""},"mobile":{"background-color":"","background-image":"","background-repeat":"repeat","background-position":"center center","background-size":"auto","background-attachment":"scroll","background-type":"","background-media":"","overlay-type":"","overlay-color":"","overlay-opacity":"","overlay-gradient":""}},"ast-content-background-meta":{"desktop":{"background-color":"var(--ast-global-color-4)","background-image":"","background-repeat":"repeat","background-position":"center center","background-size":"auto","background-attachment":"scroll","background-type":"","background-media":"","overlay-type":"","overlay-color":"","overlay-opacity":"","overlay-gradient":""},"tablet":{"background-color":"var(--ast-global-color-4)","background-image":"","background-repeat":"repeat","background-position":"center center","background-size":"auto","background-attachment":"scroll","background-type":"","background-media":"","overlay-type":"","overlay-color":"","overlay-opacity":"","overlay-gradient":""},"mobile":{"background-color":"var(--ast-global-color-4)","background-image":"","background-repeat":"repeat","background-position":"center center","background-size":"auto","background-attachment":"scroll","background-type":"","background-media":"","overlay-type":"","overlay-color":"","overlay-opacity":"","overlay-gradient":""}}},"product_brand":[],"product_cat":[31],"product_tag":[4024,2224,2944,1478,1587],"class_list":{"0":"post-16071","1":"product","2":"type-product","3":"status-publish","4":"has-post-thumbnail","6":"product_cat-grozine-literatura","7":"product_tag-dan-brown","8":"product_tag-istorija","9":"product_tag-mistika","10":"product_tag-paslaptys","11":"product_tag-trileris","12":"desktop-align-left","13":"tablet-align-left","14":"mobile-align-left","16":"first","17":"instock","18":"shipping-taxable","19":"purchasable","20":"product-type-simple"},"acf":[],"yoast_head":"<!-- This site is optimized with the Yoast SEO plugin v27.4 - https:\/\/yoast.com\/product\/yoast-seo-wordpress\/ -->\n<title>Prarastas simbolis<\/title>\n<meta name=\"description\" content=\"\u0160iame stulbinan\u010diame visame pasaulyje i\u0161gars\u0117jusio \u201eDa Vin\u010dio kodo\u201c t\u0119sinyje Danas Brownas dar kart\u0105 parodo, kod\u0117l jis yra populiariausi\u0173 pasaulyje\" \/>\n<meta name=\"robots\" content=\"index, follow, max-snippet:-1, max-image-preview:large, max-video-preview:-1\" \/>\n<link rel=\"canonical\" href=\"https:\/\/skaitytaknyga.lt\/en\/produktas\/prarastas-simbolis\/\" \/>\n<meta property=\"og:locale\" content=\"en_GB\" \/>\n<meta property=\"og:locale:alternate\" content=\"lt_LT\" \/>\n<meta property=\"og:type\" content=\"article\" \/>\n<meta property=\"og:title\" content=\"Prarastas simbolis\" \/>\n<meta property=\"og:description\" content=\"\u0160iame stulbinan\u010diame visame pasaulyje i\u0161gars\u0117jusio \u201eDa Vin\u010dio kodo\u201c t\u0119sinyje Danas Brownas dar kart\u0105 parodo, kod\u0117l jis yra populiariausi\u0173 pasaulyje\" \/>\n<meta property=\"og:url\" content=\"https:\/\/skaitytaknyga.lt\/en\/produktas\/prarastas-simbolis\/\" \/>\n<meta property=\"og:site_name\" content=\"Skaitytaknyga\" \/>\n<meta property=\"article:publisher\" content=\"https:\/\/www.facebook.com\/skaitytaknyga\/\" \/>\n<meta property=\"article:modified_time\" content=\"2026-03-02T09:34:43+00:00\" \/>\n<meta property=\"og:image\" content=\"https:\/\/skaitytaknyga.lt\/wp-content\/uploads\/2025\/01\/Prarastas-simbolis.webp\" \/>\n\t<meta property=\"og:image:width\" content=\"367\" \/>\n\t<meta property=\"og:image:height\" content=\"550\" \/>\n\t<meta property=\"og:image:type\" content=\"image\/webp\" \/>\n<meta name=\"twitter:card\" content=\"summary_large_image\" \/>\n<meta name=\"twitter:label1\" content=\"Estimated reading time\" \/>\n\t<meta name=\"twitter:data1\" content=\"2 minutes\" \/>\n<script type=\"application\/ld+json\" class=\"yoast-schema-graph\">{\"@context\":\"https:\\\/\\\/schema.org\",\"@graph\":[{\"@type\":\"WebPage\",\"@id\":\"https:\\\/\\\/skaitytaknyga.lt\\\/produktas\\\/prarastas-simbolis\\\/\",\"url\":\"https:\\\/\\\/skaitytaknyga.lt\\\/produktas\\\/prarastas-simbolis\\\/\",\"name\":\"Prarastas simbolis\",\"isPartOf\":{\"@id\":\"https:\\\/\\\/skaitytaknyga.lt\\\/#website\"},\"primaryImageOfPage\":{\"@id\":\"https:\\\/\\\/skaitytaknyga.lt\\\/produktas\\\/prarastas-simbolis\\\/#primaryimage\"},\"image\":{\"@id\":\"https:\\\/\\\/skaitytaknyga.lt\\\/produktas\\\/prarastas-simbolis\\\/#primaryimage\"},\"thumbnailUrl\":\"https:\\\/\\\/skaitytaknyga.lt\\\/wp-content\\\/uploads\\\/2025\\\/01\\\/Prarastas-simbolis.webp\",\"datePublished\":\"2025-01-25T13:07:49+00:00\",\"dateModified\":\"2026-03-02T09:34:43+00:00\",\"description\":\"\u0160iame stulbinan\u010diame visame pasaulyje i\u0161gars\u0117jusio \u201eDa Vin\u010dio kodo\u201c t\u0119sinyje Danas Brownas dar kart\u0105 parodo, kod\u0117l jis yra populiariausi\u0173 pasaulyje\",\"breadcrumb\":{\"@id\":\"https:\\\/\\\/skaitytaknyga.lt\\\/produktas\\\/prarastas-simbolis\\\/#breadcrumb\"},\"inLanguage\":\"en-GB\",\"potentialAction\":[{\"@type\":\"ReadAction\",\"target\":[\"https:\\\/\\\/skaitytaknyga.lt\\\/produktas\\\/prarastas-simbolis\\\/\"]}]},{\"@type\":\"ImageObject\",\"inLanguage\":\"en-GB\",\"@id\":\"https:\\\/\\\/skaitytaknyga.lt\\\/produktas\\\/prarastas-simbolis\\\/#primaryimage\",\"url\":\"https:\\\/\\\/skaitytaknyga.lt\\\/wp-content\\\/uploads\\\/2025\\\/01\\\/Prarastas-simbolis.webp\",\"contentUrl\":\"https:\\\/\\\/skaitytaknyga.lt\\\/wp-content\\\/uploads\\\/2025\\\/01\\\/Prarastas-simbolis.webp\",\"width\":367,\"height\":550,\"caption\":\"Prarastas simbolis\"},{\"@type\":\"BreadcrumbList\",\"@id\":\"https:\\\/\\\/skaitytaknyga.lt\\\/produktas\\\/prarastas-simbolis\\\/#breadcrumb\",\"itemListElement\":[{\"@type\":\"ListItem\",\"position\":1,\"name\":\"Home\",\"item\":\"https:\\\/\\\/skaitytaknyga.lt\\\/\"},{\"@type\":\"ListItem\",\"position\":2,\"name\":\"Parduotuv\u0117\",\"item\":\"https:\\\/\\\/skaitytaknyga.lt\\\/knygu-parduotuve\\\/\"},{\"@type\":\"ListItem\",\"position\":3,\"name\":\"Prarastas simbolis\"}]},{\"@type\":\"WebSite\",\"@id\":\"https:\\\/\\\/skaitytaknyga.lt\\\/#website\",\"url\":\"https:\\\/\\\/skaitytaknyga.lt\\\/\",\"name\":\"skaitytaknyga.lt\",\"description\":\"Skaitytaknyga.lt \u2013 tai ma\u017eas \u0161eimos verslas, kuris prasid\u0117jo nuo meil\u0117s knygoms ir siekio i\u0161gelb\u0117ti knygas nuo likimo prie konteinerio. Kas vienam nereikalingas daiktas \u2013 kitam lobis, o mes esame tarpininkai, kurie padeda abiems tapti laimingesniems ???? \u017dinome kaip nelengva i\u0161gyventi ma\u017eiems verslams, tad nuo \u0161iol, \u010dia rasite ir kit\u0173, ma\u017e\u0173 \u0161eim\u0173 versl\u0173, rank\u0173 darbo, dovan\u0173 sau ir artimiesiems.\",\"publisher\":{\"@id\":\"https:\\\/\\\/skaitytaknyga.lt\\\/#organization\"},\"potentialAction\":[{\"@type\":\"SearchAction\",\"target\":{\"@type\":\"EntryPoint\",\"urlTemplate\":\"https:\\\/\\\/skaitytaknyga.lt\\\/?s={search_term_string}\"},\"query-input\":{\"@type\":\"PropertyValueSpecification\",\"valueRequired\":true,\"valueName\":\"search_term_string\"}}],\"inLanguage\":\"en-GB\"},{\"@type\":\"Organization\",\"@id\":\"https:\\\/\\\/skaitytaknyga.lt\\\/#organization\",\"name\":\"skaitytaknyga.lt\",\"url\":\"https:\\\/\\\/skaitytaknyga.lt\\\/\",\"logo\":{\"@type\":\"ImageObject\",\"inLanguage\":\"en-GB\",\"@id\":\"https:\\\/\\\/skaitytaknyga.lt\\\/#\\\/schema\\\/logo\\\/image\\\/\",\"url\":\"https:\\\/\\\/skaitytaknyga.lt\\\/wp-content\\\/uploads\\\/2024\\\/05\\\/cropped-cropped-cropped-02_00843_jt3bggkj1j3HLc7SyY6rEUpg.jpeg\",\"contentUrl\":\"https:\\\/\\\/skaitytaknyga.lt\\\/wp-content\\\/uploads\\\/2024\\\/05\\\/cropped-cropped-cropped-02_00843_jt3bggkj1j3HLc7SyY6rEUpg.jpeg\",\"width\":1600,\"height\":1600,\"caption\":\"skaitytaknyga.lt\"},\"image\":{\"@id\":\"https:\\\/\\\/skaitytaknyga.lt\\\/#\\\/schema\\\/logo\\\/image\\\/\"},\"sameAs\":[\"https:\\\/\\\/www.facebook.com\\\/skaitytaknyga\\\/\"]}]}<\/script>\n<!-- \/ Yoast SEO plugin. -->","yoast_head_json":{"title":"Prarastas simbolis","description":"\u0160iame stulbinan\u010diame visame pasaulyje i\u0161gars\u0117jusio \u201eDa Vin\u010dio kodo\u201c t\u0119sinyje Danas Brownas dar kart\u0105 parodo, kod\u0117l jis yra populiariausi\u0173 pasaulyje","robots":{"index":"index","follow":"follow","max-snippet":"max-snippet:-1","max-image-preview":"max-image-preview:large","max-video-preview":"max-video-preview:-1"},"canonical":"https:\/\/skaitytaknyga.lt\/en\/produktas\/prarastas-simbolis\/","og_locale":"en_GB","og_type":"article","og_title":"[:lt]Prarastas simbolis[:] - Skaitytaknyga","og_description":"\u0160iame stulbinan\u010diame visame pasaulyje i\u0161gars\u0117jusio \u201eDa Vin\u010dio kodo\u201c t\u0119sinyje Danas Brownas dar kart\u0105 parodo, kod\u0117l jis yra populiariausi\u0173 pasaulyje","og_url":"https:\/\/skaitytaknyga.lt\/en\/produktas\/prarastas-simbolis\/","og_site_name":"Skaitytaknyga","article_publisher":"https:\/\/www.facebook.com\/skaitytaknyga\/","article_modified_time":"2026-03-02T09:34:43+00:00","og_image":[{"width":367,"height":550,"url":"https:\/\/skaitytaknyga.lt\/wp-content\/uploads\/2025\/01\/Prarastas-simbolis.webp","type":"image\/webp"}],"twitter_card":"summary_large_image","twitter_misc":{"Estimated reading time":"2 minutes"},"schema":{"@context":"https:\/\/schema.org","@graph":[{"@type":"WebPage","@id":"https:\/\/skaitytaknyga.lt\/produktas\/prarastas-simbolis\/","url":"https:\/\/skaitytaknyga.lt\/produktas\/prarastas-simbolis\/","name":"Prarastas simbolis","isPartOf":{"@id":"https:\/\/skaitytaknyga.lt\/#website"},"primaryImageOfPage":{"@id":"https:\/\/skaitytaknyga.lt\/produktas\/prarastas-simbolis\/#primaryimage"},"image":{"@id":"https:\/\/skaitytaknyga.lt\/produktas\/prarastas-simbolis\/#primaryimage"},"thumbnailUrl":"https:\/\/skaitytaknyga.lt\/wp-content\/uploads\/2025\/01\/Prarastas-simbolis.webp","datePublished":"2025-01-25T13:07:49+00:00","dateModified":"2026-03-02T09:34:43+00:00","description":"\u0160iame stulbinan\u010diame visame pasaulyje i\u0161gars\u0117jusio \u201eDa Vin\u010dio kodo\u201c t\u0119sinyje Danas Brownas dar kart\u0105 parodo, kod\u0117l jis yra populiariausi\u0173 pasaulyje","breadcrumb":{"@id":"https:\/\/skaitytaknyga.lt\/produktas\/prarastas-simbolis\/#breadcrumb"},"inLanguage":"en-GB","potentialAction":[{"@type":"ReadAction","target":["https:\/\/skaitytaknyga.lt\/produktas\/prarastas-simbolis\/"]}]},{"@type":"ImageObject","inLanguage":"en-GB","@id":"https:\/\/skaitytaknyga.lt\/produktas\/prarastas-simbolis\/#primaryimage","url":"https:\/\/skaitytaknyga.lt\/wp-content\/uploads\/2025\/01\/Prarastas-simbolis.webp","contentUrl":"https:\/\/skaitytaknyga.lt\/wp-content\/uploads\/2025\/01\/Prarastas-simbolis.webp","width":367,"height":550,"caption":"Prarastas simbolis"},{"@type":"BreadcrumbList","@id":"https:\/\/skaitytaknyga.lt\/produktas\/prarastas-simbolis\/#breadcrumb","itemListElement":[{"@type":"ListItem","position":1,"name":"Home","item":"https:\/\/skaitytaknyga.lt\/"},{"@type":"ListItem","position":2,"name":"Parduotuv\u0117","item":"https:\/\/skaitytaknyga.lt\/knygu-parduotuve\/"},{"@type":"ListItem","position":3,"name":"Prarastas simbolis"}]},{"@type":"WebSite","@id":"https:\/\/skaitytaknyga.lt\/#website","url":"https:\/\/skaitytaknyga.lt\/","name":"skaitytaknyga.lt","description":"Skaitytaknyga.lt \u2013 tai ma\u017eas \u0161eimos verslas, kuris prasid\u0117jo nuo meil\u0117s knygoms ir siekio i\u0161gelb\u0117ti knygas nuo likimo prie konteinerio. Kas vienam nereikalingas daiktas \u2013 kitam lobis, o mes esame tarpininkai, kurie padeda abiems tapti laimingesniems ???? \u017dinome kaip nelengva i\u0161gyventi ma\u017eiems verslams, tad nuo \u0161iol, \u010dia rasite ir kit\u0173, ma\u017e\u0173 \u0161eim\u0173 versl\u0173, rank\u0173 darbo, dovan\u0173 sau ir artimiesiems.","publisher":{"@id":"https:\/\/skaitytaknyga.lt\/#organization"},"potentialAction":[{"@type":"SearchAction","target":{"@type":"EntryPoint","urlTemplate":"https:\/\/skaitytaknyga.lt\/?s={search_term_string}"},"query-input":{"@type":"PropertyValueSpecification","valueRequired":true,"valueName":"search_term_string"}}],"inLanguage":"en-GB"},{"@type":"Organization","@id":"https:\/\/skaitytaknyga.lt\/#organization","name":"skaitytaknyga.lt","url":"https:\/\/skaitytaknyga.lt\/","logo":{"@type":"ImageObject","inLanguage":"en-GB","@id":"https:\/\/skaitytaknyga.lt\/#\/schema\/logo\/image\/","url":"https:\/\/skaitytaknyga.lt\/wp-content\/uploads\/2024\/05\/cropped-cropped-cropped-02_00843_jt3bggkj1j3HLc7SyY6rEUpg.jpeg","contentUrl":"https:\/\/skaitytaknyga.lt\/wp-content\/uploads\/2024\/05\/cropped-cropped-cropped-02_00843_jt3bggkj1j3HLc7SyY6rEUpg.jpeg","width":1600,"height":1600,"caption":"skaitytaknyga.lt"},"image":{"@id":"https:\/\/skaitytaknyga.lt\/#\/schema\/logo\/image\/"},"sameAs":["https:\/\/www.facebook.com\/skaitytaknyga\/"]}]}},"_links":{"self":[{"href":"https:\/\/skaitytaknyga.lt\/en\/wp-json\/wp\/v2\/product\/16071","targetHints":{"allow":["GET"]}}],"collection":[{"href":"https:\/\/skaitytaknyga.lt\/en\/wp-json\/wp\/v2\/product"}],"about":[{"href":"https:\/\/skaitytaknyga.lt\/en\/wp-json\/wp\/v2\/types\/product"}],"replies":[{"embeddable":true,"href":"https:\/\/skaitytaknyga.lt\/en\/wp-json\/wp\/v2\/comments?post=16071"}],"wp:featuredmedia":[{"embeddable":true,"href":"https:\/\/skaitytaknyga.lt\/en\/wp-json\/wp\/v2\/media\/16072"}],"wp:attachment":[{"href":"https:\/\/skaitytaknyga.lt\/en\/wp-json\/wp\/v2\/media?parent=16071"}],"wp:term":[{"taxonomy":"product_brand","embeddable":true,"href":"https:\/\/skaitytaknyga.lt\/en\/wp-json\/wp\/v2\/product_brand?post=16071"},{"taxonomy":"product_cat","embeddable":true,"href":"https:\/\/skaitytaknyga.lt\/en\/wp-json\/wp\/v2\/product_cat?post=16071"},{"taxonomy":"product_tag","embeddable":true,"href":"https:\/\/skaitytaknyga.lt\/en\/wp-json\/wp\/v2\/product_tag?post=16071"}],"curies":[{"name":"wp","href":"https:\/\/api.w.org\/{rel}","templated":true}]}}