{"id":16066,"date":"2025-01-25T14:50:45","date_gmt":"2025-01-25T12:50:45","guid":{"rendered":"https:\/\/skaitytaknyga.lt\/?post_type=product&#038;p=16066"},"modified":"2026-03-11T18:49:26","modified_gmt":"2026-03-11T16:49:26","slug":"2012-artejanti-pasaulio-pabaiga","status":"publish","type":"product","link":"https:\/\/skaitytaknyga.lt\/en\/produktas\/2012-artejanti-pasaulio-pabaiga\/","title":{"rendered":"2012: art\u0117janti pasaulio pabaiga?"},"content":{"rendered":"<p><strong>Mokslininkai ir prana\u0161ai ai\u0161kinasi, ar teisinga senov\u0117s maj\u0173 prana\u0161yst\u0117<\/strong><\/p>\n<p>2009 m. bir\u017eel\u012f m\u012fslingai ding\u0119s\u00a0<em>Air France<\/em>\u00a0447 skryd\u017eio l\u0117ktuvas, Michaelo Jacksono nu\u017eudymas, kiauli\u0173 ir kitoki\u0173 grip\u0173 pandemijos, ekonomin\u0117 kriz\u0117, Nibiru kultas \u2013 kas visa tai sieja? Paslaptingas skai\u010dius 2012 12 21.<\/p>\n<p>1960 metais rastame akmenyje su maj\u0173 u\u017era\u0161ais \u012fam\u017einta prana\u0161yst\u0117, kuri neduoda ramiai gyventi mokslininkams ir \u0161iaip smalsiems \u017emon\u0117ms. Ar ten tikrai ra\u0161oma apie m\u016bs\u0173 pasaulio pabaig\u0105? Ar 2012-ieji vadinami \u201emaj\u0173 apokalips\u0117s\u201c metais tik norint nusl\u0117pti nuo m\u016bs\u0173 tikr\u0105j\u0105, daug baisesn\u0119 ties\u0105? \u0160ioje knygoje su\u017einosite pagrindines \u2013 mokslines, religines, pseudomokslines, s\u0105mokslo \u2013 teorijas, kurios kalba apie pasaulio pabaig\u0105. \u0160i knyga n\u0117ra bandymas pag\u0105sdinti, taip pat ji n\u0117ra ir prana\u0161\u0173 sud\u0117liota instrukcija, kaip tur\u0117tume elgtis nelaim\u0117s atveju. Vis d\u0117lto j\u0105 perskait\u0119 apie pasaulio pabaig\u0105 (nesvarbu, ar ji ateis 2012-aisiais, ar v\u0117liau) susidarysite ai\u0161kesn\u012f vaizd\u0105, nei tur\u0117jote anks\u010diau. Be to, su\u017einosite:<\/p>\n<p>\u2022 Kod\u0117l kiauli\u0173 gripas puola tik darbingo am\u017eiaus \u017emones, o vaik\u0173 ir seneli\u0173 nelie\u010dia?<\/p>\n<p>\u2022 K\u0105 apie 2012 m. kalba maj\u0173 vyresnysis?<\/p>\n<p>\u2022 K\u0105 prana\u0161avo V. Kry\u017eanovskaja-Ro\u010dester?<\/p>\n<p>\u2022 Kod\u0117l pandemijos kyla tuomet, kai smarkiai padaug\u0117ja \u017eem\u0117s gyventoj\u0173?<\/p>\n<p>\u2022 Kokios j\u0117gos realiai yra pasidalijusios pasaul\u012f?<\/p>\n<p>\u2022 Ar serialas \u201eDing\u0119\u201c yra tik fantazijos vaisius?<\/p>\n<p>\u2022 Kod\u0117l Michaelas Jacksonas naudingesnis mir\u0119s nei gyvas?<\/p>\n<p>\u2022 K\u0105 prana\u0161auja de\u0161imtis t\u016bkstan\u010di\u0173 gyvybi\u0173 nusine\u0161\u0119s \u017eem\u0117s dreb\u0117jimas Haityje?<\/p>\n<p>\u2022 K\u0105 \u017eino NASA, JAV vyriausyb\u0117, taip pat ir Vatikanas, ta\u010diau oficialiai neskelbia?<\/p>\n<p>Paanalizavus tiek mokslinink\u0173, tiek religini\u0173 tekst\u0173 teiginius, prieiname prie vienos i\u0161vados: artimu metu \u017emonijai gresia badas, karas, maras. Tai, apie k\u0105 kalba Biblija ir kiti \u0161ventra\u0161\u010diai. Ir religijos, ir gyvenimi\u0161koji patirtis sako, jog kaltas pats \u017emogus \u2013 jis skriaud\u017eia artim\u0105, pat\u012f save, gamt\u0105. Net jei 2012 metais (o gal kuriais nors kitais) ateit\u0173 pasaulio pabaiga \u2013 \u017einokite: taip turi b\u016bti. Mes to nusipeln\u0117me. Ta\u010diau \u0161ans\u0105 gyventi teisingiau, geriau, doriau, \u017emogi\u0161kiau turime. Jau \u0161i\u0105 akimirk\u0105 galime prad\u0117ti kurti nauj\u0105, tobulesn\u012f pasaul\u012f \u2013 pirmiausia savyje, tada nedidel\u0117je savo aplinkoje, o v\u0117liau pasikeis ir visas pasaulis.<\/p>\n<p>Autorius: Mindaugas Peleckis<br \/>\nLeid\u0117jas: Obuolys<br \/>\nMetai: 2010<br \/>\nPuslapiai: 272<br \/>\nISBN: 9786094031083<br \/>\nFormatas: 14,5 x 21,4, mink\u0161ti vir\u0161eliai<br \/>\nKalba: Lietuvi\u0173<\/p>\n","protected":false},"excerpt":{"rendered":"<p>Mokslininkai ir prana\u0161ai ai\u0161kinasi, ar teisinga senov\u0117s maj\u0173 prana\u0161yst\u0117 2009 m. bir\u017eel\u012f m\u012fslingai ding\u0119s\u00a0Air France\u00a0447 skryd\u017eio l\u0117ktuvas, Michaelo Jacksono nu\u017eudymas, kiauli\u0173 ir kitoki\u0173 grip\u0173 pandemijos, ekonomin\u0117 kriz\u0117, Nibiru kultas \u2013 kas visa tai sieja? Paslaptingas skai\u010dius 2012 12 21. 1960 metais rastame akmenyje su maj\u0173 u\u017era\u0161ais \u012fam\u017einta prana\u0161yst\u0117, kuri neduoda ramiai gyventi mokslininkams ir \u0161iaip smalsiems \u017emon\u0117ms. Ar ten tikrai ra\u0161oma apie m\u016bs\u0173 pasaulio pabaig\u0105? Ar 2012-ieji vadinami \u201emaj\u0173 apokalips\u0117s\u201c metais tik norint nusl\u0117pti nuo m\u016bs\u0173 tikr\u0105j\u0105, daug baisesn\u0119 ties\u0105? \u0160ioje knygoje su\u017einosite pagrindines \u2013 mokslines, religines, pseudomokslines, s\u0105mokslo \u2013 teorijas, kurios kalba apie pasaulio pabaig\u0105. \u0160i knyga n\u0117ra bandymas pag\u0105sdinti, taip pat ji n\u0117ra ir prana\u0161\u0173 sud\u0117liota instrukcija, kaip tur\u0117tume elgtis nelaim\u0117s atveju. Vis d\u0117lto j\u0105 perskait\u0119 apie pasaulio pabaig\u0105 (nesvarbu, ar ji ateis 2012-aisiais, ar v\u0117liau) susidarysite ai\u0161kesn\u012f vaizd\u0105, nei tur\u0117jote anks\u010diau. Be to, su\u017einosite: \u2022 Kod\u0117l kiauli\u0173 gripas puola tik darbingo am\u017eiaus \u017emones, o vaik\u0173 ir seneli\u0173 nelie\u010dia? \u2022 K\u0105 apie 2012 m. kalba maj\u0173 vyresnysis? \u2022 K\u0105 prana\u0161avo V. Kry\u017eanovskaja-Ro\u010dester? \u2022 Kod\u0117l pandemijos kyla tuomet, kai smarkiai padaug\u0117ja \u017eem\u0117s gyventoj\u0173? \u2022 Kokios j\u0117gos realiai yra pasidalijusios pasaul\u012f? \u2022 Ar serialas \u201eDing\u0119\u201c yra tik fantazijos vaisius? \u2022 Kod\u0117l Michaelas Jacksonas naudingesnis mir\u0119s nei gyvas? \u2022 K\u0105 prana\u0161auja de\u0161imtis t\u016bkstan\u010di\u0173 gyvybi\u0173 nusine\u0161\u0119s \u017eem\u0117s dreb\u0117jimas Haityje? \u2022 K\u0105 \u017eino NASA, JAV vyriausyb\u0117, taip pat ir Vatikanas, ta\u010diau oficialiai neskelbia? Paanalizavus tiek mokslinink\u0173, tiek religini\u0173 tekst\u0173 teiginius, prieiname prie vienos i\u0161vados: artimu metu \u017emonijai gresia badas, karas, maras. Tai, apie k\u0105 kalba Biblija ir kiti \u0161ventra\u0161\u010diai. Ir religijos, ir gyvenimi\u0161koji patirtis sako, jog kaltas pats \u017emogus \u2013 jis skriaud\u017eia artim\u0105, pat\u012f save, gamt\u0105. Net jei 2012 metais (o gal kuriais nors kitais) ateit\u0173 pasaulio pabaiga \u2013 \u017einokite: taip turi b\u016bti. Mes to nusipeln\u0117me. Ta\u010diau \u0161ans\u0105 gyventi teisingiau, geriau, doriau, \u017emogi\u0161kiau turime. Jau \u0161i\u0105 akimirk\u0105 galime prad\u0117ti kurti nauj\u0105, tobulesn\u012f pasaul\u012f \u2013 pirmiausia savyje, tada nedidel\u0117je savo aplinkoje, o v\u0117liau pasikeis ir visas pasaulis. Autorius: Mindaugas Peleckis Leid\u0117jas: Obuolys Metai: 2010 Puslapiai: 272 ISBN: 9786094031083 Formatas: 14,5 x 21,4, mink\u0161ti vir\u0161eliai Kalba: Lietuvi\u0173<\/p>\n","protected":false},"featured_media":16067,"comment_status":"open","ping_status":"closed","template":"","meta":{"_acf_changed":false,"site-sidebar-layout":"default","site-content-layout":"","ast-site-content-layout":"default","site-content-style":"default","site-sidebar-style":"default","ast-global-header-display":"","ast-banner-title-visibility":"","ast-main-header-display":"","ast-hfb-above-header-display":"","ast-hfb-below-header-display":"","ast-hfb-mobile-header-display":"","site-post-title":"","ast-breadcrumbs-content":"","ast-featured-img":"","footer-sml-layout":"","ast-disable-related-posts":"","theme-transparent-header-meta":"default","adv-header-id-meta":"","stick-header-meta":"","header-above-stick-meta":"","header-main-stick-meta":"","header-below-stick-meta":"","astra-migrate-meta-layouts":"set","ast-page-background-enabled":"default","ast-page-background-meta":{"desktop":{"background-color":"","background-image":"","background-repeat":"repeat","background-position":"center center","background-size":"auto","background-attachment":"scroll","background-type":"","background-media":"","overlay-type":"","overlay-color":"","overlay-opacity":"","overlay-gradient":""},"tablet":{"background-color":"","background-image":"","background-repeat":"repeat","background-position":"center center","background-size":"auto","background-attachment":"scroll","background-type":"","background-media":"","overlay-type":"","overlay-color":"","overlay-opacity":"","overlay-gradient":""},"mobile":{"background-color":"","background-image":"","background-repeat":"repeat","background-position":"center center","background-size":"auto","background-attachment":"scroll","background-type":"","background-media":"","overlay-type":"","overlay-color":"","overlay-opacity":"","overlay-gradient":""}},"ast-content-background-meta":{"desktop":{"background-color":"var(--ast-global-color-4)","background-image":"","background-repeat":"repeat","background-position":"center center","background-size":"auto","background-attachment":"scroll","background-type":"","background-media":"","overlay-type":"","overlay-color":"","overlay-opacity":"","overlay-gradient":""},"tablet":{"background-color":"var(--ast-global-color-4)","background-image":"","background-repeat":"repeat","background-position":"center center","background-size":"auto","background-attachment":"scroll","background-type":"","background-media":"","overlay-type":"","overlay-color":"","overlay-opacity":"","overlay-gradient":""},"mobile":{"background-color":"var(--ast-global-color-4)","background-image":"","background-repeat":"repeat","background-position":"center center","background-size":"auto","background-attachment":"scroll","background-type":"","background-media":"","overlay-type":"","overlay-color":"","overlay-opacity":"","overlay-gradient":""}}},"product_brand":[],"product_cat":[31,15],"product_tag":[3586,5731,5726,1802,1459,5724,5732,5729,5734,1524,5730,5733,5727,5725,5723,5728,3866,4611],"class_list":{"0":"post-16066","1":"product","2":"type-product","3":"status-publish","4":"has-post-thumbnail","6":"product_cat-grozine-literatura","7":"product_cat-uncategorized","8":"product_tag-3586","9":"product_tag-badas","10":"product_tag-ekonomine-krize","11":"product_tag-gamta","12":"product_tag-karas","13":"product_tag-maju-pranasyste","14":"product_tag-maras","15":"product_tag-michael-jackson","16":"product_tag-mindaugas-peleckis","17":"product_tag-mokslas","18":"product_tag-nasa","19":"product_tag-naujas-pasaulis","20":"product_tag-nibiru-kultas","21":"product_tag-pandemija","22":"product_tag-pasaulio-pabaiga","23":"product_tag-samokslo-teorijos","24":"product_tag-vatikanas","25":"product_tag-zmogus","26":"desktop-align-left","27":"tablet-align-left","28":"mobile-align-left","30":"first","31":"instock","32":"shipping-taxable","33":"purchasable","34":"product-type-simple"},"acf":[],"yoast_head":"<!-- This site is optimized with the Yoast SEO plugin v27.0 - https:\/\/yoast.com\/product\/yoast-seo-wordpress\/ -->\n<title>2012: art\u0117janti pasaulio pabaiga?<\/title>\n<meta name=\"description\" content=\"Mokslininkai ir prana\u0161ai ai\u0161kinasi, ar teisinga senov\u0117s maj\u0173 prana\u0161yst\u0117 2009 m. bir\u017eel\u012f m\u012fslingai ding\u0119s\u00a0Air France\u00a0447 skryd\u017eio l\u0117ktuvas, Michaelo\" \/>\n<meta name=\"robots\" content=\"index, follow, max-snippet:-1, max-image-preview:large, max-video-preview:-1\" \/>\n<link rel=\"canonical\" href=\"https:\/\/skaitytaknyga.lt\/en\/produktas\/2012-artejanti-pasaulio-pabaiga\/\" \/>\n<meta property=\"og:locale\" content=\"en_GB\" \/>\n<meta property=\"og:locale:alternate\" content=\"lt_LT\" \/>\n<meta property=\"og:type\" content=\"article\" \/>\n<meta property=\"og:title\" content=\"2012: art\u0117janti pasaulio pabaiga?\" \/>\n<meta property=\"og:description\" content=\"Mokslininkai ir prana\u0161ai ai\u0161kinasi, ar teisinga senov\u0117s maj\u0173 prana\u0161yst\u0117 2009 m. bir\u017eel\u012f m\u012fslingai ding\u0119s\u00a0Air France\u00a0447 skryd\u017eio l\u0117ktuvas, Michaelo\" \/>\n<meta property=\"og:url\" content=\"https:\/\/skaitytaknyga.lt\/en\/produktas\/2012-artejanti-pasaulio-pabaiga\/\" \/>\n<meta property=\"og:site_name\" content=\"Skaitytaknyga\" \/>\n<meta property=\"article:publisher\" content=\"https:\/\/www.facebook.com\/skaitytaknyga\/\" \/>\n<meta property=\"article:modified_time\" content=\"2026-03-11T16:49:26+00:00\" \/>\n<meta property=\"og:image\" content=\"https:\/\/skaitytaknyga.lt\/wp-content\/uploads\/2025\/01\/2012-artejanti-pasaulio-pabaiga.jpg\" \/>\n\t<meta property=\"og:image:width\" content=\"300\" \/>\n\t<meta property=\"og:image:height\" content=\"443\" \/>\n\t<meta property=\"og:image:type\" content=\"image\/jpeg\" \/>\n<meta name=\"twitter:card\" content=\"summary_large_image\" \/>\n<meta name=\"twitter:label1\" content=\"Estimated reading time\" \/>\n\t<meta name=\"twitter:data1\" content=\"2 minutes\" \/>\n<script type=\"application\/ld+json\" class=\"yoast-schema-graph\">{\"@context\":\"https:\/\/schema.org\",\"@graph\":[{\"@type\":\"WebPage\",\"@id\":\"https:\/\/skaitytaknyga.lt\/produktas\/2012-artejanti-pasaulio-pabaiga\/\",\"url\":\"https:\/\/skaitytaknyga.lt\/produktas\/2012-artejanti-pasaulio-pabaiga\/\",\"name\":\"2012: art\u0117janti pasaulio pabaiga?\",\"isPartOf\":{\"@id\":\"https:\/\/skaitytaknyga.lt\/#website\"},\"primaryImageOfPage\":{\"@id\":\"https:\/\/skaitytaknyga.lt\/produktas\/2012-artejanti-pasaulio-pabaiga\/#primaryimage\"},\"image\":{\"@id\":\"https:\/\/skaitytaknyga.lt\/produktas\/2012-artejanti-pasaulio-pabaiga\/#primaryimage\"},\"thumbnailUrl\":\"https:\/\/skaitytaknyga.lt\/wp-content\/uploads\/2025\/01\/2012-artejanti-pasaulio-pabaiga.jpg\",\"datePublished\":\"2025-01-25T12:50:45+00:00\",\"dateModified\":\"2026-03-11T16:49:26+00:00\",\"description\":\"Mokslininkai ir prana\u0161ai ai\u0161kinasi, ar teisinga senov\u0117s maj\u0173 prana\u0161yst\u0117 2009 m. bir\u017eel\u012f m\u012fslingai ding\u0119s\u00a0Air France\u00a0447 skryd\u017eio l\u0117ktuvas, Michaelo\",\"breadcrumb\":{\"@id\":\"https:\/\/skaitytaknyga.lt\/produktas\/2012-artejanti-pasaulio-pabaiga\/#breadcrumb\"},\"inLanguage\":\"en-GB\",\"potentialAction\":[{\"@type\":\"ReadAction\",\"target\":[\"https:\/\/skaitytaknyga.lt\/produktas\/2012-artejanti-pasaulio-pabaiga\/\"]}]},{\"@type\":\"ImageObject\",\"inLanguage\":\"en-GB\",\"@id\":\"https:\/\/skaitytaknyga.lt\/produktas\/2012-artejanti-pasaulio-pabaiga\/#primaryimage\",\"url\":\"https:\/\/skaitytaknyga.lt\/wp-content\/uploads\/2025\/01\/2012-artejanti-pasaulio-pabaiga.jpg\",\"contentUrl\":\"https:\/\/skaitytaknyga.lt\/wp-content\/uploads\/2025\/01\/2012-artejanti-pasaulio-pabaiga.jpg\",\"width\":300,\"height\":443,\"caption\":\"2012: art\u0117janti pasaulio pabaiga?\"},{\"@type\":\"BreadcrumbList\",\"@id\":\"https:\/\/skaitytaknyga.lt\/produktas\/2012-artejanti-pasaulio-pabaiga\/#breadcrumb\",\"itemListElement\":[{\"@type\":\"ListItem\",\"position\":1,\"name\":\"Home\",\"item\":\"https:\/\/skaitytaknyga.lt\/\"},{\"@type\":\"ListItem\",\"position\":2,\"name\":\"Parduotuv\u0117\",\"item\":\"https:\/\/skaitytaknyga.lt\/knygu-parduotuve\/\"},{\"@type\":\"ListItem\",\"position\":3,\"name\":\"2012: art\u0117janti pasaulio pabaiga?\"}]},{\"@type\":\"WebSite\",\"@id\":\"https:\/\/skaitytaknyga.lt\/#website\",\"url\":\"https:\/\/skaitytaknyga.lt\/\",\"name\":\"skaitytaknyga.lt\",\"description\":\"Skaitytaknyga.lt \u2013 tai ma\u017eas \u0161eimos verslas, kuris prasid\u0117jo nuo meil\u0117s knygoms ir siekio i\u0161gelb\u0117ti knygas nuo likimo prie konteinerio. Kas vienam nereikalingas daiktas \u2013 kitam lobis, o mes esame tarpininkai, kurie padeda abiems tapti laimingesniems ???? \u017dinome kaip nelengva i\u0161gyventi ma\u017eiems verslams, tad nuo \u0161iol, \u010dia rasite ir kit\u0173, ma\u017e\u0173 \u0161eim\u0173 versl\u0173, rank\u0173 darbo, dovan\u0173 sau ir artimiesiems.\",\"publisher\":{\"@id\":\"https:\/\/skaitytaknyga.lt\/#organization\"},\"potentialAction\":[{\"@type\":\"SearchAction\",\"target\":{\"@type\":\"EntryPoint\",\"urlTemplate\":\"https:\/\/skaitytaknyga.lt\/?s={search_term_string}\"},\"query-input\":{\"@type\":\"PropertyValueSpecification\",\"valueRequired\":true,\"valueName\":\"search_term_string\"}}],\"inLanguage\":\"en-GB\"},{\"@type\":\"Organization\",\"@id\":\"https:\/\/skaitytaknyga.lt\/#organization\",\"name\":\"skaitytaknyga.lt\",\"url\":\"https:\/\/skaitytaknyga.lt\/\",\"logo\":{\"@type\":\"ImageObject\",\"inLanguage\":\"en-GB\",\"@id\":\"https:\/\/skaitytaknyga.lt\/#\/schema\/logo\/image\/\",\"url\":\"https:\/\/skaitytaknyga.lt\/wp-content\/uploads\/2024\/05\/cropped-cropped-cropped-02_00843_jt3bggkj1j3HLc7SyY6rEUpg.jpeg\",\"contentUrl\":\"https:\/\/skaitytaknyga.lt\/wp-content\/uploads\/2024\/05\/cropped-cropped-cropped-02_00843_jt3bggkj1j3HLc7SyY6rEUpg.jpeg\",\"width\":1600,\"height\":1600,\"caption\":\"skaitytaknyga.lt\"},\"image\":{\"@id\":\"https:\/\/skaitytaknyga.lt\/#\/schema\/logo\/image\/\"},\"sameAs\":[\"https:\/\/www.facebook.com\/skaitytaknyga\/\"]}]}<\/script>\n<!-- \/ Yoast SEO plugin. -->","yoast_head_json":{"title":"2012: art\u0117janti pasaulio pabaiga?","description":"Mokslininkai ir prana\u0161ai ai\u0161kinasi, ar teisinga senov\u0117s maj\u0173 prana\u0161yst\u0117 2009 m. bir\u017eel\u012f m\u012fslingai ding\u0119s\u00a0Air France\u00a0447 skryd\u017eio l\u0117ktuvas, Michaelo","robots":{"index":"index","follow":"follow","max-snippet":"max-snippet:-1","max-image-preview":"max-image-preview:large","max-video-preview":"max-video-preview:-1"},"canonical":"https:\/\/skaitytaknyga.lt\/en\/produktas\/2012-artejanti-pasaulio-pabaiga\/","og_locale":"en_GB","og_type":"article","og_title":"[:lt]2012: art\u0117janti pasaulio pabaiga?[:] - Skaitytaknyga","og_description":"Mokslininkai ir prana\u0161ai ai\u0161kinasi, ar teisinga senov\u0117s maj\u0173 prana\u0161yst\u0117 2009 m. bir\u017eel\u012f m\u012fslingai ding\u0119s\u00a0Air France\u00a0447 skryd\u017eio l\u0117ktuvas, Michaelo","og_url":"https:\/\/skaitytaknyga.lt\/en\/produktas\/2012-artejanti-pasaulio-pabaiga\/","og_site_name":"Skaitytaknyga","article_publisher":"https:\/\/www.facebook.com\/skaitytaknyga\/","article_modified_time":"2026-03-11T16:49:26+00:00","og_image":[{"width":300,"height":443,"url":"https:\/\/skaitytaknyga.lt\/wp-content\/uploads\/2025\/01\/2012-artejanti-pasaulio-pabaiga.jpg","type":"image\/jpeg"}],"twitter_card":"summary_large_image","twitter_misc":{"Estimated reading time":"2 minutes"},"schema":{"@context":"https:\/\/schema.org","@graph":[{"@type":"WebPage","@id":"https:\/\/skaitytaknyga.lt\/produktas\/2012-artejanti-pasaulio-pabaiga\/","url":"https:\/\/skaitytaknyga.lt\/produktas\/2012-artejanti-pasaulio-pabaiga\/","name":"2012: art\u0117janti pasaulio pabaiga?","isPartOf":{"@id":"https:\/\/skaitytaknyga.lt\/#website"},"primaryImageOfPage":{"@id":"https:\/\/skaitytaknyga.lt\/produktas\/2012-artejanti-pasaulio-pabaiga\/#primaryimage"},"image":{"@id":"https:\/\/skaitytaknyga.lt\/produktas\/2012-artejanti-pasaulio-pabaiga\/#primaryimage"},"thumbnailUrl":"https:\/\/skaitytaknyga.lt\/wp-content\/uploads\/2025\/01\/2012-artejanti-pasaulio-pabaiga.jpg","datePublished":"2025-01-25T12:50:45+00:00","dateModified":"2026-03-11T16:49:26+00:00","description":"Mokslininkai ir prana\u0161ai ai\u0161kinasi, ar teisinga senov\u0117s maj\u0173 prana\u0161yst\u0117 2009 m. bir\u017eel\u012f m\u012fslingai ding\u0119s\u00a0Air France\u00a0447 skryd\u017eio l\u0117ktuvas, Michaelo","breadcrumb":{"@id":"https:\/\/skaitytaknyga.lt\/produktas\/2012-artejanti-pasaulio-pabaiga\/#breadcrumb"},"inLanguage":"en-GB","potentialAction":[{"@type":"ReadAction","target":["https:\/\/skaitytaknyga.lt\/produktas\/2012-artejanti-pasaulio-pabaiga\/"]}]},{"@type":"ImageObject","inLanguage":"en-GB","@id":"https:\/\/skaitytaknyga.lt\/produktas\/2012-artejanti-pasaulio-pabaiga\/#primaryimage","url":"https:\/\/skaitytaknyga.lt\/wp-content\/uploads\/2025\/01\/2012-artejanti-pasaulio-pabaiga.jpg","contentUrl":"https:\/\/skaitytaknyga.lt\/wp-content\/uploads\/2025\/01\/2012-artejanti-pasaulio-pabaiga.jpg","width":300,"height":443,"caption":"2012: art\u0117janti pasaulio pabaiga?"},{"@type":"BreadcrumbList","@id":"https:\/\/skaitytaknyga.lt\/produktas\/2012-artejanti-pasaulio-pabaiga\/#breadcrumb","itemListElement":[{"@type":"ListItem","position":1,"name":"Home","item":"https:\/\/skaitytaknyga.lt\/"},{"@type":"ListItem","position":2,"name":"Parduotuv\u0117","item":"https:\/\/skaitytaknyga.lt\/knygu-parduotuve\/"},{"@type":"ListItem","position":3,"name":"2012: art\u0117janti pasaulio pabaiga?"}]},{"@type":"WebSite","@id":"https:\/\/skaitytaknyga.lt\/#website","url":"https:\/\/skaitytaknyga.lt\/","name":"skaitytaknyga.lt","description":"Skaitytaknyga.lt \u2013 tai ma\u017eas \u0161eimos verslas, kuris prasid\u0117jo nuo meil\u0117s knygoms ir siekio i\u0161gelb\u0117ti knygas nuo likimo prie konteinerio. Kas vienam nereikalingas daiktas \u2013 kitam lobis, o mes esame tarpininkai, kurie padeda abiems tapti laimingesniems ???? \u017dinome kaip nelengva i\u0161gyventi ma\u017eiems verslams, tad nuo \u0161iol, \u010dia rasite ir kit\u0173, ma\u017e\u0173 \u0161eim\u0173 versl\u0173, rank\u0173 darbo, dovan\u0173 sau ir artimiesiems.","publisher":{"@id":"https:\/\/skaitytaknyga.lt\/#organization"},"potentialAction":[{"@type":"SearchAction","target":{"@type":"EntryPoint","urlTemplate":"https:\/\/skaitytaknyga.lt\/?s={search_term_string}"},"query-input":{"@type":"PropertyValueSpecification","valueRequired":true,"valueName":"search_term_string"}}],"inLanguage":"en-GB"},{"@type":"Organization","@id":"https:\/\/skaitytaknyga.lt\/#organization","name":"skaitytaknyga.lt","url":"https:\/\/skaitytaknyga.lt\/","logo":{"@type":"ImageObject","inLanguage":"en-GB","@id":"https:\/\/skaitytaknyga.lt\/#\/schema\/logo\/image\/","url":"https:\/\/skaitytaknyga.lt\/wp-content\/uploads\/2024\/05\/cropped-cropped-cropped-02_00843_jt3bggkj1j3HLc7SyY6rEUpg.jpeg","contentUrl":"https:\/\/skaitytaknyga.lt\/wp-content\/uploads\/2024\/05\/cropped-cropped-cropped-02_00843_jt3bggkj1j3HLc7SyY6rEUpg.jpeg","width":1600,"height":1600,"caption":"skaitytaknyga.lt"},"image":{"@id":"https:\/\/skaitytaknyga.lt\/#\/schema\/logo\/image\/"},"sameAs":["https:\/\/www.facebook.com\/skaitytaknyga\/"]}]}},"_links":{"self":[{"href":"https:\/\/skaitytaknyga.lt\/en\/wp-json\/wp\/v2\/product\/16066","targetHints":{"allow":["GET"]}}],"collection":[{"href":"https:\/\/skaitytaknyga.lt\/en\/wp-json\/wp\/v2\/product"}],"about":[{"href":"https:\/\/skaitytaknyga.lt\/en\/wp-json\/wp\/v2\/types\/product"}],"replies":[{"embeddable":true,"href":"https:\/\/skaitytaknyga.lt\/en\/wp-json\/wp\/v2\/comments?post=16066"}],"wp:featuredmedia":[{"embeddable":true,"href":"https:\/\/skaitytaknyga.lt\/en\/wp-json\/wp\/v2\/media\/16067"}],"wp:attachment":[{"href":"https:\/\/skaitytaknyga.lt\/en\/wp-json\/wp\/v2\/media?parent=16066"}],"wp:term":[{"taxonomy":"product_brand","embeddable":true,"href":"https:\/\/skaitytaknyga.lt\/en\/wp-json\/wp\/v2\/product_brand?post=16066"},{"taxonomy":"product_cat","embeddable":true,"href":"https:\/\/skaitytaknyga.lt\/en\/wp-json\/wp\/v2\/product_cat?post=16066"},{"taxonomy":"product_tag","embeddable":true,"href":"https:\/\/skaitytaknyga.lt\/en\/wp-json\/wp\/v2\/product_tag?post=16066"}],"curies":[{"name":"wp","href":"https:\/\/api.w.org\/{rel}","templated":true}]}}