{"id":16064,"date":"2025-01-25T14:49:21","date_gmt":"2025-01-25T12:49:21","guid":{"rendered":"https:\/\/skaitytaknyga.lt\/?post_type=product&#038;p=16064"},"modified":"2025-01-25T14:59:02","modified_gmt":"2025-01-25T12:59:02","slug":"bridzita-dzouns-kudikis","status":"publish","type":"product","link":"https:\/\/skaitytaknyga.lt\/en\/produktas\/bridzita-dzouns-kudikis\/","title":{"rendered":"Brid\u017eita D\u017eouns. K\u016bdikis"},"content":{"rendered":"<p>\u201eN\u0117ra knygos, kuri\u0105 rekomenduo\u010diau su didesniu d\u017eiaugsmu&#8230; Iki a\u0161ar\u0173 juokinga, stebuklingai \u012f\u017evalgi, be galo jaudinanti&#8221;, \u2013 Jilly Cooper<\/p>\n<p>\u0160ios kartos fenomenas ir vis\u0173 tobul\u0173j\u0173 moter\u0173 prie\u0161ingyb\u0117 Brid\u017eita D\u017eouns tiesiog u\u017ekariavo pasaul\u012f: knygos i\u0161leistos 40 \u0161ali\u0173 daugiau kaip 15 milijon\u0173 egzempliori\u0173 tira\u017eu!<\/p>\n<p>Romanai\u00a0<strong>\u201eBrid\u017eita D\u017eouns. Dienora\u0161tis&#8221;<\/strong>,\u00a0<strong>\u201eBrid\u017eita D\u017eouns. Ties proto riba&#8221;<\/strong>,<strong>\u00a0\u201eBrid\u017eita D\u017eouns. K\u016bdikis&#8221;<\/strong>\u00a0ekranizuoti, o filmuose vaidino gars\u016bs aktoriai Ren\u0117 Zelveger, Hju Grantas ir Kolinas Firtas.<\/p>\n<p>BRID\u017dITA D\u017dOUNS \u2013 N\u0116\u0160\u010cIA!<\/p>\n<p>Brid\u017eita vis dar nei\u0161tek\u0117jusi ir juo labiau neketina tapti motina, nors jos biologinis laikrodis tiksi kurtinamai garsiai \u2013 ir staiga paskutin\u0119 akimirk\u0105 paai\u0161k\u0117ja, kad ji n\u0117\u0161\u010dia: \u012fvykis tur\u0117t\u0173 b\u016bti kupinas d\u017eiaugsmo, jei jo netemdyt\u0173 nesmagus, ta\u010diau gyvybi\u0161kai svarbus klausimas: kas k\u016bdikio t\u0117vas? Markas Darsis, padorus \u017emogus ir garsus \u017emogaus teisi\u0173 advokatas? O gal Danielis Kliveris, s\u0105mojingas ir \u017eavus, ta\u010diau garsus emocinis u\u017eknis\u0117jas?<\/p>\n<p>Neapsakomai juokinga ir iki a\u0161ar\u0173 jaudinanti istorija apie art\u0117jan\u010dio gimdymo i\u0161g\u0105st\u012f, motinyst\u0117s palaim\u0105 ir socialin\u0119, profesin\u0119, technologin\u0119, kulinarin\u0119 bei n\u0117\u0161tumo sukelt\u0105 sumai\u0161t\u012f: Brid\u017eita D\u017eouns, visame pasaulyje i\u0161gars\u0117jusi ir vis\u0173 pam\u0117gta viengung\u0117 toliau pasakoja apie savo (ir ne tik) gyvenim\u0105.<\/p>\n<p>Brid\u017eita D\u017eouns pagaliau sugr\u012f\u017eta!<\/p>\n<p>Originalus pavadinimas: BRIDGET JONES\u2019S BABY: THE DIARIES<br \/>\nAutorius: Helen Fielding<br \/>\nLeid\u0117jas: Alma littera<br \/>\nMetai: 2017<br \/>\nPuslapiai: 208<br \/>\nISBN: 9786090128732<br \/>\nVersijos kodas: PT.<br \/>\nFormatas: 14,3 x 23,5 x 2,1 cm, kieti vir\u0161eliai<br \/>\nKalba: Lietuvi\u0173<br \/>\nVert\u0117jas: Rasa Drazdauskien\u0117<\/p>\n","protected":false},"excerpt":{"rendered":"<p>\u201eN\u0117ra knygos, kuri\u0105 rekomenduo\u010diau su didesniu d\u017eiaugsmu&#8230; Iki a\u0161ar\u0173 juokinga, stebuklingai \u012f\u017evalgi, be galo jaudinanti&#8221;, \u2013 Jilly Cooper \u0160ios kartos fenomenas ir vis\u0173 tobul\u0173j\u0173 moter\u0173 prie\u0161ingyb\u0117 Brid\u017eita D\u017eouns tiesiog u\u017ekariavo pasaul\u012f: knygos i\u0161leistos 40 \u0161ali\u0173 daugiau kaip 15 milijon\u0173 egzempliori\u0173 tira\u017eu! Romanai\u00a0\u201eBrid\u017eita D\u017eouns. Dienora\u0161tis&#8221;,\u00a0\u201eBrid\u017eita D\u017eouns. Ties proto riba&#8221;,\u00a0\u201eBrid\u017eita D\u017eouns. K\u016bdikis&#8221;\u00a0ekranizuoti, o filmuose vaidino gars\u016bs aktoriai Ren\u0117 Zelveger, Hju Grantas ir Kolinas Firtas. BRID\u017dITA D\u017dOUNS \u2013 N\u0116\u0160\u010cIA! Brid\u017eita vis dar nei\u0161tek\u0117jusi ir juo labiau neketina tapti motina, nors jos biologinis laikrodis tiksi kurtinamai garsiai \u2013 ir staiga paskutin\u0119 akimirk\u0105 paai\u0161k\u0117ja, kad ji n\u0117\u0161\u010dia: \u012fvykis tur\u0117t\u0173 b\u016bti kupinas d\u017eiaugsmo, jei jo netemdyt\u0173 nesmagus, ta\u010diau gyvybi\u0161kai svarbus klausimas: kas k\u016bdikio t\u0117vas? Markas Darsis, padorus \u017emogus ir garsus \u017emogaus teisi\u0173 advokatas? O gal Danielis Kliveris, s\u0105mojingas ir \u017eavus, ta\u010diau garsus emocinis u\u017eknis\u0117jas? Neapsakomai juokinga ir iki a\u0161ar\u0173 jaudinanti istorija apie art\u0117jan\u010dio gimdymo i\u0161g\u0105st\u012f, motinyst\u0117s palaim\u0105 ir socialin\u0119, profesin\u0119, technologin\u0119, kulinarin\u0119 bei n\u0117\u0161tumo sukelt\u0105 sumai\u0161t\u012f: Brid\u017eita D\u017eouns, visame pasaulyje i\u0161gars\u0117jusi ir vis\u0173 pam\u0117gta viengung\u0117 toliau pasakoja apie savo (ir ne tik) gyvenim\u0105. Brid\u017eita D\u017eouns pagaliau sugr\u012f\u017eta! Originalus pavadinimas: BRIDGET JONES\u2019S BABY: THE DIARIES Autorius: Helen Fielding Leid\u0117jas: Alma littera Metai: 2017 Puslapiai: 208 ISBN: 9786090128732 Versijos kodas: PT. Formatas: 14,3 x 23,5 x 2,1 cm, kieti vir\u0161eliai Kalba: Lietuvi\u0173 Vert\u0117jas: Rasa Drazdauskien\u0117<\/p>\n","protected":false},"featured_media":16065,"comment_status":"open","ping_status":"closed","template":"","meta":{"_acf_changed":false,"site-sidebar-layout":"default","site-content-layout":"","ast-site-content-layout":"default","site-content-style":"default","site-sidebar-style":"default","ast-global-header-display":"","ast-banner-title-visibility":"","ast-main-header-display":"","ast-hfb-above-header-display":"","ast-hfb-below-header-display":"","ast-hfb-mobile-header-display":"","site-post-title":"","ast-breadcrumbs-content":"","ast-featured-img":"","footer-sml-layout":"","ast-disable-related-posts":"","theme-transparent-header-meta":"default","adv-header-id-meta":"","stick-header-meta":"","header-above-stick-meta":"","header-main-stick-meta":"","header-below-stick-meta":"","astra-migrate-meta-layouts":"set","ast-page-background-enabled":"default","ast-page-background-meta":{"desktop":{"background-color":"","background-image":"","background-repeat":"repeat","background-position":"center center","background-size":"auto","background-attachment":"scroll","background-type":"","background-media":"","overlay-type":"","overlay-color":"","overlay-opacity":"","overlay-gradient":""},"tablet":{"background-color":"","background-image":"","background-repeat":"repeat","background-position":"center center","background-size":"auto","background-attachment":"scroll","background-type":"","background-media":"","overlay-type":"","overlay-color":"","overlay-opacity":"","overlay-gradient":""},"mobile":{"background-color":"","background-image":"","background-repeat":"repeat","background-position":"center center","background-size":"auto","background-attachment":"scroll","background-type":"","background-media":"","overlay-type":"","overlay-color":"","overlay-opacity":"","overlay-gradient":""}},"ast-content-background-meta":{"desktop":{"background-color":"var(--ast-global-color-4)","background-image":"","background-repeat":"repeat","background-position":"center center","background-size":"auto","background-attachment":"scroll","background-type":"","background-media":"","overlay-type":"","overlay-color":"","overlay-opacity":"","overlay-gradient":""},"tablet":{"background-color":"var(--ast-global-color-4)","background-image":"","background-repeat":"repeat","background-position":"center center","background-size":"auto","background-attachment":"scroll","background-type":"","background-media":"","overlay-type":"","overlay-color":"","overlay-opacity":"","overlay-gradient":""},"mobile":{"background-color":"var(--ast-global-color-4)","background-image":"","background-repeat":"repeat","background-position":"center center","background-size":"auto","background-attachment":"scroll","background-type":"","background-media":"","overlay-type":"","overlay-color":"","overlay-opacity":"","overlay-gradient":""}}},"product_brand":[],"product_cat":[31,15],"product_tag":[],"class_list":{"0":"post-16064","1":"product","2":"type-product","3":"status-publish","4":"has-post-thumbnail","6":"product_cat-grozine-literatura","7":"product_cat-uncategorized","8":"desktop-align-left","9":"tablet-align-left","10":"mobile-align-left","12":"first","13":"instock","14":"shipping-taxable","15":"purchasable","16":"product-type-simple"},"acf":[],"yoast_head":"<!-- This site is optimized with the Yoast SEO plugin v27.0 - https:\/\/yoast.com\/product\/yoast-seo-wordpress\/ -->\n<title>Brid\u017eita D\u017eouns. K\u016bdikis<\/title>\n<meta name=\"description\" content=\"\u201eN\u0117ra knygos, kuri\u0105 rekomenduo\u010diau su didesniu d\u017eiaugsmu... Iki a\u0161ar\u0173 juokinga, stebuklingai \u012f\u017evalgi, be galo jaudinanti&quot;, \u2013 Jilly Cooper \u0160ios kartos\" \/>\n<meta name=\"robots\" content=\"index, follow, max-snippet:-1, max-image-preview:large, max-video-preview:-1\" \/>\n<link rel=\"canonical\" href=\"https:\/\/skaitytaknyga.lt\/en\/produktas\/bridzita-dzouns-kudikis\/\" \/>\n<meta property=\"og:locale\" content=\"en_GB\" \/>\n<meta property=\"og:locale:alternate\" content=\"lt_LT\" \/>\n<meta property=\"og:type\" content=\"article\" \/>\n<meta property=\"og:title\" content=\"Brid\u017eita D\u017eouns. K\u016bdikis\" \/>\n<meta property=\"og:description\" content=\"\u201eN\u0117ra knygos, kuri\u0105 rekomenduo\u010diau su didesniu d\u017eiaugsmu... Iki a\u0161ar\u0173 juokinga, stebuklingai \u012f\u017evalgi, be galo jaudinanti&quot;, \u2013 Jilly Cooper \u0160ios kartos\" \/>\n<meta property=\"og:url\" content=\"https:\/\/skaitytaknyga.lt\/en\/produktas\/bridzita-dzouns-kudikis\/\" \/>\n<meta property=\"og:site_name\" content=\"Skaitytaknyga\" \/>\n<meta property=\"article:publisher\" content=\"https:\/\/www.facebook.com\/skaitytaknyga\/\" \/>\n<meta property=\"article:modified_time\" content=\"2025-01-25T12:59:02+00:00\" \/>\n<meta property=\"og:image\" content=\"https:\/\/skaitytaknyga.lt\/wp-content\/uploads\/2025\/01\/Bridzita-Dzouns.-Kudikis.webp\" \/>\n\t<meta property=\"og:image:width\" content=\"243\" \/>\n\t<meta property=\"og:image:height\" content=\"398\" \/>\n\t<meta property=\"og:image:type\" content=\"image\/webp\" \/>\n<meta name=\"twitter:card\" content=\"summary_large_image\" \/>\n<meta name=\"twitter:label1\" content=\"Estimated reading time\" \/>\n\t<meta name=\"twitter:data1\" content=\"2 minutes\" \/>\n<script type=\"application\/ld+json\" class=\"yoast-schema-graph\">{\"@context\":\"https:\/\/schema.org\",\"@graph\":[{\"@type\":\"WebPage\",\"@id\":\"https:\/\/skaitytaknyga.lt\/produktas\/bridzita-dzouns-kudikis\/\",\"url\":\"https:\/\/skaitytaknyga.lt\/produktas\/bridzita-dzouns-kudikis\/\",\"name\":\"Brid\u017eita D\u017eouns. K\u016bdikis\",\"isPartOf\":{\"@id\":\"https:\/\/skaitytaknyga.lt\/#website\"},\"primaryImageOfPage\":{\"@id\":\"https:\/\/skaitytaknyga.lt\/produktas\/bridzita-dzouns-kudikis\/#primaryimage\"},\"image\":{\"@id\":\"https:\/\/skaitytaknyga.lt\/produktas\/bridzita-dzouns-kudikis\/#primaryimage\"},\"thumbnailUrl\":\"https:\/\/skaitytaknyga.lt\/wp-content\/uploads\/2025\/01\/Bridzita-Dzouns.-Kudikis.webp\",\"datePublished\":\"2025-01-25T12:49:21+00:00\",\"dateModified\":\"2025-01-25T12:59:02+00:00\",\"description\":\"\u201eN\u0117ra knygos, kuri\u0105 rekomenduo\u010diau su didesniu d\u017eiaugsmu... Iki a\u0161ar\u0173 juokinga, stebuklingai \u012f\u017evalgi, be galo jaudinanti\\\", \u2013 Jilly Cooper \u0160ios kartos\",\"breadcrumb\":{\"@id\":\"https:\/\/skaitytaknyga.lt\/produktas\/bridzita-dzouns-kudikis\/#breadcrumb\"},\"inLanguage\":\"en-GB\",\"potentialAction\":[{\"@type\":\"ReadAction\",\"target\":[\"https:\/\/skaitytaknyga.lt\/produktas\/bridzita-dzouns-kudikis\/\"]}]},{\"@type\":\"ImageObject\",\"inLanguage\":\"en-GB\",\"@id\":\"https:\/\/skaitytaknyga.lt\/produktas\/bridzita-dzouns-kudikis\/#primaryimage\",\"url\":\"https:\/\/skaitytaknyga.lt\/wp-content\/uploads\/2025\/01\/Bridzita-Dzouns.-Kudikis.webp\",\"contentUrl\":\"https:\/\/skaitytaknyga.lt\/wp-content\/uploads\/2025\/01\/Bridzita-Dzouns.-Kudikis.webp\",\"width\":243,\"height\":398,\"caption\":\"Brid\u017eita D\u017eouns. K\u016bdikis\"},{\"@type\":\"BreadcrumbList\",\"@id\":\"https:\/\/skaitytaknyga.lt\/produktas\/bridzita-dzouns-kudikis\/#breadcrumb\",\"itemListElement\":[{\"@type\":\"ListItem\",\"position\":1,\"name\":\"Home\",\"item\":\"https:\/\/skaitytaknyga.lt\/\"},{\"@type\":\"ListItem\",\"position\":2,\"name\":\"Parduotuv\u0117\",\"item\":\"https:\/\/skaitytaknyga.lt\/knygu-parduotuve\/\"},{\"@type\":\"ListItem\",\"position\":3,\"name\":\"Brid\u017eita D\u017eouns. K\u016bdikis\"}]},{\"@type\":\"WebSite\",\"@id\":\"https:\/\/skaitytaknyga.lt\/#website\",\"url\":\"https:\/\/skaitytaknyga.lt\/\",\"name\":\"skaitytaknyga.lt\",\"description\":\"Skaitytaknyga.lt \u2013 tai ma\u017eas \u0161eimos verslas, kuris prasid\u0117jo nuo meil\u0117s knygoms ir siekio i\u0161gelb\u0117ti knygas nuo likimo prie konteinerio. Kas vienam nereikalingas daiktas \u2013 kitam lobis, o mes esame tarpininkai, kurie padeda abiems tapti laimingesniems ???? \u017dinome kaip nelengva i\u0161gyventi ma\u017eiems verslams, tad nuo \u0161iol, \u010dia rasite ir kit\u0173, ma\u017e\u0173 \u0161eim\u0173 versl\u0173, rank\u0173 darbo, dovan\u0173 sau ir artimiesiems.\",\"publisher\":{\"@id\":\"https:\/\/skaitytaknyga.lt\/#organization\"},\"potentialAction\":[{\"@type\":\"SearchAction\",\"target\":{\"@type\":\"EntryPoint\",\"urlTemplate\":\"https:\/\/skaitytaknyga.lt\/?s={search_term_string}\"},\"query-input\":{\"@type\":\"PropertyValueSpecification\",\"valueRequired\":true,\"valueName\":\"search_term_string\"}}],\"inLanguage\":\"en-GB\"},{\"@type\":\"Organization\",\"@id\":\"https:\/\/skaitytaknyga.lt\/#organization\",\"name\":\"skaitytaknyga.lt\",\"url\":\"https:\/\/skaitytaknyga.lt\/\",\"logo\":{\"@type\":\"ImageObject\",\"inLanguage\":\"en-GB\",\"@id\":\"https:\/\/skaitytaknyga.lt\/#\/schema\/logo\/image\/\",\"url\":\"https:\/\/skaitytaknyga.lt\/wp-content\/uploads\/2024\/05\/cropped-cropped-cropped-02_00843_jt3bggkj1j3HLc7SyY6rEUpg.jpeg\",\"contentUrl\":\"https:\/\/skaitytaknyga.lt\/wp-content\/uploads\/2024\/05\/cropped-cropped-cropped-02_00843_jt3bggkj1j3HLc7SyY6rEUpg.jpeg\",\"width\":1600,\"height\":1600,\"caption\":\"skaitytaknyga.lt\"},\"image\":{\"@id\":\"https:\/\/skaitytaknyga.lt\/#\/schema\/logo\/image\/\"},\"sameAs\":[\"https:\/\/www.facebook.com\/skaitytaknyga\/\"]}]}<\/script>\n<!-- \/ Yoast SEO plugin. -->","yoast_head_json":{"title":"Brid\u017eita D\u017eouns. K\u016bdikis","description":"\u201eN\u0117ra knygos, kuri\u0105 rekomenduo\u010diau su didesniu d\u017eiaugsmu... Iki a\u0161ar\u0173 juokinga, stebuklingai \u012f\u017evalgi, be galo jaudinanti\", \u2013 Jilly Cooper \u0160ios kartos","robots":{"index":"index","follow":"follow","max-snippet":"max-snippet:-1","max-image-preview":"max-image-preview:large","max-video-preview":"max-video-preview:-1"},"canonical":"https:\/\/skaitytaknyga.lt\/en\/produktas\/bridzita-dzouns-kudikis\/","og_locale":"en_GB","og_type":"article","og_title":"[:lt]Brid\u017eita D\u017eouns. K\u016bdikis[:] - Skaitytaknyga","og_description":"\u201eN\u0117ra knygos, kuri\u0105 rekomenduo\u010diau su didesniu d\u017eiaugsmu... Iki a\u0161ar\u0173 juokinga, stebuklingai \u012f\u017evalgi, be galo jaudinanti\", \u2013 Jilly Cooper \u0160ios kartos","og_url":"https:\/\/skaitytaknyga.lt\/en\/produktas\/bridzita-dzouns-kudikis\/","og_site_name":"Skaitytaknyga","article_publisher":"https:\/\/www.facebook.com\/skaitytaknyga\/","article_modified_time":"2025-01-25T12:59:02+00:00","og_image":[{"width":243,"height":398,"url":"https:\/\/skaitytaknyga.lt\/wp-content\/uploads\/2025\/01\/Bridzita-Dzouns.-Kudikis.webp","type":"image\/webp"}],"twitter_card":"summary_large_image","twitter_misc":{"Estimated reading time":"2 minutes"},"schema":{"@context":"https:\/\/schema.org","@graph":[{"@type":"WebPage","@id":"https:\/\/skaitytaknyga.lt\/produktas\/bridzita-dzouns-kudikis\/","url":"https:\/\/skaitytaknyga.lt\/produktas\/bridzita-dzouns-kudikis\/","name":"Brid\u017eita D\u017eouns. K\u016bdikis","isPartOf":{"@id":"https:\/\/skaitytaknyga.lt\/#website"},"primaryImageOfPage":{"@id":"https:\/\/skaitytaknyga.lt\/produktas\/bridzita-dzouns-kudikis\/#primaryimage"},"image":{"@id":"https:\/\/skaitytaknyga.lt\/produktas\/bridzita-dzouns-kudikis\/#primaryimage"},"thumbnailUrl":"https:\/\/skaitytaknyga.lt\/wp-content\/uploads\/2025\/01\/Bridzita-Dzouns.-Kudikis.webp","datePublished":"2025-01-25T12:49:21+00:00","dateModified":"2025-01-25T12:59:02+00:00","description":"\u201eN\u0117ra knygos, kuri\u0105 rekomenduo\u010diau su didesniu d\u017eiaugsmu... Iki a\u0161ar\u0173 juokinga, stebuklingai \u012f\u017evalgi, be galo jaudinanti\", \u2013 Jilly Cooper \u0160ios kartos","breadcrumb":{"@id":"https:\/\/skaitytaknyga.lt\/produktas\/bridzita-dzouns-kudikis\/#breadcrumb"},"inLanguage":"en-GB","potentialAction":[{"@type":"ReadAction","target":["https:\/\/skaitytaknyga.lt\/produktas\/bridzita-dzouns-kudikis\/"]}]},{"@type":"ImageObject","inLanguage":"en-GB","@id":"https:\/\/skaitytaknyga.lt\/produktas\/bridzita-dzouns-kudikis\/#primaryimage","url":"https:\/\/skaitytaknyga.lt\/wp-content\/uploads\/2025\/01\/Bridzita-Dzouns.-Kudikis.webp","contentUrl":"https:\/\/skaitytaknyga.lt\/wp-content\/uploads\/2025\/01\/Bridzita-Dzouns.-Kudikis.webp","width":243,"height":398,"caption":"Brid\u017eita D\u017eouns. K\u016bdikis"},{"@type":"BreadcrumbList","@id":"https:\/\/skaitytaknyga.lt\/produktas\/bridzita-dzouns-kudikis\/#breadcrumb","itemListElement":[{"@type":"ListItem","position":1,"name":"Home","item":"https:\/\/skaitytaknyga.lt\/"},{"@type":"ListItem","position":2,"name":"Parduotuv\u0117","item":"https:\/\/skaitytaknyga.lt\/knygu-parduotuve\/"},{"@type":"ListItem","position":3,"name":"Brid\u017eita D\u017eouns. K\u016bdikis"}]},{"@type":"WebSite","@id":"https:\/\/skaitytaknyga.lt\/#website","url":"https:\/\/skaitytaknyga.lt\/","name":"skaitytaknyga.lt","description":"Skaitytaknyga.lt \u2013 tai ma\u017eas \u0161eimos verslas, kuris prasid\u0117jo nuo meil\u0117s knygoms ir siekio i\u0161gelb\u0117ti knygas nuo likimo prie konteinerio. Kas vienam nereikalingas daiktas \u2013 kitam lobis, o mes esame tarpininkai, kurie padeda abiems tapti laimingesniems ???? \u017dinome kaip nelengva i\u0161gyventi ma\u017eiems verslams, tad nuo \u0161iol, \u010dia rasite ir kit\u0173, ma\u017e\u0173 \u0161eim\u0173 versl\u0173, rank\u0173 darbo, dovan\u0173 sau ir artimiesiems.","publisher":{"@id":"https:\/\/skaitytaknyga.lt\/#organization"},"potentialAction":[{"@type":"SearchAction","target":{"@type":"EntryPoint","urlTemplate":"https:\/\/skaitytaknyga.lt\/?s={search_term_string}"},"query-input":{"@type":"PropertyValueSpecification","valueRequired":true,"valueName":"search_term_string"}}],"inLanguage":"en-GB"},{"@type":"Organization","@id":"https:\/\/skaitytaknyga.lt\/#organization","name":"skaitytaknyga.lt","url":"https:\/\/skaitytaknyga.lt\/","logo":{"@type":"ImageObject","inLanguage":"en-GB","@id":"https:\/\/skaitytaknyga.lt\/#\/schema\/logo\/image\/","url":"https:\/\/skaitytaknyga.lt\/wp-content\/uploads\/2024\/05\/cropped-cropped-cropped-02_00843_jt3bggkj1j3HLc7SyY6rEUpg.jpeg","contentUrl":"https:\/\/skaitytaknyga.lt\/wp-content\/uploads\/2024\/05\/cropped-cropped-cropped-02_00843_jt3bggkj1j3HLc7SyY6rEUpg.jpeg","width":1600,"height":1600,"caption":"skaitytaknyga.lt"},"image":{"@id":"https:\/\/skaitytaknyga.lt\/#\/schema\/logo\/image\/"},"sameAs":["https:\/\/www.facebook.com\/skaitytaknyga\/"]}]}},"_links":{"self":[{"href":"https:\/\/skaitytaknyga.lt\/en\/wp-json\/wp\/v2\/product\/16064","targetHints":{"allow":["GET"]}}],"collection":[{"href":"https:\/\/skaitytaknyga.lt\/en\/wp-json\/wp\/v2\/product"}],"about":[{"href":"https:\/\/skaitytaknyga.lt\/en\/wp-json\/wp\/v2\/types\/product"}],"replies":[{"embeddable":true,"href":"https:\/\/skaitytaknyga.lt\/en\/wp-json\/wp\/v2\/comments?post=16064"}],"wp:featuredmedia":[{"embeddable":true,"href":"https:\/\/skaitytaknyga.lt\/en\/wp-json\/wp\/v2\/media\/16065"}],"wp:attachment":[{"href":"https:\/\/skaitytaknyga.lt\/en\/wp-json\/wp\/v2\/media?parent=16064"}],"wp:term":[{"taxonomy":"product_brand","embeddable":true,"href":"https:\/\/skaitytaknyga.lt\/en\/wp-json\/wp\/v2\/product_brand?post=16064"},{"taxonomy":"product_cat","embeddable":true,"href":"https:\/\/skaitytaknyga.lt\/en\/wp-json\/wp\/v2\/product_cat?post=16064"},{"taxonomy":"product_tag","embeddable":true,"href":"https:\/\/skaitytaknyga.lt\/en\/wp-json\/wp\/v2\/product_tag?post=16064"}],"curies":[{"name":"wp","href":"https:\/\/api.w.org\/{rel}","templated":true}]}}