{"id":16062,"date":"2025-01-25T14:47:54","date_gmt":"2025-01-25T12:47:54","guid":{"rendered":"https:\/\/skaitytaknyga.lt\/?post_type=product&#038;p=16062"},"modified":"2025-05-13T18:36:14","modified_gmt":"2025-05-13T15:36:14","slug":"bryde","status":"publish","type":"product","link":"https:\/\/skaitytaknyga.lt\/en\/produktas\/bryde\/","title":{"rendered":"Bryd\u0117"},"content":{"rendered":"<p><strong>Valdo Papievio \u201eBryd\u0117&#8221;<\/strong>\u00a0\u2013 psichologinis trileris, ra\u0161ytas Lietuvoje prie\u0161 tris de\u0161imtme\u010dius. Romane i\u0161 fragment\u0173 d\u0117liojamos dvi istorijos: viena \u2013 apie pokario \u017emoni\u0173 \u0161iurpius i\u0161gyvenimus ma\u017eame miestelyje, kita \u2013 apie S\u0105j\u016bd\u017eio met\u0173 Vilni\u0173. K\u016brinys, gav\u0119s post\u016bm\u012f i\u0161 autenti\u0161k\u0173 anyk\u0161t\u0117n\u0173 pasakojim\u0173, stebina autoriaus \u012fsijautimu \u012f kiekvieno persona\u017eo \u0161ird\u012f, jo likim\u0105 ir lemtingus pasirinkimus. \u201eBryd\u0117je&#8221; kuriami istoriniai vaizdai \u2013 ne\u012fprasti ir paveik\u016bs, o gausiais \u012fvykiais knyga nenusileid\u017eia amerikieti\u0161kam veiksmo filmui. Ta\u010diau tikrasis teksto \u017eavesys slypi magi\u0161koje Valdo Papievio kalboje. B\u016btent ji atveria mums prievartos, baim\u0117s draskom\u0173, savyje vilties ir tvirtyb\u0117s ie\u0161kan\u010di\u0173 veik\u0117j\u0173 jausm\u0173, min\u010di\u0173 ir pas\u0105mon\u0117s pasaul\u012f.<\/p>\n<p>\u201eStaig\u016bs, netik\u0117ti siu\u017eeto vira\u017eai, vienas kit\u0105 kei\u010diantys tr\u0117mim\u0173, partizanin\u0117s kovos, pokario mokyklos ir i\u0161 sovietme\u010dio \u012f\u0161alo bundan\u010dio Vilniaus epizodai sukuria gyv\u0105, dinami\u0161k\u0105, jaudinan\u010di\u0105 knyg\u0105, kuri sudomins labai skirtingus skaitytojus.&#8221; \u2013 Violeta Kelertien\u0117<\/p>\n<p>Autorius: Valdas Papievis<br \/>\nLeid\u0117jas: Odil\u0117<br \/>\nMetai: 2018<br \/>\nPuslapiai: 336<br \/>\nISBN: 9786098222036<br \/>\nVersijos kodas: PT.<br \/>\nFormatas: 15 x 21 cm, mink\u0161ti vir\u0161eliai<br \/>\nKalba: Lietuvi\u0173<\/p>\n","protected":false},"excerpt":{"rendered":"<p>Valdo Papievio \u201eBryd\u0117&#8221;\u00a0\u2013 psichologinis trileris, ra\u0161ytas Lietuvoje prie\u0161 tris de\u0161imtme\u010dius. Romane i\u0161 fragment\u0173 d\u0117liojamos dvi istorijos: viena \u2013 apie pokario \u017emoni\u0173 \u0161iurpius i\u0161gyvenimus ma\u017eame miestelyje, kita \u2013 apie S\u0105j\u016bd\u017eio met\u0173 Vilni\u0173. K\u016brinys, gav\u0119s post\u016bm\u012f i\u0161 autenti\u0161k\u0173 anyk\u0161t\u0117n\u0173 pasakojim\u0173, stebina autoriaus \u012fsijautimu \u012f kiekvieno persona\u017eo \u0161ird\u012f, jo likim\u0105 ir lemtingus pasirinkimus. \u201eBryd\u0117je&#8221; kuriami istoriniai vaizdai \u2013 ne\u012fprasti ir paveik\u016bs, o gausiais \u012fvykiais knyga nenusileid\u017eia amerikieti\u0161kam veiksmo filmui. Ta\u010diau tikrasis teksto \u017eavesys slypi magi\u0161koje Valdo Papievio kalboje. B\u016btent ji atveria mums prievartos, baim\u0117s draskom\u0173, savyje vilties ir tvirtyb\u0117s ie\u0161kan\u010di\u0173 veik\u0117j\u0173 jausm\u0173, min\u010di\u0173 ir pas\u0105mon\u0117s pasaul\u012f. \u201eStaig\u016bs, netik\u0117ti siu\u017eeto vira\u017eai, vienas kit\u0105 kei\u010diantys tr\u0117mim\u0173, partizanin\u0117s kovos, pokario mokyklos ir i\u0161 sovietme\u010dio \u012f\u0161alo bundan\u010dio Vilniaus epizodai sukuria gyv\u0105, dinami\u0161k\u0105, jaudinan\u010di\u0105 knyg\u0105, kuri sudomins labai skirtingus skaitytojus.&#8221; \u2013 Violeta Kelertien\u0117 Autorius: Valdas Papievis Leid\u0117jas: Odil\u0117 Metai: 2018 Puslapiai: 336 ISBN: 9786098222036 Versijos kodas: PT. Formatas: 15 x 21 cm, mink\u0161ti vir\u0161eliai Kalba: Lietuvi\u0173<\/p>\n","protected":false},"featured_media":16063,"comment_status":"open","ping_status":"closed","template":"","meta":{"_acf_changed":false,"site-sidebar-layout":"default","site-content-layout":"","ast-site-content-layout":"default","site-content-style":"default","site-sidebar-style":"default","ast-global-header-display":"","ast-banner-title-visibility":"","ast-main-header-display":"","ast-hfb-above-header-display":"","ast-hfb-below-header-display":"","ast-hfb-mobile-header-display":"","site-post-title":"","ast-breadcrumbs-content":"","ast-featured-img":"","footer-sml-layout":"","ast-disable-related-posts":"","theme-transparent-header-meta":"default","adv-header-id-meta":"","stick-header-meta":"","header-above-stick-meta":"","header-main-stick-meta":"","header-below-stick-meta":"","astra-migrate-meta-layouts":"set","ast-page-background-enabled":"default","ast-page-background-meta":{"desktop":{"background-color":"","background-image":"","background-repeat":"repeat","background-position":"center center","background-size":"auto","background-attachment":"scroll","background-type":"","background-media":"","overlay-type":"","overlay-color":"","overlay-opacity":"","overlay-gradient":""},"tablet":{"background-color":"","background-image":"","background-repeat":"repeat","background-position":"center center","background-size":"auto","background-attachment":"scroll","background-type":"","background-media":"","overlay-type":"","overlay-color":"","overlay-opacity":"","overlay-gradient":""},"mobile":{"background-color":"","background-image":"","background-repeat":"repeat","background-position":"center center","background-size":"auto","background-attachment":"scroll","background-type":"","background-media":"","overlay-type":"","overlay-color":"","overlay-opacity":"","overlay-gradient":""}},"ast-content-background-meta":{"desktop":{"background-color":"var(--ast-global-color-4)","background-image":"","background-repeat":"repeat","background-position":"center center","background-size":"auto","background-attachment":"scroll","background-type":"","background-media":"","overlay-type":"","overlay-color":"","overlay-opacity":"","overlay-gradient":""},"tablet":{"background-color":"var(--ast-global-color-4)","background-image":"","background-repeat":"repeat","background-position":"center center","background-size":"auto","background-attachment":"scroll","background-type":"","background-media":"","overlay-type":"","overlay-color":"","overlay-opacity":"","overlay-gradient":""},"mobile":{"background-color":"var(--ast-global-color-4)","background-image":"","background-repeat":"repeat","background-position":"center center","background-size":"auto","background-attachment":"scroll","background-type":"","background-media":"","overlay-type":"","overlay-color":"","overlay-opacity":"","overlay-gradient":""}}},"product_brand":[],"product_cat":[31,15],"product_tag":[2453,2455,1744,2454,1745],"class_list":{"0":"post-16062","1":"product","2":"type-product","3":"status-publish","4":"has-post-thumbnail","6":"product_cat-grozine-literatura","7":"product_cat-uncategorized","8":"product_tag-brone-slapsinskaite","9":"product_tag-emigracija","10":"product_tag-lietuviu-literatura","11":"product_tag-moters-gyvenimas","12":"product_tag-romanas","13":"desktop-align-left","14":"tablet-align-left","15":"mobile-align-left","17":"first","18":"instock","19":"shipping-taxable","20":"purchasable","21":"product-type-simple"},"acf":[],"yoast_head":"<!-- This site is optimized with the Yoast SEO plugin v27.0 - https:\/\/yoast.com\/product\/yoast-seo-wordpress\/ -->\n<title>Bryd\u0117<\/title>\n<meta name=\"description\" content=\"Valdo Papievio \u201eBryd\u0117&quot;\u00a0\u2013 psichologinis trileris, ra\u0161ytas Lietuvoje prie\u0161 tris de\u0161imtme\u010dius. Romane i\u0161 fragment\u0173 d\u0117liojamos dvi istorijos: viena \u2013 apie\" \/>\n<meta name=\"robots\" content=\"index, follow, max-snippet:-1, max-image-preview:large, max-video-preview:-1\" \/>\n<link rel=\"canonical\" href=\"https:\/\/skaitytaknyga.lt\/en\/produktas\/bryde\/\" \/>\n<meta property=\"og:locale\" content=\"en_GB\" \/>\n<meta property=\"og:locale:alternate\" content=\"lt_LT\" \/>\n<meta property=\"og:type\" content=\"article\" \/>\n<meta property=\"og:title\" content=\"Bryd\u0117\" \/>\n<meta property=\"og:description\" content=\"Valdo Papievio \u201eBryd\u0117&quot;\u00a0\u2013 psichologinis trileris, ra\u0161ytas Lietuvoje prie\u0161 tris de\u0161imtme\u010dius. Romane i\u0161 fragment\u0173 d\u0117liojamos dvi istorijos: viena \u2013 apie\" \/>\n<meta property=\"og:url\" content=\"https:\/\/skaitytaknyga.lt\/en\/produktas\/bryde\/\" \/>\n<meta property=\"og:site_name\" content=\"Skaitytaknyga\" \/>\n<meta property=\"article:publisher\" content=\"https:\/\/www.facebook.com\/skaitytaknyga\/\" \/>\n<meta property=\"article:modified_time\" content=\"2025-05-13T15:36:14+00:00\" \/>\n<meta property=\"og:image\" content=\"https:\/\/skaitytaknyga.lt\/wp-content\/uploads\/2025\/01\/Bryde.webp\" \/>\n\t<meta property=\"og:image:width\" content=\"470\" \/>\n\t<meta property=\"og:image:height\" content=\"640\" \/>\n\t<meta property=\"og:image:type\" content=\"image\/webp\" \/>\n<meta name=\"twitter:card\" content=\"summary_large_image\" \/>\n<meta name=\"twitter:label1\" content=\"Estimated reading time\" \/>\n\t<meta name=\"twitter:data1\" content=\"1 minute\" \/>\n<script type=\"application\/ld+json\" class=\"yoast-schema-graph\">{\"@context\":\"https:\/\/schema.org\",\"@graph\":[{\"@type\":\"WebPage\",\"@id\":\"https:\/\/skaitytaknyga.lt\/produktas\/bryde\/\",\"url\":\"https:\/\/skaitytaknyga.lt\/produktas\/bryde\/\",\"name\":\"Bryd\u0117\",\"isPartOf\":{\"@id\":\"https:\/\/skaitytaknyga.lt\/#website\"},\"primaryImageOfPage\":{\"@id\":\"https:\/\/skaitytaknyga.lt\/produktas\/bryde\/#primaryimage\"},\"image\":{\"@id\":\"https:\/\/skaitytaknyga.lt\/produktas\/bryde\/#primaryimage\"},\"thumbnailUrl\":\"https:\/\/skaitytaknyga.lt\/wp-content\/uploads\/2025\/01\/Bryde.webp\",\"datePublished\":\"2025-01-25T12:47:54+00:00\",\"dateModified\":\"2025-05-13T15:36:14+00:00\",\"description\":\"Valdo Papievio \u201eBryd\u0117\\\"\u00a0\u2013 psichologinis trileris, ra\u0161ytas Lietuvoje prie\u0161 tris de\u0161imtme\u010dius. Romane i\u0161 fragment\u0173 d\u0117liojamos dvi istorijos: viena \u2013 apie\",\"breadcrumb\":{\"@id\":\"https:\/\/skaitytaknyga.lt\/produktas\/bryde\/#breadcrumb\"},\"inLanguage\":\"en-GB\",\"potentialAction\":[{\"@type\":\"ReadAction\",\"target\":[\"https:\/\/skaitytaknyga.lt\/produktas\/bryde\/\"]}]},{\"@type\":\"ImageObject\",\"inLanguage\":\"en-GB\",\"@id\":\"https:\/\/skaitytaknyga.lt\/produktas\/bryde\/#primaryimage\",\"url\":\"https:\/\/skaitytaknyga.lt\/wp-content\/uploads\/2025\/01\/Bryde.webp\",\"contentUrl\":\"https:\/\/skaitytaknyga.lt\/wp-content\/uploads\/2025\/01\/Bryde.webp\",\"width\":470,\"height\":640,\"caption\":\"Bryd\u0117\"},{\"@type\":\"BreadcrumbList\",\"@id\":\"https:\/\/skaitytaknyga.lt\/produktas\/bryde\/#breadcrumb\",\"itemListElement\":[{\"@type\":\"ListItem\",\"position\":1,\"name\":\"Home\",\"item\":\"https:\/\/skaitytaknyga.lt\/\"},{\"@type\":\"ListItem\",\"position\":2,\"name\":\"Parduotuv\u0117\",\"item\":\"https:\/\/skaitytaknyga.lt\/knygu-parduotuve\/\"},{\"@type\":\"ListItem\",\"position\":3,\"name\":\"Bryd\u0117\"}]},{\"@type\":\"WebSite\",\"@id\":\"https:\/\/skaitytaknyga.lt\/#website\",\"url\":\"https:\/\/skaitytaknyga.lt\/\",\"name\":\"skaitytaknyga.lt\",\"description\":\"Skaitytaknyga.lt \u2013 tai ma\u017eas \u0161eimos verslas, kuris prasid\u0117jo nuo meil\u0117s knygoms ir siekio i\u0161gelb\u0117ti knygas nuo likimo prie konteinerio. Kas vienam nereikalingas daiktas \u2013 kitam lobis, o mes esame tarpininkai, kurie padeda abiems tapti laimingesniems ???? \u017dinome kaip nelengva i\u0161gyventi ma\u017eiems verslams, tad nuo \u0161iol, \u010dia rasite ir kit\u0173, ma\u017e\u0173 \u0161eim\u0173 versl\u0173, rank\u0173 darbo, dovan\u0173 sau ir artimiesiems.\",\"publisher\":{\"@id\":\"https:\/\/skaitytaknyga.lt\/#organization\"},\"potentialAction\":[{\"@type\":\"SearchAction\",\"target\":{\"@type\":\"EntryPoint\",\"urlTemplate\":\"https:\/\/skaitytaknyga.lt\/?s={search_term_string}\"},\"query-input\":{\"@type\":\"PropertyValueSpecification\",\"valueRequired\":true,\"valueName\":\"search_term_string\"}}],\"inLanguage\":\"en-GB\"},{\"@type\":\"Organization\",\"@id\":\"https:\/\/skaitytaknyga.lt\/#organization\",\"name\":\"skaitytaknyga.lt\",\"url\":\"https:\/\/skaitytaknyga.lt\/\",\"logo\":{\"@type\":\"ImageObject\",\"inLanguage\":\"en-GB\",\"@id\":\"https:\/\/skaitytaknyga.lt\/#\/schema\/logo\/image\/\",\"url\":\"https:\/\/skaitytaknyga.lt\/wp-content\/uploads\/2024\/05\/cropped-cropped-cropped-02_00843_jt3bggkj1j3HLc7SyY6rEUpg.jpeg\",\"contentUrl\":\"https:\/\/skaitytaknyga.lt\/wp-content\/uploads\/2024\/05\/cropped-cropped-cropped-02_00843_jt3bggkj1j3HLc7SyY6rEUpg.jpeg\",\"width\":1600,\"height\":1600,\"caption\":\"skaitytaknyga.lt\"},\"image\":{\"@id\":\"https:\/\/skaitytaknyga.lt\/#\/schema\/logo\/image\/\"},\"sameAs\":[\"https:\/\/www.facebook.com\/skaitytaknyga\/\"]}]}<\/script>\n<!-- \/ Yoast SEO plugin. -->","yoast_head_json":{"title":"Bryd\u0117","description":"Valdo Papievio \u201eBryd\u0117\"\u00a0\u2013 psichologinis trileris, ra\u0161ytas Lietuvoje prie\u0161 tris de\u0161imtme\u010dius. Romane i\u0161 fragment\u0173 d\u0117liojamos dvi istorijos: viena \u2013 apie","robots":{"index":"index","follow":"follow","max-snippet":"max-snippet:-1","max-image-preview":"max-image-preview:large","max-video-preview":"max-video-preview:-1"},"canonical":"https:\/\/skaitytaknyga.lt\/en\/produktas\/bryde\/","og_locale":"en_GB","og_type":"article","og_title":"[:lt]Bryd\u0117[:] - Skaitytaknyga","og_description":"Valdo Papievio \u201eBryd\u0117\"\u00a0\u2013 psichologinis trileris, ra\u0161ytas Lietuvoje prie\u0161 tris de\u0161imtme\u010dius. Romane i\u0161 fragment\u0173 d\u0117liojamos dvi istorijos: viena \u2013 apie","og_url":"https:\/\/skaitytaknyga.lt\/en\/produktas\/bryde\/","og_site_name":"Skaitytaknyga","article_publisher":"https:\/\/www.facebook.com\/skaitytaknyga\/","article_modified_time":"2025-05-13T15:36:14+00:00","og_image":[{"width":470,"height":640,"url":"https:\/\/skaitytaknyga.lt\/wp-content\/uploads\/2025\/01\/Bryde.webp","type":"image\/webp"}],"twitter_card":"summary_large_image","twitter_misc":{"Estimated reading time":"1 minute"},"schema":{"@context":"https:\/\/schema.org","@graph":[{"@type":"WebPage","@id":"https:\/\/skaitytaknyga.lt\/produktas\/bryde\/","url":"https:\/\/skaitytaknyga.lt\/produktas\/bryde\/","name":"Bryd\u0117","isPartOf":{"@id":"https:\/\/skaitytaknyga.lt\/#website"},"primaryImageOfPage":{"@id":"https:\/\/skaitytaknyga.lt\/produktas\/bryde\/#primaryimage"},"image":{"@id":"https:\/\/skaitytaknyga.lt\/produktas\/bryde\/#primaryimage"},"thumbnailUrl":"https:\/\/skaitytaknyga.lt\/wp-content\/uploads\/2025\/01\/Bryde.webp","datePublished":"2025-01-25T12:47:54+00:00","dateModified":"2025-05-13T15:36:14+00:00","description":"Valdo Papievio \u201eBryd\u0117\"\u00a0\u2013 psichologinis trileris, ra\u0161ytas Lietuvoje prie\u0161 tris de\u0161imtme\u010dius. Romane i\u0161 fragment\u0173 d\u0117liojamos dvi istorijos: viena \u2013 apie","breadcrumb":{"@id":"https:\/\/skaitytaknyga.lt\/produktas\/bryde\/#breadcrumb"},"inLanguage":"en-GB","potentialAction":[{"@type":"ReadAction","target":["https:\/\/skaitytaknyga.lt\/produktas\/bryde\/"]}]},{"@type":"ImageObject","inLanguage":"en-GB","@id":"https:\/\/skaitytaknyga.lt\/produktas\/bryde\/#primaryimage","url":"https:\/\/skaitytaknyga.lt\/wp-content\/uploads\/2025\/01\/Bryde.webp","contentUrl":"https:\/\/skaitytaknyga.lt\/wp-content\/uploads\/2025\/01\/Bryde.webp","width":470,"height":640,"caption":"Bryd\u0117"},{"@type":"BreadcrumbList","@id":"https:\/\/skaitytaknyga.lt\/produktas\/bryde\/#breadcrumb","itemListElement":[{"@type":"ListItem","position":1,"name":"Home","item":"https:\/\/skaitytaknyga.lt\/"},{"@type":"ListItem","position":2,"name":"Parduotuv\u0117","item":"https:\/\/skaitytaknyga.lt\/knygu-parduotuve\/"},{"@type":"ListItem","position":3,"name":"Bryd\u0117"}]},{"@type":"WebSite","@id":"https:\/\/skaitytaknyga.lt\/#website","url":"https:\/\/skaitytaknyga.lt\/","name":"skaitytaknyga.lt","description":"Skaitytaknyga.lt \u2013 tai ma\u017eas \u0161eimos verslas, kuris prasid\u0117jo nuo meil\u0117s knygoms ir siekio i\u0161gelb\u0117ti knygas nuo likimo prie konteinerio. Kas vienam nereikalingas daiktas \u2013 kitam lobis, o mes esame tarpininkai, kurie padeda abiems tapti laimingesniems ???? \u017dinome kaip nelengva i\u0161gyventi ma\u017eiems verslams, tad nuo \u0161iol, \u010dia rasite ir kit\u0173, ma\u017e\u0173 \u0161eim\u0173 versl\u0173, rank\u0173 darbo, dovan\u0173 sau ir artimiesiems.","publisher":{"@id":"https:\/\/skaitytaknyga.lt\/#organization"},"potentialAction":[{"@type":"SearchAction","target":{"@type":"EntryPoint","urlTemplate":"https:\/\/skaitytaknyga.lt\/?s={search_term_string}"},"query-input":{"@type":"PropertyValueSpecification","valueRequired":true,"valueName":"search_term_string"}}],"inLanguage":"en-GB"},{"@type":"Organization","@id":"https:\/\/skaitytaknyga.lt\/#organization","name":"skaitytaknyga.lt","url":"https:\/\/skaitytaknyga.lt\/","logo":{"@type":"ImageObject","inLanguage":"en-GB","@id":"https:\/\/skaitytaknyga.lt\/#\/schema\/logo\/image\/","url":"https:\/\/skaitytaknyga.lt\/wp-content\/uploads\/2024\/05\/cropped-cropped-cropped-02_00843_jt3bggkj1j3HLc7SyY6rEUpg.jpeg","contentUrl":"https:\/\/skaitytaknyga.lt\/wp-content\/uploads\/2024\/05\/cropped-cropped-cropped-02_00843_jt3bggkj1j3HLc7SyY6rEUpg.jpeg","width":1600,"height":1600,"caption":"skaitytaknyga.lt"},"image":{"@id":"https:\/\/skaitytaknyga.lt\/#\/schema\/logo\/image\/"},"sameAs":["https:\/\/www.facebook.com\/skaitytaknyga\/"]}]}},"_links":{"self":[{"href":"https:\/\/skaitytaknyga.lt\/en\/wp-json\/wp\/v2\/product\/16062","targetHints":{"allow":["GET"]}}],"collection":[{"href":"https:\/\/skaitytaknyga.lt\/en\/wp-json\/wp\/v2\/product"}],"about":[{"href":"https:\/\/skaitytaknyga.lt\/en\/wp-json\/wp\/v2\/types\/product"}],"replies":[{"embeddable":true,"href":"https:\/\/skaitytaknyga.lt\/en\/wp-json\/wp\/v2\/comments?post=16062"}],"wp:featuredmedia":[{"embeddable":true,"href":"https:\/\/skaitytaknyga.lt\/en\/wp-json\/wp\/v2\/media\/16063"}],"wp:attachment":[{"href":"https:\/\/skaitytaknyga.lt\/en\/wp-json\/wp\/v2\/media?parent=16062"}],"wp:term":[{"taxonomy":"product_brand","embeddable":true,"href":"https:\/\/skaitytaknyga.lt\/en\/wp-json\/wp\/v2\/product_brand?post=16062"},{"taxonomy":"product_cat","embeddable":true,"href":"https:\/\/skaitytaknyga.lt\/en\/wp-json\/wp\/v2\/product_cat?post=16062"},{"taxonomy":"product_tag","embeddable":true,"href":"https:\/\/skaitytaknyga.lt\/en\/wp-json\/wp\/v2\/product_tag?post=16062"}],"curies":[{"name":"wp","href":"https:\/\/api.w.org\/{rel}","templated":true}]}}