{"id":16058,"date":"2025-01-25T14:45:05","date_gmt":"2025-01-25T12:45:05","guid":{"rendered":"https:\/\/skaitytaknyga.lt\/?post_type=product&#038;p=16058"},"modified":"2025-02-02T21:57:08","modified_gmt":"2025-02-02T19:57:08","slug":"pilatesas-issamus-treniruociu-vadovas","status":"publish","type":"product","link":"https:\/\/skaitytaknyga.lt\/en\/produktas\/pilatesas-issamus-treniruociu-vadovas\/","title":{"rendered":"Pilatesas: i\u0161samus treniruo\u010di\u0173 vadovas"},"content":{"rendered":"<p>Pilatesas yra praturtinanti ir stiprinanti pratim\u0173 programa, galinti pagerinti j\u016bs\u0173 bendr\u0105 fizin\u0119 b\u016bkl\u0119, i\u0161ugdyti stipri\u0105 centrin\u0119 k\u016bno dal\u012f ir patobulinti pratim\u0173 atlikimo lyg\u012f.<\/p>\n<p>Knygoje\u00a0<strong>\u201ePilatesas: i\u0161samus treniruo\u010di\u0173 vadovas\u201c<\/strong>\u00a0parodyta, kaip treniruoti fizin\u012f stabilum\u0105, j\u0117g\u0105 ir lankstum\u0105, tuo pat metu i\u0161laikant k\u016bno ir min\u010di\u0173 ry\u0161\u012f. Joje rasite i\u0161sami\u0105 \u012f\u017eang\u0105 apie pilateso mank\u0161t\u0105, ai\u0161kia seka pateiktus daugiau nei 60 svarbiausi\u0173 pilateso pratim\u0173 ir j\u0173 sek\u0173, veikian\u010di\u0173 centrinius raumenis, nugar\u0105, kojas ir rankas.<\/p>\n<p>Autorius: Isabel Eisen<br \/>\nLeid\u0117jas: Naujoji Rosma<br \/>\nMetai: 2016<br \/>\nPuslapiai: 192<br \/>\nISBN: 9789955063322<br \/>\nVersijos kodas: PT.<br \/>\nFormatas: 21 x 26 x 1,5 cm, mink\u0161ti vir\u0161eliai<br \/>\nKalba: Lietuvi\u0173<br \/>\nVert\u0117jas: Lina Preimontait\u0117<\/p>\n","protected":false},"excerpt":{"rendered":"<p>Pilatesas yra praturtinanti ir stiprinanti pratim\u0173 programa, galinti pagerinti j\u016bs\u0173 bendr\u0105 fizin\u0119 b\u016bkl\u0119, i\u0161ugdyti stipri\u0105 centrin\u0119 k\u016bno dal\u012f ir patobulinti pratim\u0173 atlikimo lyg\u012f. Knygoje\u00a0\u201ePilatesas: i\u0161samus treniruo\u010di\u0173 vadovas\u201c\u00a0parodyta, kaip treniruoti fizin\u012f stabilum\u0105, j\u0117g\u0105 ir lankstum\u0105, tuo pat metu i\u0161laikant k\u016bno ir min\u010di\u0173 ry\u0161\u012f. Joje rasite i\u0161sami\u0105 \u012f\u017eang\u0105 apie pilateso mank\u0161t\u0105, ai\u0161kia seka pateiktus daugiau nei 60 svarbiausi\u0173 pilateso pratim\u0173 ir j\u0173 sek\u0173, veikian\u010di\u0173 centrinius raumenis, nugar\u0105, kojas ir rankas. Autorius: Isabel Eisen Leid\u0117jas: Naujoji Rosma Metai: 2016 Puslapiai: 192 ISBN: 9789955063322 Versijos kodas: PT. Formatas: 21 x 26 x 1,5 cm, mink\u0161ti vir\u0161eliai Kalba: Lietuvi\u0173 Vert\u0117jas: Lina Preimontait\u0117<\/p>\n","protected":false},"featured_media":16059,"comment_status":"open","ping_status":"closed","template":"","meta":{"_acf_changed":false,"site-sidebar-layout":"default","site-content-layout":"","ast-site-content-layout":"default","site-content-style":"default","site-sidebar-style":"default","ast-global-header-display":"","ast-banner-title-visibility":"","ast-main-header-display":"","ast-hfb-above-header-display":"","ast-hfb-below-header-display":"","ast-hfb-mobile-header-display":"","site-post-title":"","ast-breadcrumbs-content":"","ast-featured-img":"","footer-sml-layout":"","ast-disable-related-posts":"","theme-transparent-header-meta":"default","adv-header-id-meta":"","stick-header-meta":"","header-above-stick-meta":"","header-main-stick-meta":"","header-below-stick-meta":"","astra-migrate-meta-layouts":"set","ast-page-background-enabled":"default","ast-page-background-meta":{"desktop":{"background-color":"","background-image":"","background-repeat":"repeat","background-position":"center center","background-size":"auto","background-attachment":"scroll","background-type":"","background-media":"","overlay-type":"","overlay-color":"","overlay-opacity":"","overlay-gradient":""},"tablet":{"background-color":"","background-image":"","background-repeat":"repeat","background-position":"center center","background-size":"auto","background-attachment":"scroll","background-type":"","background-media":"","overlay-type":"","overlay-color":"","overlay-opacity":"","overlay-gradient":""},"mobile":{"background-color":"","background-image":"","background-repeat":"repeat","background-position":"center center","background-size":"auto","background-attachment":"scroll","background-type":"","background-media":"","overlay-type":"","overlay-color":"","overlay-opacity":"","overlay-gradient":""}},"ast-content-background-meta":{"desktop":{"background-color":"var(--ast-global-color-4)","background-image":"","background-repeat":"repeat","background-position":"center center","background-size":"auto","background-attachment":"scroll","background-type":"","background-media":"","overlay-type":"","overlay-color":"","overlay-opacity":"","overlay-gradient":""},"tablet":{"background-color":"var(--ast-global-color-4)","background-image":"","background-repeat":"repeat","background-position":"center center","background-size":"auto","background-attachment":"scroll","background-type":"","background-media":"","overlay-type":"","overlay-color":"","overlay-opacity":"","overlay-gradient":""},"mobile":{"background-color":"var(--ast-global-color-4)","background-image":"","background-repeat":"repeat","background-position":"center center","background-size":"auto","background-attachment":"scroll","background-type":"","background-media":"","overlay-type":"","overlay-color":"","overlay-opacity":"","overlay-gradient":""}}},"product_brand":[],"product_cat":[15,55],"product_tag":[],"class_list":{"0":"post-16058","1":"product","2":"type-product","3":"status-publish","4":"has-post-thumbnail","6":"product_cat-uncategorized","7":"product_cat-sveikata-ir-sveika-mityba","8":"desktop-align-left","9":"tablet-align-left","10":"mobile-align-left","12":"first","13":"outofstock","14":"shipping-taxable","15":"purchasable","16":"product-type-simple"},"acf":[],"yoast_head":"<!-- This site is optimized with the Yoast SEO plugin v27.0 - https:\/\/yoast.com\/product\/yoast-seo-wordpress\/ -->\n<title>Pilatesas: i\u0161samus treniruo\u010di\u0173 vadovas<\/title>\n<meta name=\"description\" content=\"Pilatesas yra praturtinanti ir stiprinanti pratim\u0173 programa, galinti pagerinti j\u016bs\u0173 bendr\u0105 fizin\u0119 b\u016bkl\u0119, i\u0161ugdyti stipri\u0105 centrin\u0119 k\u016bno dal\u012f ir\" \/>\n<meta name=\"robots\" content=\"index, follow, max-snippet:-1, max-image-preview:large, max-video-preview:-1\" \/>\n<link rel=\"canonical\" href=\"https:\/\/skaitytaknyga.lt\/en\/produktas\/pilatesas-issamus-treniruociu-vadovas\/\" \/>\n<meta property=\"og:locale\" content=\"en_GB\" \/>\n<meta property=\"og:locale:alternate\" content=\"lt_LT\" \/>\n<meta property=\"og:type\" content=\"article\" \/>\n<meta property=\"og:title\" content=\"Pilatesas: i\u0161samus treniruo\u010di\u0173 vadovas\" \/>\n<meta property=\"og:description\" content=\"Pilatesas yra praturtinanti ir stiprinanti pratim\u0173 programa, galinti pagerinti j\u016bs\u0173 bendr\u0105 fizin\u0119 b\u016bkl\u0119, i\u0161ugdyti stipri\u0105 centrin\u0119 k\u016bno dal\u012f ir\" \/>\n<meta property=\"og:url\" content=\"https:\/\/skaitytaknyga.lt\/en\/produktas\/pilatesas-issamus-treniruociu-vadovas\/\" \/>\n<meta property=\"og:site_name\" content=\"Skaitytaknyga\" \/>\n<meta property=\"article:publisher\" content=\"https:\/\/www.facebook.com\/skaitytaknyga\/\" \/>\n<meta property=\"article:modified_time\" content=\"2025-02-02T19:57:08+00:00\" \/>\n<meta property=\"og:image\" content=\"https:\/\/skaitytaknyga.lt\/wp-content\/uploads\/2025\/01\/Pilatesas-issamus-treniruociu-vadovas.webp\" \/>\n\t<meta property=\"og:image:width\" content=\"639\" \/>\n\t<meta property=\"og:image:height\" content=\"800\" \/>\n\t<meta property=\"og:image:type\" content=\"image\/webp\" \/>\n<meta name=\"twitter:card\" content=\"summary_large_image\" \/>\n<meta name=\"twitter:label1\" content=\"Estimated reading time\" \/>\n\t<meta name=\"twitter:data1\" content=\"1 minute\" \/>\n<script type=\"application\/ld+json\" class=\"yoast-schema-graph\">{\"@context\":\"https:\/\/schema.org\",\"@graph\":[{\"@type\":\"WebPage\",\"@id\":\"https:\/\/skaitytaknyga.lt\/produktas\/pilatesas-issamus-treniruociu-vadovas\/\",\"url\":\"https:\/\/skaitytaknyga.lt\/produktas\/pilatesas-issamus-treniruociu-vadovas\/\",\"name\":\"Pilatesas: i\u0161samus treniruo\u010di\u0173 vadovas\",\"isPartOf\":{\"@id\":\"https:\/\/skaitytaknyga.lt\/#website\"},\"primaryImageOfPage\":{\"@id\":\"https:\/\/skaitytaknyga.lt\/produktas\/pilatesas-issamus-treniruociu-vadovas\/#primaryimage\"},\"image\":{\"@id\":\"https:\/\/skaitytaknyga.lt\/produktas\/pilatesas-issamus-treniruociu-vadovas\/#primaryimage\"},\"thumbnailUrl\":\"https:\/\/skaitytaknyga.lt\/wp-content\/uploads\/2025\/01\/Pilatesas-issamus-treniruociu-vadovas.webp\",\"datePublished\":\"2025-01-25T12:45:05+00:00\",\"dateModified\":\"2025-02-02T19:57:08+00:00\",\"description\":\"Pilatesas yra praturtinanti ir stiprinanti pratim\u0173 programa, galinti pagerinti j\u016bs\u0173 bendr\u0105 fizin\u0119 b\u016bkl\u0119, i\u0161ugdyti stipri\u0105 centrin\u0119 k\u016bno dal\u012f ir\",\"breadcrumb\":{\"@id\":\"https:\/\/skaitytaknyga.lt\/produktas\/pilatesas-issamus-treniruociu-vadovas\/#breadcrumb\"},\"inLanguage\":\"en-GB\",\"potentialAction\":[{\"@type\":\"ReadAction\",\"target\":[\"https:\/\/skaitytaknyga.lt\/produktas\/pilatesas-issamus-treniruociu-vadovas\/\"]}]},{\"@type\":\"ImageObject\",\"inLanguage\":\"en-GB\",\"@id\":\"https:\/\/skaitytaknyga.lt\/produktas\/pilatesas-issamus-treniruociu-vadovas\/#primaryimage\",\"url\":\"https:\/\/skaitytaknyga.lt\/wp-content\/uploads\/2025\/01\/Pilatesas-issamus-treniruociu-vadovas.webp\",\"contentUrl\":\"https:\/\/skaitytaknyga.lt\/wp-content\/uploads\/2025\/01\/Pilatesas-issamus-treniruociu-vadovas.webp\",\"width\":639,\"height\":800,\"caption\":\"Pilatesas: i\u0161samus treniruo\u010di\u0173 vadovas\"},{\"@type\":\"BreadcrumbList\",\"@id\":\"https:\/\/skaitytaknyga.lt\/produktas\/pilatesas-issamus-treniruociu-vadovas\/#breadcrumb\",\"itemListElement\":[{\"@type\":\"ListItem\",\"position\":1,\"name\":\"Home\",\"item\":\"https:\/\/skaitytaknyga.lt\/\"},{\"@type\":\"ListItem\",\"position\":2,\"name\":\"Parduotuv\u0117\",\"item\":\"https:\/\/skaitytaknyga.lt\/knygu-parduotuve\/\"},{\"@type\":\"ListItem\",\"position\":3,\"name\":\"Pilatesas: i\u0161samus treniruo\u010di\u0173 vadovas\"}]},{\"@type\":\"WebSite\",\"@id\":\"https:\/\/skaitytaknyga.lt\/#website\",\"url\":\"https:\/\/skaitytaknyga.lt\/\",\"name\":\"skaitytaknyga.lt\",\"description\":\"Skaitytaknyga.lt \u2013 tai ma\u017eas \u0161eimos verslas, kuris prasid\u0117jo nuo meil\u0117s knygoms ir siekio i\u0161gelb\u0117ti knygas nuo likimo prie konteinerio. Kas vienam nereikalingas daiktas \u2013 kitam lobis, o mes esame tarpininkai, kurie padeda abiems tapti laimingesniems ???? \u017dinome kaip nelengva i\u0161gyventi ma\u017eiems verslams, tad nuo \u0161iol, \u010dia rasite ir kit\u0173, ma\u017e\u0173 \u0161eim\u0173 versl\u0173, rank\u0173 darbo, dovan\u0173 sau ir artimiesiems.\",\"publisher\":{\"@id\":\"https:\/\/skaitytaknyga.lt\/#organization\"},\"potentialAction\":[{\"@type\":\"SearchAction\",\"target\":{\"@type\":\"EntryPoint\",\"urlTemplate\":\"https:\/\/skaitytaknyga.lt\/?s={search_term_string}\"},\"query-input\":{\"@type\":\"PropertyValueSpecification\",\"valueRequired\":true,\"valueName\":\"search_term_string\"}}],\"inLanguage\":\"en-GB\"},{\"@type\":\"Organization\",\"@id\":\"https:\/\/skaitytaknyga.lt\/#organization\",\"name\":\"skaitytaknyga.lt\",\"url\":\"https:\/\/skaitytaknyga.lt\/\",\"logo\":{\"@type\":\"ImageObject\",\"inLanguage\":\"en-GB\",\"@id\":\"https:\/\/skaitytaknyga.lt\/#\/schema\/logo\/image\/\",\"url\":\"https:\/\/skaitytaknyga.lt\/wp-content\/uploads\/2024\/05\/cropped-cropped-cropped-02_00843_jt3bggkj1j3HLc7SyY6rEUpg.jpeg\",\"contentUrl\":\"https:\/\/skaitytaknyga.lt\/wp-content\/uploads\/2024\/05\/cropped-cropped-cropped-02_00843_jt3bggkj1j3HLc7SyY6rEUpg.jpeg\",\"width\":1600,\"height\":1600,\"caption\":\"skaitytaknyga.lt\"},\"image\":{\"@id\":\"https:\/\/skaitytaknyga.lt\/#\/schema\/logo\/image\/\"},\"sameAs\":[\"https:\/\/www.facebook.com\/skaitytaknyga\/\"]}]}<\/script>\n<!-- \/ Yoast SEO plugin. -->","yoast_head_json":{"title":"Pilatesas: i\u0161samus treniruo\u010di\u0173 vadovas","description":"Pilatesas yra praturtinanti ir stiprinanti pratim\u0173 programa, galinti pagerinti j\u016bs\u0173 bendr\u0105 fizin\u0119 b\u016bkl\u0119, i\u0161ugdyti stipri\u0105 centrin\u0119 k\u016bno dal\u012f ir","robots":{"index":"index","follow":"follow","max-snippet":"max-snippet:-1","max-image-preview":"max-image-preview:large","max-video-preview":"max-video-preview:-1"},"canonical":"https:\/\/skaitytaknyga.lt\/en\/produktas\/pilatesas-issamus-treniruociu-vadovas\/","og_locale":"en_GB","og_type":"article","og_title":"[:lt]Pilatesas: i\u0161samus treniruo\u010di\u0173 vadovas[:] - Skaitytaknyga","og_description":"Pilatesas yra praturtinanti ir stiprinanti pratim\u0173 programa, galinti pagerinti j\u016bs\u0173 bendr\u0105 fizin\u0119 b\u016bkl\u0119, i\u0161ugdyti stipri\u0105 centrin\u0119 k\u016bno dal\u012f ir","og_url":"https:\/\/skaitytaknyga.lt\/en\/produktas\/pilatesas-issamus-treniruociu-vadovas\/","og_site_name":"Skaitytaknyga","article_publisher":"https:\/\/www.facebook.com\/skaitytaknyga\/","article_modified_time":"2025-02-02T19:57:08+00:00","og_image":[{"width":639,"height":800,"url":"https:\/\/skaitytaknyga.lt\/wp-content\/uploads\/2025\/01\/Pilatesas-issamus-treniruociu-vadovas.webp","type":"image\/webp"}],"twitter_card":"summary_large_image","twitter_misc":{"Estimated reading time":"1 minute"},"schema":{"@context":"https:\/\/schema.org","@graph":[{"@type":"WebPage","@id":"https:\/\/skaitytaknyga.lt\/produktas\/pilatesas-issamus-treniruociu-vadovas\/","url":"https:\/\/skaitytaknyga.lt\/produktas\/pilatesas-issamus-treniruociu-vadovas\/","name":"Pilatesas: i\u0161samus treniruo\u010di\u0173 vadovas","isPartOf":{"@id":"https:\/\/skaitytaknyga.lt\/#website"},"primaryImageOfPage":{"@id":"https:\/\/skaitytaknyga.lt\/produktas\/pilatesas-issamus-treniruociu-vadovas\/#primaryimage"},"image":{"@id":"https:\/\/skaitytaknyga.lt\/produktas\/pilatesas-issamus-treniruociu-vadovas\/#primaryimage"},"thumbnailUrl":"https:\/\/skaitytaknyga.lt\/wp-content\/uploads\/2025\/01\/Pilatesas-issamus-treniruociu-vadovas.webp","datePublished":"2025-01-25T12:45:05+00:00","dateModified":"2025-02-02T19:57:08+00:00","description":"Pilatesas yra praturtinanti ir stiprinanti pratim\u0173 programa, galinti pagerinti j\u016bs\u0173 bendr\u0105 fizin\u0119 b\u016bkl\u0119, i\u0161ugdyti stipri\u0105 centrin\u0119 k\u016bno dal\u012f ir","breadcrumb":{"@id":"https:\/\/skaitytaknyga.lt\/produktas\/pilatesas-issamus-treniruociu-vadovas\/#breadcrumb"},"inLanguage":"en-GB","potentialAction":[{"@type":"ReadAction","target":["https:\/\/skaitytaknyga.lt\/produktas\/pilatesas-issamus-treniruociu-vadovas\/"]}]},{"@type":"ImageObject","inLanguage":"en-GB","@id":"https:\/\/skaitytaknyga.lt\/produktas\/pilatesas-issamus-treniruociu-vadovas\/#primaryimage","url":"https:\/\/skaitytaknyga.lt\/wp-content\/uploads\/2025\/01\/Pilatesas-issamus-treniruociu-vadovas.webp","contentUrl":"https:\/\/skaitytaknyga.lt\/wp-content\/uploads\/2025\/01\/Pilatesas-issamus-treniruociu-vadovas.webp","width":639,"height":800,"caption":"Pilatesas: i\u0161samus treniruo\u010di\u0173 vadovas"},{"@type":"BreadcrumbList","@id":"https:\/\/skaitytaknyga.lt\/produktas\/pilatesas-issamus-treniruociu-vadovas\/#breadcrumb","itemListElement":[{"@type":"ListItem","position":1,"name":"Home","item":"https:\/\/skaitytaknyga.lt\/"},{"@type":"ListItem","position":2,"name":"Parduotuv\u0117","item":"https:\/\/skaitytaknyga.lt\/knygu-parduotuve\/"},{"@type":"ListItem","position":3,"name":"Pilatesas: i\u0161samus treniruo\u010di\u0173 vadovas"}]},{"@type":"WebSite","@id":"https:\/\/skaitytaknyga.lt\/#website","url":"https:\/\/skaitytaknyga.lt\/","name":"skaitytaknyga.lt","description":"Skaitytaknyga.lt \u2013 tai ma\u017eas \u0161eimos verslas, kuris prasid\u0117jo nuo meil\u0117s knygoms ir siekio i\u0161gelb\u0117ti knygas nuo likimo prie konteinerio. Kas vienam nereikalingas daiktas \u2013 kitam lobis, o mes esame tarpininkai, kurie padeda abiems tapti laimingesniems ???? \u017dinome kaip nelengva i\u0161gyventi ma\u017eiems verslams, tad nuo \u0161iol, \u010dia rasite ir kit\u0173, ma\u017e\u0173 \u0161eim\u0173 versl\u0173, rank\u0173 darbo, dovan\u0173 sau ir artimiesiems.","publisher":{"@id":"https:\/\/skaitytaknyga.lt\/#organization"},"potentialAction":[{"@type":"SearchAction","target":{"@type":"EntryPoint","urlTemplate":"https:\/\/skaitytaknyga.lt\/?s={search_term_string}"},"query-input":{"@type":"PropertyValueSpecification","valueRequired":true,"valueName":"search_term_string"}}],"inLanguage":"en-GB"},{"@type":"Organization","@id":"https:\/\/skaitytaknyga.lt\/#organization","name":"skaitytaknyga.lt","url":"https:\/\/skaitytaknyga.lt\/","logo":{"@type":"ImageObject","inLanguage":"en-GB","@id":"https:\/\/skaitytaknyga.lt\/#\/schema\/logo\/image\/","url":"https:\/\/skaitytaknyga.lt\/wp-content\/uploads\/2024\/05\/cropped-cropped-cropped-02_00843_jt3bggkj1j3HLc7SyY6rEUpg.jpeg","contentUrl":"https:\/\/skaitytaknyga.lt\/wp-content\/uploads\/2024\/05\/cropped-cropped-cropped-02_00843_jt3bggkj1j3HLc7SyY6rEUpg.jpeg","width":1600,"height":1600,"caption":"skaitytaknyga.lt"},"image":{"@id":"https:\/\/skaitytaknyga.lt\/#\/schema\/logo\/image\/"},"sameAs":["https:\/\/www.facebook.com\/skaitytaknyga\/"]}]}},"_links":{"self":[{"href":"https:\/\/skaitytaknyga.lt\/en\/wp-json\/wp\/v2\/product\/16058","targetHints":{"allow":["GET"]}}],"collection":[{"href":"https:\/\/skaitytaknyga.lt\/en\/wp-json\/wp\/v2\/product"}],"about":[{"href":"https:\/\/skaitytaknyga.lt\/en\/wp-json\/wp\/v2\/types\/product"}],"replies":[{"embeddable":true,"href":"https:\/\/skaitytaknyga.lt\/en\/wp-json\/wp\/v2\/comments?post=16058"}],"wp:featuredmedia":[{"embeddable":true,"href":"https:\/\/skaitytaknyga.lt\/en\/wp-json\/wp\/v2\/media\/16059"}],"wp:attachment":[{"href":"https:\/\/skaitytaknyga.lt\/en\/wp-json\/wp\/v2\/media?parent=16058"}],"wp:term":[{"taxonomy":"product_brand","embeddable":true,"href":"https:\/\/skaitytaknyga.lt\/en\/wp-json\/wp\/v2\/product_brand?post=16058"},{"taxonomy":"product_cat","embeddable":true,"href":"https:\/\/skaitytaknyga.lt\/en\/wp-json\/wp\/v2\/product_cat?post=16058"},{"taxonomy":"product_tag","embeddable":true,"href":"https:\/\/skaitytaknyga.lt\/en\/wp-json\/wp\/v2\/product_tag?post=16058"}],"curies":[{"name":"wp","href":"https:\/\/api.w.org\/{rel}","templated":true}]}}