{"id":16056,"date":"2025-01-25T14:43:29","date_gmt":"2025-01-25T12:43:29","guid":{"rendered":"https:\/\/skaitytaknyga.lt\/?post_type=product&#038;p=16056"},"modified":"2026-02-01T10:47:34","modified_gmt":"2026-02-01T08:47:34","slug":"zarnyno-zavumynai-viskas-apie-menkai-vertinama-organa","status":"publish","type":"product","link":"https:\/\/skaitytaknyga.lt\/en\/produktas\/zarnyno-zavumynai-viskas-apie-menkai-vertinama-organa\/","title":{"rendered":"\u017darnyno \u017eavumynai. Viskas apie menkai vertinam\u0105 organ\u0105"},"content":{"rendered":"<p><em>Mes gyvename tokiu metu, kai tik pradedame suprasti, kokie sud\u0117tingi saitai sieja mus, m\u016bs\u0173 maist\u0105, mikroskopin\u012f pasaul\u012f m\u016bs\u0173 viduje bei aplink mus. Mes palaipsniui i\u0161koduojame procesus, kurie anks\u010diau atrod\u0117 nei\u0161vengiamo likimo dalis.<\/em><br \/>\nGiulia Enders<\/p>\n<p>M\u016bs\u0173 \u017earnynas yra beveik toks pat svarbus kaip smegenys, ta\u010diau apie jo veikl\u0105 \u017einome labai ma\u017eai. Jaunos mikrobiolog\u0117s Giulios Enders knyga\u00a0<strong>\u201e\u017darnyno \u017eavumynai. Viskas apie menkai vertinam\u0105 organ\u0105\u201c<\/strong>\u00a0yra ne tik informatyvi, bet ir smagi \u2013 tai savoti\u0161ka ekskursija po m\u016bs\u0173 vir\u0161kinimo sistem\u0105.<\/p>\n<p>Nuo akimirkos, kai pakeliame skan\u0173 k\u0105snel\u012f prie savo l\u016bp\u0173 iki momento, kai m\u016bs\u0173 organizmas i\u0161meta jo liku\u010dius \u012f tualet\u0105. N\u0117 viena tema autorei n\u0117ra pernelyg \u017eeminanti ar trikdanti. Su\u017einosite visk\u0105 apie \u017earnyno veikl\u0105 net jei tai viduri\u0173 p\u016btimas ar v\u0117mimas. Negana to, autor\u0117 pasidalins praktiniais ir labai naudingais patarimais: kaip geriausia s\u0117d\u0117ti ant klozeto, kaip reik\u0117t\u0173 pri\u017ei\u016br\u0117ti virtuv\u0119, kad j\u016bs\u0173 \u017earnyno sveikata i\u0161likt\u0173 puiki, kaip veikia \u012fvair\u016bs laisvinamieji ir pan.<\/p>\n<p>Knygoje \u201e\u017darnyno \u017eavumynai\u201c autor\u0117 pasakoja apie \u012fvairias \u017earnyno bakterijas, kurios gali b\u016bti nutukimo prie\u017eastis ar sukelti autoimunines ir netgi psichologines ligas bei paai\u0161kina probiotik\u0173 naud\u0105.<\/p>\n<p>\u0160i knyga \u2013 puikus informacijos apie naujausius mokslinius tyrimus, susijusius su \u017earnynu, \u0161altinis. Kod\u0117l pavalgius pilvas kartais skleid\u017eia keistus garsus, kod\u0117l rytais i\u0161 burnos sklinda nemalonus kvapas, kiek kart\u0173 per dien\u0105 reik\u0117t\u0173 tu\u0161tintis, kod\u0117l nesinori valgyti, kai patiriame stres\u0105 \u2013 \u012f daugyb\u0119 \u0161i\u0173 ir kit\u0173 nerim\u0105 kelian\u010di\u0173 klausim\u0173 \u0161ioje knygoje atsakoma pasitelkiant mokslinius faktus ir paprast\u0105, suprantam\u0105 kalb\u0105.<\/p>\n<p>Autorius: Giulia Enders<br \/>\nLeidykla: Kitos knygos<br \/>\nVert\u0117jas: Kristina Sprind\u017ei\u016bnait\u0117<br \/>\nLeidimo metai: 2016-11-01<br \/>\nPuslapi\u0173 skai\u010dius: 248<br \/>\nMatmenys: 22&#215;15,5&#215;2,8<\/p>\n","protected":false},"excerpt":{"rendered":"<p>Mes gyvename tokiu metu, kai tik pradedame suprasti, kokie sud\u0117tingi saitai sieja mus, m\u016bs\u0173 maist\u0105, mikroskopin\u012f pasaul\u012f m\u016bs\u0173 viduje bei aplink mus. Mes palaipsniui i\u0161koduojame procesus, kurie anks\u010diau atrod\u0117 nei\u0161vengiamo likimo dalis. Giulia Enders M\u016bs\u0173 \u017earnynas yra beveik toks pat svarbus kaip smegenys, ta\u010diau apie jo veikl\u0105 \u017einome labai ma\u017eai. Jaunos mikrobiolog\u0117s Giulios Enders knyga\u00a0\u201e\u017darnyno \u017eavumynai. Viskas apie menkai vertinam\u0105 organ\u0105\u201c\u00a0yra ne tik informatyvi, bet ir smagi \u2013 tai savoti\u0161ka ekskursija po m\u016bs\u0173 vir\u0161kinimo sistem\u0105. Nuo akimirkos, kai pakeliame skan\u0173 k\u0105snel\u012f prie savo l\u016bp\u0173 iki momento, kai m\u016bs\u0173 organizmas i\u0161meta jo liku\u010dius \u012f tualet\u0105. N\u0117 viena tema autorei n\u0117ra pernelyg \u017eeminanti ar trikdanti. Su\u017einosite visk\u0105 apie \u017earnyno veikl\u0105 net jei tai viduri\u0173 p\u016btimas ar v\u0117mimas. Negana to, autor\u0117 pasidalins praktiniais ir labai naudingais patarimais: kaip geriausia s\u0117d\u0117ti ant klozeto, kaip reik\u0117t\u0173 pri\u017ei\u016br\u0117ti virtuv\u0119, kad j\u016bs\u0173 \u017earnyno sveikata i\u0161likt\u0173 puiki, kaip veikia \u012fvair\u016bs laisvinamieji ir pan. Knygoje \u201e\u017darnyno \u017eavumynai\u201c autor\u0117 pasakoja apie \u012fvairias \u017earnyno bakterijas, kurios gali b\u016bti nutukimo prie\u017eastis ar sukelti autoimunines ir netgi psichologines ligas bei paai\u0161kina probiotik\u0173 naud\u0105. \u0160i knyga \u2013 puikus informacijos apie naujausius mokslinius tyrimus, susijusius su \u017earnynu, \u0161altinis. Kod\u0117l pavalgius pilvas kartais skleid\u017eia keistus garsus, kod\u0117l rytais i\u0161 burnos sklinda nemalonus kvapas, kiek kart\u0173 per dien\u0105 reik\u0117t\u0173 tu\u0161tintis, kod\u0117l nesinori valgyti, kai patiriame stres\u0105 \u2013 \u012f daugyb\u0119 \u0161i\u0173 ir kit\u0173 nerim\u0105 kelian\u010di\u0173 klausim\u0173 \u0161ioje knygoje atsakoma pasitelkiant mokslinius faktus ir paprast\u0105, suprantam\u0105 kalb\u0105. Autorius: Giulia Enders Leidykla: Kitos knygos Vert\u0117jas: Kristina Sprind\u017ei\u016bnait\u0117 Leidimo metai: 2016-11-01 Puslapi\u0173 skai\u010dius: 248 Matmenys: 22&#215;15,5&#215;2,8<\/p>\n","protected":false},"featured_media":16057,"comment_status":"open","ping_status":"closed","template":"","meta":{"_acf_changed":false,"site-sidebar-layout":"default","site-content-layout":"","ast-site-content-layout":"default","site-content-style":"default","site-sidebar-style":"default","ast-global-header-display":"","ast-banner-title-visibility":"","ast-main-header-display":"","ast-hfb-above-header-display":"","ast-hfb-below-header-display":"","ast-hfb-mobile-header-display":"","site-post-title":"","ast-breadcrumbs-content":"","ast-featured-img":"","footer-sml-layout":"","ast-disable-related-posts":"","theme-transparent-header-meta":"default","adv-header-id-meta":"","stick-header-meta":"","header-above-stick-meta":"","header-main-stick-meta":"","header-below-stick-meta":"","astra-migrate-meta-layouts":"set","ast-page-background-enabled":"default","ast-page-background-meta":{"desktop":{"background-color":"","background-image":"","background-repeat":"repeat","background-position":"center center","background-size":"auto","background-attachment":"scroll","background-type":"","background-media":"","overlay-type":"","overlay-color":"","overlay-opacity":"","overlay-gradient":""},"tablet":{"background-color":"","background-image":"","background-repeat":"repeat","background-position":"center center","background-size":"auto","background-attachment":"scroll","background-type":"","background-media":"","overlay-type":"","overlay-color":"","overlay-opacity":"","overlay-gradient":""},"mobile":{"background-color":"","background-image":"","background-repeat":"repeat","background-position":"center center","background-size":"auto","background-attachment":"scroll","background-type":"","background-media":"","overlay-type":"","overlay-color":"","overlay-opacity":"","overlay-gradient":""}},"ast-content-background-meta":{"desktop":{"background-color":"var(--ast-global-color-4)","background-image":"","background-repeat":"repeat","background-position":"center center","background-size":"auto","background-attachment":"scroll","background-type":"","background-media":"","overlay-type":"","overlay-color":"","overlay-opacity":"","overlay-gradient":""},"tablet":{"background-color":"var(--ast-global-color-4)","background-image":"","background-repeat":"repeat","background-position":"center center","background-size":"auto","background-attachment":"scroll","background-type":"","background-media":"","overlay-type":"","overlay-color":"","overlay-opacity":"","overlay-gradient":""},"mobile":{"background-color":"var(--ast-global-color-4)","background-image":"","background-repeat":"repeat","background-position":"center center","background-size":"auto","background-attachment":"scroll","background-type":"","background-media":"","overlay-type":"","overlay-color":"","overlay-opacity":"","overlay-gradient":""}}},"product_brand":[],"product_cat":[15,55],"product_tag":[],"class_list":{"0":"post-16056","1":"product","2":"type-product","3":"status-publish","4":"has-post-thumbnail","6":"product_cat-uncategorized","7":"product_cat-sveikata-ir-sveika-mityba","8":"desktop-align-left","9":"tablet-align-left","10":"mobile-align-left","12":"first","13":"outofstock","14":"shipping-taxable","15":"purchasable","16":"product-type-simple"},"acf":[],"yoast_head":"<!-- This site is optimized with the Yoast SEO plugin v27.0 - https:\/\/yoast.com\/product\/yoast-seo-wordpress\/ -->\n<title>\u017darnyno \u017eavumynai. Viskas apie menkai vertinam\u0105 organ\u0105<\/title>\n<meta name=\"description\" content=\"Mes gyvename tokiu metu, kai tik pradedame suprasti, kokie sud\u0117tingi saitai sieja mus, m\u016bs\u0173 maist\u0105, mikroskopin\u012f pasaul\u012f m\u016bs\u0173 viduje bei aplink mus. Mes\" \/>\n<meta name=\"robots\" content=\"index, follow, max-snippet:-1, max-image-preview:large, max-video-preview:-1\" \/>\n<link rel=\"canonical\" href=\"https:\/\/skaitytaknyga.lt\/en\/produktas\/zarnyno-zavumynai-viskas-apie-menkai-vertinama-organa\/\" \/>\n<meta property=\"og:locale\" content=\"en_GB\" \/>\n<meta property=\"og:locale:alternate\" content=\"lt_LT\" \/>\n<meta property=\"og:type\" content=\"article\" \/>\n<meta property=\"og:title\" content=\"\u017darnyno \u017eavumynai. Viskas apie menkai vertinam\u0105 organ\u0105\" \/>\n<meta property=\"og:description\" content=\"Mes gyvename tokiu metu, kai tik pradedame suprasti, kokie sud\u0117tingi saitai sieja mus, m\u016bs\u0173 maist\u0105, mikroskopin\u012f pasaul\u012f m\u016bs\u0173 viduje bei aplink mus. Mes\" \/>\n<meta property=\"og:url\" content=\"https:\/\/skaitytaknyga.lt\/en\/produktas\/zarnyno-zavumynai-viskas-apie-menkai-vertinama-organa\/\" \/>\n<meta property=\"og:site_name\" content=\"Skaitytaknyga\" \/>\n<meta property=\"article:publisher\" content=\"https:\/\/www.facebook.com\/skaitytaknyga\/\" \/>\n<meta property=\"article:modified_time\" content=\"2026-02-01T08:47:34+00:00\" \/>\n<meta property=\"og:image\" content=\"https:\/\/skaitytaknyga.lt\/wp-content\/uploads\/2025\/01\/Zarnyno-zavumynai.-Viskas-apie-menkai-vertinama-organa.webp\" \/>\n\t<meta property=\"og:image:width\" content=\"285\" \/>\n\t<meta property=\"og:image:height\" content=\"427\" \/>\n\t<meta property=\"og:image:type\" content=\"image\/webp\" \/>\n<meta name=\"twitter:card\" content=\"summary_large_image\" \/>\n<meta name=\"twitter:label1\" content=\"Estimated reading time\" \/>\n\t<meta name=\"twitter:data1\" content=\"2 minutes\" \/>\n<script type=\"application\/ld+json\" class=\"yoast-schema-graph\">{\"@context\":\"https:\/\/schema.org\",\"@graph\":[{\"@type\":\"WebPage\",\"@id\":\"https:\/\/skaitytaknyga.lt\/produktas\/zarnyno-zavumynai-viskas-apie-menkai-vertinama-organa\/\",\"url\":\"https:\/\/skaitytaknyga.lt\/produktas\/zarnyno-zavumynai-viskas-apie-menkai-vertinama-organa\/\",\"name\":\"\u017darnyno \u017eavumynai. Viskas apie menkai vertinam\u0105 organ\u0105\",\"isPartOf\":{\"@id\":\"https:\/\/skaitytaknyga.lt\/#website\"},\"primaryImageOfPage\":{\"@id\":\"https:\/\/skaitytaknyga.lt\/produktas\/zarnyno-zavumynai-viskas-apie-menkai-vertinama-organa\/#primaryimage\"},\"image\":{\"@id\":\"https:\/\/skaitytaknyga.lt\/produktas\/zarnyno-zavumynai-viskas-apie-menkai-vertinama-organa\/#primaryimage\"},\"thumbnailUrl\":\"https:\/\/skaitytaknyga.lt\/wp-content\/uploads\/2025\/01\/Zarnyno-zavumynai.-Viskas-apie-menkai-vertinama-organa.webp\",\"datePublished\":\"2025-01-25T12:43:29+00:00\",\"dateModified\":\"2026-02-01T08:47:34+00:00\",\"description\":\"Mes gyvename tokiu metu, kai tik pradedame suprasti, kokie sud\u0117tingi saitai sieja mus, m\u016bs\u0173 maist\u0105, mikroskopin\u012f pasaul\u012f m\u016bs\u0173 viduje bei aplink mus. Mes\",\"breadcrumb\":{\"@id\":\"https:\/\/skaitytaknyga.lt\/produktas\/zarnyno-zavumynai-viskas-apie-menkai-vertinama-organa\/#breadcrumb\"},\"inLanguage\":\"en-GB\",\"potentialAction\":[{\"@type\":\"ReadAction\",\"target\":[\"https:\/\/skaitytaknyga.lt\/produktas\/zarnyno-zavumynai-viskas-apie-menkai-vertinama-organa\/\"]}]},{\"@type\":\"ImageObject\",\"inLanguage\":\"en-GB\",\"@id\":\"https:\/\/skaitytaknyga.lt\/produktas\/zarnyno-zavumynai-viskas-apie-menkai-vertinama-organa\/#primaryimage\",\"url\":\"https:\/\/skaitytaknyga.lt\/wp-content\/uploads\/2025\/01\/Zarnyno-zavumynai.-Viskas-apie-menkai-vertinama-organa.webp\",\"contentUrl\":\"https:\/\/skaitytaknyga.lt\/wp-content\/uploads\/2025\/01\/Zarnyno-zavumynai.-Viskas-apie-menkai-vertinama-organa.webp\",\"width\":285,\"height\":427,\"caption\":\"\u017darnyno \u017eavumynai. Viskas apie menkai vertinam\u0105 organ\u0105\"},{\"@type\":\"BreadcrumbList\",\"@id\":\"https:\/\/skaitytaknyga.lt\/produktas\/zarnyno-zavumynai-viskas-apie-menkai-vertinama-organa\/#breadcrumb\",\"itemListElement\":[{\"@type\":\"ListItem\",\"position\":1,\"name\":\"Home\",\"item\":\"https:\/\/skaitytaknyga.lt\/\"},{\"@type\":\"ListItem\",\"position\":2,\"name\":\"Parduotuv\u0117\",\"item\":\"https:\/\/skaitytaknyga.lt\/knygu-parduotuve\/\"},{\"@type\":\"ListItem\",\"position\":3,\"name\":\"\u017darnyno \u017eavumynai. Viskas apie menkai vertinam\u0105 organ\u0105\"}]},{\"@type\":\"WebSite\",\"@id\":\"https:\/\/skaitytaknyga.lt\/#website\",\"url\":\"https:\/\/skaitytaknyga.lt\/\",\"name\":\"skaitytaknyga.lt\",\"description\":\"Skaitytaknyga.lt \u2013 tai ma\u017eas \u0161eimos verslas, kuris prasid\u0117jo nuo meil\u0117s knygoms ir siekio i\u0161gelb\u0117ti knygas nuo likimo prie konteinerio. Kas vienam nereikalingas daiktas \u2013 kitam lobis, o mes esame tarpininkai, kurie padeda abiems tapti laimingesniems ???? \u017dinome kaip nelengva i\u0161gyventi ma\u017eiems verslams, tad nuo \u0161iol, \u010dia rasite ir kit\u0173, ma\u017e\u0173 \u0161eim\u0173 versl\u0173, rank\u0173 darbo, dovan\u0173 sau ir artimiesiems.\",\"publisher\":{\"@id\":\"https:\/\/skaitytaknyga.lt\/#organization\"},\"potentialAction\":[{\"@type\":\"SearchAction\",\"target\":{\"@type\":\"EntryPoint\",\"urlTemplate\":\"https:\/\/skaitytaknyga.lt\/?s={search_term_string}\"},\"query-input\":{\"@type\":\"PropertyValueSpecification\",\"valueRequired\":true,\"valueName\":\"search_term_string\"}}],\"inLanguage\":\"en-GB\"},{\"@type\":\"Organization\",\"@id\":\"https:\/\/skaitytaknyga.lt\/#organization\",\"name\":\"skaitytaknyga.lt\",\"url\":\"https:\/\/skaitytaknyga.lt\/\",\"logo\":{\"@type\":\"ImageObject\",\"inLanguage\":\"en-GB\",\"@id\":\"https:\/\/skaitytaknyga.lt\/#\/schema\/logo\/image\/\",\"url\":\"https:\/\/skaitytaknyga.lt\/wp-content\/uploads\/2024\/05\/cropped-cropped-cropped-02_00843_jt3bggkj1j3HLc7SyY6rEUpg.jpeg\",\"contentUrl\":\"https:\/\/skaitytaknyga.lt\/wp-content\/uploads\/2024\/05\/cropped-cropped-cropped-02_00843_jt3bggkj1j3HLc7SyY6rEUpg.jpeg\",\"width\":1600,\"height\":1600,\"caption\":\"skaitytaknyga.lt\"},\"image\":{\"@id\":\"https:\/\/skaitytaknyga.lt\/#\/schema\/logo\/image\/\"},\"sameAs\":[\"https:\/\/www.facebook.com\/skaitytaknyga\/\"]}]}<\/script>\n<!-- \/ Yoast SEO plugin. -->","yoast_head_json":{"title":"\u017darnyno \u017eavumynai. Viskas apie menkai vertinam\u0105 organ\u0105","description":"Mes gyvename tokiu metu, kai tik pradedame suprasti, kokie sud\u0117tingi saitai sieja mus, m\u016bs\u0173 maist\u0105, mikroskopin\u012f pasaul\u012f m\u016bs\u0173 viduje bei aplink mus. Mes","robots":{"index":"index","follow":"follow","max-snippet":"max-snippet:-1","max-image-preview":"max-image-preview:large","max-video-preview":"max-video-preview:-1"},"canonical":"https:\/\/skaitytaknyga.lt\/en\/produktas\/zarnyno-zavumynai-viskas-apie-menkai-vertinama-organa\/","og_locale":"en_GB","og_type":"article","og_title":"[:lt]\u017darnyno \u017eavumynai. Viskas apie menkai vertinam\u0105 organ\u0105[:] - Skaitytaknyga","og_description":"Mes gyvename tokiu metu, kai tik pradedame suprasti, kokie sud\u0117tingi saitai sieja mus, m\u016bs\u0173 maist\u0105, mikroskopin\u012f pasaul\u012f m\u016bs\u0173 viduje bei aplink mus. Mes","og_url":"https:\/\/skaitytaknyga.lt\/en\/produktas\/zarnyno-zavumynai-viskas-apie-menkai-vertinama-organa\/","og_site_name":"Skaitytaknyga","article_publisher":"https:\/\/www.facebook.com\/skaitytaknyga\/","article_modified_time":"2026-02-01T08:47:34+00:00","og_image":[{"width":285,"height":427,"url":"https:\/\/skaitytaknyga.lt\/wp-content\/uploads\/2025\/01\/Zarnyno-zavumynai.-Viskas-apie-menkai-vertinama-organa.webp","type":"image\/webp"}],"twitter_card":"summary_large_image","twitter_misc":{"Estimated reading time":"2 minutes"},"schema":{"@context":"https:\/\/schema.org","@graph":[{"@type":"WebPage","@id":"https:\/\/skaitytaknyga.lt\/produktas\/zarnyno-zavumynai-viskas-apie-menkai-vertinama-organa\/","url":"https:\/\/skaitytaknyga.lt\/produktas\/zarnyno-zavumynai-viskas-apie-menkai-vertinama-organa\/","name":"\u017darnyno \u017eavumynai. Viskas apie menkai vertinam\u0105 organ\u0105","isPartOf":{"@id":"https:\/\/skaitytaknyga.lt\/#website"},"primaryImageOfPage":{"@id":"https:\/\/skaitytaknyga.lt\/produktas\/zarnyno-zavumynai-viskas-apie-menkai-vertinama-organa\/#primaryimage"},"image":{"@id":"https:\/\/skaitytaknyga.lt\/produktas\/zarnyno-zavumynai-viskas-apie-menkai-vertinama-organa\/#primaryimage"},"thumbnailUrl":"https:\/\/skaitytaknyga.lt\/wp-content\/uploads\/2025\/01\/Zarnyno-zavumynai.-Viskas-apie-menkai-vertinama-organa.webp","datePublished":"2025-01-25T12:43:29+00:00","dateModified":"2026-02-01T08:47:34+00:00","description":"Mes gyvename tokiu metu, kai tik pradedame suprasti, kokie sud\u0117tingi saitai sieja mus, m\u016bs\u0173 maist\u0105, mikroskopin\u012f pasaul\u012f m\u016bs\u0173 viduje bei aplink mus. Mes","breadcrumb":{"@id":"https:\/\/skaitytaknyga.lt\/produktas\/zarnyno-zavumynai-viskas-apie-menkai-vertinama-organa\/#breadcrumb"},"inLanguage":"en-GB","potentialAction":[{"@type":"ReadAction","target":["https:\/\/skaitytaknyga.lt\/produktas\/zarnyno-zavumynai-viskas-apie-menkai-vertinama-organa\/"]}]},{"@type":"ImageObject","inLanguage":"en-GB","@id":"https:\/\/skaitytaknyga.lt\/produktas\/zarnyno-zavumynai-viskas-apie-menkai-vertinama-organa\/#primaryimage","url":"https:\/\/skaitytaknyga.lt\/wp-content\/uploads\/2025\/01\/Zarnyno-zavumynai.-Viskas-apie-menkai-vertinama-organa.webp","contentUrl":"https:\/\/skaitytaknyga.lt\/wp-content\/uploads\/2025\/01\/Zarnyno-zavumynai.-Viskas-apie-menkai-vertinama-organa.webp","width":285,"height":427,"caption":"\u017darnyno \u017eavumynai. Viskas apie menkai vertinam\u0105 organ\u0105"},{"@type":"BreadcrumbList","@id":"https:\/\/skaitytaknyga.lt\/produktas\/zarnyno-zavumynai-viskas-apie-menkai-vertinama-organa\/#breadcrumb","itemListElement":[{"@type":"ListItem","position":1,"name":"Home","item":"https:\/\/skaitytaknyga.lt\/"},{"@type":"ListItem","position":2,"name":"Parduotuv\u0117","item":"https:\/\/skaitytaknyga.lt\/knygu-parduotuve\/"},{"@type":"ListItem","position":3,"name":"\u017darnyno \u017eavumynai. Viskas apie menkai vertinam\u0105 organ\u0105"}]},{"@type":"WebSite","@id":"https:\/\/skaitytaknyga.lt\/#website","url":"https:\/\/skaitytaknyga.lt\/","name":"skaitytaknyga.lt","description":"Skaitytaknyga.lt \u2013 tai ma\u017eas \u0161eimos verslas, kuris prasid\u0117jo nuo meil\u0117s knygoms ir siekio i\u0161gelb\u0117ti knygas nuo likimo prie konteinerio. Kas vienam nereikalingas daiktas \u2013 kitam lobis, o mes esame tarpininkai, kurie padeda abiems tapti laimingesniems ???? \u017dinome kaip nelengva i\u0161gyventi ma\u017eiems verslams, tad nuo \u0161iol, \u010dia rasite ir kit\u0173, ma\u017e\u0173 \u0161eim\u0173 versl\u0173, rank\u0173 darbo, dovan\u0173 sau ir artimiesiems.","publisher":{"@id":"https:\/\/skaitytaknyga.lt\/#organization"},"potentialAction":[{"@type":"SearchAction","target":{"@type":"EntryPoint","urlTemplate":"https:\/\/skaitytaknyga.lt\/?s={search_term_string}"},"query-input":{"@type":"PropertyValueSpecification","valueRequired":true,"valueName":"search_term_string"}}],"inLanguage":"en-GB"},{"@type":"Organization","@id":"https:\/\/skaitytaknyga.lt\/#organization","name":"skaitytaknyga.lt","url":"https:\/\/skaitytaknyga.lt\/","logo":{"@type":"ImageObject","inLanguage":"en-GB","@id":"https:\/\/skaitytaknyga.lt\/#\/schema\/logo\/image\/","url":"https:\/\/skaitytaknyga.lt\/wp-content\/uploads\/2024\/05\/cropped-cropped-cropped-02_00843_jt3bggkj1j3HLc7SyY6rEUpg.jpeg","contentUrl":"https:\/\/skaitytaknyga.lt\/wp-content\/uploads\/2024\/05\/cropped-cropped-cropped-02_00843_jt3bggkj1j3HLc7SyY6rEUpg.jpeg","width":1600,"height":1600,"caption":"skaitytaknyga.lt"},"image":{"@id":"https:\/\/skaitytaknyga.lt\/#\/schema\/logo\/image\/"},"sameAs":["https:\/\/www.facebook.com\/skaitytaknyga\/"]}]}},"_links":{"self":[{"href":"https:\/\/skaitytaknyga.lt\/en\/wp-json\/wp\/v2\/product\/16056","targetHints":{"allow":["GET"]}}],"collection":[{"href":"https:\/\/skaitytaknyga.lt\/en\/wp-json\/wp\/v2\/product"}],"about":[{"href":"https:\/\/skaitytaknyga.lt\/en\/wp-json\/wp\/v2\/types\/product"}],"replies":[{"embeddable":true,"href":"https:\/\/skaitytaknyga.lt\/en\/wp-json\/wp\/v2\/comments?post=16056"}],"wp:featuredmedia":[{"embeddable":true,"href":"https:\/\/skaitytaknyga.lt\/en\/wp-json\/wp\/v2\/media\/16057"}],"wp:attachment":[{"href":"https:\/\/skaitytaknyga.lt\/en\/wp-json\/wp\/v2\/media?parent=16056"}],"wp:term":[{"taxonomy":"product_brand","embeddable":true,"href":"https:\/\/skaitytaknyga.lt\/en\/wp-json\/wp\/v2\/product_brand?post=16056"},{"taxonomy":"product_cat","embeddable":true,"href":"https:\/\/skaitytaknyga.lt\/en\/wp-json\/wp\/v2\/product_cat?post=16056"},{"taxonomy":"product_tag","embeddable":true,"href":"https:\/\/skaitytaknyga.lt\/en\/wp-json\/wp\/v2\/product_tag?post=16056"}],"curies":[{"name":"wp","href":"https:\/\/api.w.org\/{rel}","templated":true}]}}