{"id":16050,"date":"2025-01-25T14:36:50","date_gmt":"2025-01-25T12:36:50","guid":{"rendered":"https:\/\/skaitytaknyga.lt\/?post_type=product&#038;p=16050"},"modified":"2026-03-18T12:31:44","modified_gmt":"2026-03-18T10:31:44","slug":"likimai-2","status":"publish","type":"product","link":"https:\/\/skaitytaknyga.lt\/en\/produktas\/likimai-2\/","title":{"rendered":"Sparnai"},"content":{"rendered":"<p><em>Lorel\u0117 stov\u0117jo tarsi u\u017eburta. Spoksojo \u012f tuos bly\u0161kius dalykus pla\u010diai atvertomis akimis. Jie atrod\u0117 siaubingai nuostab\u016bs \u2013 neapsakomai nuostab\u016bs. Lorel\u0117 darsyk atsisuko \u012f veidrod\u012f, negal\u0117dama atitraukti \u017evilgsnio nuo ka\u017eko pana\u0161aus \u012f \u017eiedlapius, plevenan\u010dio vir\u0161 galvos. Atrod\u0117 beveik kaip\u2026 sparnai.<\/em><\/p>\n<p><em><br \/>\n<\/em>Lorel\u0117 Siuvel visuomet buvo \u0161iek tiek kitokia. Rasta lop\u0161yje prie dur\u0173, auginta ir mokyta hipi\u0173 namuose iki a\u0161tuntos klas\u0117s, grie\u017eta vegetar\u0117 Lorel\u0117 nem\u0117gsta b\u016bti u\u017edarose patalpose. Persik\u0117lusi su \u0161eima \u012f didesn\u012f miest\u0105 ji turi priprasti prie kitokio gyvenimo ir bendravimo su bendraam\u017eiais. Laim\u0117, jau pirm\u0105 dien\u0105 mergina susidraugauja su Deividu, rimtu ir patikimu bendraklasiu. Jam gali atskleisti did\u017eiausi\u0105 savo paslapt\u012f &#8211; tarp men\u010di\u0173 i\u0161augus\u012f pumpur\u0105, kurio \u017eiedlapiai primena trapius sparnus.<\/p>\n<p>Kas ji? Kod\u0117l jos l\u0105stel\u0117s labiau primena augalo nei \u017emogaus? Kod\u0117l oda perregima ir negird\u0117ti pulso? Paslaptis i\u0161ai\u0161k\u0117ja aplankius senuosius namus, kur Lorel\u0117 susitinka ne\u017eemi\u0161ko gro\u017eio gentain\u012f Tamen\u012f juodai \u017ealiais plaukais. Lorelei teks ne tik \u012fvykdyti pavojing\u0105 savo misij\u0105 \u017eem\u0117je, bet ir pasirinkti i\u0161 dviej\u0173 vienodai brangi\u0173 draug\u0173, kurie beatodairi\u0161kai puola jai \u012f pagalb\u0105.<\/p>\n<p>Autorius: Aprilynne Pike<br \/>\nLeid\u0117jas: Obuolys<br \/>\nMetai: 2010<br \/>\nPuslapiai: 464<br \/>\nISBN: 9786094031977<br \/>\nFormatas: 14,3 x 21,3 cm, kieti vir\u0161eliai<br \/>\nKalba: Lietuvi\u0173<br \/>\nVert\u0117jas: Rasa Krulikauskien\u0117<br \/>\nKnyg\u0173 serija: Tik geriausios knygos virsta filmais<\/p>\n","protected":false},"excerpt":{"rendered":"<p>Lorel\u0117 stov\u0117jo tarsi u\u017eburta. Spoksojo \u012f tuos bly\u0161kius dalykus pla\u010diai atvertomis akimis. Jie atrod\u0117 siaubingai nuostab\u016bs \u2013 neapsakomai nuostab\u016bs. Lorel\u0117 darsyk atsisuko \u012f veidrod\u012f, negal\u0117dama atitraukti \u017evilgsnio nuo ka\u017eko pana\u0161aus \u012f \u017eiedlapius, plevenan\u010dio vir\u0161 galvos. Atrod\u0117 beveik kaip\u2026 sparnai. Lorel\u0117 Siuvel visuomet buvo \u0161iek tiek kitokia. Rasta lop\u0161yje prie dur\u0173, auginta ir mokyta hipi\u0173 namuose iki a\u0161tuntos klas\u0117s, grie\u017eta vegetar\u0117 Lorel\u0117 nem\u0117gsta b\u016bti u\u017edarose patalpose. Persik\u0117lusi su \u0161eima \u012f didesn\u012f miest\u0105 ji turi priprasti prie kitokio gyvenimo ir bendravimo su bendraam\u017eiais. Laim\u0117, jau pirm\u0105 dien\u0105 mergina susidraugauja su Deividu, rimtu ir patikimu bendraklasiu. Jam gali atskleisti did\u017eiausi\u0105 savo paslapt\u012f &#8211; tarp men\u010di\u0173 i\u0161augus\u012f pumpur\u0105, kurio \u017eiedlapiai primena trapius sparnus. Kas ji? Kod\u0117l jos l\u0105stel\u0117s labiau primena augalo nei \u017emogaus? Kod\u0117l oda perregima ir negird\u0117ti pulso? Paslaptis i\u0161ai\u0161k\u0117ja aplankius senuosius namus, kur Lorel\u0117 susitinka ne\u017eemi\u0161ko gro\u017eio gentain\u012f Tamen\u012f juodai \u017ealiais plaukais. Lorelei teks ne tik \u012fvykdyti pavojing\u0105 savo misij\u0105 \u017eem\u0117je, bet ir pasirinkti i\u0161 dviej\u0173 vienodai brangi\u0173 draug\u0173, kurie beatodairi\u0161kai puola jai \u012f pagalb\u0105. Autorius: Aprilynne Pike Leid\u0117jas: Obuolys Metai: 2010 Puslapiai: 464 ISBN: 9786094031977 Formatas: 14,3 x 21,3 cm, kieti vir\u0161eliai Kalba: Lietuvi\u0173 Vert\u0117jas: Rasa Krulikauskien\u0117 Knyg\u0173 serija: Tik geriausios knygos virsta filmais<\/p>\n","protected":false},"featured_media":16051,"comment_status":"open","ping_status":"closed","template":"","meta":{"_acf_changed":false,"site-sidebar-layout":"default","site-content-layout":"","ast-site-content-layout":"default","site-content-style":"default","site-sidebar-style":"default","ast-global-header-display":"","ast-banner-title-visibility":"","ast-main-header-display":"","ast-hfb-above-header-display":"","ast-hfb-below-header-display":"","ast-hfb-mobile-header-display":"","site-post-title":"","ast-breadcrumbs-content":"","ast-featured-img":"","footer-sml-layout":"","ast-disable-related-posts":"","theme-transparent-header-meta":"default","adv-header-id-meta":"","stick-header-meta":"","header-above-stick-meta":"","header-main-stick-meta":"","header-below-stick-meta":"","astra-migrate-meta-layouts":"set","ast-page-background-enabled":"default","ast-page-background-meta":{"desktop":{"background-color":"","background-image":"","background-repeat":"repeat","background-position":"center center","background-size":"auto","background-attachment":"scroll","background-type":"","background-media":"","overlay-type":"","overlay-color":"","overlay-opacity":"","overlay-gradient":""},"tablet":{"background-color":"","background-image":"","background-repeat":"repeat","background-position":"center center","background-size":"auto","background-attachment":"scroll","background-type":"","background-media":"","overlay-type":"","overlay-color":"","overlay-opacity":"","overlay-gradient":""},"mobile":{"background-color":"","background-image":"","background-repeat":"repeat","background-position":"center center","background-size":"auto","background-attachment":"scroll","background-type":"","background-media":"","overlay-type":"","overlay-color":"","overlay-opacity":"","overlay-gradient":""}},"ast-content-background-meta":{"desktop":{"background-color":"var(--ast-global-color-4)","background-image":"","background-repeat":"repeat","background-position":"center center","background-size":"auto","background-attachment":"scroll","background-type":"","background-media":"","overlay-type":"","overlay-color":"","overlay-opacity":"","overlay-gradient":""},"tablet":{"background-color":"var(--ast-global-color-4)","background-image":"","background-repeat":"repeat","background-position":"center center","background-size":"auto","background-attachment":"scroll","background-type":"","background-media":"","overlay-type":"","overlay-color":"","overlay-opacity":"","overlay-gradient":""},"mobile":{"background-color":"var(--ast-global-color-4)","background-image":"","background-repeat":"repeat","background-position":"center center","background-size":"auto","background-attachment":"scroll","background-type":"","background-media":"","overlay-type":"","overlay-color":"","overlay-opacity":"","overlay-gradient":""}}},"product_brand":[],"product_cat":[9676,15,35],"product_tag":[],"class_list":{"0":"post-16050","1":"product","2":"type-product","3":"status-publish","4":"has-post-thumbnail","6":"product_cat-paaugliams","7":"product_cat-uncategorized","8":"product_cat-vaikams-ir-paaugliams","9":"desktop-align-left","10":"tablet-align-left","11":"mobile-align-left","13":"first","14":"instock","15":"shipping-taxable","16":"purchasable","17":"product-type-simple"},"acf":[],"yoast_head":"<!-- This site is optimized with the Yoast SEO plugin v27.0 - https:\/\/yoast.com\/product\/yoast-seo-wordpress\/ -->\n<title>Sparnai<\/title>\n<meta name=\"description\" content=\"Lorel\u0117 stov\u0117jo tarsi u\u017eburta. Spoksojo \u012f tuos bly\u0161kius dalykus pla\u010diai atvertomis akimis. Jie atrod\u0117 siaubingai nuostab\u016bs \u2013 neapsakomai nuostab\u016bs. Lorel\u0117\" \/>\n<meta name=\"robots\" content=\"index, follow, max-snippet:-1, max-image-preview:large, max-video-preview:-1\" \/>\n<link rel=\"canonical\" href=\"https:\/\/skaitytaknyga.lt\/en\/produktas\/likimai-2\/\" \/>\n<meta property=\"og:locale\" content=\"en_GB\" \/>\n<meta property=\"og:locale:alternate\" content=\"lt_LT\" \/>\n<meta property=\"og:type\" content=\"article\" \/>\n<meta property=\"og:title\" content=\"Sparnai\" \/>\n<meta property=\"og:description\" content=\"Lorel\u0117 stov\u0117jo tarsi u\u017eburta. Spoksojo \u012f tuos bly\u0161kius dalykus pla\u010diai atvertomis akimis. Jie atrod\u0117 siaubingai nuostab\u016bs \u2013 neapsakomai nuostab\u016bs. Lorel\u0117\" \/>\n<meta property=\"og:url\" content=\"https:\/\/skaitytaknyga.lt\/en\/produktas\/likimai-2\/\" \/>\n<meta property=\"og:site_name\" content=\"Skaitytaknyga\" \/>\n<meta property=\"article:publisher\" content=\"https:\/\/www.facebook.com\/skaitytaknyga\/\" \/>\n<meta property=\"article:modified_time\" content=\"2026-03-18T10:31:44+00:00\" \/>\n<meta property=\"og:image\" content=\"https:\/\/skaitytaknyga.lt\/wp-content\/uploads\/2025\/01\/Sparnai-e1737808644302.webp\" \/>\n\t<meta property=\"og:image:width\" content=\"347\" \/>\n\t<meta property=\"og:image:height\" content=\"561\" \/>\n\t<meta property=\"og:image:type\" content=\"image\/webp\" \/>\n<meta name=\"twitter:card\" content=\"summary_large_image\" \/>\n<meta name=\"twitter:label1\" content=\"Estimated reading time\" \/>\n\t<meta name=\"twitter:data1\" content=\"2 minutes\" \/>\n<script type=\"application\/ld+json\" class=\"yoast-schema-graph\">{\"@context\":\"https:\/\/schema.org\",\"@graph\":[{\"@type\":\"WebPage\",\"@id\":\"https:\/\/skaitytaknyga.lt\/produktas\/likimai-2\/\",\"url\":\"https:\/\/skaitytaknyga.lt\/produktas\/likimai-2\/\",\"name\":\"Sparnai\",\"isPartOf\":{\"@id\":\"https:\/\/skaitytaknyga.lt\/#website\"},\"primaryImageOfPage\":{\"@id\":\"https:\/\/skaitytaknyga.lt\/produktas\/likimai-2\/#primaryimage\"},\"image\":{\"@id\":\"https:\/\/skaitytaknyga.lt\/produktas\/likimai-2\/#primaryimage\"},\"thumbnailUrl\":\"https:\/\/skaitytaknyga.lt\/wp-content\/uploads\/2025\/01\/Sparnai-e1737808644302.webp\",\"datePublished\":\"2025-01-25T12:36:50+00:00\",\"dateModified\":\"2026-03-18T10:31:44+00:00\",\"description\":\"Lorel\u0117 stov\u0117jo tarsi u\u017eburta. Spoksojo \u012f tuos bly\u0161kius dalykus pla\u010diai atvertomis akimis. Jie atrod\u0117 siaubingai nuostab\u016bs \u2013 neapsakomai nuostab\u016bs. Lorel\u0117\",\"breadcrumb\":{\"@id\":\"https:\/\/skaitytaknyga.lt\/produktas\/likimai-2\/#breadcrumb\"},\"inLanguage\":\"en-GB\",\"potentialAction\":[{\"@type\":\"ReadAction\",\"target\":[\"https:\/\/skaitytaknyga.lt\/produktas\/likimai-2\/\"]}]},{\"@type\":\"ImageObject\",\"inLanguage\":\"en-GB\",\"@id\":\"https:\/\/skaitytaknyga.lt\/produktas\/likimai-2\/#primaryimage\",\"url\":\"https:\/\/skaitytaknyga.lt\/wp-content\/uploads\/2025\/01\/Sparnai-e1737808644302.webp\",\"contentUrl\":\"https:\/\/skaitytaknyga.lt\/wp-content\/uploads\/2025\/01\/Sparnai-e1737808644302.webp\",\"width\":347,\"height\":561,\"caption\":\"Sparnai\"},{\"@type\":\"BreadcrumbList\",\"@id\":\"https:\/\/skaitytaknyga.lt\/produktas\/likimai-2\/#breadcrumb\",\"itemListElement\":[{\"@type\":\"ListItem\",\"position\":1,\"name\":\"Home\",\"item\":\"https:\/\/skaitytaknyga.lt\/\"},{\"@type\":\"ListItem\",\"position\":2,\"name\":\"Parduotuv\u0117\",\"item\":\"https:\/\/skaitytaknyga.lt\/knygu-parduotuve\/\"},{\"@type\":\"ListItem\",\"position\":3,\"name\":\"Sparnai\"}]},{\"@type\":\"WebSite\",\"@id\":\"https:\/\/skaitytaknyga.lt\/#website\",\"url\":\"https:\/\/skaitytaknyga.lt\/\",\"name\":\"skaitytaknyga.lt\",\"description\":\"Skaitytaknyga.lt \u2013 tai ma\u017eas \u0161eimos verslas, kuris prasid\u0117jo nuo meil\u0117s knygoms ir siekio i\u0161gelb\u0117ti knygas nuo likimo prie konteinerio. Kas vienam nereikalingas daiktas \u2013 kitam lobis, o mes esame tarpininkai, kurie padeda abiems tapti laimingesniems ???? \u017dinome kaip nelengva i\u0161gyventi ma\u017eiems verslams, tad nuo \u0161iol, \u010dia rasite ir kit\u0173, ma\u017e\u0173 \u0161eim\u0173 versl\u0173, rank\u0173 darbo, dovan\u0173 sau ir artimiesiems.\",\"publisher\":{\"@id\":\"https:\/\/skaitytaknyga.lt\/#organization\"},\"potentialAction\":[{\"@type\":\"SearchAction\",\"target\":{\"@type\":\"EntryPoint\",\"urlTemplate\":\"https:\/\/skaitytaknyga.lt\/?s={search_term_string}\"},\"query-input\":{\"@type\":\"PropertyValueSpecification\",\"valueRequired\":true,\"valueName\":\"search_term_string\"}}],\"inLanguage\":\"en-GB\"},{\"@type\":\"Organization\",\"@id\":\"https:\/\/skaitytaknyga.lt\/#organization\",\"name\":\"skaitytaknyga.lt\",\"url\":\"https:\/\/skaitytaknyga.lt\/\",\"logo\":{\"@type\":\"ImageObject\",\"inLanguage\":\"en-GB\",\"@id\":\"https:\/\/skaitytaknyga.lt\/#\/schema\/logo\/image\/\",\"url\":\"https:\/\/skaitytaknyga.lt\/wp-content\/uploads\/2024\/05\/cropped-cropped-cropped-02_00843_jt3bggkj1j3HLc7SyY6rEUpg.jpeg\",\"contentUrl\":\"https:\/\/skaitytaknyga.lt\/wp-content\/uploads\/2024\/05\/cropped-cropped-cropped-02_00843_jt3bggkj1j3HLc7SyY6rEUpg.jpeg\",\"width\":1600,\"height\":1600,\"caption\":\"skaitytaknyga.lt\"},\"image\":{\"@id\":\"https:\/\/skaitytaknyga.lt\/#\/schema\/logo\/image\/\"},\"sameAs\":[\"https:\/\/www.facebook.com\/skaitytaknyga\/\"]}]}<\/script>\n<!-- \/ Yoast SEO plugin. -->","yoast_head_json":{"title":"Sparnai","description":"Lorel\u0117 stov\u0117jo tarsi u\u017eburta. Spoksojo \u012f tuos bly\u0161kius dalykus pla\u010diai atvertomis akimis. Jie atrod\u0117 siaubingai nuostab\u016bs \u2013 neapsakomai nuostab\u016bs. Lorel\u0117","robots":{"index":"index","follow":"follow","max-snippet":"max-snippet:-1","max-image-preview":"max-image-preview:large","max-video-preview":"max-video-preview:-1"},"canonical":"https:\/\/skaitytaknyga.lt\/en\/produktas\/likimai-2\/","og_locale":"en_GB","og_type":"article","og_title":"[:lt]Sparnai[:] - Skaitytaknyga","og_description":"Lorel\u0117 stov\u0117jo tarsi u\u017eburta. Spoksojo \u012f tuos bly\u0161kius dalykus pla\u010diai atvertomis akimis. Jie atrod\u0117 siaubingai nuostab\u016bs \u2013 neapsakomai nuostab\u016bs. Lorel\u0117","og_url":"https:\/\/skaitytaknyga.lt\/en\/produktas\/likimai-2\/","og_site_name":"Skaitytaknyga","article_publisher":"https:\/\/www.facebook.com\/skaitytaknyga\/","article_modified_time":"2026-03-18T10:31:44+00:00","og_image":[{"width":347,"height":561,"url":"https:\/\/skaitytaknyga.lt\/wp-content\/uploads\/2025\/01\/Sparnai-e1737808644302.webp","type":"image\/webp"}],"twitter_card":"summary_large_image","twitter_misc":{"Estimated reading time":"2 minutes"},"schema":{"@context":"https:\/\/schema.org","@graph":[{"@type":"WebPage","@id":"https:\/\/skaitytaknyga.lt\/produktas\/likimai-2\/","url":"https:\/\/skaitytaknyga.lt\/produktas\/likimai-2\/","name":"Sparnai","isPartOf":{"@id":"https:\/\/skaitytaknyga.lt\/#website"},"primaryImageOfPage":{"@id":"https:\/\/skaitytaknyga.lt\/produktas\/likimai-2\/#primaryimage"},"image":{"@id":"https:\/\/skaitytaknyga.lt\/produktas\/likimai-2\/#primaryimage"},"thumbnailUrl":"https:\/\/skaitytaknyga.lt\/wp-content\/uploads\/2025\/01\/Sparnai-e1737808644302.webp","datePublished":"2025-01-25T12:36:50+00:00","dateModified":"2026-03-18T10:31:44+00:00","description":"Lorel\u0117 stov\u0117jo tarsi u\u017eburta. Spoksojo \u012f tuos bly\u0161kius dalykus pla\u010diai atvertomis akimis. Jie atrod\u0117 siaubingai nuostab\u016bs \u2013 neapsakomai nuostab\u016bs. Lorel\u0117","breadcrumb":{"@id":"https:\/\/skaitytaknyga.lt\/produktas\/likimai-2\/#breadcrumb"},"inLanguage":"en-GB","potentialAction":[{"@type":"ReadAction","target":["https:\/\/skaitytaknyga.lt\/produktas\/likimai-2\/"]}]},{"@type":"ImageObject","inLanguage":"en-GB","@id":"https:\/\/skaitytaknyga.lt\/produktas\/likimai-2\/#primaryimage","url":"https:\/\/skaitytaknyga.lt\/wp-content\/uploads\/2025\/01\/Sparnai-e1737808644302.webp","contentUrl":"https:\/\/skaitytaknyga.lt\/wp-content\/uploads\/2025\/01\/Sparnai-e1737808644302.webp","width":347,"height":561,"caption":"Sparnai"},{"@type":"BreadcrumbList","@id":"https:\/\/skaitytaknyga.lt\/produktas\/likimai-2\/#breadcrumb","itemListElement":[{"@type":"ListItem","position":1,"name":"Home","item":"https:\/\/skaitytaknyga.lt\/"},{"@type":"ListItem","position":2,"name":"Parduotuv\u0117","item":"https:\/\/skaitytaknyga.lt\/knygu-parduotuve\/"},{"@type":"ListItem","position":3,"name":"Sparnai"}]},{"@type":"WebSite","@id":"https:\/\/skaitytaknyga.lt\/#website","url":"https:\/\/skaitytaknyga.lt\/","name":"skaitytaknyga.lt","description":"Skaitytaknyga.lt \u2013 tai ma\u017eas \u0161eimos verslas, kuris prasid\u0117jo nuo meil\u0117s knygoms ir siekio i\u0161gelb\u0117ti knygas nuo likimo prie konteinerio. Kas vienam nereikalingas daiktas \u2013 kitam lobis, o mes esame tarpininkai, kurie padeda abiems tapti laimingesniems ???? \u017dinome kaip nelengva i\u0161gyventi ma\u017eiems verslams, tad nuo \u0161iol, \u010dia rasite ir kit\u0173, ma\u017e\u0173 \u0161eim\u0173 versl\u0173, rank\u0173 darbo, dovan\u0173 sau ir artimiesiems.","publisher":{"@id":"https:\/\/skaitytaknyga.lt\/#organization"},"potentialAction":[{"@type":"SearchAction","target":{"@type":"EntryPoint","urlTemplate":"https:\/\/skaitytaknyga.lt\/?s={search_term_string}"},"query-input":{"@type":"PropertyValueSpecification","valueRequired":true,"valueName":"search_term_string"}}],"inLanguage":"en-GB"},{"@type":"Organization","@id":"https:\/\/skaitytaknyga.lt\/#organization","name":"skaitytaknyga.lt","url":"https:\/\/skaitytaknyga.lt\/","logo":{"@type":"ImageObject","inLanguage":"en-GB","@id":"https:\/\/skaitytaknyga.lt\/#\/schema\/logo\/image\/","url":"https:\/\/skaitytaknyga.lt\/wp-content\/uploads\/2024\/05\/cropped-cropped-cropped-02_00843_jt3bggkj1j3HLc7SyY6rEUpg.jpeg","contentUrl":"https:\/\/skaitytaknyga.lt\/wp-content\/uploads\/2024\/05\/cropped-cropped-cropped-02_00843_jt3bggkj1j3HLc7SyY6rEUpg.jpeg","width":1600,"height":1600,"caption":"skaitytaknyga.lt"},"image":{"@id":"https:\/\/skaitytaknyga.lt\/#\/schema\/logo\/image\/"},"sameAs":["https:\/\/www.facebook.com\/skaitytaknyga\/"]}]}},"_links":{"self":[{"href":"https:\/\/skaitytaknyga.lt\/en\/wp-json\/wp\/v2\/product\/16050","targetHints":{"allow":["GET"]}}],"collection":[{"href":"https:\/\/skaitytaknyga.lt\/en\/wp-json\/wp\/v2\/product"}],"about":[{"href":"https:\/\/skaitytaknyga.lt\/en\/wp-json\/wp\/v2\/types\/product"}],"replies":[{"embeddable":true,"href":"https:\/\/skaitytaknyga.lt\/en\/wp-json\/wp\/v2\/comments?post=16050"}],"wp:featuredmedia":[{"embeddable":true,"href":"https:\/\/skaitytaknyga.lt\/en\/wp-json\/wp\/v2\/media\/16051"}],"wp:attachment":[{"href":"https:\/\/skaitytaknyga.lt\/en\/wp-json\/wp\/v2\/media?parent=16050"}],"wp:term":[{"taxonomy":"product_brand","embeddable":true,"href":"https:\/\/skaitytaknyga.lt\/en\/wp-json\/wp\/v2\/product_brand?post=16050"},{"taxonomy":"product_cat","embeddable":true,"href":"https:\/\/skaitytaknyga.lt\/en\/wp-json\/wp\/v2\/product_cat?post=16050"},{"taxonomy":"product_tag","embeddable":true,"href":"https:\/\/skaitytaknyga.lt\/en\/wp-json\/wp\/v2\/product_tag?post=16050"}],"curies":[{"name":"wp","href":"https:\/\/api.w.org\/{rel}","templated":true}]}}